{"id":10098,"date":"2024-05-14T11:35:23","date_gmt":"2024-05-14T11:35:23","guid":{"rendered":"https:\/\/www.holtsauto.com\/sample-page\/"},"modified":"2025-11-07T11:05:58","modified_gmt":"2025-11-07T11:05:58","slug":"sample-page","status":"publish","type":"page","link":"https:\/\/www.holtsauto.com\/de\/","title":{"rendered":"Home"},"content":{"rendered":"\n\n\n  <section class=\"popular-products-section container-fluid max-w-2k mx-auto\">\n    <div class=\"row\">\n\n              <h3 class=\"section-title\">Ausgew\u00e4hlte Produkte<\/h3>\n      \n\n      <section id=\"popular-products-slider\" class=\"splide\">\n\n        <div class=\"splide__track\">\n          <ul class=\"splide__list popular-products\">\n            \n              <li class=\"splide__slide product product-slide\">\n                <div class=\"inner\">\n                                    <div class=\"product__image\">\n                    <img decoding=\"async\" width=\"1024\" height=\"1024\" src=\"https:\/\/www.holtsauto.com\/wp-content\/uploads\/2021\/07\/PAFR0057B-DEKRA-CON-1L-1024x1024.png\" class=\"attachment-large size-large wp-post-image\" alt=\"\" srcset=\"https:\/\/www.holtsauto.com\/wp-content\/uploads\/2021\/07\/PAFR0057B-DEKRA-CON-1L-1024x1024.png 1024w, https:\/\/www.holtsauto.com\/wp-content\/uploads\/2021\/07\/PAFR0057B-DEKRA-CON-1L-300x300.png 300w, https:\/\/www.holtsauto.com\/wp-content\/uploads\/2021\/07\/PAFR0057B-DEKRA-CON-1L-150x150.png 150w, https:\/\/www.holtsauto.com\/wp-content\/uploads\/2021\/07\/PAFR0057B-DEKRA-CON-1L-768x768.png 768w, https:\/\/www.holtsauto.com\/wp-content\/uploads\/2021\/07\/PAFR0057B-DEKRA-CON-1L-1536x1536.png 1536w, https:\/\/www.holtsauto.com\/wp-content\/uploads\/2021\/07\/PAFR0057B-DEKRA-CON-1L-600x600.png 600w, https:\/\/www.holtsauto.com\/wp-content\/uploads\/2021\/07\/PAFR0057B-DEKRA-CON-1L-100x100.png 100w, https:\/\/www.holtsauto.com\/wp-content\/uploads\/2021\/07\/PAFR0057B-DEKRA-CON-1L-648x648.png 648w, https:\/\/www.holtsauto.com\/wp-content\/uploads\/2021\/07\/PAFR0057B-DEKRA-CON-1L-720x720.png 720w, https:\/\/www.holtsauto.com\/wp-content\/uploads\/2021\/07\/PAFR0057B-DEKRA-CON-1L-1080x1080.png 1080w, https:\/\/www.holtsauto.com\/wp-content\/uploads\/2021\/07\/PAFR0057B-DEKRA-CON-1L.png 2000w\" sizes=\"(max-width: 1024px) 100vw, 1024px\" \/>                  <\/div>\n                  <h3 class=\"product__title\">Prestone K\u00fchlerschutz<\/h3>\n                                                        <div class=\"cs_button_placeholder\"><\/div>\n                                    <a href=\"https:\/\/www.holtsauto.com\/de\/produkte\/kuhlerschutz\/prestone-kuehlerschutz\/\" class=\"product__button cta -outline -clear -black\">Produkt anzeigen<\/a>\n                <\/div><!-- .inner -->\n              <\/li>\n\n            \n              <li class=\"splide__slide product product-slide\">\n                <div class=\"inner\">\n                                    <div class=\"product__image\">\n                    <img decoding=\"async\" width=\"1024\" height=\"1024\" src=\"https:\/\/www.holtsauto.com\/wp-content\/uploads\/2017\/07\/COMMAND-20L-1024x1024.png\" class=\"attachment-large size-large wp-post-image\" alt=\"\" srcset=\"https:\/\/www.holtsauto.com\/wp-content\/uploads\/2017\/07\/COMMAND-20L-1024x1024.png 1024w, https:\/\/www.holtsauto.com\/wp-content\/uploads\/2017\/07\/COMMAND-20L-300x300.png 300w, https:\/\/www.holtsauto.com\/wp-content\/uploads\/2017\/07\/COMMAND-20L-150x150.png 150w, https:\/\/www.holtsauto.com\/wp-content\/uploads\/2017\/07\/COMMAND-20L-768x768.png 768w, https:\/\/www.holtsauto.com\/wp-content\/uploads\/2017\/07\/COMMAND-20L-1536x1536.png 1536w, https:\/\/www.holtsauto.com\/wp-content\/uploads\/2017\/07\/COMMAND-20L-600x600.png 600w, https:\/\/www.holtsauto.com\/wp-content\/uploads\/2017\/07\/COMMAND-20L-100x100.png 100w, https:\/\/www.holtsauto.com\/wp-content\/uploads\/2017\/07\/COMMAND-20L-648x648.png 648w, https:\/\/www.holtsauto.com\/wp-content\/uploads\/2017\/07\/COMMAND-20L-720x720.png 720w, https:\/\/www.holtsauto.com\/wp-content\/uploads\/2017\/07\/COMMAND-20L-1080x1080.png 1080w, https:\/\/www.holtsauto.com\/wp-content\/uploads\/2017\/07\/COMMAND-20L.png 2000w\" sizes=\"(max-width: 1024px) 100vw, 1024px\" \/>                  <\/div>\n                  <h3 class=\"product__title\">Prestone K\u00fchlerschutzmittel f\u00fcr Schwere Nutzfahrzeuge<\/h3>\n                                                        <div class=\"cs_button_placeholder\"><\/div>\n                                    <a href=\"https:\/\/www.holtsauto.com\/de\/produkte\/kuehlmittel-fuer-nutzfahrzeuge\/prestone-command\/\" class=\"product__button cta -outline -clear -black\">Produkt anzeigen<\/a>\n                <\/div><!-- .inner -->\n              <\/li>\n\n            \n              <li class=\"splide__slide product product-slide\">\n                <div class=\"inner\">\n                                    <div class=\"product__image\">\n                    <img decoding=\"async\" width=\"1024\" height=\"1024\" src=\"https:\/\/www.holtsauto.com\/wp-content\/uploads\/2024\/06\/PAFR0601A_Prestone-Coolant-RTU-1L_GBESITRURO_WEB-1024x1024.png\" class=\"attachment-large size-large wp-post-image\" alt=\"Prestone K\u00fchlsystemsp\u00fclung main Holts DE\" srcset=\"https:\/\/www.holtsauto.com\/wp-content\/uploads\/2024\/06\/PAFR0601A_Prestone-Coolant-RTU-1L_GBESITRURO_WEB-1024x1024.png 1024w, https:\/\/www.holtsauto.com\/wp-content\/uploads\/2024\/06\/PAFR0601A_Prestone-Coolant-RTU-1L_GBESITRURO_WEB-300x300.png 300w, https:\/\/www.holtsauto.com\/wp-content\/uploads\/2024\/06\/PAFR0601A_Prestone-Coolant-RTU-1L_GBESITRURO_WEB-100x100.png 100w, https:\/\/www.holtsauto.com\/wp-content\/uploads\/2024\/06\/PAFR0601A_Prestone-Coolant-RTU-1L_GBESITRURO_WEB-600x600.png 600w, https:\/\/www.holtsauto.com\/wp-content\/uploads\/2024\/06\/PAFR0601A_Prestone-Coolant-RTU-1L_GBESITRURO_WEB-150x150.png 150w, https:\/\/www.holtsauto.com\/wp-content\/uploads\/2024\/06\/PAFR0601A_Prestone-Coolant-RTU-1L_GBESITRURO_WEB-768x768.png 768w, https:\/\/www.holtsauto.com\/wp-content\/uploads\/2024\/06\/PAFR0601A_Prestone-Coolant-RTU-1L_GBESITRURO_WEB-1536x1536.png 1536w, https:\/\/www.holtsauto.com\/wp-content\/uploads\/2024\/06\/PAFR0601A_Prestone-Coolant-RTU-1L_GBESITRURO_WEB-648x648.png 648w, https:\/\/www.holtsauto.com\/wp-content\/uploads\/2024\/06\/PAFR0601A_Prestone-Coolant-RTU-1L_GBESITRURO_WEB-720x720.png 720w, https:\/\/www.holtsauto.com\/wp-content\/uploads\/2024\/06\/PAFR0601A_Prestone-Coolant-RTU-1L_GBESITRURO_WEB-1080x1080.png 1080w, https:\/\/www.holtsauto.com\/wp-content\/uploads\/2024\/06\/PAFR0601A_Prestone-Coolant-RTU-1L_GBESITRURO_WEB.png 2000w\" sizes=\"(max-width: 1024px) 100vw, 1024px\" \/>                  <\/div>\n                  <h3 class=\"product__title\">Prestone K\u00fchlsystemsp\u00fclung<\/h3>\n                                                        <div class=\"cs_button_placeholder\"><\/div>\n                                    <a href=\"https:\/\/www.holtsauto.com\/de\/produkte\/kuehlmittel-fuer-nutzfahrzeuge\/prestone-kuehlsystemspuelung\/\" class=\"product__button cta -outline -clear -black\">Produkt anzeigen<\/a>\n                <\/div><!-- .inner -->\n              <\/li>\n\n            \n              <li class=\"splide__slide product product-slide\">\n                <div class=\"inner\">\n                                    <div class=\"product__image\">\n                    <img decoding=\"async\" width=\"1024\" height=\"1024\" src=\"https:\/\/www.holtsauto.com\/wp-content\/uploads\/2024\/08\/52460600131_Holts-Pro-Brake-Cleaner-600ml-Web-1024x1024.png\" class=\"attachment-large size-large wp-post-image\" alt=\"holts brake cleaner 600ml\" srcset=\"https:\/\/www.holtsauto.com\/wp-content\/uploads\/2024\/08\/52460600131_Holts-Pro-Brake-Cleaner-600ml-Web-1024x1024.png 1024w, https:\/\/www.holtsauto.com\/wp-content\/uploads\/2024\/08\/52460600131_Holts-Pro-Brake-Cleaner-600ml-Web-300x300.png 300w, https:\/\/www.holtsauto.com\/wp-content\/uploads\/2024\/08\/52460600131_Holts-Pro-Brake-Cleaner-600ml-Web-150x150.png 150w, https:\/\/www.holtsauto.com\/wp-content\/uploads\/2024\/08\/52460600131_Holts-Pro-Brake-Cleaner-600ml-Web-768x768.png 768w, https:\/\/www.holtsauto.com\/wp-content\/uploads\/2024\/08\/52460600131_Holts-Pro-Brake-Cleaner-600ml-Web-1536x1536.png 1536w, https:\/\/www.holtsauto.com\/wp-content\/uploads\/2024\/08\/52460600131_Holts-Pro-Brake-Cleaner-600ml-Web-600x600.png 600w, https:\/\/www.holtsauto.com\/wp-content\/uploads\/2024\/08\/52460600131_Holts-Pro-Brake-Cleaner-600ml-Web-100x100.png 100w, https:\/\/www.holtsauto.com\/wp-content\/uploads\/2024\/08\/52460600131_Holts-Pro-Brake-Cleaner-600ml-Web-648x648.png 648w, https:\/\/www.holtsauto.com\/wp-content\/uploads\/2024\/08\/52460600131_Holts-Pro-Brake-Cleaner-600ml-Web-720x720.png 720w, https:\/\/www.holtsauto.com\/wp-content\/uploads\/2024\/08\/52460600131_Holts-Pro-Brake-Cleaner-600ml-Web-1080x1080.png 1080w, https:\/\/www.holtsauto.com\/wp-content\/uploads\/2024\/08\/52460600131_Holts-Pro-Brake-Cleaner-600ml-Web.png 2000w\" sizes=\"(max-width: 1024px) 100vw, 1024px\" \/>                  <\/div>\n                  <h3 class=\"product__title\">Bremsenreiniger<\/h3>\n                                                        <div class=\"cs_button_placeholder\"><\/div>\n                                    <a href=\"https:\/\/www.holtsauto.com\/de\/produkte\/technische-sprays\/bremsenreiniger\/\" class=\"product__button cta -outline -clear -black\">Produkt anzeigen<\/a>\n                <\/div><!-- .inner -->\n              <\/li>\n\n                      <\/ul>\n        <\/div><!-- .splide-track -->\n        <div class=\"splide-custom-pagination\"><\/div>\n        <!-- <ul class=\"splide__pagination popular-products-slider__pagination\"><\/ul> -->\n\n      <\/section><!-- #popular-products-slider -->\n\n\n    <\/div><!-- row -->\n  <\/section>\n\n\n\n  <section class=\"product-explorer-section container-fluid\">\n    <div class=\"row\">\n\n              <h3 class=\"section-title\"> ENTDECKEN SIE DAS PODUKT-SORTIMENT VON HOLTS<\/h3>\n      \n      \n\n      <div class=\"product-explorer-section__intro\">\n\n        <div class=\"product-explorer-intro\">\n                      <h2 class=\"product-explorer-title\">ENTDECKEN SIE DAS PODUKT-SORTIMENT VON HOLTS<\/h2>\n                  <\/div>\n\n        <div class=\"product-explorer-select\">\n          <label for=\"product-explorer\">Produktkategorie ausw\u00e4hlen<\/label>\n          <select name=\"product-explorer\" id=\"product-explorer\" data-initial-category-id=\"380\">\n                          <option value=\" 380\">Reifen Pilot<\/option>\n                          <option value=\" 379\">Start Pilot<\/option>\n                          <option value=\" 383\">Auspuff Reparatur<\/option>\n                          <option value=\" 387\">K\u00fchler Dicht<\/option>\n                          <option value=\" 381\">K\u00fchlerschutz<\/option>\n                          <option value=\" 382\">K\u00fchlmittel f\u00fcr Nutzfahrzeuge<\/option>\n                          <option value=\" 388\">Technische Sprays<\/option>\n                      <\/select>\n        <\/div>\n\n      <\/div>\n\n      <div class=\"product-explorer-desktop-wrapper\">\n        <div class=\"product-explorer-section__categories\">\n          <ul class=\"product-explorer-categories\">\n                          <li id=\"380\" class=\"product-explorer-category active\">Reifen Pilot<\/li>\n                                        <li id=\"379\" class=\"product-explorer-category \">Start Pilot<\/li>\n                                        <li id=\"383\" class=\"product-explorer-category \">Auspuff Reparatur<\/li>\n                                        <li id=\"387\" class=\"product-explorer-category \">K\u00fchler Dicht<\/li>\n                                        <li id=\"381\" class=\"product-explorer-category \">K\u00fchlerschutz<\/li>\n                                        <li id=\"382\" class=\"product-explorer-category \">K\u00fchlmittel f\u00fcr Nutzfahrzeuge<\/li>\n                                        <li id=\"388\" class=\"product-explorer-category \">Technische Sprays<\/li>\n                                    <\/ul>\n        <\/div>\n\n        <div class=\"product-explorer-desktop\">\n\n          <div class=\"product-explorer-desktop-intro\"  style=\"background-image: linear-gradient(rgba(0, 0, 0, 0.6), rgba(0, 0, 0, 0.6)), url('https:\/\/www.holtsauto.com\/wp-content\/uploads\/2024\/06\/iStock-1336684164-1.png');\" >\n                                      <a target=\"\" href=\"https:\/\/www.holtsauto.com\/de\/produkte\/\" class=\"product-explorer-desktop-intro__cta cta -plain -primary -clear\">Alle ansehen <\/a>\n                      <\/div>\n          <div id=\"product-explorer-results\" class=\"product-explorer-section__results\">\n          <\/div>\n\n        <\/div>\n\n      <\/div>\n\n\n\n\n    <\/div>\n\n  <\/section>\n\n\n\n\n\n<section class=\"promotion-banner-full-width container-fluid right\" style=\"background-image: url(https:\/\/www.holtsauto.com\/wp-content\/uploads\/2025\/11\/AW01070-v1_Holts-Pro-Range-Assets_1200-x-630A-min.jpg)\">\n    <div class=\"inner right\">\n                    <h4 class=\"bm__h4\">Technische Sprays<\/h4>\n                            <h2 class=\"bm__h2\">Sorgen Sie mit Holts Technische Sprays daf\u00fcr, dass alles reibungslos l\u00e4uft.<\/h2>\n                <a href=\"https:\/\/www.holtsauto.com\/de\/produkte\/technische-sprays\/\" class=\"cta -text\" >Produkte ansehen<\/a>    <\/div>\n<\/section>\n\n\n<div style=\"height:16px\" aria-hidden=\"true\" class=\"wp-block-spacer\"><\/div>\n\n\n\n<section class=\"promotion-banner-full-width container-fluid left\" style=\"background-image: url(https:\/\/www.holtsauto.com\/wp-content\/uploads\/2025\/10\/breakdown.jpg)\">\n    <div class=\"inner left\">\n                    <h4 class=\"bm__h4\">Reifen Pilot<\/h4>\n                            <h2 class=\"bm__h2\">In wenigen Minuten wieder auf der Stra\u00dfe<\/h2>\n                <a href=\"https:\/\/www.holtsauto.com\/de\/produkte\/reifen-pilot\/reifen-pilot\/\" class=\"cta -text\" >Produkt anzeigen<\/a>    <\/div>\n<\/section>\n\n\n<div style=\"height:16px\" aria-hidden=\"true\" class=\"wp-block-spacer\"><\/div>\n\n\n\n<div class=\"wp-block-columns is-layout-flex wp-container-core-columns-is-layout-9d6595d7 wp-block-columns-is-layout-flex\">\n<div class=\"wp-block-column is-layout-flow wp-block-column-is-layout-flow\" style=\"flex-basis:100%\">\n<div class=\"wp-block-group\"><div class=\"wp-block-group__inner-container is-layout-constrained wp-block-group-is-layout-constrained\">\n<section class=\"promotion-banner-half-width container-fluid -right\">\n    <div class=\"inner\">\n        <div class=\"column -text\">\n                            <h4 class=\"bm__h4\">K\u00fchlmittel f\u00fcr Nutzfahrzeuge<\/h4>\n                                        <h2 class=\"bm__h2\">Hochleistungsk\u00fchlmittel\/Frostschutzmittel bieten Schutz f\u00fcr Nutzfahrzeuge<\/h2>\n                        <a href=\"https:\/\/www.holtsauto.com\/de\/produkte\/kuehlmittel-fuer-nutzfahrzeuge\/prestone-command\/\" class=\"cta -text\" >PRODUKT ANZEIGEN<\/a>        <\/div>\n        <div class=\"column -image\">\n        <img decoding=\"async\" src=\"https:\/\/www.holtsauto.com\/wp-content\/uploads\/2024\/08\/commercial-kuhl-de-min.jpg\" class=\"\" alt=\"K\u00fchlerschutz DE Comm\" title=\"commercial kuhl de-min\" \/>        <\/div>\n    <\/div>\n<\/section><\/div><\/div>\n<\/div>\n<\/div>\n\n\n\n<div style=\"height:16px\" aria-hidden=\"true\" class=\"wp-block-spacer\"><\/div>\n\n\n\n<section class=\"promotion-banner-half-width container-fluid -left\">\n    <div class=\"inner\">\n        <div class=\"column -text\">\n                            <h4 class=\"bm__h4\">Prestone K\u00fchlerschutz<\/h4>\n                                        <h2 class=\"bm__h2\">Der leistungsstarke K\u00fchlerschutz f\u00fcr alle Marken und Modelle<\/h2>\n                        <a href=\"https:\/\/www.holtsauto.com\/de\/produkte\/kuhlerschutz\/prestone-kuehlerschutz\/\" class=\"cta -text\" >Produkt anzeigen<\/a>        <\/div>\n        <div class=\"column -image\">\n        <img decoding=\"async\" src=\"https:\/\/www.holtsauto.com\/wp-content\/uploads\/2025\/07\/Prestone-Kuhlerschutz-DE.jpg\" class=\"\" alt=\"Prestone K\u00fchlerschutz DE Holts\" title=\"Prestone K\u00fchlerschutz DE\" \/>        <\/div>\n    <\/div>\n<\/section>\n\n\n<div style=\"height:16px\" aria-hidden=\"true\" class=\"wp-block-spacer\"><\/div>\n\n\n\n<section  class=\"dual-section container-fluid max-w-xl bg_white mx-sm my-sm px-sm py-sm\">\n    <div class=\"container\">\n        <div class=\"row align-items-sm-start align-items-md-center\">\n                        <div class=\"col-lg-6 order-2 order-lg-1 pe-lg-4\">\n                                                            <\/div>\n            \n                    <\/div>\n    <\/div>  \n<\/section>\n\n\n\n\n\n\n<section class=\"product-tester-section\">\n\n  <div class=\"row\">\n\n    \n    <div class=\"product-tester\">\n\n      <div class=\"product-tester-first\">\n                  <h3 class=\"product-tester__title\">WERDEN SIE HOLTS-PRODUKTTESTER<\/h3>\n        \n                  <img decoding=\"async\" class=\"product-tester__image product-tester__image--desktop\" src=\"https:\/\/www.holtsauto.com\/wp-content\/uploads\/2024\/05\/Asset-1-1-2.png\" alt=\"\" \/>\n        \n                  <img decoding=\"async\" class=\"product-tester__image product-tester__image--mobile product-tester__image--mobile-second-column\" src=\"https:\/\/www.holtsauto.com\/wp-content\/uploads\/2024\/06\/Asset-1-1-4.png\" alt=\"\" \/>\n        \n      <\/div>\n\n      <div class=\"product-tester-second\">\n        \n          <p class=\"product-tester__desc\">Bei Holts entwickeln wir st\u00e4ndig neue und verbesserte Produkte, damit unsere Kunden unterwegs sind und ihre Fahrzeuge immer gut aussehen. Im Rahmen dieser Verpflichtung suchen wir regelm\u00e4\u00dfig Produkttester in der Praxis auf, um unsere Neuentwicklungen vor der Markteinf\u00fchrung zu testen.\r\n\r\nHier kommen Sie ins Spiel.<\/p>\n\n        \n                  <a class=\"cta -plain -primary -clear product-tester__button\" href=\"https:\/\/www.holtsauto.com\/contact\/\" target=\"\"> Jetzt registrieren <\/a>\n        \n                  <img decoding=\"async\" class=\"product-tester__image product-tester__image--mobile\" src=\"https:\/\/www.holtsauto.com\/wp-content\/uploads\/2024\/06\/Asset-1-1-4.png\" alt=\"\" \/>\n        \n      <\/div>\n\n    <\/div>\n\n  <\/div>\n\n<\/section>","protected":false},"excerpt":{"rendered":"","protected":false},"author":1,"featured_media":0,"parent":0,"menu_order":0,"comment_status":"closed","ping_status":"open","template":"","meta":{"_acf_changed":true,"inline_featured_image":false,"footnotes":""},"class_list":["post-10098","page","type-page","status-publish","hentry"],"acf":[],"yoast_head":"<!-- This site is optimized with the Yoast SEO plugin v27.3 - https:\/\/yoast.com\/product\/yoast-seo-wordpress\/ -->\n<title>Holts DE | Autowartungs- und Reparaturprodukte<\/title>\n<meta name=\"description\" content=\"Wir von Holts haben ein Sortiment an Reparatur-, Wartungs- und Lackprodukten f\u00fcr Profis entwickelt, die Ihre Probleme l\u00f6sen.\" \/>\n<meta name=\"robots\" content=\"index, follow, max-snippet:-1, max-image-preview:large, max-video-preview:-1\" \/>\n<link rel=\"canonical\" href=\"https:\/\/www.holtsauto.com\/de\/\" \/>\n<meta property=\"og:locale\" content=\"de_DE\" \/>\n<meta property=\"og:type\" content=\"article\" \/>\n<meta property=\"og:title\" content=\"Holts DE | Autowartungs- und Reparaturprodukte\" \/>\n<meta property=\"og:description\" content=\"Wir von Holts haben ein Sortiment an Reparatur-, Wartungs- und Lackprodukten f\u00fcr Profis entwickelt, die Ihre Probleme l\u00f6sen.\" \/>\n<meta property=\"og:url\" content=\"https:\/\/www.holtsauto.com\/de\/\" \/>\n<meta property=\"og:site_name\" content=\"Holts Auto Site\" \/>\n<meta property=\"article:modified_time\" content=\"2025-11-07T11:05:58+00:00\" \/>\n<meta name=\"twitter:card\" content=\"summary_large_image\" \/>\n<script type=\"application\/ld+json\" class=\"yoast-schema-graph\">{\"@context\":\"https:\\\/\\\/schema.org\",\"@graph\":[{\"@type\":\"WebPage\",\"@id\":\"https:\\\/\\\/www.holtsauto.com\\\/de\\\/\",\"url\":\"https:\\\/\\\/www.holtsauto.com\\\/de\\\/\",\"name\":\"Holts DE | Autowartungs- und Reparaturprodukte\",\"isPartOf\":{\"@id\":\"https:\\\/\\\/www.holtsauto.com\\\/de\\\/#website\"},\"datePublished\":\"2024-05-14T11:35:23+00:00\",\"dateModified\":\"2025-11-07T11:05:58+00:00\",\"description\":\"Wir von Holts haben ein Sortiment an Reparatur-, Wartungs- und Lackprodukten f\u00fcr Profis entwickelt, die Ihre Probleme l\u00f6sen.\",\"breadcrumb\":{\"@id\":\"https:\\\/\\\/www.holtsauto.com\\\/de\\\/#breadcrumb\"},\"inLanguage\":\"de-DE\",\"potentialAction\":[{\"@type\":\"ReadAction\",\"target\":[\"https:\\\/\\\/www.holtsauto.com\\\/de\\\/\"]}]},{\"@type\":\"BreadcrumbList\",\"@id\":\"https:\\\/\\\/www.holtsauto.com\\\/de\\\/#breadcrumb\",\"itemListElement\":[{\"@type\":\"ListItem\",\"position\":1,\"name\":\"Home\",\"item\":\"https:\\\/\\\/www.holtsauto.com\\\/de\\\/\"},{\"@type\":\"ListItem\",\"position\":2,\"name\":\"Home\"}]},{\"@type\":\"WebSite\",\"@id\":\"https:\\\/\\\/www.holtsauto.com\\\/de\\\/#website\",\"url\":\"https:\\\/\\\/www.holtsauto.com\\\/de\\\/\",\"name\":\"Holts Auto\",\"description\":\"\",\"potentialAction\":[{\"@type\":\"SearchAction\",\"target\":{\"@type\":\"EntryPoint\",\"urlTemplate\":\"https:\\\/\\\/www.holtsauto.com\\\/de\\\/?s={search_term_string}\"},\"query-input\":{\"@type\":\"PropertyValueSpecification\",\"valueRequired\":true,\"valueName\":\"search_term_string\"}}],\"inLanguage\":\"de-DE\"}]}<\/script>\n<!-- \/ Yoast SEO plugin. -->","yoast_head_json":{"title":"Holts DE | Autowartungs- und Reparaturprodukte","description":"Wir von Holts haben ein Sortiment an Reparatur-, Wartungs- und Lackprodukten f\u00fcr Profis entwickelt, die Ihre Probleme l\u00f6sen.","robots":{"index":"index","follow":"follow","max-snippet":"max-snippet:-1","max-image-preview":"max-image-preview:large","max-video-preview":"max-video-preview:-1"},"canonical":"https:\/\/www.holtsauto.com\/de\/","og_locale":"de_DE","og_type":"article","og_title":"Holts DE | Autowartungs- und Reparaturprodukte","og_description":"Wir von Holts haben ein Sortiment an Reparatur-, Wartungs- und Lackprodukten f\u00fcr Profis entwickelt, die Ihre Probleme l\u00f6sen.","og_url":"https:\/\/www.holtsauto.com\/de\/","og_site_name":"Holts Auto Site","article_modified_time":"2025-11-07T11:05:58+00:00","twitter_card":"summary_large_image","schema":{"@context":"https:\/\/schema.org","@graph":[{"@type":"WebPage","@id":"https:\/\/www.holtsauto.com\/de\/","url":"https:\/\/www.holtsauto.com\/de\/","name":"Holts DE | Autowartungs- und Reparaturprodukte","isPartOf":{"@id":"https:\/\/www.holtsauto.com\/de\/#website"},"datePublished":"2024-05-14T11:35:23+00:00","dateModified":"2025-11-07T11:05:58+00:00","description":"Wir von Holts haben ein Sortiment an Reparatur-, Wartungs- und Lackprodukten f\u00fcr Profis entwickelt, die Ihre Probleme l\u00f6sen.","breadcrumb":{"@id":"https:\/\/www.holtsauto.com\/de\/#breadcrumb"},"inLanguage":"de-DE","potentialAction":[{"@type":"ReadAction","target":["https:\/\/www.holtsauto.com\/de\/"]}]},{"@type":"BreadcrumbList","@id":"https:\/\/www.holtsauto.com\/de\/#breadcrumb","itemListElement":[{"@type":"ListItem","position":1,"name":"Home","item":"https:\/\/www.holtsauto.com\/de\/"},{"@type":"ListItem","position":2,"name":"Home"}]},{"@type":"WebSite","@id":"https:\/\/www.holtsauto.com\/de\/#website","url":"https:\/\/www.holtsauto.com\/de\/","name":"Holts Auto","description":"","potentialAction":[{"@type":"SearchAction","target":{"@type":"EntryPoint","urlTemplate":"https:\/\/www.holtsauto.com\/de\/?s={search_term_string}"},"query-input":{"@type":"PropertyValueSpecification","valueRequired":true,"valueName":"search_term_string"}}],"inLanguage":"de-DE"}]}},"_links":{"self":[{"href":"https:\/\/www.holtsauto.com\/de\/wp-json\/wp\/v2\/pages\/10098","targetHints":{"allow":["GET"]}}],"collection":[{"href":"https:\/\/www.holtsauto.com\/de\/wp-json\/wp\/v2\/pages"}],"about":[{"href":"https:\/\/www.holtsauto.com\/de\/wp-json\/wp\/v2\/types\/page"}],"author":[{"embeddable":true,"href":"https:\/\/www.holtsauto.com\/de\/wp-json\/wp\/v2\/users\/1"}],"replies":[{"embeddable":true,"href":"https:\/\/www.holtsauto.com\/de\/wp-json\/wp\/v2\/comments?post=10098"}],"version-history":[{"count":0,"href":"https:\/\/www.holtsauto.com\/de\/wp-json\/wp\/v2\/pages\/10098\/revisions"}],"wp:attachment":[{"href":"https:\/\/www.holtsauto.com\/de\/wp-json\/wp\/v2\/media?parent=10098"}],"curies":[{"name":"wp","href":"https:\/\/api.w.org\/{rel}","templated":true}]}}