{"id":10795,"date":"2017-07-26T11:34:25","date_gmt":"2017-07-26T11:34:25","guid":{"rendered":"https:\/\/www.holtsauto.com\/de\/?post_type=product&#038;p=381"},"modified":"2025-02-06T11:36:18","modified_gmt":"2025-02-06T11:36:18","slug":"speedflush-kuehler-rein","status":"publish","type":"product","link":"https:\/\/www.holtsauto.com\/de\/produkte\/kuehler-dicht\/speedflush-kuehler-rein\/","title":{"rendered":"Speedflush K\u00fchlsystemreiniger"},"content":{"rendered":"<p><span style=\"font-weight: 400;\">Das Aussp\u00fclen sch\u00e4dlicher Ablagerungen und Ablagerungen verhindert eine \u00dcberhitzung und verl\u00e4ngert die Lebensdauer Ihres Fahrzeugs.<\/span><\/p>\n<p><span style=\"font-weight: 400;\">Holts Speedflush ist ein K\u00fchlsystemreiniger, der den K\u00fchler und das K\u00fchlsystem schnell reinigt.<\/span><\/p>\n<p><span style=\"font-weight: 400;\">Holts Speedflush kann bei jedem Motor verwendet werden, um Kalkablagerungen und Ablagerungen zu entfernen, die dann mit Frostschutzmittel\/K\u00fchlmittel gef\u00fcllt werden k\u00f6nnen. Die spezielle Formulierung erm\u00f6glicht die Reinigung von Wasserkan\u00e4len und ist sicher f\u00fcr die Verwendung mit Metall- und Gummischl\u00e4uchen.<\/span><\/p>\n<p><span style=\"font-weight: 400;\">Im Laufe der Zeit k\u00f6nnen sich Rost, Zunder, Schlamm und Ablagerungen im Inneren des K\u00fchlsystems Ihres Motors ansammeln, was dazu f\u00fchrt, dass es nicht mehr effizient arbeitet und zu verstopften Kan\u00e4len f\u00fchren kann.<\/span><\/p>\n<p><span style=\"font-weight: 400;\">In extremen Situationen kann Ihr Fahrzeug im Winter \u00fcberhitzen oder einfrieren, mit fatalen Folgen f\u00fcr Ihren Motor.<\/span><\/p>\n<p><span style=\"font-weight: 400;\">Sparen Sie sich angesichts der steigenden Kosten f\u00fcr Autoersatzteile mit der Speedflush-K\u00fchlersp\u00fclung das Geld und die M\u00fche, Ihr Auto in die Werkstatt zu bringen. Wir haben unser technisches Know-how genutzt, um Ihnen Zeit und Geld zu sparen.<\/span><\/p>\n<p><span style=\"font-weight: 400;\">Reinigen Sie noch heute den K\u00fchler und das K\u00fchlsystem Ihres Motors mit Holts Speedflush.<\/span><\/p>\n","protected":false},"excerpt":{"rendered":"<p><span style=\"font-weight: 400;\">Holts Speedflush ist ein K\u00fchlsystemreiniger, der den K\u00fchler und das K\u00fchlsystem schnell reinigt.<\/span><\/p>\n<ul>\n<li><span style=\"font-weight: 400;\">Schnelle Reinigung von Heizk\u00f6rpern und verstopften Wasserkan\u00e4len<\/span><\/li>\n<li><span style=\"font-weight: 400;\">Entfernt sch\u00e4dliche Ablagerungen und Ablagerungen<\/span><\/li>\n<li><span style=\"font-weight: 400;\">Verhindert \u00dcberhitzung<\/span><\/li>\n<li><span style=\"font-weight: 400;\">Geeignet f\u00fcr den Einsatz mit allen Fahrzeugk\u00fchlsystemen<\/span><\/li>\n<\/ul>\n","protected":false},"featured_media":11082,"comment_status":"closed","ping_status":"closed","template":"","meta":{"_acf_changed":false,"inline_featured_image":false},"product_brand":[],"product_cat":[387],"product_tag":[],"class_list":{"0":"post-10795","1":"product","2":"type-product","3":"status-publish","4":"has-post-thumbnail","6":"product_cat-kuehler-dicht","8":"first","9":"instock","10":"shipping-taxable","11":"purchasable","12":"product-type-simple"},"acf":[],"yoast_head":"<!-- This site is optimized with the Yoast SEO plugin v27.3 - https:\/\/yoast.com\/product\/yoast-seo-wordpress\/ -->\n<title>Speedflush K\u00fchlsystemreiniger | Produkte | Holts DE<\/title>\n<meta name=\"description\" content=\"Holts Speedflush ist ein schnell wirkendes Reinigungsmittel, das den K\u00fchler und die Leitungen des K\u00fchlsystems von sch\u00e4dlichen Ablagerungen befreit.\" \/>\n<meta name=\"robots\" content=\"index, follow, max-snippet:-1, max-image-preview:large, max-video-preview:-1\" \/>\n<link rel=\"canonical\" href=\"https:\/\/www.holtsauto.com\/de\/produkte\/kuehler-dicht\/speedflush-kuehler-rein\/\" \/>\n<meta property=\"og:locale\" content=\"de_DE\" \/>\n<meta property=\"og:type\" content=\"article\" \/>\n<meta property=\"og:title\" content=\"Speedflush K\u00fchlsystemreiniger | Produkte | Holts DE\" \/>\n<meta property=\"og:description\" content=\"Holts Speedflush ist ein schnell wirkendes Reinigungsmittel, das den K\u00fchler und die Leitungen des K\u00fchlsystems von sch\u00e4dlichen Ablagerungen befreit.\" \/>\n<meta property=\"og:url\" content=\"https:\/\/www.holtsauto.com\/de\/produkte\/kuehler-dicht\/speedflush-kuehler-rein\/\" \/>\n<meta property=\"og:site_name\" content=\"Holts Auto Site\" \/>\n<meta property=\"article:modified_time\" content=\"2025-02-06T11:36:18+00:00\" \/>\n<meta property=\"og:image\" content=\"https:\/\/www.holtsauto.com\/wp-content\/uploads\/2015\/10\/detartrant-radiateur.png\" \/>\n\t<meta property=\"og:image:width\" content=\"2000\" \/>\n\t<meta property=\"og:image:height\" content=\"2000\" \/>\n\t<meta property=\"og:image:type\" content=\"image\/png\" \/>\n<meta name=\"twitter:card\" content=\"summary_large_image\" \/>\n<meta name=\"twitter:label1\" content=\"Gesch\u00e4tzte Lesezeit\" \/>\n\t<meta name=\"twitter:data1\" content=\"2 Minuten\" \/>\n<script type=\"application\/ld+json\" class=\"yoast-schema-graph\">{\"@context\":\"https:\\\/\\\/schema.org\",\"@graph\":[{\"@type\":\"WebPage\",\"@id\":\"https:\\\/\\\/www.holtsauto.com\\\/de\\\/produkte\\\/kuehler-dicht\\\/speedflush-kuehler-rein\\\/\",\"url\":\"https:\\\/\\\/www.holtsauto.com\\\/de\\\/produkte\\\/kuehler-dicht\\\/speedflush-kuehler-rein\\\/\",\"name\":\"Speedflush K\u00fchlsystemreiniger | Produkte | Holts DE\",\"isPartOf\":{\"@id\":\"https:\\\/\\\/www.holtsauto.com\\\/de\\\/#website\"},\"primaryImageOfPage\":{\"@id\":\"https:\\\/\\\/www.holtsauto.com\\\/de\\\/produkte\\\/kuehler-dicht\\\/speedflush-kuehler-rein\\\/#primaryimage\"},\"image\":{\"@id\":\"https:\\\/\\\/www.holtsauto.com\\\/de\\\/produkte\\\/kuehler-dicht\\\/speedflush-kuehler-rein\\\/#primaryimage\"},\"thumbnailUrl\":\"https:\\\/\\\/www.holtsauto.com\\\/wp-content\\\/uploads\\\/2015\\\/10\\\/detartrant-radiateur.png\",\"datePublished\":\"2017-07-26T11:34:25+00:00\",\"dateModified\":\"2025-02-06T11:36:18+00:00\",\"description\":\"Holts Speedflush ist ein schnell wirkendes Reinigungsmittel, das den K\u00fchler und die Leitungen des K\u00fchlsystems von sch\u00e4dlichen Ablagerungen befreit.\",\"breadcrumb\":{\"@id\":\"https:\\\/\\\/www.holtsauto.com\\\/de\\\/produkte\\\/kuehler-dicht\\\/speedflush-kuehler-rein\\\/#breadcrumb\"},\"inLanguage\":\"de-DE\",\"potentialAction\":[{\"@type\":\"ReadAction\",\"target\":[\"https:\\\/\\\/www.holtsauto.com\\\/de\\\/produkte\\\/kuehler-dicht\\\/speedflush-kuehler-rein\\\/\"]}]},{\"@type\":\"ImageObject\",\"inLanguage\":\"de-DE\",\"@id\":\"https:\\\/\\\/www.holtsauto.com\\\/de\\\/produkte\\\/kuehler-dicht\\\/speedflush-kuehler-rein\\\/#primaryimage\",\"url\":\"https:\\\/\\\/www.holtsauto.com\\\/wp-content\\\/uploads\\\/2015\\\/10\\\/detartrant-radiateur.png\",\"contentUrl\":\"https:\\\/\\\/www.holtsauto.com\\\/wp-content\\\/uploads\\\/2015\\\/10\\\/detartrant-radiateur.png\",\"width\":2000,\"height\":2000},{\"@type\":\"BreadcrumbList\",\"@id\":\"https:\\\/\\\/www.holtsauto.com\\\/de\\\/produkte\\\/kuehler-dicht\\\/speedflush-kuehler-rein\\\/#breadcrumb\",\"itemListElement\":[{\"@type\":\"ListItem\",\"position\":1,\"name\":\"Home\",\"item\":\"https:\\\/\\\/www.holtsauto.com\\\/de\\\/\"},{\"@type\":\"ListItem\",\"position\":2,\"name\":\"Produkte\",\"item\":\"https:\\\/\\\/www.holtsauto.com\\\/de\\\/produkte\\\/\"},{\"@type\":\"ListItem\",\"position\":3,\"name\":\"Speedflush K\u00fchlsystemreiniger\"}]},{\"@type\":\"WebSite\",\"@id\":\"https:\\\/\\\/www.holtsauto.com\\\/de\\\/#website\",\"url\":\"https:\\\/\\\/www.holtsauto.com\\\/de\\\/\",\"name\":\"Holts Auto\",\"description\":\"\",\"potentialAction\":[{\"@type\":\"SearchAction\",\"target\":{\"@type\":\"EntryPoint\",\"urlTemplate\":\"https:\\\/\\\/www.holtsauto.com\\\/de\\\/?s={search_term_string}\"},\"query-input\":{\"@type\":\"PropertyValueSpecification\",\"valueRequired\":true,\"valueName\":\"search_term_string\"}}],\"inLanguage\":\"de-DE\"}]}<\/script>\n<!-- \/ Yoast SEO plugin. -->","yoast_head_json":{"title":"Speedflush K\u00fchlsystemreiniger | Produkte | Holts DE","description":"Holts Speedflush ist ein schnell wirkendes Reinigungsmittel, das den K\u00fchler und die Leitungen des K\u00fchlsystems von sch\u00e4dlichen Ablagerungen befreit.","robots":{"index":"index","follow":"follow","max-snippet":"max-snippet:-1","max-image-preview":"max-image-preview:large","max-video-preview":"max-video-preview:-1"},"canonical":"https:\/\/www.holtsauto.com\/de\/produkte\/kuehler-dicht\/speedflush-kuehler-rein\/","og_locale":"de_DE","og_type":"article","og_title":"Speedflush K\u00fchlsystemreiniger | Produkte | Holts DE","og_description":"Holts Speedflush ist ein schnell wirkendes Reinigungsmittel, das den K\u00fchler und die Leitungen des K\u00fchlsystems von sch\u00e4dlichen Ablagerungen befreit.","og_url":"https:\/\/www.holtsauto.com\/de\/produkte\/kuehler-dicht\/speedflush-kuehler-rein\/","og_site_name":"Holts Auto Site","article_modified_time":"2025-02-06T11:36:18+00:00","og_image":[{"width":2000,"height":2000,"url":"https:\/\/www.holtsauto.com\/wp-content\/uploads\/2015\/10\/detartrant-radiateur.png","type":"image\/png"}],"twitter_card":"summary_large_image","twitter_misc":{"Gesch\u00e4tzte Lesezeit":"2 Minuten"},"schema":{"@context":"https:\/\/schema.org","@graph":[{"@type":"WebPage","@id":"https:\/\/www.holtsauto.com\/de\/produkte\/kuehler-dicht\/speedflush-kuehler-rein\/","url":"https:\/\/www.holtsauto.com\/de\/produkte\/kuehler-dicht\/speedflush-kuehler-rein\/","name":"Speedflush K\u00fchlsystemreiniger | Produkte | Holts DE","isPartOf":{"@id":"https:\/\/www.holtsauto.com\/de\/#website"},"primaryImageOfPage":{"@id":"https:\/\/www.holtsauto.com\/de\/produkte\/kuehler-dicht\/speedflush-kuehler-rein\/#primaryimage"},"image":{"@id":"https:\/\/www.holtsauto.com\/de\/produkte\/kuehler-dicht\/speedflush-kuehler-rein\/#primaryimage"},"thumbnailUrl":"https:\/\/www.holtsauto.com\/wp-content\/uploads\/2015\/10\/detartrant-radiateur.png","datePublished":"2017-07-26T11:34:25+00:00","dateModified":"2025-02-06T11:36:18+00:00","description":"Holts Speedflush ist ein schnell wirkendes Reinigungsmittel, das den K\u00fchler und die Leitungen des K\u00fchlsystems von sch\u00e4dlichen Ablagerungen befreit.","breadcrumb":{"@id":"https:\/\/www.holtsauto.com\/de\/produkte\/kuehler-dicht\/speedflush-kuehler-rein\/#breadcrumb"},"inLanguage":"de-DE","potentialAction":[{"@type":"ReadAction","target":["https:\/\/www.holtsauto.com\/de\/produkte\/kuehler-dicht\/speedflush-kuehler-rein\/"]}]},{"@type":"ImageObject","inLanguage":"de-DE","@id":"https:\/\/www.holtsauto.com\/de\/produkte\/kuehler-dicht\/speedflush-kuehler-rein\/#primaryimage","url":"https:\/\/www.holtsauto.com\/wp-content\/uploads\/2015\/10\/detartrant-radiateur.png","contentUrl":"https:\/\/www.holtsauto.com\/wp-content\/uploads\/2015\/10\/detartrant-radiateur.png","width":2000,"height":2000},{"@type":"BreadcrumbList","@id":"https:\/\/www.holtsauto.com\/de\/produkte\/kuehler-dicht\/speedflush-kuehler-rein\/#breadcrumb","itemListElement":[{"@type":"ListItem","position":1,"name":"Home","item":"https:\/\/www.holtsauto.com\/de\/"},{"@type":"ListItem","position":2,"name":"Produkte","item":"https:\/\/www.holtsauto.com\/de\/produkte\/"},{"@type":"ListItem","position":3,"name":"Speedflush K\u00fchlsystemreiniger"}]},{"@type":"WebSite","@id":"https:\/\/www.holtsauto.com\/de\/#website","url":"https:\/\/www.holtsauto.com\/de\/","name":"Holts Auto","description":"","potentialAction":[{"@type":"SearchAction","target":{"@type":"EntryPoint","urlTemplate":"https:\/\/www.holtsauto.com\/de\/?s={search_term_string}"},"query-input":{"@type":"PropertyValueSpecification","valueRequired":true,"valueName":"search_term_string"}}],"inLanguage":"de-DE"}]}},"_links":{"self":[{"href":"https:\/\/www.holtsauto.com\/de\/wp-json\/wp\/v2\/product\/10795","targetHints":{"allow":["GET"]}}],"collection":[{"href":"https:\/\/www.holtsauto.com\/de\/wp-json\/wp\/v2\/product"}],"about":[{"href":"https:\/\/www.holtsauto.com\/de\/wp-json\/wp\/v2\/types\/product"}],"replies":[{"embeddable":true,"href":"https:\/\/www.holtsauto.com\/de\/wp-json\/wp\/v2\/comments?post=10795"}],"wp:featuredmedia":[{"embeddable":true,"href":"https:\/\/www.holtsauto.com\/de\/wp-json\/wp\/v2\/media\/11082"}],"wp:attachment":[{"href":"https:\/\/www.holtsauto.com\/de\/wp-json\/wp\/v2\/media?parent=10795"}],"wp:term":[{"taxonomy":"product_brand","embeddable":true,"href":"https:\/\/www.holtsauto.com\/de\/wp-json\/wp\/v2\/product_brand?post=10795"},{"taxonomy":"product_cat","embeddable":true,"href":"https:\/\/www.holtsauto.com\/de\/wp-json\/wp\/v2\/product_cat?post=10795"},{"taxonomy":"product_tag","embeddable":true,"href":"https:\/\/www.holtsauto.com\/de\/wp-json\/wp\/v2\/product_tag?post=10795"}],"curies":[{"name":"wp","href":"https:\/\/api.w.org\/{rel}","templated":true}]}}