{"id":10797,"date":"2017-07-18T12:00:28","date_gmt":"2017-07-18T12:00:28","guid":{"rendered":"https:\/\/www.holtsauto.com\/de\/?post_type=product&#038;p=438"},"modified":"2025-02-20T12:28:29","modified_gmt":"2025-02-20T12:28:29","slug":"prestone-command","status":"publish","type":"product","link":"https:\/\/www.holtsauto.com\/de\/produkte\/kuehlmittel-fuer-nutzfahrzeuge\/prestone-command\/","title":{"rendered":"Prestone K\u00fchlerschutzmittel f\u00fcr Schwere Nutzfahrzeuge"},"content":{"rendered":"<p>Prestone Command Hochleistungs-K\u00fchl-\/Frostschutzmittel bietet vollst\u00e4ndigen Schutz f\u00fcr schwere Nutzfahrzeuge.<\/p>\n<p>Dieses speziell formulierte K\u00fchlmittel f\u00fcr Nutzfahrzeuge ist mit einer Reihe von Motoren kompatibel und bietet optimalen Motorschutz f\u00fcr bis zu 1.600.000 Kilometer \u2013 und hilft Ihnen, Zeit zu sparen und die Kosten f\u00fcr die Wartung von Flottenfahrzeugen zu senken.<\/p>\n<p>Wussten Sie, dass St\u00f6rungen im K\u00fchlsystem bis zu 40% aller Lkw-Motorausf\u00e4lle ausmachen? Das ist eine enorme Zeitverschwendung, die sich auf die Effizienz und die laufenden Kosten Ihrer Logistikflotte auswirken kann.<\/p>\n<p>Durch die regelm\u00e4\u00dfige Verwendung von Prestone Command k\u00f6nnen Sie kostspielige K\u00fchlsystemausf\u00e4lle vermeiden und sicherstellen, dass Ihre Nutzfahrzeuge immer in Bewegung sind.<\/p>\n<p>Prestone Command wurde speziell f\u00fcr Schwerlastanwendungen entwickelt, darunter Schwerlastfahrzeuge auf der Stra\u00dfe, Bergbau, Schifffahrt, \u00d6l &amp; Gas sowie landwirtschaftliche Anwendungen.<\/p>\n<p>Neben der garantierten Anwendung f\u00fcr alle Marken und Modelle von Nutzfahrzeugen, kann das Fluid auch in allen Industrieanlagen bedenkenlos eingesetzt werden. Erfahren Sie unten mehr.<\/p>\n<h4>Wie funktioniert Prestone Command Hochleistungs-K\u00fchl-\/Frostschutzmittel?<\/h4>\n<p>Prestone Command ist ein Hochleistungs-K\u00fchl-\/Frostschutzmittel, das sorgf\u00e4ltig f\u00fcr die Verwendung mit allen kommerziellen und schweren Nutzfahrzeugen und Motoren formuliert wurde. Das Produkt bietet hervorragenden Schutz vor extremen Temperaturen von -64 \u00b0C bis +136 \u00b0C und enth\u00e4lt au\u00dferdem starke Korrosionsinhibitoren, die dazu beitragen, die Lebensdauer der Komponenten im K\u00fchlsystem zu verl\u00e4ngern.<\/p>\n<p>Command wurde nach den gleichen hohen Standards wie andere Produkte der Prestone-Reihe entwickelt und getestet und bietet umfassende Haltbarkeit und Leistung, um Ihren gewerblichen Fuhrpark besser zu sch\u00fctzen.<\/p>\n<p>Das Produkt erf\u00fcllt und \u00fcbertrifft oft die internationalen Standards f\u00fcr die Wartung von Nutzfahrzeugen, sodass Sie sicher sein k\u00f6nnen, dass Ihre Motoren unabh\u00e4ngig von ihrer Anwendung und Arbeitsgeschwindigkeit maximalen Schutz erhalten.<\/p>\n<p>Im Gegensatz zu minderwertigem K\u00fchl-\/Frostschutzmittel kann Prestone Command die Laufbuchse vor Lochfra\u00df und alle K\u00fchlkomponenten vor verschiedenen Ablagerungen sch\u00fctzen, die zu Motorsch\u00e4den f\u00fchren k\u00f6nnten. Das bedeutet weniger Ausf\u00e4lle, die wiederum mehr Effizienz und Kosteneinsparungen f\u00fcr Ihren Betrieb bedeuten.<\/p>\n<p>Prestone Command bietet nicht nur den besten Schutz aller Hochleistungsk\u00fchlmittel, sondern bietet auch Komfort und Benutzerfreundlichkeit. Die Fl\u00fcssigkeit ist mit allen OAT-K\u00fchlmitteln kompatibel und erfordert keine zus\u00e4tzlichen K\u00fchlmittelzus\u00e4tze (SCAs) ; Einfach einf\u00fcllen und losfahren, um Ihre Fahrzeuge bis zu 20.000 Stunden (bei stehenden Fahrzeugen) und 1.600.000 Kilometer intensiver Stra\u00dfennutzung zu sch\u00fctzen.<\/p>\n<h4>Verwendung von Prestone Command Hochleistungs-K\u00fchl-\/Frostschutzmittel<\/h4>\n<p>Prestone Command wurde f\u00fcr Spitzenleistung, Benutzerfreundlichkeit und absoluten Komfort entwickelt, ist einfach zu bedienen und wirkt garantiert f\u00fcr alle Nutzfahrzeuge und Motoren. Das Produkt ist in drei Gr\u00f6\u00dfen erh\u00e4ltlich, um Ihren Anforderungen gerecht zu werden, darunter 20 l, 60 l und 205 l. Ob Sie also ein einzelnes Fahrzeug warten m\u00fcssen oder eine ganze Flotte, Sie k\u00f6nnen jeweils das Produkt finden, das Ihren Anforderungen am besten entspricht.<\/p>\n<p>F\u00fcr weitere Informationen zu Prestone Command, einschlie\u00dflich Kompatibilit\u00e4ts- und Sicherheitsdaten, klicken Sie auf die Links unten. Das Produkt ist bei allen namhaften gewerblichen Wartungsfachh\u00e4ndlern erh\u00e4ltlich.<\/p>\n<p>Fass 20L x 1: PAFR0007B<br \/>\nFass 60L x 1: PAFR0008B<br \/>\nFass 205L x 1: PAFR0009B<\/p>\n","protected":false},"excerpt":{"rendered":"<p><span style=\"font-weight: 400;\">Prestone Command: Hochleistungsk\u00fchlmittel f\u00fcr schwere Nutzfahrzeuge. Alle Marken, alle Modelle.<\/span><\/p>\n<ul>\n<li>Bietet eine Nutzungsdauer von bis zu 1.600.000 km f\u00fcr Stra\u00dfenfahrzeuge<\/li>\n<li>Bietet eine Nutzungsdauer von bis zu 20.000 Stunden f\u00fcr station\u00e4re Motoren<\/li>\n<li>Garantiert f\u00fcr jeden HD-Einsatz &#8211; Transportwesen, Bau &amp; Bergbau, Marine, Biogasanlagen, Landwirtschaft<\/li>\n<li>Erf\u00fcllt oder \u00fcbertrifft jede international NKW Norm<\/li>\n<li>Sch\u00fctzt bei allen Temperaturextremen von -64\u02daC bis +136\u02daC<\/li>\n<li>Keine zus\u00e4tzliches K\u00fchlmitteladditiv (Supplemental Coolant Additives SCAs) erforderlich<\/li>\n<li>Kompatibel mit alle OAT K\u00fchlerschutzmitteln<\/li>\n<li>Abw\u00e4rtskompatibel im pkw einsetzbar<\/li>\n<\/ul>\n<p><img decoding=\"async\" class=\"alignnone wp-image-12417\" src=\"https:\/\/www.holtsauto.com\/wp-content\/uploads\/2021\/07\/555352036-DEKRA-SIEGEL-11801_DE_2024-177x300.png\" alt=\"\" width=\"85\" height=\"144\" srcset=\"https:\/\/www.holtsauto.com\/wp-content\/uploads\/2021\/07\/555352036-DEKRA-SIEGEL-11801_DE_2024-177x300.png 177w, https:\/\/www.holtsauto.com\/wp-content\/uploads\/2021\/07\/555352036-DEKRA-SIEGEL-11801_DE_2024-89x150.png 89w, https:\/\/www.holtsauto.com\/wp-content\/uploads\/2021\/07\/555352036-DEKRA-SIEGEL-11801_DE_2024.png 300w\" sizes=\"(max-width: 85px) 100vw, 85px\" \/><\/p>\n","protected":false},"featured_media":13190,"comment_status":"closed","ping_status":"closed","template":"","meta":{"_acf_changed":false,"inline_featured_image":false},"product_brand":[],"product_cat":[382],"product_tag":[],"class_list":{"0":"post-10797","1":"product","2":"type-product","3":"status-publish","4":"has-post-thumbnail","6":"product_cat-kuehlmittel-fuer-nutzfahrzeuge","8":"first","9":"instock","10":"shipping-taxable","11":"purchasable","12":"product-type-variable"},"acf":[],"yoast_head":"<!-- This site is optimized with the Yoast SEO plugin v27.3 - https:\/\/yoast.com\/product\/yoast-seo-wordpress\/ -->\n<title>Prestone K\u00fchlerschutzmittel f\u00fcr Schwere Nutzfahrzeuge | Produkte | Holts DE<\/title>\n<meta name=\"description\" content=\"Prestone Command: Hochleistungsk\u00fchlmittel f\u00fcr schwere Nutzfahrzeuge. Alle Marken, alle Modelle.\" \/>\n<meta name=\"robots\" content=\"index, follow, max-snippet:-1, max-image-preview:large, max-video-preview:-1\" \/>\n<link rel=\"canonical\" href=\"https:\/\/www.holtsauto.com\/de\/produkte\/kuehlmittel-fuer-nutzfahrzeuge\/prestone-command\/\" \/>\n<meta property=\"og:locale\" content=\"de_DE\" \/>\n<meta property=\"og:type\" content=\"article\" \/>\n<meta property=\"og:title\" content=\"Prestone K\u00fchlerschutzmittel f\u00fcr Schwere Nutzfahrzeuge | Produkte | Holts DE\" \/>\n<meta property=\"og:description\" content=\"Prestone Command: Hochleistungsk\u00fchlmittel f\u00fcr schwere Nutzfahrzeuge. Alle Marken, alle Modelle.\" \/>\n<meta property=\"og:url\" content=\"https:\/\/www.holtsauto.com\/de\/produkte\/kuehlmittel-fuer-nutzfahrzeuge\/prestone-command\/\" \/>\n<meta property=\"og:site_name\" content=\"Holts Auto Site\" \/>\n<meta property=\"article:modified_time\" content=\"2025-02-20T12:28:29+00:00\" \/>\n<meta property=\"og:image\" content=\"https:\/\/www.holtsauto.com\/wp-content\/uploads\/2017\/07\/COMMAND-20L.png\" \/>\n\t<meta property=\"og:image:width\" content=\"2000\" \/>\n\t<meta property=\"og:image:height\" content=\"2000\" \/>\n\t<meta property=\"og:image:type\" content=\"image\/png\" \/>\n<meta name=\"twitter:card\" content=\"summary_large_image\" \/>\n<meta name=\"twitter:label1\" content=\"Gesch\u00e4tzte Lesezeit\" \/>\n\t<meta name=\"twitter:data1\" content=\"3 Minuten\" \/>\n<script type=\"application\/ld+json\" class=\"yoast-schema-graph\">{\"@context\":\"https:\\\/\\\/schema.org\",\"@graph\":[{\"@type\":\"WebPage\",\"@id\":\"https:\\\/\\\/www.holtsauto.com\\\/de\\\/produkte\\\/kuehlmittel-fuer-nutzfahrzeuge\\\/prestone-command\\\/\",\"url\":\"https:\\\/\\\/www.holtsauto.com\\\/de\\\/produkte\\\/kuehlmittel-fuer-nutzfahrzeuge\\\/prestone-command\\\/\",\"name\":\"Prestone K\u00fchlerschutzmittel f\u00fcr Schwere Nutzfahrzeuge | Produkte | Holts DE\",\"isPartOf\":{\"@id\":\"https:\\\/\\\/www.holtsauto.com\\\/de\\\/#website\"},\"primaryImageOfPage\":{\"@id\":\"https:\\\/\\\/www.holtsauto.com\\\/de\\\/produkte\\\/kuehlmittel-fuer-nutzfahrzeuge\\\/prestone-command\\\/#primaryimage\"},\"image\":{\"@id\":\"https:\\\/\\\/www.holtsauto.com\\\/de\\\/produkte\\\/kuehlmittel-fuer-nutzfahrzeuge\\\/prestone-command\\\/#primaryimage\"},\"thumbnailUrl\":\"https:\\\/\\\/www.holtsauto.com\\\/wp-content\\\/uploads\\\/2017\\\/07\\\/COMMAND-20L.png\",\"datePublished\":\"2017-07-18T12:00:28+00:00\",\"dateModified\":\"2025-02-20T12:28:29+00:00\",\"description\":\"Prestone Command: Hochleistungsk\u00fchlmittel f\u00fcr schwere Nutzfahrzeuge. Alle Marken, alle Modelle.\",\"breadcrumb\":{\"@id\":\"https:\\\/\\\/www.holtsauto.com\\\/de\\\/produkte\\\/kuehlmittel-fuer-nutzfahrzeuge\\\/prestone-command\\\/#breadcrumb\"},\"inLanguage\":\"de-DE\",\"potentialAction\":[{\"@type\":\"ReadAction\",\"target\":[\"https:\\\/\\\/www.holtsauto.com\\\/de\\\/produkte\\\/kuehlmittel-fuer-nutzfahrzeuge\\\/prestone-command\\\/\"]}]},{\"@type\":\"ImageObject\",\"inLanguage\":\"de-DE\",\"@id\":\"https:\\\/\\\/www.holtsauto.com\\\/de\\\/produkte\\\/kuehlmittel-fuer-nutzfahrzeuge\\\/prestone-command\\\/#primaryimage\",\"url\":\"https:\\\/\\\/www.holtsauto.com\\\/wp-content\\\/uploads\\\/2017\\\/07\\\/COMMAND-20L.png\",\"contentUrl\":\"https:\\\/\\\/www.holtsauto.com\\\/wp-content\\\/uploads\\\/2017\\\/07\\\/COMMAND-20L.png\",\"width\":2000,\"height\":2000},{\"@type\":\"BreadcrumbList\",\"@id\":\"https:\\\/\\\/www.holtsauto.com\\\/de\\\/produkte\\\/kuehlmittel-fuer-nutzfahrzeuge\\\/prestone-command\\\/#breadcrumb\",\"itemListElement\":[{\"@type\":\"ListItem\",\"position\":1,\"name\":\"Home\",\"item\":\"https:\\\/\\\/www.holtsauto.com\\\/de\\\/\"},{\"@type\":\"ListItem\",\"position\":2,\"name\":\"Produkte\",\"item\":\"https:\\\/\\\/www.holtsauto.com\\\/de\\\/produkte\\\/\"},{\"@type\":\"ListItem\",\"position\":3,\"name\":\"Prestone K\u00fchlerschutzmittel f\u00fcr Schwere Nutzfahrzeuge\"}]},{\"@type\":\"WebSite\",\"@id\":\"https:\\\/\\\/www.holtsauto.com\\\/de\\\/#website\",\"url\":\"https:\\\/\\\/www.holtsauto.com\\\/de\\\/\",\"name\":\"Holts Auto\",\"description\":\"\",\"potentialAction\":[{\"@type\":\"SearchAction\",\"target\":{\"@type\":\"EntryPoint\",\"urlTemplate\":\"https:\\\/\\\/www.holtsauto.com\\\/de\\\/?s={search_term_string}\"},\"query-input\":{\"@type\":\"PropertyValueSpecification\",\"valueRequired\":true,\"valueName\":\"search_term_string\"}}],\"inLanguage\":\"de-DE\"}]}<\/script>\n<!-- \/ Yoast SEO plugin. -->","yoast_head_json":{"title":"Prestone K\u00fchlerschutzmittel f\u00fcr Schwere Nutzfahrzeuge | Produkte | Holts DE","description":"Prestone Command: Hochleistungsk\u00fchlmittel f\u00fcr schwere Nutzfahrzeuge. Alle Marken, alle Modelle.","robots":{"index":"index","follow":"follow","max-snippet":"max-snippet:-1","max-image-preview":"max-image-preview:large","max-video-preview":"max-video-preview:-1"},"canonical":"https:\/\/www.holtsauto.com\/de\/produkte\/kuehlmittel-fuer-nutzfahrzeuge\/prestone-command\/","og_locale":"de_DE","og_type":"article","og_title":"Prestone K\u00fchlerschutzmittel f\u00fcr Schwere Nutzfahrzeuge | Produkte | Holts DE","og_description":"Prestone Command: Hochleistungsk\u00fchlmittel f\u00fcr schwere Nutzfahrzeuge. Alle Marken, alle Modelle.","og_url":"https:\/\/www.holtsauto.com\/de\/produkte\/kuehlmittel-fuer-nutzfahrzeuge\/prestone-command\/","og_site_name":"Holts Auto Site","article_modified_time":"2025-02-20T12:28:29+00:00","og_image":[{"width":2000,"height":2000,"url":"https:\/\/www.holtsauto.com\/wp-content\/uploads\/2017\/07\/COMMAND-20L.png","type":"image\/png"}],"twitter_card":"summary_large_image","twitter_misc":{"Gesch\u00e4tzte Lesezeit":"3 Minuten"},"schema":{"@context":"https:\/\/schema.org","@graph":[{"@type":"WebPage","@id":"https:\/\/www.holtsauto.com\/de\/produkte\/kuehlmittel-fuer-nutzfahrzeuge\/prestone-command\/","url":"https:\/\/www.holtsauto.com\/de\/produkte\/kuehlmittel-fuer-nutzfahrzeuge\/prestone-command\/","name":"Prestone K\u00fchlerschutzmittel f\u00fcr Schwere Nutzfahrzeuge | Produkte | Holts DE","isPartOf":{"@id":"https:\/\/www.holtsauto.com\/de\/#website"},"primaryImageOfPage":{"@id":"https:\/\/www.holtsauto.com\/de\/produkte\/kuehlmittel-fuer-nutzfahrzeuge\/prestone-command\/#primaryimage"},"image":{"@id":"https:\/\/www.holtsauto.com\/de\/produkte\/kuehlmittel-fuer-nutzfahrzeuge\/prestone-command\/#primaryimage"},"thumbnailUrl":"https:\/\/www.holtsauto.com\/wp-content\/uploads\/2017\/07\/COMMAND-20L.png","datePublished":"2017-07-18T12:00:28+00:00","dateModified":"2025-02-20T12:28:29+00:00","description":"Prestone Command: Hochleistungsk\u00fchlmittel f\u00fcr schwere Nutzfahrzeuge. Alle Marken, alle Modelle.","breadcrumb":{"@id":"https:\/\/www.holtsauto.com\/de\/produkte\/kuehlmittel-fuer-nutzfahrzeuge\/prestone-command\/#breadcrumb"},"inLanguage":"de-DE","potentialAction":[{"@type":"ReadAction","target":["https:\/\/www.holtsauto.com\/de\/produkte\/kuehlmittel-fuer-nutzfahrzeuge\/prestone-command\/"]}]},{"@type":"ImageObject","inLanguage":"de-DE","@id":"https:\/\/www.holtsauto.com\/de\/produkte\/kuehlmittel-fuer-nutzfahrzeuge\/prestone-command\/#primaryimage","url":"https:\/\/www.holtsauto.com\/wp-content\/uploads\/2017\/07\/COMMAND-20L.png","contentUrl":"https:\/\/www.holtsauto.com\/wp-content\/uploads\/2017\/07\/COMMAND-20L.png","width":2000,"height":2000},{"@type":"BreadcrumbList","@id":"https:\/\/www.holtsauto.com\/de\/produkte\/kuehlmittel-fuer-nutzfahrzeuge\/prestone-command\/#breadcrumb","itemListElement":[{"@type":"ListItem","position":1,"name":"Home","item":"https:\/\/www.holtsauto.com\/de\/"},{"@type":"ListItem","position":2,"name":"Produkte","item":"https:\/\/www.holtsauto.com\/de\/produkte\/"},{"@type":"ListItem","position":3,"name":"Prestone K\u00fchlerschutzmittel f\u00fcr Schwere Nutzfahrzeuge"}]},{"@type":"WebSite","@id":"https:\/\/www.holtsauto.com\/de\/#website","url":"https:\/\/www.holtsauto.com\/de\/","name":"Holts Auto","description":"","potentialAction":[{"@type":"SearchAction","target":{"@type":"EntryPoint","urlTemplate":"https:\/\/www.holtsauto.com\/de\/?s={search_term_string}"},"query-input":{"@type":"PropertyValueSpecification","valueRequired":true,"valueName":"search_term_string"}}],"inLanguage":"de-DE"}]}},"_links":{"self":[{"href":"https:\/\/www.holtsauto.com\/de\/wp-json\/wp\/v2\/product\/10797","targetHints":{"allow":["GET"]}}],"collection":[{"href":"https:\/\/www.holtsauto.com\/de\/wp-json\/wp\/v2\/product"}],"about":[{"href":"https:\/\/www.holtsauto.com\/de\/wp-json\/wp\/v2\/types\/product"}],"replies":[{"embeddable":true,"href":"https:\/\/www.holtsauto.com\/de\/wp-json\/wp\/v2\/comments?post=10797"}],"wp:featuredmedia":[{"embeddable":true,"href":"https:\/\/www.holtsauto.com\/de\/wp-json\/wp\/v2\/media\/13190"}],"wp:attachment":[{"href":"https:\/\/www.holtsauto.com\/de\/wp-json\/wp\/v2\/media?parent=10797"}],"wp:term":[{"taxonomy":"product_brand","embeddable":true,"href":"https:\/\/www.holtsauto.com\/de\/wp-json\/wp\/v2\/product_brand?post=10797"},{"taxonomy":"product_cat","embeddable":true,"href":"https:\/\/www.holtsauto.com\/de\/wp-json\/wp\/v2\/product_cat?post=10797"},{"taxonomy":"product_tag","embeddable":true,"href":"https:\/\/www.holtsauto.com\/de\/wp-json\/wp\/v2\/product_tag?post=10797"}],"curies":[{"name":"wp","href":"https:\/\/api.w.org\/{rel}","templated":true}]}}