{"id":10798,"date":"2017-07-26T11:58:29","date_gmt":"2017-07-26T11:58:29","guid":{"rendered":"https:\/\/www.holtsauto.com\/de\/?post_type=product&#038;p=532"},"modified":"2025-02-06T11:36:39","modified_gmt":"2025-02-06T11:36:39","slug":"wondarweld","status":"publish","type":"product","link":"https:\/\/www.holtsauto.com\/de\/produkte\/kuehler-dicht\/wondarweld\/","title":{"rendered":"Holts Wondarweld"},"content":{"rendered":"<p><span style=\"font-weight: 400;\">Holts Wondarweld ist ein professionelles Produkt zur Reparatur von K\u00fchlsystemen. Dieses Produkt sollte von einem Fachmann verwendet werden.<\/span><\/p>\n<p><span style=\"font-weight: 400;\">Dank seiner Hochleistungsformel bietet das Produkt eine dauerhafte Reparatur, ohne Sch\u00e4den zu verursachen oder das System zu verstopfen, sodass Sie kleine Probleme beheben k\u00f6nnen, ohne dass eine kostspielige Reparatur erforderlich ist.<\/span><\/p>\n<p><strong>Wie funktioniert Wonderweld?<\/strong><\/p>\n<p><span style=\"font-weight: 400;\">Direkt in den Zylinderkopf eingebracht, dichtet es dauerhaft kleine L\u00f6cher und Risse im Motorblock, den Kopfdichtungen und den Wasserpumpendichtungen ab und stellt so die Integrit\u00e4t des Motors und des K\u00fchlsystems wieder her.<\/span><\/p>\n<p><span style=\"font-weight: 400;\">Sobald Wondarweld dem Motor hinzugef\u00fcgt wird, zirkuliert es durch das K\u00fchlsystem und sucht nach kleinen L\u00f6chern, Rissen und Lecks, um eine dauerhafte Reparatur durchzuf\u00fchren. Das Produkt wurde im Labor entwickelt, um maximale Leistung und Langlebigkeit zu gew\u00e4hrleisten. Es kann sicher auf allen g\u00e4ngigen Motormaterialien verwendet werden, einschlie\u00dflich Stahl, Aluminium und Eisen.<\/span><\/p>\n<p><span style=\"font-weight: 400;\">Eine 250-ml-Flasche Wondarweld reicht f\u00fcr K\u00fchlsysteme bis 8 Liter.<\/span><\/p>\n<p><span style=\"font-weight: 400;\">Holts Wondarweld wurde f\u00fcr die dauerhafte Reparatur kleiner L\u00f6cher und Risse in Motorbl\u00f6cken, Zylinderkopfdichtungen und Wasserpumpendichtungen entwickelt. Nach h\u00f6chsten Standards getestet, wird es von Profis zur Behebung von Lecks im K\u00fchlsystem eingesetzt, ohne dass andere, zeit- und arbeitsintensivere Reparaturma\u00dfnahmen erforderlich sind.<\/span><\/p>\n","protected":false},"excerpt":{"rendered":"<p><span style=\"font-weight: 400;\">Holts Wondarweld ist ein professionelles K\u00fchlsystem-Reparaturprodukt, das zur Reparatur kleiner Risse und L\u00f6cher im Zylinderkopf, Motorblock und der Kopfdichtung entwickelt wurde.<\/span><\/p>\n<ul>\n<li><span style=\"font-weight: 400;\">Anspruchsvolle Risssanierung<\/span><\/li>\n<li><span style=\"font-weight: 400;\">Repariert Risse in Motorbl\u00f6cken, Zylinderkopfdichtungen und Wasserpumpendichtungen<\/span><\/li>\n<li><span style=\"font-weight: 400;\">Keine verstopfende oder sch\u00e4digende Wirkung<\/span><\/li>\n<li><span style=\"font-weight: 400;\">Geeignet f\u00fcr Stahl-, Aluminium- und Eisenmotoren<\/span><\/li>\n<\/ul>\n","protected":false},"featured_media":13131,"comment_status":"closed","ping_status":"closed","template":"","meta":{"_acf_changed":false,"inline_featured_image":false},"product_brand":[],"product_cat":[387],"product_tag":[],"class_list":{"0":"post-10798","1":"product","2":"type-product","3":"status-publish","4":"has-post-thumbnail","6":"product_cat-kuehler-dicht","8":"first","9":"instock","10":"shipping-taxable","11":"purchasable","12":"product-type-simple"},"acf":[],"yoast_head":"<!-- This site is optimized with the Yoast SEO plugin v27.3 - https:\/\/yoast.com\/product\/yoast-seo-wordpress\/ -->\n<title>Holts Wondarweld | Produkte | Holts DE<\/title>\n<meta name=\"description\" content=\"Wondarweld ist ein besonders leistungsf\u00e4higes Produkt zur Reparatur von Rissen in Zylinderbl\u00f6cken. Wirkt auf Eisen, Guss, Stahl und Aluminium.\" \/>\n<meta name=\"robots\" content=\"index, follow, max-snippet:-1, max-image-preview:large, max-video-preview:-1\" \/>\n<link rel=\"canonical\" href=\"https:\/\/www.holtsauto.com\/de\/produkte\/kuehler-dicht\/wondarweld\/\" \/>\n<meta property=\"og:locale\" content=\"de_DE\" \/>\n<meta property=\"og:type\" content=\"article\" \/>\n<meta property=\"og:title\" content=\"Holts Wondarweld | Produkte | Holts DE\" \/>\n<meta property=\"og:description\" content=\"Wondarweld ist ein besonders leistungsf\u00e4higes Produkt zur Reparatur von Rissen in Zylinderbl\u00f6cken. Wirkt auf Eisen, Guss, Stahl und Aluminium.\" \/>\n<meta property=\"og:url\" content=\"https:\/\/www.holtsauto.com\/de\/produkte\/kuehler-dicht\/wondarweld\/\" \/>\n<meta property=\"og:site_name\" content=\"Holts Auto Site\" \/>\n<meta property=\"article:modified_time\" content=\"2025-02-06T11:36:39+00:00\" \/>\n<meta property=\"og:image\" content=\"https:\/\/www.holtsauto.com\/wp-content\/uploads\/2015\/10\/WW250EU_Wondarweld-250ml_FRDENL_WEB.png\" \/>\n\t<meta property=\"og:image:width\" content=\"2000\" \/>\n\t<meta property=\"og:image:height\" content=\"2000\" \/>\n\t<meta property=\"og:image:type\" content=\"image\/png\" \/>\n<meta name=\"twitter:card\" content=\"summary_large_image\" \/>\n<meta name=\"twitter:label1\" content=\"Gesch\u00e4tzte Lesezeit\" \/>\n\t<meta name=\"twitter:data1\" content=\"2 Minuten\" \/>\n<script type=\"application\/ld+json\" class=\"yoast-schema-graph\">{\"@context\":\"https:\\\/\\\/schema.org\",\"@graph\":[{\"@type\":\"WebPage\",\"@id\":\"https:\\\/\\\/www.holtsauto.com\\\/de\\\/produkte\\\/kuehler-dicht\\\/wondarweld\\\/\",\"url\":\"https:\\\/\\\/www.holtsauto.com\\\/de\\\/produkte\\\/kuehler-dicht\\\/wondarweld\\\/\",\"name\":\"Holts Wondarweld | Produkte | Holts DE\",\"isPartOf\":{\"@id\":\"https:\\\/\\\/www.holtsauto.com\\\/de\\\/#website\"},\"primaryImageOfPage\":{\"@id\":\"https:\\\/\\\/www.holtsauto.com\\\/de\\\/produkte\\\/kuehler-dicht\\\/wondarweld\\\/#primaryimage\"},\"image\":{\"@id\":\"https:\\\/\\\/www.holtsauto.com\\\/de\\\/produkte\\\/kuehler-dicht\\\/wondarweld\\\/#primaryimage\"},\"thumbnailUrl\":\"https:\\\/\\\/www.holtsauto.com\\\/wp-content\\\/uploads\\\/2015\\\/10\\\/WW250EU_Wondarweld-250ml_FRDENL_WEB.png\",\"datePublished\":\"2017-07-26T11:58:29+00:00\",\"dateModified\":\"2025-02-06T11:36:39+00:00\",\"description\":\"Wondarweld ist ein besonders leistungsf\u00e4higes Produkt zur Reparatur von Rissen in Zylinderbl\u00f6cken. Wirkt auf Eisen, Guss, Stahl und Aluminium.\",\"breadcrumb\":{\"@id\":\"https:\\\/\\\/www.holtsauto.com\\\/de\\\/produkte\\\/kuehler-dicht\\\/wondarweld\\\/#breadcrumb\"},\"inLanguage\":\"de-DE\",\"potentialAction\":[{\"@type\":\"ReadAction\",\"target\":[\"https:\\\/\\\/www.holtsauto.com\\\/de\\\/produkte\\\/kuehler-dicht\\\/wondarweld\\\/\"]}]},{\"@type\":\"ImageObject\",\"inLanguage\":\"de-DE\",\"@id\":\"https:\\\/\\\/www.holtsauto.com\\\/de\\\/produkte\\\/kuehler-dicht\\\/wondarweld\\\/#primaryimage\",\"url\":\"https:\\\/\\\/www.holtsauto.com\\\/wp-content\\\/uploads\\\/2015\\\/10\\\/WW250EU_Wondarweld-250ml_FRDENL_WEB.png\",\"contentUrl\":\"https:\\\/\\\/www.holtsauto.com\\\/wp-content\\\/uploads\\\/2015\\\/10\\\/WW250EU_Wondarweld-250ml_FRDENL_WEB.png\",\"width\":2000,\"height\":2000},{\"@type\":\"BreadcrumbList\",\"@id\":\"https:\\\/\\\/www.holtsauto.com\\\/de\\\/produkte\\\/kuehler-dicht\\\/wondarweld\\\/#breadcrumb\",\"itemListElement\":[{\"@type\":\"ListItem\",\"position\":1,\"name\":\"Home\",\"item\":\"https:\\\/\\\/www.holtsauto.com\\\/de\\\/\"},{\"@type\":\"ListItem\",\"position\":2,\"name\":\"Produkte\",\"item\":\"https:\\\/\\\/www.holtsauto.com\\\/de\\\/produkte\\\/\"},{\"@type\":\"ListItem\",\"position\":3,\"name\":\"Holts Wondarweld\"}]},{\"@type\":\"WebSite\",\"@id\":\"https:\\\/\\\/www.holtsauto.com\\\/de\\\/#website\",\"url\":\"https:\\\/\\\/www.holtsauto.com\\\/de\\\/\",\"name\":\"Holts Auto\",\"description\":\"\",\"potentialAction\":[{\"@type\":\"SearchAction\",\"target\":{\"@type\":\"EntryPoint\",\"urlTemplate\":\"https:\\\/\\\/www.holtsauto.com\\\/de\\\/?s={search_term_string}\"},\"query-input\":{\"@type\":\"PropertyValueSpecification\",\"valueRequired\":true,\"valueName\":\"search_term_string\"}}],\"inLanguage\":\"de-DE\"}]}<\/script>\n<!-- \/ Yoast SEO plugin. -->","yoast_head_json":{"title":"Holts Wondarweld | Produkte | Holts DE","description":"Wondarweld ist ein besonders leistungsf\u00e4higes Produkt zur Reparatur von Rissen in Zylinderbl\u00f6cken. Wirkt auf Eisen, Guss, Stahl und Aluminium.","robots":{"index":"index","follow":"follow","max-snippet":"max-snippet:-1","max-image-preview":"max-image-preview:large","max-video-preview":"max-video-preview:-1"},"canonical":"https:\/\/www.holtsauto.com\/de\/produkte\/kuehler-dicht\/wondarweld\/","og_locale":"de_DE","og_type":"article","og_title":"Holts Wondarweld | Produkte | Holts DE","og_description":"Wondarweld ist ein besonders leistungsf\u00e4higes Produkt zur Reparatur von Rissen in Zylinderbl\u00f6cken. Wirkt auf Eisen, Guss, Stahl und Aluminium.","og_url":"https:\/\/www.holtsauto.com\/de\/produkte\/kuehler-dicht\/wondarweld\/","og_site_name":"Holts Auto Site","article_modified_time":"2025-02-06T11:36:39+00:00","og_image":[{"width":2000,"height":2000,"url":"https:\/\/www.holtsauto.com\/wp-content\/uploads\/2015\/10\/WW250EU_Wondarweld-250ml_FRDENL_WEB.png","type":"image\/png"}],"twitter_card":"summary_large_image","twitter_misc":{"Gesch\u00e4tzte Lesezeit":"2 Minuten"},"schema":{"@context":"https:\/\/schema.org","@graph":[{"@type":"WebPage","@id":"https:\/\/www.holtsauto.com\/de\/produkte\/kuehler-dicht\/wondarweld\/","url":"https:\/\/www.holtsauto.com\/de\/produkte\/kuehler-dicht\/wondarweld\/","name":"Holts Wondarweld | Produkte | Holts DE","isPartOf":{"@id":"https:\/\/www.holtsauto.com\/de\/#website"},"primaryImageOfPage":{"@id":"https:\/\/www.holtsauto.com\/de\/produkte\/kuehler-dicht\/wondarweld\/#primaryimage"},"image":{"@id":"https:\/\/www.holtsauto.com\/de\/produkte\/kuehler-dicht\/wondarweld\/#primaryimage"},"thumbnailUrl":"https:\/\/www.holtsauto.com\/wp-content\/uploads\/2015\/10\/WW250EU_Wondarweld-250ml_FRDENL_WEB.png","datePublished":"2017-07-26T11:58:29+00:00","dateModified":"2025-02-06T11:36:39+00:00","description":"Wondarweld ist ein besonders leistungsf\u00e4higes Produkt zur Reparatur von Rissen in Zylinderbl\u00f6cken. Wirkt auf Eisen, Guss, Stahl und Aluminium.","breadcrumb":{"@id":"https:\/\/www.holtsauto.com\/de\/produkte\/kuehler-dicht\/wondarweld\/#breadcrumb"},"inLanguage":"de-DE","potentialAction":[{"@type":"ReadAction","target":["https:\/\/www.holtsauto.com\/de\/produkte\/kuehler-dicht\/wondarweld\/"]}]},{"@type":"ImageObject","inLanguage":"de-DE","@id":"https:\/\/www.holtsauto.com\/de\/produkte\/kuehler-dicht\/wondarweld\/#primaryimage","url":"https:\/\/www.holtsauto.com\/wp-content\/uploads\/2015\/10\/WW250EU_Wondarweld-250ml_FRDENL_WEB.png","contentUrl":"https:\/\/www.holtsauto.com\/wp-content\/uploads\/2015\/10\/WW250EU_Wondarweld-250ml_FRDENL_WEB.png","width":2000,"height":2000},{"@type":"BreadcrumbList","@id":"https:\/\/www.holtsauto.com\/de\/produkte\/kuehler-dicht\/wondarweld\/#breadcrumb","itemListElement":[{"@type":"ListItem","position":1,"name":"Home","item":"https:\/\/www.holtsauto.com\/de\/"},{"@type":"ListItem","position":2,"name":"Produkte","item":"https:\/\/www.holtsauto.com\/de\/produkte\/"},{"@type":"ListItem","position":3,"name":"Holts Wondarweld"}]},{"@type":"WebSite","@id":"https:\/\/www.holtsauto.com\/de\/#website","url":"https:\/\/www.holtsauto.com\/de\/","name":"Holts Auto","description":"","potentialAction":[{"@type":"SearchAction","target":{"@type":"EntryPoint","urlTemplate":"https:\/\/www.holtsauto.com\/de\/?s={search_term_string}"},"query-input":{"@type":"PropertyValueSpecification","valueRequired":true,"valueName":"search_term_string"}}],"inLanguage":"de-DE"}]}},"_links":{"self":[{"href":"https:\/\/www.holtsauto.com\/de\/wp-json\/wp\/v2\/product\/10798","targetHints":{"allow":["GET"]}}],"collection":[{"href":"https:\/\/www.holtsauto.com\/de\/wp-json\/wp\/v2\/product"}],"about":[{"href":"https:\/\/www.holtsauto.com\/de\/wp-json\/wp\/v2\/types\/product"}],"replies":[{"embeddable":true,"href":"https:\/\/www.holtsauto.com\/de\/wp-json\/wp\/v2\/comments?post=10798"}],"wp:featuredmedia":[{"embeddable":true,"href":"https:\/\/www.holtsauto.com\/de\/wp-json\/wp\/v2\/media\/13131"}],"wp:attachment":[{"href":"https:\/\/www.holtsauto.com\/de\/wp-json\/wp\/v2\/media?parent=10798"}],"wp:term":[{"taxonomy":"product_brand","embeddable":true,"href":"https:\/\/www.holtsauto.com\/de\/wp-json\/wp\/v2\/product_brand?post=10798"},{"taxonomy":"product_cat","embeddable":true,"href":"https:\/\/www.holtsauto.com\/de\/wp-json\/wp\/v2\/product_cat?post=10798"},{"taxonomy":"product_tag","embeddable":true,"href":"https:\/\/www.holtsauto.com\/de\/wp-json\/wp\/v2\/product_tag?post=10798"}],"curies":[{"name":"wp","href":"https:\/\/api.w.org\/{rel}","templated":true}]}}