{"id":10820,"date":"2025-07-26T12:34:47","date_gmt":"2025-07-26T12:34:47","guid":{"rendered":"https:\/\/www.holtsauto.com\/de\/?post_type=product&#038;p=370"},"modified":"2025-07-30T13:14:30","modified_gmt":"2025-07-30T13:14:30","slug":"bremsenreiniger","status":"publish","type":"product","link":"https:\/\/www.holtsauto.com\/de\/produkte\/technische-sprays\/bremsenreiniger\/","title":{"rendered":"Bremsenreiniger"},"content":{"rendered":"<p><span style=\"font-weight: 400;\">Als eines unserer beliebtesten professionellen Produkte ist Holts Bremsenreiniger auch eines unserer vielseitigsten. Es kann \u00fcberall in der Werkstatt an einer Vielzahl unterschiedlicher Metallteile eingesetzt werden.<\/span><\/p>\n<ul>\n<li><span style=\"font-weight: 400;\">Schnell wirkender, kraftvoller Reiniger<\/span><\/li>\n<li><span style=\"font-weight: 400;\">Schnell trocknend<\/span><\/li>\n<li><span style=\"font-weight: 400;\">Reinigt und entfettet jede Oberfl\u00e4che<\/span><\/li>\n<li><span style=\"font-weight: 400;\">Lacksicher \u2013 frei von Aceton und Silikon<\/span><\/li>\n<li><span style=\"font-weight: 400;\">360\u00b0-Spray<\/span><\/li>\n<\/ul>\n<p><span style=\"font-weight: 400;\">Es ist ein leistungsstarker und schnell wirkender Reiniger und Entfetter, ideal zum Reinigen von Metallteilen wie Bremss\u00e4tteln, Trommeln, Federn, Bremsen und Kupplungen. Holts Bremsenreiniger eignet sich am besten zum Entfernen von Bremsstaub, Bremsbelagr\u00fcckst\u00e4nden, Fett, Schmutz und \u00f6ligen Ablagerungen.<\/span><\/p>\n<p><span style=\"font-weight: 400;\">Da es in modernen Fahrzeugen nicht immer einfach ist, auf Komponenten zuzugreifen, funktioniert unser speziell entwickeltes Produkt aus allen Winkeln. Der 360\u00b0-Spray kann kopf\u00fcber verwendet werden, so dass Sie problemlos auch an schwer zug\u00e4ngliche Stellen gelangen.<\/span><\/p>\n<p><span style=\"font-weight: 400;\">Schlie\u00dflich reinigt Holts Bremsenreiniger schneller und verbraucht weniger Produkt als die Konkurrenz, sodass Sie ein hervorragendes Preis-Leistungs-Verh\u00e4ltnis erhalten.<\/span><\/p>\n","protected":false},"excerpt":{"rendered":"<p><span style=\"font-weight: 400;\">Holts Bremsenreiniger ist eines unserer beliebtesten professionellen Produkte, das \u00fcberall in der Garage oder Werkstatt verwendet werden kann.<\/span><\/p>\n<ul>\n<li>Schnell wirkender, kraftvoller Reiniger<\/li>\n<li>Reinigt und entfettet jede Oberfl\u00e4che<\/li>\n<li>360\u00b0-Spray<\/li>\n<\/ul>\n","protected":false},"featured_media":13541,"comment_status":"closed","ping_status":"closed","template":"","meta":{"_acf_changed":false,"inline_featured_image":false},"product_brand":[],"product_cat":[388],"product_tag":[],"class_list":{"0":"post-10820","1":"product","2":"type-product","3":"status-publish","4":"has-post-thumbnail","6":"product_cat-technische-sprays","8":"first","9":"instock","10":"shipping-taxable","11":"purchasable","12":"product-type-simple"},"acf":[],"yoast_head":"<!-- This site is optimized with the Yoast SEO plugin v27.3 - https:\/\/yoast.com\/product\/yoast-seo-wordpress\/ -->\n<title>Bremsenreiniger | Produkte | Holts DE<\/title>\n<meta name=\"description\" content=\"Bremsenreiniger ist ein leistungsstarkes Reinigungs- und Entfettungsmittel, das auf sehr vielen Metallteilen und Oberfl\u00e4chen.\" \/>\n<meta name=\"robots\" content=\"index, follow, max-snippet:-1, max-image-preview:large, max-video-preview:-1\" \/>\n<link rel=\"canonical\" href=\"https:\/\/www.holtsauto.com\/de\/produkte\/technische-sprays\/bremsenreiniger\/\" \/>\n<meta property=\"og:locale\" content=\"de_DE\" \/>\n<meta property=\"og:type\" content=\"article\" \/>\n<meta property=\"og:title\" content=\"Bremsenreiniger | Produkte | Holts DE\" \/>\n<meta property=\"og:description\" content=\"Bremsenreiniger ist ein leistungsstarkes Reinigungs- und Entfettungsmittel, das auf sehr vielen Metallteilen und Oberfl\u00e4chen.\" \/>\n<meta property=\"og:url\" content=\"https:\/\/www.holtsauto.com\/de\/produkte\/technische-sprays\/bremsenreiniger\/\" \/>\n<meta property=\"og:site_name\" content=\"Holts Auto Site\" \/>\n<meta property=\"article:modified_time\" content=\"2025-07-30T13:14:30+00:00\" \/>\n<meta property=\"og:image\" content=\"https:\/\/www.holtsauto.com\/wp-content\/uploads\/2024\/08\/52460600131_Holts-Pro-Brake-Cleaner-600ml-Web.png\" \/>\n\t<meta property=\"og:image:width\" content=\"2000\" \/>\n\t<meta property=\"og:image:height\" content=\"2000\" \/>\n\t<meta property=\"og:image:type\" content=\"image\/png\" \/>\n<meta name=\"twitter:card\" content=\"summary_large_image\" \/>\n<meta name=\"twitter:label1\" content=\"Gesch\u00e4tzte Lesezeit\" \/>\n\t<meta name=\"twitter:data1\" content=\"1 Minute\" \/>\n<script type=\"application\/ld+json\" class=\"yoast-schema-graph\">{\"@context\":\"https:\\\/\\\/schema.org\",\"@graph\":[{\"@type\":\"WebPage\",\"@id\":\"https:\\\/\\\/www.holtsauto.com\\\/de\\\/produkte\\\/technische-sprays\\\/bremsenreiniger\\\/\",\"url\":\"https:\\\/\\\/www.holtsauto.com\\\/de\\\/produkte\\\/technische-sprays\\\/bremsenreiniger\\\/\",\"name\":\"Bremsenreiniger | Produkte | Holts DE\",\"isPartOf\":{\"@id\":\"https:\\\/\\\/www.holtsauto.com\\\/de\\\/#website\"},\"primaryImageOfPage\":{\"@id\":\"https:\\\/\\\/www.holtsauto.com\\\/de\\\/produkte\\\/technische-sprays\\\/bremsenreiniger\\\/#primaryimage\"},\"image\":{\"@id\":\"https:\\\/\\\/www.holtsauto.com\\\/de\\\/produkte\\\/technische-sprays\\\/bremsenreiniger\\\/#primaryimage\"},\"thumbnailUrl\":\"https:\\\/\\\/www.holtsauto.com\\\/wp-content\\\/uploads\\\/2024\\\/08\\\/52460600131_Holts-Pro-Brake-Cleaner-600ml-Web.png\",\"datePublished\":\"2025-07-26T12:34:47+00:00\",\"dateModified\":\"2025-07-30T13:14:30+00:00\",\"description\":\"Bremsenreiniger ist ein leistungsstarkes Reinigungs- und Entfettungsmittel, das auf sehr vielen Metallteilen und Oberfl\u00e4chen.\",\"breadcrumb\":{\"@id\":\"https:\\\/\\\/www.holtsauto.com\\\/de\\\/produkte\\\/technische-sprays\\\/bremsenreiniger\\\/#breadcrumb\"},\"inLanguage\":\"de-DE\",\"potentialAction\":[{\"@type\":\"ReadAction\",\"target\":[\"https:\\\/\\\/www.holtsauto.com\\\/de\\\/produkte\\\/technische-sprays\\\/bremsenreiniger\\\/\"]}]},{\"@type\":\"ImageObject\",\"inLanguage\":\"de-DE\",\"@id\":\"https:\\\/\\\/www.holtsauto.com\\\/de\\\/produkte\\\/technische-sprays\\\/bremsenreiniger\\\/#primaryimage\",\"url\":\"https:\\\/\\\/www.holtsauto.com\\\/wp-content\\\/uploads\\\/2024\\\/08\\\/52460600131_Holts-Pro-Brake-Cleaner-600ml-Web.png\",\"contentUrl\":\"https:\\\/\\\/www.holtsauto.com\\\/wp-content\\\/uploads\\\/2024\\\/08\\\/52460600131_Holts-Pro-Brake-Cleaner-600ml-Web.png\",\"width\":2000,\"height\":2000,\"caption\":\"holts brake cleaner 600ml\"},{\"@type\":\"BreadcrumbList\",\"@id\":\"https:\\\/\\\/www.holtsauto.com\\\/de\\\/produkte\\\/technische-sprays\\\/bremsenreiniger\\\/#breadcrumb\",\"itemListElement\":[{\"@type\":\"ListItem\",\"position\":1,\"name\":\"Home\",\"item\":\"https:\\\/\\\/www.holtsauto.com\\\/de\\\/\"},{\"@type\":\"ListItem\",\"position\":2,\"name\":\"Produkte\",\"item\":\"https:\\\/\\\/www.holtsauto.com\\\/de\\\/produkte\\\/\"},{\"@type\":\"ListItem\",\"position\":3,\"name\":\"Bremsenreiniger\"}]},{\"@type\":\"WebSite\",\"@id\":\"https:\\\/\\\/www.holtsauto.com\\\/de\\\/#website\",\"url\":\"https:\\\/\\\/www.holtsauto.com\\\/de\\\/\",\"name\":\"Holts Auto\",\"description\":\"\",\"potentialAction\":[{\"@type\":\"SearchAction\",\"target\":{\"@type\":\"EntryPoint\",\"urlTemplate\":\"https:\\\/\\\/www.holtsauto.com\\\/de\\\/?s={search_term_string}\"},\"query-input\":{\"@type\":\"PropertyValueSpecification\",\"valueRequired\":true,\"valueName\":\"search_term_string\"}}],\"inLanguage\":\"de-DE\"}]}<\/script>\n<!-- \/ Yoast SEO plugin. -->","yoast_head_json":{"title":"Bremsenreiniger | Produkte | Holts DE","description":"Bremsenreiniger ist ein leistungsstarkes Reinigungs- und Entfettungsmittel, das auf sehr vielen Metallteilen und Oberfl\u00e4chen.","robots":{"index":"index","follow":"follow","max-snippet":"max-snippet:-1","max-image-preview":"max-image-preview:large","max-video-preview":"max-video-preview:-1"},"canonical":"https:\/\/www.holtsauto.com\/de\/produkte\/technische-sprays\/bremsenreiniger\/","og_locale":"de_DE","og_type":"article","og_title":"Bremsenreiniger | Produkte | Holts DE","og_description":"Bremsenreiniger ist ein leistungsstarkes Reinigungs- und Entfettungsmittel, das auf sehr vielen Metallteilen und Oberfl\u00e4chen.","og_url":"https:\/\/www.holtsauto.com\/de\/produkte\/technische-sprays\/bremsenreiniger\/","og_site_name":"Holts Auto Site","article_modified_time":"2025-07-30T13:14:30+00:00","og_image":[{"width":2000,"height":2000,"url":"https:\/\/www.holtsauto.com\/wp-content\/uploads\/2024\/08\/52460600131_Holts-Pro-Brake-Cleaner-600ml-Web.png","type":"image\/png"}],"twitter_card":"summary_large_image","twitter_misc":{"Gesch\u00e4tzte Lesezeit":"1 Minute"},"schema":{"@context":"https:\/\/schema.org","@graph":[{"@type":"WebPage","@id":"https:\/\/www.holtsauto.com\/de\/produkte\/technische-sprays\/bremsenreiniger\/","url":"https:\/\/www.holtsauto.com\/de\/produkte\/technische-sprays\/bremsenreiniger\/","name":"Bremsenreiniger | Produkte | Holts DE","isPartOf":{"@id":"https:\/\/www.holtsauto.com\/de\/#website"},"primaryImageOfPage":{"@id":"https:\/\/www.holtsauto.com\/de\/produkte\/technische-sprays\/bremsenreiniger\/#primaryimage"},"image":{"@id":"https:\/\/www.holtsauto.com\/de\/produkte\/technische-sprays\/bremsenreiniger\/#primaryimage"},"thumbnailUrl":"https:\/\/www.holtsauto.com\/wp-content\/uploads\/2024\/08\/52460600131_Holts-Pro-Brake-Cleaner-600ml-Web.png","datePublished":"2025-07-26T12:34:47+00:00","dateModified":"2025-07-30T13:14:30+00:00","description":"Bremsenreiniger ist ein leistungsstarkes Reinigungs- und Entfettungsmittel, das auf sehr vielen Metallteilen und Oberfl\u00e4chen.","breadcrumb":{"@id":"https:\/\/www.holtsauto.com\/de\/produkte\/technische-sprays\/bremsenreiniger\/#breadcrumb"},"inLanguage":"de-DE","potentialAction":[{"@type":"ReadAction","target":["https:\/\/www.holtsauto.com\/de\/produkte\/technische-sprays\/bremsenreiniger\/"]}]},{"@type":"ImageObject","inLanguage":"de-DE","@id":"https:\/\/www.holtsauto.com\/de\/produkte\/technische-sprays\/bremsenreiniger\/#primaryimage","url":"https:\/\/www.holtsauto.com\/wp-content\/uploads\/2024\/08\/52460600131_Holts-Pro-Brake-Cleaner-600ml-Web.png","contentUrl":"https:\/\/www.holtsauto.com\/wp-content\/uploads\/2024\/08\/52460600131_Holts-Pro-Brake-Cleaner-600ml-Web.png","width":2000,"height":2000,"caption":"holts brake cleaner 600ml"},{"@type":"BreadcrumbList","@id":"https:\/\/www.holtsauto.com\/de\/produkte\/technische-sprays\/bremsenreiniger\/#breadcrumb","itemListElement":[{"@type":"ListItem","position":1,"name":"Home","item":"https:\/\/www.holtsauto.com\/de\/"},{"@type":"ListItem","position":2,"name":"Produkte","item":"https:\/\/www.holtsauto.com\/de\/produkte\/"},{"@type":"ListItem","position":3,"name":"Bremsenreiniger"}]},{"@type":"WebSite","@id":"https:\/\/www.holtsauto.com\/de\/#website","url":"https:\/\/www.holtsauto.com\/de\/","name":"Holts Auto","description":"","potentialAction":[{"@type":"SearchAction","target":{"@type":"EntryPoint","urlTemplate":"https:\/\/www.holtsauto.com\/de\/?s={search_term_string}"},"query-input":{"@type":"PropertyValueSpecification","valueRequired":true,"valueName":"search_term_string"}}],"inLanguage":"de-DE"}]}},"_links":{"self":[{"href":"https:\/\/www.holtsauto.com\/de\/wp-json\/wp\/v2\/product\/10820","targetHints":{"allow":["GET"]}}],"collection":[{"href":"https:\/\/www.holtsauto.com\/de\/wp-json\/wp\/v2\/product"}],"about":[{"href":"https:\/\/www.holtsauto.com\/de\/wp-json\/wp\/v2\/types\/product"}],"replies":[{"embeddable":true,"href":"https:\/\/www.holtsauto.com\/de\/wp-json\/wp\/v2\/comments?post=10820"}],"wp:featuredmedia":[{"embeddable":true,"href":"https:\/\/www.holtsauto.com\/de\/wp-json\/wp\/v2\/media\/13541"}],"wp:attachment":[{"href":"https:\/\/www.holtsauto.com\/de\/wp-json\/wp\/v2\/media?parent=10820"}],"wp:term":[{"taxonomy":"product_brand","embeddable":true,"href":"https:\/\/www.holtsauto.com\/de\/wp-json\/wp\/v2\/product_brand?post=10820"},{"taxonomy":"product_cat","embeddable":true,"href":"https:\/\/www.holtsauto.com\/de\/wp-json\/wp\/v2\/product_cat?post=10820"},{"taxonomy":"product_tag","embeddable":true,"href":"https:\/\/www.holtsauto.com\/de\/wp-json\/wp\/v2\/product_tag?post=10820"}],"curies":[{"name":"wp","href":"https:\/\/api.w.org\/{rel}","templated":true}]}}