{"id":10821,"date":"2017-07-26T11:59:55","date_gmt":"2017-07-26T11:59:55","guid":{"rendered":"https:\/\/www.holtsauto.com\/de\/?post_type=product&#038;p=372"},"modified":"2025-02-06T11:35:26","modified_gmt":"2025-02-06T11:35:26","slug":"radweld-kuhler-dicht-plus","status":"publish","type":"product","link":"https:\/\/www.holtsauto.com\/de\/produkte\/kuehler-dicht\/radweld-kuhler-dicht-plus\/","title":{"rendered":"Radweld K\u00fchler Dicht Plus"},"content":{"rendered":"<p><span style=\"font-weight: 400;\">Radweld K\u00fchler Dicht Plus ist die Komplettl\u00f6sung zur Reparatur von K\u00fchlmittellecks, die speziell mit einer Korrosionsschutzformel entwickelt wurde, die ein gesundes K\u00fchlmittelsystem sch\u00fctzt und aufrechterh\u00e4lt und gleichzeitig die Notwendigkeit einer Systementleerung \u00fcberfl\u00fcssig macht.<\/span><\/p>\n<p><span style=\"font-weight: 400;\">Sparen Sie sich angesichts der steigenden Kosten f\u00fcr Autoersatzteile mit Radweld K\u00fchler Dicht Plus das Geld und die M\u00fche, Ihr Auto in die Werkstatt zu bringen. Wir haben unser technisches Know-how genutzt, um Ihnen Zeit und Geld zu sparen.<\/span><\/p>\n<p><span style=\"font-weight: 400;\">Es k\u00f6nnte nicht einfacher sein, Ihr K\u00fchlmittelleck mit Radweld Plus zu reparieren \u2013 Sie m\u00fcssen es nur einf\u00fcllen und die Undichtigkeiten lokalisieren und abdichten lassen. Es dichtet in wenigen Minuten ab, ohne dass es zu Verstopfungen oder sch\u00e4dlichen Auswirkungen kommt.<\/span><\/p>\n","protected":false},"excerpt":{"rendered":"<p><span style=\"font-weight: 400;\">Radweld K\u00fchler Dicht Plus ist die umfassende Reparatur von K\u00fchlmittellecks, die speziell mit einer Korrosionsschutzformel entwickelt wurde, die ein gesundes K\u00fchlmittelsystem sch\u00fctzt und aufrechterh\u00e4lt.<\/span><\/p>\n<ul>\n<li>Versiegelt in wenigen Minuten, ohne Verstopfung oder sch\u00e4dliche Auswirkungen<\/li>\n<li>Verhindert zuk\u00fcnftige Lecks<\/li>\n<li>F\u00fcr eine Reparatur in wenigen Minuten einfach gie\u00dfen<\/li>\n<\/ul>\n","protected":false},"featured_media":11045,"comment_status":"closed","ping_status":"closed","template":"","meta":{"_acf_changed":false,"inline_featured_image":false},"product_brand":[],"product_cat":[387],"product_tag":[],"class_list":{"0":"post-10821","1":"product","2":"type-product","3":"status-publish","4":"has-post-thumbnail","6":"product_cat-kuehler-dicht","8":"first","9":"instock","10":"shipping-taxable","11":"purchasable","12":"product-type-simple"},"acf":[],"yoast_head":"<!-- This site is optimized with the Yoast SEO plugin v27.3 - https:\/\/yoast.com\/product\/yoast-seo-wordpress\/ -->\n<title>Radweld K\u00fchler Dicht Plus | Produkte | Holts DE<\/title>\n<meta name=\"description\" content=\"Radweld K\u00fchler Dicht Plus ist f\u00fcr alle Fahrzeuge geeignet und vermischt sich mit allen K\u00fchlmitteln\/Frostschutzmitteln, ohne dass das K\u00fchlsystem entleert.\" \/>\n<meta name=\"robots\" content=\"index, follow, max-snippet:-1, max-image-preview:large, max-video-preview:-1\" \/>\n<link rel=\"canonical\" href=\"https:\/\/www.holtsauto.com\/de\/produkte\/kuehler-dicht\/radweld-kuhler-dicht-plus\/\" \/>\n<meta property=\"og:locale\" content=\"de_DE\" \/>\n<meta property=\"og:type\" content=\"article\" \/>\n<meta property=\"og:title\" content=\"Radweld K\u00fchler Dicht Plus | Produkte | Holts DE\" \/>\n<meta property=\"og:description\" content=\"Radweld K\u00fchler Dicht Plus ist f\u00fcr alle Fahrzeuge geeignet und vermischt sich mit allen K\u00fchlmitteln\/Frostschutzmitteln, ohne dass das K\u00fchlsystem entleert.\" \/>\n<meta property=\"og:url\" content=\"https:\/\/www.holtsauto.com\/de\/produkte\/kuehler-dicht\/radweld-kuhler-dicht-plus\/\" \/>\n<meta property=\"og:site_name\" content=\"Holts Auto Site\" \/>\n<meta property=\"article:modified_time\" content=\"2025-02-06T11:35:26+00:00\" \/>\n<meta property=\"og:image\" content=\"https:\/\/www.holtsauto.com\/wp-content\/uploads\/2015\/10\/anti-fuites-plus.png\" \/>\n\t<meta property=\"og:image:width\" content=\"2000\" \/>\n\t<meta property=\"og:image:height\" content=\"2000\" \/>\n\t<meta property=\"og:image:type\" content=\"image\/png\" \/>\n<meta name=\"twitter:card\" content=\"summary_large_image\" \/>\n<meta name=\"twitter:label1\" content=\"Gesch\u00e4tzte Lesezeit\" \/>\n\t<meta name=\"twitter:data1\" content=\"1 Minute\" \/>\n<script type=\"application\/ld+json\" class=\"yoast-schema-graph\">{\"@context\":\"https:\\\/\\\/schema.org\",\"@graph\":[{\"@type\":\"WebPage\",\"@id\":\"https:\\\/\\\/www.holtsauto.com\\\/de\\\/produkte\\\/kuehler-dicht\\\/radweld-kuhler-dicht-plus\\\/\",\"url\":\"https:\\\/\\\/www.holtsauto.com\\\/de\\\/produkte\\\/kuehler-dicht\\\/radweld-kuhler-dicht-plus\\\/\",\"name\":\"Radweld K\u00fchler Dicht Plus | Produkte | Holts DE\",\"isPartOf\":{\"@id\":\"https:\\\/\\\/www.holtsauto.com\\\/de\\\/#website\"},\"primaryImageOfPage\":{\"@id\":\"https:\\\/\\\/www.holtsauto.com\\\/de\\\/produkte\\\/kuehler-dicht\\\/radweld-kuhler-dicht-plus\\\/#primaryimage\"},\"image\":{\"@id\":\"https:\\\/\\\/www.holtsauto.com\\\/de\\\/produkte\\\/kuehler-dicht\\\/radweld-kuhler-dicht-plus\\\/#primaryimage\"},\"thumbnailUrl\":\"https:\\\/\\\/www.holtsauto.com\\\/wp-content\\\/uploads\\\/2015\\\/10\\\/anti-fuites-plus.png\",\"datePublished\":\"2017-07-26T11:59:55+00:00\",\"dateModified\":\"2025-02-06T11:35:26+00:00\",\"description\":\"Radweld K\u00fchler Dicht Plus ist f\u00fcr alle Fahrzeuge geeignet und vermischt sich mit allen K\u00fchlmitteln\\\/Frostschutzmitteln, ohne dass das K\u00fchlsystem entleert.\",\"breadcrumb\":{\"@id\":\"https:\\\/\\\/www.holtsauto.com\\\/de\\\/produkte\\\/kuehler-dicht\\\/radweld-kuhler-dicht-plus\\\/#breadcrumb\"},\"inLanguage\":\"de-DE\",\"potentialAction\":[{\"@type\":\"ReadAction\",\"target\":[\"https:\\\/\\\/www.holtsauto.com\\\/de\\\/produkte\\\/kuehler-dicht\\\/radweld-kuhler-dicht-plus\\\/\"]}]},{\"@type\":\"ImageObject\",\"inLanguage\":\"de-DE\",\"@id\":\"https:\\\/\\\/www.holtsauto.com\\\/de\\\/produkte\\\/kuehler-dicht\\\/radweld-kuhler-dicht-plus\\\/#primaryimage\",\"url\":\"https:\\\/\\\/www.holtsauto.com\\\/wp-content\\\/uploads\\\/2015\\\/10\\\/anti-fuites-plus.png\",\"contentUrl\":\"https:\\\/\\\/www.holtsauto.com\\\/wp-content\\\/uploads\\\/2015\\\/10\\\/anti-fuites-plus.png\",\"width\":2000,\"height\":2000,\"caption\":\"Anti-Fuites Radiateur Formule Plus holts\"},{\"@type\":\"BreadcrumbList\",\"@id\":\"https:\\\/\\\/www.holtsauto.com\\\/de\\\/produkte\\\/kuehler-dicht\\\/radweld-kuhler-dicht-plus\\\/#breadcrumb\",\"itemListElement\":[{\"@type\":\"ListItem\",\"position\":1,\"name\":\"Home\",\"item\":\"https:\\\/\\\/www.holtsauto.com\\\/de\\\/\"},{\"@type\":\"ListItem\",\"position\":2,\"name\":\"Produkte\",\"item\":\"https:\\\/\\\/www.holtsauto.com\\\/de\\\/produkte\\\/\"},{\"@type\":\"ListItem\",\"position\":3,\"name\":\"Radweld K\u00fchler Dicht Plus\"}]},{\"@type\":\"WebSite\",\"@id\":\"https:\\\/\\\/www.holtsauto.com\\\/de\\\/#website\",\"url\":\"https:\\\/\\\/www.holtsauto.com\\\/de\\\/\",\"name\":\"Holts Auto\",\"description\":\"\",\"potentialAction\":[{\"@type\":\"SearchAction\",\"target\":{\"@type\":\"EntryPoint\",\"urlTemplate\":\"https:\\\/\\\/www.holtsauto.com\\\/de\\\/?s={search_term_string}\"},\"query-input\":{\"@type\":\"PropertyValueSpecification\",\"valueRequired\":true,\"valueName\":\"search_term_string\"}}],\"inLanguage\":\"de-DE\"}]}<\/script>\n<!-- \/ Yoast SEO plugin. -->","yoast_head_json":{"title":"Radweld K\u00fchler Dicht Plus | Produkte | Holts DE","description":"Radweld K\u00fchler Dicht Plus ist f\u00fcr alle Fahrzeuge geeignet und vermischt sich mit allen K\u00fchlmitteln\/Frostschutzmitteln, ohne dass das K\u00fchlsystem entleert.","robots":{"index":"index","follow":"follow","max-snippet":"max-snippet:-1","max-image-preview":"max-image-preview:large","max-video-preview":"max-video-preview:-1"},"canonical":"https:\/\/www.holtsauto.com\/de\/produkte\/kuehler-dicht\/radweld-kuhler-dicht-plus\/","og_locale":"de_DE","og_type":"article","og_title":"Radweld K\u00fchler Dicht Plus | Produkte | Holts DE","og_description":"Radweld K\u00fchler Dicht Plus ist f\u00fcr alle Fahrzeuge geeignet und vermischt sich mit allen K\u00fchlmitteln\/Frostschutzmitteln, ohne dass das K\u00fchlsystem entleert.","og_url":"https:\/\/www.holtsauto.com\/de\/produkte\/kuehler-dicht\/radweld-kuhler-dicht-plus\/","og_site_name":"Holts Auto Site","article_modified_time":"2025-02-06T11:35:26+00:00","og_image":[{"width":2000,"height":2000,"url":"https:\/\/www.holtsauto.com\/wp-content\/uploads\/2015\/10\/anti-fuites-plus.png","type":"image\/png"}],"twitter_card":"summary_large_image","twitter_misc":{"Gesch\u00e4tzte Lesezeit":"1 Minute"},"schema":{"@context":"https:\/\/schema.org","@graph":[{"@type":"WebPage","@id":"https:\/\/www.holtsauto.com\/de\/produkte\/kuehler-dicht\/radweld-kuhler-dicht-plus\/","url":"https:\/\/www.holtsauto.com\/de\/produkte\/kuehler-dicht\/radweld-kuhler-dicht-plus\/","name":"Radweld K\u00fchler Dicht Plus | Produkte | Holts DE","isPartOf":{"@id":"https:\/\/www.holtsauto.com\/de\/#website"},"primaryImageOfPage":{"@id":"https:\/\/www.holtsauto.com\/de\/produkte\/kuehler-dicht\/radweld-kuhler-dicht-plus\/#primaryimage"},"image":{"@id":"https:\/\/www.holtsauto.com\/de\/produkte\/kuehler-dicht\/radweld-kuhler-dicht-plus\/#primaryimage"},"thumbnailUrl":"https:\/\/www.holtsauto.com\/wp-content\/uploads\/2015\/10\/anti-fuites-plus.png","datePublished":"2017-07-26T11:59:55+00:00","dateModified":"2025-02-06T11:35:26+00:00","description":"Radweld K\u00fchler Dicht Plus ist f\u00fcr alle Fahrzeuge geeignet und vermischt sich mit allen K\u00fchlmitteln\/Frostschutzmitteln, ohne dass das K\u00fchlsystem entleert.","breadcrumb":{"@id":"https:\/\/www.holtsauto.com\/de\/produkte\/kuehler-dicht\/radweld-kuhler-dicht-plus\/#breadcrumb"},"inLanguage":"de-DE","potentialAction":[{"@type":"ReadAction","target":["https:\/\/www.holtsauto.com\/de\/produkte\/kuehler-dicht\/radweld-kuhler-dicht-plus\/"]}]},{"@type":"ImageObject","inLanguage":"de-DE","@id":"https:\/\/www.holtsauto.com\/de\/produkte\/kuehler-dicht\/radweld-kuhler-dicht-plus\/#primaryimage","url":"https:\/\/www.holtsauto.com\/wp-content\/uploads\/2015\/10\/anti-fuites-plus.png","contentUrl":"https:\/\/www.holtsauto.com\/wp-content\/uploads\/2015\/10\/anti-fuites-plus.png","width":2000,"height":2000,"caption":"Anti-Fuites Radiateur Formule Plus holts"},{"@type":"BreadcrumbList","@id":"https:\/\/www.holtsauto.com\/de\/produkte\/kuehler-dicht\/radweld-kuhler-dicht-plus\/#breadcrumb","itemListElement":[{"@type":"ListItem","position":1,"name":"Home","item":"https:\/\/www.holtsauto.com\/de\/"},{"@type":"ListItem","position":2,"name":"Produkte","item":"https:\/\/www.holtsauto.com\/de\/produkte\/"},{"@type":"ListItem","position":3,"name":"Radweld K\u00fchler Dicht Plus"}]},{"@type":"WebSite","@id":"https:\/\/www.holtsauto.com\/de\/#website","url":"https:\/\/www.holtsauto.com\/de\/","name":"Holts Auto","description":"","potentialAction":[{"@type":"SearchAction","target":{"@type":"EntryPoint","urlTemplate":"https:\/\/www.holtsauto.com\/de\/?s={search_term_string}"},"query-input":{"@type":"PropertyValueSpecification","valueRequired":true,"valueName":"search_term_string"}}],"inLanguage":"de-DE"}]}},"_links":{"self":[{"href":"https:\/\/www.holtsauto.com\/de\/wp-json\/wp\/v2\/product\/10821","targetHints":{"allow":["GET"]}}],"collection":[{"href":"https:\/\/www.holtsauto.com\/de\/wp-json\/wp\/v2\/product"}],"about":[{"href":"https:\/\/www.holtsauto.com\/de\/wp-json\/wp\/v2\/types\/product"}],"replies":[{"embeddable":true,"href":"https:\/\/www.holtsauto.com\/de\/wp-json\/wp\/v2\/comments?post=10821"}],"wp:featuredmedia":[{"embeddable":true,"href":"https:\/\/www.holtsauto.com\/de\/wp-json\/wp\/v2\/media\/11045"}],"wp:attachment":[{"href":"https:\/\/www.holtsauto.com\/de\/wp-json\/wp\/v2\/media?parent=10821"}],"wp:term":[{"taxonomy":"product_brand","embeddable":true,"href":"https:\/\/www.holtsauto.com\/de\/wp-json\/wp\/v2\/product_brand?post=10821"},{"taxonomy":"product_cat","embeddable":true,"href":"https:\/\/www.holtsauto.com\/de\/wp-json\/wp\/v2\/product_cat?post=10821"},{"taxonomy":"product_tag","embeddable":true,"href":"https:\/\/www.holtsauto.com\/de\/wp-json\/wp\/v2\/product_tag?post=10821"}],"curies":[{"name":"wp","href":"https:\/\/api.w.org\/{rel}","templated":true}]}}