{"id":10822,"date":"2017-07-26T11:58:40","date_gmt":"2017-07-26T11:58:40","guid":{"rendered":"https:\/\/www.holtsauto.com\/de\/?post_type=product&#038;p=378"},"modified":"2025-02-06T11:35:55","modified_gmt":"2025-02-06T11:35:55","slug":"radweld-kuhler-dicht","status":"publish","type":"product","link":"https:\/\/www.holtsauto.com\/de\/produkte\/kuehler-dicht\/radweld-kuhler-dicht\/","title":{"rendered":"Radweld K\u00fchler Dicht"},"content":{"rendered":"<p><span style=\"font-weight: 400;\">Radweld K\u00fchler Dicht dichtet nachweislich kleine L\u00f6cher, Risse und Risse im K\u00fchlsystem ab und erm\u00f6glicht so eine dauerhafte Reparatur zu einem Bruchteil des Ersatzteilpreises.<\/span><\/p>\n<p><span style=\"font-weight: 400;\">Dampf aus Ihrem K\u00fchler und ein \u00fcberhitzter Motor m\u00fcssen Ihren Tag nicht ruinieren oder die Reparatur ein Verm\u00f6gen kosten. Mit seiner fortschrittlichen Formel bek\u00e4mpft Holts Radweld K\u00fchler Dicht Lecks im K\u00fchlsystem Ihres Autos und dichtet L\u00fccken und L\u00f6cher sicher ab, ohne Sch\u00e4den oder Verstopfungen im Motor zu verursachen.<\/span><\/p>\n<p><span style=\"font-weight: 400;\">Radweld K\u00fchler Dicht ist f\u00fcr alle Autos geeignet und vermischt sich mit allen Arten von K\u00fchl-\/Frostschutzmitteln, die sich bereits im K\u00fchlsystem befinden. F\u00fcr die Verwendung von Radweld K\u00fchler Dicht ist keine besondere Vorbereitung erforderlich und das K\u00fchlsystem muss nicht entleert oder gesp\u00fclt werden.<\/span><\/p>\n<p><span style=\"font-weight: 400;\">Radweld verhindert au\u00dferdem k\u00fcnftige Undichtigkeiten, sodass Ihr Auto l\u00e4nger auf der Stra\u00dfe bleibt. Durch die Behandlung von Korrosions- und Lochfra\u00dfbereichen an der Quelle verl\u00e4ngert das Produkt effektiv die Lebensdauer Ihres K\u00fchlmittels\/Frostschutzmittels und einzelner Komponenten im K\u00fchlsystem, was dazu beitr\u00e4gt, zuk\u00fcnftige Lecks zu verhindern und gleichzeitig die Wirksamkeit der Motork\u00fchlung l\u00e4nger aufrechtzuerhalten.<\/span><\/p>\n<p><span style=\"font-weight: 400;\">Radweld K\u00fchler Dicht beginnt sofort zu wirken und zirkuliert durch das K\u00fchlsystem, um eine dauerhafte und langanhaltende Reparatur zu erzielen. Noch nie war es einfacher und bequemer, Probleme im K\u00fchlsystem Ihres Autos zu behandeln und zu beheben.<\/span><\/p>\n<p><span style=\"font-weight: 400;\">Einfach gie\u00dfen und fixieren, einfacher geht es nicht. Radweld arbeitet sich dann durch das System, um K\u00fchlerlecks zu bek\u00e4mpfen, ohne das System zu besch\u00e4digen oder zu verstopfen.<\/span><\/p>\n<p><span style=\"font-weight: 400;\">Ganz gleich, wo sich das Leck oder der Problembereich im K\u00fchlsystem Ihres Autos befindet, die Spezialformel von Radweld sucht nach L\u00f6chern, Rissen und Abriebstellen und verbindet sich mit dem Material, um eine dauerhafte Reparatur zu erm\u00f6glichen. F\u00fcr absoluten Komfort wird das Produkt direkt auf den K\u00fchlmittel-\/Frostschutzbeh\u00e4lter aufgetragen, ohne dass das System gesp\u00fclt werden muss.<\/span><\/p>\n","protected":false},"excerpt":{"rendered":"<p><span style=\"font-weight: 400;\">Holts Radweld K\u00fchler Dicht ist ein Reparaturprodukt, das zum Abdichten kleiner Lecks im K\u00fchlsystem entwickelt wurde.<\/span><\/p>\n<ul>\n<li><span style=\"font-weight: 400;\">Stoppt Lecks in K\u00fchlern und Schl\u00e4uchen<\/span><\/li>\n<li><span style=\"font-weight: 400;\">Versiegelt in wenigen Minuten, ohne Verstopfung oder sch\u00e4dliche Auswirkungen<\/span><\/li>\n<li><span style=\"font-weight: 400;\">Verhindert zuk\u00fcnftige Lecks<\/span><\/li>\n<li><span style=\"font-weight: 400;\">F\u00fcr eine Reparatur in wenigen Minuten einfach gie\u00dfen<\/span><\/li>\n<\/ul>\n","protected":false},"featured_media":11074,"comment_status":"closed","ping_status":"closed","template":"","meta":{"_acf_changed":false,"inline_featured_image":false},"product_brand":[],"product_cat":[387],"product_tag":[],"class_list":{"0":"post-10822","1":"product","2":"type-product","3":"status-publish","4":"has-post-thumbnail","6":"product_cat-kuehler-dicht","8":"first","9":"instock","10":"shipping-taxable","11":"purchasable","12":"product-type-simple"},"acf":[],"yoast_head":"<!-- This site is optimized with the Yoast SEO plugin v27.5 - https:\/\/yoast.com\/product\/yoast-seo-wordpress\/ -->\n<title>Radweld K\u00fchler Dicht | Produkte | Holts DE<\/title>\n<meta name=\"description\" content=\"Radweld K\u00fchler Dicht ist eine einfach anzuwendende L\u00f6sung zur dauerhaften Reparatur von Undichtigkeiten im K\u00fchlsystem eines Motors.\" \/>\n<meta name=\"robots\" content=\"index, follow, max-snippet:-1, max-image-preview:large, max-video-preview:-1\" \/>\n<link rel=\"canonical\" href=\"https:\/\/www.holtsauto.com\/de\/produkte\/kuehler-dicht\/radweld-kuhler-dicht\/\" \/>\n<meta property=\"og:locale\" content=\"de_DE\" \/>\n<meta property=\"og:type\" content=\"article\" \/>\n<meta property=\"og:title\" content=\"Radweld K\u00fchler Dicht | Produkte | Holts DE\" \/>\n<meta property=\"og:description\" content=\"Radweld K\u00fchler Dicht ist eine einfach anzuwendende L\u00f6sung zur dauerhaften Reparatur von Undichtigkeiten im K\u00fchlsystem eines Motors.\" \/>\n<meta property=\"og:url\" content=\"https:\/\/www.holtsauto.com\/de\/produkte\/kuehler-dicht\/radweld-kuhler-dicht\/\" \/>\n<meta property=\"og:site_name\" content=\"Holts Auto Site\" \/>\n<meta property=\"article:modified_time\" content=\"2025-02-06T11:35:55+00:00\" \/>\n<meta property=\"og:image\" content=\"https:\/\/www.holtsauto.com\/wp-content\/uploads\/2015\/10\/anti-fuites-holts-france.png\" \/>\n\t<meta property=\"og:image:width\" content=\"2000\" \/>\n\t<meta property=\"og:image:height\" content=\"2000\" \/>\n\t<meta property=\"og:image:type\" content=\"image\/png\" \/>\n<meta name=\"twitter:card\" content=\"summary_large_image\" \/>\n<meta name=\"twitter:label1\" content=\"Gesch\u00e4tzte Lesezeit\" \/>\n\t<meta name=\"twitter:data1\" content=\"2 Minuten\" \/>\n<script type=\"application\/ld+json\" class=\"yoast-schema-graph\">{\"@context\":\"https:\\\/\\\/schema.org\",\"@graph\":[{\"@type\":\"WebPage\",\"@id\":\"https:\\\/\\\/www.holtsauto.com\\\/de\\\/produkte\\\/kuehler-dicht\\\/radweld-kuhler-dicht\\\/\",\"url\":\"https:\\\/\\\/www.holtsauto.com\\\/de\\\/produkte\\\/kuehler-dicht\\\/radweld-kuhler-dicht\\\/\",\"name\":\"Radweld K\u00fchler Dicht | Produkte | Holts DE\",\"isPartOf\":{\"@id\":\"https:\\\/\\\/www.holtsauto.com\\\/de\\\/#website\"},\"primaryImageOfPage\":{\"@id\":\"https:\\\/\\\/www.holtsauto.com\\\/de\\\/produkte\\\/kuehler-dicht\\\/radweld-kuhler-dicht\\\/#primaryimage\"},\"image\":{\"@id\":\"https:\\\/\\\/www.holtsauto.com\\\/de\\\/produkte\\\/kuehler-dicht\\\/radweld-kuhler-dicht\\\/#primaryimage\"},\"thumbnailUrl\":\"https:\\\/\\\/www.holtsauto.com\\\/wp-content\\\/uploads\\\/2015\\\/10\\\/anti-fuites-holts-france.png\",\"datePublished\":\"2017-07-26T11:58:40+00:00\",\"dateModified\":\"2025-02-06T11:35:55+00:00\",\"description\":\"Radweld K\u00fchler Dicht ist eine einfach anzuwendende L\u00f6sung zur dauerhaften Reparatur von Undichtigkeiten im K\u00fchlsystem eines Motors.\",\"breadcrumb\":{\"@id\":\"https:\\\/\\\/www.holtsauto.com\\\/de\\\/produkte\\\/kuehler-dicht\\\/radweld-kuhler-dicht\\\/#breadcrumb\"},\"inLanguage\":\"de-DE\",\"potentialAction\":[{\"@type\":\"ReadAction\",\"target\":[\"https:\\\/\\\/www.holtsauto.com\\\/de\\\/produkte\\\/kuehler-dicht\\\/radweld-kuhler-dicht\\\/\"]}]},{\"@type\":\"ImageObject\",\"inLanguage\":\"de-DE\",\"@id\":\"https:\\\/\\\/www.holtsauto.com\\\/de\\\/produkte\\\/kuehler-dicht\\\/radweld-kuhler-dicht\\\/#primaryimage\",\"url\":\"https:\\\/\\\/www.holtsauto.com\\\/wp-content\\\/uploads\\\/2015\\\/10\\\/anti-fuites-holts-france.png\",\"contentUrl\":\"https:\\\/\\\/www.holtsauto.com\\\/wp-content\\\/uploads\\\/2015\\\/10\\\/anti-fuites-holts-france.png\",\"width\":2000,\"height\":2000,\"caption\":\"anti-fuites-holts-france\"},{\"@type\":\"BreadcrumbList\",\"@id\":\"https:\\\/\\\/www.holtsauto.com\\\/de\\\/produkte\\\/kuehler-dicht\\\/radweld-kuhler-dicht\\\/#breadcrumb\",\"itemListElement\":[{\"@type\":\"ListItem\",\"position\":1,\"name\":\"Home\",\"item\":\"https:\\\/\\\/www.holtsauto.com\\\/de\\\/\"},{\"@type\":\"ListItem\",\"position\":2,\"name\":\"Produkte\",\"item\":\"https:\\\/\\\/www.holtsauto.com\\\/de\\\/produkte\\\/\"},{\"@type\":\"ListItem\",\"position\":3,\"name\":\"Radweld K\u00fchler Dicht\"}]},{\"@type\":\"WebSite\",\"@id\":\"https:\\\/\\\/www.holtsauto.com\\\/de\\\/#website\",\"url\":\"https:\\\/\\\/www.holtsauto.com\\\/de\\\/\",\"name\":\"Holts Auto\",\"description\":\"\",\"potentialAction\":[{\"@type\":\"SearchAction\",\"target\":{\"@type\":\"EntryPoint\",\"urlTemplate\":\"https:\\\/\\\/www.holtsauto.com\\\/de\\\/?s={search_term_string}\"},\"query-input\":{\"@type\":\"PropertyValueSpecification\",\"valueRequired\":true,\"valueName\":\"search_term_string\"}}],\"inLanguage\":\"de-DE\"}]}<\/script>\n<!-- \/ Yoast SEO plugin. -->","yoast_head_json":{"title":"Radweld K\u00fchler Dicht | Produkte | Holts DE","description":"Radweld K\u00fchler Dicht ist eine einfach anzuwendende L\u00f6sung zur dauerhaften Reparatur von Undichtigkeiten im K\u00fchlsystem eines Motors.","robots":{"index":"index","follow":"follow","max-snippet":"max-snippet:-1","max-image-preview":"max-image-preview:large","max-video-preview":"max-video-preview:-1"},"canonical":"https:\/\/www.holtsauto.com\/de\/produkte\/kuehler-dicht\/radweld-kuhler-dicht\/","og_locale":"de_DE","og_type":"article","og_title":"Radweld K\u00fchler Dicht | Produkte | Holts DE","og_description":"Radweld K\u00fchler Dicht ist eine einfach anzuwendende L\u00f6sung zur dauerhaften Reparatur von Undichtigkeiten im K\u00fchlsystem eines Motors.","og_url":"https:\/\/www.holtsauto.com\/de\/produkte\/kuehler-dicht\/radweld-kuhler-dicht\/","og_site_name":"Holts Auto Site","article_modified_time":"2025-02-06T11:35:55+00:00","og_image":[{"width":2000,"height":2000,"url":"https:\/\/www.holtsauto.com\/wp-content\/uploads\/2015\/10\/anti-fuites-holts-france.png","type":"image\/png"}],"twitter_card":"summary_large_image","twitter_misc":{"Gesch\u00e4tzte Lesezeit":"2 Minuten"},"schema":{"@context":"https:\/\/schema.org","@graph":[{"@type":"WebPage","@id":"https:\/\/www.holtsauto.com\/de\/produkte\/kuehler-dicht\/radweld-kuhler-dicht\/","url":"https:\/\/www.holtsauto.com\/de\/produkte\/kuehler-dicht\/radweld-kuhler-dicht\/","name":"Radweld K\u00fchler Dicht | Produkte | Holts DE","isPartOf":{"@id":"https:\/\/www.holtsauto.com\/de\/#website"},"primaryImageOfPage":{"@id":"https:\/\/www.holtsauto.com\/de\/produkte\/kuehler-dicht\/radweld-kuhler-dicht\/#primaryimage"},"image":{"@id":"https:\/\/www.holtsauto.com\/de\/produkte\/kuehler-dicht\/radweld-kuhler-dicht\/#primaryimage"},"thumbnailUrl":"https:\/\/www.holtsauto.com\/wp-content\/uploads\/2015\/10\/anti-fuites-holts-france.png","datePublished":"2017-07-26T11:58:40+00:00","dateModified":"2025-02-06T11:35:55+00:00","description":"Radweld K\u00fchler Dicht ist eine einfach anzuwendende L\u00f6sung zur dauerhaften Reparatur von Undichtigkeiten im K\u00fchlsystem eines Motors.","breadcrumb":{"@id":"https:\/\/www.holtsauto.com\/de\/produkte\/kuehler-dicht\/radweld-kuhler-dicht\/#breadcrumb"},"inLanguage":"de-DE","potentialAction":[{"@type":"ReadAction","target":["https:\/\/www.holtsauto.com\/de\/produkte\/kuehler-dicht\/radweld-kuhler-dicht\/"]}]},{"@type":"ImageObject","inLanguage":"de-DE","@id":"https:\/\/www.holtsauto.com\/de\/produkte\/kuehler-dicht\/radweld-kuhler-dicht\/#primaryimage","url":"https:\/\/www.holtsauto.com\/wp-content\/uploads\/2015\/10\/anti-fuites-holts-france.png","contentUrl":"https:\/\/www.holtsauto.com\/wp-content\/uploads\/2015\/10\/anti-fuites-holts-france.png","width":2000,"height":2000,"caption":"anti-fuites-holts-france"},{"@type":"BreadcrumbList","@id":"https:\/\/www.holtsauto.com\/de\/produkte\/kuehler-dicht\/radweld-kuhler-dicht\/#breadcrumb","itemListElement":[{"@type":"ListItem","position":1,"name":"Home","item":"https:\/\/www.holtsauto.com\/de\/"},{"@type":"ListItem","position":2,"name":"Produkte","item":"https:\/\/www.holtsauto.com\/de\/produkte\/"},{"@type":"ListItem","position":3,"name":"Radweld K\u00fchler Dicht"}]},{"@type":"WebSite","@id":"https:\/\/www.holtsauto.com\/de\/#website","url":"https:\/\/www.holtsauto.com\/de\/","name":"Holts Auto","description":"","potentialAction":[{"@type":"SearchAction","target":{"@type":"EntryPoint","urlTemplate":"https:\/\/www.holtsauto.com\/de\/?s={search_term_string}"},"query-input":{"@type":"PropertyValueSpecification","valueRequired":true,"valueName":"search_term_string"}}],"inLanguage":"de-DE"}]}},"_links":{"self":[{"href":"https:\/\/www.holtsauto.com\/de\/wp-json\/wp\/v2\/product\/10822","targetHints":{"allow":["GET"]}}],"collection":[{"href":"https:\/\/www.holtsauto.com\/de\/wp-json\/wp\/v2\/product"}],"about":[{"href":"https:\/\/www.holtsauto.com\/de\/wp-json\/wp\/v2\/types\/product"}],"replies":[{"embeddable":true,"href":"https:\/\/www.holtsauto.com\/de\/wp-json\/wp\/v2\/comments?post=10822"}],"wp:featuredmedia":[{"embeddable":true,"href":"https:\/\/www.holtsauto.com\/de\/wp-json\/wp\/v2\/media\/11074"}],"wp:attachment":[{"href":"https:\/\/www.holtsauto.com\/de\/wp-json\/wp\/v2\/media?parent=10822"}],"wp:term":[{"taxonomy":"product_brand","embeddable":true,"href":"https:\/\/www.holtsauto.com\/de\/wp-json\/wp\/v2\/product_brand?post=10822"},{"taxonomy":"product_cat","embeddable":true,"href":"https:\/\/www.holtsauto.com\/de\/wp-json\/wp\/v2\/product_cat?post=10822"},{"taxonomy":"product_tag","embeddable":true,"href":"https:\/\/www.holtsauto.com\/de\/wp-json\/wp\/v2\/product_tag?post=10822"}],"curies":[{"name":"wp","href":"https:\/\/api.w.org\/{rel}","templated":true}]}}