{"id":10823,"date":"2017-07-26T12:00:40","date_gmt":"2017-07-26T12:00:40","guid":{"rendered":"https:\/\/www.holtsauto.com\/de\/?post_type=product&#038;p=412"},"modified":"2025-02-06T11:34:05","modified_gmt":"2025-02-06T11:34:05","slug":"gun-gum","status":"publish","type":"product","link":"https:\/\/www.holtsauto.com\/de\/produkte\/auspuff-reparatur\/gun-gum\/","title":{"rendered":"Gun Gum Auspuffreparatur"},"content":{"rendered":"<p><span style=\"font-weight: 400;\">Holts Gun Gum Paste ist ein Auspuffreparatursystem, das kleine L\u00f6cher und Risse in einem Autoauspuff dauerhaft reparieren kann.<\/span><\/p>\n<p><span style=\"font-weight: 400;\">Das System besteht aus einer speziellen Paste und einer Auswahl an praktischem Zubeh\u00f6r. Es sorgt f\u00fcr eine gasdichte Abdichtung, sodass Sie einen Auspuff reparieren k\u00f6nnen, ohne Teile auszutauschen.<\/span><\/p>\n<p><span style=\"font-weight: 400;\">Das Gun Gum System ist einfach zu bedienen und eignet sich ideal zum Reparieren von L\u00f6chern und Rissen entlang der Abgasanlage.<\/span><\/p>\n<p><span style=\"font-weight: 400;\">Es spielt keine Rolle, wo am Auspuff das Problem auftritt. Dank unseres Sortiments an Bandagen und Zubeh\u00f6r k\u00f6nnen Sie sicher sein, dass sowohl gebogene und gerade Rohre als auch die Hauptk\u00e4sten dauerhaft repariert werden.<\/span><\/p>\n<p><span style=\"font-weight: 400;\">Holts Gun Gum ist ein Auspuffreparatursystem, das eine Reparaturpaste und Zubeh\u00f6r umfasst. Die Paste soll die Metallbandage fixieren und eine dauerhafte gasdichte Abdichtung gegen Undichtigkeiten gew\u00e4hrleisten.<\/span><\/p>\n<p><span style=\"font-weight: 400;\">Wir haben Gun Gum so konzipiert, dass es so einfach wie m\u00f6glich zu verwenden ist und dennoch eine professionelle und dauerhafte L\u00f6sung f\u00fcr kleine L\u00f6cher und Risse bietet.<\/span><\/p>\n","protected":false},"excerpt":{"rendered":"<p><span style=\"font-weight: 400;\">Holts Gun Gum ist ein Auspuff-Reparatursystem, das kleine L\u00f6cher und Risse in einem Autoauspuff dauerhaft reparieren kann.<\/span><\/p>\n<ul>\n<li><span style=\"font-weight: 400;\">Dauerhafte Reparatur garantiert<\/span><\/li>\n<li><span style=\"font-weight: 400;\">Einfach zu bedienen<\/span><\/li>\n<li><span style=\"font-weight: 400;\">G\u00fcnstiger als ein neuer Auspuff.<\/span><\/li>\n<\/ul>\n","protected":false},"featured_media":11378,"comment_status":"closed","ping_status":"closed","template":"","meta":{"_acf_changed":false,"inline_featured_image":false},"product_brand":[],"product_cat":[383],"product_tag":[],"class_list":{"0":"post-10823","1":"product","2":"type-product","3":"status-publish","4":"has-post-thumbnail","6":"product_cat-auspuff-reparatur","8":"first","9":"instock","10":"shipping-taxable","11":"purchasable","12":"product-type-simple"},"acf":[],"yoast_head":"<!-- This site is optimized with the Yoast SEO plugin v27.3 - https:\/\/yoast.com\/product\/yoast-seo-wordpress\/ -->\n<title>Gun Gum Auspuffreparatur | Produkte | Holts DE<\/title>\n<meta name=\"description\" content=\"Dieses Auspuffreparaturmittel versiegelt L\u00f6cher dauerhaft, h\u00e4lt den hohen Temperaturen des Auspuffs stand und sorgt f\u00fcr eine gasdichte Versiegelung.\" \/>\n<meta name=\"robots\" content=\"index, follow, max-snippet:-1, max-image-preview:large, max-video-preview:-1\" \/>\n<link rel=\"canonical\" href=\"https:\/\/www.holtsauto.com\/de\/produkte\/auspuff-reparatur\/gun-gum\/\" \/>\n<meta property=\"og:locale\" content=\"de_DE\" \/>\n<meta property=\"og:type\" content=\"article\" \/>\n<meta property=\"og:title\" content=\"Gun Gum Auspuffreparatur | Produkte | Holts DE\" \/>\n<meta property=\"og:description\" content=\"Dieses Auspuffreparaturmittel versiegelt L\u00f6cher dauerhaft, h\u00e4lt den hohen Temperaturen des Auspuffs stand und sorgt f\u00fcr eine gasdichte Versiegelung.\" \/>\n<meta property=\"og:url\" content=\"https:\/\/www.holtsauto.com\/de\/produkte\/auspuff-reparatur\/gun-gum\/\" \/>\n<meta property=\"og:site_name\" content=\"Holts Auto Site\" \/>\n<meta property=\"article:modified_time\" content=\"2025-02-06T11:34:05+00:00\" \/>\n<meta property=\"og:image\" content=\"https:\/\/www.holtsauto.com\/wp-content\/uploads\/2017\/07\/gun-gum-auspuffreparatur.png\" \/>\n\t<meta property=\"og:image:width\" content=\"2000\" \/>\n\t<meta property=\"og:image:height\" content=\"2000\" \/>\n\t<meta property=\"og:image:type\" content=\"image\/png\" \/>\n<meta name=\"twitter:card\" content=\"summary_large_image\" \/>\n<meta name=\"twitter:label1\" content=\"Gesch\u00e4tzte Lesezeit\" \/>\n\t<meta name=\"twitter:data1\" content=\"2 Minuten\" \/>\n<script type=\"application\/ld+json\" class=\"yoast-schema-graph\">{\"@context\":\"https:\\\/\\\/schema.org\",\"@graph\":[{\"@type\":\"WebPage\",\"@id\":\"https:\\\/\\\/www.holtsauto.com\\\/de\\\/produkte\\\/auspuff-reparatur\\\/gun-gum\\\/\",\"url\":\"https:\\\/\\\/www.holtsauto.com\\\/de\\\/produkte\\\/auspuff-reparatur\\\/gun-gum\\\/\",\"name\":\"Gun Gum Auspuffreparatur | Produkte | Holts DE\",\"isPartOf\":{\"@id\":\"https:\\\/\\\/www.holtsauto.com\\\/de\\\/#website\"},\"primaryImageOfPage\":{\"@id\":\"https:\\\/\\\/www.holtsauto.com\\\/de\\\/produkte\\\/auspuff-reparatur\\\/gun-gum\\\/#primaryimage\"},\"image\":{\"@id\":\"https:\\\/\\\/www.holtsauto.com\\\/de\\\/produkte\\\/auspuff-reparatur\\\/gun-gum\\\/#primaryimage\"},\"thumbnailUrl\":\"https:\\\/\\\/www.holtsauto.com\\\/wp-content\\\/uploads\\\/2017\\\/07\\\/gun-gum-auspuffreparatur.png\",\"datePublished\":\"2017-07-26T12:00:40+00:00\",\"dateModified\":\"2025-02-06T11:34:05+00:00\",\"description\":\"Dieses Auspuffreparaturmittel versiegelt L\u00f6cher dauerhaft, h\u00e4lt den hohen Temperaturen des Auspuffs stand und sorgt f\u00fcr eine gasdichte Versiegelung.\",\"breadcrumb\":{\"@id\":\"https:\\\/\\\/www.holtsauto.com\\\/de\\\/produkte\\\/auspuff-reparatur\\\/gun-gum\\\/#breadcrumb\"},\"inLanguage\":\"de-DE\",\"potentialAction\":[{\"@type\":\"ReadAction\",\"target\":[\"https:\\\/\\\/www.holtsauto.com\\\/de\\\/produkte\\\/auspuff-reparatur\\\/gun-gum\\\/\"]}]},{\"@type\":\"ImageObject\",\"inLanguage\":\"de-DE\",\"@id\":\"https:\\\/\\\/www.holtsauto.com\\\/de\\\/produkte\\\/auspuff-reparatur\\\/gun-gum\\\/#primaryimage\",\"url\":\"https:\\\/\\\/www.holtsauto.com\\\/wp-content\\\/uploads\\\/2017\\\/07\\\/gun-gum-auspuffreparatur.png\",\"contentUrl\":\"https:\\\/\\\/www.holtsauto.com\\\/wp-content\\\/uploads\\\/2017\\\/07\\\/gun-gum-auspuffreparatur.png\",\"width\":2000,\"height\":2000,\"caption\":\"holts gun gum auspuffreparatur paste\"},{\"@type\":\"BreadcrumbList\",\"@id\":\"https:\\\/\\\/www.holtsauto.com\\\/de\\\/produkte\\\/auspuff-reparatur\\\/gun-gum\\\/#breadcrumb\",\"itemListElement\":[{\"@type\":\"ListItem\",\"position\":1,\"name\":\"Home\",\"item\":\"https:\\\/\\\/www.holtsauto.com\\\/de\\\/\"},{\"@type\":\"ListItem\",\"position\":2,\"name\":\"Produkte\",\"item\":\"https:\\\/\\\/www.holtsauto.com\\\/de\\\/produkte\\\/\"},{\"@type\":\"ListItem\",\"position\":3,\"name\":\"Gun Gum Auspuffreparatur\"}]},{\"@type\":\"WebSite\",\"@id\":\"https:\\\/\\\/www.holtsauto.com\\\/de\\\/#website\",\"url\":\"https:\\\/\\\/www.holtsauto.com\\\/de\\\/\",\"name\":\"Holts Auto\",\"description\":\"\",\"potentialAction\":[{\"@type\":\"SearchAction\",\"target\":{\"@type\":\"EntryPoint\",\"urlTemplate\":\"https:\\\/\\\/www.holtsauto.com\\\/de\\\/?s={search_term_string}\"},\"query-input\":{\"@type\":\"PropertyValueSpecification\",\"valueRequired\":true,\"valueName\":\"search_term_string\"}}],\"inLanguage\":\"de-DE\"}]}<\/script>\n<!-- \/ Yoast SEO plugin. -->","yoast_head_json":{"title":"Gun Gum Auspuffreparatur | Produkte | Holts DE","description":"Dieses Auspuffreparaturmittel versiegelt L\u00f6cher dauerhaft, h\u00e4lt den hohen Temperaturen des Auspuffs stand und sorgt f\u00fcr eine gasdichte Versiegelung.","robots":{"index":"index","follow":"follow","max-snippet":"max-snippet:-1","max-image-preview":"max-image-preview:large","max-video-preview":"max-video-preview:-1"},"canonical":"https:\/\/www.holtsauto.com\/de\/produkte\/auspuff-reparatur\/gun-gum\/","og_locale":"de_DE","og_type":"article","og_title":"Gun Gum Auspuffreparatur | Produkte | Holts DE","og_description":"Dieses Auspuffreparaturmittel versiegelt L\u00f6cher dauerhaft, h\u00e4lt den hohen Temperaturen des Auspuffs stand und sorgt f\u00fcr eine gasdichte Versiegelung.","og_url":"https:\/\/www.holtsauto.com\/de\/produkte\/auspuff-reparatur\/gun-gum\/","og_site_name":"Holts Auto Site","article_modified_time":"2025-02-06T11:34:05+00:00","og_image":[{"width":2000,"height":2000,"url":"https:\/\/www.holtsauto.com\/wp-content\/uploads\/2017\/07\/gun-gum-auspuffreparatur.png","type":"image\/png"}],"twitter_card":"summary_large_image","twitter_misc":{"Gesch\u00e4tzte Lesezeit":"2 Minuten"},"schema":{"@context":"https:\/\/schema.org","@graph":[{"@type":"WebPage","@id":"https:\/\/www.holtsauto.com\/de\/produkte\/auspuff-reparatur\/gun-gum\/","url":"https:\/\/www.holtsauto.com\/de\/produkte\/auspuff-reparatur\/gun-gum\/","name":"Gun Gum Auspuffreparatur | Produkte | Holts DE","isPartOf":{"@id":"https:\/\/www.holtsauto.com\/de\/#website"},"primaryImageOfPage":{"@id":"https:\/\/www.holtsauto.com\/de\/produkte\/auspuff-reparatur\/gun-gum\/#primaryimage"},"image":{"@id":"https:\/\/www.holtsauto.com\/de\/produkte\/auspuff-reparatur\/gun-gum\/#primaryimage"},"thumbnailUrl":"https:\/\/www.holtsauto.com\/wp-content\/uploads\/2017\/07\/gun-gum-auspuffreparatur.png","datePublished":"2017-07-26T12:00:40+00:00","dateModified":"2025-02-06T11:34:05+00:00","description":"Dieses Auspuffreparaturmittel versiegelt L\u00f6cher dauerhaft, h\u00e4lt den hohen Temperaturen des Auspuffs stand und sorgt f\u00fcr eine gasdichte Versiegelung.","breadcrumb":{"@id":"https:\/\/www.holtsauto.com\/de\/produkte\/auspuff-reparatur\/gun-gum\/#breadcrumb"},"inLanguage":"de-DE","potentialAction":[{"@type":"ReadAction","target":["https:\/\/www.holtsauto.com\/de\/produkte\/auspuff-reparatur\/gun-gum\/"]}]},{"@type":"ImageObject","inLanguage":"de-DE","@id":"https:\/\/www.holtsauto.com\/de\/produkte\/auspuff-reparatur\/gun-gum\/#primaryimage","url":"https:\/\/www.holtsauto.com\/wp-content\/uploads\/2017\/07\/gun-gum-auspuffreparatur.png","contentUrl":"https:\/\/www.holtsauto.com\/wp-content\/uploads\/2017\/07\/gun-gum-auspuffreparatur.png","width":2000,"height":2000,"caption":"holts gun gum auspuffreparatur paste"},{"@type":"BreadcrumbList","@id":"https:\/\/www.holtsauto.com\/de\/produkte\/auspuff-reparatur\/gun-gum\/#breadcrumb","itemListElement":[{"@type":"ListItem","position":1,"name":"Home","item":"https:\/\/www.holtsauto.com\/de\/"},{"@type":"ListItem","position":2,"name":"Produkte","item":"https:\/\/www.holtsauto.com\/de\/produkte\/"},{"@type":"ListItem","position":3,"name":"Gun Gum Auspuffreparatur"}]},{"@type":"WebSite","@id":"https:\/\/www.holtsauto.com\/de\/#website","url":"https:\/\/www.holtsauto.com\/de\/","name":"Holts Auto","description":"","potentialAction":[{"@type":"SearchAction","target":{"@type":"EntryPoint","urlTemplate":"https:\/\/www.holtsauto.com\/de\/?s={search_term_string}"},"query-input":{"@type":"PropertyValueSpecification","valueRequired":true,"valueName":"search_term_string"}}],"inLanguage":"de-DE"}]}},"_links":{"self":[{"href":"https:\/\/www.holtsauto.com\/de\/wp-json\/wp\/v2\/product\/10823","targetHints":{"allow":["GET"]}}],"collection":[{"href":"https:\/\/www.holtsauto.com\/de\/wp-json\/wp\/v2\/product"}],"about":[{"href":"https:\/\/www.holtsauto.com\/de\/wp-json\/wp\/v2\/types\/product"}],"replies":[{"embeddable":true,"href":"https:\/\/www.holtsauto.com\/de\/wp-json\/wp\/v2\/comments?post=10823"}],"wp:featuredmedia":[{"embeddable":true,"href":"https:\/\/www.holtsauto.com\/de\/wp-json\/wp\/v2\/media\/11378"}],"wp:attachment":[{"href":"https:\/\/www.holtsauto.com\/de\/wp-json\/wp\/v2\/media?parent=10823"}],"wp:term":[{"taxonomy":"product_brand","embeddable":true,"href":"https:\/\/www.holtsauto.com\/de\/wp-json\/wp\/v2\/product_brand?post=10823"},{"taxonomy":"product_cat","embeddable":true,"href":"https:\/\/www.holtsauto.com\/de\/wp-json\/wp\/v2\/product_cat?post=10823"},{"taxonomy":"product_tag","embeddable":true,"href":"https:\/\/www.holtsauto.com\/de\/wp-json\/wp\/v2\/product_tag?post=10823"}],"curies":[{"name":"wp","href":"https:\/\/api.w.org\/{rel}","templated":true}]}}