{"id":10824,"date":"2017-07-26T12:35:56","date_gmt":"2017-07-26T12:35:56","guid":{"rendered":"https:\/\/www.holtsauto.com\/de\/?post_type=product&#038;p=414"},"modified":"2025-09-11T08:24:12","modified_gmt":"2025-09-11T08:24:12","slug":"start-pilot","status":"publish","type":"product","link":"https:\/\/www.holtsauto.com\/de\/produkte\/start-pilot\/start-pilot\/","title":{"rendered":"Start Pilot"},"content":{"rendered":"<p>Wenn Ihr Auto an einem kalten Morgen oft nicht anspringt, sollten Sie zu Holts Start Pilot greifen. Dieses innovative Produkt, das sowohl f\u00fcr Benzin- als auch f\u00fcr Dieselmotoren geeignet ist, wurde entwickelt, um das Starten eines Motors zu erleichtern. Die speziell entwickelte Spr\u00fchformel maximiert die Verbrennung und bringt Ihren Motor zum Laufen.<\/p>\n<p>Automotoren m\u00f6gen kein kaltes Wetter und es kann sein, dass sie bei niedrigen Temperaturen nur schwer anspringen. Start Pilot l\u00f6st dieses Problem, indem es die Brennbarkeit des Kraftstoff-Luft-Gemischs im Motor verbessert und so sicherstellt, dass es ohne Probleme gez\u00fcndet werden kann.<\/p>\n<h4>Wie funktioniert Holts Startpilot?<\/h4>\n<p>Holts Start Pilot wurde von unserem Chemiker Expertenteam entwickelt, um das Starten Ihres Motors an kalten Morgen zu erleichtern. Das Produkt besteht aus einer speziellen Mischung von Verbindungen, die die Verbrennung bei kaltem Wetter maximieren sollen, damit der Motor schnell und sicher anspringen kann.<\/p>\n<p>Start Pilot erm\u00f6glicht ein einfaches Starten des Motors bis zu -20\u00b0C und ist ein Muss f\u00fcr die Fahrt im Winter, wenn Sie einfach losfahren wollen. Eine einzige Anwendung gen\u00fcgt, um Ihren Motor ohne Fehlz\u00fcndungen oder Abw\u00fcrgen in Gang zu setzen, damit Sie Ihre Reise ohne Verz\u00f6gerung beginnen k\u00f6nnen.<\/p>\n<p>Start Pilot verbessert nicht nur die Verbrennung in der Brennkammer, sondern enth\u00e4lt auch ein Schmier\u00f6l, das festsitzende Teile freigibt und dazu beitr\u00e4gt, den Motorverschlei\u00df beim Kaltstart zu verringern. Bei regelm\u00e4\u00dfiger Anwendung kann das Produkt dazu beitragen, den vorzeitigen Verschlei\u00df der beweglichen Teile im Motor zu verringern, insbesondere w\u00e4hrend der kalten Jahreszeit.<\/p>\n","protected":false},"excerpt":{"rendered":"<p><span style=\"font-weight: 400;\">Wenn Ihr Auto an einem kalten Morgen oft nicht anspringt, sollten Sie zu Holts Start Pilot greifen.<\/span><\/p>\n<ul>\n<li>Diese Mischung enth\u00e4lt nicht nur entz\u00fcndliche Stoffe, sondern auch Schmiermittel, durch die eine weiche, fortschreitende Verbrennung erreicht wird.<\/li>\n<li>Start Pilot startet Motoren effektiv<\/li>\n<li>Einfach zu bedienen<\/li>\n<\/ul>\n","protected":false},"featured_media":13590,"comment_status":"closed","ping_status":"closed","template":"","meta":{"_acf_changed":false,"inline_featured_image":false},"product_brand":[],"product_cat":[379],"product_tag":[],"class_list":{"0":"post-10824","1":"product","2":"type-product","3":"status-publish","4":"has-post-thumbnail","6":"product_cat-start-pilot","8":"first","9":"instock","10":"shipping-taxable","11":"purchasable","12":"product-type-simple"},"acf":[],"yoast_head":"<!-- This site is optimized with the Yoast SEO plugin v27.3 - https:\/\/yoast.com\/product\/yoast-seo-wordpress\/ -->\n<title>Start Pilot | Starten Sie Ihren Motor | Produkte | Holts DE<\/title>\n<meta name=\"description\" content=\"Wenn Ihr Auto an einem kalten Morgen oft nicht anspringt, sollten Sie zu Holts Start Pilot greifen. Dieses innovative Produkt, das sowohl f\u00fcr Benzin- als auch f\u00fcr Dieselmotoren geeignet ist, wurde entwickelt, um das Starten eines Motors zu erleichtern.\" \/>\n<meta name=\"robots\" content=\"index, follow, max-snippet:-1, max-image-preview:large, max-video-preview:-1\" \/>\n<link rel=\"canonical\" href=\"https:\/\/www.holtsauto.com\/de\/produkte\/start-pilot\/start-pilot\/\" \/>\n<meta property=\"og:locale\" content=\"de_DE\" \/>\n<meta property=\"og:type\" content=\"article\" \/>\n<meta property=\"og:title\" content=\"Start Pilot | Starten Sie Ihren Motor | Produkte | Holts DE\" \/>\n<meta property=\"og:description\" content=\"Wenn Ihr Auto an einem kalten Morgen oft nicht anspringt, sollten Sie zu Holts Start Pilot greifen. Dieses innovative Produkt, das sowohl f\u00fcr Benzin- als auch f\u00fcr Dieselmotoren geeignet ist, wurde entwickelt, um das Starten eines Motors zu erleichtern.\" \/>\n<meta property=\"og:url\" content=\"https:\/\/www.holtsauto.com\/de\/produkte\/start-pilot\/start-pilot\/\" \/>\n<meta property=\"og:site_name\" content=\"Holts Auto Site\" \/>\n<meta property=\"article:modified_time\" content=\"2025-09-11T08:24:12+00:00\" \/>\n<meta property=\"og:image\" content=\"https:\/\/www.holtsauto.com\/wp-content\/uploads\/2017\/07\/start-pilote-holts-DE.png\" \/>\n\t<meta property=\"og:image:width\" content=\"2000\" \/>\n\t<meta property=\"og:image:height\" content=\"2000\" \/>\n\t<meta property=\"og:image:type\" content=\"image\/png\" \/>\n<meta name=\"twitter:card\" content=\"summary_large_image\" \/>\n<meta name=\"twitter:label1\" content=\"Gesch\u00e4tzte Lesezeit\" \/>\n\t<meta name=\"twitter:data1\" content=\"2 Minuten\" \/>\n<script type=\"application\/ld+json\" class=\"yoast-schema-graph\">{\"@context\":\"https:\\\/\\\/schema.org\",\"@graph\":[{\"@type\":\"WebPage\",\"@id\":\"https:\\\/\\\/www.holtsauto.com\\\/de\\\/produkte\\\/start-pilot\\\/start-pilot\\\/\",\"url\":\"https:\\\/\\\/www.holtsauto.com\\\/de\\\/produkte\\\/start-pilot\\\/start-pilot\\\/\",\"name\":\"Start Pilot | Starten Sie Ihren Motor | Produkte | Holts DE\",\"isPartOf\":{\"@id\":\"https:\\\/\\\/www.holtsauto.com\\\/de\\\/#website\"},\"primaryImageOfPage\":{\"@id\":\"https:\\\/\\\/www.holtsauto.com\\\/de\\\/produkte\\\/start-pilot\\\/start-pilot\\\/#primaryimage\"},\"image\":{\"@id\":\"https:\\\/\\\/www.holtsauto.com\\\/de\\\/produkte\\\/start-pilot\\\/start-pilot\\\/#primaryimage\"},\"thumbnailUrl\":\"https:\\\/\\\/www.holtsauto.com\\\/wp-content\\\/uploads\\\/2017\\\/07\\\/start-pilote-holts-DE.png\",\"datePublished\":\"2017-07-26T12:35:56+00:00\",\"dateModified\":\"2025-09-11T08:24:12+00:00\",\"description\":\"Wenn Ihr Auto an einem kalten Morgen oft nicht anspringt, sollten Sie zu Holts Start Pilot greifen. Dieses innovative Produkt, das sowohl f\u00fcr Benzin- als auch f\u00fcr Dieselmotoren geeignet ist, wurde entwickelt, um das Starten eines Motors zu erleichtern.\",\"breadcrumb\":{\"@id\":\"https:\\\/\\\/www.holtsauto.com\\\/de\\\/produkte\\\/start-pilot\\\/start-pilot\\\/#breadcrumb\"},\"inLanguage\":\"de-DE\",\"potentialAction\":[{\"@type\":\"ReadAction\",\"target\":[\"https:\\\/\\\/www.holtsauto.com\\\/de\\\/produkte\\\/start-pilot\\\/start-pilot\\\/\"]}]},{\"@type\":\"ImageObject\",\"inLanguage\":\"de-DE\",\"@id\":\"https:\\\/\\\/www.holtsauto.com\\\/de\\\/produkte\\\/start-pilot\\\/start-pilot\\\/#primaryimage\",\"url\":\"https:\\\/\\\/www.holtsauto.com\\\/wp-content\\\/uploads\\\/2017\\\/07\\\/start-pilote-holts-DE.png\",\"contentUrl\":\"https:\\\/\\\/www.holtsauto.com\\\/wp-content\\\/uploads\\\/2017\\\/07\\\/start-pilote-holts-DE.png\",\"width\":2000,\"height\":2000},{\"@type\":\"BreadcrumbList\",\"@id\":\"https:\\\/\\\/www.holtsauto.com\\\/de\\\/produkte\\\/start-pilot\\\/start-pilot\\\/#breadcrumb\",\"itemListElement\":[{\"@type\":\"ListItem\",\"position\":1,\"name\":\"Home\",\"item\":\"https:\\\/\\\/www.holtsauto.com\\\/de\\\/\"},{\"@type\":\"ListItem\",\"position\":2,\"name\":\"Produkte\",\"item\":\"https:\\\/\\\/www.holtsauto.com\\\/de\\\/produkte\\\/\"},{\"@type\":\"ListItem\",\"position\":3,\"name\":\"Start Pilot\"}]},{\"@type\":\"WebSite\",\"@id\":\"https:\\\/\\\/www.holtsauto.com\\\/de\\\/#website\",\"url\":\"https:\\\/\\\/www.holtsauto.com\\\/de\\\/\",\"name\":\"Holts Auto\",\"description\":\"\",\"potentialAction\":[{\"@type\":\"SearchAction\",\"target\":{\"@type\":\"EntryPoint\",\"urlTemplate\":\"https:\\\/\\\/www.holtsauto.com\\\/de\\\/?s={search_term_string}\"},\"query-input\":{\"@type\":\"PropertyValueSpecification\",\"valueRequired\":true,\"valueName\":\"search_term_string\"}}],\"inLanguage\":\"de-DE\"}]}<\/script>\n<!-- \/ Yoast SEO plugin. -->","yoast_head_json":{"title":"Start Pilot | Starten Sie Ihren Motor | Produkte | Holts DE","description":"Wenn Ihr Auto an einem kalten Morgen oft nicht anspringt, sollten Sie zu Holts Start Pilot greifen. Dieses innovative Produkt, das sowohl f\u00fcr Benzin- als auch f\u00fcr Dieselmotoren geeignet ist, wurde entwickelt, um das Starten eines Motors zu erleichtern.","robots":{"index":"index","follow":"follow","max-snippet":"max-snippet:-1","max-image-preview":"max-image-preview:large","max-video-preview":"max-video-preview:-1"},"canonical":"https:\/\/www.holtsauto.com\/de\/produkte\/start-pilot\/start-pilot\/","og_locale":"de_DE","og_type":"article","og_title":"Start Pilot | Starten Sie Ihren Motor | Produkte | Holts DE","og_description":"Wenn Ihr Auto an einem kalten Morgen oft nicht anspringt, sollten Sie zu Holts Start Pilot greifen. Dieses innovative Produkt, das sowohl f\u00fcr Benzin- als auch f\u00fcr Dieselmotoren geeignet ist, wurde entwickelt, um das Starten eines Motors zu erleichtern.","og_url":"https:\/\/www.holtsauto.com\/de\/produkte\/start-pilot\/start-pilot\/","og_site_name":"Holts Auto Site","article_modified_time":"2025-09-11T08:24:12+00:00","og_image":[{"width":2000,"height":2000,"url":"https:\/\/www.holtsauto.com\/wp-content\/uploads\/2017\/07\/start-pilote-holts-DE.png","type":"image\/png"}],"twitter_card":"summary_large_image","twitter_misc":{"Gesch\u00e4tzte Lesezeit":"2 Minuten"},"schema":{"@context":"https:\/\/schema.org","@graph":[{"@type":"WebPage","@id":"https:\/\/www.holtsauto.com\/de\/produkte\/start-pilot\/start-pilot\/","url":"https:\/\/www.holtsauto.com\/de\/produkte\/start-pilot\/start-pilot\/","name":"Start Pilot | Starten Sie Ihren Motor | Produkte | Holts DE","isPartOf":{"@id":"https:\/\/www.holtsauto.com\/de\/#website"},"primaryImageOfPage":{"@id":"https:\/\/www.holtsauto.com\/de\/produkte\/start-pilot\/start-pilot\/#primaryimage"},"image":{"@id":"https:\/\/www.holtsauto.com\/de\/produkte\/start-pilot\/start-pilot\/#primaryimage"},"thumbnailUrl":"https:\/\/www.holtsauto.com\/wp-content\/uploads\/2017\/07\/start-pilote-holts-DE.png","datePublished":"2017-07-26T12:35:56+00:00","dateModified":"2025-09-11T08:24:12+00:00","description":"Wenn Ihr Auto an einem kalten Morgen oft nicht anspringt, sollten Sie zu Holts Start Pilot greifen. Dieses innovative Produkt, das sowohl f\u00fcr Benzin- als auch f\u00fcr Dieselmotoren geeignet ist, wurde entwickelt, um das Starten eines Motors zu erleichtern.","breadcrumb":{"@id":"https:\/\/www.holtsauto.com\/de\/produkte\/start-pilot\/start-pilot\/#breadcrumb"},"inLanguage":"de-DE","potentialAction":[{"@type":"ReadAction","target":["https:\/\/www.holtsauto.com\/de\/produkte\/start-pilot\/start-pilot\/"]}]},{"@type":"ImageObject","inLanguage":"de-DE","@id":"https:\/\/www.holtsauto.com\/de\/produkte\/start-pilot\/start-pilot\/#primaryimage","url":"https:\/\/www.holtsauto.com\/wp-content\/uploads\/2017\/07\/start-pilote-holts-DE.png","contentUrl":"https:\/\/www.holtsauto.com\/wp-content\/uploads\/2017\/07\/start-pilote-holts-DE.png","width":2000,"height":2000},{"@type":"BreadcrumbList","@id":"https:\/\/www.holtsauto.com\/de\/produkte\/start-pilot\/start-pilot\/#breadcrumb","itemListElement":[{"@type":"ListItem","position":1,"name":"Home","item":"https:\/\/www.holtsauto.com\/de\/"},{"@type":"ListItem","position":2,"name":"Produkte","item":"https:\/\/www.holtsauto.com\/de\/produkte\/"},{"@type":"ListItem","position":3,"name":"Start Pilot"}]},{"@type":"WebSite","@id":"https:\/\/www.holtsauto.com\/de\/#website","url":"https:\/\/www.holtsauto.com\/de\/","name":"Holts Auto","description":"","potentialAction":[{"@type":"SearchAction","target":{"@type":"EntryPoint","urlTemplate":"https:\/\/www.holtsauto.com\/de\/?s={search_term_string}"},"query-input":{"@type":"PropertyValueSpecification","valueRequired":true,"valueName":"search_term_string"}}],"inLanguage":"de-DE"}]}},"_links":{"self":[{"href":"https:\/\/www.holtsauto.com\/de\/wp-json\/wp\/v2\/product\/10824","targetHints":{"allow":["GET"]}}],"collection":[{"href":"https:\/\/www.holtsauto.com\/de\/wp-json\/wp\/v2\/product"}],"about":[{"href":"https:\/\/www.holtsauto.com\/de\/wp-json\/wp\/v2\/types\/product"}],"replies":[{"embeddable":true,"href":"https:\/\/www.holtsauto.com\/de\/wp-json\/wp\/v2\/comments?post=10824"}],"wp:featuredmedia":[{"embeddable":true,"href":"https:\/\/www.holtsauto.com\/de\/wp-json\/wp\/v2\/media\/13590"}],"wp:attachment":[{"href":"https:\/\/www.holtsauto.com\/de\/wp-json\/wp\/v2\/media?parent=10824"}],"wp:term":[{"taxonomy":"product_brand","embeddable":true,"href":"https:\/\/www.holtsauto.com\/de\/wp-json\/wp\/v2\/product_brand?post=10824"},{"taxonomy":"product_cat","embeddable":true,"href":"https:\/\/www.holtsauto.com\/de\/wp-json\/wp\/v2\/product_cat?post=10824"},{"taxonomy":"product_tag","embeddable":true,"href":"https:\/\/www.holtsauto.com\/de\/wp-json\/wp\/v2\/product_tag?post=10824"}],"curies":[{"name":"wp","href":"https:\/\/api.w.org\/{rel}","templated":true}]}}