{"id":10825,"date":"2024-06-27T12:00:24","date_gmt":"2024-06-27T12:00:24","guid":{"rendered":"https:\/\/www.holtsauto.com\/de\/?post_type=product&#038;p=416"},"modified":"2024-07-04T13:28:10","modified_gmt":"2024-07-04T13:28:10","slug":"reifen-pilot","status":"publish","type":"product","link":"https:\/\/www.holtsauto.com\/de\/produkte\/reifen-pilot\/reifen-pilot\/","title":{"rendered":"Reifen Pilot"},"content":{"rendered":"<p><span style=\"font-weight: 400;\">Holts Reifen Pilot Refenpannenspray wurde entwickelt, um eine Reifenpanne vor\u00fcbergehend abzudichten und Sie wieder auf die Stra\u00dfe zu bringen, ohne dass ein Reifenwechsel erforderlich ist. Mit einer speziell entwickelten Formel repariert und f\u00fcllt diese All-in-One-L\u00f6sung den Reifen wieder auf, ohne den Reifen zu besch\u00e4digen, sodass Sie Ihre Fahrt sicher fortsetzen k\u00f6nnen.<\/span><\/p>\n<p><span style=\"font-weight: 400;\">Niemand hat gerne einen platten Reifen und der Versuch, das Rad am Stra\u00dfenrand zu wechseln, kann gef\u00e4hrlich und unbequem sein. Tyreweld bietet eine einfache L\u00f6sung, die den Reifen in wenigen Minuten abdichtet und wieder aufpumpt und Ihnen eine Fahrt von bis zu 100 Meilen erm\u00f6glicht.<\/span><\/p>\n<p><strong>Funktionen und Vorteile<\/strong><\/p>\n<p><span style=\"font-weight: 400;\">Holts Reifen Pilot Refenpannenspray ist der schnellste und effizienteste Weg, eine Reifenpanne am Stra\u00dfenrand zu reparieren und erfordert keine Vorkenntnisse im Austausch von R\u00e4dern oder der Reparatur von Reifenpannen.<\/span><\/p>\n<p><span style=\"font-weight: 400;\">Reifen Pilot verf\u00fcgt \u00fcber einen Schaum auf Wasserbasis, der durch den Reifen zirkuliert, um eventuelle L\u00f6cher abzudichten. Anschlie\u00dfend bl\u00e4st das Gas das Rad wieder auf. Der ungiftige Schaum kann abgewaschen werden, sodass der Reifen repariert werden kann, was nicht alle Reparatursets f\u00fcr Reifenpannen bieten.<\/span><\/p>\n<p><span style=\"font-weight: 400;\">Dank unseres einzigartigen Drehantriebs, der es Ihnen erm\u00f6glicht, den Beh\u00e4lter einzuschalten und neben Ihrem Fahrzeug zu lassen, w\u00e4hrend der Reifen aufgepumpt wird, k\u00f6nnen Sie sich vom vorbeifahrenden Verkehr entfernen und sich in Sicherheit bringen.<\/span><\/p>\n<p><span style=\"font-weight: 400;\">Holts Reifen Pilot ist eine gro\u00dfartige Alternative zu einem Ersatz- oder Platzsparreifen und ist klein und leicht genug, um das ganze Jahr \u00fcber im Kofferraum zu bleiben.<\/span><\/p>\n<p><span style=\"font-weight: 400;\">Reifen Pilot Refenpannenspray ist in drei Gr\u00f6\u00dfen f\u00fcr unterschiedliche Reifenvolumina erh\u00e4ltlich. Mit unserem Reifenfinder k\u00f6nnen Sie Ihre Reifengr\u00f6\u00dfe und die richtige Reifenschwei\u00dfnaht f\u00fcr Ihr Fahrzeug ermitteln.<\/span><\/p>\n<p>Schrauben Sie ganz einfach den Adapter auf das Ventil und innerhalb weniger Minuten wird unsere einzigartige Einf\u00fcllautomatik Ihren Reifen wieder aufpumpen, damit Sie ohne l\u00e4stiges Warten am Stra\u00dfenrand weiterfahren k\u00f6nnen.<\/p>\n<ul>\n<li>300 ml \u2013 F\u00fcr kleinere PKW und Motorr\u00e4der bzw. Reifen von 13 bis 15\u2019\u2019 und 135 bis 155 mm Breite: 71051200002<\/li>\n<li>400 ml \u2013 F\u00fcr mittlere \/ gro\u00dfe PKW und Caravan bzw. Reifen von 13 bis 16\u2019\u2019 und 155 bis 195 mm Breite: 71051300002<\/li>\n<li>500 ml \u2013 F\u00fcr Off- Road \u2013 Fahrzeuge und Kleintransporter bzw. Reifen von 15 bis 17\u2019\u2019 und mehr als 195 mm Breite: 71051400002<\/li>\n<\/ul>\n<p>&nbsp;<\/p>\n","protected":false},"excerpt":{"rendered":"<p><span style=\"font-weight: 400;\">Die Pannenreparatur von Holts Reifen Pilot dient dazu, eine Reifenpanne vor\u00fcbergehend abzudichten und Sie wieder auf die Stra\u00dfe zu bringen, ohne dass ein Reifenwechsel erforderlich ist.<\/span><\/p>\n<ul>\n<li style=\"font-weight: 400;\" aria-level=\"1\"><span style=\"font-weight: 400;\">Schnelle und einfache Pannenreparatur im Notfall<\/span><\/li>\n<li style=\"font-weight: 400;\" aria-level=\"1\"><span style=\"font-weight: 400;\">Kein Werkzeug oder Wagenheber erforderlich<\/span><\/li>\n<li style=\"font-weight: 400;\" aria-level=\"1\"><span style=\"font-weight: 400;\">Bringt Sie schnell wieder auf die Stra\u00dfe<\/span><\/li>\n<li style=\"font-weight: 400;\" aria-level=\"1\"><span style=\"font-weight: 400;\">Keine Besch\u00e4digung des Reifens garantiert<\/span><\/li>\n<li style=\"font-weight: 400;\" aria-level=\"1\"><span style=\"font-weight: 400;\">Fahren Sie bis zu 100 Meilen<\/span><\/li>\n<li style=\"font-weight: 400;\" aria-level=\"1\"><span style=\"font-weight: 400;\">Sichere, ungiftige Formel<\/span><\/li>\n<li style=\"font-weight: 400;\" aria-level=\"1\"><span style=\"font-weight: 400;\">L\u00e4sst sich nach Gebrauch leicht aus den Reifen auswaschen<\/span><\/li>\n<\/ul>\n","protected":false},"featured_media":12037,"comment_status":"closed","ping_status":"closed","template":"","meta":{"_acf_changed":false,"inline_featured_image":false},"product_brand":[],"product_cat":[380],"product_tag":[],"class_list":{"0":"post-10825","1":"product","2":"type-product","3":"status-publish","4":"has-post-thumbnail","6":"product_cat-reifen-pilot","8":"first","9":"instock","10":"shipping-taxable","11":"purchasable","12":"product-type-variable"},"acf":[],"yoast_head":"<!-- This site is optimized with the Yoast SEO plugin v27.4 - https:\/\/yoast.com\/product\/yoast-seo-wordpress\/ -->\n<title>Reifen Pilot | Holts Deutschland<\/title>\n<meta name=\"description\" content=\"Platter Reifen? Holts Reifen Pilot ist ein schneller und einfacher Weg, einen platen Reifen zu reparieren und Sie au seiner stressigen Lage zu befreien.\" \/>\n<meta name=\"robots\" content=\"index, follow, max-snippet:-1, max-image-preview:large, max-video-preview:-1\" \/>\n<link rel=\"canonical\" href=\"https:\/\/www.holtsauto.com\/de\/produkte\/reifen-pilot\/reifen-pilot\/\" \/>\n<meta property=\"og:locale\" content=\"de_DE\" \/>\n<meta property=\"og:type\" content=\"article\" \/>\n<meta property=\"og:title\" content=\"Reifen Pilot | Holts Deutschland\" \/>\n<meta property=\"og:description\" content=\"Platter Reifen? Holts Reifen Pilot ist ein schneller und einfacher Weg, einen platen Reifen zu reparieren und Sie au seiner stressigen Lage zu befreien.\" \/>\n<meta property=\"og:url\" content=\"https:\/\/www.holtsauto.com\/de\/produkte\/reifen-pilot\/reifen-pilot\/\" \/>\n<meta property=\"og:site_name\" content=\"Holts Auto Site\" \/>\n<meta property=\"article:modified_time\" content=\"2024-07-04T13:28:10+00:00\" \/>\n<meta property=\"og:image\" content=\"https:\/\/www.holtsauto.com\/wp-content\/uploads\/2024\/06\/71051200002_Reifen-Pilot-300ml_WEB.png\" \/>\n\t<meta property=\"og:image:width\" content=\"2000\" \/>\n\t<meta property=\"og:image:height\" content=\"2000\" \/>\n\t<meta property=\"og:image:type\" content=\"image\/png\" \/>\n<meta name=\"twitter:card\" content=\"summary_large_image\" \/>\n<meta name=\"twitter:label1\" content=\"Gesch\u00e4tzte Lesezeit\" \/>\n\t<meta name=\"twitter:data1\" content=\"3 Minuten\" \/>\n<script type=\"application\/ld+json\" class=\"yoast-schema-graph\">{\"@context\":\"https:\\\/\\\/schema.org\",\"@graph\":[{\"@type\":\"WebPage\",\"@id\":\"https:\\\/\\\/www.holtsauto.com\\\/de\\\/produkte\\\/reifen-pilot\\\/reifen-pilot\\\/\",\"url\":\"https:\\\/\\\/www.holtsauto.com\\\/de\\\/produkte\\\/reifen-pilot\\\/reifen-pilot\\\/\",\"name\":\"Reifen Pilot | Holts Deutschland\",\"isPartOf\":{\"@id\":\"https:\\\/\\\/www.holtsauto.com\\\/de\\\/#website\"},\"primaryImageOfPage\":{\"@id\":\"https:\\\/\\\/www.holtsauto.com\\\/de\\\/produkte\\\/reifen-pilot\\\/reifen-pilot\\\/#primaryimage\"},\"image\":{\"@id\":\"https:\\\/\\\/www.holtsauto.com\\\/de\\\/produkte\\\/reifen-pilot\\\/reifen-pilot\\\/#primaryimage\"},\"thumbnailUrl\":\"https:\\\/\\\/www.holtsauto.com\\\/wp-content\\\/uploads\\\/2024\\\/06\\\/71051200002_Reifen-Pilot-300ml_WEB.png\",\"datePublished\":\"2024-06-27T12:00:24+00:00\",\"dateModified\":\"2024-07-04T13:28:10+00:00\",\"description\":\"Platter Reifen? Holts Reifen Pilot ist ein schneller und einfacher Weg, einen platen Reifen zu reparieren und Sie au seiner stressigen Lage zu befreien.\",\"breadcrumb\":{\"@id\":\"https:\\\/\\\/www.holtsauto.com\\\/de\\\/produkte\\\/reifen-pilot\\\/reifen-pilot\\\/#breadcrumb\"},\"inLanguage\":\"de-DE\",\"potentialAction\":[{\"@type\":\"ReadAction\",\"target\":[\"https:\\\/\\\/www.holtsauto.com\\\/de\\\/produkte\\\/reifen-pilot\\\/reifen-pilot\\\/\"]}]},{\"@type\":\"ImageObject\",\"inLanguage\":\"de-DE\",\"@id\":\"https:\\\/\\\/www.holtsauto.com\\\/de\\\/produkte\\\/reifen-pilot\\\/reifen-pilot\\\/#primaryimage\",\"url\":\"https:\\\/\\\/www.holtsauto.com\\\/wp-content\\\/uploads\\\/2024\\\/06\\\/71051200002_Reifen-Pilot-300ml_WEB.png\",\"contentUrl\":\"https:\\\/\\\/www.holtsauto.com\\\/wp-content\\\/uploads\\\/2024\\\/06\\\/71051200002_Reifen-Pilot-300ml_WEB.png\",\"width\":2000,\"height\":2000},{\"@type\":\"BreadcrumbList\",\"@id\":\"https:\\\/\\\/www.holtsauto.com\\\/de\\\/produkte\\\/reifen-pilot\\\/reifen-pilot\\\/#breadcrumb\",\"itemListElement\":[{\"@type\":\"ListItem\",\"position\":1,\"name\":\"Home\",\"item\":\"https:\\\/\\\/www.holtsauto.com\\\/de\\\/\"},{\"@type\":\"ListItem\",\"position\":2,\"name\":\"Produkte\",\"item\":\"https:\\\/\\\/www.holtsauto.com\\\/de\\\/produkte\\\/\"},{\"@type\":\"ListItem\",\"position\":3,\"name\":\"Reifen Pilot\"}]},{\"@type\":\"WebSite\",\"@id\":\"https:\\\/\\\/www.holtsauto.com\\\/de\\\/#website\",\"url\":\"https:\\\/\\\/www.holtsauto.com\\\/de\\\/\",\"name\":\"Holts Auto\",\"description\":\"\",\"potentialAction\":[{\"@type\":\"SearchAction\",\"target\":{\"@type\":\"EntryPoint\",\"urlTemplate\":\"https:\\\/\\\/www.holtsauto.com\\\/de\\\/?s={search_term_string}\"},\"query-input\":{\"@type\":\"PropertyValueSpecification\",\"valueRequired\":true,\"valueName\":\"search_term_string\"}}],\"inLanguage\":\"de-DE\"}]}<\/script>\n<!-- \/ Yoast SEO plugin. -->","yoast_head_json":{"title":"Reifen Pilot | Holts Deutschland","description":"Platter Reifen? Holts Reifen Pilot ist ein schneller und einfacher Weg, einen platen Reifen zu reparieren und Sie au seiner stressigen Lage zu befreien.","robots":{"index":"index","follow":"follow","max-snippet":"max-snippet:-1","max-image-preview":"max-image-preview:large","max-video-preview":"max-video-preview:-1"},"canonical":"https:\/\/www.holtsauto.com\/de\/produkte\/reifen-pilot\/reifen-pilot\/","og_locale":"de_DE","og_type":"article","og_title":"Reifen Pilot | Holts Deutschland","og_description":"Platter Reifen? Holts Reifen Pilot ist ein schneller und einfacher Weg, einen platen Reifen zu reparieren und Sie au seiner stressigen Lage zu befreien.","og_url":"https:\/\/www.holtsauto.com\/de\/produkte\/reifen-pilot\/reifen-pilot\/","og_site_name":"Holts Auto Site","article_modified_time":"2024-07-04T13:28:10+00:00","og_image":[{"width":2000,"height":2000,"url":"https:\/\/www.holtsauto.com\/wp-content\/uploads\/2024\/06\/71051200002_Reifen-Pilot-300ml_WEB.png","type":"image\/png"}],"twitter_card":"summary_large_image","twitter_misc":{"Gesch\u00e4tzte Lesezeit":"3 Minuten"},"schema":{"@context":"https:\/\/schema.org","@graph":[{"@type":"WebPage","@id":"https:\/\/www.holtsauto.com\/de\/produkte\/reifen-pilot\/reifen-pilot\/","url":"https:\/\/www.holtsauto.com\/de\/produkte\/reifen-pilot\/reifen-pilot\/","name":"Reifen Pilot | Holts Deutschland","isPartOf":{"@id":"https:\/\/www.holtsauto.com\/de\/#website"},"primaryImageOfPage":{"@id":"https:\/\/www.holtsauto.com\/de\/produkte\/reifen-pilot\/reifen-pilot\/#primaryimage"},"image":{"@id":"https:\/\/www.holtsauto.com\/de\/produkte\/reifen-pilot\/reifen-pilot\/#primaryimage"},"thumbnailUrl":"https:\/\/www.holtsauto.com\/wp-content\/uploads\/2024\/06\/71051200002_Reifen-Pilot-300ml_WEB.png","datePublished":"2024-06-27T12:00:24+00:00","dateModified":"2024-07-04T13:28:10+00:00","description":"Platter Reifen? Holts Reifen Pilot ist ein schneller und einfacher Weg, einen platen Reifen zu reparieren und Sie au seiner stressigen Lage zu befreien.","breadcrumb":{"@id":"https:\/\/www.holtsauto.com\/de\/produkte\/reifen-pilot\/reifen-pilot\/#breadcrumb"},"inLanguage":"de-DE","potentialAction":[{"@type":"ReadAction","target":["https:\/\/www.holtsauto.com\/de\/produkte\/reifen-pilot\/reifen-pilot\/"]}]},{"@type":"ImageObject","inLanguage":"de-DE","@id":"https:\/\/www.holtsauto.com\/de\/produkte\/reifen-pilot\/reifen-pilot\/#primaryimage","url":"https:\/\/www.holtsauto.com\/wp-content\/uploads\/2024\/06\/71051200002_Reifen-Pilot-300ml_WEB.png","contentUrl":"https:\/\/www.holtsauto.com\/wp-content\/uploads\/2024\/06\/71051200002_Reifen-Pilot-300ml_WEB.png","width":2000,"height":2000},{"@type":"BreadcrumbList","@id":"https:\/\/www.holtsauto.com\/de\/produkte\/reifen-pilot\/reifen-pilot\/#breadcrumb","itemListElement":[{"@type":"ListItem","position":1,"name":"Home","item":"https:\/\/www.holtsauto.com\/de\/"},{"@type":"ListItem","position":2,"name":"Produkte","item":"https:\/\/www.holtsauto.com\/de\/produkte\/"},{"@type":"ListItem","position":3,"name":"Reifen Pilot"}]},{"@type":"WebSite","@id":"https:\/\/www.holtsauto.com\/de\/#website","url":"https:\/\/www.holtsauto.com\/de\/","name":"Holts Auto","description":"","potentialAction":[{"@type":"SearchAction","target":{"@type":"EntryPoint","urlTemplate":"https:\/\/www.holtsauto.com\/de\/?s={search_term_string}"},"query-input":{"@type":"PropertyValueSpecification","valueRequired":true,"valueName":"search_term_string"}}],"inLanguage":"de-DE"}]}},"_links":{"self":[{"href":"https:\/\/www.holtsauto.com\/de\/wp-json\/wp\/v2\/product\/10825","targetHints":{"allow":["GET"]}}],"collection":[{"href":"https:\/\/www.holtsauto.com\/de\/wp-json\/wp\/v2\/product"}],"about":[{"href":"https:\/\/www.holtsauto.com\/de\/wp-json\/wp\/v2\/types\/product"}],"replies":[{"embeddable":true,"href":"https:\/\/www.holtsauto.com\/de\/wp-json\/wp\/v2\/comments?post=10825"}],"wp:featuredmedia":[{"embeddable":true,"href":"https:\/\/www.holtsauto.com\/de\/wp-json\/wp\/v2\/media\/12037"}],"wp:attachment":[{"href":"https:\/\/www.holtsauto.com\/de\/wp-json\/wp\/v2\/media?parent=10825"}],"wp:term":[{"taxonomy":"product_brand","embeddable":true,"href":"https:\/\/www.holtsauto.com\/de\/wp-json\/wp\/v2\/product_brand?post=10825"},{"taxonomy":"product_cat","embeddable":true,"href":"https:\/\/www.holtsauto.com\/de\/wp-json\/wp\/v2\/product_cat?post=10825"},{"taxonomy":"product_tag","embeddable":true,"href":"https:\/\/www.holtsauto.com\/de\/wp-json\/wp\/v2\/product_tag?post=10825"}],"curies":[{"name":"wp","href":"https:\/\/api.w.org\/{rel}","templated":true}]}}