{"id":10826,"date":"2021-07-13T10:43:29","date_gmt":"2021-07-13T10:43:29","guid":{"rendered":"https:\/\/www.holtsauto.com\/de\/?post_type=product&#038;p=435"},"modified":"2025-07-04T09:11:56","modified_gmt":"2025-07-04T09:11:56","slug":"prestone-kuehlerschutz","status":"publish","type":"product","link":"https:\/\/www.holtsauto.com\/de\/produkte\/kuhlerschutz\/prestone-kuehlerschutz\/","title":{"rendered":"Prestone K\u00fchlerschutz"},"content":{"rendered":"<p>Das Hochleistungs-K\u00fchl-\/Frostschutzmittel von Prestone ist das einzige Produkt, das Sie ben\u00f6tigen, um maximalen Schutz f\u00fcr den Motor Ihres Autos zu gew\u00e4hrleisten. Prestone K\u00fchlmittel ist in gebrauchsfertiger und konzentrierter Form erh\u00e4ltlich und wurde bei Temperaturen von -37 \u00b0C bis 129 \u00b0C getestet, wodurch es f\u00fcr alle Autos und Fahrbedingungen geeignet ist.<\/p>\n<p>K\u00fchlmittel\/Frostschutzmittel sollten vor extremen Temperaturen sch\u00fctzen und gleichzeitig die Motorleistung aufrechterhalten \u2013 Prestone K\u00fchlmittel\/Frostschutzmittel tun beides. Und mit seiner speziellen patentierten Formel kann das Produkt sicher in allen Marken und Modellen sowie mit anderen K\u00fchlmittelmarken verwendet werden.<\/p>\n<p>&nbsp;<\/p>\n<p><strong>Funktionen und Vorteile<\/strong><\/p>\n<p>Wenn Ihr K\u00fchl-\/Frostschutzmittel nachgef\u00fcllt oder ersetzt werden muss, kann es schwierig sein zu wissen, welche Farbe oder Art zu verwenden ist. Das Mischen von nicht kompatiblen K\u00fchlmitteln oder die Verwendung des falschen K\u00fchlmittels f\u00fcr Ihr Auto kann zu Verstopfungen und Sch\u00e4den f\u00fchren.<\/p>\n<p>Prestone ist f\u00fcr alle Autos garantiert und kann mit jeder anderen Farbe von K\u00fchl-\/Frostschutzmitteln gemischt werden, was es zur besten Wahl f\u00fcr Sie macht. Sie k\u00f6nnen es verwenden, um Ihr Auto aufzuf\u00fcllen oder das K\u00fchlsystem wieder aufzuf\u00fcllen, nachdem Sie es entleert und gesp\u00fclt haben.<\/p>\n<p>Dar\u00fcber hinaus wurde Prestone Coolant\/Frostschutzmittel mit ausgekl\u00fcgelter Technologie entwickelt und unter den schwierigsten Bedingungen getestet, einschlie\u00dflich der Sahara, sodass wir wissen, dass es von -37 \u1d52C bis 129 \u1d52C funktioniert.<\/p>\n<p>Es sch\u00fctzt Ihr Motork\u00fchlsystem f\u00fcr 10 Jahre oder 480.000 km, sodass Sie sich keine Sorgen \u00fcber Korrosion, Frost oder \u00dcberhitzung machen m\u00fcssen.<\/p>\n<p>Wir verf\u00fcgen \u00fcber un\u00fcbertroffenes Know-how im Bereich K\u00fchl-\/Frostschutzmittel und ein Team f\u00fchrender Experten, die daran arbeiten, dass unsere Produkte jeden Tag auf der Stra\u00dfe f\u00fcr Sie funktionieren, egal welches Auto Sie fahren.<\/p>\n<p>Wenn Ihr K\u00fchl-\/Frostschutzmittel nachgef\u00fcllt oder ersetzt werden muss, kann es schwierig sein zu wissen, welche Farbe oder Art zu verwenden ist. Das Mischen von nicht kompatiblen K\u00fchlmitteln oder die Verwendung des falschen K\u00fchlmittels f\u00fcr Ihr Auto kann zu Verstopfungen und Sch\u00e4den f\u00fchren.<\/p>\n<p>Prestone ist f\u00fcr alle Autos garantiert und kann mit jeder anderen Farbe von K\u00fchl-\/Frostschutzmitteln gemischt werden, was es zur besten Wahl f\u00fcr Sie macht. Sie k\u00f6nnen es verwenden, um Ihr Auto aufzuf\u00fcllen oder das K\u00fchlsystem wieder aufzuf\u00fcllen, nachdem Sie es entleert und gesp\u00fclt haben.<\/p>\n<hr \/>\n<p><strong>Erh\u00e4ltlich als Konzentrat oder Fertigmischung<\/strong><\/p>\n<p><strong>Fertigmix<\/strong>:<\/p>\n<p>Flasche 1L \u00a0PAFR0057B<br \/>\nFass 60L PAFR0061R<\/p>\n<p><strong>Konzentrat <\/strong>:<\/p>\n<ul>\n<li>Flasc 1L PAFR0058B<\/li>\n<li>Kanister 4L PAFR0059B<\/li>\n<li>Fass 20L PAFR0060B<\/li>\n<li>Fass 60L PAFR0061B<\/li>\n<li>Fass 205L PAFR0062B<\/li>\n<\/ul>\n<p>Original Prestone K\u00fchlerschutz ist die Nr. 1 in den USA.\u00a0Es hat eine patentierte Formel und wird von den weltweit f\u00fchrenden Automobilherstellern offiziell als Erstbef\u00fcllung anerkannt: Ford, General Motors und Toyota.<\/p>\n","protected":false},"excerpt":{"rendered":"<p><span style=\"font-weight: 400;\">Der leistungsstarke K\u00fchlerschutz f\u00fcr alle Marken und Modelle von Prestone ist das einzige Produkt, das Sie ben\u00f6tigen, um maximalen Schutz f\u00fcr den Motor Ihres Autos zu gew\u00e4hrleisten.<\/span><\/p>\n<ul>\n<li>Brandneue patentierte Technologie mit 17 neuen Patenten<\/li>\n<li>Alle Marken, alle Modelle, alle Motoren \u2013 garantiert<\/li>\n<li>Hervorragender Korrosionsschutz<\/li>\n<li>L\u00e4ngere Lebensdauer des Motors<\/li>\n<li>10 Jahre Garantie<\/li>\n<li>Schutz f\u00fcr bis zu oder 480.000 km<\/li>\n<li>Wird von mehreren f\u00fchrenden Fahrzeugherstellern als Erstbef\u00fcllung verwendet<\/li>\n<li>L\u00e4sst sich sicher mit jeder Farbe oder Spezifikation von K\u00fchl-\/Frostschutzmitteln mischen<\/li>\n<\/ul>\n<p><img decoding=\"async\" class=\"alignnone size-medium wp-image-12417\" src=\"https:\/\/www.holtsauto.com\/wp-content\/uploads\/2021\/07\/555352036-DEKRA-SIEGEL-11801_DE_2024-177x300.png\" alt=\"\" width=\"177\" height=\"300\" srcset=\"https:\/\/www.holtsauto.com\/wp-content\/uploads\/2021\/07\/555352036-DEKRA-SIEGEL-11801_DE_2024-177x300.png 177w, https:\/\/www.holtsauto.com\/wp-content\/uploads\/2021\/07\/555352036-DEKRA-SIEGEL-11801_DE_2024-89x150.png 89w, https:\/\/www.holtsauto.com\/wp-content\/uploads\/2021\/07\/555352036-DEKRA-SIEGEL-11801_DE_2024.png 300w\" sizes=\"(max-width: 177px) 100vw, 177px\" \/> <img decoding=\"async\" class=\"alignnone size-medium wp-image-12427\" src=\"https:\/\/www.holtsauto.com\/wp-content\/uploads\/2021\/07\/555352037-DEKRA-SIEGEL-11802_DE_2024-177x300.png\" alt=\"\" width=\"177\" height=\"300\" srcset=\"https:\/\/www.holtsauto.com\/wp-content\/uploads\/2021\/07\/555352037-DEKRA-SIEGEL-11802_DE_2024-177x300.png 177w, https:\/\/www.holtsauto.com\/wp-content\/uploads\/2021\/07\/555352037-DEKRA-SIEGEL-11802_DE_2024-89x150.png 89w, https:\/\/www.holtsauto.com\/wp-content\/uploads\/2021\/07\/555352037-DEKRA-SIEGEL-11802_DE_2024.png 300w\" sizes=\"(max-width: 177px) 100vw, 177px\" \/><\/p>\n","protected":false},"featured_media":12556,"comment_status":"closed","ping_status":"closed","template":"","meta":{"_acf_changed":false,"inline_featured_image":false},"product_brand":[],"product_cat":[381],"product_tag":[],"class_list":{"0":"post-10826","1":"product","2":"type-product","3":"status-publish","4":"has-post-thumbnail","6":"product_cat-kuhlerschutz","8":"first","9":"instock","10":"shipping-taxable","11":"purchasable","12":"product-type-variable"},"acf":[],"yoast_head":"<!-- This site is optimized with the Yoast SEO plugin v27.4 - https:\/\/yoast.com\/product\/yoast-seo-wordpress\/ -->\n<title>Prestone K\u00fchlerschutz | Produkte | Holts DE<\/title>\n<meta name=\"description\" content=\"Der leistungsstarke K\u00fchlerschutz f\u00fcr alle Marken und Modelle von Prestone ist das einzige Produkt, das Sie ben\u00f6tigen, um maximalen Schutz f\u00fcr den Motor Ihres Autos zu gew\u00e4hrleisten.\" \/>\n<meta name=\"robots\" content=\"index, follow, max-snippet:-1, max-image-preview:large, max-video-preview:-1\" \/>\n<link rel=\"canonical\" href=\"https:\/\/www.holtsauto.com\/de\/produkte\/kuhlerschutz\/prestone-kuehlerschutz\/\" \/>\n<meta property=\"og:locale\" content=\"de_DE\" \/>\n<meta property=\"og:type\" content=\"article\" \/>\n<meta property=\"og:title\" content=\"Prestone K\u00fchlerschutz | Produkte | Holts DE\" \/>\n<meta property=\"og:description\" content=\"Der leistungsstarke K\u00fchlerschutz f\u00fcr alle Marken und Modelle von Prestone ist das einzige Produkt, das Sie ben\u00f6tigen, um maximalen Schutz f\u00fcr den Motor Ihres Autos zu gew\u00e4hrleisten.\" \/>\n<meta property=\"og:url\" content=\"https:\/\/www.holtsauto.com\/de\/produkte\/kuhlerschutz\/prestone-kuehlerschutz\/\" \/>\n<meta property=\"og:site_name\" content=\"Holts Auto Site\" \/>\n<meta property=\"article:modified_time\" content=\"2025-07-04T09:11:56+00:00\" \/>\n<meta property=\"og:image\" content=\"https:\/\/www.holtsauto.com\/wp-content\/uploads\/2021\/07\/PAFR0057B-DEKRA-CON-1L.png\" \/>\n\t<meta property=\"og:image:width\" content=\"2000\" \/>\n\t<meta property=\"og:image:height\" content=\"2000\" \/>\n\t<meta property=\"og:image:type\" content=\"image\/png\" \/>\n<meta name=\"twitter:card\" content=\"summary_large_image\" \/>\n<meta name=\"twitter:label1\" content=\"Gesch\u00e4tzte Lesezeit\" \/>\n\t<meta name=\"twitter:data1\" content=\"2 Minuten\" \/>\n<script type=\"application\/ld+json\" class=\"yoast-schema-graph\">{\"@context\":\"https:\\\/\\\/schema.org\",\"@graph\":[{\"@type\":\"WebPage\",\"@id\":\"https:\\\/\\\/www.holtsauto.com\\\/de\\\/produkte\\\/kuhlerschutz\\\/prestone-kuehlerschutz\\\/\",\"url\":\"https:\\\/\\\/www.holtsauto.com\\\/de\\\/produkte\\\/kuhlerschutz\\\/prestone-kuehlerschutz\\\/\",\"name\":\"Prestone K\u00fchlerschutz | Produkte | Holts DE\",\"isPartOf\":{\"@id\":\"https:\\\/\\\/www.holtsauto.com\\\/de\\\/#website\"},\"primaryImageOfPage\":{\"@id\":\"https:\\\/\\\/www.holtsauto.com\\\/de\\\/produkte\\\/kuhlerschutz\\\/prestone-kuehlerschutz\\\/#primaryimage\"},\"image\":{\"@id\":\"https:\\\/\\\/www.holtsauto.com\\\/de\\\/produkte\\\/kuhlerschutz\\\/prestone-kuehlerschutz\\\/#primaryimage\"},\"thumbnailUrl\":\"https:\\\/\\\/www.holtsauto.com\\\/wp-content\\\/uploads\\\/2021\\\/07\\\/PAFR0057B-DEKRA-CON-1L.png\",\"datePublished\":\"2021-07-13T10:43:29+00:00\",\"dateModified\":\"2025-07-04T09:11:56+00:00\",\"description\":\"Der leistungsstarke K\u00fchlerschutz f\u00fcr alle Marken und Modelle von Prestone ist das einzige Produkt, das Sie ben\u00f6tigen, um maximalen Schutz f\u00fcr den Motor Ihres Autos zu gew\u00e4hrleisten.\",\"breadcrumb\":{\"@id\":\"https:\\\/\\\/www.holtsauto.com\\\/de\\\/produkte\\\/kuhlerschutz\\\/prestone-kuehlerschutz\\\/#breadcrumb\"},\"inLanguage\":\"de-DE\",\"potentialAction\":[{\"@type\":\"ReadAction\",\"target\":[\"https:\\\/\\\/www.holtsauto.com\\\/de\\\/produkte\\\/kuhlerschutz\\\/prestone-kuehlerschutz\\\/\"]}]},{\"@type\":\"ImageObject\",\"inLanguage\":\"de-DE\",\"@id\":\"https:\\\/\\\/www.holtsauto.com\\\/de\\\/produkte\\\/kuhlerschutz\\\/prestone-kuehlerschutz\\\/#primaryimage\",\"url\":\"https:\\\/\\\/www.holtsauto.com\\\/wp-content\\\/uploads\\\/2021\\\/07\\\/PAFR0057B-DEKRA-CON-1L.png\",\"contentUrl\":\"https:\\\/\\\/www.holtsauto.com\\\/wp-content\\\/uploads\\\/2021\\\/07\\\/PAFR0057B-DEKRA-CON-1L.png\",\"width\":2000,\"height\":2000},{\"@type\":\"BreadcrumbList\",\"@id\":\"https:\\\/\\\/www.holtsauto.com\\\/de\\\/produkte\\\/kuhlerschutz\\\/prestone-kuehlerschutz\\\/#breadcrumb\",\"itemListElement\":[{\"@type\":\"ListItem\",\"position\":1,\"name\":\"Home\",\"item\":\"https:\\\/\\\/www.holtsauto.com\\\/de\\\/\"},{\"@type\":\"ListItem\",\"position\":2,\"name\":\"Produkte\",\"item\":\"https:\\\/\\\/www.holtsauto.com\\\/de\\\/produkte\\\/\"},{\"@type\":\"ListItem\",\"position\":3,\"name\":\"Prestone K\u00fchlerschutz\"}]},{\"@type\":\"WebSite\",\"@id\":\"https:\\\/\\\/www.holtsauto.com\\\/de\\\/#website\",\"url\":\"https:\\\/\\\/www.holtsauto.com\\\/de\\\/\",\"name\":\"Holts Auto\",\"description\":\"\",\"potentialAction\":[{\"@type\":\"SearchAction\",\"target\":{\"@type\":\"EntryPoint\",\"urlTemplate\":\"https:\\\/\\\/www.holtsauto.com\\\/de\\\/?s={search_term_string}\"},\"query-input\":{\"@type\":\"PropertyValueSpecification\",\"valueRequired\":true,\"valueName\":\"search_term_string\"}}],\"inLanguage\":\"de-DE\"}]}<\/script>\n<!-- \/ Yoast SEO plugin. -->","yoast_head_json":{"title":"Prestone K\u00fchlerschutz | Produkte | Holts DE","description":"Der leistungsstarke K\u00fchlerschutz f\u00fcr alle Marken und Modelle von Prestone ist das einzige Produkt, das Sie ben\u00f6tigen, um maximalen Schutz f\u00fcr den Motor Ihres Autos zu gew\u00e4hrleisten.","robots":{"index":"index","follow":"follow","max-snippet":"max-snippet:-1","max-image-preview":"max-image-preview:large","max-video-preview":"max-video-preview:-1"},"canonical":"https:\/\/www.holtsauto.com\/de\/produkte\/kuhlerschutz\/prestone-kuehlerschutz\/","og_locale":"de_DE","og_type":"article","og_title":"Prestone K\u00fchlerschutz | Produkte | Holts DE","og_description":"Der leistungsstarke K\u00fchlerschutz f\u00fcr alle Marken und Modelle von Prestone ist das einzige Produkt, das Sie ben\u00f6tigen, um maximalen Schutz f\u00fcr den Motor Ihres Autos zu gew\u00e4hrleisten.","og_url":"https:\/\/www.holtsauto.com\/de\/produkte\/kuhlerschutz\/prestone-kuehlerschutz\/","og_site_name":"Holts Auto Site","article_modified_time":"2025-07-04T09:11:56+00:00","og_image":[{"width":2000,"height":2000,"url":"https:\/\/www.holtsauto.com\/wp-content\/uploads\/2021\/07\/PAFR0057B-DEKRA-CON-1L.png","type":"image\/png"}],"twitter_card":"summary_large_image","twitter_misc":{"Gesch\u00e4tzte Lesezeit":"2 Minuten"},"schema":{"@context":"https:\/\/schema.org","@graph":[{"@type":"WebPage","@id":"https:\/\/www.holtsauto.com\/de\/produkte\/kuhlerschutz\/prestone-kuehlerschutz\/","url":"https:\/\/www.holtsauto.com\/de\/produkte\/kuhlerschutz\/prestone-kuehlerschutz\/","name":"Prestone K\u00fchlerschutz | Produkte | Holts DE","isPartOf":{"@id":"https:\/\/www.holtsauto.com\/de\/#website"},"primaryImageOfPage":{"@id":"https:\/\/www.holtsauto.com\/de\/produkte\/kuhlerschutz\/prestone-kuehlerschutz\/#primaryimage"},"image":{"@id":"https:\/\/www.holtsauto.com\/de\/produkte\/kuhlerschutz\/prestone-kuehlerschutz\/#primaryimage"},"thumbnailUrl":"https:\/\/www.holtsauto.com\/wp-content\/uploads\/2021\/07\/PAFR0057B-DEKRA-CON-1L.png","datePublished":"2021-07-13T10:43:29+00:00","dateModified":"2025-07-04T09:11:56+00:00","description":"Der leistungsstarke K\u00fchlerschutz f\u00fcr alle Marken und Modelle von Prestone ist das einzige Produkt, das Sie ben\u00f6tigen, um maximalen Schutz f\u00fcr den Motor Ihres Autos zu gew\u00e4hrleisten.","breadcrumb":{"@id":"https:\/\/www.holtsauto.com\/de\/produkte\/kuhlerschutz\/prestone-kuehlerschutz\/#breadcrumb"},"inLanguage":"de-DE","potentialAction":[{"@type":"ReadAction","target":["https:\/\/www.holtsauto.com\/de\/produkte\/kuhlerschutz\/prestone-kuehlerschutz\/"]}]},{"@type":"ImageObject","inLanguage":"de-DE","@id":"https:\/\/www.holtsauto.com\/de\/produkte\/kuhlerschutz\/prestone-kuehlerschutz\/#primaryimage","url":"https:\/\/www.holtsauto.com\/wp-content\/uploads\/2021\/07\/PAFR0057B-DEKRA-CON-1L.png","contentUrl":"https:\/\/www.holtsauto.com\/wp-content\/uploads\/2021\/07\/PAFR0057B-DEKRA-CON-1L.png","width":2000,"height":2000},{"@type":"BreadcrumbList","@id":"https:\/\/www.holtsauto.com\/de\/produkte\/kuhlerschutz\/prestone-kuehlerschutz\/#breadcrumb","itemListElement":[{"@type":"ListItem","position":1,"name":"Home","item":"https:\/\/www.holtsauto.com\/de\/"},{"@type":"ListItem","position":2,"name":"Produkte","item":"https:\/\/www.holtsauto.com\/de\/produkte\/"},{"@type":"ListItem","position":3,"name":"Prestone K\u00fchlerschutz"}]},{"@type":"WebSite","@id":"https:\/\/www.holtsauto.com\/de\/#website","url":"https:\/\/www.holtsauto.com\/de\/","name":"Holts Auto","description":"","potentialAction":[{"@type":"SearchAction","target":{"@type":"EntryPoint","urlTemplate":"https:\/\/www.holtsauto.com\/de\/?s={search_term_string}"},"query-input":{"@type":"PropertyValueSpecification","valueRequired":true,"valueName":"search_term_string"}}],"inLanguage":"de-DE"}]}},"_links":{"self":[{"href":"https:\/\/www.holtsauto.com\/de\/wp-json\/wp\/v2\/product\/10826","targetHints":{"allow":["GET"]}}],"collection":[{"href":"https:\/\/www.holtsauto.com\/de\/wp-json\/wp\/v2\/product"}],"about":[{"href":"https:\/\/www.holtsauto.com\/de\/wp-json\/wp\/v2\/types\/product"}],"replies":[{"embeddable":true,"href":"https:\/\/www.holtsauto.com\/de\/wp-json\/wp\/v2\/comments?post=10826"}],"wp:featuredmedia":[{"embeddable":true,"href":"https:\/\/www.holtsauto.com\/de\/wp-json\/wp\/v2\/media\/12556"}],"wp:attachment":[{"href":"https:\/\/www.holtsauto.com\/de\/wp-json\/wp\/v2\/media?parent=10826"}],"wp:term":[{"taxonomy":"product_brand","embeddable":true,"href":"https:\/\/www.holtsauto.com\/de\/wp-json\/wp\/v2\/product_brand?post=10826"},{"taxonomy":"product_cat","embeddable":true,"href":"https:\/\/www.holtsauto.com\/de\/wp-json\/wp\/v2\/product_cat?post=10826"},{"taxonomy":"product_tag","embeddable":true,"href":"https:\/\/www.holtsauto.com\/de\/wp-json\/wp\/v2\/product_tag?post=10826"}],"curies":[{"name":"wp","href":"https:\/\/api.w.org\/{rel}","templated":true}]}}