{"id":11083,"date":"2024-06-17T12:10:32","date_gmt":"2024-06-17T12:10:32","guid":{"rendered":"https:\/\/www.holtsauto.com\/?post_type=product&#038;p=11083"},"modified":"2025-02-06T11:32:59","modified_gmt":"2025-02-06T11:32:59","slug":"gun-gum-bandage-fur-auspuffrohre-und-topfe","status":"publish","type":"product","link":"https:\/\/www.holtsauto.com\/de\/produkte\/auspuff-reparatur\/gun-gum-bandage-fur-auspuffrohre-und-topfe\/","title":{"rendered":"Gun Gum Bandage f\u00fcr Auspuffrohre und -t\u00f6pfe"},"content":{"rendered":"<p><span style=\"font-weight: 400;\">Wo auch immer Ihr Auspuff besch\u00e4digt ist, Holts hat ein Gun Gum-Produkt, das ihn reparieren kann.<\/span><\/p>\n<p><span style=\"font-weight: 400;\">Die <span data-sheets-root=\"1\" data-sheets-value=\"{&quot;1&quot;:2,&quot;2&quot;:&quot;Gun Gum Bandage f\u00fcr Auspuffrohre und -t\u00f6pfe&quot;}\" data-sheets-userformat=\"{&quot;2&quot;:14851,&quot;3&quot;:{&quot;1&quot;:0},&quot;4&quot;:{&quot;1&quot;:2,&quot;2&quot;:16777215},&quot;12&quot;:0,&quot;14&quot;:{&quot;1&quot;:2,&quot;2&quot;:0},&quot;15&quot;:&quot;Calibri&quot;,&quot;16&quot;:12}\">Gun Gum Bandage f\u00fcr Auspuffrohre und -t\u00f6pfe<\/span> ist ein Auspuffreparaturset aus unserem Gun Gum-Sortiment mit einer verstellbaren Umh\u00fcllung, die an Biegungen in Auspuffabschnitten oder an Stellen, an denen ein Schalld\u00e4mpferkasten auf ein Rohr trifft, angebracht werden kann.<\/span><\/p>\n<p><span style=\"font-weight: 400;\">Dank des speziellen flexiblen Designs k\u00f6nnen Sie schwierige Stellen problemlos zu Hause reparieren. Die Folie sitzt fest und sollte mit Gun Gum Paste versiegelt werden, um eine dauerhafte gasdichte Abdichtung zu gew\u00e4hrleisten, ohne dass eine Demontage oder Ersatzteile erforderlich sind.<\/span><\/p>\n<p><span style=\"font-weight: 400;\">Geeignet f\u00fcr den Einsatz an gebogenen Rohren, Katalysatoren, DPFs, Backboxen oder Endrohren.<\/span><\/p>\n<p><span style=\"font-weight: 400;\">F\u00fcr eine dauerhafte Reparatur mit Gun Gum Auspuffpaste verwenden<\/span><\/p>\n<p><span style=\"font-weight: 400;\">Schnell und einfach zu bedienen<\/span><\/p>\n","protected":false},"excerpt":{"rendered":"<p><span style=\"font-weight: 400;\">Die <span data-sheets-root=\"1\" data-sheets-value=\"{&quot;1&quot;:2,&quot;2&quot;:&quot;Gun Gum Bandage f\u00fcr Auspuffrohre und -t\u00f6pfe&quot;}\" data-sheets-userformat=\"{&quot;2&quot;:14851,&quot;3&quot;:{&quot;1&quot;:0},&quot;4&quot;:{&quot;1&quot;:2,&quot;2&quot;:16777215},&quot;12&quot;:0,&quot;14&quot;:{&quot;1&quot;:2,&quot;2&quot;:0},&quot;15&quot;:&quot;Calibri&quot;,&quot;16&quot;:12}\">Gun Gum Bandage f\u00fcr Auspuffrohre und -t\u00f6pfe<\/span> ist ein Auspuff-Reparaturset aus unserem Gun Gum-Sortiment mit einer verstellbaren Umh\u00fcllung, die an Biegungen in Auspuffabschnitten angebracht werden kann.<\/span><\/p>\n<ul>\n<li>Geeignet f\u00fcr gerade und gebogene Rohre<\/li>\n<li>Gasdicht und hitzebest\u00e4ndig<\/li>\n<li>Asbestfrei<\/li>\n<\/ul>\n","protected":false},"featured_media":11375,"comment_status":"open","ping_status":"closed","template":"","meta":{"_acf_changed":false,"inline_featured_image":false},"product_brand":[],"product_cat":[383],"product_tag":[],"class_list":{"0":"post-11083","1":"product","2":"type-product","3":"status-publish","4":"has-post-thumbnail","6":"product_cat-auspuff-reparatur","8":"first","9":"instock","10":"shipping-taxable","11":"purchasable","12":"product-type-simple"},"acf":[],"yoast_head":"<!-- This site is optimized with the Yoast SEO plugin v27.3 - https:\/\/yoast.com\/product\/yoast-seo-wordpress\/ -->\n<title>Gun Gum Bandage f\u00fcr Auspuffrohre und -t\u00f6pfe | Produkte | Holts DE<\/title>\n<meta name=\"description\" content=\"Die Gun Gum Bandage f\u00fcr Auspuffrohre und -t\u00f6pfe ist ein Auspuff-Reparaturset aus unserem Gun Gum-Sortiment mit einer verstellbaren Umh\u00fcllung, die an Biegungen in Auspuffabschnitten angebracht werden kann.\" \/>\n<meta name=\"robots\" content=\"index, follow, max-snippet:-1, max-image-preview:large, max-video-preview:-1\" \/>\n<link rel=\"canonical\" href=\"https:\/\/www.holtsauto.com\/de\/produkte\/auspuff-reparatur\/gun-gum-bandage-fur-auspuffrohre-und-topfe\/\" \/>\n<meta property=\"og:locale\" content=\"de_DE\" \/>\n<meta property=\"og:type\" content=\"article\" \/>\n<meta property=\"og:title\" content=\"Gun Gum Bandage f\u00fcr Auspuffrohre und -t\u00f6pfe | Produkte | Holts DE\" \/>\n<meta property=\"og:description\" content=\"Die Gun Gum Bandage f\u00fcr Auspuffrohre und -t\u00f6pfe ist ein Auspuff-Reparaturset aus unserem Gun Gum-Sortiment mit einer verstellbaren Umh\u00fcllung, die an Biegungen in Auspuffabschnitten angebracht werden kann.\" \/>\n<meta property=\"og:url\" content=\"https:\/\/www.holtsauto.com\/de\/produkte\/auspuff-reparatur\/gun-gum-bandage-fur-auspuffrohre-und-topfe\/\" \/>\n<meta property=\"og:site_name\" content=\"Holts Auto Site\" \/>\n<meta property=\"article:modified_time\" content=\"2025-02-06T11:32:59+00:00\" \/>\n<meta property=\"og:image\" content=\"https:\/\/www.holtsauto.com\/wp-content\/uploads\/2024\/06\/easy-fit-gun-gum-de.png\" \/>\n\t<meta property=\"og:image:width\" content=\"2000\" \/>\n\t<meta property=\"og:image:height\" content=\"2000\" \/>\n\t<meta property=\"og:image:type\" content=\"image\/png\" \/>\n<meta name=\"twitter:card\" content=\"summary_large_image\" \/>\n<meta name=\"twitter:label1\" content=\"Gesch\u00e4tzte Lesezeit\" \/>\n\t<meta name=\"twitter:data1\" content=\"1 Minute\" \/>\n<script type=\"application\/ld+json\" class=\"yoast-schema-graph\">{\"@context\":\"https:\\\/\\\/schema.org\",\"@graph\":[{\"@type\":\"WebPage\",\"@id\":\"https:\\\/\\\/www.holtsauto.com\\\/de\\\/produkte\\\/auspuff-reparatur\\\/gun-gum-bandage-fur-auspuffrohre-und-topfe\\\/\",\"url\":\"https:\\\/\\\/www.holtsauto.com\\\/de\\\/produkte\\\/auspuff-reparatur\\\/gun-gum-bandage-fur-auspuffrohre-und-topfe\\\/\",\"name\":\"Gun Gum Bandage f\u00fcr Auspuffrohre und -t\u00f6pfe | Produkte | Holts DE\",\"isPartOf\":{\"@id\":\"https:\\\/\\\/www.holtsauto.com\\\/de\\\/#website\"},\"primaryImageOfPage\":{\"@id\":\"https:\\\/\\\/www.holtsauto.com\\\/de\\\/produkte\\\/auspuff-reparatur\\\/gun-gum-bandage-fur-auspuffrohre-und-topfe\\\/#primaryimage\"},\"image\":{\"@id\":\"https:\\\/\\\/www.holtsauto.com\\\/de\\\/produkte\\\/auspuff-reparatur\\\/gun-gum-bandage-fur-auspuffrohre-und-topfe\\\/#primaryimage\"},\"thumbnailUrl\":\"https:\\\/\\\/www.holtsauto.com\\\/wp-content\\\/uploads\\\/2024\\\/06\\\/easy-fit-gun-gum-de.png\",\"datePublished\":\"2024-06-17T12:10:32+00:00\",\"dateModified\":\"2025-02-06T11:32:59+00:00\",\"description\":\"Die Gun Gum Bandage f\u00fcr Auspuffrohre und -t\u00f6pfe ist ein Auspuff-Reparaturset aus unserem Gun Gum-Sortiment mit einer verstellbaren Umh\u00fcllung, die an Biegungen in Auspuffabschnitten angebracht werden kann.\",\"breadcrumb\":{\"@id\":\"https:\\\/\\\/www.holtsauto.com\\\/de\\\/produkte\\\/auspuff-reparatur\\\/gun-gum-bandage-fur-auspuffrohre-und-topfe\\\/#breadcrumb\"},\"inLanguage\":\"de-DE\",\"potentialAction\":[{\"@type\":\"ReadAction\",\"target\":[\"https:\\\/\\\/www.holtsauto.com\\\/de\\\/produkte\\\/auspuff-reparatur\\\/gun-gum-bandage-fur-auspuffrohre-und-topfe\\\/\"]}]},{\"@type\":\"ImageObject\",\"inLanguage\":\"de-DE\",\"@id\":\"https:\\\/\\\/www.holtsauto.com\\\/de\\\/produkte\\\/auspuff-reparatur\\\/gun-gum-bandage-fur-auspuffrohre-und-topfe\\\/#primaryimage\",\"url\":\"https:\\\/\\\/www.holtsauto.com\\\/wp-content\\\/uploads\\\/2024\\\/06\\\/easy-fit-gun-gum-de.png\",\"contentUrl\":\"https:\\\/\\\/www.holtsauto.com\\\/wp-content\\\/uploads\\\/2024\\\/06\\\/easy-fit-gun-gum-de.png\",\"width\":2000,\"height\":2000,\"caption\":\"Gun Gum Bandage f\u00fcr Auspuffrohre und -t\u00f6pfe\"},{\"@type\":\"BreadcrumbList\",\"@id\":\"https:\\\/\\\/www.holtsauto.com\\\/de\\\/produkte\\\/auspuff-reparatur\\\/gun-gum-bandage-fur-auspuffrohre-und-topfe\\\/#breadcrumb\",\"itemListElement\":[{\"@type\":\"ListItem\",\"position\":1,\"name\":\"Home\",\"item\":\"https:\\\/\\\/www.holtsauto.com\\\/de\\\/\"},{\"@type\":\"ListItem\",\"position\":2,\"name\":\"Produkte\",\"item\":\"https:\\\/\\\/www.holtsauto.com\\\/de\\\/produkte\\\/\"},{\"@type\":\"ListItem\",\"position\":3,\"name\":\"Gun Gum Bandage f\u00fcr Auspuffrohre und -t\u00f6pfe\"}]},{\"@type\":\"WebSite\",\"@id\":\"https:\\\/\\\/www.holtsauto.com\\\/de\\\/#website\",\"url\":\"https:\\\/\\\/www.holtsauto.com\\\/de\\\/\",\"name\":\"Holts Auto\",\"description\":\"\",\"potentialAction\":[{\"@type\":\"SearchAction\",\"target\":{\"@type\":\"EntryPoint\",\"urlTemplate\":\"https:\\\/\\\/www.holtsauto.com\\\/de\\\/?s={search_term_string}\"},\"query-input\":{\"@type\":\"PropertyValueSpecification\",\"valueRequired\":true,\"valueName\":\"search_term_string\"}}],\"inLanguage\":\"de-DE\"}]}<\/script>\n<!-- \/ Yoast SEO plugin. -->","yoast_head_json":{"title":"Gun Gum Bandage f\u00fcr Auspuffrohre und -t\u00f6pfe | Produkte | Holts DE","description":"Die Gun Gum Bandage f\u00fcr Auspuffrohre und -t\u00f6pfe ist ein Auspuff-Reparaturset aus unserem Gun Gum-Sortiment mit einer verstellbaren Umh\u00fcllung, die an Biegungen in Auspuffabschnitten angebracht werden kann.","robots":{"index":"index","follow":"follow","max-snippet":"max-snippet:-1","max-image-preview":"max-image-preview:large","max-video-preview":"max-video-preview:-1"},"canonical":"https:\/\/www.holtsauto.com\/de\/produkte\/auspuff-reparatur\/gun-gum-bandage-fur-auspuffrohre-und-topfe\/","og_locale":"de_DE","og_type":"article","og_title":"Gun Gum Bandage f\u00fcr Auspuffrohre und -t\u00f6pfe | Produkte | Holts DE","og_description":"Die Gun Gum Bandage f\u00fcr Auspuffrohre und -t\u00f6pfe ist ein Auspuff-Reparaturset aus unserem Gun Gum-Sortiment mit einer verstellbaren Umh\u00fcllung, die an Biegungen in Auspuffabschnitten angebracht werden kann.","og_url":"https:\/\/www.holtsauto.com\/de\/produkte\/auspuff-reparatur\/gun-gum-bandage-fur-auspuffrohre-und-topfe\/","og_site_name":"Holts Auto Site","article_modified_time":"2025-02-06T11:32:59+00:00","og_image":[{"width":2000,"height":2000,"url":"https:\/\/www.holtsauto.com\/wp-content\/uploads\/2024\/06\/easy-fit-gun-gum-de.png","type":"image\/png"}],"twitter_card":"summary_large_image","twitter_misc":{"Gesch\u00e4tzte Lesezeit":"1 Minute"},"schema":{"@context":"https:\/\/schema.org","@graph":[{"@type":"WebPage","@id":"https:\/\/www.holtsauto.com\/de\/produkte\/auspuff-reparatur\/gun-gum-bandage-fur-auspuffrohre-und-topfe\/","url":"https:\/\/www.holtsauto.com\/de\/produkte\/auspuff-reparatur\/gun-gum-bandage-fur-auspuffrohre-und-topfe\/","name":"Gun Gum Bandage f\u00fcr Auspuffrohre und -t\u00f6pfe | Produkte | Holts DE","isPartOf":{"@id":"https:\/\/www.holtsauto.com\/de\/#website"},"primaryImageOfPage":{"@id":"https:\/\/www.holtsauto.com\/de\/produkte\/auspuff-reparatur\/gun-gum-bandage-fur-auspuffrohre-und-topfe\/#primaryimage"},"image":{"@id":"https:\/\/www.holtsauto.com\/de\/produkte\/auspuff-reparatur\/gun-gum-bandage-fur-auspuffrohre-und-topfe\/#primaryimage"},"thumbnailUrl":"https:\/\/www.holtsauto.com\/wp-content\/uploads\/2024\/06\/easy-fit-gun-gum-de.png","datePublished":"2024-06-17T12:10:32+00:00","dateModified":"2025-02-06T11:32:59+00:00","description":"Die Gun Gum Bandage f\u00fcr Auspuffrohre und -t\u00f6pfe ist ein Auspuff-Reparaturset aus unserem Gun Gum-Sortiment mit einer verstellbaren Umh\u00fcllung, die an Biegungen in Auspuffabschnitten angebracht werden kann.","breadcrumb":{"@id":"https:\/\/www.holtsauto.com\/de\/produkte\/auspuff-reparatur\/gun-gum-bandage-fur-auspuffrohre-und-topfe\/#breadcrumb"},"inLanguage":"de-DE","potentialAction":[{"@type":"ReadAction","target":["https:\/\/www.holtsauto.com\/de\/produkte\/auspuff-reparatur\/gun-gum-bandage-fur-auspuffrohre-und-topfe\/"]}]},{"@type":"ImageObject","inLanguage":"de-DE","@id":"https:\/\/www.holtsauto.com\/de\/produkte\/auspuff-reparatur\/gun-gum-bandage-fur-auspuffrohre-und-topfe\/#primaryimage","url":"https:\/\/www.holtsauto.com\/wp-content\/uploads\/2024\/06\/easy-fit-gun-gum-de.png","contentUrl":"https:\/\/www.holtsauto.com\/wp-content\/uploads\/2024\/06\/easy-fit-gun-gum-de.png","width":2000,"height":2000,"caption":"Gun Gum Bandage f\u00fcr Auspuffrohre und -t\u00f6pfe"},{"@type":"BreadcrumbList","@id":"https:\/\/www.holtsauto.com\/de\/produkte\/auspuff-reparatur\/gun-gum-bandage-fur-auspuffrohre-und-topfe\/#breadcrumb","itemListElement":[{"@type":"ListItem","position":1,"name":"Home","item":"https:\/\/www.holtsauto.com\/de\/"},{"@type":"ListItem","position":2,"name":"Produkte","item":"https:\/\/www.holtsauto.com\/de\/produkte\/"},{"@type":"ListItem","position":3,"name":"Gun Gum Bandage f\u00fcr Auspuffrohre und -t\u00f6pfe"}]},{"@type":"WebSite","@id":"https:\/\/www.holtsauto.com\/de\/#website","url":"https:\/\/www.holtsauto.com\/de\/","name":"Holts Auto","description":"","potentialAction":[{"@type":"SearchAction","target":{"@type":"EntryPoint","urlTemplate":"https:\/\/www.holtsauto.com\/de\/?s={search_term_string}"},"query-input":{"@type":"PropertyValueSpecification","valueRequired":true,"valueName":"search_term_string"}}],"inLanguage":"de-DE"}]}},"_links":{"self":[{"href":"https:\/\/www.holtsauto.com\/de\/wp-json\/wp\/v2\/product\/11083","targetHints":{"allow":["GET"]}}],"collection":[{"href":"https:\/\/www.holtsauto.com\/de\/wp-json\/wp\/v2\/product"}],"about":[{"href":"https:\/\/www.holtsauto.com\/de\/wp-json\/wp\/v2\/types\/product"}],"replies":[{"embeddable":true,"href":"https:\/\/www.holtsauto.com\/de\/wp-json\/wp\/v2\/comments?post=11083"}],"wp:featuredmedia":[{"embeddable":true,"href":"https:\/\/www.holtsauto.com\/de\/wp-json\/wp\/v2\/media\/11375"}],"wp:attachment":[{"href":"https:\/\/www.holtsauto.com\/de\/wp-json\/wp\/v2\/media?parent=11083"}],"wp:term":[{"taxonomy":"product_brand","embeddable":true,"href":"https:\/\/www.holtsauto.com\/de\/wp-json\/wp\/v2\/product_brand?post=11083"},{"taxonomy":"product_cat","embeddable":true,"href":"https:\/\/www.holtsauto.com\/de\/wp-json\/wp\/v2\/product_cat?post=11083"},{"taxonomy":"product_tag","embeddable":true,"href":"https:\/\/www.holtsauto.com\/de\/wp-json\/wp\/v2\/product_tag?post=11083"}],"curies":[{"name":"wp","href":"https:\/\/api.w.org\/{rel}","templated":true}]}}