{"id":11093,"date":"2024-06-17T12:47:43","date_gmt":"2024-06-17T12:47:43","guid":{"rendered":"https:\/\/www.holtsauto.com\/?post_type=product&#038;p=11093"},"modified":"2025-02-06T11:38:08","modified_gmt":"2025-02-06T11:38:08","slug":"prestone-kuehlsystemspuelung","status":"publish","type":"product","link":"https:\/\/www.holtsauto.com\/de\/produkte\/kuehlmittel-fuer-nutzfahrzeuge\/prestone-kuehlsystemspuelung\/","title":{"rendered":"Prestone K\u00fchlsystemsp\u00fclung"},"content":{"rendered":"<p><span style=\"font-weight: 400;\">Prestone K\u00fchlsystemsp\u00fclung ist eine spezielle Wartungsfl\u00fcssigkeit, die speziell entwickelt wurde, um das K\u00fchlsystem zwischen den K\u00fchlmittelgaben zu reinigen und zu pflegen.<\/span><\/p>\n<p><span style=\"font-weight: 400;\">Die Fl\u00fcssigkeit wurde im Labor und auf der Stra\u00dfe getestet. Um sicherzustellen, dass sie professionellen Standards entspricht, sp\u00fclt die neue fortschrittliche Formel das K\u00fchlsystem eines Motors und entfernt Ablagerungen, Korrosion und \u00d6lverschmutzung, die zu \u00dcberhitzung f\u00fchren k\u00f6nnen, von den inneren Oberfl\u00e4chen.<\/span><\/p>\n<p><span style=\"font-weight: 400;\">Mit dem 1-Liter-Beh\u00e4lter kann das gesamte Motorsystem in nur einer Anwendung gesp\u00fclt und entfettet werden. Die Sp\u00fclung ist ideal f\u00fcr die neueste Motorentechnologie. Sie kann f\u00fcr alle wassergek\u00fchlten Benzin- und Dieselmotoren verwendet werden und ist mit allen K\u00fchlsystemkomponenten, einschlie\u00dflich Metallen, Schl\u00e4uchen und Kunststoffen, kompatibel.<\/span><\/p>\n<p><span style=\"font-weight: 400;\">Entfernt Ablagerungen, Korrosion und \u00d6lverschmutzung<\/span><\/p>\n<p><span style=\"font-weight: 400;\">Sicher in der Anwendung f\u00fcr alle Motoren und alle K\u00fchlsystemkomponenten, einschlie\u00dflich:<\/span><\/p>\n<ul>\n<li><span style=\"font-weight: 400;\">Wassergek\u00fchlte Benzin- und Dieselmotoren<\/span><\/li>\n<li><span style=\"font-weight: 400;\">K\u00fchlmittel<\/span><\/li>\n<li><span style=\"font-weight: 400;\">Metalle<\/span><\/li>\n<li><span style=\"font-weight: 400;\">Siegel<\/span><\/li>\n<li><span style=\"font-weight: 400;\">Schl\u00e4uche<\/span><\/li>\n<li><span style=\"font-weight: 400;\">Kunststoffe<\/span><\/li>\n<\/ul>\n<p><span style=\"font-weight: 400;\">In Verbindung mit Prestone Radiator Guard bietet das Produkt eine komplette L\u00f6sung zum Sp\u00fclen und Nachf\u00fcllen<\/span><\/p>\n<p><span style=\"font-weight: 400;\">Prestone K\u00fchlsystemsp\u00fclung ist ein modernes Wartungsprodukt, das anstelle von Wasser zum Sp\u00fclen des K\u00fchlsystems verwendet werden kann. Mit seiner innovativen Reinigungs- und Schmierformel sp\u00fclt das Produkt das System von Schmutz, \u00d6l, Kesselstein und Ablagerungen und stellt sicher, dass die inneren Oberfl\u00e4chen sauber, geschmiert und bereit f\u00fcr eine neue K\u00fchlmittelf\u00fcllung sind.<\/span><\/p>\n<p><span style=\"font-weight: 400;\">Im Laufe der Zeit k\u00f6nnen sich Motork\u00fchlsysteme mit Kalk, Schmutz, Rost und Partikeln zusetzen, die das K\u00fchlmittel vorzeitig zersetzen und zu Rost und Korrosion im Inneren f\u00fchren k\u00f6nnen. Im schlimmsten Fall kann Schmutz im K\u00fchlsystem zu Stauungen, Verstopfungen und Leckagen f\u00fchren, die wiederum gef\u00e4hrliche Motorsymptome wie \u00dcberhitzung verursachen k\u00f6nnen.<\/span><\/p>\n<p><span style=\"font-weight: 400;\">Normalerweise wird Wasser zum Sp\u00fclen eines K\u00fchlsystems verwendet, wenn das K\u00fchlmittel entfernt wurde, aber es ist kein effektiver Reiniger und kann zu dem Problem beitragen.<\/span><\/p>\n<p><span style=\"font-weight: 400;\">Prestone K\u00fchlsystemsp\u00fclung\u00a0 ist eine viel bessere Option f\u00fcr diese Anwendung. Es zirkuliert durch das K\u00fchlsystem und entfernt Schmutz, Kesselstein, Rost und Verunreinigungen, so dass die inneren Teile gr\u00fcndlich gereinigt und gepflegt werden.<\/span><\/p>\n<p><span style=\"font-weight: 400;\">In Verbindung mit einem hochwertigen K\u00fchl-\/Frostschutzmittel wie Prestone kann unsere K\u00fchlsystemsp\u00fclung die Lebensdauer Ihres K\u00fchlmittels maximieren \u2013 mit einer garantierten Lebensdauer von 10 Jahren!<\/span><\/p>\n","protected":false},"excerpt":{"rendered":"<p><span style=\"font-weight: 400;\">Prestone K\u00fchlsystemsp\u00fclung ist eine einfache L\u00f6sung, mit der sich im Laufe der Zeit Ablagerungen und Ablagerungen im K\u00fchlsystem entfernen lassen.<\/span><\/p>\n<ul>\n<li>Wassergek\u00fchlte Benzin- und Dieselmotoren<\/li>\n<li>K\u00fchlmittel<\/li>\n<li>Metalle<\/li>\n<\/ul>\n","protected":false},"featured_media":11354,"comment_status":"open","ping_status":"closed","template":"","meta":{"_acf_changed":false,"inline_featured_image":false},"product_brand":[],"product_cat":[387],"product_tag":[],"class_list":{"0":"post-11093","1":"product","2":"type-product","3":"status-publish","4":"has-post-thumbnail","6":"product_cat-kuehler-dicht","8":"first","9":"instock","10":"shipping-taxable","11":"purchasable","12":"product-type-simple"},"acf":[],"yoast_head":"<!-- This site is optimized with the Yoast SEO plugin v27.3 - https:\/\/yoast.com\/product\/yoast-seo-wordpress\/ -->\n<title>Prestone K\u00fchlsystemsp\u00fclung | Produkte | Holts DE<\/title>\n<meta name=\"description\" content=\"Prestone K\u00fchlsystemsp\u00fclung ist eine spezielle Wartungsfl\u00fcssigkeit, die speziell entwickelt wurde, um das K\u00fchlsystem zwischen den K\u00fchlmittelgaben zu reinigen und zu pflegen.\" \/>\n<meta name=\"robots\" content=\"index, follow, max-snippet:-1, max-image-preview:large, max-video-preview:-1\" \/>\n<link rel=\"canonical\" href=\"https:\/\/www.holtsauto.com\/de\/produkte\/kuehlmittel-fuer-nutzfahrzeuge\/prestone-kuehlsystemspuelung\/\" \/>\n<meta property=\"og:locale\" content=\"de_DE\" \/>\n<meta property=\"og:type\" content=\"article\" \/>\n<meta property=\"og:title\" content=\"Prestone K\u00fchlsystemsp\u00fclung | Produkte | Holts DE\" \/>\n<meta property=\"og:description\" content=\"Prestone K\u00fchlsystemsp\u00fclung ist eine spezielle Wartungsfl\u00fcssigkeit, die speziell entwickelt wurde, um das K\u00fchlsystem zwischen den K\u00fchlmittelgaben zu reinigen und zu pflegen.\" \/>\n<meta property=\"og:url\" content=\"https:\/\/www.holtsauto.com\/de\/produkte\/kuehlmittel-fuer-nutzfahrzeuge\/prestone-kuehlsystemspuelung\/\" \/>\n<meta property=\"og:site_name\" content=\"Holts Auto Site\" \/>\n<meta property=\"article:modified_time\" content=\"2025-02-06T11:38:08+00:00\" \/>\n<meta property=\"og:image\" content=\"https:\/\/www.holtsauto.com\/wp-content\/uploads\/2024\/06\/PAFR0601A_Prestone-Coolant-RTU-1L_GBESITRURO_WEB.png\" \/>\n\t<meta property=\"og:image:width\" content=\"2000\" \/>\n\t<meta property=\"og:image:height\" content=\"2000\" \/>\n\t<meta property=\"og:image:type\" content=\"image\/png\" \/>\n<meta name=\"twitter:card\" content=\"summary_large_image\" \/>\n<meta name=\"twitter:label1\" content=\"Gesch\u00e4tzte Lesezeit\" \/>\n\t<meta name=\"twitter:data1\" content=\"3 Minuten\" \/>\n<script type=\"application\/ld+json\" class=\"yoast-schema-graph\">{\"@context\":\"https:\\\/\\\/schema.org\",\"@graph\":[{\"@type\":\"WebPage\",\"@id\":\"https:\\\/\\\/www.holtsauto.com\\\/de\\\/produkte\\\/kuehlmittel-fuer-nutzfahrzeuge\\\/prestone-kuehlsystemspuelung\\\/\",\"url\":\"https:\\\/\\\/www.holtsauto.com\\\/de\\\/produkte\\\/kuehlmittel-fuer-nutzfahrzeuge\\\/prestone-kuehlsystemspuelung\\\/\",\"name\":\"Prestone K\u00fchlsystemsp\u00fclung | Produkte | Holts DE\",\"isPartOf\":{\"@id\":\"https:\\\/\\\/www.holtsauto.com\\\/de\\\/#website\"},\"primaryImageOfPage\":{\"@id\":\"https:\\\/\\\/www.holtsauto.com\\\/de\\\/produkte\\\/kuehlmittel-fuer-nutzfahrzeuge\\\/prestone-kuehlsystemspuelung\\\/#primaryimage\"},\"image\":{\"@id\":\"https:\\\/\\\/www.holtsauto.com\\\/de\\\/produkte\\\/kuehlmittel-fuer-nutzfahrzeuge\\\/prestone-kuehlsystemspuelung\\\/#primaryimage\"},\"thumbnailUrl\":\"https:\\\/\\\/www.holtsauto.com\\\/wp-content\\\/uploads\\\/2024\\\/06\\\/PAFR0601A_Prestone-Coolant-RTU-1L_GBESITRURO_WEB.png\",\"datePublished\":\"2024-06-17T12:47:43+00:00\",\"dateModified\":\"2025-02-06T11:38:08+00:00\",\"description\":\"Prestone K\u00fchlsystemsp\u00fclung ist eine spezielle Wartungsfl\u00fcssigkeit, die speziell entwickelt wurde, um das K\u00fchlsystem zwischen den K\u00fchlmittelgaben zu reinigen und zu pflegen.\",\"breadcrumb\":{\"@id\":\"https:\\\/\\\/www.holtsauto.com\\\/de\\\/produkte\\\/kuehlmittel-fuer-nutzfahrzeuge\\\/prestone-kuehlsystemspuelung\\\/#breadcrumb\"},\"inLanguage\":\"de-DE\",\"potentialAction\":[{\"@type\":\"ReadAction\",\"target\":[\"https:\\\/\\\/www.holtsauto.com\\\/de\\\/produkte\\\/kuehlmittel-fuer-nutzfahrzeuge\\\/prestone-kuehlsystemspuelung\\\/\"]}]},{\"@type\":\"ImageObject\",\"inLanguage\":\"de-DE\",\"@id\":\"https:\\\/\\\/www.holtsauto.com\\\/de\\\/produkte\\\/kuehlmittel-fuer-nutzfahrzeuge\\\/prestone-kuehlsystemspuelung\\\/#primaryimage\",\"url\":\"https:\\\/\\\/www.holtsauto.com\\\/wp-content\\\/uploads\\\/2024\\\/06\\\/PAFR0601A_Prestone-Coolant-RTU-1L_GBESITRURO_WEB.png\",\"contentUrl\":\"https:\\\/\\\/www.holtsauto.com\\\/wp-content\\\/uploads\\\/2024\\\/06\\\/PAFR0601A_Prestone-Coolant-RTU-1L_GBESITRURO_WEB.png\",\"width\":2000,\"height\":2000,\"caption\":\"Prestone K\u00fchlsystemsp\u00fclung main Holts DE\"},{\"@type\":\"BreadcrumbList\",\"@id\":\"https:\\\/\\\/www.holtsauto.com\\\/de\\\/produkte\\\/kuehlmittel-fuer-nutzfahrzeuge\\\/prestone-kuehlsystemspuelung\\\/#breadcrumb\",\"itemListElement\":[{\"@type\":\"ListItem\",\"position\":1,\"name\":\"Home\",\"item\":\"https:\\\/\\\/www.holtsauto.com\\\/de\\\/\"},{\"@type\":\"ListItem\",\"position\":2,\"name\":\"Produkte\",\"item\":\"https:\\\/\\\/www.holtsauto.com\\\/de\\\/produkte\\\/\"},{\"@type\":\"ListItem\",\"position\":3,\"name\":\"Prestone K\u00fchlsystemsp\u00fclung\"}]},{\"@type\":\"WebSite\",\"@id\":\"https:\\\/\\\/www.holtsauto.com\\\/de\\\/#website\",\"url\":\"https:\\\/\\\/www.holtsauto.com\\\/de\\\/\",\"name\":\"Holts Auto\",\"description\":\"\",\"potentialAction\":[{\"@type\":\"SearchAction\",\"target\":{\"@type\":\"EntryPoint\",\"urlTemplate\":\"https:\\\/\\\/www.holtsauto.com\\\/de\\\/?s={search_term_string}\"},\"query-input\":{\"@type\":\"PropertyValueSpecification\",\"valueRequired\":true,\"valueName\":\"search_term_string\"}}],\"inLanguage\":\"de-DE\"}]}<\/script>\n<!-- \/ Yoast SEO plugin. -->","yoast_head_json":{"title":"Prestone K\u00fchlsystemsp\u00fclung | Produkte | Holts DE","description":"Prestone K\u00fchlsystemsp\u00fclung ist eine spezielle Wartungsfl\u00fcssigkeit, die speziell entwickelt wurde, um das K\u00fchlsystem zwischen den K\u00fchlmittelgaben zu reinigen und zu pflegen.","robots":{"index":"index","follow":"follow","max-snippet":"max-snippet:-1","max-image-preview":"max-image-preview:large","max-video-preview":"max-video-preview:-1"},"canonical":"https:\/\/www.holtsauto.com\/de\/produkte\/kuehlmittel-fuer-nutzfahrzeuge\/prestone-kuehlsystemspuelung\/","og_locale":"de_DE","og_type":"article","og_title":"Prestone K\u00fchlsystemsp\u00fclung | Produkte | Holts DE","og_description":"Prestone K\u00fchlsystemsp\u00fclung ist eine spezielle Wartungsfl\u00fcssigkeit, die speziell entwickelt wurde, um das K\u00fchlsystem zwischen den K\u00fchlmittelgaben zu reinigen und zu pflegen.","og_url":"https:\/\/www.holtsauto.com\/de\/produkte\/kuehlmittel-fuer-nutzfahrzeuge\/prestone-kuehlsystemspuelung\/","og_site_name":"Holts Auto Site","article_modified_time":"2025-02-06T11:38:08+00:00","og_image":[{"width":2000,"height":2000,"url":"https:\/\/www.holtsauto.com\/wp-content\/uploads\/2024\/06\/PAFR0601A_Prestone-Coolant-RTU-1L_GBESITRURO_WEB.png","type":"image\/png"}],"twitter_card":"summary_large_image","twitter_misc":{"Gesch\u00e4tzte Lesezeit":"3 Minuten"},"schema":{"@context":"https:\/\/schema.org","@graph":[{"@type":"WebPage","@id":"https:\/\/www.holtsauto.com\/de\/produkte\/kuehlmittel-fuer-nutzfahrzeuge\/prestone-kuehlsystemspuelung\/","url":"https:\/\/www.holtsauto.com\/de\/produkte\/kuehlmittel-fuer-nutzfahrzeuge\/prestone-kuehlsystemspuelung\/","name":"Prestone K\u00fchlsystemsp\u00fclung | Produkte | Holts DE","isPartOf":{"@id":"https:\/\/www.holtsauto.com\/de\/#website"},"primaryImageOfPage":{"@id":"https:\/\/www.holtsauto.com\/de\/produkte\/kuehlmittel-fuer-nutzfahrzeuge\/prestone-kuehlsystemspuelung\/#primaryimage"},"image":{"@id":"https:\/\/www.holtsauto.com\/de\/produkte\/kuehlmittel-fuer-nutzfahrzeuge\/prestone-kuehlsystemspuelung\/#primaryimage"},"thumbnailUrl":"https:\/\/www.holtsauto.com\/wp-content\/uploads\/2024\/06\/PAFR0601A_Prestone-Coolant-RTU-1L_GBESITRURO_WEB.png","datePublished":"2024-06-17T12:47:43+00:00","dateModified":"2025-02-06T11:38:08+00:00","description":"Prestone K\u00fchlsystemsp\u00fclung ist eine spezielle Wartungsfl\u00fcssigkeit, die speziell entwickelt wurde, um das K\u00fchlsystem zwischen den K\u00fchlmittelgaben zu reinigen und zu pflegen.","breadcrumb":{"@id":"https:\/\/www.holtsauto.com\/de\/produkte\/kuehlmittel-fuer-nutzfahrzeuge\/prestone-kuehlsystemspuelung\/#breadcrumb"},"inLanguage":"de-DE","potentialAction":[{"@type":"ReadAction","target":["https:\/\/www.holtsauto.com\/de\/produkte\/kuehlmittel-fuer-nutzfahrzeuge\/prestone-kuehlsystemspuelung\/"]}]},{"@type":"ImageObject","inLanguage":"de-DE","@id":"https:\/\/www.holtsauto.com\/de\/produkte\/kuehlmittel-fuer-nutzfahrzeuge\/prestone-kuehlsystemspuelung\/#primaryimage","url":"https:\/\/www.holtsauto.com\/wp-content\/uploads\/2024\/06\/PAFR0601A_Prestone-Coolant-RTU-1L_GBESITRURO_WEB.png","contentUrl":"https:\/\/www.holtsauto.com\/wp-content\/uploads\/2024\/06\/PAFR0601A_Prestone-Coolant-RTU-1L_GBESITRURO_WEB.png","width":2000,"height":2000,"caption":"Prestone K\u00fchlsystemsp\u00fclung main Holts DE"},{"@type":"BreadcrumbList","@id":"https:\/\/www.holtsauto.com\/de\/produkte\/kuehlmittel-fuer-nutzfahrzeuge\/prestone-kuehlsystemspuelung\/#breadcrumb","itemListElement":[{"@type":"ListItem","position":1,"name":"Home","item":"https:\/\/www.holtsauto.com\/de\/"},{"@type":"ListItem","position":2,"name":"Produkte","item":"https:\/\/www.holtsauto.com\/de\/produkte\/"},{"@type":"ListItem","position":3,"name":"Prestone K\u00fchlsystemsp\u00fclung"}]},{"@type":"WebSite","@id":"https:\/\/www.holtsauto.com\/de\/#website","url":"https:\/\/www.holtsauto.com\/de\/","name":"Holts Auto","description":"","potentialAction":[{"@type":"SearchAction","target":{"@type":"EntryPoint","urlTemplate":"https:\/\/www.holtsauto.com\/de\/?s={search_term_string}"},"query-input":{"@type":"PropertyValueSpecification","valueRequired":true,"valueName":"search_term_string"}}],"inLanguage":"de-DE"}]}},"_links":{"self":[{"href":"https:\/\/www.holtsauto.com\/de\/wp-json\/wp\/v2\/product\/11093","targetHints":{"allow":["GET"]}}],"collection":[{"href":"https:\/\/www.holtsauto.com\/de\/wp-json\/wp\/v2\/product"}],"about":[{"href":"https:\/\/www.holtsauto.com\/de\/wp-json\/wp\/v2\/types\/product"}],"replies":[{"embeddable":true,"href":"https:\/\/www.holtsauto.com\/de\/wp-json\/wp\/v2\/comments?post=11093"}],"wp:featuredmedia":[{"embeddable":true,"href":"https:\/\/www.holtsauto.com\/de\/wp-json\/wp\/v2\/media\/11354"}],"wp:attachment":[{"href":"https:\/\/www.holtsauto.com\/de\/wp-json\/wp\/v2\/media?parent=11093"}],"wp:term":[{"taxonomy":"product_brand","embeddable":true,"href":"https:\/\/www.holtsauto.com\/de\/wp-json\/wp\/v2\/product_brand?post=11093"},{"taxonomy":"product_cat","embeddable":true,"href":"https:\/\/www.holtsauto.com\/de\/wp-json\/wp\/v2\/product_cat?post=11093"},{"taxonomy":"product_tag","embeddable":true,"href":"https:\/\/www.holtsauto.com\/de\/wp-json\/wp\/v2\/product_tag?post=11093"}],"curies":[{"name":"wp","href":"https:\/\/api.w.org\/{rel}","templated":true}]}}