{"id":11098,"date":"2024-06-17T13:13:46","date_gmt":"2024-06-17T13:13:46","guid":{"rendered":"https:\/\/www.holtsauto.com\/?post_type=product&#038;p=11098"},"modified":"2025-07-30T13:08:47","modified_gmt":"2025-07-30T13:08:47","slug":"holts-vergaserreiniger","status":"publish","type":"product","link":"https:\/\/www.holtsauto.com\/de\/produkte\/technische-sprays\/holts-vergaserreiniger\/","title":{"rendered":"Holts AGR und Vergaserreiniger"},"content":{"rendered":"<p><span style=\"font-weight: 400;\">Holts AGR und Vergaserreiniger wurde speziell entwickelt, um sch\u00e4dliche Ablagerungen wie Lack und Gummi zu entfernen, die sich im Laufe der Zeit in Ihrem Fahrzeug ansammeln. Dieses Produkt eignet sich perfekt f\u00fcr den Einsatz in Abgasr\u00fcckf\u00fchrungssystemen, um die optimale Leistung Ihres Fahrzeugs aufrechtzuerhalten.<\/span><\/p>\n<p><span style=\"font-weight: 400;\">Die leistungsstarke Formel sorgt f\u00fcr eine gr\u00fcndliche Reinigung des AGR-Systems Ihres Autos und verhindert die Ru\u00dfbildung im System, wodurch der Motor des Fahrzeugs effizienter wird.<\/span><\/p>\n<p><span style=\"font-weight: 400;\">Holts AGR und Vergaserreiniger ist sowohl f\u00fcr Benzin- als auch f\u00fcr Dieselmotoren geeignet. Es entfernt Ablagerungen, die durch Benzin in Vergasern und Kohlenstoff aus r\u00fcckgef\u00fchrten Abgasen in Dieselmotoren verursacht werden.<\/span><\/p>\n<p><span style=\"font-weight: 400;\">Motoren mit Abgasr\u00fcckf\u00fchrungssystemen (AGR) sind darauf ausgelegt, die Emissionen zu reduzieren, k\u00f6nnen jedoch unter sch\u00e4dlichen Ablagerungen leiden. Die Reinigung des Systems mit unserem professionellen Qualit\u00e4tsreiniger verhindert die Bildung von Ru\u00df, der zum Verkleben der AGR-Ventile und damit zu schlechter Leistung und eingeschr\u00e4nkter Fahrbarkeit f\u00fchren kann.<\/span><\/p>\n","protected":false},"excerpt":{"rendered":"<p><span style=\"font-weight: 400;\">Holts AGR und Vergaserreiniger entfernt schnell sch\u00e4dliche Ablagerungen wie Lack und Gummi, die durch Benzin in Vergasern und Kohlenstoff aus r\u00fcckgef\u00fchrten Abgasen in Dieselmotoren entstehen.<\/span><\/p>\n<ul>\n<li>Erh\u00f6ht die Motoreffizienz und die Gasannahme<\/li>\n<li>F\u00fcr Benzin- und Dieselmotoren<\/li>\n<li>360\u00b0 spray<\/li>\n<\/ul>\n","protected":false},"featured_media":13556,"comment_status":"open","ping_status":"closed","template":"","meta":{"_acf_changed":false,"inline_featured_image":false},"product_brand":[],"product_cat":[388],"product_tag":[],"class_list":{"0":"post-11098","1":"product","2":"type-product","3":"status-publish","4":"has-post-thumbnail","6":"product_cat-technische-sprays","8":"first","9":"instock","10":"shipping-taxable","11":"purchasable","12":"product-type-simple"},"acf":[],"yoast_head":"<!-- This site is optimized with the Yoast SEO plugin v27.3 - https:\/\/yoast.com\/product\/yoast-seo-wordpress\/ -->\n<title>Holts AGR und Vergaserreiniger | Produkte | Holts DE<\/title>\n<meta name=\"description\" content=\"Holts AGR und Vergaserreiniger wurde speziell entwickelt, um sch\u00e4dliche Ablagerungen wie Lack und Gummi zu entfernen, die sich im Laufe der Zeit in Ihrem Fahrzeug ansammeln.\" \/>\n<meta name=\"robots\" content=\"index, follow, max-snippet:-1, max-image-preview:large, max-video-preview:-1\" \/>\n<link rel=\"canonical\" href=\"https:\/\/www.holtsauto.com\/de\/produkte\/technische-sprays\/holts-vergaserreiniger\/\" \/>\n<meta property=\"og:locale\" content=\"de_DE\" \/>\n<meta property=\"og:type\" content=\"article\" \/>\n<meta property=\"og:title\" content=\"Holts AGR und Vergaserreiniger | Produkte | Holts DE\" \/>\n<meta property=\"og:description\" content=\"Holts AGR und Vergaserreiniger wurde speziell entwickelt, um sch\u00e4dliche Ablagerungen wie Lack und Gummi zu entfernen, die sich im Laufe der Zeit in Ihrem Fahrzeug ansammeln.\" \/>\n<meta property=\"og:url\" content=\"https:\/\/www.holtsauto.com\/de\/produkte\/technische-sprays\/holts-vergaserreiniger\/\" \/>\n<meta property=\"og:site_name\" content=\"Holts Auto Site\" \/>\n<meta property=\"article:modified_time\" content=\"2025-07-30T13:08:47+00:00\" \/>\n<meta property=\"og:image\" content=\"https:\/\/www.holtsauto.com\/wp-content\/uploads\/2024\/08\/HMTN0201B_Holts-Pro-EGR-Carb-Cleaner-Web.png\" \/>\n\t<meta property=\"og:image:width\" content=\"2000\" \/>\n\t<meta property=\"og:image:height\" content=\"2000\" \/>\n\t<meta property=\"og:image:type\" content=\"image\/png\" \/>\n<meta name=\"twitter:card\" content=\"summary_large_image\" \/>\n<meta name=\"twitter:label1\" content=\"Gesch\u00e4tzte Lesezeit\" \/>\n\t<meta name=\"twitter:data1\" content=\"1 Minute\" \/>\n<script type=\"application\/ld+json\" class=\"yoast-schema-graph\">{\"@context\":\"https:\\\/\\\/schema.org\",\"@graph\":[{\"@type\":\"WebPage\",\"@id\":\"https:\\\/\\\/www.holtsauto.com\\\/de\\\/produkte\\\/technische-sprays\\\/holts-vergaserreiniger\\\/\",\"url\":\"https:\\\/\\\/www.holtsauto.com\\\/de\\\/produkte\\\/technische-sprays\\\/holts-vergaserreiniger\\\/\",\"name\":\"Holts AGR und Vergaserreiniger | Produkte | Holts DE\",\"isPartOf\":{\"@id\":\"https:\\\/\\\/www.holtsauto.com\\\/de\\\/#website\"},\"primaryImageOfPage\":{\"@id\":\"https:\\\/\\\/www.holtsauto.com\\\/de\\\/produkte\\\/technische-sprays\\\/holts-vergaserreiniger\\\/#primaryimage\"},\"image\":{\"@id\":\"https:\\\/\\\/www.holtsauto.com\\\/de\\\/produkte\\\/technische-sprays\\\/holts-vergaserreiniger\\\/#primaryimage\"},\"thumbnailUrl\":\"https:\\\/\\\/www.holtsauto.com\\\/wp-content\\\/uploads\\\/2024\\\/08\\\/HMTN0201B_Holts-Pro-EGR-Carb-Cleaner-Web.png\",\"datePublished\":\"2024-06-17T13:13:46+00:00\",\"dateModified\":\"2025-07-30T13:08:47+00:00\",\"description\":\"Holts AGR und Vergaserreiniger wurde speziell entwickelt, um sch\u00e4dliche Ablagerungen wie Lack und Gummi zu entfernen, die sich im Laufe der Zeit in Ihrem Fahrzeug ansammeln.\",\"breadcrumb\":{\"@id\":\"https:\\\/\\\/www.holtsauto.com\\\/de\\\/produkte\\\/technische-sprays\\\/holts-vergaserreiniger\\\/#breadcrumb\"},\"inLanguage\":\"de-DE\",\"potentialAction\":[{\"@type\":\"ReadAction\",\"target\":[\"https:\\\/\\\/www.holtsauto.com\\\/de\\\/produkte\\\/technische-sprays\\\/holts-vergaserreiniger\\\/\"]}]},{\"@type\":\"ImageObject\",\"inLanguage\":\"de-DE\",\"@id\":\"https:\\\/\\\/www.holtsauto.com\\\/de\\\/produkte\\\/technische-sprays\\\/holts-vergaserreiniger\\\/#primaryimage\",\"url\":\"https:\\\/\\\/www.holtsauto.com\\\/wp-content\\\/uploads\\\/2024\\\/08\\\/HMTN0201B_Holts-Pro-EGR-Carb-Cleaner-Web.png\",\"contentUrl\":\"https:\\\/\\\/www.holtsauto.com\\\/wp-content\\\/uploads\\\/2024\\\/08\\\/HMTN0201B_Holts-Pro-EGR-Carb-Cleaner-Web.png\",\"width\":2000,\"height\":2000,\"caption\":\"EGR and Carb Cleaner 500ml\"},{\"@type\":\"BreadcrumbList\",\"@id\":\"https:\\\/\\\/www.holtsauto.com\\\/de\\\/produkte\\\/technische-sprays\\\/holts-vergaserreiniger\\\/#breadcrumb\",\"itemListElement\":[{\"@type\":\"ListItem\",\"position\":1,\"name\":\"Home\",\"item\":\"https:\\\/\\\/www.holtsauto.com\\\/de\\\/\"},{\"@type\":\"ListItem\",\"position\":2,\"name\":\"Produkte\",\"item\":\"https:\\\/\\\/www.holtsauto.com\\\/de\\\/produkte\\\/\"},{\"@type\":\"ListItem\",\"position\":3,\"name\":\"Holts AGR und Vergaserreiniger\"}]},{\"@type\":\"WebSite\",\"@id\":\"https:\\\/\\\/www.holtsauto.com\\\/de\\\/#website\",\"url\":\"https:\\\/\\\/www.holtsauto.com\\\/de\\\/\",\"name\":\"Holts Auto\",\"description\":\"\",\"potentialAction\":[{\"@type\":\"SearchAction\",\"target\":{\"@type\":\"EntryPoint\",\"urlTemplate\":\"https:\\\/\\\/www.holtsauto.com\\\/de\\\/?s={search_term_string}\"},\"query-input\":{\"@type\":\"PropertyValueSpecification\",\"valueRequired\":true,\"valueName\":\"search_term_string\"}}],\"inLanguage\":\"de-DE\"}]}<\/script>\n<!-- \/ Yoast SEO plugin. -->","yoast_head_json":{"title":"Holts AGR und Vergaserreiniger | Produkte | Holts DE","description":"Holts AGR und Vergaserreiniger wurde speziell entwickelt, um sch\u00e4dliche Ablagerungen wie Lack und Gummi zu entfernen, die sich im Laufe der Zeit in Ihrem Fahrzeug ansammeln.","robots":{"index":"index","follow":"follow","max-snippet":"max-snippet:-1","max-image-preview":"max-image-preview:large","max-video-preview":"max-video-preview:-1"},"canonical":"https:\/\/www.holtsauto.com\/de\/produkte\/technische-sprays\/holts-vergaserreiniger\/","og_locale":"de_DE","og_type":"article","og_title":"Holts AGR und Vergaserreiniger | Produkte | Holts DE","og_description":"Holts AGR und Vergaserreiniger wurde speziell entwickelt, um sch\u00e4dliche Ablagerungen wie Lack und Gummi zu entfernen, die sich im Laufe der Zeit in Ihrem Fahrzeug ansammeln.","og_url":"https:\/\/www.holtsauto.com\/de\/produkte\/technische-sprays\/holts-vergaserreiniger\/","og_site_name":"Holts Auto Site","article_modified_time":"2025-07-30T13:08:47+00:00","og_image":[{"width":2000,"height":2000,"url":"https:\/\/www.holtsauto.com\/wp-content\/uploads\/2024\/08\/HMTN0201B_Holts-Pro-EGR-Carb-Cleaner-Web.png","type":"image\/png"}],"twitter_card":"summary_large_image","twitter_misc":{"Gesch\u00e4tzte Lesezeit":"1 Minute"},"schema":{"@context":"https:\/\/schema.org","@graph":[{"@type":"WebPage","@id":"https:\/\/www.holtsauto.com\/de\/produkte\/technische-sprays\/holts-vergaserreiniger\/","url":"https:\/\/www.holtsauto.com\/de\/produkte\/technische-sprays\/holts-vergaserreiniger\/","name":"Holts AGR und Vergaserreiniger | Produkte | Holts DE","isPartOf":{"@id":"https:\/\/www.holtsauto.com\/de\/#website"},"primaryImageOfPage":{"@id":"https:\/\/www.holtsauto.com\/de\/produkte\/technische-sprays\/holts-vergaserreiniger\/#primaryimage"},"image":{"@id":"https:\/\/www.holtsauto.com\/de\/produkte\/technische-sprays\/holts-vergaserreiniger\/#primaryimage"},"thumbnailUrl":"https:\/\/www.holtsauto.com\/wp-content\/uploads\/2024\/08\/HMTN0201B_Holts-Pro-EGR-Carb-Cleaner-Web.png","datePublished":"2024-06-17T13:13:46+00:00","dateModified":"2025-07-30T13:08:47+00:00","description":"Holts AGR und Vergaserreiniger wurde speziell entwickelt, um sch\u00e4dliche Ablagerungen wie Lack und Gummi zu entfernen, die sich im Laufe der Zeit in Ihrem Fahrzeug ansammeln.","breadcrumb":{"@id":"https:\/\/www.holtsauto.com\/de\/produkte\/technische-sprays\/holts-vergaserreiniger\/#breadcrumb"},"inLanguage":"de-DE","potentialAction":[{"@type":"ReadAction","target":["https:\/\/www.holtsauto.com\/de\/produkte\/technische-sprays\/holts-vergaserreiniger\/"]}]},{"@type":"ImageObject","inLanguage":"de-DE","@id":"https:\/\/www.holtsauto.com\/de\/produkte\/technische-sprays\/holts-vergaserreiniger\/#primaryimage","url":"https:\/\/www.holtsauto.com\/wp-content\/uploads\/2024\/08\/HMTN0201B_Holts-Pro-EGR-Carb-Cleaner-Web.png","contentUrl":"https:\/\/www.holtsauto.com\/wp-content\/uploads\/2024\/08\/HMTN0201B_Holts-Pro-EGR-Carb-Cleaner-Web.png","width":2000,"height":2000,"caption":"EGR and Carb Cleaner 500ml"},{"@type":"BreadcrumbList","@id":"https:\/\/www.holtsauto.com\/de\/produkte\/technische-sprays\/holts-vergaserreiniger\/#breadcrumb","itemListElement":[{"@type":"ListItem","position":1,"name":"Home","item":"https:\/\/www.holtsauto.com\/de\/"},{"@type":"ListItem","position":2,"name":"Produkte","item":"https:\/\/www.holtsauto.com\/de\/produkte\/"},{"@type":"ListItem","position":3,"name":"Holts AGR und Vergaserreiniger"}]},{"@type":"WebSite","@id":"https:\/\/www.holtsauto.com\/de\/#website","url":"https:\/\/www.holtsauto.com\/de\/","name":"Holts Auto","description":"","potentialAction":[{"@type":"SearchAction","target":{"@type":"EntryPoint","urlTemplate":"https:\/\/www.holtsauto.com\/de\/?s={search_term_string}"},"query-input":{"@type":"PropertyValueSpecification","valueRequired":true,"valueName":"search_term_string"}}],"inLanguage":"de-DE"}]}},"_links":{"self":[{"href":"https:\/\/www.holtsauto.com\/de\/wp-json\/wp\/v2\/product\/11098","targetHints":{"allow":["GET"]}}],"collection":[{"href":"https:\/\/www.holtsauto.com\/de\/wp-json\/wp\/v2\/product"}],"about":[{"href":"https:\/\/www.holtsauto.com\/de\/wp-json\/wp\/v2\/types\/product"}],"replies":[{"embeddable":true,"href":"https:\/\/www.holtsauto.com\/de\/wp-json\/wp\/v2\/comments?post=11098"}],"wp:featuredmedia":[{"embeddable":true,"href":"https:\/\/www.holtsauto.com\/de\/wp-json\/wp\/v2\/media\/13556"}],"wp:attachment":[{"href":"https:\/\/www.holtsauto.com\/de\/wp-json\/wp\/v2\/media?parent=11098"}],"wp:term":[{"taxonomy":"product_brand","embeddable":true,"href":"https:\/\/www.holtsauto.com\/de\/wp-json\/wp\/v2\/product_brand?post=11098"},{"taxonomy":"product_cat","embeddable":true,"href":"https:\/\/www.holtsauto.com\/de\/wp-json\/wp\/v2\/product_cat?post=11098"},{"taxonomy":"product_tag","embeddable":true,"href":"https:\/\/www.holtsauto.com\/de\/wp-json\/wp\/v2\/product_tag?post=11098"}],"curies":[{"name":"wp","href":"https:\/\/api.w.org\/{rel}","templated":true}]}}