{"id":11105,"date":"2024-06-17T13:18:11","date_gmt":"2024-06-17T13:18:11","guid":{"rendered":"https:\/\/www.holtsauto.com\/?post_type=product&#038;p=11105"},"modified":"2025-07-30T13:06:40","modified_gmt":"2025-07-30T13:06:40","slug":"holts-kontaktreiniger-spray","status":"publish","type":"product","link":"https:\/\/www.holtsauto.com\/de\/produkte\/technische-sprays\/holts-kontaktreiniger-spray\/","title":{"rendered":"Holts Kontaktreiniger Spray"},"content":{"rendered":"<p><span style=\"font-weight: 400;\">Holts Kontaktreiniger Spray wurde speziell zum Entfernen von \u00d6l, Fett und Schmutz entwickelt, die sich in Ihrem Auto ansammeln. Stellen Sie die elektrische Verbindung in Ihrem Auto wieder her, ohne Sch\u00e4den zu verursachen.<\/span><\/p>\n<p><span style=\"font-weight: 400;\">Holts Kontaktreiniger Spray sorgt f\u00fcr eine gr\u00fcndliche Reinigung der Elektronik und elektrischen Teile Ihres Fahrzeugs. Diese Teile k\u00f6nnen mit der Zeit verschmutzen oder korrodieren \u2013 dieses Kontaktspray sorgt daf\u00fcr, dass sie sauber und unbesch\u00e4digt sind.<\/span><\/p>\n<p><span style=\"font-weight: 400;\">Dieses Reinigungsspray hat eine starke Reinigungswirkung, trocknet schnell und hinterl\u00e4sst keine klebrigen oder \u00f6ligen R\u00fcckst\u00e4nde.<\/span><\/p>\n<p><span style=\"font-weight: 400;\">Wir wissen, dass es in modernen Fahrzeugen nicht immer einfach ist, auf elektrische Komponenten zuzugreifen, daher funktioniert unsere speziell entwickelte Dose aus allen Winkeln. Dank des 360\u00b0-Sprays k\u00f6nnen Sie das Elektrospray an allen schwer zug\u00e4nglichen Stellen im Fahrzeug einsetzen.<\/span><\/p>\n","protected":false},"excerpt":{"rendered":"<p><span style=\"font-weight: 400;\">Holts Kontaktreiniger Spray wurde speziell entwickelt, um \u00d6l, Fett und Schmutz schnell zu entfernen und die elektrische Verbindung wiederherzustellen, ohne Sch\u00e4den zu verursachen.<\/span><\/p>\n<ul>\n<li><span style=\"font-weight: 400;\">Kraftvoller, schnell trocknender Entfetter<\/span><\/li>\n<li><span style=\"font-weight: 400;\">Reinigt Schalter, Komponenten, Kontakte und Relais<\/span><\/li>\n<li><span style=\"font-weight: 400;\">Hinterl\u00e4sst keine R\u00fcckst\u00e4nde<\/span><\/li>\n<li><span style=\"font-weight: 400;\">360\u00b0-Spray<\/span><\/li>\n<\/ul>\n","protected":false},"featured_media":13565,"comment_status":"open","ping_status":"closed","template":"","meta":{"_acf_changed":false,"inline_featured_image":false},"product_brand":[],"product_cat":[388],"product_tag":[],"class_list":{"0":"post-11105","1":"product","2":"type-product","3":"status-publish","4":"has-post-thumbnail","6":"product_cat-technische-sprays","8":"first","9":"instock","10":"shipping-taxable","11":"purchasable","12":"product-type-simple"},"acf":[],"yoast_head":"<!-- This site is optimized with the Yoast SEO plugin v27.3 - https:\/\/yoast.com\/product\/yoast-seo-wordpress\/ -->\n<title>Holts Kontaktreiniger Spray | Produkte | Holts DE<\/title>\n<meta name=\"description\" content=\"Holts Kontaktreiniger Spray wurde speziell zum Entfernen von \u00d6l, Fett und Schmutz entwickelt, die sich in Ihrem Auto ansammeln.\" \/>\n<meta name=\"robots\" content=\"index, follow, max-snippet:-1, max-image-preview:large, max-video-preview:-1\" \/>\n<link rel=\"canonical\" href=\"https:\/\/www.holtsauto.com\/de\/produkte\/technische-sprays\/holts-kontaktreiniger-spray\/\" \/>\n<meta property=\"og:locale\" content=\"de_DE\" \/>\n<meta property=\"og:type\" content=\"article\" \/>\n<meta property=\"og:title\" content=\"Holts Kontaktreiniger Spray | Produkte | Holts DE\" \/>\n<meta property=\"og:description\" content=\"Holts Kontaktreiniger Spray wurde speziell zum Entfernen von \u00d6l, Fett und Schmutz entwickelt, die sich in Ihrem Auto ansammeln.\" \/>\n<meta property=\"og:url\" content=\"https:\/\/www.holtsauto.com\/de\/produkte\/technische-sprays\/holts-kontaktreiniger-spray\/\" \/>\n<meta property=\"og:site_name\" content=\"Holts Auto Site\" \/>\n<meta property=\"article:modified_time\" content=\"2025-07-30T13:06:40+00:00\" \/>\n<meta property=\"og:image\" content=\"https:\/\/www.holtsauto.com\/wp-content\/uploads\/2024\/08\/HMTN0601A_Holts-Pro-Contact-Cleaner-500ml-Web.png\" \/>\n\t<meta property=\"og:image:width\" content=\"2000\" \/>\n\t<meta property=\"og:image:height\" content=\"2000\" \/>\n\t<meta property=\"og:image:type\" content=\"image\/png\" \/>\n<meta name=\"twitter:card\" content=\"summary_large_image\" \/>\n<meta name=\"twitter:label1\" content=\"Gesch\u00e4tzte Lesezeit\" \/>\n\t<meta name=\"twitter:data1\" content=\"1 Minute\" \/>\n<script type=\"application\/ld+json\" class=\"yoast-schema-graph\">{\"@context\":\"https:\\\/\\\/schema.org\",\"@graph\":[{\"@type\":\"WebPage\",\"@id\":\"https:\\\/\\\/www.holtsauto.com\\\/de\\\/produkte\\\/technische-sprays\\\/holts-kontaktreiniger-spray\\\/\",\"url\":\"https:\\\/\\\/www.holtsauto.com\\\/de\\\/produkte\\\/technische-sprays\\\/holts-kontaktreiniger-spray\\\/\",\"name\":\"Holts Kontaktreiniger Spray | Produkte | Holts DE\",\"isPartOf\":{\"@id\":\"https:\\\/\\\/www.holtsauto.com\\\/de\\\/#website\"},\"primaryImageOfPage\":{\"@id\":\"https:\\\/\\\/www.holtsauto.com\\\/de\\\/produkte\\\/technische-sprays\\\/holts-kontaktreiniger-spray\\\/#primaryimage\"},\"image\":{\"@id\":\"https:\\\/\\\/www.holtsauto.com\\\/de\\\/produkte\\\/technische-sprays\\\/holts-kontaktreiniger-spray\\\/#primaryimage\"},\"thumbnailUrl\":\"https:\\\/\\\/www.holtsauto.com\\\/wp-content\\\/uploads\\\/2024\\\/08\\\/HMTN0601A_Holts-Pro-Contact-Cleaner-500ml-Web.png\",\"datePublished\":\"2024-06-17T13:18:11+00:00\",\"dateModified\":\"2025-07-30T13:06:40+00:00\",\"description\":\"Holts Kontaktreiniger Spray wurde speziell zum Entfernen von \u00d6l, Fett und Schmutz entwickelt, die sich in Ihrem Auto ansammeln.\",\"breadcrumb\":{\"@id\":\"https:\\\/\\\/www.holtsauto.com\\\/de\\\/produkte\\\/technische-sprays\\\/holts-kontaktreiniger-spray\\\/#breadcrumb\"},\"inLanguage\":\"de-DE\",\"potentialAction\":[{\"@type\":\"ReadAction\",\"target\":[\"https:\\\/\\\/www.holtsauto.com\\\/de\\\/produkte\\\/technische-sprays\\\/holts-kontaktreiniger-spray\\\/\"]}]},{\"@type\":\"ImageObject\",\"inLanguage\":\"de-DE\",\"@id\":\"https:\\\/\\\/www.holtsauto.com\\\/de\\\/produkte\\\/technische-sprays\\\/holts-kontaktreiniger-spray\\\/#primaryimage\",\"url\":\"https:\\\/\\\/www.holtsauto.com\\\/wp-content\\\/uploads\\\/2024\\\/08\\\/HMTN0601A_Holts-Pro-Contact-Cleaner-500ml-Web.png\",\"contentUrl\":\"https:\\\/\\\/www.holtsauto.com\\\/wp-content\\\/uploads\\\/2024\\\/08\\\/HMTN0601A_Holts-Pro-Contact-Cleaner-500ml-Web.png\",\"width\":2000,\"height\":2000,\"caption\":\"Professional Contact Cleaner 500ml\"},{\"@type\":\"BreadcrumbList\",\"@id\":\"https:\\\/\\\/www.holtsauto.com\\\/de\\\/produkte\\\/technische-sprays\\\/holts-kontaktreiniger-spray\\\/#breadcrumb\",\"itemListElement\":[{\"@type\":\"ListItem\",\"position\":1,\"name\":\"Home\",\"item\":\"https:\\\/\\\/www.holtsauto.com\\\/de\\\/\"},{\"@type\":\"ListItem\",\"position\":2,\"name\":\"Produkte\",\"item\":\"https:\\\/\\\/www.holtsauto.com\\\/de\\\/produkte\\\/\"},{\"@type\":\"ListItem\",\"position\":3,\"name\":\"Holts Kontaktreiniger Spray\"}]},{\"@type\":\"WebSite\",\"@id\":\"https:\\\/\\\/www.holtsauto.com\\\/de\\\/#website\",\"url\":\"https:\\\/\\\/www.holtsauto.com\\\/de\\\/\",\"name\":\"Holts Auto\",\"description\":\"\",\"potentialAction\":[{\"@type\":\"SearchAction\",\"target\":{\"@type\":\"EntryPoint\",\"urlTemplate\":\"https:\\\/\\\/www.holtsauto.com\\\/de\\\/?s={search_term_string}\"},\"query-input\":{\"@type\":\"PropertyValueSpecification\",\"valueRequired\":true,\"valueName\":\"search_term_string\"}}],\"inLanguage\":\"de-DE\"}]}<\/script>\n<!-- \/ Yoast SEO plugin. -->","yoast_head_json":{"title":"Holts Kontaktreiniger Spray | Produkte | Holts DE","description":"Holts Kontaktreiniger Spray wurde speziell zum Entfernen von \u00d6l, Fett und Schmutz entwickelt, die sich in Ihrem Auto ansammeln.","robots":{"index":"index","follow":"follow","max-snippet":"max-snippet:-1","max-image-preview":"max-image-preview:large","max-video-preview":"max-video-preview:-1"},"canonical":"https:\/\/www.holtsauto.com\/de\/produkte\/technische-sprays\/holts-kontaktreiniger-spray\/","og_locale":"de_DE","og_type":"article","og_title":"Holts Kontaktreiniger Spray | Produkte | Holts DE","og_description":"Holts Kontaktreiniger Spray wurde speziell zum Entfernen von \u00d6l, Fett und Schmutz entwickelt, die sich in Ihrem Auto ansammeln.","og_url":"https:\/\/www.holtsauto.com\/de\/produkte\/technische-sprays\/holts-kontaktreiniger-spray\/","og_site_name":"Holts Auto Site","article_modified_time":"2025-07-30T13:06:40+00:00","og_image":[{"width":2000,"height":2000,"url":"https:\/\/www.holtsauto.com\/wp-content\/uploads\/2024\/08\/HMTN0601A_Holts-Pro-Contact-Cleaner-500ml-Web.png","type":"image\/png"}],"twitter_card":"summary_large_image","twitter_misc":{"Gesch\u00e4tzte Lesezeit":"1 Minute"},"schema":{"@context":"https:\/\/schema.org","@graph":[{"@type":"WebPage","@id":"https:\/\/www.holtsauto.com\/de\/produkte\/technische-sprays\/holts-kontaktreiniger-spray\/","url":"https:\/\/www.holtsauto.com\/de\/produkte\/technische-sprays\/holts-kontaktreiniger-spray\/","name":"Holts Kontaktreiniger Spray | Produkte | Holts DE","isPartOf":{"@id":"https:\/\/www.holtsauto.com\/de\/#website"},"primaryImageOfPage":{"@id":"https:\/\/www.holtsauto.com\/de\/produkte\/technische-sprays\/holts-kontaktreiniger-spray\/#primaryimage"},"image":{"@id":"https:\/\/www.holtsauto.com\/de\/produkte\/technische-sprays\/holts-kontaktreiniger-spray\/#primaryimage"},"thumbnailUrl":"https:\/\/www.holtsauto.com\/wp-content\/uploads\/2024\/08\/HMTN0601A_Holts-Pro-Contact-Cleaner-500ml-Web.png","datePublished":"2024-06-17T13:18:11+00:00","dateModified":"2025-07-30T13:06:40+00:00","description":"Holts Kontaktreiniger Spray wurde speziell zum Entfernen von \u00d6l, Fett und Schmutz entwickelt, die sich in Ihrem Auto ansammeln.","breadcrumb":{"@id":"https:\/\/www.holtsauto.com\/de\/produkte\/technische-sprays\/holts-kontaktreiniger-spray\/#breadcrumb"},"inLanguage":"de-DE","potentialAction":[{"@type":"ReadAction","target":["https:\/\/www.holtsauto.com\/de\/produkte\/technische-sprays\/holts-kontaktreiniger-spray\/"]}]},{"@type":"ImageObject","inLanguage":"de-DE","@id":"https:\/\/www.holtsauto.com\/de\/produkte\/technische-sprays\/holts-kontaktreiniger-spray\/#primaryimage","url":"https:\/\/www.holtsauto.com\/wp-content\/uploads\/2024\/08\/HMTN0601A_Holts-Pro-Contact-Cleaner-500ml-Web.png","contentUrl":"https:\/\/www.holtsauto.com\/wp-content\/uploads\/2024\/08\/HMTN0601A_Holts-Pro-Contact-Cleaner-500ml-Web.png","width":2000,"height":2000,"caption":"Professional Contact Cleaner 500ml"},{"@type":"BreadcrumbList","@id":"https:\/\/www.holtsauto.com\/de\/produkte\/technische-sprays\/holts-kontaktreiniger-spray\/#breadcrumb","itemListElement":[{"@type":"ListItem","position":1,"name":"Home","item":"https:\/\/www.holtsauto.com\/de\/"},{"@type":"ListItem","position":2,"name":"Produkte","item":"https:\/\/www.holtsauto.com\/de\/produkte\/"},{"@type":"ListItem","position":3,"name":"Holts Kontaktreiniger Spray"}]},{"@type":"WebSite","@id":"https:\/\/www.holtsauto.com\/de\/#website","url":"https:\/\/www.holtsauto.com\/de\/","name":"Holts Auto","description":"","potentialAction":[{"@type":"SearchAction","target":{"@type":"EntryPoint","urlTemplate":"https:\/\/www.holtsauto.com\/de\/?s={search_term_string}"},"query-input":{"@type":"PropertyValueSpecification","valueRequired":true,"valueName":"search_term_string"}}],"inLanguage":"de-DE"}]}},"_links":{"self":[{"href":"https:\/\/www.holtsauto.com\/de\/wp-json\/wp\/v2\/product\/11105","targetHints":{"allow":["GET"]}}],"collection":[{"href":"https:\/\/www.holtsauto.com\/de\/wp-json\/wp\/v2\/product"}],"about":[{"href":"https:\/\/www.holtsauto.com\/de\/wp-json\/wp\/v2\/types\/product"}],"replies":[{"embeddable":true,"href":"https:\/\/www.holtsauto.com\/de\/wp-json\/wp\/v2\/comments?post=11105"}],"wp:featuredmedia":[{"embeddable":true,"href":"https:\/\/www.holtsauto.com\/de\/wp-json\/wp\/v2\/media\/13565"}],"wp:attachment":[{"href":"https:\/\/www.holtsauto.com\/de\/wp-json\/wp\/v2\/media?parent=11105"}],"wp:term":[{"taxonomy":"product_brand","embeddable":true,"href":"https:\/\/www.holtsauto.com\/de\/wp-json\/wp\/v2\/product_brand?post=11105"},{"taxonomy":"product_cat","embeddable":true,"href":"https:\/\/www.holtsauto.com\/de\/wp-json\/wp\/v2\/product_cat?post=11105"},{"taxonomy":"product_tag","embeddable":true,"href":"https:\/\/www.holtsauto.com\/de\/wp-json\/wp\/v2\/product_tag?post=11105"}],"curies":[{"name":"wp","href":"https:\/\/api.w.org\/{rel}","templated":true}]}}