{"id":11107,"date":"2024-06-17T13:44:06","date_gmt":"2024-06-17T13:44:06","guid":{"rendered":"https:\/\/www.holtsauto.com\/?post_type=product&#038;p=11107"},"modified":"2025-07-30T13:06:06","modified_gmt":"2025-07-30T13:06:06","slug":"holts-multispray","status":"publish","type":"product","link":"https:\/\/www.holtsauto.com\/de\/produkte\/technische-sprays\/holts-multispray\/","title":{"rendered":"Holts Multispray"},"content":{"rendered":"<p><span style=\"font-weight: 400;\">Ganz gleich, ob es sich um eine verrostete Mutter oder eine zu fest angezogene Schraube handelt, die sich nicht bewegen l\u00e4sst: Spr\u00fchen Sie einfach auf, um festsitzende und korrodierte Teile zu durchdringen und zu l\u00f6sen.<\/span><\/p>\n<p><span style=\"font-weight: 400;\">Das von professionellen Mechanikern und Heimwerkern gleicherma\u00dfen gesch\u00e4tzte Holts Multispray wurde f\u00fcr den Einsatz auf Motorteilen entwickelt, kann aber auch f\u00fcr eine Reihe von Anwendungen rund um Haus, Garten und Werkstatt verwendet werden und hilft dabei, Metalle und Befestigungen zu schmieren und zu sch\u00fctzen.<\/span><\/p>\n<p><strong>Funktionen und Vorteile<\/strong><\/p>\n<p><span style=\"font-weight: 400;\">Holts Multispray ist ein vielseitiges Schmier- und Trennspray, das robust genug f\u00fcr eine Vielzahl von Anwendungen im Auto, zu Hause und in der Werkstatt ist. Als Teil der Holts Professional-Reihe kann das Mehrzweckspray mit seiner 360\u00b0-Pr\u00e4zisionsspr\u00fchwirkung aus jedem Winkel aufgetragen werden und ist somit eine praktische L\u00f6sung f\u00fcr nahezu jede Aufgabe.<\/span><\/p>\n<p><span style=\"font-weight: 400;\">Holts Multispray wurde von Spezialisten im Holts-Entwicklungslabor entwickelt und getestet und l\u00f6st festsitzende Teile nachweislich sofort. Daher ist es ideal f\u00fcr Fahrzeugreparaturen, wenn Teile entfernt oder geschmiert werden m\u00fcssen, um maximale Leistung und Langlebigkeit zu gew\u00e4hrleisten.<\/span><\/p>\n<p><span style=\"font-weight: 400;\">Neben professionellen Fahrzeugreparaturen ist Holts Multispray auch ein praktisches Werkzeug f\u00fcr zu Hause oder in der Werkstatt. Das Produkt eignet sich f\u00fcr Tausende von Anwendungen, darunter:<\/span><\/p>\n<ul>\n<li><span style=\"font-weight: 400;\">L\u00f6sen verrosteter Schrauben und Muttern<\/span><\/li>\n<li><span style=\"font-weight: 400;\">Werkzeuge schmieren und sch\u00fctzen<\/span><\/li>\n<li><span style=\"font-weight: 400;\">L\u00f6sen Sie Gelenke und Scharniere<\/span><\/li>\n<li><span style=\"font-weight: 400;\">Bewegliche Teile schmieren<\/span><\/li>\n<li><span style=\"font-weight: 400;\">Verrostete Teile l\u00f6sen<\/span><\/li>\n<\/ul>\n","protected":false},"excerpt":{"rendered":"<p><span style=\"font-weight: 400;\">Holts Multispray ist ein vielseitig einsetzbares Schmier- und Trennspray, das sofort in festsitzende Teile eindringt, um Reibung zu reduzieren, die Bewegung wiederherzustellen oder die Entfernung zu erleichtern.<\/span><\/p>\n<ul>\n<li><span style=\"font-weight: 400;\">Reinigt, schmiert und sch\u00fctzt<\/span><\/li>\n<li><span style=\"font-weight: 400;\">Vertreibt Feuchtigkeit<\/span><\/li>\n<li><span style=\"font-weight: 400;\">360\u00b0-Spray<\/span><\/li>\n<li><span style=\"font-weight: 400;\">Gibt schnell festsitzende Teile frei<\/span><\/li>\n<\/ul>\n","protected":false},"featured_media":13562,"comment_status":"open","ping_status":"closed","template":"","meta":{"_acf_changed":false,"inline_featured_image":false},"product_brand":[],"product_cat":[388],"product_tag":[],"class_list":{"0":"post-11107","1":"product","2":"type-product","3":"status-publish","4":"has-post-thumbnail","6":"product_cat-technische-sprays","8":"first","9":"instock","10":"shipping-taxable","11":"purchasable","12":"product-type-simple"},"acf":[],"yoast_head":"<!-- This site is optimized with the Yoast SEO plugin v27.3 - https:\/\/yoast.com\/product\/yoast-seo-wordpress\/ -->\n<title>Holts Multispray | Rustola Schnellrostl\u00f6ser | Produkte | Holts DE<\/title>\n<meta name=\"description\" content=\"Ganz gleich, ob es sich um eine verrostete Mutter oder eine zu fest angezogene Schraube handelt, die sich nicht bewegen l\u00e4sst: Spr\u00fchen Sie Holts Multispray einfach auf, um festsitzende und korrodierte Teile zu durchdringen und zu l\u00f6sen.\" \/>\n<meta name=\"robots\" content=\"index, follow, max-snippet:-1, max-image-preview:large, max-video-preview:-1\" \/>\n<link rel=\"canonical\" href=\"https:\/\/www.holtsauto.com\/de\/produkte\/technische-sprays\/holts-multispray\/\" \/>\n<meta property=\"og:locale\" content=\"de_DE\" \/>\n<meta property=\"og:type\" content=\"article\" \/>\n<meta property=\"og:title\" content=\"Holts Multispray | Rustola Schnellrostl\u00f6ser | Produkte | Holts DE\" \/>\n<meta property=\"og:description\" content=\"Ganz gleich, ob es sich um eine verrostete Mutter oder eine zu fest angezogene Schraube handelt, die sich nicht bewegen l\u00e4sst: Spr\u00fchen Sie Holts Multispray einfach auf, um festsitzende und korrodierte Teile zu durchdringen und zu l\u00f6sen.\" \/>\n<meta property=\"og:url\" content=\"https:\/\/www.holtsauto.com\/de\/produkte\/technische-sprays\/holts-multispray\/\" \/>\n<meta property=\"og:site_name\" content=\"Holts Auto Site\" \/>\n<meta property=\"article:modified_time\" content=\"2025-07-30T13:06:06+00:00\" \/>\n<meta property=\"og:image\" content=\"https:\/\/www.holtsauto.com\/wp-content\/uploads\/2024\/08\/HMTN0401A_Holts-Pro-Maintenance-Spray-500ml-Web.png\" \/>\n\t<meta property=\"og:image:width\" content=\"2000\" \/>\n\t<meta property=\"og:image:height\" content=\"2000\" \/>\n\t<meta property=\"og:image:type\" content=\"image\/png\" \/>\n<meta name=\"twitter:card\" content=\"summary_large_image\" \/>\n<meta name=\"twitter:label1\" content=\"Gesch\u00e4tzte Lesezeit\" \/>\n\t<meta name=\"twitter:data1\" content=\"1 Minute\" \/>\n<script type=\"application\/ld+json\" class=\"yoast-schema-graph\">{\"@context\":\"https:\\\/\\\/schema.org\",\"@graph\":[{\"@type\":\"WebPage\",\"@id\":\"https:\\\/\\\/www.holtsauto.com\\\/de\\\/produkte\\\/technische-sprays\\\/holts-multispray\\\/\",\"url\":\"https:\\\/\\\/www.holtsauto.com\\\/de\\\/produkte\\\/technische-sprays\\\/holts-multispray\\\/\",\"name\":\"Holts Multispray | Rustola Schnellrostl\u00f6ser | Produkte | Holts DE\",\"isPartOf\":{\"@id\":\"https:\\\/\\\/www.holtsauto.com\\\/de\\\/#website\"},\"primaryImageOfPage\":{\"@id\":\"https:\\\/\\\/www.holtsauto.com\\\/de\\\/produkte\\\/technische-sprays\\\/holts-multispray\\\/#primaryimage\"},\"image\":{\"@id\":\"https:\\\/\\\/www.holtsauto.com\\\/de\\\/produkte\\\/technische-sprays\\\/holts-multispray\\\/#primaryimage\"},\"thumbnailUrl\":\"https:\\\/\\\/www.holtsauto.com\\\/wp-content\\\/uploads\\\/2024\\\/08\\\/HMTN0401A_Holts-Pro-Maintenance-Spray-500ml-Web.png\",\"datePublished\":\"2024-06-17T13:44:06+00:00\",\"dateModified\":\"2025-07-30T13:06:06+00:00\",\"description\":\"Ganz gleich, ob es sich um eine verrostete Mutter oder eine zu fest angezogene Schraube handelt, die sich nicht bewegen l\u00e4sst: Spr\u00fchen Sie Holts Multispray einfach auf, um festsitzende und korrodierte Teile zu durchdringen und zu l\u00f6sen.\",\"breadcrumb\":{\"@id\":\"https:\\\/\\\/www.holtsauto.com\\\/de\\\/produkte\\\/technische-sprays\\\/holts-multispray\\\/#breadcrumb\"},\"inLanguage\":\"de-DE\",\"potentialAction\":[{\"@type\":\"ReadAction\",\"target\":[\"https:\\\/\\\/www.holtsauto.com\\\/de\\\/produkte\\\/technische-sprays\\\/holts-multispray\\\/\"]}]},{\"@type\":\"ImageObject\",\"inLanguage\":\"de-DE\",\"@id\":\"https:\\\/\\\/www.holtsauto.com\\\/de\\\/produkte\\\/technische-sprays\\\/holts-multispray\\\/#primaryimage\",\"url\":\"https:\\\/\\\/www.holtsauto.com\\\/wp-content\\\/uploads\\\/2024\\\/08\\\/HMTN0401A_Holts-Pro-Maintenance-Spray-500ml-Web.png\",\"contentUrl\":\"https:\\\/\\\/www.holtsauto.com\\\/wp-content\\\/uploads\\\/2024\\\/08\\\/HMTN0401A_Holts-Pro-Maintenance-Spray-500ml-Web.png\",\"width\":2000,\"height\":2000,\"caption\":\"holts professional maintenance spray 500ml\"},{\"@type\":\"BreadcrumbList\",\"@id\":\"https:\\\/\\\/www.holtsauto.com\\\/de\\\/produkte\\\/technische-sprays\\\/holts-multispray\\\/#breadcrumb\",\"itemListElement\":[{\"@type\":\"ListItem\",\"position\":1,\"name\":\"Home\",\"item\":\"https:\\\/\\\/www.holtsauto.com\\\/de\\\/\"},{\"@type\":\"ListItem\",\"position\":2,\"name\":\"Produkte\",\"item\":\"https:\\\/\\\/www.holtsauto.com\\\/de\\\/produkte\\\/\"},{\"@type\":\"ListItem\",\"position\":3,\"name\":\"Holts Multispray\"}]},{\"@type\":\"WebSite\",\"@id\":\"https:\\\/\\\/www.holtsauto.com\\\/de\\\/#website\",\"url\":\"https:\\\/\\\/www.holtsauto.com\\\/de\\\/\",\"name\":\"Holts Auto\",\"description\":\"\",\"potentialAction\":[{\"@type\":\"SearchAction\",\"target\":{\"@type\":\"EntryPoint\",\"urlTemplate\":\"https:\\\/\\\/www.holtsauto.com\\\/de\\\/?s={search_term_string}\"},\"query-input\":{\"@type\":\"PropertyValueSpecification\",\"valueRequired\":true,\"valueName\":\"search_term_string\"}}],\"inLanguage\":\"de-DE\"}]}<\/script>\n<!-- \/ Yoast SEO plugin. -->","yoast_head_json":{"title":"Holts Multispray | Rustola Schnellrostl\u00f6ser | Produkte | Holts DE","description":"Ganz gleich, ob es sich um eine verrostete Mutter oder eine zu fest angezogene Schraube handelt, die sich nicht bewegen l\u00e4sst: Spr\u00fchen Sie Holts Multispray einfach auf, um festsitzende und korrodierte Teile zu durchdringen und zu l\u00f6sen.","robots":{"index":"index","follow":"follow","max-snippet":"max-snippet:-1","max-image-preview":"max-image-preview:large","max-video-preview":"max-video-preview:-1"},"canonical":"https:\/\/www.holtsauto.com\/de\/produkte\/technische-sprays\/holts-multispray\/","og_locale":"de_DE","og_type":"article","og_title":"Holts Multispray | Rustola Schnellrostl\u00f6ser | Produkte | Holts DE","og_description":"Ganz gleich, ob es sich um eine verrostete Mutter oder eine zu fest angezogene Schraube handelt, die sich nicht bewegen l\u00e4sst: Spr\u00fchen Sie Holts Multispray einfach auf, um festsitzende und korrodierte Teile zu durchdringen und zu l\u00f6sen.","og_url":"https:\/\/www.holtsauto.com\/de\/produkte\/technische-sprays\/holts-multispray\/","og_site_name":"Holts Auto Site","article_modified_time":"2025-07-30T13:06:06+00:00","og_image":[{"width":2000,"height":2000,"url":"https:\/\/www.holtsauto.com\/wp-content\/uploads\/2024\/08\/HMTN0401A_Holts-Pro-Maintenance-Spray-500ml-Web.png","type":"image\/png"}],"twitter_card":"summary_large_image","twitter_misc":{"Gesch\u00e4tzte Lesezeit":"1 Minute"},"schema":{"@context":"https:\/\/schema.org","@graph":[{"@type":"WebPage","@id":"https:\/\/www.holtsauto.com\/de\/produkte\/technische-sprays\/holts-multispray\/","url":"https:\/\/www.holtsauto.com\/de\/produkte\/technische-sprays\/holts-multispray\/","name":"Holts Multispray | Rustola Schnellrostl\u00f6ser | Produkte | Holts DE","isPartOf":{"@id":"https:\/\/www.holtsauto.com\/de\/#website"},"primaryImageOfPage":{"@id":"https:\/\/www.holtsauto.com\/de\/produkte\/technische-sprays\/holts-multispray\/#primaryimage"},"image":{"@id":"https:\/\/www.holtsauto.com\/de\/produkte\/technische-sprays\/holts-multispray\/#primaryimage"},"thumbnailUrl":"https:\/\/www.holtsauto.com\/wp-content\/uploads\/2024\/08\/HMTN0401A_Holts-Pro-Maintenance-Spray-500ml-Web.png","datePublished":"2024-06-17T13:44:06+00:00","dateModified":"2025-07-30T13:06:06+00:00","description":"Ganz gleich, ob es sich um eine verrostete Mutter oder eine zu fest angezogene Schraube handelt, die sich nicht bewegen l\u00e4sst: Spr\u00fchen Sie Holts Multispray einfach auf, um festsitzende und korrodierte Teile zu durchdringen und zu l\u00f6sen.","breadcrumb":{"@id":"https:\/\/www.holtsauto.com\/de\/produkte\/technische-sprays\/holts-multispray\/#breadcrumb"},"inLanguage":"de-DE","potentialAction":[{"@type":"ReadAction","target":["https:\/\/www.holtsauto.com\/de\/produkte\/technische-sprays\/holts-multispray\/"]}]},{"@type":"ImageObject","inLanguage":"de-DE","@id":"https:\/\/www.holtsauto.com\/de\/produkte\/technische-sprays\/holts-multispray\/#primaryimage","url":"https:\/\/www.holtsauto.com\/wp-content\/uploads\/2024\/08\/HMTN0401A_Holts-Pro-Maintenance-Spray-500ml-Web.png","contentUrl":"https:\/\/www.holtsauto.com\/wp-content\/uploads\/2024\/08\/HMTN0401A_Holts-Pro-Maintenance-Spray-500ml-Web.png","width":2000,"height":2000,"caption":"holts professional maintenance spray 500ml"},{"@type":"BreadcrumbList","@id":"https:\/\/www.holtsauto.com\/de\/produkte\/technische-sprays\/holts-multispray\/#breadcrumb","itemListElement":[{"@type":"ListItem","position":1,"name":"Home","item":"https:\/\/www.holtsauto.com\/de\/"},{"@type":"ListItem","position":2,"name":"Produkte","item":"https:\/\/www.holtsauto.com\/de\/produkte\/"},{"@type":"ListItem","position":3,"name":"Holts Multispray"}]},{"@type":"WebSite","@id":"https:\/\/www.holtsauto.com\/de\/#website","url":"https:\/\/www.holtsauto.com\/de\/","name":"Holts Auto","description":"","potentialAction":[{"@type":"SearchAction","target":{"@type":"EntryPoint","urlTemplate":"https:\/\/www.holtsauto.com\/de\/?s={search_term_string}"},"query-input":{"@type":"PropertyValueSpecification","valueRequired":true,"valueName":"search_term_string"}}],"inLanguage":"de-DE"}]}},"_links":{"self":[{"href":"https:\/\/www.holtsauto.com\/de\/wp-json\/wp\/v2\/product\/11107","targetHints":{"allow":["GET"]}}],"collection":[{"href":"https:\/\/www.holtsauto.com\/de\/wp-json\/wp\/v2\/product"}],"about":[{"href":"https:\/\/www.holtsauto.com\/de\/wp-json\/wp\/v2\/types\/product"}],"replies":[{"embeddable":true,"href":"https:\/\/www.holtsauto.com\/de\/wp-json\/wp\/v2\/comments?post=11107"}],"wp:featuredmedia":[{"embeddable":true,"href":"https:\/\/www.holtsauto.com\/de\/wp-json\/wp\/v2\/media\/13562"}],"wp:attachment":[{"href":"https:\/\/www.holtsauto.com\/de\/wp-json\/wp\/v2\/media?parent=11107"}],"wp:term":[{"taxonomy":"product_brand","embeddable":true,"href":"https:\/\/www.holtsauto.com\/de\/wp-json\/wp\/v2\/product_brand?post=11107"},{"taxonomy":"product_cat","embeddable":true,"href":"https:\/\/www.holtsauto.com\/de\/wp-json\/wp\/v2\/product_cat?post=11107"},{"taxonomy":"product_tag","embeddable":true,"href":"https:\/\/www.holtsauto.com\/de\/wp-json\/wp\/v2\/product_tag?post=11107"}],"curies":[{"name":"wp","href":"https:\/\/api.w.org\/{rel}","templated":true}]}}