{"id":11111,"date":"2024-06-17T14:02:20","date_gmt":"2024-06-17T14:02:20","guid":{"rendered":"https:\/\/www.holtsauto.com\/?post_type=product&#038;p=11111"},"modified":"2025-07-30T13:05:16","modified_gmt":"2025-07-30T13:05:16","slug":"holts-silikon-spray","status":"publish","type":"product","link":"https:\/\/www.holtsauto.com\/de\/produkte\/technische-sprays\/holts-silikon-spray\/","title":{"rendered":"Holts Silikon Spray"},"content":{"rendered":"<p><span style=\"font-weight: 400;\">Unser Silikonspray ist mit einem benutzerfreundlichen, multidirektionalen Spray ausgestattet und hinterl\u00e4sst einen klaren Schutzfilm, der Schmutz, Flecken und unsch\u00f6ne Flecken auf Teppichen und Polstern verhindert. Einfach aufspr\u00fchen, um sicherzustellen, dass Kunststoff- und Gummioberfl\u00e4chen gesch\u00fctzt bleiben.<\/span><\/p>\n<p><span style=\"font-weight: 400;\">Als Teil der Holts Professional-Reihe ist unser Silikonspray ein Wartungsspray auf Silikonbasis, das speziell zum Schmieren und Sch\u00fctzen von Oberfl\u00e4chen, einschlie\u00dflich Gummi und Kunststoff, entwickelt wurde.<\/span><\/p>\n<p><span style=\"font-weight: 400;\">Eine sichere und wirksame Alternative zu Schmiermitteln auf \u00d6lbasis; Holts Silikon Spray schmiert und sch\u00fctzt Oberfl\u00e4chen, die durch herk\u00f6mmliche Gleitmittel besch\u00e4digt werden k\u00f6nnten. Dazu geh\u00f6ren auch kaputte Gummidichtungen, die unser Silikonschmiermittel n\u00e4hren und sch\u00fctzen kann und gleichzeitig das Risiko des Eindringens von Wasser und Feuchtigkeit verringert.<\/span><\/p>\n<p><span style=\"font-weight: 400;\">Silikon sorgt nicht nur f\u00fcr eine wasserdichte Versiegelung von Gummi und vergleichbaren Oberfl\u00e4chen, sondern ist auch ein wirksames Schmiermittel f\u00fcr Mechanismen, das Quietschen verhindert und Probleme in Schach h\u00e4lt. Dadurch eignet es sich hervorragend zum Schmieren von Autofenstern, T\u00fcrscharnieren und Schiebed\u00e4chern sowie Schiebet\u00fcren und Fenstern im ganzen Haus.<\/span><\/p>\n<p><span style=\"font-weight: 400;\">Unsere Silikon-Pflegel\u00f6sung ist mit einem 360\u00b0-Spray ausgestattet und l\u00e4sst sich einfach in nur einer einzigen Anwendung auftragen. Das Produkt trocknet klar und ohne sichtbare R\u00fcckst\u00e4nde.<\/span><\/p>\n","protected":false},"excerpt":{"rendered":"<p><span style=\"font-weight: 400;\">Holts Silikon Spray schmiert und macht jede Oberfl\u00e4che wasserdicht und eignet sich daher f\u00fcr eine Reihe von Anwendungen rund um das Auto, zu Hause und in der Werkstatt.<\/span><\/p>\n<ul>\n<li><span style=\"font-weight: 400;\">Schmiert und macht jede Oberfl\u00e4che wetterfest<\/span><\/li>\n<li><span style=\"font-weight: 400;\">Stoppt Quietschen und reduziert den Verschlei\u00df von Schiebed\u00e4chern, Scharnieren, Sitzschienen und Fenstermechanismen<\/span><\/li>\n<li><span style=\"font-weight: 400;\">Sch\u00fctzt vor Austrocknung und Rissbildung<\/span><\/li>\n<li><span style=\"font-weight: 400;\">360\u00b0-Spray<\/span><\/li>\n<\/ul>\n","protected":false},"featured_media":13559,"comment_status":"open","ping_status":"closed","template":"","meta":{"_acf_changed":false,"inline_featured_image":false},"product_brand":[],"product_cat":[388],"product_tag":[],"class_list":{"0":"post-11111","1":"product","2":"type-product","3":"status-publish","4":"has-post-thumbnail","6":"product_cat-technische-sprays","8":"first","9":"instock","10":"shipping-taxable","11":"purchasable","12":"product-type-simple"},"acf":[],"yoast_head":"<!-- This site is optimized with the Yoast SEO plugin v27.5 - https:\/\/yoast.com\/product\/yoast-seo-wordpress\/ -->\n<title>Holts Silikon Spray | Produkte | Holts DE<\/title>\n<meta name=\"description\" content=\"Unser Silikonspray ist mit einem benutzerfreundlichen, multidirektionalen Spray ausgestattet und hinterl\u00e4sst einen klaren Schutzfilm, der Schmutz, Flecken und unsch\u00f6ne Flecken auf Teppichen und Polstern verhindert.\" \/>\n<meta name=\"robots\" content=\"index, follow, max-snippet:-1, max-image-preview:large, max-video-preview:-1\" \/>\n<link rel=\"canonical\" href=\"https:\/\/www.holtsauto.com\/de\/produkte\/technische-sprays\/holts-silikon-spray\/\" \/>\n<meta property=\"og:locale\" content=\"de_DE\" \/>\n<meta property=\"og:type\" content=\"article\" \/>\n<meta property=\"og:title\" content=\"Holts Silikon Spray | Produkte | Holts DE\" \/>\n<meta property=\"og:description\" content=\"Unser Silikonspray ist mit einem benutzerfreundlichen, multidirektionalen Spray ausgestattet und hinterl\u00e4sst einen klaren Schutzfilm, der Schmutz, Flecken und unsch\u00f6ne Flecken auf Teppichen und Polstern verhindert.\" \/>\n<meta property=\"og:url\" content=\"https:\/\/www.holtsauto.com\/de\/produkte\/technische-sprays\/holts-silikon-spray\/\" \/>\n<meta property=\"og:site_name\" content=\"Holts Auto Site\" \/>\n<meta property=\"article:modified_time\" content=\"2025-07-30T13:05:16+00:00\" \/>\n<meta property=\"og:image\" content=\"https:\/\/www.holtsauto.com\/wp-content\/uploads\/2024\/08\/HMTN0301A_Holts-Pro-Silicone-Spray-500ml-Web.png\" \/>\n\t<meta property=\"og:image:width\" content=\"2000\" \/>\n\t<meta property=\"og:image:height\" content=\"2000\" \/>\n\t<meta property=\"og:image:type\" content=\"image\/png\" \/>\n<meta name=\"twitter:card\" content=\"summary_large_image\" \/>\n<meta name=\"twitter:label1\" content=\"Gesch\u00e4tzte Lesezeit\" \/>\n\t<meta name=\"twitter:data1\" content=\"1 Minute\" \/>\n<script type=\"application\/ld+json\" class=\"yoast-schema-graph\">{\"@context\":\"https:\\\/\\\/schema.org\",\"@graph\":[{\"@type\":\"WebPage\",\"@id\":\"https:\\\/\\\/www.holtsauto.com\\\/de\\\/produkte\\\/technische-sprays\\\/holts-silikon-spray\\\/\",\"url\":\"https:\\\/\\\/www.holtsauto.com\\\/de\\\/produkte\\\/technische-sprays\\\/holts-silikon-spray\\\/\",\"name\":\"Holts Silikon Spray | Produkte | Holts DE\",\"isPartOf\":{\"@id\":\"https:\\\/\\\/www.holtsauto.com\\\/de\\\/#website\"},\"primaryImageOfPage\":{\"@id\":\"https:\\\/\\\/www.holtsauto.com\\\/de\\\/produkte\\\/technische-sprays\\\/holts-silikon-spray\\\/#primaryimage\"},\"image\":{\"@id\":\"https:\\\/\\\/www.holtsauto.com\\\/de\\\/produkte\\\/technische-sprays\\\/holts-silikon-spray\\\/#primaryimage\"},\"thumbnailUrl\":\"https:\\\/\\\/www.holtsauto.com\\\/wp-content\\\/uploads\\\/2024\\\/08\\\/HMTN0301A_Holts-Pro-Silicone-Spray-500ml-Web.png\",\"datePublished\":\"2024-06-17T14:02:20+00:00\",\"dateModified\":\"2025-07-30T13:05:16+00:00\",\"description\":\"Unser Silikonspray ist mit einem benutzerfreundlichen, multidirektionalen Spray ausgestattet und hinterl\u00e4sst einen klaren Schutzfilm, der Schmutz, Flecken und unsch\u00f6ne Flecken auf Teppichen und Polstern verhindert.\",\"breadcrumb\":{\"@id\":\"https:\\\/\\\/www.holtsauto.com\\\/de\\\/produkte\\\/technische-sprays\\\/holts-silikon-spray\\\/#breadcrumb\"},\"inLanguage\":\"de-DE\",\"potentialAction\":[{\"@type\":\"ReadAction\",\"target\":[\"https:\\\/\\\/www.holtsauto.com\\\/de\\\/produkte\\\/technische-sprays\\\/holts-silikon-spray\\\/\"]}]},{\"@type\":\"ImageObject\",\"inLanguage\":\"de-DE\",\"@id\":\"https:\\\/\\\/www.holtsauto.com\\\/de\\\/produkte\\\/technische-sprays\\\/holts-silikon-spray\\\/#primaryimage\",\"url\":\"https:\\\/\\\/www.holtsauto.com\\\/wp-content\\\/uploads\\\/2024\\\/08\\\/HMTN0301A_Holts-Pro-Silicone-Spray-500ml-Web.png\",\"contentUrl\":\"https:\\\/\\\/www.holtsauto.com\\\/wp-content\\\/uploads\\\/2024\\\/08\\\/HMTN0301A_Holts-Pro-Silicone-Spray-500ml-Web.png\",\"width\":2000,\"height\":2000,\"caption\":\"Holts professional silicone spray 500ml\"},{\"@type\":\"BreadcrumbList\",\"@id\":\"https:\\\/\\\/www.holtsauto.com\\\/de\\\/produkte\\\/technische-sprays\\\/holts-silikon-spray\\\/#breadcrumb\",\"itemListElement\":[{\"@type\":\"ListItem\",\"position\":1,\"name\":\"Home\",\"item\":\"https:\\\/\\\/www.holtsauto.com\\\/de\\\/\"},{\"@type\":\"ListItem\",\"position\":2,\"name\":\"Produkte\",\"item\":\"https:\\\/\\\/www.holtsauto.com\\\/de\\\/produkte\\\/\"},{\"@type\":\"ListItem\",\"position\":3,\"name\":\"Holts Silikon Spray\"}]},{\"@type\":\"WebSite\",\"@id\":\"https:\\\/\\\/www.holtsauto.com\\\/de\\\/#website\",\"url\":\"https:\\\/\\\/www.holtsauto.com\\\/de\\\/\",\"name\":\"Holts Auto\",\"description\":\"\",\"potentialAction\":[{\"@type\":\"SearchAction\",\"target\":{\"@type\":\"EntryPoint\",\"urlTemplate\":\"https:\\\/\\\/www.holtsauto.com\\\/de\\\/?s={search_term_string}\"},\"query-input\":{\"@type\":\"PropertyValueSpecification\",\"valueRequired\":true,\"valueName\":\"search_term_string\"}}],\"inLanguage\":\"de-DE\"}]}<\/script>\n<!-- \/ Yoast SEO plugin. -->","yoast_head_json":{"title":"Holts Silikon Spray | Produkte | Holts DE","description":"Unser Silikonspray ist mit einem benutzerfreundlichen, multidirektionalen Spray ausgestattet und hinterl\u00e4sst einen klaren Schutzfilm, der Schmutz, Flecken und unsch\u00f6ne Flecken auf Teppichen und Polstern verhindert.","robots":{"index":"index","follow":"follow","max-snippet":"max-snippet:-1","max-image-preview":"max-image-preview:large","max-video-preview":"max-video-preview:-1"},"canonical":"https:\/\/www.holtsauto.com\/de\/produkte\/technische-sprays\/holts-silikon-spray\/","og_locale":"de_DE","og_type":"article","og_title":"Holts Silikon Spray | Produkte | Holts DE","og_description":"Unser Silikonspray ist mit einem benutzerfreundlichen, multidirektionalen Spray ausgestattet und hinterl\u00e4sst einen klaren Schutzfilm, der Schmutz, Flecken und unsch\u00f6ne Flecken auf Teppichen und Polstern verhindert.","og_url":"https:\/\/www.holtsauto.com\/de\/produkte\/technische-sprays\/holts-silikon-spray\/","og_site_name":"Holts Auto Site","article_modified_time":"2025-07-30T13:05:16+00:00","og_image":[{"width":2000,"height":2000,"url":"https:\/\/www.holtsauto.com\/wp-content\/uploads\/2024\/08\/HMTN0301A_Holts-Pro-Silicone-Spray-500ml-Web.png","type":"image\/png"}],"twitter_card":"summary_large_image","twitter_misc":{"Gesch\u00e4tzte Lesezeit":"1 Minute"},"schema":{"@context":"https:\/\/schema.org","@graph":[{"@type":"WebPage","@id":"https:\/\/www.holtsauto.com\/de\/produkte\/technische-sprays\/holts-silikon-spray\/","url":"https:\/\/www.holtsauto.com\/de\/produkte\/technische-sprays\/holts-silikon-spray\/","name":"Holts Silikon Spray | Produkte | Holts DE","isPartOf":{"@id":"https:\/\/www.holtsauto.com\/de\/#website"},"primaryImageOfPage":{"@id":"https:\/\/www.holtsauto.com\/de\/produkte\/technische-sprays\/holts-silikon-spray\/#primaryimage"},"image":{"@id":"https:\/\/www.holtsauto.com\/de\/produkte\/technische-sprays\/holts-silikon-spray\/#primaryimage"},"thumbnailUrl":"https:\/\/www.holtsauto.com\/wp-content\/uploads\/2024\/08\/HMTN0301A_Holts-Pro-Silicone-Spray-500ml-Web.png","datePublished":"2024-06-17T14:02:20+00:00","dateModified":"2025-07-30T13:05:16+00:00","description":"Unser Silikonspray ist mit einem benutzerfreundlichen, multidirektionalen Spray ausgestattet und hinterl\u00e4sst einen klaren Schutzfilm, der Schmutz, Flecken und unsch\u00f6ne Flecken auf Teppichen und Polstern verhindert.","breadcrumb":{"@id":"https:\/\/www.holtsauto.com\/de\/produkte\/technische-sprays\/holts-silikon-spray\/#breadcrumb"},"inLanguage":"de-DE","potentialAction":[{"@type":"ReadAction","target":["https:\/\/www.holtsauto.com\/de\/produkte\/technische-sprays\/holts-silikon-spray\/"]}]},{"@type":"ImageObject","inLanguage":"de-DE","@id":"https:\/\/www.holtsauto.com\/de\/produkte\/technische-sprays\/holts-silikon-spray\/#primaryimage","url":"https:\/\/www.holtsauto.com\/wp-content\/uploads\/2024\/08\/HMTN0301A_Holts-Pro-Silicone-Spray-500ml-Web.png","contentUrl":"https:\/\/www.holtsauto.com\/wp-content\/uploads\/2024\/08\/HMTN0301A_Holts-Pro-Silicone-Spray-500ml-Web.png","width":2000,"height":2000,"caption":"Holts professional silicone spray 500ml"},{"@type":"BreadcrumbList","@id":"https:\/\/www.holtsauto.com\/de\/produkte\/technische-sprays\/holts-silikon-spray\/#breadcrumb","itemListElement":[{"@type":"ListItem","position":1,"name":"Home","item":"https:\/\/www.holtsauto.com\/de\/"},{"@type":"ListItem","position":2,"name":"Produkte","item":"https:\/\/www.holtsauto.com\/de\/produkte\/"},{"@type":"ListItem","position":3,"name":"Holts Silikon Spray"}]},{"@type":"WebSite","@id":"https:\/\/www.holtsauto.com\/de\/#website","url":"https:\/\/www.holtsauto.com\/de\/","name":"Holts Auto","description":"","potentialAction":[{"@type":"SearchAction","target":{"@type":"EntryPoint","urlTemplate":"https:\/\/www.holtsauto.com\/de\/?s={search_term_string}"},"query-input":{"@type":"PropertyValueSpecification","valueRequired":true,"valueName":"search_term_string"}}],"inLanguage":"de-DE"}]}},"_links":{"self":[{"href":"https:\/\/www.holtsauto.com\/de\/wp-json\/wp\/v2\/product\/11111","targetHints":{"allow":["GET"]}}],"collection":[{"href":"https:\/\/www.holtsauto.com\/de\/wp-json\/wp\/v2\/product"}],"about":[{"href":"https:\/\/www.holtsauto.com\/de\/wp-json\/wp\/v2\/types\/product"}],"replies":[{"embeddable":true,"href":"https:\/\/www.holtsauto.com\/de\/wp-json\/wp\/v2\/comments?post=11111"}],"wp:featuredmedia":[{"embeddable":true,"href":"https:\/\/www.holtsauto.com\/de\/wp-json\/wp\/v2\/media\/13559"}],"wp:attachment":[{"href":"https:\/\/www.holtsauto.com\/de\/wp-json\/wp\/v2\/media?parent=11111"}],"wp:term":[{"taxonomy":"product_brand","embeddable":true,"href":"https:\/\/www.holtsauto.com\/de\/wp-json\/wp\/v2\/product_brand?post=11111"},{"taxonomy":"product_cat","embeddable":true,"href":"https:\/\/www.holtsauto.com\/de\/wp-json\/wp\/v2\/product_cat?post=11111"},{"taxonomy":"product_tag","embeddable":true,"href":"https:\/\/www.holtsauto.com\/de\/wp-json\/wp\/v2\/product_tag?post=11111"}],"curies":[{"name":"wp","href":"https:\/\/api.w.org\/{rel}","templated":true}]}}