{"id":11120,"date":"2024-06-17T14:10:21","date_gmt":"2024-06-17T14:10:21","guid":{"rendered":"https:\/\/www.holtsauto.com\/?post_type=product&#038;p=11120"},"modified":"2025-07-30T13:04:30","modified_gmt":"2025-07-30T13:04:30","slug":"holts-weisses-lithiumfett","status":"publish","type":"product","link":"https:\/\/www.holtsauto.com\/de\/produkte\/technische-sprays\/holts-weisses-lithiumfett\/","title":{"rendered":"Holts Wei\u00dfes Lithiumfett"},"content":{"rendered":"<p><span style=\"font-weight: 400;\">Dieses Hochleistungs-Schmiermittel in Profiqualit\u00e4t hat eine stark haftende, nicht tropfende Formel, so dass es f\u00fcr eine Reihe von beweglichen Teilen wie Scharniere, Kugelgelenke, Motordrehpunkte, Schiebedachpaneele und mehr verwendet werden kann.<\/span><\/p>\n<p><span style=\"font-weight: 400;\">Hergestellt mit PTFE, um eine ultrahohe Haftung zu gew\u00e4hrleisten, die bewegliche Teile sch\u00fctzt, Korrosion verhindert, Wasser widersteht und lang anhaltenden Schutz vor Verschlei\u00df und Korrosion bietet.<\/span><\/p>\n<p><span style=\"font-weight: 400;\">Dieses vielseitige wei\u00dfe Lithium-Schmierfett ist die perfekte Erg\u00e4nzung zu Ihrem Werkzeug-Reparaturset. Quietschende T\u00fcrscharniere, verrostete Motorhaubenverschl\u00fcsse und Sitzschienen.<\/span><\/p>\n<p><span style=\"font-weight: 400;\">Dieses wei\u00dfe Mehrzweck-Lithium-Schmierfett wird mit einer Richtungsd\u00fcse geliefert, die eine pr\u00e4zise Anwendung an schwer zug\u00e4nglichen Stellen erm\u00f6glicht. Es funktioniert sogar bei extremen Temperaturen, von -20\u00b0C bis +140\u00b0C. Ein Schutz, auf den Sie sich verlassen k\u00f6nnen.<\/span><\/p>\n","protected":false},"excerpt":{"rendered":"<p><span style=\"font-weight: 400;\">Holts Wei\u00dfes Lithiumfett schmiert bewegliche Teile und Metall-Metall-Anwendungen.<\/span><\/p>\n<ul>\n<li><span style=\"font-weight: 400;\">Schmiert und sch\u00fctzt alle beweglichen Teile<\/span><\/li>\n<li><span style=\"font-weight: 400;\">PTFE reduziert die Reibung<\/span><\/li>\n<li><span style=\"font-weight: 400;\">Lang anhaltender Schutz vor Korrosion und Verschlei\u00df<\/span><\/li>\n<li><span style=\"font-weight: 400;\">Betriebstemperaturen: -20\u00b0C &#8211; +140\u00b0C.<\/span><\/li>\n<\/ul>\n","protected":false},"featured_media":13550,"comment_status":"open","ping_status":"closed","template":"","meta":{"_acf_changed":false,"inline_featured_image":false},"product_brand":[],"product_cat":[388],"product_tag":[],"class_list":{"0":"post-11120","1":"product","2":"type-product","3":"status-publish","4":"has-post-thumbnail","6":"product_cat-technische-sprays","8":"first","9":"instock","10":"shipping-taxable","11":"purchasable","12":"product-type-simple"},"acf":[],"yoast_head":"<!-- This site is optimized with the Yoast SEO plugin v27.3 - https:\/\/yoast.com\/product\/yoast-seo-wordpress\/ -->\n<title>Holts Wei\u00dfes Lithiumfett | Produkte | Holts DE<\/title>\n<meta name=\"robots\" content=\"index, follow, max-snippet:-1, max-image-preview:large, max-video-preview:-1\" \/>\n<link rel=\"canonical\" href=\"https:\/\/www.holtsauto.com\/de\/produkte\/technische-sprays\/holts-weisses-lithiumfett\/\" \/>\n<meta property=\"og:locale\" content=\"de_DE\" \/>\n<meta property=\"og:type\" content=\"article\" \/>\n<meta property=\"og:title\" content=\"Holts Wei\u00dfes Lithiumfett | Produkte | Holts DE\" \/>\n<meta property=\"og:description\" content=\"Holts Wei\u00dfes Lithiumfett schmiert bewegliche Teile und Metall-Metall-Anwendungen.   Schmiert und sch\u00fctzt alle beweglichen Teile  PTFE reduziert die Reibung  Lang anhaltender Schutz vor Korrosion und Verschlei\u00df  Betriebstemperaturen: -20\u00b0C - +140\u00b0C.\" \/>\n<meta property=\"og:url\" content=\"https:\/\/www.holtsauto.com\/de\/produkte\/technische-sprays\/holts-weisses-lithiumfett\/\" \/>\n<meta property=\"og:site_name\" content=\"Holts Auto Site\" \/>\n<meta property=\"article:modified_time\" content=\"2025-07-30T13:04:30+00:00\" \/>\n<meta property=\"og:image\" content=\"https:\/\/www.holtsauto.com\/wp-content\/uploads\/2024\/08\/HMTN0017A_Holts-Pro-White-Grease-500ml-Web.png\" \/>\n\t<meta property=\"og:image:width\" content=\"2000\" \/>\n\t<meta property=\"og:image:height\" content=\"2000\" \/>\n\t<meta property=\"og:image:type\" content=\"image\/png\" \/>\n<meta name=\"twitter:card\" content=\"summary_large_image\" \/>\n<meta name=\"twitter:label1\" content=\"Gesch\u00e4tzte Lesezeit\" \/>\n\t<meta name=\"twitter:data1\" content=\"1 Minute\" \/>\n<script type=\"application\/ld+json\" class=\"yoast-schema-graph\">{\"@context\":\"https:\\\/\\\/schema.org\",\"@graph\":[{\"@type\":\"WebPage\",\"@id\":\"https:\\\/\\\/www.holtsauto.com\\\/de\\\/produkte\\\/technische-sprays\\\/holts-weisses-lithiumfett\\\/\",\"url\":\"https:\\\/\\\/www.holtsauto.com\\\/de\\\/produkte\\\/technische-sprays\\\/holts-weisses-lithiumfett\\\/\",\"name\":\"Holts Wei\u00dfes Lithiumfett | Produkte | Holts DE\",\"isPartOf\":{\"@id\":\"https:\\\/\\\/www.holtsauto.com\\\/de\\\/#website\"},\"primaryImageOfPage\":{\"@id\":\"https:\\\/\\\/www.holtsauto.com\\\/de\\\/produkte\\\/technische-sprays\\\/holts-weisses-lithiumfett\\\/#primaryimage\"},\"image\":{\"@id\":\"https:\\\/\\\/www.holtsauto.com\\\/de\\\/produkte\\\/technische-sprays\\\/holts-weisses-lithiumfett\\\/#primaryimage\"},\"thumbnailUrl\":\"https:\\\/\\\/www.holtsauto.com\\\/wp-content\\\/uploads\\\/2024\\\/08\\\/HMTN0017A_Holts-Pro-White-Grease-500ml-Web.png\",\"datePublished\":\"2024-06-17T14:10:21+00:00\",\"dateModified\":\"2025-07-30T13:04:30+00:00\",\"breadcrumb\":{\"@id\":\"https:\\\/\\\/www.holtsauto.com\\\/de\\\/produkte\\\/technische-sprays\\\/holts-weisses-lithiumfett\\\/#breadcrumb\"},\"inLanguage\":\"de-DE\",\"potentialAction\":[{\"@type\":\"ReadAction\",\"target\":[\"https:\\\/\\\/www.holtsauto.com\\\/de\\\/produkte\\\/technische-sprays\\\/holts-weisses-lithiumfett\\\/\"]}]},{\"@type\":\"ImageObject\",\"inLanguage\":\"de-DE\",\"@id\":\"https:\\\/\\\/www.holtsauto.com\\\/de\\\/produkte\\\/technische-sprays\\\/holts-weisses-lithiumfett\\\/#primaryimage\",\"url\":\"https:\\\/\\\/www.holtsauto.com\\\/wp-content\\\/uploads\\\/2024\\\/08\\\/HMTN0017A_Holts-Pro-White-Grease-500ml-Web.png\",\"contentUrl\":\"https:\\\/\\\/www.holtsauto.com\\\/wp-content\\\/uploads\\\/2024\\\/08\\\/HMTN0017A_Holts-Pro-White-Grease-500ml-Web.png\",\"width\":2000,\"height\":2000,\"caption\":\"Holts professional white grease 500ml\"},{\"@type\":\"BreadcrumbList\",\"@id\":\"https:\\\/\\\/www.holtsauto.com\\\/de\\\/produkte\\\/technische-sprays\\\/holts-weisses-lithiumfett\\\/#breadcrumb\",\"itemListElement\":[{\"@type\":\"ListItem\",\"position\":1,\"name\":\"Home\",\"item\":\"https:\\\/\\\/www.holtsauto.com\\\/de\\\/\"},{\"@type\":\"ListItem\",\"position\":2,\"name\":\"Produkte\",\"item\":\"https:\\\/\\\/www.holtsauto.com\\\/de\\\/produkte\\\/\"},{\"@type\":\"ListItem\",\"position\":3,\"name\":\"Holts Wei\u00dfes Lithiumfett\"}]},{\"@type\":\"WebSite\",\"@id\":\"https:\\\/\\\/www.holtsauto.com\\\/de\\\/#website\",\"url\":\"https:\\\/\\\/www.holtsauto.com\\\/de\\\/\",\"name\":\"Holts Auto\",\"description\":\"\",\"potentialAction\":[{\"@type\":\"SearchAction\",\"target\":{\"@type\":\"EntryPoint\",\"urlTemplate\":\"https:\\\/\\\/www.holtsauto.com\\\/de\\\/?s={search_term_string}\"},\"query-input\":{\"@type\":\"PropertyValueSpecification\",\"valueRequired\":true,\"valueName\":\"search_term_string\"}}],\"inLanguage\":\"de-DE\"}]}<\/script>\n<!-- \/ Yoast SEO plugin. -->","yoast_head_json":{"title":"Holts Wei\u00dfes Lithiumfett | Produkte | Holts DE","robots":{"index":"index","follow":"follow","max-snippet":"max-snippet:-1","max-image-preview":"max-image-preview:large","max-video-preview":"max-video-preview:-1"},"canonical":"https:\/\/www.holtsauto.com\/de\/produkte\/technische-sprays\/holts-weisses-lithiumfett\/","og_locale":"de_DE","og_type":"article","og_title":"Holts Wei\u00dfes Lithiumfett | Produkte | Holts DE","og_description":"Holts Wei\u00dfes Lithiumfett schmiert bewegliche Teile und Metall-Metall-Anwendungen.   Schmiert und sch\u00fctzt alle beweglichen Teile  PTFE reduziert die Reibung  Lang anhaltender Schutz vor Korrosion und Verschlei\u00df  Betriebstemperaturen: -20\u00b0C - +140\u00b0C.","og_url":"https:\/\/www.holtsauto.com\/de\/produkte\/technische-sprays\/holts-weisses-lithiumfett\/","og_site_name":"Holts Auto Site","article_modified_time":"2025-07-30T13:04:30+00:00","og_image":[{"width":2000,"height":2000,"url":"https:\/\/www.holtsauto.com\/wp-content\/uploads\/2024\/08\/HMTN0017A_Holts-Pro-White-Grease-500ml-Web.png","type":"image\/png"}],"twitter_card":"summary_large_image","twitter_misc":{"Gesch\u00e4tzte Lesezeit":"1 Minute"},"schema":{"@context":"https:\/\/schema.org","@graph":[{"@type":"WebPage","@id":"https:\/\/www.holtsauto.com\/de\/produkte\/technische-sprays\/holts-weisses-lithiumfett\/","url":"https:\/\/www.holtsauto.com\/de\/produkte\/technische-sprays\/holts-weisses-lithiumfett\/","name":"Holts Wei\u00dfes Lithiumfett | Produkte | Holts DE","isPartOf":{"@id":"https:\/\/www.holtsauto.com\/de\/#website"},"primaryImageOfPage":{"@id":"https:\/\/www.holtsauto.com\/de\/produkte\/technische-sprays\/holts-weisses-lithiumfett\/#primaryimage"},"image":{"@id":"https:\/\/www.holtsauto.com\/de\/produkte\/technische-sprays\/holts-weisses-lithiumfett\/#primaryimage"},"thumbnailUrl":"https:\/\/www.holtsauto.com\/wp-content\/uploads\/2024\/08\/HMTN0017A_Holts-Pro-White-Grease-500ml-Web.png","datePublished":"2024-06-17T14:10:21+00:00","dateModified":"2025-07-30T13:04:30+00:00","breadcrumb":{"@id":"https:\/\/www.holtsauto.com\/de\/produkte\/technische-sprays\/holts-weisses-lithiumfett\/#breadcrumb"},"inLanguage":"de-DE","potentialAction":[{"@type":"ReadAction","target":["https:\/\/www.holtsauto.com\/de\/produkte\/technische-sprays\/holts-weisses-lithiumfett\/"]}]},{"@type":"ImageObject","inLanguage":"de-DE","@id":"https:\/\/www.holtsauto.com\/de\/produkte\/technische-sprays\/holts-weisses-lithiumfett\/#primaryimage","url":"https:\/\/www.holtsauto.com\/wp-content\/uploads\/2024\/08\/HMTN0017A_Holts-Pro-White-Grease-500ml-Web.png","contentUrl":"https:\/\/www.holtsauto.com\/wp-content\/uploads\/2024\/08\/HMTN0017A_Holts-Pro-White-Grease-500ml-Web.png","width":2000,"height":2000,"caption":"Holts professional white grease 500ml"},{"@type":"BreadcrumbList","@id":"https:\/\/www.holtsauto.com\/de\/produkte\/technische-sprays\/holts-weisses-lithiumfett\/#breadcrumb","itemListElement":[{"@type":"ListItem","position":1,"name":"Home","item":"https:\/\/www.holtsauto.com\/de\/"},{"@type":"ListItem","position":2,"name":"Produkte","item":"https:\/\/www.holtsauto.com\/de\/produkte\/"},{"@type":"ListItem","position":3,"name":"Holts Wei\u00dfes Lithiumfett"}]},{"@type":"WebSite","@id":"https:\/\/www.holtsauto.com\/de\/#website","url":"https:\/\/www.holtsauto.com\/de\/","name":"Holts Auto","description":"","potentialAction":[{"@type":"SearchAction","target":{"@type":"EntryPoint","urlTemplate":"https:\/\/www.holtsauto.com\/de\/?s={search_term_string}"},"query-input":{"@type":"PropertyValueSpecification","valueRequired":true,"valueName":"search_term_string"}}],"inLanguage":"de-DE"}]}},"_links":{"self":[{"href":"https:\/\/www.holtsauto.com\/de\/wp-json\/wp\/v2\/product\/11120","targetHints":{"allow":["GET"]}}],"collection":[{"href":"https:\/\/www.holtsauto.com\/de\/wp-json\/wp\/v2\/product"}],"about":[{"href":"https:\/\/www.holtsauto.com\/de\/wp-json\/wp\/v2\/types\/product"}],"replies":[{"embeddable":true,"href":"https:\/\/www.holtsauto.com\/de\/wp-json\/wp\/v2\/comments?post=11120"}],"wp:featuredmedia":[{"embeddable":true,"href":"https:\/\/www.holtsauto.com\/de\/wp-json\/wp\/v2\/media\/13550"}],"wp:attachment":[{"href":"https:\/\/www.holtsauto.com\/de\/wp-json\/wp\/v2\/media?parent=11120"}],"wp:term":[{"taxonomy":"product_brand","embeddable":true,"href":"https:\/\/www.holtsauto.com\/de\/wp-json\/wp\/v2\/product_brand?post=11120"},{"taxonomy":"product_cat","embeddable":true,"href":"https:\/\/www.holtsauto.com\/de\/wp-json\/wp\/v2\/product_cat?post=11120"},{"taxonomy":"product_tag","embeddable":true,"href":"https:\/\/www.holtsauto.com\/de\/wp-json\/wp\/v2\/product_tag?post=11120"}],"curies":[{"name":"wp","href":"https:\/\/api.w.org\/{rel}","templated":true}]}}