{"id":11121,"date":"2024-06-17T14:14:01","date_gmt":"2024-06-17T14:14:01","guid":{"rendered":"https:\/\/www.holtsauto.com\/?post_type=product&#038;p=11121"},"modified":"2025-07-30T13:03:51","modified_gmt":"2025-07-30T13:03:51","slug":"holts-kupferfett","status":"publish","type":"product","link":"https:\/\/www.holtsauto.com\/de\/produkte\/technische-sprays\/holts-kupferfett\/","title":{"rendered":"Holts Kupferfett"},"content":{"rendered":"<p><span style=\"font-weight: 400;\">Holts Kupferfett ist speziell formuliert, um das Festfressen von Teilen zu verhindern &#8211; selbst von solchen, die unter extremem Druck arbeiten. Stellen Sie sicher, dass die beweglichen Teile an Ihrem Fahrzeug ausreichend geschmiert sind.<\/span><\/p>\n<p><span style=\"font-weight: 400;\">Holts Professional Copper Grease Spray sch\u00fctzt nicht nur vor Korrosion und verhindert das Festfressen von Teilen, sondern kann auch zwischen Bremss\u00e4tteln und -bel\u00e4gen verwendet werden, um Scheibenquietschen zu verhindern.<\/span><\/p>\n<p><span style=\"font-weight: 400;\">Dieses vielseitige Kupferfett ist die perfekte Erg\u00e4nzung zu Ihrem Werkzeugreparaturset. Es hilft bei der Demontage von Gewindeverbindungen und sch\u00fctzt Metall-auf-Metall- und Gummi-Metall-Komponenten. Zur Verwendung bei Fahrr\u00e4dern, Autos und Motorr\u00e4dern.<\/span><\/p>\n<p><span style=\"font-weight: 400;\">Holts Multi-Purpose Copper Grease wird mit einer Richtungsd\u00fcse geliefert, die eine pr\u00e4zise Anwendung an schwer zug\u00e4nglichen Stellen erm\u00f6glicht. Es funktioniert sogar bei extremen Temperaturen, von -100\u00b0C bis +1100\u00b0C. Ein Schutz, auf den Sie sich verlassen k\u00f6nnen.<\/span><\/p>\n","protected":false},"excerpt":{"rendered":"<p><span style=\"font-weight: 400;\">Holts Kupferfett wurde f\u00fcr den Einsatz bei hohen Temperaturen entwickelt, um ein Festfressen von Teilen zu verhindern.<\/span><\/p>\n<ul>\n<li>Sch\u00fctzt vor Korrosion und verhindert festsitzende Teile<\/li>\n<li>Nicht schmelzendes Hochleistungs-Schmierfett<\/li>\n<li>Verhindert das Quietschen der Bremsscheibe<\/li>\n<li>Betriebstemperaturen -100\u00b0C bis +1100\u00b0C<\/li>\n<\/ul>\n","protected":false},"featured_media":13553,"comment_status":"open","ping_status":"closed","template":"","meta":{"_acf_changed":false,"inline_featured_image":false},"product_brand":[],"product_cat":[388],"product_tag":[],"class_list":{"0":"post-11121","1":"product","2":"type-product","3":"status-publish","4":"has-post-thumbnail","6":"product_cat-technische-sprays","8":"first","9":"instock","10":"shipping-taxable","11":"purchasable","12":"product-type-simple"},"acf":[],"yoast_head":"<!-- This site is optimized with the Yoast SEO plugin v27.3 - https:\/\/yoast.com\/product\/yoast-seo-wordpress\/ -->\n<title>Holts Kupferfett | Produkte | Holts DE<\/title>\n<meta name=\"description\" content=\"Holts Kupferfett ist speziell formuliert, um das Festfressen von Teilen zu verhindern - selbst von solchen, die unter extremem Druck arbeiten.\" \/>\n<meta name=\"robots\" content=\"index, follow, max-snippet:-1, max-image-preview:large, max-video-preview:-1\" \/>\n<link rel=\"canonical\" href=\"https:\/\/www.holtsauto.com\/de\/produkte\/technische-sprays\/holts-kupferfett\/\" \/>\n<meta property=\"og:locale\" content=\"de_DE\" \/>\n<meta property=\"og:type\" content=\"article\" \/>\n<meta property=\"og:title\" content=\"Holts Kupferfett | Produkte | Holts DE\" \/>\n<meta property=\"og:description\" content=\"Holts Kupferfett ist speziell formuliert, um das Festfressen von Teilen zu verhindern - selbst von solchen, die unter extremem Druck arbeiten.\" \/>\n<meta property=\"og:url\" content=\"https:\/\/www.holtsauto.com\/de\/produkte\/technische-sprays\/holts-kupferfett\/\" \/>\n<meta property=\"og:site_name\" content=\"Holts Auto Site\" \/>\n<meta property=\"article:modified_time\" content=\"2025-07-30T13:03:51+00:00\" \/>\n<meta property=\"og:image\" content=\"https:\/\/www.holtsauto.com\/wp-content\/uploads\/2024\/08\/HMTN0018A_Holts-Pro-Copper-Grease-500ml-Web.png\" \/>\n\t<meta property=\"og:image:width\" content=\"2000\" \/>\n\t<meta property=\"og:image:height\" content=\"2000\" \/>\n\t<meta property=\"og:image:type\" content=\"image\/png\" \/>\n<meta name=\"twitter:card\" content=\"summary_large_image\" \/>\n<meta name=\"twitter:label1\" content=\"Gesch\u00e4tzte Lesezeit\" \/>\n\t<meta name=\"twitter:data1\" content=\"1 Minute\" \/>\n<script type=\"application\/ld+json\" class=\"yoast-schema-graph\">{\"@context\":\"https:\\\/\\\/schema.org\",\"@graph\":[{\"@type\":\"WebPage\",\"@id\":\"https:\\\/\\\/www.holtsauto.com\\\/de\\\/produkte\\\/technische-sprays\\\/holts-kupferfett\\\/\",\"url\":\"https:\\\/\\\/www.holtsauto.com\\\/de\\\/produkte\\\/technische-sprays\\\/holts-kupferfett\\\/\",\"name\":\"Holts Kupferfett | Produkte | Holts DE\",\"isPartOf\":{\"@id\":\"https:\\\/\\\/www.holtsauto.com\\\/de\\\/#website\"},\"primaryImageOfPage\":{\"@id\":\"https:\\\/\\\/www.holtsauto.com\\\/de\\\/produkte\\\/technische-sprays\\\/holts-kupferfett\\\/#primaryimage\"},\"image\":{\"@id\":\"https:\\\/\\\/www.holtsauto.com\\\/de\\\/produkte\\\/technische-sprays\\\/holts-kupferfett\\\/#primaryimage\"},\"thumbnailUrl\":\"https:\\\/\\\/www.holtsauto.com\\\/wp-content\\\/uploads\\\/2024\\\/08\\\/HMTN0018A_Holts-Pro-Copper-Grease-500ml-Web.png\",\"datePublished\":\"2024-06-17T14:14:01+00:00\",\"dateModified\":\"2025-07-30T13:03:51+00:00\",\"description\":\"Holts Kupferfett ist speziell formuliert, um das Festfressen von Teilen zu verhindern - selbst von solchen, die unter extremem Druck arbeiten.\",\"breadcrumb\":{\"@id\":\"https:\\\/\\\/www.holtsauto.com\\\/de\\\/produkte\\\/technische-sprays\\\/holts-kupferfett\\\/#breadcrumb\"},\"inLanguage\":\"de-DE\",\"potentialAction\":[{\"@type\":\"ReadAction\",\"target\":[\"https:\\\/\\\/www.holtsauto.com\\\/de\\\/produkte\\\/technische-sprays\\\/holts-kupferfett\\\/\"]}]},{\"@type\":\"ImageObject\",\"inLanguage\":\"de-DE\",\"@id\":\"https:\\\/\\\/www.holtsauto.com\\\/de\\\/produkte\\\/technische-sprays\\\/holts-kupferfett\\\/#primaryimage\",\"url\":\"https:\\\/\\\/www.holtsauto.com\\\/wp-content\\\/uploads\\\/2024\\\/08\\\/HMTN0018A_Holts-Pro-Copper-Grease-500ml-Web.png\",\"contentUrl\":\"https:\\\/\\\/www.holtsauto.com\\\/wp-content\\\/uploads\\\/2024\\\/08\\\/HMTN0018A_Holts-Pro-Copper-Grease-500ml-Web.png\",\"width\":2000,\"height\":2000,\"caption\":\"Holts professional copper grease 500ml\"},{\"@type\":\"BreadcrumbList\",\"@id\":\"https:\\\/\\\/www.holtsauto.com\\\/de\\\/produkte\\\/technische-sprays\\\/holts-kupferfett\\\/#breadcrumb\",\"itemListElement\":[{\"@type\":\"ListItem\",\"position\":1,\"name\":\"Home\",\"item\":\"https:\\\/\\\/www.holtsauto.com\\\/de\\\/\"},{\"@type\":\"ListItem\",\"position\":2,\"name\":\"Produkte\",\"item\":\"https:\\\/\\\/www.holtsauto.com\\\/de\\\/produkte\\\/\"},{\"@type\":\"ListItem\",\"position\":3,\"name\":\"Holts Kupferfett\"}]},{\"@type\":\"WebSite\",\"@id\":\"https:\\\/\\\/www.holtsauto.com\\\/de\\\/#website\",\"url\":\"https:\\\/\\\/www.holtsauto.com\\\/de\\\/\",\"name\":\"Holts Auto\",\"description\":\"\",\"potentialAction\":[{\"@type\":\"SearchAction\",\"target\":{\"@type\":\"EntryPoint\",\"urlTemplate\":\"https:\\\/\\\/www.holtsauto.com\\\/de\\\/?s={search_term_string}\"},\"query-input\":{\"@type\":\"PropertyValueSpecification\",\"valueRequired\":true,\"valueName\":\"search_term_string\"}}],\"inLanguage\":\"de-DE\"}]}<\/script>\n<!-- \/ Yoast SEO plugin. -->","yoast_head_json":{"title":"Holts Kupferfett | Produkte | Holts DE","description":"Holts Kupferfett ist speziell formuliert, um das Festfressen von Teilen zu verhindern - selbst von solchen, die unter extremem Druck arbeiten.","robots":{"index":"index","follow":"follow","max-snippet":"max-snippet:-1","max-image-preview":"max-image-preview:large","max-video-preview":"max-video-preview:-1"},"canonical":"https:\/\/www.holtsauto.com\/de\/produkte\/technische-sprays\/holts-kupferfett\/","og_locale":"de_DE","og_type":"article","og_title":"Holts Kupferfett | Produkte | Holts DE","og_description":"Holts Kupferfett ist speziell formuliert, um das Festfressen von Teilen zu verhindern - selbst von solchen, die unter extremem Druck arbeiten.","og_url":"https:\/\/www.holtsauto.com\/de\/produkte\/technische-sprays\/holts-kupferfett\/","og_site_name":"Holts Auto Site","article_modified_time":"2025-07-30T13:03:51+00:00","og_image":[{"width":2000,"height":2000,"url":"https:\/\/www.holtsauto.com\/wp-content\/uploads\/2024\/08\/HMTN0018A_Holts-Pro-Copper-Grease-500ml-Web.png","type":"image\/png"}],"twitter_card":"summary_large_image","twitter_misc":{"Gesch\u00e4tzte Lesezeit":"1 Minute"},"schema":{"@context":"https:\/\/schema.org","@graph":[{"@type":"WebPage","@id":"https:\/\/www.holtsauto.com\/de\/produkte\/technische-sprays\/holts-kupferfett\/","url":"https:\/\/www.holtsauto.com\/de\/produkte\/technische-sprays\/holts-kupferfett\/","name":"Holts Kupferfett | Produkte | Holts DE","isPartOf":{"@id":"https:\/\/www.holtsauto.com\/de\/#website"},"primaryImageOfPage":{"@id":"https:\/\/www.holtsauto.com\/de\/produkte\/technische-sprays\/holts-kupferfett\/#primaryimage"},"image":{"@id":"https:\/\/www.holtsauto.com\/de\/produkte\/technische-sprays\/holts-kupferfett\/#primaryimage"},"thumbnailUrl":"https:\/\/www.holtsauto.com\/wp-content\/uploads\/2024\/08\/HMTN0018A_Holts-Pro-Copper-Grease-500ml-Web.png","datePublished":"2024-06-17T14:14:01+00:00","dateModified":"2025-07-30T13:03:51+00:00","description":"Holts Kupferfett ist speziell formuliert, um das Festfressen von Teilen zu verhindern - selbst von solchen, die unter extremem Druck arbeiten.","breadcrumb":{"@id":"https:\/\/www.holtsauto.com\/de\/produkte\/technische-sprays\/holts-kupferfett\/#breadcrumb"},"inLanguage":"de-DE","potentialAction":[{"@type":"ReadAction","target":["https:\/\/www.holtsauto.com\/de\/produkte\/technische-sprays\/holts-kupferfett\/"]}]},{"@type":"ImageObject","inLanguage":"de-DE","@id":"https:\/\/www.holtsauto.com\/de\/produkte\/technische-sprays\/holts-kupferfett\/#primaryimage","url":"https:\/\/www.holtsauto.com\/wp-content\/uploads\/2024\/08\/HMTN0018A_Holts-Pro-Copper-Grease-500ml-Web.png","contentUrl":"https:\/\/www.holtsauto.com\/wp-content\/uploads\/2024\/08\/HMTN0018A_Holts-Pro-Copper-Grease-500ml-Web.png","width":2000,"height":2000,"caption":"Holts professional copper grease 500ml"},{"@type":"BreadcrumbList","@id":"https:\/\/www.holtsauto.com\/de\/produkte\/technische-sprays\/holts-kupferfett\/#breadcrumb","itemListElement":[{"@type":"ListItem","position":1,"name":"Home","item":"https:\/\/www.holtsauto.com\/de\/"},{"@type":"ListItem","position":2,"name":"Produkte","item":"https:\/\/www.holtsauto.com\/de\/produkte\/"},{"@type":"ListItem","position":3,"name":"Holts Kupferfett"}]},{"@type":"WebSite","@id":"https:\/\/www.holtsauto.com\/de\/#website","url":"https:\/\/www.holtsauto.com\/de\/","name":"Holts Auto","description":"","potentialAction":[{"@type":"SearchAction","target":{"@type":"EntryPoint","urlTemplate":"https:\/\/www.holtsauto.com\/de\/?s={search_term_string}"},"query-input":{"@type":"PropertyValueSpecification","valueRequired":true,"valueName":"search_term_string"}}],"inLanguage":"de-DE"}]}},"_links":{"self":[{"href":"https:\/\/www.holtsauto.com\/de\/wp-json\/wp\/v2\/product\/11121","targetHints":{"allow":["GET"]}}],"collection":[{"href":"https:\/\/www.holtsauto.com\/de\/wp-json\/wp\/v2\/product"}],"about":[{"href":"https:\/\/www.holtsauto.com\/de\/wp-json\/wp\/v2\/types\/product"}],"replies":[{"embeddable":true,"href":"https:\/\/www.holtsauto.com\/de\/wp-json\/wp\/v2\/comments?post=11121"}],"wp:featuredmedia":[{"embeddable":true,"href":"https:\/\/www.holtsauto.com\/de\/wp-json\/wp\/v2\/media\/13553"}],"wp:attachment":[{"href":"https:\/\/www.holtsauto.com\/de\/wp-json\/wp\/v2\/media?parent=11121"}],"wp:term":[{"taxonomy":"product_brand","embeddable":true,"href":"https:\/\/www.holtsauto.com\/de\/wp-json\/wp\/v2\/product_brand?post=11121"},{"taxonomy":"product_cat","embeddable":true,"href":"https:\/\/www.holtsauto.com\/de\/wp-json\/wp\/v2\/product_cat?post=11121"},{"taxonomy":"product_tag","embeddable":true,"href":"https:\/\/www.holtsauto.com\/de\/wp-json\/wp\/v2\/product_tag?post=11121"}],"curies":[{"name":"wp","href":"https:\/\/api.w.org\/{rel}","templated":true}]}}