{"id":11125,"date":"2023-06-17T14:19:17","date_gmt":"2023-06-17T14:19:17","guid":{"rendered":"https:\/\/www.holtsauto.com\/?post_type=product&#038;p=11125"},"modified":"2024-06-28T08:54:38","modified_gmt":"2024-06-28T08:54:38","slug":"holts-ventilschleifpaste","status":"publish","type":"product","link":"https:\/\/www.holtsauto.com\/de\/produkte\/technische-sprays\/holts-ventilschleifpaste\/","title":{"rendered":"Holts Ventilschleifpaste"},"content":{"rendered":"<p><span style=\"font-weight: 400;\">Bei der Verbrennung von Kraftstoff bilden sich hartn\u00e4ckige Ablagerungen auf den Ventilen, die verhindern k\u00f6nnen, dass sie richtig schlie\u00dfen. Dies wird durch moderne Kraftstoffe, denen es an Schmierung mangelt, noch verschlimmert.<\/span><\/p>\n<p><span style=\"font-weight: 400;\">Wenn die Ablagerungen beginnen, eine gasdichte Abdichtung zwischen Ventil und Sitz zu verhindern, m\u00fcssen die Ventile unter Umst\u00e4nden \u00fcberholt werden, was mit dem Holts Valve Grinding Kit m\u00f6glich ist.<\/span><\/p>\n<p><span style=\"font-weight: 400;\">Die Ventile des Zylinderkopfs regeln die Zufuhr von Kraftstoff\/Luft und den Abtransport der Abgase aus dem Verbrennungsraum Ihres Autos.<\/span><\/p>\n<p><span style=\"font-weight: 400;\">Die Ventile \u00f6ffnen sich zu diesem Zweck, aber es ist entscheidend, dass die Ventile beim Schlie\u00dfen eine gasdichte Dichtung mit den Ventilsitzen bilden.<\/span><\/p>\n<p><span style=\"font-weight: 400;\">Wenn sie nicht dicht schlie\u00dfen, kann es zu einem Kompressionsverlust kommen, was zu einem erheblichen Leistungsverlust f\u00fchrt.<\/span><\/p>\n<p><span style=\"font-weight: 400;\">Das Holts Ventilschleifpaste enth\u00e4lt zwei Qualit\u00e4ten hochwertiger Schleifmittel, um hartn\u00e4ckige Ablagerungen zu entfernen, die Ventile neu zu beschichten und wieder abzudichten.<\/span><\/p>\n<p><span style=\"font-weight: 400;\">Mit dem groben Schleifmittel lassen sich stark verschmutzte Ventile oder entsteinte Ventilsitze mit minimalem Aufwand wieder aufpolieren, w\u00e4hrend das feine Schleifmittel die Ventilsitze schnell poliert.<\/span><\/p>\n<p><span style=\"font-weight: 400;\">Die Verwendung der Schleifmittel mit dem Saugnapf-Stick hilft, die Ventile richtig zu setzen, die Zylinderkompression wiederherzustellen und die Motorleistung und -effizienz zu verbessern.<\/span><\/p>\n","protected":false},"excerpt":{"rendered":"<p><span style=\"font-weight: 400;\">Holts Ventilschleifpaste enth\u00e4lt zwei Sorten hochwertiger Schleifmittel zum Entfernen hartn\u00e4ckiger Ablagerungen und zum erneuten Beschichten und Versiegeln\u201c von Ventilen.<\/span><\/p>\n<ul>\n<li><span style=\"font-weight: 400;\">Einfach zu verwenden<\/span><\/li>\n<li>Professionelle Wiederaufbereitung<\/li>\n<li>Enth\u00e4lt zwei Polierstufen &#8211; eine zum Abschleifen und eine zum Polieren der Oberfl\u00e4che<\/li>\n<\/ul>\n","protected":false},"featured_media":9684,"comment_status":"open","ping_status":"closed","template":"","meta":{"_acf_changed":false,"inline_featured_image":false},"product_brand":[],"product_cat":[],"product_tag":[],"class_list":{"0":"post-11125","1":"product","2":"type-product","3":"status-publish","4":"has-post-thumbnail","7":"first","8":"instock","9":"shipping-taxable","10":"purchasable","11":"product-type-simple"},"acf":[],"yoast_head":"<!-- This site is optimized with the Yoast SEO plugin v27.3 - https:\/\/yoast.com\/product\/yoast-seo-wordpress\/ -->\n<title>Holts Ventilschleifpaste | Holts Auto Site<\/title>\n<meta name=\"description\" content=\"Bei der Verbrennung von Kraftstoff bilden sich hartn\u00e4ckige Ablagerungen auf den Ventilen, die verhindern k\u00f6nnen, dass sie richtig schlie\u00dfen. Dies wird durch moderne Kraftstoffe, denen es an Schmierung mangelt, noch verschlimmert.\" \/>\n<meta name=\"robots\" content=\"index, follow, max-snippet:-1, max-image-preview:large, max-video-preview:-1\" \/>\n<link rel=\"canonical\" href=\"https:\/\/www.holtsauto.com\/de\/produkte\/technische-sprays\/holts-ventilschleifpaste\/\" \/>\n<meta property=\"og:locale\" content=\"de_DE\" \/>\n<meta property=\"og:type\" content=\"article\" \/>\n<meta property=\"og:title\" content=\"Holts Ventilschleifpaste | Holts Auto Site\" \/>\n<meta property=\"og:description\" content=\"Bei der Verbrennung von Kraftstoff bilden sich hartn\u00e4ckige Ablagerungen auf den Ventilen, die verhindern k\u00f6nnen, dass sie richtig schlie\u00dfen. Dies wird durch moderne Kraftstoffe, denen es an Schmierung mangelt, noch verschlimmert.\" \/>\n<meta property=\"og:url\" content=\"https:\/\/www.holtsauto.com\/de\/produkte\/technische-sprays\/holts-ventilschleifpaste\/\" \/>\n<meta property=\"og:site_name\" content=\"Holts Auto Site\" \/>\n<meta property=\"article:modified_time\" content=\"2024-06-28T08:54:38+00:00\" \/>\n<meta property=\"og:image\" content=\"https:\/\/www.holtsauto.com\/wp-content\/uploads\/2024\/06\/VG4RA_Holts-Pro-Valve-Grinding-Kit_WEB.png\" \/>\n\t<meta property=\"og:image:width\" content=\"2000\" \/>\n\t<meta property=\"og:image:height\" content=\"2000\" \/>\n\t<meta property=\"og:image:type\" content=\"image\/png\" \/>\n<meta name=\"twitter:card\" content=\"summary_large_image\" \/>\n<meta name=\"twitter:label1\" content=\"Gesch\u00e4tzte Lesezeit\" \/>\n\t<meta name=\"twitter:data1\" content=\"2 Minuten\" \/>\n<script type=\"application\/ld+json\" class=\"yoast-schema-graph\">{\"@context\":\"https:\\\/\\\/schema.org\",\"@graph\":[{\"@type\":\"WebPage\",\"@id\":\"https:\\\/\\\/www.holtsauto.com\\\/de\\\/produkte\\\/technische-sprays\\\/holts-ventilschleifpaste\\\/\",\"url\":\"https:\\\/\\\/www.holtsauto.com\\\/de\\\/produkte\\\/technische-sprays\\\/holts-ventilschleifpaste\\\/\",\"name\":\"Holts Ventilschleifpaste | Holts Auto Site\",\"isPartOf\":{\"@id\":\"https:\\\/\\\/www.holtsauto.com\\\/de\\\/#website\"},\"primaryImageOfPage\":{\"@id\":\"https:\\\/\\\/www.holtsauto.com\\\/de\\\/produkte\\\/technische-sprays\\\/holts-ventilschleifpaste\\\/#primaryimage\"},\"image\":{\"@id\":\"https:\\\/\\\/www.holtsauto.com\\\/de\\\/produkte\\\/technische-sprays\\\/holts-ventilschleifpaste\\\/#primaryimage\"},\"thumbnailUrl\":\"https:\\\/\\\/www.holtsauto.com\\\/wp-content\\\/uploads\\\/2024\\\/06\\\/VG4RA_Holts-Pro-Valve-Grinding-Kit_WEB.png\",\"datePublished\":\"2023-06-17T14:19:17+00:00\",\"dateModified\":\"2024-06-28T08:54:38+00:00\",\"description\":\"Bei der Verbrennung von Kraftstoff bilden sich hartn\u00e4ckige Ablagerungen auf den Ventilen, die verhindern k\u00f6nnen, dass sie richtig schlie\u00dfen. Dies wird durch moderne Kraftstoffe, denen es an Schmierung mangelt, noch verschlimmert.\",\"breadcrumb\":{\"@id\":\"https:\\\/\\\/www.holtsauto.com\\\/de\\\/produkte\\\/technische-sprays\\\/holts-ventilschleifpaste\\\/#breadcrumb\"},\"inLanguage\":\"de-DE\",\"potentialAction\":[{\"@type\":\"ReadAction\",\"target\":[\"https:\\\/\\\/www.holtsauto.com\\\/de\\\/produkte\\\/technische-sprays\\\/holts-ventilschleifpaste\\\/\"]}]},{\"@type\":\"ImageObject\",\"inLanguage\":\"de-DE\",\"@id\":\"https:\\\/\\\/www.holtsauto.com\\\/de\\\/produkte\\\/technische-sprays\\\/holts-ventilschleifpaste\\\/#primaryimage\",\"url\":\"https:\\\/\\\/www.holtsauto.com\\\/wp-content\\\/uploads\\\/2024\\\/06\\\/VG4RA_Holts-Pro-Valve-Grinding-Kit_WEB.png\",\"contentUrl\":\"https:\\\/\\\/www.holtsauto.com\\\/wp-content\\\/uploads\\\/2024\\\/06\\\/VG4RA_Holts-Pro-Valve-Grinding-Kit_WEB.png\",\"width\":2000,\"height\":2000},{\"@type\":\"BreadcrumbList\",\"@id\":\"https:\\\/\\\/www.holtsauto.com\\\/de\\\/produkte\\\/technische-sprays\\\/holts-ventilschleifpaste\\\/#breadcrumb\",\"itemListElement\":[{\"@type\":\"ListItem\",\"position\":1,\"name\":\"Home\",\"item\":\"https:\\\/\\\/www.holtsauto.com\\\/de\\\/\"},{\"@type\":\"ListItem\",\"position\":2,\"name\":\"Produkte\",\"item\":\"https:\\\/\\\/www.holtsauto.com\\\/de\\\/produkte\\\/\"},{\"@type\":\"ListItem\",\"position\":3,\"name\":\"Holts Ventilschleifpaste\"}]},{\"@type\":\"WebSite\",\"@id\":\"https:\\\/\\\/www.holtsauto.com\\\/de\\\/#website\",\"url\":\"https:\\\/\\\/www.holtsauto.com\\\/de\\\/\",\"name\":\"Holts Auto\",\"description\":\"\",\"potentialAction\":[{\"@type\":\"SearchAction\",\"target\":{\"@type\":\"EntryPoint\",\"urlTemplate\":\"https:\\\/\\\/www.holtsauto.com\\\/de\\\/?s={search_term_string}\"},\"query-input\":{\"@type\":\"PropertyValueSpecification\",\"valueRequired\":true,\"valueName\":\"search_term_string\"}}],\"inLanguage\":\"de-DE\"}]}<\/script>\n<!-- \/ Yoast SEO plugin. -->","yoast_head_json":{"title":"Holts Ventilschleifpaste | Holts Auto Site","description":"Bei der Verbrennung von Kraftstoff bilden sich hartn\u00e4ckige Ablagerungen auf den Ventilen, die verhindern k\u00f6nnen, dass sie richtig schlie\u00dfen. Dies wird durch moderne Kraftstoffe, denen es an Schmierung mangelt, noch verschlimmert.","robots":{"index":"index","follow":"follow","max-snippet":"max-snippet:-1","max-image-preview":"max-image-preview:large","max-video-preview":"max-video-preview:-1"},"canonical":"https:\/\/www.holtsauto.com\/de\/produkte\/technische-sprays\/holts-ventilschleifpaste\/","og_locale":"de_DE","og_type":"article","og_title":"Holts Ventilschleifpaste | Holts Auto Site","og_description":"Bei der Verbrennung von Kraftstoff bilden sich hartn\u00e4ckige Ablagerungen auf den Ventilen, die verhindern k\u00f6nnen, dass sie richtig schlie\u00dfen. Dies wird durch moderne Kraftstoffe, denen es an Schmierung mangelt, noch verschlimmert.","og_url":"https:\/\/www.holtsauto.com\/de\/produkte\/technische-sprays\/holts-ventilschleifpaste\/","og_site_name":"Holts Auto Site","article_modified_time":"2024-06-28T08:54:38+00:00","og_image":[{"width":2000,"height":2000,"url":"https:\/\/www.holtsauto.com\/wp-content\/uploads\/2024\/06\/VG4RA_Holts-Pro-Valve-Grinding-Kit_WEB.png","type":"image\/png"}],"twitter_card":"summary_large_image","twitter_misc":{"Gesch\u00e4tzte Lesezeit":"2 Minuten"},"schema":{"@context":"https:\/\/schema.org","@graph":[{"@type":"WebPage","@id":"https:\/\/www.holtsauto.com\/de\/produkte\/technische-sprays\/holts-ventilschleifpaste\/","url":"https:\/\/www.holtsauto.com\/de\/produkte\/technische-sprays\/holts-ventilschleifpaste\/","name":"Holts Ventilschleifpaste | Holts Auto Site","isPartOf":{"@id":"https:\/\/www.holtsauto.com\/de\/#website"},"primaryImageOfPage":{"@id":"https:\/\/www.holtsauto.com\/de\/produkte\/technische-sprays\/holts-ventilschleifpaste\/#primaryimage"},"image":{"@id":"https:\/\/www.holtsauto.com\/de\/produkte\/technische-sprays\/holts-ventilschleifpaste\/#primaryimage"},"thumbnailUrl":"https:\/\/www.holtsauto.com\/wp-content\/uploads\/2024\/06\/VG4RA_Holts-Pro-Valve-Grinding-Kit_WEB.png","datePublished":"2023-06-17T14:19:17+00:00","dateModified":"2024-06-28T08:54:38+00:00","description":"Bei der Verbrennung von Kraftstoff bilden sich hartn\u00e4ckige Ablagerungen auf den Ventilen, die verhindern k\u00f6nnen, dass sie richtig schlie\u00dfen. Dies wird durch moderne Kraftstoffe, denen es an Schmierung mangelt, noch verschlimmert.","breadcrumb":{"@id":"https:\/\/www.holtsauto.com\/de\/produkte\/technische-sprays\/holts-ventilschleifpaste\/#breadcrumb"},"inLanguage":"de-DE","potentialAction":[{"@type":"ReadAction","target":["https:\/\/www.holtsauto.com\/de\/produkte\/technische-sprays\/holts-ventilschleifpaste\/"]}]},{"@type":"ImageObject","inLanguage":"de-DE","@id":"https:\/\/www.holtsauto.com\/de\/produkte\/technische-sprays\/holts-ventilschleifpaste\/#primaryimage","url":"https:\/\/www.holtsauto.com\/wp-content\/uploads\/2024\/06\/VG4RA_Holts-Pro-Valve-Grinding-Kit_WEB.png","contentUrl":"https:\/\/www.holtsauto.com\/wp-content\/uploads\/2024\/06\/VG4RA_Holts-Pro-Valve-Grinding-Kit_WEB.png","width":2000,"height":2000},{"@type":"BreadcrumbList","@id":"https:\/\/www.holtsauto.com\/de\/produkte\/technische-sprays\/holts-ventilschleifpaste\/#breadcrumb","itemListElement":[{"@type":"ListItem","position":1,"name":"Home","item":"https:\/\/www.holtsauto.com\/de\/"},{"@type":"ListItem","position":2,"name":"Produkte","item":"https:\/\/www.holtsauto.com\/de\/produkte\/"},{"@type":"ListItem","position":3,"name":"Holts Ventilschleifpaste"}]},{"@type":"WebSite","@id":"https:\/\/www.holtsauto.com\/de\/#website","url":"https:\/\/www.holtsauto.com\/de\/","name":"Holts Auto","description":"","potentialAction":[{"@type":"SearchAction","target":{"@type":"EntryPoint","urlTemplate":"https:\/\/www.holtsauto.com\/de\/?s={search_term_string}"},"query-input":{"@type":"PropertyValueSpecification","valueRequired":true,"valueName":"search_term_string"}}],"inLanguage":"de-DE"}]}},"_links":{"self":[{"href":"https:\/\/www.holtsauto.com\/de\/wp-json\/wp\/v2\/product\/11125","targetHints":{"allow":["GET"]}}],"collection":[{"href":"https:\/\/www.holtsauto.com\/de\/wp-json\/wp\/v2\/product"}],"about":[{"href":"https:\/\/www.holtsauto.com\/de\/wp-json\/wp\/v2\/types\/product"}],"replies":[{"embeddable":true,"href":"https:\/\/www.holtsauto.com\/de\/wp-json\/wp\/v2\/comments?post=11125"}],"wp:featuredmedia":[{"embeddable":true,"href":"https:\/\/www.holtsauto.com\/de\/wp-json\/wp\/v2\/media\/9684"}],"wp:attachment":[{"href":"https:\/\/www.holtsauto.com\/de\/wp-json\/wp\/v2\/media?parent=11125"}],"wp:term":[{"taxonomy":"product_brand","embeddable":true,"href":"https:\/\/www.holtsauto.com\/de\/wp-json\/wp\/v2\/product_brand?post=11125"},{"taxonomy":"product_cat","embeddable":true,"href":"https:\/\/www.holtsauto.com\/de\/wp-json\/wp\/v2\/product_cat?post=11125"},{"taxonomy":"product_tag","embeddable":true,"href":"https:\/\/www.holtsauto.com\/de\/wp-json\/wp\/v2\/product_tag?post=11125"}],"curies":[{"name":"wp","href":"https:\/\/api.w.org\/{rel}","templated":true}]}}