{"id":11131,"date":"2024-06-17T14:22:57","date_gmt":"2024-06-17T14:22:57","guid":{"rendered":"https:\/\/www.holtsauto.com\/?post_type=product&#038;p=11131"},"modified":"2025-07-30T13:02:47","modified_gmt":"2025-07-30T13:02:47","slug":"holts-motorreiniger","status":"publish","type":"product","link":"https:\/\/www.holtsauto.com\/de\/produkte\/technische-sprays\/holts-motorreiniger\/","title":{"rendered":"Holts Motorreiniger"},"content":{"rendered":"<p><span style=\"font-weight: 400;\">Holts Motorreiniger kann zum sicheren Reinigen und Entfernen von Schmutz, Fett und \u00d6l von Oberfl\u00e4chen wie Werkzeugen, Maschinen, Fahrzeugteilen, lackierten B\u00f6den und Pinseln verwendet werden. <\/span><\/p>\n<p><span style=\"font-weight: 400;\">Die leistungsstarke Formel entfernt keine Farbe, besch\u00e4digt keine anderen Oberfl\u00e4chen und l\u00e4sst sich nicht absp\u00fclen, um eine saubere Oberfl\u00e4che zu erhalten.<\/span><\/p>\n","protected":false},"excerpt":{"rendered":"<p><span style=\"font-weight: 400;\">Holts Motorreiniger kann zum sicheren Reinigen und Entfernen von Schmutz, Fett und \u00d6l von einer Vielzahl von Oberfl\u00e4chen verwendet werden.<\/span><\/p>\n<ul>\n<li><span style=\"font-weight: 400;\">Kraftvolles L\u00f6sungsmittel, entfernt schnell \u00d6l, Fett, Teer und Schlamm<\/span><\/li>\n<li><span style=\"font-weight: 400;\"> Entfettet: Metall, Kunststoffe und andere harte Oberfl\u00e4chen<\/span><\/li>\n<li><span style=\"font-weight: 400;\"> Verschwindet nach dem Absp\u00fclen mit Wasser vollst\u00e4ndig<\/span><\/li>\n<li><span style=\"font-weight: 400;\"> Vielseitig einsetzbar: Motoren, Maschinen, B\u00fcrsten, lackierte Werkstattb\u00f6den.<\/span><\/li>\n<\/ul>\n","protected":false},"featured_media":13568,"comment_status":"open","ping_status":"closed","template":"","meta":{"_acf_changed":false,"inline_featured_image":false},"product_brand":[],"product_cat":[388],"product_tag":[],"class_list":{"0":"post-11131","1":"product","2":"type-product","3":"status-publish","4":"has-post-thumbnail","6":"product_cat-technische-sprays","8":"first","9":"instock","10":"shipping-taxable","11":"purchasable","12":"product-type-simple"},"acf":[],"yoast_head":"<!-- This site is optimized with the Yoast SEO plugin v27.3 - https:\/\/yoast.com\/product\/yoast-seo-wordpress\/ -->\n<title>Motorreiniger | Produkte | Holts DE<\/title>\n<meta name=\"description\" content=\"Holts Motorreiniger kann zum sicheren Reinigen und Entfernen von Schmutz, Fett und \u00d6l von Oberfl\u00e4chen wie Werkzeugen, Maschinen, Fahrzeugteilen, lackierten B\u00f6den und Pinseln verwendet werden.\" \/>\n<meta name=\"robots\" content=\"index, follow, max-snippet:-1, max-image-preview:large, max-video-preview:-1\" \/>\n<link rel=\"canonical\" href=\"https:\/\/www.holtsauto.com\/de\/produkte\/technische-sprays\/holts-motorreiniger\/\" \/>\n<meta property=\"og:locale\" content=\"de_DE\" \/>\n<meta property=\"og:type\" content=\"article\" \/>\n<meta property=\"og:title\" content=\"Motorreiniger | Produkte | Holts DE\" \/>\n<meta property=\"og:description\" content=\"Holts Motorreiniger kann zum sicheren Reinigen und Entfernen von Schmutz, Fett und \u00d6l von Oberfl\u00e4chen wie Werkzeugen, Maschinen, Fahrzeugteilen, lackierten B\u00f6den und Pinseln verwendet werden.\" \/>\n<meta property=\"og:url\" content=\"https:\/\/www.holtsauto.com\/de\/produkte\/technische-sprays\/holts-motorreiniger\/\" \/>\n<meta property=\"og:site_name\" content=\"Holts Auto Site\" \/>\n<meta property=\"article:modified_time\" content=\"2025-07-30T13:02:47+00:00\" \/>\n<meta property=\"og:image\" content=\"https:\/\/www.holtsauto.com\/wp-content\/uploads\/2024\/08\/HMTN0701A_Holts-Pro-Degreaser-500ml-Web.png\" \/>\n\t<meta property=\"og:image:width\" content=\"2000\" \/>\n\t<meta property=\"og:image:height\" content=\"2000\" \/>\n\t<meta property=\"og:image:type\" content=\"image\/png\" \/>\n<meta name=\"twitter:card\" content=\"summary_large_image\" \/>\n<meta name=\"twitter:label1\" content=\"Gesch\u00e4tzte Lesezeit\" \/>\n\t<meta name=\"twitter:data1\" content=\"1 Minute\" \/>\n<script type=\"application\/ld+json\" class=\"yoast-schema-graph\">{\"@context\":\"https:\\\/\\\/schema.org\",\"@graph\":[{\"@type\":\"WebPage\",\"@id\":\"https:\\\/\\\/www.holtsauto.com\\\/de\\\/produkte\\\/technische-sprays\\\/holts-motorreiniger\\\/\",\"url\":\"https:\\\/\\\/www.holtsauto.com\\\/de\\\/produkte\\\/technische-sprays\\\/holts-motorreiniger\\\/\",\"name\":\"Motorreiniger | Produkte | Holts DE\",\"isPartOf\":{\"@id\":\"https:\\\/\\\/www.holtsauto.com\\\/de\\\/#website\"},\"primaryImageOfPage\":{\"@id\":\"https:\\\/\\\/www.holtsauto.com\\\/de\\\/produkte\\\/technische-sprays\\\/holts-motorreiniger\\\/#primaryimage\"},\"image\":{\"@id\":\"https:\\\/\\\/www.holtsauto.com\\\/de\\\/produkte\\\/technische-sprays\\\/holts-motorreiniger\\\/#primaryimage\"},\"thumbnailUrl\":\"https:\\\/\\\/www.holtsauto.com\\\/wp-content\\\/uploads\\\/2024\\\/08\\\/HMTN0701A_Holts-Pro-Degreaser-500ml-Web.png\",\"datePublished\":\"2024-06-17T14:22:57+00:00\",\"dateModified\":\"2025-07-30T13:02:47+00:00\",\"description\":\"Holts Motorreiniger kann zum sicheren Reinigen und Entfernen von Schmutz, Fett und \u00d6l von Oberfl\u00e4chen wie Werkzeugen, Maschinen, Fahrzeugteilen, lackierten B\u00f6den und Pinseln verwendet werden.\",\"breadcrumb\":{\"@id\":\"https:\\\/\\\/www.holtsauto.com\\\/de\\\/produkte\\\/technische-sprays\\\/holts-motorreiniger\\\/#breadcrumb\"},\"inLanguage\":\"de-DE\",\"potentialAction\":[{\"@type\":\"ReadAction\",\"target\":[\"https:\\\/\\\/www.holtsauto.com\\\/de\\\/produkte\\\/technische-sprays\\\/holts-motorreiniger\\\/\"]}]},{\"@type\":\"ImageObject\",\"inLanguage\":\"de-DE\",\"@id\":\"https:\\\/\\\/www.holtsauto.com\\\/de\\\/produkte\\\/technische-sprays\\\/holts-motorreiniger\\\/#primaryimage\",\"url\":\"https:\\\/\\\/www.holtsauto.com\\\/wp-content\\\/uploads\\\/2024\\\/08\\\/HMTN0701A_Holts-Pro-Degreaser-500ml-Web.png\",\"contentUrl\":\"https:\\\/\\\/www.holtsauto.com\\\/wp-content\\\/uploads\\\/2024\\\/08\\\/HMTN0701A_Holts-Pro-Degreaser-500ml-Web.png\",\"width\":2000,\"height\":2000,\"caption\":\"Holts Degreaser 500ml\"},{\"@type\":\"BreadcrumbList\",\"@id\":\"https:\\\/\\\/www.holtsauto.com\\\/de\\\/produkte\\\/technische-sprays\\\/holts-motorreiniger\\\/#breadcrumb\",\"itemListElement\":[{\"@type\":\"ListItem\",\"position\":1,\"name\":\"Home\",\"item\":\"https:\\\/\\\/www.holtsauto.com\\\/de\\\/\"},{\"@type\":\"ListItem\",\"position\":2,\"name\":\"Produkte\",\"item\":\"https:\\\/\\\/www.holtsauto.com\\\/de\\\/produkte\\\/\"},{\"@type\":\"ListItem\",\"position\":3,\"name\":\"Holts Motorreiniger\"}]},{\"@type\":\"WebSite\",\"@id\":\"https:\\\/\\\/www.holtsauto.com\\\/de\\\/#website\",\"url\":\"https:\\\/\\\/www.holtsauto.com\\\/de\\\/\",\"name\":\"Holts Auto\",\"description\":\"\",\"potentialAction\":[{\"@type\":\"SearchAction\",\"target\":{\"@type\":\"EntryPoint\",\"urlTemplate\":\"https:\\\/\\\/www.holtsauto.com\\\/de\\\/?s={search_term_string}\"},\"query-input\":{\"@type\":\"PropertyValueSpecification\",\"valueRequired\":true,\"valueName\":\"search_term_string\"}}],\"inLanguage\":\"de-DE\"}]}<\/script>\n<!-- \/ Yoast SEO plugin. -->","yoast_head_json":{"title":"Motorreiniger | Produkte | Holts DE","description":"Holts Motorreiniger kann zum sicheren Reinigen und Entfernen von Schmutz, Fett und \u00d6l von Oberfl\u00e4chen wie Werkzeugen, Maschinen, Fahrzeugteilen, lackierten B\u00f6den und Pinseln verwendet werden.","robots":{"index":"index","follow":"follow","max-snippet":"max-snippet:-1","max-image-preview":"max-image-preview:large","max-video-preview":"max-video-preview:-1"},"canonical":"https:\/\/www.holtsauto.com\/de\/produkte\/technische-sprays\/holts-motorreiniger\/","og_locale":"de_DE","og_type":"article","og_title":"Motorreiniger | Produkte | Holts DE","og_description":"Holts Motorreiniger kann zum sicheren Reinigen und Entfernen von Schmutz, Fett und \u00d6l von Oberfl\u00e4chen wie Werkzeugen, Maschinen, Fahrzeugteilen, lackierten B\u00f6den und Pinseln verwendet werden.","og_url":"https:\/\/www.holtsauto.com\/de\/produkte\/technische-sprays\/holts-motorreiniger\/","og_site_name":"Holts Auto Site","article_modified_time":"2025-07-30T13:02:47+00:00","og_image":[{"width":2000,"height":2000,"url":"https:\/\/www.holtsauto.com\/wp-content\/uploads\/2024\/08\/HMTN0701A_Holts-Pro-Degreaser-500ml-Web.png","type":"image\/png"}],"twitter_card":"summary_large_image","twitter_misc":{"Gesch\u00e4tzte Lesezeit":"1 Minute"},"schema":{"@context":"https:\/\/schema.org","@graph":[{"@type":"WebPage","@id":"https:\/\/www.holtsauto.com\/de\/produkte\/technische-sprays\/holts-motorreiniger\/","url":"https:\/\/www.holtsauto.com\/de\/produkte\/technische-sprays\/holts-motorreiniger\/","name":"Motorreiniger | Produkte | Holts DE","isPartOf":{"@id":"https:\/\/www.holtsauto.com\/de\/#website"},"primaryImageOfPage":{"@id":"https:\/\/www.holtsauto.com\/de\/produkte\/technische-sprays\/holts-motorreiniger\/#primaryimage"},"image":{"@id":"https:\/\/www.holtsauto.com\/de\/produkte\/technische-sprays\/holts-motorreiniger\/#primaryimage"},"thumbnailUrl":"https:\/\/www.holtsauto.com\/wp-content\/uploads\/2024\/08\/HMTN0701A_Holts-Pro-Degreaser-500ml-Web.png","datePublished":"2024-06-17T14:22:57+00:00","dateModified":"2025-07-30T13:02:47+00:00","description":"Holts Motorreiniger kann zum sicheren Reinigen und Entfernen von Schmutz, Fett und \u00d6l von Oberfl\u00e4chen wie Werkzeugen, Maschinen, Fahrzeugteilen, lackierten B\u00f6den und Pinseln verwendet werden.","breadcrumb":{"@id":"https:\/\/www.holtsauto.com\/de\/produkte\/technische-sprays\/holts-motorreiniger\/#breadcrumb"},"inLanguage":"de-DE","potentialAction":[{"@type":"ReadAction","target":["https:\/\/www.holtsauto.com\/de\/produkte\/technische-sprays\/holts-motorreiniger\/"]}]},{"@type":"ImageObject","inLanguage":"de-DE","@id":"https:\/\/www.holtsauto.com\/de\/produkte\/technische-sprays\/holts-motorreiniger\/#primaryimage","url":"https:\/\/www.holtsauto.com\/wp-content\/uploads\/2024\/08\/HMTN0701A_Holts-Pro-Degreaser-500ml-Web.png","contentUrl":"https:\/\/www.holtsauto.com\/wp-content\/uploads\/2024\/08\/HMTN0701A_Holts-Pro-Degreaser-500ml-Web.png","width":2000,"height":2000,"caption":"Holts Degreaser 500ml"},{"@type":"BreadcrumbList","@id":"https:\/\/www.holtsauto.com\/de\/produkte\/technische-sprays\/holts-motorreiniger\/#breadcrumb","itemListElement":[{"@type":"ListItem","position":1,"name":"Home","item":"https:\/\/www.holtsauto.com\/de\/"},{"@type":"ListItem","position":2,"name":"Produkte","item":"https:\/\/www.holtsauto.com\/de\/produkte\/"},{"@type":"ListItem","position":3,"name":"Holts Motorreiniger"}]},{"@type":"WebSite","@id":"https:\/\/www.holtsauto.com\/de\/#website","url":"https:\/\/www.holtsauto.com\/de\/","name":"Holts Auto","description":"","potentialAction":[{"@type":"SearchAction","target":{"@type":"EntryPoint","urlTemplate":"https:\/\/www.holtsauto.com\/de\/?s={search_term_string}"},"query-input":{"@type":"PropertyValueSpecification","valueRequired":true,"valueName":"search_term_string"}}],"inLanguage":"de-DE"}]}},"_links":{"self":[{"href":"https:\/\/www.holtsauto.com\/de\/wp-json\/wp\/v2\/product\/11131","targetHints":{"allow":["GET"]}}],"collection":[{"href":"https:\/\/www.holtsauto.com\/de\/wp-json\/wp\/v2\/product"}],"about":[{"href":"https:\/\/www.holtsauto.com\/de\/wp-json\/wp\/v2\/types\/product"}],"replies":[{"embeddable":true,"href":"https:\/\/www.holtsauto.com\/de\/wp-json\/wp\/v2\/comments?post=11131"}],"wp:featuredmedia":[{"embeddable":true,"href":"https:\/\/www.holtsauto.com\/de\/wp-json\/wp\/v2\/media\/13568"}],"wp:attachment":[{"href":"https:\/\/www.holtsauto.com\/de\/wp-json\/wp\/v2\/media?parent=11131"}],"wp:term":[{"taxonomy":"product_brand","embeddable":true,"href":"https:\/\/www.holtsauto.com\/de\/wp-json\/wp\/v2\/product_brand?post=11131"},{"taxonomy":"product_cat","embeddable":true,"href":"https:\/\/www.holtsauto.com\/de\/wp-json\/wp\/v2\/product_cat?post=11131"},{"taxonomy":"product_tag","embeddable":true,"href":"https:\/\/www.holtsauto.com\/de\/wp-json\/wp\/v2\/product_tag?post=11131"}],"curies":[{"name":"wp","href":"https:\/\/api.w.org\/{rel}","templated":true}]}}