{"id":443,"date":"2017-07-26T11:42:21","date_gmt":"2017-07-26T11:42:21","guid":{"rendered":"https:\/\/www.holtsauto.com\/de\/?post_type=product&#038;p=443"},"modified":"2025-02-06T11:32:13","modified_gmt":"2025-02-06T11:32:13","slug":"firegum-paste","status":"publish","type":"product","link":"https:\/\/www.holtsauto.com\/de\/produkte\/auspuff-reparatur\/firegum-paste\/","title":{"rendered":"Firegum Montage-Paste"},"content":{"rendered":"<p><span style=\"font-weight: 400;\">Holts Firegum bietet eine dauerhafte, gasdichte Versiegelung, die Ihnen eine dauerhafte Reparatur erm\u00f6glicht.<\/span><\/p>\n<p><span style=\"font-weight: 400;\">M\u00fcssen Sie einen Teil oder die gesamte Abgasanlage austauschen? W\u00e4hrend Sie Ihr Auto in eine Werkstatt bringen k\u00f6nnten, k\u00f6nnen Sie den Austausch von Auspuffkomponenten mit den richtigen Werkzeugen und Kenntnissen zu Hause durchf\u00fchren \u2013 und das ist viel g\u00fcnstiger als eine professionelle Reparatur.<\/span><\/p>\n<p><span style=\"font-weight: 400;\">Wenn Sie einen neuen Auspuff zusammenbauen oder Ersatzteile zu einem bestehenden System hinzuf\u00fcgen, ben\u00f6tigen Sie einen Klebstoff, der einen hervorragenden Hitze- und Vibrationsschutz bietet.<\/span><\/p>\n<p><span style=\"font-weight: 400;\">Firegum ist einfach anzuwenden und kann f\u00fcr eine Reihe von Abgasreparaturarbeiten verwendet werden. Ganz gleich, ob Sie ein altes System wieder abdichten oder eine neue Baugruppe von Grund auf aufbauen; Sie erhalten fantastische Ergebnisse, auf die Sie sich verlassen k\u00f6nnen.<\/span><\/p>\n<p><span style=\"font-weight: 400;\">F\u00fcr den professionellen Einsatz und gr\u00f6\u00dfere Arbeiten ist Firegum auch als Holts Exhaust Assembly Paste erh\u00e4ltlich.<\/span><\/p>\n<p><span style=\"font-weight: 400;\">Holts Firegum wird in einer praktischen Tube geliefert und l\u00e4sst sich leicht auf Ihre Auspuffanlage auftragen. Verwenden Sie es einfach an allen Verbindungen der Abgasanlage oder \u00fcberall dort, wo Sie eine lockere Verbindung haben, und Sie erhalten eine starke, dauerhafte Dichtung, die Vibrationen widersteht, vor Hitze sch\u00fctzt und dabei hilft, Klapperger\u00e4usche und andere Ger\u00e4usche zu reduzieren, die durch lose Abgase entstehen k\u00f6nnen Komponenten.<\/span><\/p>\n","protected":false},"excerpt":{"rendered":"<p><span style=\"font-weight: 400;\">Holts Firegum ist eine Auspuff-Montagepaste, die speziell f\u00fcr gasdichte Dichtungen an Verbindungen entwickelt wurde, bei denen der Sitz schlecht ist oder die Dichtung versagt hat.<\/span><\/p>\n<ul>\n<li>Widersteht Vibrationen<\/li>\n<li>Dauerhafte Versiegelung garantiert<\/li>\n<li>Schnell und einfach zu verwenden<\/li>\n<\/ul>\n","protected":false},"featured_media":11438,"comment_status":"closed","ping_status":"closed","template":"","meta":{"_acf_changed":false,"inline_featured_image":false},"product_brand":[],"product_cat":[383],"product_tag":[],"class_list":{"0":"post-443","1":"product","2":"type-product","3":"status-publish","4":"has-post-thumbnail","6":"product_cat-auspuff-reparatur","8":"first","9":"instock","10":"shipping-taxable","11":"purchasable","12":"product-type-simple"},"acf":[],"yoast_head":"<!-- This site is optimized with the Yoast SEO plugin v27.3 - https:\/\/yoast.com\/product\/yoast-seo-wordpress\/ -->\n<title>Firegum Montage-Paste | Produkte | Holts DE<\/title>\n<meta name=\"description\" content=\"Holts Firegum bietet eine dauerhafte, gasdichte Versiegelung, die Ihnen eine dauerhafte Reparatur erm\u00f6glicht.\" \/>\n<meta name=\"robots\" content=\"index, follow, max-snippet:-1, max-image-preview:large, max-video-preview:-1\" \/>\n<link rel=\"canonical\" href=\"https:\/\/www.holtsauto.com\/de\/produkte\/auspuff-reparatur\/firegum-paste\/\" \/>\n<meta property=\"og:locale\" content=\"de_DE\" \/>\n<meta property=\"og:type\" content=\"article\" \/>\n<meta property=\"og:title\" content=\"Firegum Montage-Paste | Produkte | Holts DE\" \/>\n<meta property=\"og:description\" content=\"Holts Firegum bietet eine dauerhafte, gasdichte Versiegelung, die Ihnen eine dauerhafte Reparatur erm\u00f6glicht.\" \/>\n<meta property=\"og:url\" content=\"https:\/\/www.holtsauto.com\/de\/produkte\/auspuff-reparatur\/firegum-paste\/\" \/>\n<meta property=\"og:site_name\" content=\"Holts Auto Site\" \/>\n<meta property=\"article:modified_time\" content=\"2025-02-06T11:32:13+00:00\" \/>\n<meta property=\"og:image\" content=\"https:\/\/www.holtsauto.com\/wp-content\/uploads\/2017\/07\/firegum.png\" \/>\n\t<meta property=\"og:image:width\" content=\"2000\" \/>\n\t<meta property=\"og:image:height\" content=\"2000\" \/>\n\t<meta property=\"og:image:type\" content=\"image\/png\" \/>\n<meta name=\"twitter:card\" content=\"summary_large_image\" \/>\n<meta name=\"twitter:label1\" content=\"Gesch\u00e4tzte Lesezeit\" \/>\n\t<meta name=\"twitter:data1\" content=\"2 Minuten\" \/>\n<script type=\"application\/ld+json\" class=\"yoast-schema-graph\">{\"@context\":\"https:\\\/\\\/schema.org\",\"@graph\":[{\"@type\":\"WebPage\",\"@id\":\"https:\\\/\\\/www.holtsauto.com\\\/de\\\/produkte\\\/auspuff-reparatur\\\/firegum-paste\\\/\",\"url\":\"https:\\\/\\\/www.holtsauto.com\\\/de\\\/produkte\\\/auspuff-reparatur\\\/firegum-paste\\\/\",\"name\":\"Firegum Montage-Paste | Produkte | Holts DE\",\"isPartOf\":{\"@id\":\"https:\\\/\\\/www.holtsauto.com\\\/de\\\/#website\"},\"primaryImageOfPage\":{\"@id\":\"https:\\\/\\\/www.holtsauto.com\\\/de\\\/produkte\\\/auspuff-reparatur\\\/firegum-paste\\\/#primaryimage\"},\"image\":{\"@id\":\"https:\\\/\\\/www.holtsauto.com\\\/de\\\/produkte\\\/auspuff-reparatur\\\/firegum-paste\\\/#primaryimage\"},\"thumbnailUrl\":\"https:\\\/\\\/www.holtsauto.com\\\/wp-content\\\/uploads\\\/2017\\\/07\\\/firegum.png\",\"datePublished\":\"2017-07-26T11:42:21+00:00\",\"dateModified\":\"2025-02-06T11:32:13+00:00\",\"description\":\"Holts Firegum bietet eine dauerhafte, gasdichte Versiegelung, die Ihnen eine dauerhafte Reparatur erm\u00f6glicht.\",\"breadcrumb\":{\"@id\":\"https:\\\/\\\/www.holtsauto.com\\\/de\\\/produkte\\\/auspuff-reparatur\\\/firegum-paste\\\/#breadcrumb\"},\"inLanguage\":\"de-DE\",\"potentialAction\":[{\"@type\":\"ReadAction\",\"target\":[\"https:\\\/\\\/www.holtsauto.com\\\/de\\\/produkte\\\/auspuff-reparatur\\\/firegum-paste\\\/\"]}]},{\"@type\":\"ImageObject\",\"inLanguage\":\"de-DE\",\"@id\":\"https:\\\/\\\/www.holtsauto.com\\\/de\\\/produkte\\\/auspuff-reparatur\\\/firegum-paste\\\/#primaryimage\",\"url\":\"https:\\\/\\\/www.holtsauto.com\\\/wp-content\\\/uploads\\\/2017\\\/07\\\/firegum.png\",\"contentUrl\":\"https:\\\/\\\/www.holtsauto.com\\\/wp-content\\\/uploads\\\/2017\\\/07\\\/firegum.png\",\"width\":2000,\"height\":2000,\"caption\":\"holts firegum main\"},{\"@type\":\"BreadcrumbList\",\"@id\":\"https:\\\/\\\/www.holtsauto.com\\\/de\\\/produkte\\\/auspuff-reparatur\\\/firegum-paste\\\/#breadcrumb\",\"itemListElement\":[{\"@type\":\"ListItem\",\"position\":1,\"name\":\"Home\",\"item\":\"https:\\\/\\\/www.holtsauto.com\\\/de\\\/\"},{\"@type\":\"ListItem\",\"position\":2,\"name\":\"Produkte\",\"item\":\"https:\\\/\\\/www.holtsauto.com\\\/de\\\/produkte\\\/\"},{\"@type\":\"ListItem\",\"position\":3,\"name\":\"Firegum Montage-Paste\"}]},{\"@type\":\"WebSite\",\"@id\":\"https:\\\/\\\/www.holtsauto.com\\\/de\\\/#website\",\"url\":\"https:\\\/\\\/www.holtsauto.com\\\/de\\\/\",\"name\":\"Holts Auto\",\"description\":\"\",\"potentialAction\":[{\"@type\":\"SearchAction\",\"target\":{\"@type\":\"EntryPoint\",\"urlTemplate\":\"https:\\\/\\\/www.holtsauto.com\\\/de\\\/?s={search_term_string}\"},\"query-input\":{\"@type\":\"PropertyValueSpecification\",\"valueRequired\":true,\"valueName\":\"search_term_string\"}}],\"inLanguage\":\"de-DE\"}]}<\/script>\n<!-- \/ Yoast SEO plugin. -->","yoast_head_json":{"title":"Firegum Montage-Paste | Produkte | Holts DE","description":"Holts Firegum bietet eine dauerhafte, gasdichte Versiegelung, die Ihnen eine dauerhafte Reparatur erm\u00f6glicht.","robots":{"index":"index","follow":"follow","max-snippet":"max-snippet:-1","max-image-preview":"max-image-preview:large","max-video-preview":"max-video-preview:-1"},"canonical":"https:\/\/www.holtsauto.com\/de\/produkte\/auspuff-reparatur\/firegum-paste\/","og_locale":"de_DE","og_type":"article","og_title":"Firegum Montage-Paste | Produkte | Holts DE","og_description":"Holts Firegum bietet eine dauerhafte, gasdichte Versiegelung, die Ihnen eine dauerhafte Reparatur erm\u00f6glicht.","og_url":"https:\/\/www.holtsauto.com\/de\/produkte\/auspuff-reparatur\/firegum-paste\/","og_site_name":"Holts Auto Site","article_modified_time":"2025-02-06T11:32:13+00:00","og_image":[{"width":2000,"height":2000,"url":"https:\/\/www.holtsauto.com\/wp-content\/uploads\/2017\/07\/firegum.png","type":"image\/png"}],"twitter_card":"summary_large_image","twitter_misc":{"Gesch\u00e4tzte Lesezeit":"2 Minuten"},"schema":{"@context":"https:\/\/schema.org","@graph":[{"@type":"WebPage","@id":"https:\/\/www.holtsauto.com\/de\/produkte\/auspuff-reparatur\/firegum-paste\/","url":"https:\/\/www.holtsauto.com\/de\/produkte\/auspuff-reparatur\/firegum-paste\/","name":"Firegum Montage-Paste | Produkte | Holts DE","isPartOf":{"@id":"https:\/\/www.holtsauto.com\/de\/#website"},"primaryImageOfPage":{"@id":"https:\/\/www.holtsauto.com\/de\/produkte\/auspuff-reparatur\/firegum-paste\/#primaryimage"},"image":{"@id":"https:\/\/www.holtsauto.com\/de\/produkte\/auspuff-reparatur\/firegum-paste\/#primaryimage"},"thumbnailUrl":"https:\/\/www.holtsauto.com\/wp-content\/uploads\/2017\/07\/firegum.png","datePublished":"2017-07-26T11:42:21+00:00","dateModified":"2025-02-06T11:32:13+00:00","description":"Holts Firegum bietet eine dauerhafte, gasdichte Versiegelung, die Ihnen eine dauerhafte Reparatur erm\u00f6glicht.","breadcrumb":{"@id":"https:\/\/www.holtsauto.com\/de\/produkte\/auspuff-reparatur\/firegum-paste\/#breadcrumb"},"inLanguage":"de-DE","potentialAction":[{"@type":"ReadAction","target":["https:\/\/www.holtsauto.com\/de\/produkte\/auspuff-reparatur\/firegum-paste\/"]}]},{"@type":"ImageObject","inLanguage":"de-DE","@id":"https:\/\/www.holtsauto.com\/de\/produkte\/auspuff-reparatur\/firegum-paste\/#primaryimage","url":"https:\/\/www.holtsauto.com\/wp-content\/uploads\/2017\/07\/firegum.png","contentUrl":"https:\/\/www.holtsauto.com\/wp-content\/uploads\/2017\/07\/firegum.png","width":2000,"height":2000,"caption":"holts firegum main"},{"@type":"BreadcrumbList","@id":"https:\/\/www.holtsauto.com\/de\/produkte\/auspuff-reparatur\/firegum-paste\/#breadcrumb","itemListElement":[{"@type":"ListItem","position":1,"name":"Home","item":"https:\/\/www.holtsauto.com\/de\/"},{"@type":"ListItem","position":2,"name":"Produkte","item":"https:\/\/www.holtsauto.com\/de\/produkte\/"},{"@type":"ListItem","position":3,"name":"Firegum Montage-Paste"}]},{"@type":"WebSite","@id":"https:\/\/www.holtsauto.com\/de\/#website","url":"https:\/\/www.holtsauto.com\/de\/","name":"Holts Auto","description":"","potentialAction":[{"@type":"SearchAction","target":{"@type":"EntryPoint","urlTemplate":"https:\/\/www.holtsauto.com\/de\/?s={search_term_string}"},"query-input":{"@type":"PropertyValueSpecification","valueRequired":true,"valueName":"search_term_string"}}],"inLanguage":"de-DE"}]}},"_links":{"self":[{"href":"https:\/\/www.holtsauto.com\/de\/wp-json\/wp\/v2\/product\/443","targetHints":{"allow":["GET"]}}],"collection":[{"href":"https:\/\/www.holtsauto.com\/de\/wp-json\/wp\/v2\/product"}],"about":[{"href":"https:\/\/www.holtsauto.com\/de\/wp-json\/wp\/v2\/types\/product"}],"replies":[{"embeddable":true,"href":"https:\/\/www.holtsauto.com\/de\/wp-json\/wp\/v2\/comments?post=443"}],"wp:featuredmedia":[{"embeddable":true,"href":"https:\/\/www.holtsauto.com\/de\/wp-json\/wp\/v2\/media\/11438"}],"wp:attachment":[{"href":"https:\/\/www.holtsauto.com\/de\/wp-json\/wp\/v2\/media?parent=443"}],"wp:term":[{"taxonomy":"product_brand","embeddable":true,"href":"https:\/\/www.holtsauto.com\/de\/wp-json\/wp\/v2\/product_brand?post=443"},{"taxonomy":"product_cat","embeddable":true,"href":"https:\/\/www.holtsauto.com\/de\/wp-json\/wp\/v2\/product_cat?post=443"},{"taxonomy":"product_tag","embeddable":true,"href":"https:\/\/www.holtsauto.com\/de\/wp-json\/wp\/v2\/product_tag?post=443"}],"curies":[{"name":"wp","href":"https:\/\/api.w.org\/{rel}","templated":true}]}}