{"id":10100,"date":"2024-05-16T12:13:59","date_gmt":"2024-05-16T12:13:59","guid":{"rendered":"https:\/\/www.holtsauto.com\/help-advice\/"},"modified":"2025-02-10T09:58:20","modified_gmt":"2025-02-10T09:58:20","slug":"help-advice","status":"publish","type":"page","link":"https:\/\/www.holtsauto.com\/fr\/aide-et-conseils\/","title":{"rendered":"Aide et Conseils"},"content":{"rendered":"","protected":false},"excerpt":{"rendered":"","protected":false},"author":2,"featured_media":0,"parent":0,"menu_order":0,"comment_status":"closed","ping_status":"closed","template":"template-help-advice.php","meta":{"_acf_changed":true,"inline_featured_image":false,"footnotes":""},"class_list":["post-10100","page","type-page","status-publish","hentry"],"acf":[],"yoast_head":"<!-- This site is optimized with the Yoast SEO plugin v27.3 - https:\/\/yoast.com\/product\/yoast-seo-wordpress\/ -->\n<title>Aide et Conseils | Archives des Actualit\u00e9s | Holts FR<\/title>\n<meta name=\"description\" content=\"D\u00e9couvrez toutes les informations sur les points de vente, les instructions d&#039;utilisation et bien d&#039;autres FAQs ici. Si vous ne trouvez pas la r\u00e9ponse \u00e0 votre question, n&#039;h\u00e9sitez pas \u00e0 nous contacter.\" \/>\n<meta name=\"robots\" content=\"index, follow, max-snippet:-1, max-image-preview:large, max-video-preview:-1\" \/>\n<link rel=\"canonical\" href=\"https:\/\/www.holtsauto.com\/fr\/aide-et-conseils\/\" \/>\n<meta property=\"og:locale\" content=\"fr_FR\" \/>\n<meta property=\"og:type\" content=\"article\" \/>\n<meta property=\"og:title\" content=\"Aide et Conseils | Archives des Actualit\u00e9s | Holts FR\" \/>\n<meta property=\"og:description\" content=\"D\u00e9couvrez toutes les informations sur les points de vente, les instructions d&#039;utilisation et bien d&#039;autres FAQs ici. Si vous ne trouvez pas la r\u00e9ponse \u00e0 votre question, n&#039;h\u00e9sitez pas \u00e0 nous contacter.\" \/>\n<meta property=\"og:url\" content=\"https:\/\/www.holtsauto.com\/fr\/aide-et-conseils\/\" \/>\n<meta property=\"og:site_name\" content=\"Holts Auto Site\" \/>\n<meta property=\"article:modified_time\" content=\"2025-02-10T09:58:20+00:00\" \/>\n<meta name=\"twitter:card\" content=\"summary_large_image\" \/>\n<script type=\"application\/ld+json\" class=\"yoast-schema-graph\">{\"@context\":\"https:\\\/\\\/schema.org\",\"@graph\":[{\"@type\":\"WebPage\",\"@id\":\"https:\\\/\\\/www.holtsauto.com\\\/fr\\\/aide-et-conseils\\\/\",\"url\":\"https:\\\/\\\/www.holtsauto.com\\\/fr\\\/aide-et-conseils\\\/\",\"name\":\"Aide et Conseils | Archives des Actualit\u00e9s | Holts FR\",\"isPartOf\":{\"@id\":\"https:\\\/\\\/www.holtsauto.com\\\/fr\\\/#website\"},\"datePublished\":\"2024-05-16T12:13:59+00:00\",\"dateModified\":\"2025-02-10T09:58:20+00:00\",\"description\":\"D\u00e9couvrez toutes les informations sur les points de vente, les instructions d'utilisation et bien d'autres FAQs ici. Si vous ne trouvez pas la r\u00e9ponse \u00e0 votre question, n'h\u00e9sitez pas \u00e0 nous contacter.\",\"breadcrumb\":{\"@id\":\"https:\\\/\\\/www.holtsauto.com\\\/fr\\\/aide-et-conseils\\\/#breadcrumb\"},\"inLanguage\":\"fr-FR\",\"potentialAction\":[{\"@type\":\"ReadAction\",\"target\":[\"https:\\\/\\\/www.holtsauto.com\\\/fr\\\/aide-et-conseils\\\/\"]}]},{\"@type\":\"BreadcrumbList\",\"@id\":\"https:\\\/\\\/www.holtsauto.com\\\/fr\\\/aide-et-conseils\\\/#breadcrumb\",\"itemListElement\":[{\"@type\":\"ListItem\",\"position\":1,\"name\":\"Home\",\"item\":\"https:\\\/\\\/www.holtsauto.com\\\/fr\\\/\"},{\"@type\":\"ListItem\",\"position\":2,\"name\":\"Aide et Conseils\"}]},{\"@type\":\"WebSite\",\"@id\":\"https:\\\/\\\/www.holtsauto.com\\\/fr\\\/#website\",\"url\":\"https:\\\/\\\/www.holtsauto.com\\\/fr\\\/\",\"name\":\"Holts Auto\",\"description\":\"\",\"potentialAction\":[{\"@type\":\"SearchAction\",\"target\":{\"@type\":\"EntryPoint\",\"urlTemplate\":\"https:\\\/\\\/www.holtsauto.com\\\/fr\\\/?s={search_term_string}\"},\"query-input\":{\"@type\":\"PropertyValueSpecification\",\"valueRequired\":true,\"valueName\":\"search_term_string\"}}],\"inLanguage\":\"fr-FR\"}]}<\/script>\n<!-- \/ Yoast SEO plugin. -->","yoast_head_json":{"title":"Aide et Conseils | Archives des Actualit\u00e9s | Holts FR","description":"D\u00e9couvrez toutes les informations sur les points de vente, les instructions d'utilisation et bien d'autres FAQs ici. Si vous ne trouvez pas la r\u00e9ponse \u00e0 votre question, n'h\u00e9sitez pas \u00e0 nous contacter.","robots":{"index":"index","follow":"follow","max-snippet":"max-snippet:-1","max-image-preview":"max-image-preview:large","max-video-preview":"max-video-preview:-1"},"canonical":"https:\/\/www.holtsauto.com\/fr\/aide-et-conseils\/","og_locale":"fr_FR","og_type":"article","og_title":"Aide et Conseils | Archives des Actualit\u00e9s | Holts FR","og_description":"D\u00e9couvrez toutes les informations sur les points de vente, les instructions d'utilisation et bien d'autres FAQs ici. Si vous ne trouvez pas la r\u00e9ponse \u00e0 votre question, n'h\u00e9sitez pas \u00e0 nous contacter.","og_url":"https:\/\/www.holtsauto.com\/fr\/aide-et-conseils\/","og_site_name":"Holts Auto Site","article_modified_time":"2025-02-10T09:58:20+00:00","twitter_card":"summary_large_image","schema":{"@context":"https:\/\/schema.org","@graph":[{"@type":"WebPage","@id":"https:\/\/www.holtsauto.com\/fr\/aide-et-conseils\/","url":"https:\/\/www.holtsauto.com\/fr\/aide-et-conseils\/","name":"Aide et Conseils | Archives des Actualit\u00e9s | Holts FR","isPartOf":{"@id":"https:\/\/www.holtsauto.com\/fr\/#website"},"datePublished":"2024-05-16T12:13:59+00:00","dateModified":"2025-02-10T09:58:20+00:00","description":"D\u00e9couvrez toutes les informations sur les points de vente, les instructions d'utilisation et bien d'autres FAQs ici. Si vous ne trouvez pas la r\u00e9ponse \u00e0 votre question, n'h\u00e9sitez pas \u00e0 nous contacter.","breadcrumb":{"@id":"https:\/\/www.holtsauto.com\/fr\/aide-et-conseils\/#breadcrumb"},"inLanguage":"fr-FR","potentialAction":[{"@type":"ReadAction","target":["https:\/\/www.holtsauto.com\/fr\/aide-et-conseils\/"]}]},{"@type":"BreadcrumbList","@id":"https:\/\/www.holtsauto.com\/fr\/aide-et-conseils\/#breadcrumb","itemListElement":[{"@type":"ListItem","position":1,"name":"Home","item":"https:\/\/www.holtsauto.com\/fr\/"},{"@type":"ListItem","position":2,"name":"Aide et Conseils"}]},{"@type":"WebSite","@id":"https:\/\/www.holtsauto.com\/fr\/#website","url":"https:\/\/www.holtsauto.com\/fr\/","name":"Holts Auto","description":"","potentialAction":[{"@type":"SearchAction","target":{"@type":"EntryPoint","urlTemplate":"https:\/\/www.holtsauto.com\/fr\/?s={search_term_string}"},"query-input":{"@type":"PropertyValueSpecification","valueRequired":true,"valueName":"search_term_string"}}],"inLanguage":"fr-FR"}]}},"_links":{"self":[{"href":"https:\/\/www.holtsauto.com\/fr\/wp-json\/wp\/v2\/pages\/10100","targetHints":{"allow":["GET"]}}],"collection":[{"href":"https:\/\/www.holtsauto.com\/fr\/wp-json\/wp\/v2\/pages"}],"about":[{"href":"https:\/\/www.holtsauto.com\/fr\/wp-json\/wp\/v2\/types\/page"}],"author":[{"embeddable":true,"href":"https:\/\/www.holtsauto.com\/fr\/wp-json\/wp\/v2\/users\/2"}],"replies":[{"embeddable":true,"href":"https:\/\/www.holtsauto.com\/fr\/wp-json\/wp\/v2\/comments?post=10100"}],"version-history":[{"count":0,"href":"https:\/\/www.holtsauto.com\/fr\/wp-json\/wp\/v2\/pages\/10100\/revisions"}],"wp:attachment":[{"href":"https:\/\/www.holtsauto.com\/fr\/wp-json\/wp\/v2\/media?parent=10100"}],"curies":[{"name":"wp","href":"https:\/\/api.w.org\/{rel}","templated":true}]}}