{"id":10930,"date":"2024-06-15T18:47:31","date_gmt":"2024-06-15T18:47:31","guid":{"rendered":"https:\/\/www.holtsauto.com\/?page_id=10930"},"modified":"2025-02-10T17:15:21","modified_gmt":"2025-02-10T17:15:21","slug":"conditions-generales-du-site-internet","status":"publish","type":"page","link":"https:\/\/www.holtsauto.com\/fr\/conditions-generales-du-site-internet\/","title":{"rendered":"Conditions G\u00e9n\u00e9rales du site internet"},"content":{"rendered":"\n<p>Bienvenue sur notre site internet. En utilisant et naviguant sur ce site, vous acceptez de vous conformer aux pr\u00e9sentes conditions d\u2019utilisation et de les respecter. Les pr\u00e9sentes conditions, au m\u00eame titre que notre politique de confidentialit\u00e9, r\u00e9gissent notre relation avec vous dans le cadre de ce site. &nbsp;Dans le cas o\u00f9 vous seriez en d\u00e9saccord avec un ou plusieurs articles, veuillez ne pas utiliser ce site.<\/p>\n\n\n\n<p>Le terme \u201cHolt Lloyd International\u201d ou \u201cnous\u201d d\u00e9signe le propri\u00e9taire du site internet dont l\u2019adresse du si\u00e8ge social est Unit 100, Barton Dock Road, Stretford, Manchester, M32 0YQ. Notre soci\u00e9t\u00e9 est enregistr\u00e9e sous le num\u00e9ro 07528931, Angleterre. Le terme \u201cvous\u201d d\u00e9signe l\u2019utilisateur ou le visiteur de notre site internet.<\/p>\n\n\n\n<p>L\u2019utilisation de ce site internet est soumise aux conditions d\u2019utilisation suivantes&nbsp;:<\/p>\n\n\n\n<ul class=\"wp-block-list\">\n<li>Les informations contenues dans ce site sont donn\u00e9es \u00e0 titre d\u2019information g\u00e9n\u00e9rale uniquement. Elles sont susceptibles d\u2019\u00eatre modifi\u00e9es sans pr\u00e9avis.<\/li>\n\n\n\n<li>Ce site internet utilise des cookies pour stocker vos pr\u00e9f\u00e9rences par d\u00e9faut. Si vous acceptez l\u2019utilisation des cookies, les donn\u00e9es personnelles suivantes peuvent \u00eatre stock\u00e9es par nous pour une utilisation tiers:\n<ul class=\"wp-block-list\">\n<li>AWSELB \u2013 Amazon Web Services Load Balancing, fonctionnel qui sert \u00e0 diriger les demandes clients sur le serveur<\/li>\n\n\n\n<li>com\n<ul class=\"wp-block-list\">\n<li>\u201cGuest_id\u201d Ce cookie sert \u00e0 vous identifier sur Twitter. Si vous ne disposez pas d\u2019un compte Twitter ou si vous n\u2019avez jamais acc\u00e9d\u00e9 au site Twitter.com directement, alors Twitter vous attribuera un code unique afin de pouvoir suivre votre visite \u00e0 notre fil Twitter. Twitter peut suivre les habitudes de navigation (sur les sites ou le bouton \u201cTweet\u201d est pr\u00e9sent) des internautes ne poss\u00e9dant pas de compte Twitter ou qui n\u2019ont jamais acc\u00e9d\u00e9 directement \u00e0 ce site. Ensuite, si vous utilisez le m\u00eame navigateur internet pour cr\u00e9er un compte Twitter, ces donn\u00e9es historiques de navigation pr\u00e9alablement enregistr\u00e9es pourront \u00eatre import\u00e9es lors de la cr\u00e9ation du compte. Ce cookie expire deux ann\u00e9es apr\u00e8s sa cr\u00e9ation.<\/li>\n<\/ul>\n<\/li>\n\n\n\n<li>com\n<ul class=\"wp-block-list\">\n<li>\u201c_utma\u201d A chaque utilisateur qui navigue sur le site internet est attribu\u00e9 un identifiant unique, stock\u00e9 par ce cookie. Ce cookie expire \u00e0 la fin de votre navigation.<\/li>\n\n\n\n<li>\u201c_utmb\u201d et \u201cutmc\u201d Google Analytics utilise ces deux cookies afin de d\u00e9marrer une nouvelle session de navigation. Ces cookies expirent \u00e0 la fin de la session.<\/li>\n\n\n\n<li>\u201c_utmz\u201d Lorsque vous visitez notre site internet par l\u2019interm\u00e9diaire d\u2019un r\u00e9sultat de moteur de recherche, un lien direct ou une publicit\u00e9, Google stocke ces informations dans ce cookie. Ce cookie expire 6 mois apr\u00e8s sa cr\u00e9ation.<\/li>\n\n\n\n<li>\u201cPREF\u201d Ce cookie sert \u00e0 rappeler de vos pr\u00e9f\u00e9rences d\u2019utilisation de base, par exemple si vous pr\u00e9f\u00e9rez faire des recherches en anglais ou si vous avez opt\u00e9 pour l\u2019option SafeSearching. Ce cookie expire deux ans apr\u00e8s sa cr\u00e9ation.<\/li>\n<\/ul>\n<\/li>\n\n\n\n<li>com\n<ul class=\"wp-block-list\">\n<li>Addthis fournit des widgets que les propri\u00e9taires de sites internet int\u00e8grent sur leurs pages de navigation afin de permettre aux utilisateurs de cr\u00e9er et de partager des liens \u00e0 travers les r\u00e9seaux sociaux. Ils utilisent \u00e9galement les donn\u00e9es recueillies pour fournir aux annonceurs et sp\u00e9cialistes du marketing des informations dans l\u2019objectif de r\u00e9aliser de la publicit\u00e9 cibl\u00e9e, bas\u00e9e sur le comportement des utilisateurs.<\/li>\n<\/ul>\n<\/li>\n\n\n\n<li>Ni Holt Lloyd International ni toute autre partie ne saurait garantir l\u2019exactitude, l\u2019actualit\u00e9, la performance, l\u2019int\u00e9gralit\u00e9 ou la pertinence de l\u2019information ou le contenu pr\u00e9sent\u00e9s sur ce site. Vous reconnaissez que ce contenu et ces informations sont susceptibles de comporter des inexactitudes ou des erreurs, et dans la mesure autoris\u00e9e par la loi, nous d\u00e9clinons express\u00e9ment toute responsabilit\u00e9 en cas de telles inexactitudes ou erreurs.<\/li>\n\n\n\n<li>L\u2019utilisation que vous faites de l\u2019information ou du contenu de ce site se fait enti\u00e8rement \u00e0 vos propres risques, et nous en d\u00e9clinons toute responsabilit\u00e9. Il vous incombe de vous assurer que les produits, services et informations disponibles sur ce site satisfont \u00e0 vos exigences personnelles.<\/li>\n\n\n\n<li>Ce site internet contient des \u00e9l\u00e9ments qui sont de notre propri\u00e9t\u00e9 ou que nous sommes autoris\u00e9s \u00e0 utiliser. Ces \u00e9l\u00e9ments comprennent, sans toutefois s\u2019y limiter, la conception, la mise en page, le style, l\u2019apparence, les textes et graphiques. Toute reproduction est interdite sauf en conformit\u00e9 avec l\u2019avis de droit d\u2019auteur, qui fait partie int\u00e9grante de ces termes et conditions.<\/li>\n\n\n\n<li>Toutes les marques reproduites sur ce site, qui ne sont pasla propri\u00e9t\u00e9de ou sous licence\u00e0 l\u2019op\u00e9rateur, sont reconnuessur le site<em>.<\/em><\/li>\n\n\n\n<li>L\u2019utilisation non autoris\u00e9e du site internet peut entra\u00eener une poursuite pour dommages-int\u00e9r\u00eats ou \u00eatre consid\u00e9r\u00e9e comme une infraction criminelle.<\/li>\n\n\n\n<li>De temps \u00e0 autres, ce site peut proposer des liens vers d\u2019autres sites internet. Ces liens sont fournis \u00e0 titre d\u2019information uniquement. Ils ne constituent en aucun cas une approbation de ces sites de la part de Holt Lloyd International. Nous ne pourrons \u00eatre tenus responsables du contenu de ces sites.<\/li>\n\n\n\n<li>Votre utilisation de ce site et tout litige d\u00e9coulant d\u2019une telle utilisation du site internet sont\u00a0soumis aux lois de l\u2019Angleterre, de l\u2019Irlande du Nord, de l\u2019Ecosse et du Pays de Galles.<\/li>\n<\/ul>\n<\/li>\n<\/ul>\n\n\n\n<h3 class=\"wp-block-heading\">Clause de non-responsabilit\u00e9<\/h3>\n\n\n\n<p>Tous les renseignements contenus dans ce site internet sont fournis \u00e0 titre d\u2019information g\u00e9n\u00e9rale uniquement. Les informations sont fournies par Holt Lloyd International, et bien que nous nous effor\u00e7ons d\u2019assurer l\u2019exactitude et l\u2019actualit\u00e9 de &nbsp;ces informations, nous ne faisons aucune repr\u00e9sentation, ni n\u2019offrons de garantie, expressive ou implicite, quant \u00e0 leur int\u00e9gralit\u00e9, exactitude, fiabilit\u00e9, pertinence ou disponibilit\u00e9 par rapport au site ou \u00e0 l\u2019information, les produits, les services ou les \u00e9l\u00e9ments graphiques associ\u00e9s contenus dans le site \u00e0 toute fin que ce soit. Toute d\u00e9pendance plac\u00e9e sur de telles informations est donc strictement \u00e0 vos propres risques.<\/p>\n\n\n\n<p>En aucun cas, nous ne serons tenus responsables pour des pertes ou dommages, y compris, sans limitation, les pertes ou dommages indirects ou cons\u00e9cutifs, ou toute perte ou dommage d\u00e9coulant de la perte des donn\u00e9es ou de b\u00e9n\u00e9fices suite \u00e0, ou en relation avec, l\u2019utilisation de ce site.<\/p>\n\n\n\n<p>A travers ce site internet, vous pouvez acc\u00e9der \u00e0 d\u2019autres sites internet qui ne sont pas sous le contr\u00f4le de Holt Lloyd International. Nous n\u2019avons aucun contr\u00f4le quant au contenu ou la disponibilit\u00e9 de ces sites. L\u2019inclusion&nbsp; de tels liens sur notre site internet n\u2019implique pas n\u00e9cessairement une recommandation ou approbation des points de vue exprim\u00e9s sur ces sites.<\/p>\n\n\n\n<p>Tous les efforts possibles sont mis au bon fonctionnement de ce site. En revanche, Holt Lloyd International d\u00e9cline toute responsabilit\u00e9, et ne pourra aucunement \u00eatre tenu pour responsable, de la non-disponibilit\u00e9 temporaire du site internet due \u00e0 des probl\u00e8mes&nbsp; techniques hors de son contr\u00f4le.<\/p>\n\n\n\n<p>IDENTIFIANTS UNIQUES REP (Fili\u00e8res Eco DDS et CITEO) : Les identifiants uniques FR207591_01YHXG et FR207591_07GAMC attestent de l\u2019enregistrement aux registres des producteurs des fili\u00e8res respectives (i) emballages m\u00e9nagers et (ii) d\u00e9chets chimiques, en application de l\u2019article L.541-10-13 du Code de l\u2019Environnement.<\/p>\n","protected":false},"excerpt":{"rendered":"<p>Bienvenue sur notre site internet. En utilisant et naviguant sur ce site, vous acceptez de vous conformer aux pr\u00e9sentes conditions d\u2019utilisation et de les respecter. Les pr\u00e9sentes conditions, au m\u00eame titre que notre politique de confidentialit\u00e9, r\u00e9gissent notre relation avec vous dans le cadre de ce site. &nbsp;Dans le cas o\u00f9 vous seriez en d\u00e9saccord [&hellip;]<\/p>\n","protected":false},"author":2,"featured_media":0,"parent":0,"menu_order":0,"comment_status":"closed","ping_status":"closed","template":"template-single-legal.php","meta":{"_acf_changed":false,"inline_featured_image":false,"footnotes":""},"class_list":["post-10930","page","type-page","status-publish","hentry"],"acf":[],"yoast_head":"<!-- This site is optimized with the Yoast SEO plugin v27.3 - https:\/\/yoast.com\/product\/yoast-seo-wordpress\/ -->\n<title>Conditions G\u00e9n\u00e9rales du Site Internet | Holts FR<\/title>\n<meta name=\"robots\" content=\"index, follow, max-snippet:-1, max-image-preview:large, max-video-preview:-1\" \/>\n<link rel=\"canonical\" href=\"https:\/\/www.holtsauto.com\/fr\/conditions-generales-du-site-internet\/\" \/>\n<meta property=\"og:locale\" content=\"fr_FR\" \/>\n<meta property=\"og:type\" content=\"article\" \/>\n<meta property=\"og:title\" content=\"Conditions G\u00e9n\u00e9rales du Site Internet | Holts FR\" \/>\n<meta property=\"og:description\" content=\"Bienvenue sur notre site internet. En utilisant et naviguant sur ce site, vous acceptez de vous conformer aux pr\u00e9sentes conditions d\u2019utilisation et de les respecter. Les pr\u00e9sentes conditions, au m\u00eame titre que notre politique de confidentialit\u00e9, r\u00e9gissent notre relation avec vous dans le cadre de ce site. &nbsp;Dans le cas o\u00f9 vous seriez en d\u00e9saccord [&hellip;]\" \/>\n<meta property=\"og:url\" content=\"https:\/\/www.holtsauto.com\/fr\/conditions-generales-du-site-internet\/\" \/>\n<meta property=\"og:site_name\" content=\"Holts Auto Site\" \/>\n<meta property=\"article:modified_time\" content=\"2025-02-10T17:15:21+00:00\" \/>\n<meta name=\"twitter:card\" content=\"summary_large_image\" \/>\n<meta name=\"twitter:label1\" content=\"Dur\u00e9e de lecture estim\u00e9e\" \/>\n\t<meta name=\"twitter:data1\" content=\"6 minutes\" \/>\n<script type=\"application\/ld+json\" class=\"yoast-schema-graph\">{\"@context\":\"https:\\\/\\\/schema.org\",\"@graph\":[{\"@type\":\"WebPage\",\"@id\":\"https:\\\/\\\/www.holtsauto.com\\\/fr\\\/conditions-generales-du-site-internet\\\/\",\"url\":\"https:\\\/\\\/www.holtsauto.com\\\/fr\\\/conditions-generales-du-site-internet\\\/\",\"name\":\"Conditions G\u00e9n\u00e9rales du Site Internet | Holts FR\",\"isPartOf\":{\"@id\":\"https:\\\/\\\/www.holtsauto.com\\\/fr\\\/#website\"},\"datePublished\":\"2024-06-15T18:47:31+00:00\",\"dateModified\":\"2025-02-10T17:15:21+00:00\",\"breadcrumb\":{\"@id\":\"https:\\\/\\\/www.holtsauto.com\\\/fr\\\/conditions-generales-du-site-internet\\\/#breadcrumb\"},\"inLanguage\":\"fr-FR\",\"potentialAction\":[{\"@type\":\"ReadAction\",\"target\":[\"https:\\\/\\\/www.holtsauto.com\\\/fr\\\/conditions-generales-du-site-internet\\\/\"]}]},{\"@type\":\"BreadcrumbList\",\"@id\":\"https:\\\/\\\/www.holtsauto.com\\\/fr\\\/conditions-generales-du-site-internet\\\/#breadcrumb\",\"itemListElement\":[{\"@type\":\"ListItem\",\"position\":1,\"name\":\"Home\",\"item\":\"https:\\\/\\\/www.holtsauto.com\\\/fr\\\/\"},{\"@type\":\"ListItem\",\"position\":2,\"name\":\"Conditions G\u00e9n\u00e9rales du site internet\"}]},{\"@type\":\"WebSite\",\"@id\":\"https:\\\/\\\/www.holtsauto.com\\\/fr\\\/#website\",\"url\":\"https:\\\/\\\/www.holtsauto.com\\\/fr\\\/\",\"name\":\"Holts Auto\",\"description\":\"\",\"potentialAction\":[{\"@type\":\"SearchAction\",\"target\":{\"@type\":\"EntryPoint\",\"urlTemplate\":\"https:\\\/\\\/www.holtsauto.com\\\/fr\\\/?s={search_term_string}\"},\"query-input\":{\"@type\":\"PropertyValueSpecification\",\"valueRequired\":true,\"valueName\":\"search_term_string\"}}],\"inLanguage\":\"fr-FR\"}]}<\/script>\n<!-- \/ Yoast SEO plugin. -->","yoast_head_json":{"title":"Conditions G\u00e9n\u00e9rales du Site Internet | Holts FR","robots":{"index":"index","follow":"follow","max-snippet":"max-snippet:-1","max-image-preview":"max-image-preview:large","max-video-preview":"max-video-preview:-1"},"canonical":"https:\/\/www.holtsauto.com\/fr\/conditions-generales-du-site-internet\/","og_locale":"fr_FR","og_type":"article","og_title":"Conditions G\u00e9n\u00e9rales du Site Internet | Holts FR","og_description":"Bienvenue sur notre site internet. En utilisant et naviguant sur ce site, vous acceptez de vous conformer aux pr\u00e9sentes conditions d\u2019utilisation et de les respecter. Les pr\u00e9sentes conditions, au m\u00eame titre que notre politique de confidentialit\u00e9, r\u00e9gissent notre relation avec vous dans le cadre de ce site. &nbsp;Dans le cas o\u00f9 vous seriez en d\u00e9saccord [&hellip;]","og_url":"https:\/\/www.holtsauto.com\/fr\/conditions-generales-du-site-internet\/","og_site_name":"Holts Auto Site","article_modified_time":"2025-02-10T17:15:21+00:00","twitter_card":"summary_large_image","twitter_misc":{"Dur\u00e9e de lecture estim\u00e9e":"6 minutes"},"schema":{"@context":"https:\/\/schema.org","@graph":[{"@type":"WebPage","@id":"https:\/\/www.holtsauto.com\/fr\/conditions-generales-du-site-internet\/","url":"https:\/\/www.holtsauto.com\/fr\/conditions-generales-du-site-internet\/","name":"Conditions G\u00e9n\u00e9rales du Site Internet | Holts FR","isPartOf":{"@id":"https:\/\/www.holtsauto.com\/fr\/#website"},"datePublished":"2024-06-15T18:47:31+00:00","dateModified":"2025-02-10T17:15:21+00:00","breadcrumb":{"@id":"https:\/\/www.holtsauto.com\/fr\/conditions-generales-du-site-internet\/#breadcrumb"},"inLanguage":"fr-FR","potentialAction":[{"@type":"ReadAction","target":["https:\/\/www.holtsauto.com\/fr\/conditions-generales-du-site-internet\/"]}]},{"@type":"BreadcrumbList","@id":"https:\/\/www.holtsauto.com\/fr\/conditions-generales-du-site-internet\/#breadcrumb","itemListElement":[{"@type":"ListItem","position":1,"name":"Home","item":"https:\/\/www.holtsauto.com\/fr\/"},{"@type":"ListItem","position":2,"name":"Conditions G\u00e9n\u00e9rales du site internet"}]},{"@type":"WebSite","@id":"https:\/\/www.holtsauto.com\/fr\/#website","url":"https:\/\/www.holtsauto.com\/fr\/","name":"Holts Auto","description":"","potentialAction":[{"@type":"SearchAction","target":{"@type":"EntryPoint","urlTemplate":"https:\/\/www.holtsauto.com\/fr\/?s={search_term_string}"},"query-input":{"@type":"PropertyValueSpecification","valueRequired":true,"valueName":"search_term_string"}}],"inLanguage":"fr-FR"}]}},"_links":{"self":[{"href":"https:\/\/www.holtsauto.com\/fr\/wp-json\/wp\/v2\/pages\/10930","targetHints":{"allow":["GET"]}}],"collection":[{"href":"https:\/\/www.holtsauto.com\/fr\/wp-json\/wp\/v2\/pages"}],"about":[{"href":"https:\/\/www.holtsauto.com\/fr\/wp-json\/wp\/v2\/types\/page"}],"author":[{"embeddable":true,"href":"https:\/\/www.holtsauto.com\/fr\/wp-json\/wp\/v2\/users\/2"}],"replies":[{"embeddable":true,"href":"https:\/\/www.holtsauto.com\/fr\/wp-json\/wp\/v2\/comments?post=10930"}],"version-history":[{"count":0,"href":"https:\/\/www.holtsauto.com\/fr\/wp-json\/wp\/v2\/pages\/10930\/revisions"}],"wp:attachment":[{"href":"https:\/\/www.holtsauto.com\/fr\/wp-json\/wp\/v2\/media?parent=10930"}],"curies":[{"name":"wp","href":"https:\/\/api.w.org\/{rel}","templated":true}]}}