{"id":13512,"date":"2025-07-23T14:16:56","date_gmt":"2025-07-23T14:16:56","guid":{"rendered":"https:\/\/www.holtsauto.com\/?page_id=13512"},"modified":"2025-07-23T14:21:29","modified_gmt":"2025-07-23T14:21:29","slug":"equipe-auto","status":"publish","type":"page","link":"https:\/\/www.holtsauto.com\/fr\/equipe-auto\/","title":{"rendered":"Equipe Auto"},"content":{"rendered":"\n<h2 class=\"wp-block-heading alignwide has-text-align-center has-white-color has-black-background-color has-text-color has-background has-link-color wp-elements-0d8384b1408d06c456a2665ced802aac\"><strong>Rendez nous visite \u00e0 Equip&rsquo;Auto !<\/strong><\/h2>\n\n\n\n<div style=\"height:10px\" aria-hidden=\"true\" class=\"wp-block-spacer\"><\/div>\n\n\n\n<div class=\"wp-block-columns alignwide is-layout-flex wp-container-core-columns-is-layout-9d6595d7 wp-block-columns-is-layout-flex\">\n<div class=\"wp-block-column is-layout-flow wp-block-column-is-layout-flow\" style=\"flex-basis:65%\">\n<div class=\"wp-block-columns has-background is-layout-flex wp-container-core-columns-is-layout-9d6595d7 wp-block-columns-is-layout-flex\" style=\"background-color:#f2f2f2\">\n<div class=\"wp-block-column has-background is-layout-flow wp-block-column-is-layout-flow\" style=\"background-color:#f2f2f2;flex-basis:60%\">\n<p class=\"has-black-color has-text-color has-link-color wp-elements-6f2cb553ae33611476a96ec45f311764\">EQUIP AUTO Paris, le salon international des professionnels de l\u2019automobile, est l\u2019\u00e9v\u00e9nement international de r\u00e9f\u00e9rence de la fili\u00e8re automobile, de l\u2019apr\u00e8s-vente et des services en France. <\/p>\n\n\n\n<p class=\"has-black-color has-text-color has-link-color wp-elements-2a688603b9b2badde94e56c51709407c\">Il place l\u2019innovation, l\u2019expertise, l\u2019\u00e9change et la convivialit\u00e9 au c\u0153ur de son ambition : r\u00e9unir tous les acteurs et savoir-faire de la chaine de valeur automobile pour dessiner, d\u00e9velopper et r\u00e9ussir les services \u00e0 la mobilit\u00e9 de demain.<\/p>\n\n\n\n<p class=\"has-black-color has-text-color has-link-color wp-elements-566556bb8f42cb9732ef385076f0e41b\">Vous pouvez commander votre badge d\u00e8s \u00e0 pr\u00e9sent en cliquant sur l&rsquo;image <strong><a href=\"https:\/\/equipauto.mybadgeonline.com\/Pro-Login?CodeTrkPromoEinvit=BAN592386297\" target=\"_blank\" rel=\"noreferrer noopener\">ou cliquez ici<\/a><\/strong>. Tous les badges sont valables pour les 5 jours du salon. <\/p>\n<\/div>\n\n\n\n<div class=\"wp-block-column is-layout-flow wp-block-column-is-layout-flow\">\n<figure class=\"wp-block-image size-large\"><a href=\"https:\/\/equipauto.mybadgeonline.com\/Pro-Login?CodeTrkPromoEinvit=BAN592386297\" target=\"_blank\" rel=\" noreferrer noopener\"><img decoding=\"async\" width=\"819\" height=\"1024\" src=\"https:\/\/www.holtsauto.com\/wp-content\/uploads\/2025\/07\/FR_1080-1350_nous-y-serons_logo_592386297_20250722132744-819x1024.jpg\" alt=\"\" class=\"wp-image-13519\" srcset=\"https:\/\/www.holtsauto.com\/wp-content\/uploads\/2025\/07\/FR_1080-1350_nous-y-serons_logo_592386297_20250722132744-819x1024.jpg 819w, https:\/\/www.holtsauto.com\/wp-content\/uploads\/2025\/07\/FR_1080-1350_nous-y-serons_logo_592386297_20250722132744-240x300.jpg 240w, https:\/\/www.holtsauto.com\/wp-content\/uploads\/2025\/07\/FR_1080-1350_nous-y-serons_logo_592386297_20250722132744-768x960.jpg 768w, https:\/\/www.holtsauto.com\/wp-content\/uploads\/2025\/07\/FR_1080-1350_nous-y-serons_logo_592386297_20250722132744-600x750.jpg 600w, https:\/\/www.holtsauto.com\/wp-content\/uploads\/2025\/07\/FR_1080-1350_nous-y-serons_logo_592386297_20250722132744-120x150.jpg 120w, https:\/\/www.holtsauto.com\/wp-content\/uploads\/2025\/07\/FR_1080-1350_nous-y-serons_logo_592386297_20250722132744-518x648.jpg 518w, https:\/\/www.holtsauto.com\/wp-content\/uploads\/2025\/07\/FR_1080-1350_nous-y-serons_logo_592386297_20250722132744-576x720.jpg 576w, https:\/\/www.holtsauto.com\/wp-content\/uploads\/2025\/07\/FR_1080-1350_nous-y-serons_logo_592386297_20250722132744-864x1080.jpg 864w, https:\/\/www.holtsauto.com\/wp-content\/uploads\/2025\/07\/FR_1080-1350_nous-y-serons_logo_592386297_20250722132744.jpg 1080w\" sizes=\"(max-width: 819px) 100vw, 819px\" \/><\/a><\/figure>\n<\/div>\n<\/div>\n<\/div>\n\n\n\n<div class=\"wp-block-column is-vertically-aligned-stretch is-layout-flow wp-block-column-is-layout-flow\" style=\"flex-basis:35%\">\n<div class=\"wp-block-columns is-layout-flex wp-container-core-columns-is-layout-9d6595d7 wp-block-columns-is-layout-flex\">\n<div class=\"wp-block-column is-vertically-aligned-center is-layout-flow wp-block-column-is-layout-flow\">\n<div class=\"wp-block-buttons alignfull is-content-justification-center is-layout-flex wp-container-core-buttons-is-layout-16018d1d wp-block-buttons-is-layout-flex\">\n<div class=\"wp-block-button has-custom-width wp-block-button__width-100\"><a class=\"wp-block-button__link has-white-color has-text-color has-background has-link-color has-medium-font-size has-text-align-center has-custom-font-size wp-element-button\" href=\"https:\/\/equipauto.mybadgeonline.com\/Pro-Login?CodeTrkPromoEinvit=BAN592386297\" style=\"background-color:#e40520\" target=\"_blank\" rel=\"noreferrer noopener\"><strong>Cliquez pour vous inscrire<\/strong><\/a><\/div>\n<\/div>\n<\/div>\n<\/div>\n\n\n\n<figure class=\"wp-block-embed aligncenter is-type-video is-provider-youtube wp-block-embed-youtube wp-embed-aspect-16-9 wp-has-aspect-ratio\"><div class=\"wp-block-embed__wrapper\">\n<iframe loading=\"lazy\" title=\"EQUIP AUTO Paris : 1975-2025, 50 ans d&#039;innovations\" width=\"500\" height=\"281\" src=\"https:\/\/www.youtube.com\/embed\/bBNveiURfcc?feature=oembed\" frameborder=\"0\" allow=\"accelerometer; autoplay; clipboard-write; encrypted-media; gyroscope; picture-in-picture; web-share\" referrerpolicy=\"strict-origin-when-cross-origin\" allowfullscreen><\/iframe>\n<\/div><\/figure>\n<\/div>\n<\/div>\n","protected":false},"excerpt":{"rendered":"<p>Rendez nous visite \u00e0 Equip&rsquo;Auto ! EQUIP AUTO Paris, le salon international des professionnels de l\u2019automobile, est l\u2019\u00e9v\u00e9nement international de r\u00e9f\u00e9rence de la fili\u00e8re automobile, de l\u2019apr\u00e8s-vente et des services en France. Il place l\u2019innovation, l\u2019expertise, l\u2019\u00e9change et la convivialit\u00e9 au c\u0153ur de son ambition : r\u00e9unir tous les acteurs et savoir-faire de la chaine [&hellip;]<\/p>\n","protected":false},"author":4,"featured_media":0,"parent":0,"menu_order":0,"comment_status":"closed","ping_status":"closed","template":"","meta":{"_acf_changed":false,"inline_featured_image":false,"footnotes":""},"class_list":["post-13512","page","type-page","status-publish","hentry"],"acf":[],"yoast_head":"<!-- This site is optimized with the Yoast SEO plugin v27.5 - https:\/\/yoast.com\/product\/yoast-seo-wordpress\/ -->\n<title>Equipe Auto | Holts Auto Site<\/title>\n<meta name=\"robots\" content=\"index, follow, max-snippet:-1, max-image-preview:large, max-video-preview:-1\" \/>\n<link rel=\"canonical\" href=\"https:\/\/www.holtsauto.com\/fr\/equipe-auto\/\" \/>\n<meta property=\"og:locale\" content=\"fr_FR\" \/>\n<meta property=\"og:type\" content=\"article\" \/>\n<meta property=\"og:title\" content=\"Equipe Auto | Holts Auto Site\" \/>\n<meta property=\"og:description\" content=\"Rendez nous visite \u00e0 Equip&rsquo;Auto ! EQUIP AUTO Paris, le salon international des professionnels de l\u2019automobile, est l\u2019\u00e9v\u00e9nement international de r\u00e9f\u00e9rence de la fili\u00e8re automobile, de l\u2019apr\u00e8s-vente et des services en France. Il place l\u2019innovation, l\u2019expertise, l\u2019\u00e9change et la convivialit\u00e9 au c\u0153ur de son ambition : r\u00e9unir tous les acteurs et savoir-faire de la chaine [&hellip;]\" \/>\n<meta property=\"og:url\" content=\"https:\/\/www.holtsauto.com\/fr\/equipe-auto\/\" \/>\n<meta property=\"og:site_name\" content=\"Holts Auto Site\" \/>\n<meta property=\"article:modified_time\" content=\"2025-07-23T14:21:29+00:00\" \/>\n<meta property=\"og:image\" content=\"https:\/\/www.holtsauto.com\/wp-content\/uploads\/2025\/07\/FR_1080-1350_nous-y-serons_logo_592386297_20250722132744.jpg\" \/>\n\t<meta property=\"og:image:width\" content=\"1080\" \/>\n\t<meta property=\"og:image:height\" content=\"1350\" \/>\n\t<meta property=\"og:image:type\" content=\"image\/jpeg\" \/>\n<meta name=\"twitter:card\" content=\"summary_large_image\" \/>\n<meta name=\"twitter:label1\" content=\"Dur\u00e9e de lecture estim\u00e9e\" \/>\n\t<meta name=\"twitter:data1\" content=\"1 minute\" \/>\n<script type=\"application\/ld+json\" class=\"yoast-schema-graph\">{\"@context\":\"https:\\\/\\\/schema.org\",\"@graph\":[{\"@type\":\"WebPage\",\"@id\":\"https:\\\/\\\/www.holtsauto.com\\\/fr\\\/equipe-auto\\\/\",\"url\":\"https:\\\/\\\/www.holtsauto.com\\\/fr\\\/equipe-auto\\\/\",\"name\":\"Equipe Auto | Holts Auto Site\",\"isPartOf\":{\"@id\":\"https:\\\/\\\/www.holtsauto.com\\\/fr\\\/#website\"},\"primaryImageOfPage\":{\"@id\":\"https:\\\/\\\/www.holtsauto.com\\\/fr\\\/equipe-auto\\\/#primaryimage\"},\"image\":{\"@id\":\"https:\\\/\\\/www.holtsauto.com\\\/fr\\\/equipe-auto\\\/#primaryimage\"},\"thumbnailUrl\":\"https:\\\/\\\/www.holtsauto.com\\\/wp-content\\\/uploads\\\/2025\\\/07\\\/FR_1080-1350_nous-y-serons_logo_592386297_20250722132744-819x1024.jpg\",\"datePublished\":\"2025-07-23T14:16:56+00:00\",\"dateModified\":\"2025-07-23T14:21:29+00:00\",\"breadcrumb\":{\"@id\":\"https:\\\/\\\/www.holtsauto.com\\\/fr\\\/equipe-auto\\\/#breadcrumb\"},\"inLanguage\":\"fr-FR\",\"potentialAction\":[{\"@type\":\"ReadAction\",\"target\":[\"https:\\\/\\\/www.holtsauto.com\\\/fr\\\/equipe-auto\\\/\"]}]},{\"@type\":\"ImageObject\",\"inLanguage\":\"fr-FR\",\"@id\":\"https:\\\/\\\/www.holtsauto.com\\\/fr\\\/equipe-auto\\\/#primaryimage\",\"url\":\"https:\\\/\\\/www.holtsauto.com\\\/wp-content\\\/uploads\\\/2025\\\/07\\\/FR_1080-1350_nous-y-serons_logo_592386297_20250722132744-819x1024.jpg\",\"contentUrl\":\"https:\\\/\\\/www.holtsauto.com\\\/wp-content\\\/uploads\\\/2025\\\/07\\\/FR_1080-1350_nous-y-serons_logo_592386297_20250722132744-819x1024.jpg\"},{\"@type\":\"BreadcrumbList\",\"@id\":\"https:\\\/\\\/www.holtsauto.com\\\/fr\\\/equipe-auto\\\/#breadcrumb\",\"itemListElement\":[{\"@type\":\"ListItem\",\"position\":1,\"name\":\"Home\",\"item\":\"https:\\\/\\\/www.holtsauto.com\\\/fr\\\/\"},{\"@type\":\"ListItem\",\"position\":2,\"name\":\"Equipe Auto\"}]},{\"@type\":\"WebSite\",\"@id\":\"https:\\\/\\\/www.holtsauto.com\\\/fr\\\/#website\",\"url\":\"https:\\\/\\\/www.holtsauto.com\\\/fr\\\/\",\"name\":\"Holts Auto\",\"description\":\"\",\"potentialAction\":[{\"@type\":\"SearchAction\",\"target\":{\"@type\":\"EntryPoint\",\"urlTemplate\":\"https:\\\/\\\/www.holtsauto.com\\\/fr\\\/?s={search_term_string}\"},\"query-input\":{\"@type\":\"PropertyValueSpecification\",\"valueRequired\":true,\"valueName\":\"search_term_string\"}}],\"inLanguage\":\"fr-FR\"}]}<\/script>\n<!-- \/ Yoast SEO plugin. -->","yoast_head_json":{"title":"Equipe Auto | Holts Auto Site","robots":{"index":"index","follow":"follow","max-snippet":"max-snippet:-1","max-image-preview":"max-image-preview:large","max-video-preview":"max-video-preview:-1"},"canonical":"https:\/\/www.holtsauto.com\/fr\/equipe-auto\/","og_locale":"fr_FR","og_type":"article","og_title":"Equipe Auto | Holts Auto Site","og_description":"Rendez nous visite \u00e0 Equip&rsquo;Auto ! EQUIP AUTO Paris, le salon international des professionnels de l\u2019automobile, est l\u2019\u00e9v\u00e9nement international de r\u00e9f\u00e9rence de la fili\u00e8re automobile, de l\u2019apr\u00e8s-vente et des services en France. Il place l\u2019innovation, l\u2019expertise, l\u2019\u00e9change et la convivialit\u00e9 au c\u0153ur de son ambition : r\u00e9unir tous les acteurs et savoir-faire de la chaine [&hellip;]","og_url":"https:\/\/www.holtsauto.com\/fr\/equipe-auto\/","og_site_name":"Holts Auto Site","article_modified_time":"2025-07-23T14:21:29+00:00","og_image":[{"width":1080,"height":1350,"url":"https:\/\/www.holtsauto.com\/wp-content\/uploads\/2025\/07\/FR_1080-1350_nous-y-serons_logo_592386297_20250722132744.jpg","type":"image\/jpeg"}],"twitter_card":"summary_large_image","twitter_misc":{"Dur\u00e9e de lecture estim\u00e9e":"1 minute"},"schema":{"@context":"https:\/\/schema.org","@graph":[{"@type":"WebPage","@id":"https:\/\/www.holtsauto.com\/fr\/equipe-auto\/","url":"https:\/\/www.holtsauto.com\/fr\/equipe-auto\/","name":"Equipe Auto | Holts Auto Site","isPartOf":{"@id":"https:\/\/www.holtsauto.com\/fr\/#website"},"primaryImageOfPage":{"@id":"https:\/\/www.holtsauto.com\/fr\/equipe-auto\/#primaryimage"},"image":{"@id":"https:\/\/www.holtsauto.com\/fr\/equipe-auto\/#primaryimage"},"thumbnailUrl":"https:\/\/www.holtsauto.com\/wp-content\/uploads\/2025\/07\/FR_1080-1350_nous-y-serons_logo_592386297_20250722132744-819x1024.jpg","datePublished":"2025-07-23T14:16:56+00:00","dateModified":"2025-07-23T14:21:29+00:00","breadcrumb":{"@id":"https:\/\/www.holtsauto.com\/fr\/equipe-auto\/#breadcrumb"},"inLanguage":"fr-FR","potentialAction":[{"@type":"ReadAction","target":["https:\/\/www.holtsauto.com\/fr\/equipe-auto\/"]}]},{"@type":"ImageObject","inLanguage":"fr-FR","@id":"https:\/\/www.holtsauto.com\/fr\/equipe-auto\/#primaryimage","url":"https:\/\/www.holtsauto.com\/wp-content\/uploads\/2025\/07\/FR_1080-1350_nous-y-serons_logo_592386297_20250722132744-819x1024.jpg","contentUrl":"https:\/\/www.holtsauto.com\/wp-content\/uploads\/2025\/07\/FR_1080-1350_nous-y-serons_logo_592386297_20250722132744-819x1024.jpg"},{"@type":"BreadcrumbList","@id":"https:\/\/www.holtsauto.com\/fr\/equipe-auto\/#breadcrumb","itemListElement":[{"@type":"ListItem","position":1,"name":"Home","item":"https:\/\/www.holtsauto.com\/fr\/"},{"@type":"ListItem","position":2,"name":"Equipe Auto"}]},{"@type":"WebSite","@id":"https:\/\/www.holtsauto.com\/fr\/#website","url":"https:\/\/www.holtsauto.com\/fr\/","name":"Holts Auto","description":"","potentialAction":[{"@type":"SearchAction","target":{"@type":"EntryPoint","urlTemplate":"https:\/\/www.holtsauto.com\/fr\/?s={search_term_string}"},"query-input":{"@type":"PropertyValueSpecification","valueRequired":true,"valueName":"search_term_string"}}],"inLanguage":"fr-FR"}]}},"_links":{"self":[{"href":"https:\/\/www.holtsauto.com\/fr\/wp-json\/wp\/v2\/pages\/13512","targetHints":{"allow":["GET"]}}],"collection":[{"href":"https:\/\/www.holtsauto.com\/fr\/wp-json\/wp\/v2\/pages"}],"about":[{"href":"https:\/\/www.holtsauto.com\/fr\/wp-json\/wp\/v2\/types\/page"}],"author":[{"embeddable":true,"href":"https:\/\/www.holtsauto.com\/fr\/wp-json\/wp\/v2\/users\/4"}],"replies":[{"embeddable":true,"href":"https:\/\/www.holtsauto.com\/fr\/wp-json\/wp\/v2\/comments?post=13512"}],"version-history":[{"count":0,"href":"https:\/\/www.holtsauto.com\/fr\/wp-json\/wp\/v2\/pages\/13512\/revisions"}],"wp:attachment":[{"href":"https:\/\/www.holtsauto.com\/fr\/wp-json\/wp\/v2\/media?parent=13512"}],"curies":[{"name":"wp","href":"https:\/\/api.w.org\/{rel}","templated":true}]}}