{"id":584,"date":"2024-05-14T11:35:23","date_gmt":"2024-05-14T11:35:23","guid":{"rendered":"https:\/\/www.holtsauto.com\/?page_id=584"},"modified":"2026-03-11T15:10:46","modified_gmt":"2026-03-11T15:10:46","slug":"sample-page","status":"publish","type":"page","link":"https:\/\/www.holtsauto.com\/fr\/","title":{"rendered":"Home"},"content":{"rendered":"\n\n\n  <section class=\"popular-products-section container-fluid max-w-2k mx-auto\">\n    <div class=\"row\">\n\n              <h3 class=\"section-title\">PRODUITS PHARES<\/h3>\n      \n\n      <section id=\"popular-products-slider\" class=\"splide\">\n\n        <div class=\"splide__track\">\n          <ul class=\"splide__list popular-products\">\n            \n              <li class=\"splide__slide product product-slide\">\n                <div class=\"inner\">\n                                    <div class=\"product__image\">\n                    <img decoding=\"async\" width=\"1024\" height=\"1024\" src=\"https:\/\/www.holtsauto.com\/wp-content\/uploads\/2016\/10\/start-pilote-holts-FR-1024x1024.png\" class=\"attachment-large size-large wp-post-image\" alt=\"\" srcset=\"https:\/\/www.holtsauto.com\/wp-content\/uploads\/2016\/10\/start-pilote-holts-FR-1024x1024.png 1024w, https:\/\/www.holtsauto.com\/wp-content\/uploads\/2016\/10\/start-pilote-holts-FR-300x300.png 300w, https:\/\/www.holtsauto.com\/wp-content\/uploads\/2016\/10\/start-pilote-holts-FR-150x150.png 150w, https:\/\/www.holtsauto.com\/wp-content\/uploads\/2016\/10\/start-pilote-holts-FR-768x768.png 768w, https:\/\/www.holtsauto.com\/wp-content\/uploads\/2016\/10\/start-pilote-holts-FR-1536x1536.png 1536w, https:\/\/www.holtsauto.com\/wp-content\/uploads\/2016\/10\/start-pilote-holts-FR-600x600.png 600w, https:\/\/www.holtsauto.com\/wp-content\/uploads\/2016\/10\/start-pilote-holts-FR-100x100.png 100w, https:\/\/www.holtsauto.com\/wp-content\/uploads\/2016\/10\/start-pilote-holts-FR-648x648.png 648w, https:\/\/www.holtsauto.com\/wp-content\/uploads\/2016\/10\/start-pilote-holts-FR-720x720.png 720w, https:\/\/www.holtsauto.com\/wp-content\/uploads\/2016\/10\/start-pilote-holts-FR-1080x1080.png 1080w, https:\/\/www.holtsauto.com\/wp-content\/uploads\/2016\/10\/start-pilote-holts-FR.png 2000w\" sizes=\"(max-width: 1024px) 100vw, 1024px\" \/>                  <\/div>\n                  <h3 class=\"product__title\">Start Pilote<\/h3>\n                                                        <button class=\"product__button--buy cta -plain -clear -primary cswidget\" data-asset-id=\"4369\">Acheter maintenant<\/button>\n                                    <a href=\"https:\/\/www.holtsauto.com\/fr\/produits\/reparation-maintenance\/start-pilote\/\" class=\"product__button cta -outline -clear -black\">Voir le produit<\/a>\n                <\/div><!-- .inner -->\n              <\/li>\n\n            \n              <li class=\"splide__slide product product-slide\">\n                <div class=\"inner\">\n                                    <div class=\"product__image\">\n                    <img decoding=\"async\" width=\"1024\" height=\"1024\" src=\"https:\/\/www.holtsauto.com\/wp-content\/uploads\/2015\/10\/lave-glace-toutes-saisons-2-L-1024x1024.png\" class=\"attachment-large size-large wp-post-image\" alt=\"lave glace toutes saisons holts main 2L\" srcset=\"https:\/\/www.holtsauto.com\/wp-content\/uploads\/2015\/10\/lave-glace-toutes-saisons-2-L-1024x1024.png 1024w, https:\/\/www.holtsauto.com\/wp-content\/uploads\/2015\/10\/lave-glace-toutes-saisons-2-L-300x300.png 300w, https:\/\/www.holtsauto.com\/wp-content\/uploads\/2015\/10\/lave-glace-toutes-saisons-2-L-150x150.png 150w, https:\/\/www.holtsauto.com\/wp-content\/uploads\/2015\/10\/lave-glace-toutes-saisons-2-L-768x768.png 768w, https:\/\/www.holtsauto.com\/wp-content\/uploads\/2015\/10\/lave-glace-toutes-saisons-2-L-1536x1536.png 1536w, https:\/\/www.holtsauto.com\/wp-content\/uploads\/2015\/10\/lave-glace-toutes-saisons-2-L-600x600.png 600w, https:\/\/www.holtsauto.com\/wp-content\/uploads\/2015\/10\/lave-glace-toutes-saisons-2-L-100x100.png 100w, https:\/\/www.holtsauto.com\/wp-content\/uploads\/2015\/10\/lave-glace-toutes-saisons-2-L-648x648.png 648w, https:\/\/www.holtsauto.com\/wp-content\/uploads\/2015\/10\/lave-glace-toutes-saisons-2-L-720x720.png 720w, https:\/\/www.holtsauto.com\/wp-content\/uploads\/2015\/10\/lave-glace-toutes-saisons-2-L-1080x1080.png 1080w, https:\/\/www.holtsauto.com\/wp-content\/uploads\/2015\/10\/lave-glace-toutes-saisons-2-L.png 2000w\" sizes=\"(max-width: 1024px) 100vw, 1024px\" \/>                  <\/div>\n                  <h3 class=\"product__title\">Lave Glace Toutes Saisons<\/h3>\n                                                        <button class=\"product__button--buy cta -plain -clear -primary cswidget\" data-asset-id=\"4419\">Acheter maintenant<\/button>\n                                    <a href=\"https:\/\/www.holtsauto.com\/fr\/produits\/produits-de-fonctionnement\/lave-glace-toutes-saisons\/\" class=\"product__button cta -outline -clear -black\">Voir le produit<\/a>\n                <\/div><!-- .inner -->\n              <\/li>\n\n            \n              <li class=\"splide__slide product product-slide\">\n                <div class=\"inner\">\n                                    <div class=\"product__image\">\n                    <img decoding=\"async\" width=\"1024\" height=\"1024\" src=\"https:\/\/www.holtsauto.com\/wp-content\/uploads\/2023\/10\/degivrant-1024x1024.png\" class=\"attachment-large size-large wp-post-image\" alt=\"degivrant holts main 600\" srcset=\"https:\/\/www.holtsauto.com\/wp-content\/uploads\/2023\/10\/degivrant-1024x1024.png 1024w, https:\/\/www.holtsauto.com\/wp-content\/uploads\/2023\/10\/degivrant-300x300.png 300w, https:\/\/www.holtsauto.com\/wp-content\/uploads\/2023\/10\/degivrant-100x100.png 100w, https:\/\/www.holtsauto.com\/wp-content\/uploads\/2023\/10\/degivrant-600x600.png 600w, https:\/\/www.holtsauto.com\/wp-content\/uploads\/2023\/10\/degivrant-150x150.png 150w, https:\/\/www.holtsauto.com\/wp-content\/uploads\/2023\/10\/degivrant-768x768.png 768w, https:\/\/www.holtsauto.com\/wp-content\/uploads\/2023\/10\/degivrant-1536x1536.png 1536w, https:\/\/www.holtsauto.com\/wp-content\/uploads\/2023\/10\/degivrant-648x648.png 648w, https:\/\/www.holtsauto.com\/wp-content\/uploads\/2023\/10\/degivrant-720x720.png 720w, https:\/\/www.holtsauto.com\/wp-content\/uploads\/2023\/10\/degivrant-1080x1080.png 1080w, https:\/\/www.holtsauto.com\/wp-content\/uploads\/2023\/10\/degivrant.png 2000w\" sizes=\"(max-width: 1024px) 100vw, 1024px\" \/>                  <\/div>\n                  <h3 class=\"product__title\">D\u00e9givrant<\/h3>\n                                                        <button class=\"product__button--buy cta -plain -clear -primary cswidget\" data-asset-id=\"5481\">Acheter maintenant<\/button>\n                                    <a href=\"https:\/\/www.holtsauto.com\/fr\/produits\/produits-de-fonctionnement\/degivrant\/\" class=\"product__button cta -outline -clear -black\">Voir le produit<\/a>\n                <\/div><!-- .inner -->\n              <\/li>\n\n            \n              <li class=\"splide__slide product product-slide\">\n                <div class=\"inner\">\n                                    <div class=\"product__image\">\n                    <img decoding=\"async\" width=\"1024\" height=\"1024\" src=\"https:\/\/www.holtsauto.com\/wp-content\/uploads\/2022\/04\/liquide-de-refroidissement-universel-5l-1024x1024.png\" class=\"attachment-large size-large wp-post-image\" alt=\"liquide de refroidissement universel 5l holts\" srcset=\"https:\/\/www.holtsauto.com\/wp-content\/uploads\/2022\/04\/liquide-de-refroidissement-universel-5l-1024x1024.png 1024w, https:\/\/www.holtsauto.com\/wp-content\/uploads\/2022\/04\/liquide-de-refroidissement-universel-5l-300x300.png 300w, https:\/\/www.holtsauto.com\/wp-content\/uploads\/2022\/04\/liquide-de-refroidissement-universel-5l-100x100.png 100w, https:\/\/www.holtsauto.com\/wp-content\/uploads\/2022\/04\/liquide-de-refroidissement-universel-5l-600x600.png 600w, https:\/\/www.holtsauto.com\/wp-content\/uploads\/2022\/04\/liquide-de-refroidissement-universel-5l-150x150.png 150w, https:\/\/www.holtsauto.com\/wp-content\/uploads\/2022\/04\/liquide-de-refroidissement-universel-5l-768x768.png 768w, https:\/\/www.holtsauto.com\/wp-content\/uploads\/2022\/04\/liquide-de-refroidissement-universel-5l-1536x1536.png 1536w, https:\/\/www.holtsauto.com\/wp-content\/uploads\/2022\/04\/liquide-de-refroidissement-universel-5l-648x648.png 648w, https:\/\/www.holtsauto.com\/wp-content\/uploads\/2022\/04\/liquide-de-refroidissement-universel-5l-720x720.png 720w, https:\/\/www.holtsauto.com\/wp-content\/uploads\/2022\/04\/liquide-de-refroidissement-universel-5l-1080x1080.png 1080w, https:\/\/www.holtsauto.com\/wp-content\/uploads\/2022\/04\/liquide-de-refroidissement-universel-5l.png 2000w\" sizes=\"(max-width: 1024px) 100vw, 1024px\" \/>                  <\/div>\n                  <h3 class=\"product__title\">Liquide de Refroidissement Universel<\/h3>\n                                                        <button class=\"product__button--buy cta -plain -clear -primary cswidget\" data-asset-id=\"6015\">Acheter maintenant<\/button>\n                                    <a href=\"https:\/\/www.holtsauto.com\/fr\/produits\/produits-de-fonctionnement\/liquide-de-refroidissementantigel-holts\/\" class=\"product__button cta -outline -clear -black\">Voir le produit<\/a>\n                <\/div><!-- .inner -->\n              <\/li>\n\n                      <\/ul>\n        <\/div><!-- .splide-track -->\n        <div class=\"splide-custom-pagination\"><\/div>\n        <!-- <ul class=\"splide__pagination popular-products-slider__pagination\"><\/ul> -->\n\n      <\/section><!-- #popular-products-slider -->\n\n\n    <\/div><!-- row -->\n  <\/section>\n\n\n\n  <section class=\"product-explorer-section container-fluid\">\n    <div class=\"row\">\n\n              <h3 class=\"section-title\"> D\u00c9COUVREZ LA GAMME HOLTS<\/h3>\n      \n      \n\n      <div class=\"product-explorer-section__intro\">\n\n        <div class=\"product-explorer-intro\">\n                      <h2 class=\"product-explorer-title\">D\u00c9COUVREZ LA GAMME HOLTS<\/h2>\n                  <\/div>\n\n        <div class=\"product-explorer-select\">\n          <label for=\"product-explorer\">S\u00e9lectionnez la cat\u00e9gorie de produit<\/label>\n          <select name=\"product-explorer\" id=\"product-explorer\" data-initial-category-id=\"307\">\n                          <option value=\" 307\">Nettoyage Exterieur<\/option>\n                          <option value=\" 308\">Nettoyage Interieur<\/option>\n                          <option value=\" 386\">Lave Glaces<\/option>\n                          <option value=\" 395\">D\u00e9givrants<\/option>\n                          <option value=\" 396\">Liquide de Refroidissement<\/option>\n                          <option value=\" 310\">R\u00e9paration Maintenance<\/option>\n                          <option value=\" 311\">Gamme Professionnelle<\/option>\n                          <option value=\" 397\">R\u00e9pare Crevaison Produits<\/option>\n                          <option value=\" 398\">Aide Au Demarrage Start Pilote<\/option>\n                      <\/select>\n        <\/div>\n\n      <\/div>\n\n      <div class=\"product-explorer-desktop-wrapper\">\n        <div class=\"product-explorer-section__categories\">\n          <ul class=\"product-explorer-categories\">\n                          <li id=\"307\" class=\"product-explorer-category active\">Nettoyage Exterieur<\/li>\n                                        <li id=\"308\" class=\"product-explorer-category \">Nettoyage Interieur<\/li>\n                                        <li id=\"386\" class=\"product-explorer-category \">Lave Glaces<\/li>\n                                        <li id=\"395\" class=\"product-explorer-category \">D\u00e9givrants<\/li>\n                                        <li id=\"396\" class=\"product-explorer-category \">Liquide de Refroidissement<\/li>\n                                        <li id=\"310\" class=\"product-explorer-category \">R\u00e9paration Maintenance<\/li>\n                                        <li id=\"311\" class=\"product-explorer-category \">Gamme Professionnelle<\/li>\n                                        <li id=\"397\" class=\"product-explorer-category \">R\u00e9pare Crevaison Produits<\/li>\n                                        <li id=\"398\" class=\"product-explorer-category \">Aide Au Demarrage Start Pilote<\/li>\n                                    <\/ul>\n        <\/div>\n\n        <div class=\"product-explorer-desktop\">\n\n          <div class=\"product-explorer-desktop-intro\"  style=\"background-image: linear-gradient(rgba(0, 0, 0, 0.6), rgba(0, 0, 0, 0.6)), url('https:\/\/www.holtsauto.com\/wp-content\/uploads\/2024\/06\/iStock-1336684164-1.png');\" >\n                          <h2 class=\"product-explorer-desktop-intro__title\">D\u00c9COUVREZ TOUTE LA S\u00c9LECTION HOLTS<\/h2>\n                                      <a target=\"\" href=\"https:\/\/www.holtsauto.com\/products\/\" class=\"product-explorer-desktop-intro__cta cta -plain -primary -clear\">Tout voir <\/a>\n                      <\/div>\n          <div id=\"product-explorer-results\" class=\"product-explorer-section__results\">\n          <\/div>\n\n        <\/div>\n\n      <\/div>\n\n\n\n\n    <\/div>\n\n  <\/section>\n\n\n\n\n\n<section class=\"promotion-banner-full-width container-fluid right\" style=\"background-image: url(https:\/\/www.holtsauto.com\/wp-content\/uploads\/2025\/07\/Screen-Wash-on-Windscreen-Car.jpg)\">\n    <div class=\"inner right\">\n                    <h4 class=\"bm__h4\">Lave Glace Toutes Saisons<\/h4>\n                            <h2 class=\"bm__h2\">Sp\u00e9cialement formul\u00e9 pour \u00eatre efficace en hiver<\/h2>\n                <a href=\"https:\/\/www.holtsauto.com\/fr\/produits\/produits-de-fonctionnement\/lave-glace-toutes-saisons\/\" class=\"cta -text\" >Voir le produit<\/a>    <\/div>\n<\/section>\n\n\n<div style=\"height:16px\" aria-hidden=\"true\" class=\"wp-block-spacer\"><\/div>\n\n\n\n<section class=\"promotion-banner-full-width container-fluid left\" style=\"background-image: url(https:\/\/www.holtsauto.com\/wp-content\/uploads\/2026\/01\/Holts-Liquide-Defroidissment-2.jpg)\">\n    <div class=\"inner left\">\n                    <h4 class=\"bm__h4\">Liquide de refroidissement<\/h4>\n                            <h2 class=\"bm__h2\">Prot\u00e8ge le moteur de votre voiture des temp\u00e9ratures extr\u00eames <\/h2>\n                <a href=\"https:\/\/www.holtsauto.com\/fr\/produits\/liquide-de-refroidissement\/\" class=\"cta -text\" >En savoir plus<\/a>    <\/div>\n<\/section>\n\n\n<div style=\"height:16px\" aria-hidden=\"true\" class=\"wp-block-spacer\"><\/div>\n\n\n\n<section class=\"promotion-banner-half-width container-fluid -left\">\n    <div class=\"inner\">\n        <div class=\"column -text\">\n                                        <h2 class=\"bm__h2\">D\u00e9marrez votre voiture par tous les temps<\/h2>\n                        <a href=\"https:\/\/www.holtsauto.com\/fr\/produits\/reparation-maintenance\/start-pilote\/\" class=\"cta -text\" >D\u00e9couvrez Start Pilote<\/a>        <\/div>\n        <div class=\"column -image\">\n        <img decoding=\"async\" src=\"https:\/\/www.holtsauto.com\/wp-content\/uploads\/2026\/01\/Start-pilote-france-H.jpg\" class=\"\" alt=\"\" title=\"Start-pilote-france-H\" \/>        <\/div>\n    <\/div>\n<\/section>\n\n\n<div style=\"height:16px\" aria-hidden=\"true\" class=\"wp-block-spacer\"><\/div>\n\n\n\n<div class=\"wp-block-columns is-layout-flex wp-container-core-columns-is-layout-9d6595d7 wp-block-columns-is-layout-flex\">\n<div class=\"wp-block-column is-layout-flow wp-block-column-is-layout-flow\" style=\"flex-basis:100%\">\n<div class=\"wp-block-group\"><div class=\"wp-block-group__inner-container is-layout-constrained wp-block-group-is-layout-constrained\">\n<section class=\"promotion-banner-half-width container-fluid -right\">\n    <div class=\"inner\">\n        <div class=\"column -text\">\n                                        <h2 class=\"bm__h2\">R\u00e9paration provisoire d\u2019urgence rapide s\u00fbr et sans effort<\/h2>\n                        <a href=\"https:\/\/www.holtsauto.com\/fr\/produits\/reparation-maintenance\/repare-crevaison\/\" class=\"cta -text\" >Voir R\u00e9pare Crevaison<\/a>        <\/div>\n        <div class=\"column -image\">\n        <img decoding=\"async\" src=\"https:\/\/www.holtsauto.com\/wp-content\/uploads\/2024\/11\/Repare-Crevaison-500ml-FRANCE.jpg\" class=\"\" alt=\"R\u00e9pare Crevaison holts\" title=\"R\u00e9pare Crevaison 500ml FRANCE\" \/>        <\/div>\n    <\/div>\n<\/section><\/div><\/div>\n<\/div>\n<\/div>\n\n\n\n<div style=\"height:16px\" aria-hidden=\"true\" class=\"wp-block-spacer\"><\/div>\n\n\n\n<section  class=\"dual-section container-fluid max-w-xl bg_white mx-sm my-sm px-sm py-sm\">\n    <div class=\"container\">\n        <div class=\"row align-items-sm-start align-items-md-center\">\n                        <div class=\"col-lg-6 order-2 order-lg-1 pe-lg-4\">\n                                                            <\/div>\n            \n                    <\/div>\n    <\/div>  \n<\/section>\n\n\n\n\n\n\n<section class=\"product-tester-section\">\n\n  <div class=\"row\">\n\n    \n    <div class=\"product-tester\">\n\n      <div class=\"product-tester-first\">\n                  <h3 class=\"product-tester__title\">DEVENEZ UN TESTEUR DE PRODUITS HOLTS<\/h3>\n        \n                  <img decoding=\"async\" class=\"product-tester__image product-tester__image--desktop\" src=\"https:\/\/www.holtsauto.com\/wp-content\/uploads\/2024\/05\/Asset-1-1-2.png\" alt=\"\" \/>\n        \n                  <img decoding=\"async\" class=\"product-tester__image product-tester__image--mobile product-tester__image--mobile-second-column\" src=\"https:\/\/www.holtsauto.com\/wp-content\/uploads\/2024\/06\/Asset-1-1-4.png\" alt=\"\" \/>\n        \n      <\/div>\n\n      <div class=\"product-tester-second\">\n        \n          <p class=\"product-tester__desc\">Chez Holts, nous d\u00e9veloppons continuellement des produits nouveaux et am\u00e9lior\u00e9s pour que nos clients restent sur la route et que leurs v\u00e9hicules soient \u00e0 leur meilleur. Dans le cadre de cet engagement, nous recherchons p\u00e9riodiquement des testeurs de produits r\u00e9els pour \u00ab tester sur route \u00bb nos nouveaux d\u00e9veloppements avant leur lancement.\r\n\r\nC&#039;est l\u00e0 que vous intervenez.<\/p>\n\n        \n                  <a class=\"cta -plain -primary -clear product-tester__button\" href=\"https:\/\/www.holtsauto.com\/fr\/contactez-nous\/\" target=\"_blank\"> S&#039;inscrire maintenant <\/a>\n        \n                  <img decoding=\"async\" class=\"product-tester__image product-tester__image--mobile\" src=\"https:\/\/www.holtsauto.com\/wp-content\/uploads\/2024\/06\/Asset-1-1-4.png\" alt=\"\" \/>\n        \n      <\/div>\n\n    <\/div>\n\n  <\/div>\n\n<\/section>","protected":false},"excerpt":{"rendered":"","protected":false},"author":1,"featured_media":0,"parent":0,"menu_order":0,"comment_status":"closed","ping_status":"open","template":"","meta":{"_acf_changed":true,"inline_featured_image":false,"footnotes":""},"class_list":["post-584","page","type-page","status-publish","hentry"],"acf":[],"yoast_head":"<!-- This site is optimized with the Yoast SEO plugin v27.3 - https:\/\/yoast.com\/product\/yoast-seo-wordpress\/ -->\n<title>Holts FR | Produits d&#039;entretien et de r\u00e9paration automobile<\/title>\n<meta name=\"description\" content=\"Holts est la marque originelle des produits d&#039;entretien &amp; de r\u00e9paration de voitures et de peintures, gr\u00e2ce notamment \u00e0 Repair Crevaison, Gun Gum, Start Pilote et plus encore.\" \/>\n<meta name=\"robots\" content=\"index, follow, max-snippet:-1, max-image-preview:large, max-video-preview:-1\" \/>\n<link rel=\"canonical\" href=\"https:\/\/www.holtsauto.com\/fr\/\" \/>\n<meta property=\"og:locale\" content=\"fr_FR\" \/>\n<meta property=\"og:type\" content=\"article\" \/>\n<meta property=\"og:title\" content=\"Holts FR | Produits d&#039;entretien et de r\u00e9paration automobile\" \/>\n<meta property=\"og:description\" content=\"Holts est la marque originelle des produits d&#039;entretien &amp; de r\u00e9paration de voitures et de peintures, gr\u00e2ce notamment \u00e0 Repair Crevaison, Gun Gum, Start Pilote et plus encore.\" \/>\n<meta property=\"og:url\" content=\"https:\/\/www.holtsauto.com\/fr\/\" \/>\n<meta property=\"og:site_name\" content=\"Holts Auto Site\" \/>\n<meta property=\"article:modified_time\" content=\"2026-03-11T15:10:46+00:00\" \/>\n<meta name=\"twitter:card\" content=\"summary_large_image\" \/>\n<script type=\"application\/ld+json\" class=\"yoast-schema-graph\">{\"@context\":\"https:\\\/\\\/schema.org\",\"@graph\":[{\"@type\":\"WebPage\",\"@id\":\"https:\\\/\\\/www.holtsauto.com\\\/fr\\\/\",\"url\":\"https:\\\/\\\/www.holtsauto.com\\\/fr\\\/\",\"name\":\"Holts FR | Produits d'entretien et de r\u00e9paration automobile\",\"isPartOf\":{\"@id\":\"https:\\\/\\\/www.holtsauto.com\\\/fr\\\/#website\"},\"datePublished\":\"2024-05-14T11:35:23+00:00\",\"dateModified\":\"2026-03-11T15:10:46+00:00\",\"description\":\"Holts est la marque originelle des produits d'entretien & de r\u00e9paration de voitures et de peintures, gr\u00e2ce notamment \u00e0 Repair Crevaison, Gun Gum, Start Pilote et plus encore.\",\"breadcrumb\":{\"@id\":\"https:\\\/\\\/www.holtsauto.com\\\/fr\\\/#breadcrumb\"},\"inLanguage\":\"fr-FR\",\"potentialAction\":[{\"@type\":\"ReadAction\",\"target\":[\"https:\\\/\\\/www.holtsauto.com\\\/fr\\\/\"]}]},{\"@type\":\"BreadcrumbList\",\"@id\":\"https:\\\/\\\/www.holtsauto.com\\\/fr\\\/#breadcrumb\",\"itemListElement\":[{\"@type\":\"ListItem\",\"position\":1,\"name\":\"Home\",\"item\":\"https:\\\/\\\/www.holtsauto.com\\\/fr\\\/\"},{\"@type\":\"ListItem\",\"position\":2,\"name\":\"Home\"}]},{\"@type\":\"WebSite\",\"@id\":\"https:\\\/\\\/www.holtsauto.com\\\/fr\\\/#website\",\"url\":\"https:\\\/\\\/www.holtsauto.com\\\/fr\\\/\",\"name\":\"Holts Auto\",\"description\":\"\",\"potentialAction\":[{\"@type\":\"SearchAction\",\"target\":{\"@type\":\"EntryPoint\",\"urlTemplate\":\"https:\\\/\\\/www.holtsauto.com\\\/fr\\\/?s={search_term_string}\"},\"query-input\":{\"@type\":\"PropertyValueSpecification\",\"valueRequired\":true,\"valueName\":\"search_term_string\"}}],\"inLanguage\":\"fr-FR\"}]}<\/script>\n<!-- \/ Yoast SEO plugin. -->","yoast_head_json":{"title":"Holts FR | Produits d'entretien et de r\u00e9paration automobile","description":"Holts est la marque originelle des produits d'entretien & de r\u00e9paration de voitures et de peintures, gr\u00e2ce notamment \u00e0 Repair Crevaison, Gun Gum, Start Pilote et plus encore.","robots":{"index":"index","follow":"follow","max-snippet":"max-snippet:-1","max-image-preview":"max-image-preview:large","max-video-preview":"max-video-preview:-1"},"canonical":"https:\/\/www.holtsauto.com\/fr\/","og_locale":"fr_FR","og_type":"article","og_title":"Holts FR | Produits d'entretien et de r\u00e9paration automobile","og_description":"Holts est la marque originelle des produits d'entretien & de r\u00e9paration de voitures et de peintures, gr\u00e2ce notamment \u00e0 Repair Crevaison, Gun Gum, Start Pilote et plus encore.","og_url":"https:\/\/www.holtsauto.com\/fr\/","og_site_name":"Holts Auto Site","article_modified_time":"2026-03-11T15:10:46+00:00","twitter_card":"summary_large_image","schema":{"@context":"https:\/\/schema.org","@graph":[{"@type":"WebPage","@id":"https:\/\/www.holtsauto.com\/fr\/","url":"https:\/\/www.holtsauto.com\/fr\/","name":"Holts FR | Produits d'entretien et de r\u00e9paration automobile","isPartOf":{"@id":"https:\/\/www.holtsauto.com\/fr\/#website"},"datePublished":"2024-05-14T11:35:23+00:00","dateModified":"2026-03-11T15:10:46+00:00","description":"Holts est la marque originelle des produits d'entretien & de r\u00e9paration de voitures et de peintures, gr\u00e2ce notamment \u00e0 Repair Crevaison, Gun Gum, Start Pilote et plus encore.","breadcrumb":{"@id":"https:\/\/www.holtsauto.com\/fr\/#breadcrumb"},"inLanguage":"fr-FR","potentialAction":[{"@type":"ReadAction","target":["https:\/\/www.holtsauto.com\/fr\/"]}]},{"@type":"BreadcrumbList","@id":"https:\/\/www.holtsauto.com\/fr\/#breadcrumb","itemListElement":[{"@type":"ListItem","position":1,"name":"Home","item":"https:\/\/www.holtsauto.com\/fr\/"},{"@type":"ListItem","position":2,"name":"Home"}]},{"@type":"WebSite","@id":"https:\/\/www.holtsauto.com\/fr\/#website","url":"https:\/\/www.holtsauto.com\/fr\/","name":"Holts Auto","description":"","potentialAction":[{"@type":"SearchAction","target":{"@type":"EntryPoint","urlTemplate":"https:\/\/www.holtsauto.com\/fr\/?s={search_term_string}"},"query-input":{"@type":"PropertyValueSpecification","valueRequired":true,"valueName":"search_term_string"}}],"inLanguage":"fr-FR"}]}},"_links":{"self":[{"href":"https:\/\/www.holtsauto.com\/fr\/wp-json\/wp\/v2\/pages\/584","targetHints":{"allow":["GET"]}}],"collection":[{"href":"https:\/\/www.holtsauto.com\/fr\/wp-json\/wp\/v2\/pages"}],"about":[{"href":"https:\/\/www.holtsauto.com\/fr\/wp-json\/wp\/v2\/types\/page"}],"author":[{"embeddable":true,"href":"https:\/\/www.holtsauto.com\/fr\/wp-json\/wp\/v2\/users\/1"}],"replies":[{"embeddable":true,"href":"https:\/\/www.holtsauto.com\/fr\/wp-json\/wp\/v2\/comments?post=584"}],"version-history":[{"count":0,"href":"https:\/\/www.holtsauto.com\/fr\/wp-json\/wp\/v2\/pages\/584\/revisions"}],"wp:attachment":[{"href":"https:\/\/www.holtsauto.com\/fr\/wp-json\/wp\/v2\/media?parent=584"}],"curies":[{"name":"wp","href":"https:\/\/api.w.org\/{rel}","templated":true}]}}