{"id":10393,"date":"2021-06-14T10:54:05","date_gmt":"2021-06-14T10:54:05","guid":{"rendered":"https:\/\/www.holtsauto.com\/?post_type=product&#038;p=10393"},"modified":"2025-02-10T17:20:55","modified_gmt":"2025-02-10T17:20:55","slug":"kit-de-rodage-pour-soupapes","status":"publish","type":"product","link":"https:\/\/www.holtsauto.com\/fr\/produits\/gamme-professionnelle\/pate-a-roder\/","title":{"rendered":"P\u00e2te \u00e0 Roder"},"content":{"rendered":"<p><span style=\"font-weight: 400;\">La combustion du carburant provoque une accumulation de d\u00e9p\u00f4ts tenaces sur les soupapes, ce qui emp\u00eache leur fermeture correcte. Cette situation est aggrav\u00e9e par les carburants modernes qui manquent de lubrification.<\/span><\/p>\n<ul>\n<li><span style=\"font-weight: 400;\"> Assure une \u00e9tanch\u00e9it\u00e9\u00a0 parfaite de la soupape sur\u00a0 son si\u00e8ge<\/span><\/li>\n<li><span style=\"font-weight: 400;\"> Utiliser la p\u00e2te \u00e0 gros grains pour \u00e9liminer les d\u00e9p\u00f4ts tenaces<\/span><\/li>\n<li><span style=\"font-weight: 400;\"> Utiliser la p\u00e2te \u00e0 grains fins\u00a0 pour polir la finition<\/span><\/li>\n<\/ul>\n<p><span style=\"font-weight: 400;\">Lorsque l&rsquo;accumulation commence \u00e0 emp\u00eacher un joint \u00e9tanche aux gaz entre la vanne et le si\u00e8ge, ils devront peut-\u00eatre \u00eatre reconditionn\u00e9s, et vous pouvez le faire avec une Kit de rodage pour soupapes.<\/span><\/p>\n<p><span style=\"font-weight: 400;\">Les soupapes de culasse contr\u00f4lent l\u2019admission de carburant\/air et l\u2019\u00e9limination des gaz d\u2019\u00e9chappement de la chambre de combustion de votre voiture.<\/span><\/p>\n<p><span style=\"font-weight: 400;\">Les vannes s&rsquo;ouvrent pour ce faire, mais il est crucial que lorsqu&rsquo;elles se ferment, les vannes cr\u00e9ent un joint \u00e9tanche aux gaz avec les si\u00e8ges de vanne.<\/span><\/p>\n<p><span style=\"font-weight: 400;\">S\u2019ils ne se ferment pas correctement, cela peut entra\u00eener une perte de compression, entra\u00eenant une perte de puissance importante.<\/span><\/p>\n<p><span style=\"font-weight: 400;\">Le Kit de rodage pour soupapes contient deux qualit\u00e9s d&rsquo;abrasifs de haute qualit\u00e9 pour \u00e9liminer les d\u00e9p\u00f4ts tenaces, refaire surface et \u00ab r\u00e9installer \u00bb les valves.<\/span><\/p>\n<p><span style=\"font-weight: 400;\">Le produit de polissage grossier peut \u00eatre utilis\u00e9 pour refaire surface des soupapes tr\u00e8s sales ou des si\u00e8ges de soupapes piqu\u00e9s avec un minimum d&rsquo;effort, tandis que l&rsquo;abrasif fin polit rapidement les si\u00e8ges de soupape.<\/span><\/p>\n","protected":false},"excerpt":{"rendered":"<p><span style=\"font-weight: 400;\">Holts Kit de rodage pour soupapes (avec rodoir) contient deux qualit\u00e9s d&rsquo;abrasifs de haute qualit\u00e9 pour \u00e9liminer les d\u00e9p\u00f4ts tenaces et \u00e9galement pour refaire surface et \u00ab r\u00e9installer \u00bb les vannes.<\/span><\/p>\n<ul>\n<li>Kit de rodage pour soupapes (avec rodoir)<\/li>\n<li>Assure une \u00e9tanch\u00e9it\u00e9\u00a0 parfaite de la soupape sur\u00a0 son si\u00e8ge<\/li>\n<li>Utiliser la p\u00e2te \u00e0 gros grains pour \u00e9liminer les d\u00e9p\u00f4ts tenaces<\/li>\n<li>Utiliser la p\u00e2te \u00e0 grains fins \u00a0pour polir la finition<\/li>\n<li><\/li>\n<\/ul>\n","protected":false},"featured_media":9683,"comment_status":"open","ping_status":"closed","template":"","meta":{"_acf_changed":false,"inline_featured_image":false},"product_brand":[],"product_cat":[311],"product_tag":[],"class_list":{"0":"post-10393","1":"product","2":"type-product","3":"status-publish","4":"has-post-thumbnail","6":"product_cat-gamme-professionnelle","8":"first","9":"instock","10":"shipping-taxable","11":"purchasable","12":"product-type-simple"},"acf":[],"yoast_head":"<!-- This site is optimized with the Yoast SEO plugin v27.5 - https:\/\/yoast.com\/product\/yoast-seo-wordpress\/ -->\n<title>P\u00e2te \u00e0 Roder | Produits | Holts FR<\/title>\n<meta name=\"robots\" content=\"index, follow, max-snippet:-1, max-image-preview:large, max-video-preview:-1\" \/>\n<link rel=\"canonical\" href=\"https:\/\/www.holtsauto.com\/fr\/produits\/gamme-professionnelle\/pate-a-roder\/\" \/>\n<meta property=\"og:locale\" content=\"fr_FR\" \/>\n<meta property=\"og:type\" content=\"article\" \/>\n<meta property=\"og:title\" content=\"P\u00e2te \u00e0 Roder | Produits | Holts FR\" \/>\n<meta property=\"og:description\" content=\"Holts Kit de rodage pour soupapes (avec rodoir) contient deux qualit\u00e9s d&#039;abrasifs de haute qualit\u00e9 pour \u00e9liminer les d\u00e9p\u00f4ts tenaces et \u00e9galement pour refaire surface et \u00ab r\u00e9installer \u00bb les vannes.   Kit de rodage pour soupapes (avec rodoir)  Assure une \u00e9tanch\u00e9it\u00e9\u00a0 parfaite de la soupape sur\u00a0 son si\u00e8ge  Utiliser la p\u00e2te \u00e0 gros grains pour \u00e9liminer les d\u00e9p\u00f4ts tenaces  Utiliser la p\u00e2te \u00e0 grains fins \u00a0pour polir la finition\" \/>\n<meta property=\"og:url\" content=\"https:\/\/www.holtsauto.com\/fr\/produits\/gamme-professionnelle\/pate-a-roder\/\" \/>\n<meta property=\"og:site_name\" content=\"Holts Auto Site\" \/>\n<meta property=\"article:modified_time\" content=\"2025-02-10T17:20:55+00:00\" \/>\n<meta property=\"og:image\" content=\"https:\/\/www.holtsauto.com\/wp-content\/uploads\/2024\/06\/VG4RA_Holts-Pro-Valve-Grinding-Kit_WEB.png\" \/>\n\t<meta property=\"og:image:width\" content=\"2000\" \/>\n\t<meta property=\"og:image:height\" content=\"2000\" \/>\n\t<meta property=\"og:image:type\" content=\"image\/png\" \/>\n<meta name=\"twitter:card\" content=\"summary_large_image\" \/>\n<meta name=\"twitter:label1\" content=\"Dur\u00e9e de lecture estim\u00e9e\" \/>\n\t<meta name=\"twitter:data1\" content=\"2 minutes\" \/>\n<script type=\"application\/ld+json\" class=\"yoast-schema-graph\">{\"@context\":\"https:\\\/\\\/schema.org\",\"@graph\":[{\"@type\":\"WebPage\",\"@id\":\"https:\\\/\\\/www.holtsauto.com\\\/fr\\\/produits\\\/gamme-professionnelle\\\/pate-a-roder\\\/\",\"url\":\"https:\\\/\\\/www.holtsauto.com\\\/fr\\\/produits\\\/gamme-professionnelle\\\/pate-a-roder\\\/\",\"name\":\"P\u00e2te \u00e0 Roder | Produits | Holts FR\",\"isPartOf\":{\"@id\":\"https:\\\/\\\/www.holtsauto.com\\\/fr\\\/#website\"},\"primaryImageOfPage\":{\"@id\":\"https:\\\/\\\/www.holtsauto.com\\\/fr\\\/produits\\\/gamme-professionnelle\\\/pate-a-roder\\\/#primaryimage\"},\"image\":{\"@id\":\"https:\\\/\\\/www.holtsauto.com\\\/fr\\\/produits\\\/gamme-professionnelle\\\/pate-a-roder\\\/#primaryimage\"},\"thumbnailUrl\":\"https:\\\/\\\/www.holtsauto.com\\\/wp-content\\\/uploads\\\/2024\\\/06\\\/VG4RA_Holts-Pro-Valve-Grinding-Kit_WEB.png\",\"datePublished\":\"2021-06-14T10:54:05+00:00\",\"dateModified\":\"2025-02-10T17:20:55+00:00\",\"breadcrumb\":{\"@id\":\"https:\\\/\\\/www.holtsauto.com\\\/fr\\\/produits\\\/gamme-professionnelle\\\/pate-a-roder\\\/#breadcrumb\"},\"inLanguage\":\"fr-FR\",\"potentialAction\":[{\"@type\":\"ReadAction\",\"target\":[\"https:\\\/\\\/www.holtsauto.com\\\/fr\\\/produits\\\/gamme-professionnelle\\\/pate-a-roder\\\/\"]}]},{\"@type\":\"ImageObject\",\"inLanguage\":\"fr-FR\",\"@id\":\"https:\\\/\\\/www.holtsauto.com\\\/fr\\\/produits\\\/gamme-professionnelle\\\/pate-a-roder\\\/#primaryimage\",\"url\":\"https:\\\/\\\/www.holtsauto.com\\\/wp-content\\\/uploads\\\/2024\\\/06\\\/VG4RA_Holts-Pro-Valve-Grinding-Kit_WEB.png\",\"contentUrl\":\"https:\\\/\\\/www.holtsauto.com\\\/wp-content\\\/uploads\\\/2024\\\/06\\\/VG4RA_Holts-Pro-Valve-Grinding-Kit_WEB.png\",\"width\":2000,\"height\":2000},{\"@type\":\"BreadcrumbList\",\"@id\":\"https:\\\/\\\/www.holtsauto.com\\\/fr\\\/produits\\\/gamme-professionnelle\\\/pate-a-roder\\\/#breadcrumb\",\"itemListElement\":[{\"@type\":\"ListItem\",\"position\":1,\"name\":\"Home\",\"item\":\"https:\\\/\\\/www.holtsauto.com\\\/fr\\\/\"},{\"@type\":\"ListItem\",\"position\":2,\"name\":\"Produits\",\"item\":\"https:\\\/\\\/www.holtsauto.com\\\/fr\\\/produits\\\/\"},{\"@type\":\"ListItem\",\"position\":3,\"name\":\"P\u00e2te \u00e0 Roder\"}]},{\"@type\":\"WebSite\",\"@id\":\"https:\\\/\\\/www.holtsauto.com\\\/fr\\\/#website\",\"url\":\"https:\\\/\\\/www.holtsauto.com\\\/fr\\\/\",\"name\":\"Holts Auto\",\"description\":\"\",\"potentialAction\":[{\"@type\":\"SearchAction\",\"target\":{\"@type\":\"EntryPoint\",\"urlTemplate\":\"https:\\\/\\\/www.holtsauto.com\\\/fr\\\/?s={search_term_string}\"},\"query-input\":{\"@type\":\"PropertyValueSpecification\",\"valueRequired\":true,\"valueName\":\"search_term_string\"}}],\"inLanguage\":\"fr-FR\"}]}<\/script>\n<!-- \/ Yoast SEO plugin. -->","yoast_head_json":{"title":"P\u00e2te \u00e0 Roder | Produits | Holts FR","robots":{"index":"index","follow":"follow","max-snippet":"max-snippet:-1","max-image-preview":"max-image-preview:large","max-video-preview":"max-video-preview:-1"},"canonical":"https:\/\/www.holtsauto.com\/fr\/produits\/gamme-professionnelle\/pate-a-roder\/","og_locale":"fr_FR","og_type":"article","og_title":"P\u00e2te \u00e0 Roder | Produits | Holts FR","og_description":"Holts Kit de rodage pour soupapes (avec rodoir) contient deux qualit\u00e9s d'abrasifs de haute qualit\u00e9 pour \u00e9liminer les d\u00e9p\u00f4ts tenaces et \u00e9galement pour refaire surface et \u00ab r\u00e9installer \u00bb les vannes.   Kit de rodage pour soupapes (avec rodoir)  Assure une \u00e9tanch\u00e9it\u00e9\u00a0 parfaite de la soupape sur\u00a0 son si\u00e8ge  Utiliser la p\u00e2te \u00e0 gros grains pour \u00e9liminer les d\u00e9p\u00f4ts tenaces  Utiliser la p\u00e2te \u00e0 grains fins \u00a0pour polir la finition","og_url":"https:\/\/www.holtsauto.com\/fr\/produits\/gamme-professionnelle\/pate-a-roder\/","og_site_name":"Holts Auto Site","article_modified_time":"2025-02-10T17:20:55+00:00","og_image":[{"width":2000,"height":2000,"url":"https:\/\/www.holtsauto.com\/wp-content\/uploads\/2024\/06\/VG4RA_Holts-Pro-Valve-Grinding-Kit_WEB.png","type":"image\/png"}],"twitter_card":"summary_large_image","twitter_misc":{"Dur\u00e9e de lecture estim\u00e9e":"2 minutes"},"schema":{"@context":"https:\/\/schema.org","@graph":[{"@type":"WebPage","@id":"https:\/\/www.holtsauto.com\/fr\/produits\/gamme-professionnelle\/pate-a-roder\/","url":"https:\/\/www.holtsauto.com\/fr\/produits\/gamme-professionnelle\/pate-a-roder\/","name":"P\u00e2te \u00e0 Roder | Produits | Holts FR","isPartOf":{"@id":"https:\/\/www.holtsauto.com\/fr\/#website"},"primaryImageOfPage":{"@id":"https:\/\/www.holtsauto.com\/fr\/produits\/gamme-professionnelle\/pate-a-roder\/#primaryimage"},"image":{"@id":"https:\/\/www.holtsauto.com\/fr\/produits\/gamme-professionnelle\/pate-a-roder\/#primaryimage"},"thumbnailUrl":"https:\/\/www.holtsauto.com\/wp-content\/uploads\/2024\/06\/VG4RA_Holts-Pro-Valve-Grinding-Kit_WEB.png","datePublished":"2021-06-14T10:54:05+00:00","dateModified":"2025-02-10T17:20:55+00:00","breadcrumb":{"@id":"https:\/\/www.holtsauto.com\/fr\/produits\/gamme-professionnelle\/pate-a-roder\/#breadcrumb"},"inLanguage":"fr-FR","potentialAction":[{"@type":"ReadAction","target":["https:\/\/www.holtsauto.com\/fr\/produits\/gamme-professionnelle\/pate-a-roder\/"]}]},{"@type":"ImageObject","inLanguage":"fr-FR","@id":"https:\/\/www.holtsauto.com\/fr\/produits\/gamme-professionnelle\/pate-a-roder\/#primaryimage","url":"https:\/\/www.holtsauto.com\/wp-content\/uploads\/2024\/06\/VG4RA_Holts-Pro-Valve-Grinding-Kit_WEB.png","contentUrl":"https:\/\/www.holtsauto.com\/wp-content\/uploads\/2024\/06\/VG4RA_Holts-Pro-Valve-Grinding-Kit_WEB.png","width":2000,"height":2000},{"@type":"BreadcrumbList","@id":"https:\/\/www.holtsauto.com\/fr\/produits\/gamme-professionnelle\/pate-a-roder\/#breadcrumb","itemListElement":[{"@type":"ListItem","position":1,"name":"Home","item":"https:\/\/www.holtsauto.com\/fr\/"},{"@type":"ListItem","position":2,"name":"Produits","item":"https:\/\/www.holtsauto.com\/fr\/produits\/"},{"@type":"ListItem","position":3,"name":"P\u00e2te \u00e0 Roder"}]},{"@type":"WebSite","@id":"https:\/\/www.holtsauto.com\/fr\/#website","url":"https:\/\/www.holtsauto.com\/fr\/","name":"Holts Auto","description":"","potentialAction":[{"@type":"SearchAction","target":{"@type":"EntryPoint","urlTemplate":"https:\/\/www.holtsauto.com\/fr\/?s={search_term_string}"},"query-input":{"@type":"PropertyValueSpecification","valueRequired":true,"valueName":"search_term_string"}}],"inLanguage":"fr-FR"}]}},"_links":{"self":[{"href":"https:\/\/www.holtsauto.com\/fr\/wp-json\/wp\/v2\/product\/10393","targetHints":{"allow":["GET"]}}],"collection":[{"href":"https:\/\/www.holtsauto.com\/fr\/wp-json\/wp\/v2\/product"}],"about":[{"href":"https:\/\/www.holtsauto.com\/fr\/wp-json\/wp\/v2\/types\/product"}],"replies":[{"embeddable":true,"href":"https:\/\/www.holtsauto.com\/fr\/wp-json\/wp\/v2\/comments?post=10393"}],"wp:featuredmedia":[{"embeddable":true,"href":"https:\/\/www.holtsauto.com\/fr\/wp-json\/wp\/v2\/media\/9683"}],"wp:attachment":[{"href":"https:\/\/www.holtsauto.com\/fr\/wp-json\/wp\/v2\/media?parent=10393"}],"wp:term":[{"taxonomy":"product_brand","embeddable":true,"href":"https:\/\/www.holtsauto.com\/fr\/wp-json\/wp\/v2\/product_brand?post=10393"},{"taxonomy":"product_cat","embeddable":true,"href":"https:\/\/www.holtsauto.com\/fr\/wp-json\/wp\/v2\/product_cat?post=10393"},{"taxonomy":"product_tag","embeddable":true,"href":"https:\/\/www.holtsauto.com\/fr\/wp-json\/wp\/v2\/product_tag?post=10393"}],"curies":[{"name":"wp","href":"https:\/\/api.w.org\/{rel}","templated":true}]}}