{"id":11460,"date":"2024-06-20T11:11:20","date_gmt":"2024-06-20T11:11:20","guid":{"rendered":"https:\/\/www.holtsauto.com\/?post_type=product&#038;p=11460"},"modified":"2025-02-12T08:21:49","modified_gmt":"2025-02-12T08:21:49","slug":"firegum","status":"publish","type":"product","link":"https:\/\/www.holtsauto.com\/fr\/produits\/reparation-maintenance\/firegum\/","title":{"rendered":"Firegum"},"content":{"rendered":"<p>Holts Firegum fournit un joint durable et \u00e9tanche aux gaz pour vous aider \u00e0 r\u00e9aliser une r\u00e9paration permanente.<\/p>\n<p>Vous devez remplacer une partie ou la totalit\u00e9 de votre syst\u00e8me d&rsquo;\u00e9chappement ? Bien que vous puissiez amener votre voiture dans un garage, le remplacement des composants d&rsquo;\u00e9chappement est quelque chose que vous pouvez faire \u00e0 la maison avec les bons outils et les bonnes connaissances \u2013 et cela s&rsquo;av\u00e9rera beaucoup plus abordable qu&rsquo;une r\u00e9paration professionnelle.<\/p>\n<p>Lors de l&rsquo;assemblage d&rsquo;un nouvel \u00e9chappement ou de l&rsquo;ajout de pi\u00e8ces de rechange \u00e0 un syst\u00e8me existant, vous avez besoin d&rsquo;un adh\u00e9sif qui offrira une protection exceptionnelle contre la chaleur et les vibrations.<\/p>\n<p>Facile \u00e0 appliquer, Firegum peut \u00eatre utilis\u00e9 pour une gamme de travaux de r\u00e9paration d\u2019\u00e9chappement. Que vous rescelliez un ancien syst\u00e8me ou construisiez un nouvel assemblage \u00e0 partir de z\u00e9ro ; vous obtiendrez des r\u00e9sultats fantastiques dont vous pouvez \u00eatre s\u00fbr qu\u2019ils tiendront la distance.<\/p>\n<p>Firegum est \u00e9galement disponible pour un usage professionnel et des travaux plus importants sous le nom de p\u00e2te d&rsquo;assemblage d&rsquo;\u00e9chappement Holts.<\/p>\n<p>Fourni dans un tube pratique, Holts Firegum est facile \u00e0 appliquer sur votre syst\u00e8me d&rsquo;\u00e9chappement. Utilisez-le simplement sur tous les joints d&rsquo;assemblage d&rsquo;\u00e9chappement ou partout o\u00f9 vous avez une connexion desserr\u00e9e, et vous obtiendrez un joint solide et permanent qui r\u00e9siste aux vibrations, prot\u00e8ge contre la chaleur et aide \u00e0 r\u00e9duire les cliquetis et autres bruits qui peuvent r\u00e9sulter d&rsquo;un \u00e9chappement desserr\u00e9.<\/p>\n","protected":false},"excerpt":{"rendered":"<p>Holts Firegum est une p\u00e2te d&rsquo;assemblage d&rsquo;\u00e9chappement sp\u00e9cialement d\u00e9velopp\u00e9e pour vous offrir des joints \u00e9tanches aux gaz dans les joints o\u00f9 l&rsquo;ajustement est mauvais ou o\u00f9 le joint est d\u00e9fectueux.<\/p>\n<ul>\n<li>R\u00e9pare les petits trous<\/li>\n<li>Convient pour une utilisation sur des tuyaux droits ou courbes<\/li>\n<li>Rapide et simple d&rsquo;utilisation<\/li>\n<\/ul>\n","protected":false},"featured_media":11440,"comment_status":"closed","ping_status":"closed","template":"","meta":{"_acf_changed":false,"inline_featured_image":false},"product_brand":[],"product_cat":[310],"product_tag":[],"class_list":{"0":"post-11460","1":"product","2":"type-product","3":"status-publish","4":"has-post-thumbnail","6":"product_cat-reparation-maintenance","8":"first","9":"instock","10":"shipping-taxable","11":"purchasable","12":"product-type-simple"},"acf":[],"yoast_head":"<!-- This site is optimized with the Yoast SEO plugin v27.3 - https:\/\/yoast.com\/product\/yoast-seo-wordpress\/ -->\n<title>Firegum | Produits | Holts FR<\/title>\n<meta name=\"description\" content=\"Holts Firegum est une p\u00e2te d&#039;assemblage d&#039;\u00e9chappement sp\u00e9cialement d\u00e9velopp\u00e9e pour vous offrir des joints \u00e9tanches aux gaz dans les joints o\u00f9 l&#039;ajustement est mauvais ou o\u00f9 le joint est d\u00e9fectueux.\" \/>\n<meta name=\"robots\" content=\"index, follow, max-snippet:-1, max-image-preview:large, max-video-preview:-1\" \/>\n<link rel=\"canonical\" href=\"https:\/\/www.holtsauto.com\/fr\/produits\/reparation-maintenance\/firegum\/\" \/>\n<meta property=\"og:locale\" content=\"fr_FR\" \/>\n<meta property=\"og:type\" content=\"article\" \/>\n<meta property=\"og:title\" content=\"Firegum | Produits | Holts FR\" \/>\n<meta property=\"og:description\" content=\"Holts Firegum est une p\u00e2te d&#039;assemblage d&#039;\u00e9chappement sp\u00e9cialement d\u00e9velopp\u00e9e pour vous offrir des joints \u00e9tanches aux gaz dans les joints o\u00f9 l&#039;ajustement est mauvais ou o\u00f9 le joint est d\u00e9fectueux.\" \/>\n<meta property=\"og:url\" content=\"https:\/\/www.holtsauto.com\/fr\/produits\/reparation-maintenance\/firegum\/\" \/>\n<meta property=\"og:site_name\" content=\"Holts Auto Site\" \/>\n<meta property=\"article:modified_time\" content=\"2025-02-12T08:21:49+00:00\" \/>\n<meta property=\"og:image\" content=\"https:\/\/www.holtsauto.com\/wp-content\/uploads\/2017\/07\/firegum.png\" \/>\n\t<meta property=\"og:image:width\" content=\"2000\" \/>\n\t<meta property=\"og:image:height\" content=\"2000\" \/>\n\t<meta property=\"og:image:type\" content=\"image\/png\" \/>\n<meta name=\"twitter:card\" content=\"summary_large_image\" \/>\n<meta name=\"twitter:label1\" content=\"Dur\u00e9e de lecture estim\u00e9e\" \/>\n\t<meta name=\"twitter:data1\" content=\"2 minutes\" \/>\n<script type=\"application\/ld+json\" class=\"yoast-schema-graph\">{\"@context\":\"https:\\\/\\\/schema.org\",\"@graph\":[{\"@type\":\"WebPage\",\"@id\":\"https:\\\/\\\/www.holtsauto.com\\\/fr\\\/produits\\\/reparation-maintenance\\\/firegum\\\/\",\"url\":\"https:\\\/\\\/www.holtsauto.com\\\/fr\\\/produits\\\/reparation-maintenance\\\/firegum\\\/\",\"name\":\"Firegum | Produits | Holts FR\",\"isPartOf\":{\"@id\":\"https:\\\/\\\/www.holtsauto.com\\\/fr\\\/#website\"},\"primaryImageOfPage\":{\"@id\":\"https:\\\/\\\/www.holtsauto.com\\\/fr\\\/produits\\\/reparation-maintenance\\\/firegum\\\/#primaryimage\"},\"image\":{\"@id\":\"https:\\\/\\\/www.holtsauto.com\\\/fr\\\/produits\\\/reparation-maintenance\\\/firegum\\\/#primaryimage\"},\"thumbnailUrl\":\"https:\\\/\\\/www.holtsauto.com\\\/wp-content\\\/uploads\\\/2017\\\/07\\\/firegum.png\",\"datePublished\":\"2024-06-20T11:11:20+00:00\",\"dateModified\":\"2025-02-12T08:21:49+00:00\",\"description\":\"Holts Firegum est une p\u00e2te d'assemblage d'\u00e9chappement sp\u00e9cialement d\u00e9velopp\u00e9e pour vous offrir des joints \u00e9tanches aux gaz dans les joints o\u00f9 l'ajustement est mauvais ou o\u00f9 le joint est d\u00e9fectueux.\",\"breadcrumb\":{\"@id\":\"https:\\\/\\\/www.holtsauto.com\\\/fr\\\/produits\\\/reparation-maintenance\\\/firegum\\\/#breadcrumb\"},\"inLanguage\":\"fr-FR\",\"potentialAction\":[{\"@type\":\"ReadAction\",\"target\":[\"https:\\\/\\\/www.holtsauto.com\\\/fr\\\/produits\\\/reparation-maintenance\\\/firegum\\\/\"]}]},{\"@type\":\"ImageObject\",\"inLanguage\":\"fr-FR\",\"@id\":\"https:\\\/\\\/www.holtsauto.com\\\/fr\\\/produits\\\/reparation-maintenance\\\/firegum\\\/#primaryimage\",\"url\":\"https:\\\/\\\/www.holtsauto.com\\\/wp-content\\\/uploads\\\/2017\\\/07\\\/firegum.png\",\"contentUrl\":\"https:\\\/\\\/www.holtsauto.com\\\/wp-content\\\/uploads\\\/2017\\\/07\\\/firegum.png\",\"width\":2000,\"height\":2000,\"caption\":\"holts firegum main\"},{\"@type\":\"BreadcrumbList\",\"@id\":\"https:\\\/\\\/www.holtsauto.com\\\/fr\\\/produits\\\/reparation-maintenance\\\/firegum\\\/#breadcrumb\",\"itemListElement\":[{\"@type\":\"ListItem\",\"position\":1,\"name\":\"Home\",\"item\":\"https:\\\/\\\/www.holtsauto.com\\\/fr\\\/\"},{\"@type\":\"ListItem\",\"position\":2,\"name\":\"Produits\",\"item\":\"https:\\\/\\\/www.holtsauto.com\\\/fr\\\/produits\\\/\"},{\"@type\":\"ListItem\",\"position\":3,\"name\":\"Firegum\"}]},{\"@type\":\"WebSite\",\"@id\":\"https:\\\/\\\/www.holtsauto.com\\\/fr\\\/#website\",\"url\":\"https:\\\/\\\/www.holtsauto.com\\\/fr\\\/\",\"name\":\"Holts Auto\",\"description\":\"\",\"potentialAction\":[{\"@type\":\"SearchAction\",\"target\":{\"@type\":\"EntryPoint\",\"urlTemplate\":\"https:\\\/\\\/www.holtsauto.com\\\/fr\\\/?s={search_term_string}\"},\"query-input\":{\"@type\":\"PropertyValueSpecification\",\"valueRequired\":true,\"valueName\":\"search_term_string\"}}],\"inLanguage\":\"fr-FR\"}]}<\/script>\n<!-- \/ Yoast SEO plugin. -->","yoast_head_json":{"title":"Firegum | Produits | Holts FR","description":"Holts Firegum est une p\u00e2te d'assemblage d'\u00e9chappement sp\u00e9cialement d\u00e9velopp\u00e9e pour vous offrir des joints \u00e9tanches aux gaz dans les joints o\u00f9 l'ajustement est mauvais ou o\u00f9 le joint est d\u00e9fectueux.","robots":{"index":"index","follow":"follow","max-snippet":"max-snippet:-1","max-image-preview":"max-image-preview:large","max-video-preview":"max-video-preview:-1"},"canonical":"https:\/\/www.holtsauto.com\/fr\/produits\/reparation-maintenance\/firegum\/","og_locale":"fr_FR","og_type":"article","og_title":"Firegum | Produits | Holts FR","og_description":"Holts Firegum est une p\u00e2te d'assemblage d'\u00e9chappement sp\u00e9cialement d\u00e9velopp\u00e9e pour vous offrir des joints \u00e9tanches aux gaz dans les joints o\u00f9 l'ajustement est mauvais ou o\u00f9 le joint est d\u00e9fectueux.","og_url":"https:\/\/www.holtsauto.com\/fr\/produits\/reparation-maintenance\/firegum\/","og_site_name":"Holts Auto Site","article_modified_time":"2025-02-12T08:21:49+00:00","og_image":[{"width":2000,"height":2000,"url":"https:\/\/www.holtsauto.com\/wp-content\/uploads\/2017\/07\/firegum.png","type":"image\/png"}],"twitter_card":"summary_large_image","twitter_misc":{"Dur\u00e9e de lecture estim\u00e9e":"2 minutes"},"schema":{"@context":"https:\/\/schema.org","@graph":[{"@type":"WebPage","@id":"https:\/\/www.holtsauto.com\/fr\/produits\/reparation-maintenance\/firegum\/","url":"https:\/\/www.holtsauto.com\/fr\/produits\/reparation-maintenance\/firegum\/","name":"Firegum | Produits | Holts FR","isPartOf":{"@id":"https:\/\/www.holtsauto.com\/fr\/#website"},"primaryImageOfPage":{"@id":"https:\/\/www.holtsauto.com\/fr\/produits\/reparation-maintenance\/firegum\/#primaryimage"},"image":{"@id":"https:\/\/www.holtsauto.com\/fr\/produits\/reparation-maintenance\/firegum\/#primaryimage"},"thumbnailUrl":"https:\/\/www.holtsauto.com\/wp-content\/uploads\/2017\/07\/firegum.png","datePublished":"2024-06-20T11:11:20+00:00","dateModified":"2025-02-12T08:21:49+00:00","description":"Holts Firegum est une p\u00e2te d'assemblage d'\u00e9chappement sp\u00e9cialement d\u00e9velopp\u00e9e pour vous offrir des joints \u00e9tanches aux gaz dans les joints o\u00f9 l'ajustement est mauvais ou o\u00f9 le joint est d\u00e9fectueux.","breadcrumb":{"@id":"https:\/\/www.holtsauto.com\/fr\/produits\/reparation-maintenance\/firegum\/#breadcrumb"},"inLanguage":"fr-FR","potentialAction":[{"@type":"ReadAction","target":["https:\/\/www.holtsauto.com\/fr\/produits\/reparation-maintenance\/firegum\/"]}]},{"@type":"ImageObject","inLanguage":"fr-FR","@id":"https:\/\/www.holtsauto.com\/fr\/produits\/reparation-maintenance\/firegum\/#primaryimage","url":"https:\/\/www.holtsauto.com\/wp-content\/uploads\/2017\/07\/firegum.png","contentUrl":"https:\/\/www.holtsauto.com\/wp-content\/uploads\/2017\/07\/firegum.png","width":2000,"height":2000,"caption":"holts firegum main"},{"@type":"BreadcrumbList","@id":"https:\/\/www.holtsauto.com\/fr\/produits\/reparation-maintenance\/firegum\/#breadcrumb","itemListElement":[{"@type":"ListItem","position":1,"name":"Home","item":"https:\/\/www.holtsauto.com\/fr\/"},{"@type":"ListItem","position":2,"name":"Produits","item":"https:\/\/www.holtsauto.com\/fr\/produits\/"},{"@type":"ListItem","position":3,"name":"Firegum"}]},{"@type":"WebSite","@id":"https:\/\/www.holtsauto.com\/fr\/#website","url":"https:\/\/www.holtsauto.com\/fr\/","name":"Holts Auto","description":"","potentialAction":[{"@type":"SearchAction","target":{"@type":"EntryPoint","urlTemplate":"https:\/\/www.holtsauto.com\/fr\/?s={search_term_string}"},"query-input":{"@type":"PropertyValueSpecification","valueRequired":true,"valueName":"search_term_string"}}],"inLanguage":"fr-FR"}]}},"_links":{"self":[{"href":"https:\/\/www.holtsauto.com\/fr\/wp-json\/wp\/v2\/product\/11460","targetHints":{"allow":["GET"]}}],"collection":[{"href":"https:\/\/www.holtsauto.com\/fr\/wp-json\/wp\/v2\/product"}],"about":[{"href":"https:\/\/www.holtsauto.com\/fr\/wp-json\/wp\/v2\/types\/product"}],"replies":[{"embeddable":true,"href":"https:\/\/www.holtsauto.com\/fr\/wp-json\/wp\/v2\/comments?post=11460"}],"wp:featuredmedia":[{"embeddable":true,"href":"https:\/\/www.holtsauto.com\/fr\/wp-json\/wp\/v2\/media\/11440"}],"wp:attachment":[{"href":"https:\/\/www.holtsauto.com\/fr\/wp-json\/wp\/v2\/media?parent=11460"}],"wp:term":[{"taxonomy":"product_brand","embeddable":true,"href":"https:\/\/www.holtsauto.com\/fr\/wp-json\/wp\/v2\/product_brand?post=11460"},{"taxonomy":"product_cat","embeddable":true,"href":"https:\/\/www.holtsauto.com\/fr\/wp-json\/wp\/v2\/product_cat?post=11460"},{"taxonomy":"product_tag","embeddable":true,"href":"https:\/\/www.holtsauto.com\/fr\/wp-json\/wp\/v2\/product_tag?post=11460"}],"curies":[{"name":"wp","href":"https:\/\/api.w.org\/{rel}","templated":true}]}}