{"id":1383,"date":"2017-05-02T14:24:44","date_gmt":"2017-05-02T15:24:44","guid":{"rendered":"https:\/\/www.holtsauto.com\/fr\/?post_type=product&#038;p=1383"},"modified":"2025-08-01T11:35:46","modified_gmt":"2025-08-01T11:35:46","slug":"nettoyant-desodorisant-clim","status":"publish","type":"product","link":"https:\/\/www.holtsauto.com\/fr\/produits\/nettoyage-interieur\/nettoyant-desodorisant-clim\/","title":{"rendered":"Nettoyant Climatisation"},"content":{"rendered":"<p>Il est parfois difficile de venir \u00e0 bout des odeurs d\u00e9sagr\u00e9ables qui s\u2019installent au sein de l\u2019habitacle.<\/p>\n<p>Il est parfois difficile de g\u00e9rer les odeurs d\u00e9sagr\u00e9ables qui se d\u00e9posent dans l&rsquo;habitacle. Les odeurs telles que la nourriture, la fum\u00e9e de cigarette ou les odeurs d&rsquo;animaux restent dans votre voiture et provoquent des bact\u00e9ries.<\/p>\n<p>Pour \u00a0venir efficacement \u00a0\u00e0 bout de ces mauvaises odeurs et laisser une agr\u00e9able odeur au sein de l\u2019habitacle utilisez le Nettoyant Climatisation\u00a0Holts.<\/p>\n<ul>\n<li>\u00c9limine les mauvaises odeurs<\/li>\n<li>Laisse un agr\u00e9able parfum frais<\/li>\n<\/ul>\n<p>Le Nettoyant Climatisation Holts \u00e9limine en moins de 10 minutes les bact\u00e9ries et les mauvaises odeurs au sein de l\u2019habitacle.<\/p>\n<p>La formule professionnelle du Nettoyant Climatisation de Holts vous garantit la disparition des mauvaises odeurs et laisse une agr\u00e9able\u00a0 sensation fraiche et propre au sein de l\u2019habitacle.<\/p>\n","protected":false},"excerpt":{"rendered":"<p><span style=\"font-weight: 400;\">D\u00e9sinfectez et \u00e9liminez les mauvaises odeurs dans l\u2019habitacle avec le Nettoyant Climatisation Holts.<\/span><\/p>\n<ul>\n<li>\u00c9limine les mauvaises odeurs<\/li>\n<li>Laisse un agr\u00e9able parfum frais<\/li>\n<\/ul>\n","protected":false},"featured_media":13570,"comment_status":"closed","ping_status":"closed","template":"","meta":{"_acf_changed":false,"inline_featured_image":false},"product_brand":[],"product_cat":[311],"product_tag":[],"class_list":{"0":"post-1383","1":"product","2":"type-product","3":"status-publish","4":"has-post-thumbnail","6":"product_cat-gamme-professionnelle","8":"first","9":"instock","10":"shipping-taxable","11":"purchasable","12":"product-type-simple"},"acf":[],"yoast_head":"<!-- This site is optimized with the Yoast SEO plugin v27.3 - https:\/\/yoast.com\/product\/yoast-seo-wordpress\/ -->\n<title>Nettoyant Climatisation | Produits | Holts FR<\/title>\n<meta name=\"description\" content=\"Le Nettoyant Climatisation \u00e9limine rapidement les mauvaises odeurs de votre syst\u00e8me de climatisation et assainie l\u2019habitacle.\" \/>\n<meta name=\"robots\" content=\"index, follow, max-snippet:-1, max-image-preview:large, max-video-preview:-1\" \/>\n<link rel=\"canonical\" href=\"https:\/\/www.holtsauto.com\/fr\/produits\/nettoyage-interieur\/nettoyant-desodorisant-clim\/\" \/>\n<meta property=\"og:locale\" content=\"fr_FR\" \/>\n<meta property=\"og:type\" content=\"article\" \/>\n<meta property=\"og:title\" content=\"Nettoyant Climatisation | Produits | Holts FR\" \/>\n<meta property=\"og:description\" content=\"Le Nettoyant Climatisation \u00e9limine rapidement les mauvaises odeurs de votre syst\u00e8me de climatisation et assainie l\u2019habitacle.\" \/>\n<meta property=\"og:url\" content=\"https:\/\/www.holtsauto.com\/fr\/produits\/nettoyage-interieur\/nettoyant-desodorisant-clim\/\" \/>\n<meta property=\"og:site_name\" content=\"Holts Auto Site\" \/>\n<meta property=\"article:modified_time\" content=\"2025-08-01T11:35:46+00:00\" \/>\n<meta property=\"og:image\" content=\"https:\/\/www.holtsauto.com\/wp-content\/uploads\/2024\/08\/Holts-Air-Con-Cleaner-150ml.png\" \/>\n\t<meta property=\"og:image:width\" content=\"2000\" \/>\n\t<meta property=\"og:image:height\" content=\"2000\" \/>\n\t<meta property=\"og:image:type\" content=\"image\/png\" \/>\n<meta name=\"twitter:card\" content=\"summary_large_image\" \/>\n<meta name=\"twitter:label1\" content=\"Dur\u00e9e de lecture estim\u00e9e\" \/>\n\t<meta name=\"twitter:data1\" content=\"1 minute\" \/>\n<script type=\"application\/ld+json\" class=\"yoast-schema-graph\">{\"@context\":\"https:\\\/\\\/schema.org\",\"@graph\":[{\"@type\":\"WebPage\",\"@id\":\"https:\\\/\\\/www.holtsauto.com\\\/fr\\\/produits\\\/nettoyage-interieur\\\/nettoyant-desodorisant-clim\\\/\",\"url\":\"https:\\\/\\\/www.holtsauto.com\\\/fr\\\/produits\\\/nettoyage-interieur\\\/nettoyant-desodorisant-clim\\\/\",\"name\":\"Nettoyant Climatisation | Produits | Holts FR\",\"isPartOf\":{\"@id\":\"https:\\\/\\\/www.holtsauto.com\\\/fr\\\/#website\"},\"primaryImageOfPage\":{\"@id\":\"https:\\\/\\\/www.holtsauto.com\\\/fr\\\/produits\\\/nettoyage-interieur\\\/nettoyant-desodorisant-clim\\\/#primaryimage\"},\"image\":{\"@id\":\"https:\\\/\\\/www.holtsauto.com\\\/fr\\\/produits\\\/nettoyage-interieur\\\/nettoyant-desodorisant-clim\\\/#primaryimage\"},\"thumbnailUrl\":\"https:\\\/\\\/www.holtsauto.com\\\/wp-content\\\/uploads\\\/2024\\\/08\\\/Holts-Air-Con-Cleaner-150ml.png\",\"datePublished\":\"2017-05-02T15:24:44+00:00\",\"dateModified\":\"2025-08-01T11:35:46+00:00\",\"description\":\"Le Nettoyant Climatisation \u00e9limine rapidement les mauvaises odeurs de votre syst\u00e8me de climatisation et assainie l\u2019habitacle.\",\"breadcrumb\":{\"@id\":\"https:\\\/\\\/www.holtsauto.com\\\/fr\\\/produits\\\/nettoyage-interieur\\\/nettoyant-desodorisant-clim\\\/#breadcrumb\"},\"inLanguage\":\"fr-FR\",\"potentialAction\":[{\"@type\":\"ReadAction\",\"target\":[\"https:\\\/\\\/www.holtsauto.com\\\/fr\\\/produits\\\/nettoyage-interieur\\\/nettoyant-desodorisant-clim\\\/\"]}]},{\"@type\":\"ImageObject\",\"inLanguage\":\"fr-FR\",\"@id\":\"https:\\\/\\\/www.holtsauto.com\\\/fr\\\/produits\\\/nettoyage-interieur\\\/nettoyant-desodorisant-clim\\\/#primaryimage\",\"url\":\"https:\\\/\\\/www.holtsauto.com\\\/wp-content\\\/uploads\\\/2024\\\/08\\\/Holts-Air-Con-Cleaner-150ml.png\",\"contentUrl\":\"https:\\\/\\\/www.holtsauto.com\\\/wp-content\\\/uploads\\\/2024\\\/08\\\/Holts-Air-Con-Cleaner-150ml.png\",\"width\":2000,\"height\":2000,\"caption\":\"hotls air-con cleaner - air conditioning cleaner\"},{\"@type\":\"BreadcrumbList\",\"@id\":\"https:\\\/\\\/www.holtsauto.com\\\/fr\\\/produits\\\/nettoyage-interieur\\\/nettoyant-desodorisant-clim\\\/#breadcrumb\",\"itemListElement\":[{\"@type\":\"ListItem\",\"position\":1,\"name\":\"Home\",\"item\":\"https:\\\/\\\/www.holtsauto.com\\\/fr\\\/\"},{\"@type\":\"ListItem\",\"position\":2,\"name\":\"Produits\",\"item\":\"https:\\\/\\\/www.holtsauto.com\\\/fr\\\/produits\\\/\"},{\"@type\":\"ListItem\",\"position\":3,\"name\":\"Nettoyant Climatisation\"}]},{\"@type\":\"WebSite\",\"@id\":\"https:\\\/\\\/www.holtsauto.com\\\/fr\\\/#website\",\"url\":\"https:\\\/\\\/www.holtsauto.com\\\/fr\\\/\",\"name\":\"Holts Auto\",\"description\":\"\",\"potentialAction\":[{\"@type\":\"SearchAction\",\"target\":{\"@type\":\"EntryPoint\",\"urlTemplate\":\"https:\\\/\\\/www.holtsauto.com\\\/fr\\\/?s={search_term_string}\"},\"query-input\":{\"@type\":\"PropertyValueSpecification\",\"valueRequired\":true,\"valueName\":\"search_term_string\"}}],\"inLanguage\":\"fr-FR\"}]}<\/script>\n<!-- \/ Yoast SEO plugin. -->","yoast_head_json":{"title":"Nettoyant Climatisation | Produits | Holts FR","description":"Le Nettoyant Climatisation \u00e9limine rapidement les mauvaises odeurs de votre syst\u00e8me de climatisation et assainie l\u2019habitacle.","robots":{"index":"index","follow":"follow","max-snippet":"max-snippet:-1","max-image-preview":"max-image-preview:large","max-video-preview":"max-video-preview:-1"},"canonical":"https:\/\/www.holtsauto.com\/fr\/produits\/nettoyage-interieur\/nettoyant-desodorisant-clim\/","og_locale":"fr_FR","og_type":"article","og_title":"Nettoyant Climatisation | Produits | Holts FR","og_description":"Le Nettoyant Climatisation \u00e9limine rapidement les mauvaises odeurs de votre syst\u00e8me de climatisation et assainie l\u2019habitacle.","og_url":"https:\/\/www.holtsauto.com\/fr\/produits\/nettoyage-interieur\/nettoyant-desodorisant-clim\/","og_site_name":"Holts Auto Site","article_modified_time":"2025-08-01T11:35:46+00:00","og_image":[{"width":2000,"height":2000,"url":"https:\/\/www.holtsauto.com\/wp-content\/uploads\/2024\/08\/Holts-Air-Con-Cleaner-150ml.png","type":"image\/png"}],"twitter_card":"summary_large_image","twitter_misc":{"Dur\u00e9e de lecture estim\u00e9e":"1 minute"},"schema":{"@context":"https:\/\/schema.org","@graph":[{"@type":"WebPage","@id":"https:\/\/www.holtsauto.com\/fr\/produits\/nettoyage-interieur\/nettoyant-desodorisant-clim\/","url":"https:\/\/www.holtsauto.com\/fr\/produits\/nettoyage-interieur\/nettoyant-desodorisant-clim\/","name":"Nettoyant Climatisation | Produits | Holts FR","isPartOf":{"@id":"https:\/\/www.holtsauto.com\/fr\/#website"},"primaryImageOfPage":{"@id":"https:\/\/www.holtsauto.com\/fr\/produits\/nettoyage-interieur\/nettoyant-desodorisant-clim\/#primaryimage"},"image":{"@id":"https:\/\/www.holtsauto.com\/fr\/produits\/nettoyage-interieur\/nettoyant-desodorisant-clim\/#primaryimage"},"thumbnailUrl":"https:\/\/www.holtsauto.com\/wp-content\/uploads\/2024\/08\/Holts-Air-Con-Cleaner-150ml.png","datePublished":"2017-05-02T15:24:44+00:00","dateModified":"2025-08-01T11:35:46+00:00","description":"Le Nettoyant Climatisation \u00e9limine rapidement les mauvaises odeurs de votre syst\u00e8me de climatisation et assainie l\u2019habitacle.","breadcrumb":{"@id":"https:\/\/www.holtsauto.com\/fr\/produits\/nettoyage-interieur\/nettoyant-desodorisant-clim\/#breadcrumb"},"inLanguage":"fr-FR","potentialAction":[{"@type":"ReadAction","target":["https:\/\/www.holtsauto.com\/fr\/produits\/nettoyage-interieur\/nettoyant-desodorisant-clim\/"]}]},{"@type":"ImageObject","inLanguage":"fr-FR","@id":"https:\/\/www.holtsauto.com\/fr\/produits\/nettoyage-interieur\/nettoyant-desodorisant-clim\/#primaryimage","url":"https:\/\/www.holtsauto.com\/wp-content\/uploads\/2024\/08\/Holts-Air-Con-Cleaner-150ml.png","contentUrl":"https:\/\/www.holtsauto.com\/wp-content\/uploads\/2024\/08\/Holts-Air-Con-Cleaner-150ml.png","width":2000,"height":2000,"caption":"hotls air-con cleaner - air conditioning cleaner"},{"@type":"BreadcrumbList","@id":"https:\/\/www.holtsauto.com\/fr\/produits\/nettoyage-interieur\/nettoyant-desodorisant-clim\/#breadcrumb","itemListElement":[{"@type":"ListItem","position":1,"name":"Home","item":"https:\/\/www.holtsauto.com\/fr\/"},{"@type":"ListItem","position":2,"name":"Produits","item":"https:\/\/www.holtsauto.com\/fr\/produits\/"},{"@type":"ListItem","position":3,"name":"Nettoyant Climatisation"}]},{"@type":"WebSite","@id":"https:\/\/www.holtsauto.com\/fr\/#website","url":"https:\/\/www.holtsauto.com\/fr\/","name":"Holts Auto","description":"","potentialAction":[{"@type":"SearchAction","target":{"@type":"EntryPoint","urlTemplate":"https:\/\/www.holtsauto.com\/fr\/?s={search_term_string}"},"query-input":{"@type":"PropertyValueSpecification","valueRequired":true,"valueName":"search_term_string"}}],"inLanguage":"fr-FR"}]}},"_links":{"self":[{"href":"https:\/\/www.holtsauto.com\/fr\/wp-json\/wp\/v2\/product\/1383","targetHints":{"allow":["GET"]}}],"collection":[{"href":"https:\/\/www.holtsauto.com\/fr\/wp-json\/wp\/v2\/product"}],"about":[{"href":"https:\/\/www.holtsauto.com\/fr\/wp-json\/wp\/v2\/types\/product"}],"replies":[{"embeddable":true,"href":"https:\/\/www.holtsauto.com\/fr\/wp-json\/wp\/v2\/comments?post=1383"}],"wp:featuredmedia":[{"embeddable":true,"href":"https:\/\/www.holtsauto.com\/fr\/wp-json\/wp\/v2\/media\/13570"}],"wp:attachment":[{"href":"https:\/\/www.holtsauto.com\/fr\/wp-json\/wp\/v2\/media?parent=1383"}],"wp:term":[{"taxonomy":"product_brand","embeddable":true,"href":"https:\/\/www.holtsauto.com\/fr\/wp-json\/wp\/v2\/product_brand?post=1383"},{"taxonomy":"product_cat","embeddable":true,"href":"https:\/\/www.holtsauto.com\/fr\/wp-json\/wp\/v2\/product_cat?post=1383"},{"taxonomy":"product_tag","embeddable":true,"href":"https:\/\/www.holtsauto.com\/fr\/wp-json\/wp\/v2\/product_tag?post=1383"}],"curies":[{"name":"wp","href":"https:\/\/api.w.org\/{rel}","templated":true}]}}