{"id":13986,"date":"2026-05-05T11:40:44","date_gmt":"2026-05-05T11:40:44","guid":{"rendered":"https:\/\/www.holtsauto.com\/?post_type=product&#038;p=13986"},"modified":"2026-05-06T14:23:52","modified_gmt":"2026-05-06T14:23:52","slug":"mousse-nettoyante-jantes","status":"publish","type":"product","link":"https:\/\/www.holtsauto.com\/fr\/produits\/nettoyage-exterieur\/mousse-nettoyante-jantes\/","title":{"rendered":"Mousse Nettoyante Jantes"},"content":{"rendered":"<p>La Mousse Nettoyante Jantes Holts s&rsquo;appuie sur une formule moussante puissante con\u00e7ue pour \u00e9liminer facilement les salet\u00e9s tenaces, la crasse et la poussi\u00e8re de frein.<\/p>\n<p>Sa formule avanc\u00e9e agit en profondeur sur les contaminants, tandis que sa mousse riche et adh\u00e9rente assure une couverture maximale pour un nettoyage en profondeur. Sa formule mousse devient rouge au contact des particules ferreuses.<\/p>\n<p>R\u00e9sultat : des jantes propres, raviv\u00e9es et comme restaur\u00e9es, en un minimum de temps et sans effort<\/p>\n","protected":false},"excerpt":{"rendered":"<p>La Mousse Nettoyante Jantes Holts s&rsquo;appuie sur une formule moussante puissante con\u00e7ue pour \u00e9liminer facilement les salet\u00e9s tenaces, la crasse et la poussi\u00e8re de frein.<\/p>\n<p><strong>Principales caract\u00e9ristiques<\/strong><\/p>\n<ul>\n<li>Recouvre enti\u00e8rement la jante pour un nettoyage en profondeur<\/li>\n<li>Cette formule est sans acide et convient \u00e0 tous les types de jantes<\/li>\n<li>Excellente adh\u00e9rence pour \u00e9liminer la poussi\u00e8re de frein<\/li>\n<\/ul>\n","protected":false},"featured_media":13990,"comment_status":"open","ping_status":"closed","template":"","meta":{"_acf_changed":false,"inline_featured_image":false},"product_brand":[],"product_cat":[307],"product_tag":[],"class_list":{"0":"post-13986","1":"product","2":"type-product","3":"status-publish","4":"has-post-thumbnail","6":"product_cat-nettoyage-exterieur","8":"first","9":"instock","10":"shipping-taxable","11":"purchasable","12":"product-type-simple"},"acf":[],"yoast_head":"<!-- This site is optimized with the Yoast SEO plugin v27.5 - https:\/\/yoast.com\/product\/yoast-seo-wordpress\/ -->\n<title>Mousse Nettoyante Jantes | Holts France<\/title>\n<meta name=\"description\" content=\"La Mousse Nettoyante Jantes assure une couverture maximale pour un nettoyage en profondeur. Sa formule mousse devient rouge au contact des particules ferreuses.\" \/>\n<meta name=\"robots\" content=\"index, follow, max-snippet:-1, max-image-preview:large, max-video-preview:-1\" \/>\n<link rel=\"canonical\" href=\"https:\/\/www.holtsauto.com\/fr\/produits\/nettoyage-exterieur\/mousse-nettoyante-jantes\/\" \/>\n<meta property=\"og:locale\" content=\"fr_FR\" \/>\n<meta property=\"og:type\" content=\"article\" \/>\n<meta property=\"og:title\" content=\"Mousse Nettoyante Jantes | Holts France\" \/>\n<meta property=\"og:description\" content=\"La Mousse Nettoyante Jantes assure une couverture maximale pour un nettoyage en profondeur. Sa formule mousse devient rouge au contact des particules ferreuses.\" \/>\n<meta property=\"og:url\" content=\"https:\/\/www.holtsauto.com\/fr\/produits\/nettoyage-exterieur\/mousse-nettoyante-jantes\/\" \/>\n<meta property=\"og:site_name\" content=\"Holts Auto Site\" \/>\n<meta property=\"article:modified_time\" content=\"2026-05-06T14:23:52+00:00\" \/>\n<meta property=\"og:image\" content=\"https:\/\/www.holtsauto.com\/wp-content\/uploads\/2026\/04\/Mousse-Nettoyante-Jantes.png\" \/>\n\t<meta property=\"og:image:width\" content=\"2000\" \/>\n\t<meta property=\"og:image:height\" content=\"2000\" \/>\n\t<meta property=\"og:image:type\" content=\"image\/png\" \/>\n<meta name=\"twitter:card\" content=\"summary_large_image\" \/>\n<meta name=\"twitter:label1\" content=\"Dur\u00e9e de lecture estim\u00e9e\" \/>\n\t<meta name=\"twitter:data1\" content=\"1 minute\" \/>\n<script type=\"application\/ld+json\" class=\"yoast-schema-graph\">{\"@context\":\"https:\\\/\\\/schema.org\",\"@graph\":[{\"@type\":\"WebPage\",\"@id\":\"https:\\\/\\\/www.holtsauto.com\\\/fr\\\/produits\\\/nettoyage-exterieur\\\/mousse-nettoyante-jantes\\\/\",\"url\":\"https:\\\/\\\/www.holtsauto.com\\\/fr\\\/produits\\\/nettoyage-exterieur\\\/mousse-nettoyante-jantes\\\/\",\"name\":\"Mousse Nettoyante Jantes | Holts France\",\"isPartOf\":{\"@id\":\"https:\\\/\\\/www.holtsauto.com\\\/fr\\\/#website\"},\"primaryImageOfPage\":{\"@id\":\"https:\\\/\\\/www.holtsauto.com\\\/fr\\\/produits\\\/nettoyage-exterieur\\\/mousse-nettoyante-jantes\\\/#primaryimage\"},\"image\":{\"@id\":\"https:\\\/\\\/www.holtsauto.com\\\/fr\\\/produits\\\/nettoyage-exterieur\\\/mousse-nettoyante-jantes\\\/#primaryimage\"},\"thumbnailUrl\":\"https:\\\/\\\/www.holtsauto.com\\\/wp-content\\\/uploads\\\/2026\\\/04\\\/Mousse-Nettoyante-Jantes.png\",\"datePublished\":\"2026-05-05T11:40:44+00:00\",\"dateModified\":\"2026-05-06T14:23:52+00:00\",\"description\":\"La Mousse Nettoyante Jantes assure une couverture maximale pour un nettoyage en profondeur. Sa formule mousse devient rouge au contact des particules ferreuses.\",\"breadcrumb\":{\"@id\":\"https:\\\/\\\/www.holtsauto.com\\\/fr\\\/produits\\\/nettoyage-exterieur\\\/mousse-nettoyante-jantes\\\/#breadcrumb\"},\"inLanguage\":\"fr-FR\",\"potentialAction\":[{\"@type\":\"ReadAction\",\"target\":[\"https:\\\/\\\/www.holtsauto.com\\\/fr\\\/produits\\\/nettoyage-exterieur\\\/mousse-nettoyante-jantes\\\/\"]}]},{\"@type\":\"ImageObject\",\"inLanguage\":\"fr-FR\",\"@id\":\"https:\\\/\\\/www.holtsauto.com\\\/fr\\\/produits\\\/nettoyage-exterieur\\\/mousse-nettoyante-jantes\\\/#primaryimage\",\"url\":\"https:\\\/\\\/www.holtsauto.com\\\/wp-content\\\/uploads\\\/2026\\\/04\\\/Mousse-Nettoyante-Jantes.png\",\"contentUrl\":\"https:\\\/\\\/www.holtsauto.com\\\/wp-content\\\/uploads\\\/2026\\\/04\\\/Mousse-Nettoyante-Jantes.png\",\"width\":2000,\"height\":2000,\"caption\":\"Holts France Mousse Nettoyante Jantes\"},{\"@type\":\"BreadcrumbList\",\"@id\":\"https:\\\/\\\/www.holtsauto.com\\\/fr\\\/produits\\\/nettoyage-exterieur\\\/mousse-nettoyante-jantes\\\/#breadcrumb\",\"itemListElement\":[{\"@type\":\"ListItem\",\"position\":1,\"name\":\"Home\",\"item\":\"https:\\\/\\\/www.holtsauto.com\\\/fr\\\/\"},{\"@type\":\"ListItem\",\"position\":2,\"name\":\"Produits\",\"item\":\"https:\\\/\\\/www.holtsauto.com\\\/fr\\\/produits\\\/\"},{\"@type\":\"ListItem\",\"position\":3,\"name\":\"Mousse Nettoyante Jantes\"}]},{\"@type\":\"WebSite\",\"@id\":\"https:\\\/\\\/www.holtsauto.com\\\/fr\\\/#website\",\"url\":\"https:\\\/\\\/www.holtsauto.com\\\/fr\\\/\",\"name\":\"Holts Auto\",\"description\":\"\",\"potentialAction\":[{\"@type\":\"SearchAction\",\"target\":{\"@type\":\"EntryPoint\",\"urlTemplate\":\"https:\\\/\\\/www.holtsauto.com\\\/fr\\\/?s={search_term_string}\"},\"query-input\":{\"@type\":\"PropertyValueSpecification\",\"valueRequired\":true,\"valueName\":\"search_term_string\"}}],\"inLanguage\":\"fr-FR\"}]}<\/script>\n<!-- \/ Yoast SEO plugin. -->","yoast_head_json":{"title":"Mousse Nettoyante Jantes | Holts France","description":"La Mousse Nettoyante Jantes assure une couverture maximale pour un nettoyage en profondeur. Sa formule mousse devient rouge au contact des particules ferreuses.","robots":{"index":"index","follow":"follow","max-snippet":"max-snippet:-1","max-image-preview":"max-image-preview:large","max-video-preview":"max-video-preview:-1"},"canonical":"https:\/\/www.holtsauto.com\/fr\/produits\/nettoyage-exterieur\/mousse-nettoyante-jantes\/","og_locale":"fr_FR","og_type":"article","og_title":"Mousse Nettoyante Jantes | Holts France","og_description":"La Mousse Nettoyante Jantes assure une couverture maximale pour un nettoyage en profondeur. Sa formule mousse devient rouge au contact des particules ferreuses.","og_url":"https:\/\/www.holtsauto.com\/fr\/produits\/nettoyage-exterieur\/mousse-nettoyante-jantes\/","og_site_name":"Holts Auto Site","article_modified_time":"2026-05-06T14:23:52+00:00","og_image":[{"width":2000,"height":2000,"url":"https:\/\/www.holtsauto.com\/wp-content\/uploads\/2026\/04\/Mousse-Nettoyante-Jantes.png","type":"image\/png"}],"twitter_card":"summary_large_image","twitter_misc":{"Dur\u00e9e de lecture estim\u00e9e":"1 minute"},"schema":{"@context":"https:\/\/schema.org","@graph":[{"@type":"WebPage","@id":"https:\/\/www.holtsauto.com\/fr\/produits\/nettoyage-exterieur\/mousse-nettoyante-jantes\/","url":"https:\/\/www.holtsauto.com\/fr\/produits\/nettoyage-exterieur\/mousse-nettoyante-jantes\/","name":"Mousse Nettoyante Jantes | Holts France","isPartOf":{"@id":"https:\/\/www.holtsauto.com\/fr\/#website"},"primaryImageOfPage":{"@id":"https:\/\/www.holtsauto.com\/fr\/produits\/nettoyage-exterieur\/mousse-nettoyante-jantes\/#primaryimage"},"image":{"@id":"https:\/\/www.holtsauto.com\/fr\/produits\/nettoyage-exterieur\/mousse-nettoyante-jantes\/#primaryimage"},"thumbnailUrl":"https:\/\/www.holtsauto.com\/wp-content\/uploads\/2026\/04\/Mousse-Nettoyante-Jantes.png","datePublished":"2026-05-05T11:40:44+00:00","dateModified":"2026-05-06T14:23:52+00:00","description":"La Mousse Nettoyante Jantes assure une couverture maximale pour un nettoyage en profondeur. Sa formule mousse devient rouge au contact des particules ferreuses.","breadcrumb":{"@id":"https:\/\/www.holtsauto.com\/fr\/produits\/nettoyage-exterieur\/mousse-nettoyante-jantes\/#breadcrumb"},"inLanguage":"fr-FR","potentialAction":[{"@type":"ReadAction","target":["https:\/\/www.holtsauto.com\/fr\/produits\/nettoyage-exterieur\/mousse-nettoyante-jantes\/"]}]},{"@type":"ImageObject","inLanguage":"fr-FR","@id":"https:\/\/www.holtsauto.com\/fr\/produits\/nettoyage-exterieur\/mousse-nettoyante-jantes\/#primaryimage","url":"https:\/\/www.holtsauto.com\/wp-content\/uploads\/2026\/04\/Mousse-Nettoyante-Jantes.png","contentUrl":"https:\/\/www.holtsauto.com\/wp-content\/uploads\/2026\/04\/Mousse-Nettoyante-Jantes.png","width":2000,"height":2000,"caption":"Holts France Mousse Nettoyante Jantes"},{"@type":"BreadcrumbList","@id":"https:\/\/www.holtsauto.com\/fr\/produits\/nettoyage-exterieur\/mousse-nettoyante-jantes\/#breadcrumb","itemListElement":[{"@type":"ListItem","position":1,"name":"Home","item":"https:\/\/www.holtsauto.com\/fr\/"},{"@type":"ListItem","position":2,"name":"Produits","item":"https:\/\/www.holtsauto.com\/fr\/produits\/"},{"@type":"ListItem","position":3,"name":"Mousse Nettoyante Jantes"}]},{"@type":"WebSite","@id":"https:\/\/www.holtsauto.com\/fr\/#website","url":"https:\/\/www.holtsauto.com\/fr\/","name":"Holts Auto","description":"","potentialAction":[{"@type":"SearchAction","target":{"@type":"EntryPoint","urlTemplate":"https:\/\/www.holtsauto.com\/fr\/?s={search_term_string}"},"query-input":{"@type":"PropertyValueSpecification","valueRequired":true,"valueName":"search_term_string"}}],"inLanguage":"fr-FR"}]}},"_links":{"self":[{"href":"https:\/\/www.holtsauto.com\/fr\/wp-json\/wp\/v2\/product\/13986","targetHints":{"allow":["GET"]}}],"collection":[{"href":"https:\/\/www.holtsauto.com\/fr\/wp-json\/wp\/v2\/product"}],"about":[{"href":"https:\/\/www.holtsauto.com\/fr\/wp-json\/wp\/v2\/types\/product"}],"replies":[{"embeddable":true,"href":"https:\/\/www.holtsauto.com\/fr\/wp-json\/wp\/v2\/comments?post=13986"}],"wp:featuredmedia":[{"embeddable":true,"href":"https:\/\/www.holtsauto.com\/fr\/wp-json\/wp\/v2\/media\/13990"}],"wp:attachment":[{"href":"https:\/\/www.holtsauto.com\/fr\/wp-json\/wp\/v2\/media?parent=13986"}],"wp:term":[{"taxonomy":"product_brand","embeddable":true,"href":"https:\/\/www.holtsauto.com\/fr\/wp-json\/wp\/v2\/product_brand?post=13986"},{"taxonomy":"product_cat","embeddable":true,"href":"https:\/\/www.holtsauto.com\/fr\/wp-json\/wp\/v2\/product_cat?post=13986"},{"taxonomy":"product_tag","embeddable":true,"href":"https:\/\/www.holtsauto.com\/fr\/wp-json\/wp\/v2\/product_tag?post=13986"}],"curies":[{"name":"wp","href":"https:\/\/api.w.org\/{rel}","templated":true}]}}