{"id":1548,"date":"2017-08-15T11:33:53","date_gmt":"2017-08-15T12:33:53","guid":{"rendered":"https:\/\/www.holtsauto.com\/fr\/?post_type=product&#038;p=1548"},"modified":"2026-03-19T15:36:41","modified_gmt":"2026-03-19T15:36:41","slug":"kit-de-renovation-optiques-de-phares","status":"publish","type":"product","link":"https:\/\/www.holtsauto.com\/fr\/produits\/reparation-maintenance\/kit-de-renovation-optiques-de-phares\/","title":{"rendered":"Kit de R\u00e9novation Optiques de Phares"},"content":{"rendered":"<p><span style=\"font-weight: 400;\">Le Kit de R\u00e9novation Optiques de Phares Holts redonne la transparence et l&rsquo;\u00e9clat d&rsquo;origine aux optiques de phares jaunis, ternes ou ray\u00e9s. Il redonne \u00e0 vos optiques une visibilit\u00e9 maximale et permet de passer le contr\u00f4le technique en toute s\u00e9r\u00e9nit\u00e9 !\u00a0<\/span><\/p>\n<p><span style=\"font-weight: 400;\">Assurez un nettoyage en profondeur des phares de votre voiture. Ne risquez pas d\u2019\u00e9chouer votre contr\u00f4le technique avec des phares troubles. Avec notre Kit de R\u00e9novation, vous pouvez r\u00e9soudre le probl\u00e8me vous-m\u00eame \u00e0 la maison et \u00e9viter les frais suppl\u00e9mentaires li\u00e9s \u00e0 l&rsquo;acheminement au garage.<\/span><\/p>\n","protected":false},"excerpt":{"rendered":"<p>Le Kit de R\u00e9novation d\u2019Optiques de Phares Holts contient tout ce dont vous avez besoin pour r\u00e9parer et restaurer les phares de votre voiture.<\/p>\n<ul>\n<li><span style=\"font-weight: 400;\">Redonne transparence et \u00e9clat d&rsquo;orgine\u00a0<\/span><\/li>\n<li><span style=\"font-weight: 400;\"> Supprime rayures profondes et oxydation de surface\u00a0<\/span><\/li>\n<li><span style=\"font-weight: 400;\"> Facilite le passage du contr\u00f4le technique\u00a0<\/span><\/li>\n<li><span style=\"font-weight: 400;\"> Simple et facile \u00e0 utiliser\u00a0<\/span><\/li>\n<\/ul>\n","protected":false},"featured_media":11275,"comment_status":"closed","ping_status":"closed","template":"","meta":{"_acf_changed":false,"inline_featured_image":false},"product_brand":[],"product_cat":[310],"product_tag":[],"class_list":{"0":"post-1548","1":"product","2":"type-product","3":"status-publish","4":"has-post-thumbnail","6":"product_cat-reparation-maintenance","8":"first","9":"instock","10":"shipping-taxable","11":"purchasable","12":"product-type-simple"},"acf":[],"yoast_head":"<!-- This site is optimized with the Yoast SEO plugin v27.3 - https:\/\/yoast.com\/product\/yoast-seo-wordpress\/ -->\n<title>Kit de R\u00e9novation Optiques de Phares | Produits | Holts FR<\/title>\n<meta name=\"description\" content=\"Vos verres de phares sont jaunis, ternes ou ray\u00e9s ? Probl\u00e8me r\u00e9solu avec Holts et son kit de r\u00e9novation d&#039;optique de phare!\" \/>\n<meta name=\"robots\" content=\"index, follow, max-snippet:-1, max-image-preview:large, max-video-preview:-1\" \/>\n<link rel=\"canonical\" href=\"https:\/\/www.holtsauto.com\/fr\/produits\/reparation-maintenance\/kit-de-renovation-optiques-de-phares\/\" \/>\n<meta property=\"og:locale\" content=\"fr_FR\" \/>\n<meta property=\"og:type\" content=\"article\" \/>\n<meta property=\"og:title\" content=\"Kit de R\u00e9novation Optiques de Phares | Produits | Holts FR\" \/>\n<meta property=\"og:description\" content=\"Vos verres de phares sont jaunis, ternes ou ray\u00e9s ? Probl\u00e8me r\u00e9solu avec Holts et son kit de r\u00e9novation d&#039;optique de phare!\" \/>\n<meta property=\"og:url\" content=\"https:\/\/www.holtsauto.com\/fr\/produits\/reparation-maintenance\/kit-de-renovation-optiques-de-phares\/\" \/>\n<meta property=\"og:site_name\" content=\"Holts Auto Site\" \/>\n<meta property=\"article:modified_time\" content=\"2026-03-19T15:36:41+00:00\" \/>\n<meta property=\"og:image\" content=\"https:\/\/www.holtsauto.com\/wp-content\/uploads\/2017\/08\/kit-de-renovation-optiques-de-phares.png\" \/>\n\t<meta property=\"og:image:width\" content=\"2000\" \/>\n\t<meta property=\"og:image:height\" content=\"2000\" \/>\n\t<meta property=\"og:image:type\" content=\"image\/png\" \/>\n<meta name=\"twitter:card\" content=\"summary_large_image\" \/>\n<meta name=\"twitter:label1\" content=\"Dur\u00e9e de lecture estim\u00e9e\" \/>\n\t<meta name=\"twitter:data1\" content=\"1 minute\" \/>\n<script type=\"application\/ld+json\" class=\"yoast-schema-graph\">{\"@context\":\"https:\\\/\\\/schema.org\",\"@graph\":[{\"@type\":\"WebPage\",\"@id\":\"https:\\\/\\\/www.holtsauto.com\\\/fr\\\/produits\\\/reparation-maintenance\\\/kit-de-renovation-optiques-de-phares\\\/\",\"url\":\"https:\\\/\\\/www.holtsauto.com\\\/fr\\\/produits\\\/reparation-maintenance\\\/kit-de-renovation-optiques-de-phares\\\/\",\"name\":\"Kit de R\u00e9novation Optiques de Phares | Produits | Holts FR\",\"isPartOf\":{\"@id\":\"https:\\\/\\\/www.holtsauto.com\\\/fr\\\/#website\"},\"primaryImageOfPage\":{\"@id\":\"https:\\\/\\\/www.holtsauto.com\\\/fr\\\/produits\\\/reparation-maintenance\\\/kit-de-renovation-optiques-de-phares\\\/#primaryimage\"},\"image\":{\"@id\":\"https:\\\/\\\/www.holtsauto.com\\\/fr\\\/produits\\\/reparation-maintenance\\\/kit-de-renovation-optiques-de-phares\\\/#primaryimage\"},\"thumbnailUrl\":\"https:\\\/\\\/www.holtsauto.com\\\/wp-content\\\/uploads\\\/2017\\\/08\\\/kit-de-renovation-optiques-de-phares.png\",\"datePublished\":\"2017-08-15T12:33:53+00:00\",\"dateModified\":\"2026-03-19T15:36:41+00:00\",\"description\":\"Vos verres de phares sont jaunis, ternes ou ray\u00e9s ? Probl\u00e8me r\u00e9solu avec Holts et son kit de r\u00e9novation d'optique de phare!\",\"breadcrumb\":{\"@id\":\"https:\\\/\\\/www.holtsauto.com\\\/fr\\\/produits\\\/reparation-maintenance\\\/kit-de-renovation-optiques-de-phares\\\/#breadcrumb\"},\"inLanguage\":\"fr-FR\",\"potentialAction\":[{\"@type\":\"ReadAction\",\"target\":[\"https:\\\/\\\/www.holtsauto.com\\\/fr\\\/produits\\\/reparation-maintenance\\\/kit-de-renovation-optiques-de-phares\\\/\"]}]},{\"@type\":\"ImageObject\",\"inLanguage\":\"fr-FR\",\"@id\":\"https:\\\/\\\/www.holtsauto.com\\\/fr\\\/produits\\\/reparation-maintenance\\\/kit-de-renovation-optiques-de-phares\\\/#primaryimage\",\"url\":\"https:\\\/\\\/www.holtsauto.com\\\/wp-content\\\/uploads\\\/2017\\\/08\\\/kit-de-renovation-optiques-de-phares.png\",\"contentUrl\":\"https:\\\/\\\/www.holtsauto.com\\\/wp-content\\\/uploads\\\/2017\\\/08\\\/kit-de-renovation-optiques-de-phares.png\",\"width\":2000,\"height\":2000,\"caption\":\"kit de renovation optiques de phares holts france\"},{\"@type\":\"BreadcrumbList\",\"@id\":\"https:\\\/\\\/www.holtsauto.com\\\/fr\\\/produits\\\/reparation-maintenance\\\/kit-de-renovation-optiques-de-phares\\\/#breadcrumb\",\"itemListElement\":[{\"@type\":\"ListItem\",\"position\":1,\"name\":\"Home\",\"item\":\"https:\\\/\\\/www.holtsauto.com\\\/fr\\\/\"},{\"@type\":\"ListItem\",\"position\":2,\"name\":\"Produits\",\"item\":\"https:\\\/\\\/www.holtsauto.com\\\/fr\\\/produits\\\/\"},{\"@type\":\"ListItem\",\"position\":3,\"name\":\"Kit de R\u00e9novation Optiques de Phares\"}]},{\"@type\":\"WebSite\",\"@id\":\"https:\\\/\\\/www.holtsauto.com\\\/fr\\\/#website\",\"url\":\"https:\\\/\\\/www.holtsauto.com\\\/fr\\\/\",\"name\":\"Holts Auto\",\"description\":\"\",\"potentialAction\":[{\"@type\":\"SearchAction\",\"target\":{\"@type\":\"EntryPoint\",\"urlTemplate\":\"https:\\\/\\\/www.holtsauto.com\\\/fr\\\/?s={search_term_string}\"},\"query-input\":{\"@type\":\"PropertyValueSpecification\",\"valueRequired\":true,\"valueName\":\"search_term_string\"}}],\"inLanguage\":\"fr-FR\"}]}<\/script>\n<!-- \/ Yoast SEO plugin. -->","yoast_head_json":{"title":"Kit de R\u00e9novation Optiques de Phares | Produits | Holts FR","description":"Vos verres de phares sont jaunis, ternes ou ray\u00e9s ? Probl\u00e8me r\u00e9solu avec Holts et son kit de r\u00e9novation d'optique de phare!","robots":{"index":"index","follow":"follow","max-snippet":"max-snippet:-1","max-image-preview":"max-image-preview:large","max-video-preview":"max-video-preview:-1"},"canonical":"https:\/\/www.holtsauto.com\/fr\/produits\/reparation-maintenance\/kit-de-renovation-optiques-de-phares\/","og_locale":"fr_FR","og_type":"article","og_title":"Kit de R\u00e9novation Optiques de Phares | Produits | Holts FR","og_description":"Vos verres de phares sont jaunis, ternes ou ray\u00e9s ? Probl\u00e8me r\u00e9solu avec Holts et son kit de r\u00e9novation d'optique de phare!","og_url":"https:\/\/www.holtsauto.com\/fr\/produits\/reparation-maintenance\/kit-de-renovation-optiques-de-phares\/","og_site_name":"Holts Auto Site","article_modified_time":"2026-03-19T15:36:41+00:00","og_image":[{"width":2000,"height":2000,"url":"https:\/\/www.holtsauto.com\/wp-content\/uploads\/2017\/08\/kit-de-renovation-optiques-de-phares.png","type":"image\/png"}],"twitter_card":"summary_large_image","twitter_misc":{"Dur\u00e9e de lecture estim\u00e9e":"1 minute"},"schema":{"@context":"https:\/\/schema.org","@graph":[{"@type":"WebPage","@id":"https:\/\/www.holtsauto.com\/fr\/produits\/reparation-maintenance\/kit-de-renovation-optiques-de-phares\/","url":"https:\/\/www.holtsauto.com\/fr\/produits\/reparation-maintenance\/kit-de-renovation-optiques-de-phares\/","name":"Kit de R\u00e9novation Optiques de Phares | Produits | Holts FR","isPartOf":{"@id":"https:\/\/www.holtsauto.com\/fr\/#website"},"primaryImageOfPage":{"@id":"https:\/\/www.holtsauto.com\/fr\/produits\/reparation-maintenance\/kit-de-renovation-optiques-de-phares\/#primaryimage"},"image":{"@id":"https:\/\/www.holtsauto.com\/fr\/produits\/reparation-maintenance\/kit-de-renovation-optiques-de-phares\/#primaryimage"},"thumbnailUrl":"https:\/\/www.holtsauto.com\/wp-content\/uploads\/2017\/08\/kit-de-renovation-optiques-de-phares.png","datePublished":"2017-08-15T12:33:53+00:00","dateModified":"2026-03-19T15:36:41+00:00","description":"Vos verres de phares sont jaunis, ternes ou ray\u00e9s ? Probl\u00e8me r\u00e9solu avec Holts et son kit de r\u00e9novation d'optique de phare!","breadcrumb":{"@id":"https:\/\/www.holtsauto.com\/fr\/produits\/reparation-maintenance\/kit-de-renovation-optiques-de-phares\/#breadcrumb"},"inLanguage":"fr-FR","potentialAction":[{"@type":"ReadAction","target":["https:\/\/www.holtsauto.com\/fr\/produits\/reparation-maintenance\/kit-de-renovation-optiques-de-phares\/"]}]},{"@type":"ImageObject","inLanguage":"fr-FR","@id":"https:\/\/www.holtsauto.com\/fr\/produits\/reparation-maintenance\/kit-de-renovation-optiques-de-phares\/#primaryimage","url":"https:\/\/www.holtsauto.com\/wp-content\/uploads\/2017\/08\/kit-de-renovation-optiques-de-phares.png","contentUrl":"https:\/\/www.holtsauto.com\/wp-content\/uploads\/2017\/08\/kit-de-renovation-optiques-de-phares.png","width":2000,"height":2000,"caption":"kit de renovation optiques de phares holts france"},{"@type":"BreadcrumbList","@id":"https:\/\/www.holtsauto.com\/fr\/produits\/reparation-maintenance\/kit-de-renovation-optiques-de-phares\/#breadcrumb","itemListElement":[{"@type":"ListItem","position":1,"name":"Home","item":"https:\/\/www.holtsauto.com\/fr\/"},{"@type":"ListItem","position":2,"name":"Produits","item":"https:\/\/www.holtsauto.com\/fr\/produits\/"},{"@type":"ListItem","position":3,"name":"Kit de R\u00e9novation Optiques de Phares"}]},{"@type":"WebSite","@id":"https:\/\/www.holtsauto.com\/fr\/#website","url":"https:\/\/www.holtsauto.com\/fr\/","name":"Holts Auto","description":"","potentialAction":[{"@type":"SearchAction","target":{"@type":"EntryPoint","urlTemplate":"https:\/\/www.holtsauto.com\/fr\/?s={search_term_string}"},"query-input":{"@type":"PropertyValueSpecification","valueRequired":true,"valueName":"search_term_string"}}],"inLanguage":"fr-FR"}]}},"_links":{"self":[{"href":"https:\/\/www.holtsauto.com\/fr\/wp-json\/wp\/v2\/product\/1548","targetHints":{"allow":["GET"]}}],"collection":[{"href":"https:\/\/www.holtsauto.com\/fr\/wp-json\/wp\/v2\/product"}],"about":[{"href":"https:\/\/www.holtsauto.com\/fr\/wp-json\/wp\/v2\/types\/product"}],"replies":[{"embeddable":true,"href":"https:\/\/www.holtsauto.com\/fr\/wp-json\/wp\/v2\/comments?post=1548"}],"wp:featuredmedia":[{"embeddable":true,"href":"https:\/\/www.holtsauto.com\/fr\/wp-json\/wp\/v2\/media\/11275"}],"wp:attachment":[{"href":"https:\/\/www.holtsauto.com\/fr\/wp-json\/wp\/v2\/media?parent=1548"}],"wp:term":[{"taxonomy":"product_brand","embeddable":true,"href":"https:\/\/www.holtsauto.com\/fr\/wp-json\/wp\/v2\/product_brand?post=1548"},{"taxonomy":"product_cat","embeddable":true,"href":"https:\/\/www.holtsauto.com\/fr\/wp-json\/wp\/v2\/product_cat?post=1548"},{"taxonomy":"product_tag","embeddable":true,"href":"https:\/\/www.holtsauto.com\/fr\/wp-json\/wp\/v2\/product_tag?post=1548"}],"curies":[{"name":"wp","href":"https:\/\/api.w.org\/{rel}","templated":true}]}}