{"id":168,"date":"2022-03-25T10:04:24","date_gmt":"2022-03-25T09:04:24","guid":{"rendered":"https:\/\/www.holtsauto.com\/fr\/?post_type=product&#038;p=168"},"modified":"2025-02-12T08:10:16","modified_gmt":"2025-02-12T08:10:16","slug":"nettoyant-interieur-multi-usages","status":"publish","type":"product","link":"https:\/\/www.holtsauto.com\/fr\/produits\/nettoyage-interieur\/nettoyant-interieur-multi-usages\/","title":{"rendered":"Nettoyant Multi-Surfaces"},"content":{"rendered":"<p><span style=\"font-weight: 400;\">Sans danger pour le plastique, le m\u00e9tal et le verre, ce produit garantit des r\u00e9sultats exceptionnels sur toutes les surfaces solides, et laissera votre voiture fra\u00eeche et propre apr\u00e8s une seule application.<\/span><\/p>\n<p><span style=\"font-weight: 400;\">Avec le Nettoyant Multi-Surface Holts, vous serez en mesure de nettoyer toutes les surfaces int\u00e9rieures solides en un rien de temps \u2013 du volant au frein \u00e0 main ainsi que tout ce qui se trouve entre deux. Et comme il nettoie efficacement la plupart des surfaces, vous pourrez l\u2019utiliser de diff\u00e9rentes fa\u00e7ons dans la maison et au jardin.<\/span><\/p>\n<p><span style=\"font-weight: 400;\">Le Nettoyant Multi-Surfaces Holts vous aidera \u00e0 vous d\u00e9barrasser facilement de toutes les traces de salet\u00e9, les \u00e9claboussures et les films gras sur toutes les surfaces int\u00e9rieures de votre v\u00e9hicule.<\/span><\/p>\n<p><span style=\"font-weight: 400;\">Ce produit \u00e9limine la salet\u00e9 sans laisser de r\u00e9sidu collant ou gras, le rendant id\u00e9al pour les surfaces int\u00e9rieures telles que le volant et l\u2019\u00e9cran tactile. Vous pouvez \u00e9galement l\u2019utiliser dans votre maison et sur les surfaces vitr\u00e9es.<\/span><\/p>\n<p><span style=\"font-weight: 400;\">Qu\u2019il s\u2019agisse d\u2019\u00e9liminer les traces de doigts sur les vitres arri\u00e8re ou la poussi\u00e8re et la salet\u00e9 sur le tableau de bord, notre Nettoyant Multi-Surfaces offre une action de nettoyage puissante sans endommager les mat\u00e9riaux. Il \u00e9limine la graisse et la salet\u00e9, les taches et les mauvaises odeurs, et aide \u00e0 am\u00e9liorer la visibilit\u00e9 sur les vitres stri\u00e9es. Notre nettoyant multi-surfaces est le seul produit dont vous aurez besoin pour rendre l\u2019int\u00e9rieur de votre voiture impeccable.<\/span><\/p>\n","protected":false},"excerpt":{"rendered":"<p><span style=\"font-weight: 400;\">Le Nettoyant Multi-Surfaces Holts est un spray nettoyant multi-surfaces pratique, parfait pour \u00e9liminer la salet\u00e9, la graisse et les r\u00e9sidus collants des surfaces de votre voiture.<\/span><\/p>\n<ul>\n<li><span style=\"font-weight: 400;\">\u00c9limine la salet\u00e9 et les taches<\/span><\/li>\n<li><span style=\"font-weight: 400;\">Finition non grasse<\/span><\/li>\n<li><span style=\"font-weight: 400;\">Pour toutes les finitions et surfaces solides<\/span><\/li>\n<li><span style=\"font-weight: 400;\">Laisse une odeur fra\u00eeche et propre<\/span><\/li>\n<li><span style=\"font-weight: 400;\">Le nettoyage de l\u2019int\u00e9rieur de votre voiture ne devrait pas \u00eatre un processus long et difficile<\/span><\/li>\n<\/ul>\n","protected":false},"featured_media":11266,"comment_status":"closed","ping_status":"closed","template":"","meta":{"_acf_changed":false,"inline_featured_image":false},"product_brand":[],"product_cat":[308],"product_tag":[],"class_list":{"0":"post-168","1":"product","2":"type-product","3":"status-publish","4":"has-post-thumbnail","6":"product_cat-nettoyage-interieur","8":"first","9":"instock","10":"shipping-taxable","11":"purchasable","12":"product-type-simple"},"acf":[],"yoast_head":"<!-- This site is optimized with the Yoast SEO plugin v27.3 - https:\/\/yoast.com\/product\/yoast-seo-wordpress\/ -->\n<title>Nettoyant Int\u00e9rieur Multi Usages | Produits | Holts FR<\/title>\n<meta name=\"description\" content=\"Pour un nettoyage facile et professionnel de l&#039;int\u00e9rieur de votre voiture, utilisez Nettoyant Interieur Multi Usages. Peut \u00eatre appliqu\u00e9s sur les plastiques et tissus.\" \/>\n<meta name=\"robots\" content=\"index, follow, max-snippet:-1, max-image-preview:large, max-video-preview:-1\" \/>\n<link rel=\"canonical\" href=\"https:\/\/www.holtsauto.com\/fr\/produits\/nettoyage-interieur\/nettoyant-interieur-multi-usages\/\" \/>\n<meta property=\"og:locale\" content=\"fr_FR\" \/>\n<meta property=\"og:type\" content=\"article\" \/>\n<meta property=\"og:title\" content=\"Nettoyant Int\u00e9rieur Multi Usages | Produits | Holts FR\" \/>\n<meta property=\"og:description\" content=\"Pour un nettoyage facile et professionnel de l&#039;int\u00e9rieur de votre voiture, utilisez Nettoyant Interieur Multi Usages. Peut \u00eatre appliqu\u00e9s sur les plastiques et tissus.\" \/>\n<meta property=\"og:url\" content=\"https:\/\/www.holtsauto.com\/fr\/produits\/nettoyage-interieur\/nettoyant-interieur-multi-usages\/\" \/>\n<meta property=\"og:site_name\" content=\"Holts Auto Site\" \/>\n<meta property=\"article:modified_time\" content=\"2025-02-12T08:10:16+00:00\" \/>\n<meta property=\"og:image\" content=\"https:\/\/www.holtsauto.com\/wp-content\/uploads\/2022\/03\/nettoyant-multi-surfaces.png\" \/>\n\t<meta property=\"og:image:width\" content=\"2000\" \/>\n\t<meta property=\"og:image:height\" content=\"2000\" \/>\n\t<meta property=\"og:image:type\" content=\"image\/png\" \/>\n<meta name=\"twitter:card\" content=\"summary_large_image\" \/>\n<meta name=\"twitter:label1\" content=\"Dur\u00e9e de lecture estim\u00e9e\" \/>\n\t<meta name=\"twitter:data1\" content=\"2 minutes\" \/>\n<script type=\"application\/ld+json\" class=\"yoast-schema-graph\">{\"@context\":\"https:\\\/\\\/schema.org\",\"@graph\":[{\"@type\":\"WebPage\",\"@id\":\"https:\\\/\\\/www.holtsauto.com\\\/fr\\\/produits\\\/nettoyage-interieur\\\/nettoyant-interieur-multi-usages\\\/\",\"url\":\"https:\\\/\\\/www.holtsauto.com\\\/fr\\\/produits\\\/nettoyage-interieur\\\/nettoyant-interieur-multi-usages\\\/\",\"name\":\"Nettoyant Int\u00e9rieur Multi Usages | Produits | Holts FR\",\"isPartOf\":{\"@id\":\"https:\\\/\\\/www.holtsauto.com\\\/fr\\\/#website\"},\"primaryImageOfPage\":{\"@id\":\"https:\\\/\\\/www.holtsauto.com\\\/fr\\\/produits\\\/nettoyage-interieur\\\/nettoyant-interieur-multi-usages\\\/#primaryimage\"},\"image\":{\"@id\":\"https:\\\/\\\/www.holtsauto.com\\\/fr\\\/produits\\\/nettoyage-interieur\\\/nettoyant-interieur-multi-usages\\\/#primaryimage\"},\"thumbnailUrl\":\"https:\\\/\\\/www.holtsauto.com\\\/wp-content\\\/uploads\\\/2022\\\/03\\\/nettoyant-multi-surfaces.png\",\"datePublished\":\"2022-03-25T09:04:24+00:00\",\"dateModified\":\"2025-02-12T08:10:16+00:00\",\"description\":\"Pour un nettoyage facile et professionnel de l'int\u00e9rieur de votre voiture, utilisez Nettoyant Interieur Multi Usages. Peut \u00eatre appliqu\u00e9s sur les plastiques et tissus.\",\"breadcrumb\":{\"@id\":\"https:\\\/\\\/www.holtsauto.com\\\/fr\\\/produits\\\/nettoyage-interieur\\\/nettoyant-interieur-multi-usages\\\/#breadcrumb\"},\"inLanguage\":\"fr-FR\",\"potentialAction\":[{\"@type\":\"ReadAction\",\"target\":[\"https:\\\/\\\/www.holtsauto.com\\\/fr\\\/produits\\\/nettoyage-interieur\\\/nettoyant-interieur-multi-usages\\\/\"]}]},{\"@type\":\"ImageObject\",\"inLanguage\":\"fr-FR\",\"@id\":\"https:\\\/\\\/www.holtsauto.com\\\/fr\\\/produits\\\/nettoyage-interieur\\\/nettoyant-interieur-multi-usages\\\/#primaryimage\",\"url\":\"https:\\\/\\\/www.holtsauto.com\\\/wp-content\\\/uploads\\\/2022\\\/03\\\/nettoyant-multi-surfaces.png\",\"contentUrl\":\"https:\\\/\\\/www.holtsauto.com\\\/wp-content\\\/uploads\\\/2022\\\/03\\\/nettoyant-multi-surfaces.png\",\"width\":2000,\"height\":2000,\"caption\":\"nettoyant multi-surfaces holts france\"},{\"@type\":\"BreadcrumbList\",\"@id\":\"https:\\\/\\\/www.holtsauto.com\\\/fr\\\/produits\\\/nettoyage-interieur\\\/nettoyant-interieur-multi-usages\\\/#breadcrumb\",\"itemListElement\":[{\"@type\":\"ListItem\",\"position\":1,\"name\":\"Home\",\"item\":\"https:\\\/\\\/www.holtsauto.com\\\/fr\\\/\"},{\"@type\":\"ListItem\",\"position\":2,\"name\":\"Produits\",\"item\":\"https:\\\/\\\/www.holtsauto.com\\\/fr\\\/produits\\\/\"},{\"@type\":\"ListItem\",\"position\":3,\"name\":\"Nettoyant Multi-Surfaces\"}]},{\"@type\":\"WebSite\",\"@id\":\"https:\\\/\\\/www.holtsauto.com\\\/fr\\\/#website\",\"url\":\"https:\\\/\\\/www.holtsauto.com\\\/fr\\\/\",\"name\":\"Holts Auto\",\"description\":\"\",\"potentialAction\":[{\"@type\":\"SearchAction\",\"target\":{\"@type\":\"EntryPoint\",\"urlTemplate\":\"https:\\\/\\\/www.holtsauto.com\\\/fr\\\/?s={search_term_string}\"},\"query-input\":{\"@type\":\"PropertyValueSpecification\",\"valueRequired\":true,\"valueName\":\"search_term_string\"}}],\"inLanguage\":\"fr-FR\"}]}<\/script>\n<!-- \/ Yoast SEO plugin. -->","yoast_head_json":{"title":"Nettoyant Int\u00e9rieur Multi Usages | Produits | Holts FR","description":"Pour un nettoyage facile et professionnel de l'int\u00e9rieur de votre voiture, utilisez Nettoyant Interieur Multi Usages. Peut \u00eatre appliqu\u00e9s sur les plastiques et tissus.","robots":{"index":"index","follow":"follow","max-snippet":"max-snippet:-1","max-image-preview":"max-image-preview:large","max-video-preview":"max-video-preview:-1"},"canonical":"https:\/\/www.holtsauto.com\/fr\/produits\/nettoyage-interieur\/nettoyant-interieur-multi-usages\/","og_locale":"fr_FR","og_type":"article","og_title":"Nettoyant Int\u00e9rieur Multi Usages | Produits | Holts FR","og_description":"Pour un nettoyage facile et professionnel de l'int\u00e9rieur de votre voiture, utilisez Nettoyant Interieur Multi Usages. Peut \u00eatre appliqu\u00e9s sur les plastiques et tissus.","og_url":"https:\/\/www.holtsauto.com\/fr\/produits\/nettoyage-interieur\/nettoyant-interieur-multi-usages\/","og_site_name":"Holts Auto Site","article_modified_time":"2025-02-12T08:10:16+00:00","og_image":[{"width":2000,"height":2000,"url":"https:\/\/www.holtsauto.com\/wp-content\/uploads\/2022\/03\/nettoyant-multi-surfaces.png","type":"image\/png"}],"twitter_card":"summary_large_image","twitter_misc":{"Dur\u00e9e de lecture estim\u00e9e":"2 minutes"},"schema":{"@context":"https:\/\/schema.org","@graph":[{"@type":"WebPage","@id":"https:\/\/www.holtsauto.com\/fr\/produits\/nettoyage-interieur\/nettoyant-interieur-multi-usages\/","url":"https:\/\/www.holtsauto.com\/fr\/produits\/nettoyage-interieur\/nettoyant-interieur-multi-usages\/","name":"Nettoyant Int\u00e9rieur Multi Usages | Produits | Holts FR","isPartOf":{"@id":"https:\/\/www.holtsauto.com\/fr\/#website"},"primaryImageOfPage":{"@id":"https:\/\/www.holtsauto.com\/fr\/produits\/nettoyage-interieur\/nettoyant-interieur-multi-usages\/#primaryimage"},"image":{"@id":"https:\/\/www.holtsauto.com\/fr\/produits\/nettoyage-interieur\/nettoyant-interieur-multi-usages\/#primaryimage"},"thumbnailUrl":"https:\/\/www.holtsauto.com\/wp-content\/uploads\/2022\/03\/nettoyant-multi-surfaces.png","datePublished":"2022-03-25T09:04:24+00:00","dateModified":"2025-02-12T08:10:16+00:00","description":"Pour un nettoyage facile et professionnel de l'int\u00e9rieur de votre voiture, utilisez Nettoyant Interieur Multi Usages. Peut \u00eatre appliqu\u00e9s sur les plastiques et tissus.","breadcrumb":{"@id":"https:\/\/www.holtsauto.com\/fr\/produits\/nettoyage-interieur\/nettoyant-interieur-multi-usages\/#breadcrumb"},"inLanguage":"fr-FR","potentialAction":[{"@type":"ReadAction","target":["https:\/\/www.holtsauto.com\/fr\/produits\/nettoyage-interieur\/nettoyant-interieur-multi-usages\/"]}]},{"@type":"ImageObject","inLanguage":"fr-FR","@id":"https:\/\/www.holtsauto.com\/fr\/produits\/nettoyage-interieur\/nettoyant-interieur-multi-usages\/#primaryimage","url":"https:\/\/www.holtsauto.com\/wp-content\/uploads\/2022\/03\/nettoyant-multi-surfaces.png","contentUrl":"https:\/\/www.holtsauto.com\/wp-content\/uploads\/2022\/03\/nettoyant-multi-surfaces.png","width":2000,"height":2000,"caption":"nettoyant multi-surfaces holts france"},{"@type":"BreadcrumbList","@id":"https:\/\/www.holtsauto.com\/fr\/produits\/nettoyage-interieur\/nettoyant-interieur-multi-usages\/#breadcrumb","itemListElement":[{"@type":"ListItem","position":1,"name":"Home","item":"https:\/\/www.holtsauto.com\/fr\/"},{"@type":"ListItem","position":2,"name":"Produits","item":"https:\/\/www.holtsauto.com\/fr\/produits\/"},{"@type":"ListItem","position":3,"name":"Nettoyant Multi-Surfaces"}]},{"@type":"WebSite","@id":"https:\/\/www.holtsauto.com\/fr\/#website","url":"https:\/\/www.holtsauto.com\/fr\/","name":"Holts Auto","description":"","potentialAction":[{"@type":"SearchAction","target":{"@type":"EntryPoint","urlTemplate":"https:\/\/www.holtsauto.com\/fr\/?s={search_term_string}"},"query-input":{"@type":"PropertyValueSpecification","valueRequired":true,"valueName":"search_term_string"}}],"inLanguage":"fr-FR"}]}},"_links":{"self":[{"href":"https:\/\/www.holtsauto.com\/fr\/wp-json\/wp\/v2\/product\/168","targetHints":{"allow":["GET"]}}],"collection":[{"href":"https:\/\/www.holtsauto.com\/fr\/wp-json\/wp\/v2\/product"}],"about":[{"href":"https:\/\/www.holtsauto.com\/fr\/wp-json\/wp\/v2\/types\/product"}],"replies":[{"embeddable":true,"href":"https:\/\/www.holtsauto.com\/fr\/wp-json\/wp\/v2\/comments?post=168"}],"wp:featuredmedia":[{"embeddable":true,"href":"https:\/\/www.holtsauto.com\/fr\/wp-json\/wp\/v2\/media\/11266"}],"wp:attachment":[{"href":"https:\/\/www.holtsauto.com\/fr\/wp-json\/wp\/v2\/media?parent=168"}],"wp:term":[{"taxonomy":"product_brand","embeddable":true,"href":"https:\/\/www.holtsauto.com\/fr\/wp-json\/wp\/v2\/product_brand?post=168"},{"taxonomy":"product_cat","embeddable":true,"href":"https:\/\/www.holtsauto.com\/fr\/wp-json\/wp\/v2\/product_cat?post=168"},{"taxonomy":"product_tag","embeddable":true,"href":"https:\/\/www.holtsauto.com\/fr\/wp-json\/wp\/v2\/product_tag?post=168"}],"curies":[{"name":"wp","href":"https:\/\/api.w.org\/{rel}","templated":true}]}}