{"id":1824,"date":"2015-10-10T08:46:34","date_gmt":"2015-10-10T09:46:34","guid":{"rendered":"https:\/\/www.holtsauto.com\/fr\/?post_type=product&#038;p=1824"},"modified":"2025-02-12T08:23:03","modified_gmt":"2025-02-12T08:23:03","slug":"le-detartrant-radiateur","status":"publish","type":"product","link":"https:\/\/www.holtsauto.com\/fr\/produits\/reparation-maintenance\/le-detartrant-radiateur\/","title":{"rendered":"Le D\u00e9tartrant Radiateur"},"content":{"rendered":"<p><span style=\"font-weight: 400;\">Holts D\u00e9tartrant Radiateur peut \u00eatre utilis\u00e9 sur n&rsquo;importe quel moteur pour \u00e9liminer le tartre et les d\u00e9bris, pr\u00eat \u00e0 \u00eatre rempli d&rsquo;antigel\/liquide de refroidissement. <\/span><\/p>\n<p><span style=\"font-weight: 400;\">La formulation sp\u00e9ciale lui permet de nettoyer les canaux d&rsquo;eau et peut \u00eatre utilis\u00e9e en toute s\u00e9curit\u00e9 avec des tuyaux en m\u00e9tal et en caoutchouc.<\/span><\/p>\n<p>&nbsp;<\/p>\n<ul>\n<li><span style=\"font-weight: 400;\"> Nettoie rapidement le syst\u00e8me de refroidissement du tartre et de la rouille\u00a0<\/span><\/li>\n<li><span style=\"font-weight: 400;\"> Le radiateur doit \u00eatre vidang\u00e9 avant emploi\u00a0<\/span><\/li>\n<li><span style=\"font-weight: 400;\"> S\u2019utilise avec de l\u2019eau\u00a0<\/span><\/li>\n<li><span style=\"font-weight: 400;\"> Pr\u00e9vient la surchauffe du moteur\u00a0<\/span><\/li>\n<li><span style=\"font-weight: 400;\"> Convient \u00e0 tous types de radiateurs<\/span><\/li>\n<\/ul>\n<p>&nbsp;<\/p>\n<p><span style=\"font-weight: 400;\">Au fil du temps, de la rouille, du tartre, de la boue et des d\u00e9p\u00f4ts peuvent s\u2019accumuler \u00e0 l\u2019int\u00e9rieur du syst\u00e8me de refroidissement de votre moteur, ce qui signifie qu\u2019il ne fonctionne pas efficacement et peut entra\u00eener des canaux obstru\u00e9s.<\/span><\/p>\n<p><span style=\"font-weight: 400;\">Dans des situations extr\u00eames, votre v\u00e9hicule peut surchauffer ou geler en hiver avec des cons\u00e9quences fatales pour votre moteur.<\/span><\/p>\n<p><span style=\"font-weight: 400;\">Avec le co\u00fbt croissant des pi\u00e8ces de rechange automobiles, \u00e9conomisez de l&rsquo;argent et des tracas li\u00e9s \u00e0 l&#8217;emmenement de votre voiture au garage avec Holts D\u00e9tartrant Radiateur. Nous avons utilis\u00e9 notre savoir-faire technique pour vous faire gagner du temps et de l&rsquo;argent.<\/span><\/p>\n","protected":false},"excerpt":{"rendered":"<p><span style=\"font-weight: 400;\">Holts D\u00e9tartrant Radiateur est un nettoyant pour syst\u00e8me de refroidissement qui nettoie rapidement le radiateur et le syst\u00e8me de refroidissement.<\/span><\/p>\n","protected":false},"featured_media":11080,"comment_status":"closed","ping_status":"closed","template":"","meta":{"_acf_changed":false,"inline_featured_image":false},"product_brand":[],"product_cat":[310],"product_tag":[],"class_list":{"0":"post-1824","1":"product","2":"type-product","3":"status-publish","4":"has-post-thumbnail","6":"product_cat-reparation-maintenance","8":"first","9":"instock","10":"shipping-taxable","11":"purchasable","12":"product-type-simple"},"acf":[],"yoast_head":"<!-- This site is optimized with the Yoast SEO plugin v27.5 - https:\/\/yoast.com\/product\/yoast-seo-wordpress\/ -->\n<title>Le D\u00e9tartrant Radiateur | Produits | Holts FR<\/title>\n<meta name=\"description\" content=\"Notre d\u00e9tartrant pour radiateur \u00e9limine la rouille et le tartre. Il d\u00e9barrasse le circuit de refroidissement des d\u00e9p\u00f4ts responsables de la surchauffe du moteur. D\u00e9couvrez le produit ici.\" \/>\n<meta name=\"robots\" content=\"index, follow, max-snippet:-1, max-image-preview:large, max-video-preview:-1\" \/>\n<link rel=\"canonical\" href=\"https:\/\/www.holtsauto.com\/fr\/produits\/reparation-maintenance\/le-detartrant-radiateur\/\" \/>\n<meta property=\"og:locale\" content=\"fr_FR\" \/>\n<meta property=\"og:type\" content=\"article\" \/>\n<meta property=\"og:title\" content=\"Le D\u00e9tartrant Radiateur | Produits | Holts FR\" \/>\n<meta property=\"og:description\" content=\"Notre d\u00e9tartrant pour radiateur \u00e9limine la rouille et le tartre. Il d\u00e9barrasse le circuit de refroidissement des d\u00e9p\u00f4ts responsables de la surchauffe du moteur. D\u00e9couvrez le produit ici.\" \/>\n<meta property=\"og:url\" content=\"https:\/\/www.holtsauto.com\/fr\/produits\/reparation-maintenance\/le-detartrant-radiateur\/\" \/>\n<meta property=\"og:site_name\" content=\"Holts Auto Site\" \/>\n<meta property=\"article:modified_time\" content=\"2025-02-12T08:23:03+00:00\" \/>\n<meta property=\"og:image\" content=\"https:\/\/www.holtsauto.com\/wp-content\/uploads\/2015\/10\/detartrant-radiateur.png\" \/>\n\t<meta property=\"og:image:width\" content=\"2000\" \/>\n\t<meta property=\"og:image:height\" content=\"2000\" \/>\n\t<meta property=\"og:image:type\" content=\"image\/png\" \/>\n<meta name=\"twitter:card\" content=\"summary_large_image\" \/>\n<meta name=\"twitter:label1\" content=\"Dur\u00e9e de lecture estim\u00e9e\" \/>\n\t<meta name=\"twitter:data1\" content=\"2 minutes\" \/>\n<script type=\"application\/ld+json\" class=\"yoast-schema-graph\">{\"@context\":\"https:\\\/\\\/schema.org\",\"@graph\":[{\"@type\":\"WebPage\",\"@id\":\"https:\\\/\\\/www.holtsauto.com\\\/fr\\\/produits\\\/reparation-maintenance\\\/le-detartrant-radiateur\\\/\",\"url\":\"https:\\\/\\\/www.holtsauto.com\\\/fr\\\/produits\\\/reparation-maintenance\\\/le-detartrant-radiateur\\\/\",\"name\":\"Le D\u00e9tartrant Radiateur | Produits | Holts FR\",\"isPartOf\":{\"@id\":\"https:\\\/\\\/www.holtsauto.com\\\/fr\\\/#website\"},\"primaryImageOfPage\":{\"@id\":\"https:\\\/\\\/www.holtsauto.com\\\/fr\\\/produits\\\/reparation-maintenance\\\/le-detartrant-radiateur\\\/#primaryimage\"},\"image\":{\"@id\":\"https:\\\/\\\/www.holtsauto.com\\\/fr\\\/produits\\\/reparation-maintenance\\\/le-detartrant-radiateur\\\/#primaryimage\"},\"thumbnailUrl\":\"https:\\\/\\\/www.holtsauto.com\\\/wp-content\\\/uploads\\\/2015\\\/10\\\/detartrant-radiateur.png\",\"datePublished\":\"2015-10-10T09:46:34+00:00\",\"dateModified\":\"2025-02-12T08:23:03+00:00\",\"description\":\"Notre d\u00e9tartrant pour radiateur \u00e9limine la rouille et le tartre. Il d\u00e9barrasse le circuit de refroidissement des d\u00e9p\u00f4ts responsables de la surchauffe du moteur. D\u00e9couvrez le produit ici.\",\"breadcrumb\":{\"@id\":\"https:\\\/\\\/www.holtsauto.com\\\/fr\\\/produits\\\/reparation-maintenance\\\/le-detartrant-radiateur\\\/#breadcrumb\"},\"inLanguage\":\"fr-FR\",\"potentialAction\":[{\"@type\":\"ReadAction\",\"target\":[\"https:\\\/\\\/www.holtsauto.com\\\/fr\\\/produits\\\/reparation-maintenance\\\/le-detartrant-radiateur\\\/\"]}]},{\"@type\":\"ImageObject\",\"inLanguage\":\"fr-FR\",\"@id\":\"https:\\\/\\\/www.holtsauto.com\\\/fr\\\/produits\\\/reparation-maintenance\\\/le-detartrant-radiateur\\\/#primaryimage\",\"url\":\"https:\\\/\\\/www.holtsauto.com\\\/wp-content\\\/uploads\\\/2015\\\/10\\\/detartrant-radiateur.png\",\"contentUrl\":\"https:\\\/\\\/www.holtsauto.com\\\/wp-content\\\/uploads\\\/2015\\\/10\\\/detartrant-radiateur.png\",\"width\":2000,\"height\":2000},{\"@type\":\"BreadcrumbList\",\"@id\":\"https:\\\/\\\/www.holtsauto.com\\\/fr\\\/produits\\\/reparation-maintenance\\\/le-detartrant-radiateur\\\/#breadcrumb\",\"itemListElement\":[{\"@type\":\"ListItem\",\"position\":1,\"name\":\"Home\",\"item\":\"https:\\\/\\\/www.holtsauto.com\\\/fr\\\/\"},{\"@type\":\"ListItem\",\"position\":2,\"name\":\"Produits\",\"item\":\"https:\\\/\\\/www.holtsauto.com\\\/fr\\\/produits\\\/\"},{\"@type\":\"ListItem\",\"position\":3,\"name\":\"Le D\u00e9tartrant Radiateur\"}]},{\"@type\":\"WebSite\",\"@id\":\"https:\\\/\\\/www.holtsauto.com\\\/fr\\\/#website\",\"url\":\"https:\\\/\\\/www.holtsauto.com\\\/fr\\\/\",\"name\":\"Holts Auto\",\"description\":\"\",\"potentialAction\":[{\"@type\":\"SearchAction\",\"target\":{\"@type\":\"EntryPoint\",\"urlTemplate\":\"https:\\\/\\\/www.holtsauto.com\\\/fr\\\/?s={search_term_string}\"},\"query-input\":{\"@type\":\"PropertyValueSpecification\",\"valueRequired\":true,\"valueName\":\"search_term_string\"}}],\"inLanguage\":\"fr-FR\"}]}<\/script>\n<!-- \/ Yoast SEO plugin. -->","yoast_head_json":{"title":"Le D\u00e9tartrant Radiateur | Produits | Holts FR","description":"Notre d\u00e9tartrant pour radiateur \u00e9limine la rouille et le tartre. Il d\u00e9barrasse le circuit de refroidissement des d\u00e9p\u00f4ts responsables de la surchauffe du moteur. D\u00e9couvrez le produit ici.","robots":{"index":"index","follow":"follow","max-snippet":"max-snippet:-1","max-image-preview":"max-image-preview:large","max-video-preview":"max-video-preview:-1"},"canonical":"https:\/\/www.holtsauto.com\/fr\/produits\/reparation-maintenance\/le-detartrant-radiateur\/","og_locale":"fr_FR","og_type":"article","og_title":"Le D\u00e9tartrant Radiateur | Produits | Holts FR","og_description":"Notre d\u00e9tartrant pour radiateur \u00e9limine la rouille et le tartre. Il d\u00e9barrasse le circuit de refroidissement des d\u00e9p\u00f4ts responsables de la surchauffe du moteur. D\u00e9couvrez le produit ici.","og_url":"https:\/\/www.holtsauto.com\/fr\/produits\/reparation-maintenance\/le-detartrant-radiateur\/","og_site_name":"Holts Auto Site","article_modified_time":"2025-02-12T08:23:03+00:00","og_image":[{"width":2000,"height":2000,"url":"https:\/\/www.holtsauto.com\/wp-content\/uploads\/2015\/10\/detartrant-radiateur.png","type":"image\/png"}],"twitter_card":"summary_large_image","twitter_misc":{"Dur\u00e9e de lecture estim\u00e9e":"2 minutes"},"schema":{"@context":"https:\/\/schema.org","@graph":[{"@type":"WebPage","@id":"https:\/\/www.holtsauto.com\/fr\/produits\/reparation-maintenance\/le-detartrant-radiateur\/","url":"https:\/\/www.holtsauto.com\/fr\/produits\/reparation-maintenance\/le-detartrant-radiateur\/","name":"Le D\u00e9tartrant Radiateur | Produits | Holts FR","isPartOf":{"@id":"https:\/\/www.holtsauto.com\/fr\/#website"},"primaryImageOfPage":{"@id":"https:\/\/www.holtsauto.com\/fr\/produits\/reparation-maintenance\/le-detartrant-radiateur\/#primaryimage"},"image":{"@id":"https:\/\/www.holtsauto.com\/fr\/produits\/reparation-maintenance\/le-detartrant-radiateur\/#primaryimage"},"thumbnailUrl":"https:\/\/www.holtsauto.com\/wp-content\/uploads\/2015\/10\/detartrant-radiateur.png","datePublished":"2015-10-10T09:46:34+00:00","dateModified":"2025-02-12T08:23:03+00:00","description":"Notre d\u00e9tartrant pour radiateur \u00e9limine la rouille et le tartre. Il d\u00e9barrasse le circuit de refroidissement des d\u00e9p\u00f4ts responsables de la surchauffe du moteur. D\u00e9couvrez le produit ici.","breadcrumb":{"@id":"https:\/\/www.holtsauto.com\/fr\/produits\/reparation-maintenance\/le-detartrant-radiateur\/#breadcrumb"},"inLanguage":"fr-FR","potentialAction":[{"@type":"ReadAction","target":["https:\/\/www.holtsauto.com\/fr\/produits\/reparation-maintenance\/le-detartrant-radiateur\/"]}]},{"@type":"ImageObject","inLanguage":"fr-FR","@id":"https:\/\/www.holtsauto.com\/fr\/produits\/reparation-maintenance\/le-detartrant-radiateur\/#primaryimage","url":"https:\/\/www.holtsauto.com\/wp-content\/uploads\/2015\/10\/detartrant-radiateur.png","contentUrl":"https:\/\/www.holtsauto.com\/wp-content\/uploads\/2015\/10\/detartrant-radiateur.png","width":2000,"height":2000},{"@type":"BreadcrumbList","@id":"https:\/\/www.holtsauto.com\/fr\/produits\/reparation-maintenance\/le-detartrant-radiateur\/#breadcrumb","itemListElement":[{"@type":"ListItem","position":1,"name":"Home","item":"https:\/\/www.holtsauto.com\/fr\/"},{"@type":"ListItem","position":2,"name":"Produits","item":"https:\/\/www.holtsauto.com\/fr\/produits\/"},{"@type":"ListItem","position":3,"name":"Le D\u00e9tartrant Radiateur"}]},{"@type":"WebSite","@id":"https:\/\/www.holtsauto.com\/fr\/#website","url":"https:\/\/www.holtsauto.com\/fr\/","name":"Holts Auto","description":"","potentialAction":[{"@type":"SearchAction","target":{"@type":"EntryPoint","urlTemplate":"https:\/\/www.holtsauto.com\/fr\/?s={search_term_string}"},"query-input":{"@type":"PropertyValueSpecification","valueRequired":true,"valueName":"search_term_string"}}],"inLanguage":"fr-FR"}]}},"_links":{"self":[{"href":"https:\/\/www.holtsauto.com\/fr\/wp-json\/wp\/v2\/product\/1824","targetHints":{"allow":["GET"]}}],"collection":[{"href":"https:\/\/www.holtsauto.com\/fr\/wp-json\/wp\/v2\/product"}],"about":[{"href":"https:\/\/www.holtsauto.com\/fr\/wp-json\/wp\/v2\/types\/product"}],"replies":[{"embeddable":true,"href":"https:\/\/www.holtsauto.com\/fr\/wp-json\/wp\/v2\/comments?post=1824"}],"wp:featuredmedia":[{"embeddable":true,"href":"https:\/\/www.holtsauto.com\/fr\/wp-json\/wp\/v2\/media\/11080"}],"wp:attachment":[{"href":"https:\/\/www.holtsauto.com\/fr\/wp-json\/wp\/v2\/media?parent=1824"}],"wp:term":[{"taxonomy":"product_brand","embeddable":true,"href":"https:\/\/www.holtsauto.com\/fr\/wp-json\/wp\/v2\/product_brand?post=1824"},{"taxonomy":"product_cat","embeddable":true,"href":"https:\/\/www.holtsauto.com\/fr\/wp-json\/wp\/v2\/product_cat?post=1824"},{"taxonomy":"product_tag","embeddable":true,"href":"https:\/\/www.holtsauto.com\/fr\/wp-json\/wp\/v2\/product_tag?post=1824"}],"curies":[{"name":"wp","href":"https:\/\/api.w.org\/{rel}","templated":true}]}}