{"id":1827,"date":"2015-10-10T08:58:28","date_gmt":"2015-10-10T09:58:28","guid":{"rendered":"https:\/\/www.holtsauto.com\/fr\/?post_type=product&#038;p=1827"},"modified":"2025-02-12T08:19:40","modified_gmt":"2025-02-12T08:19:40","slug":"anti-fuites-radiateur","status":"publish","type":"product","link":"https:\/\/www.holtsauto.com\/fr\/produits\/reparation-maintenance\/anti-fuites-radiateur\/","title":{"rendered":"Anti-Fuites Radiateur"},"content":{"rendered":"<p><span style=\"font-weight: 400;\">La vapeur de votre radiateur et un moteur en surchauffe ne doivent pas g\u00e2cher votre journ\u00e9e ni co\u00fbter une fortune en r\u00e9paration. <\/span><\/p>\n<p><span style=\"font-weight: 400;\">Gr\u00e2ce \u00e0 sa formule avanc\u00e9e, Holts Anti-Fuites Radiateur ciblera les fuites dans le syst\u00e8me de refroidissement de votre voiture, scellant en toute s\u00e9curit\u00e9 les espaces et les trous sans causer de dommages ou de colmatage dans le moteur.<\/span><\/p>\n<p>&nbsp;<\/p>\n<ul>\n<li>Colmate les fuites du\u00a0syst\u00e8me de refroidissement.<\/li>\n<li>Utilisation rapide sans vidange<\/li>\n<li>Convient\u00a0\u00e0 tout types de radiateurs<\/li>\n<\/ul>\n<p>&nbsp;<\/p>\n<p><span style=\"font-weight: 400;\">Holts Anti-Fuites Radiateur convient \u00e0 toutes les voitures et se m\u00e9lange \u00e0 tous les types de liquide de refroidissement\/antigel d\u00e9j\u00e0 pr\u00e9sents dans le syst\u00e8me de refroidissement. <\/span><\/p>\n<p><span style=\"font-weight: 400;\">Vous n\u2019avez besoin d\u2019aucune pr\u00e9paration particuli\u00e8re pour utiliser le produit et il n\u2019est pas n\u00e9cessaire de vidanger ou de rincer le syst\u00e8me de refroidissement.<\/span><\/p>\n<p><span style=\"font-weight: 400;\">Holts Anti-Fuites Radiateur pr\u00e9vient \u00e9galement les fuites futures pour vous aider \u00e0 garder votre voiture sur la route plus longtemps. <\/span><\/p>\n<p><span style=\"font-weight: 400;\">En traitant les zones de corrosion et de piq\u00fbres \u00e0 la source, le produit prolonge efficacement la dur\u00e9e de vie de votre liquide de refroidissement\/antigel et des composants individuels du syst\u00e8me de refroidissement, ce qui aide \u00e0 pr\u00e9venir les fuites futures tout en maintenant l&rsquo;efficacit\u00e9 du refroidissement du moteur plus longtemps.<\/span><\/p>\n","protected":false},"excerpt":{"rendered":"<p><span style=\"font-weight: 400;\">Holts Anti-Fuites Radiateur est un produit de r\u00e9paration DIY con\u00e7u pour colmater les petites fuites dans le syst\u00e8me de refroidissement.<\/span><\/p>\n<ul>\n<li>Colmate les fuites du\u00a0syst\u00e8me de refroidissement<\/li>\n<li>Utilisation rapide sans vidange<\/li>\n<li>Convient\u00a0\u00e0 tout types de radiateurs<\/li>\n<\/ul>\n","protected":false},"featured_media":11072,"comment_status":"closed","ping_status":"closed","template":"","meta":{"_acf_changed":false,"inline_featured_image":false},"product_brand":[],"product_cat":[310],"product_tag":[],"class_list":{"0":"post-1827","1":"product","2":"type-product","3":"status-publish","4":"has-post-thumbnail","6":"product_cat-reparation-maintenance","8":"first","9":"instock","10":"shipping-taxable","11":"purchasable","12":"product-type-simple"},"acf":[],"yoast_head":"<!-- This site is optimized with the Yoast SEO plugin v27.3 - https:\/\/yoast.com\/product\/yoast-seo-wordpress\/ -->\n<title>Anti-Fuites Radiateur | Produits | Holts FR<\/title>\n<meta name=\"description\" content=\"Gr\u00e2ce \u00e0 sa formule haute performance qui cible les fuites dans le radiateur, les fuites ne sont plus un probl\u00e8me d\u00e9sormais.\" \/>\n<meta name=\"robots\" content=\"index, follow, max-snippet:-1, max-image-preview:large, max-video-preview:-1\" \/>\n<link rel=\"canonical\" href=\"https:\/\/www.holtsauto.com\/fr\/produits\/reparation-maintenance\/anti-fuites-radiateur\/\" \/>\n<meta property=\"og:locale\" content=\"fr_FR\" \/>\n<meta property=\"og:type\" content=\"article\" \/>\n<meta property=\"og:title\" content=\"Anti-Fuites Radiateur | Produits | Holts FR\" \/>\n<meta property=\"og:description\" content=\"Gr\u00e2ce \u00e0 sa formule haute performance qui cible les fuites dans le radiateur, les fuites ne sont plus un probl\u00e8me d\u00e9sormais.\" \/>\n<meta property=\"og:url\" content=\"https:\/\/www.holtsauto.com\/fr\/produits\/reparation-maintenance\/anti-fuites-radiateur\/\" \/>\n<meta property=\"og:site_name\" content=\"Holts Auto Site\" \/>\n<meta property=\"article:modified_time\" content=\"2025-02-12T08:19:40+00:00\" \/>\n<meta property=\"og:image\" content=\"https:\/\/www.holtsauto.com\/wp-content\/uploads\/2015\/10\/anti-fuites-holts-france.png\" \/>\n\t<meta property=\"og:image:width\" content=\"2000\" \/>\n\t<meta property=\"og:image:height\" content=\"2000\" \/>\n\t<meta property=\"og:image:type\" content=\"image\/png\" \/>\n<meta name=\"twitter:card\" content=\"summary_large_image\" \/>\n<meta name=\"twitter:label1\" content=\"Dur\u00e9e de lecture estim\u00e9e\" \/>\n\t<meta name=\"twitter:data1\" content=\"2 minutes\" \/>\n<script type=\"application\/ld+json\" class=\"yoast-schema-graph\">{\"@context\":\"https:\\\/\\\/schema.org\",\"@graph\":[{\"@type\":\"WebPage\",\"@id\":\"https:\\\/\\\/www.holtsauto.com\\\/fr\\\/produits\\\/reparation-maintenance\\\/anti-fuites-radiateur\\\/\",\"url\":\"https:\\\/\\\/www.holtsauto.com\\\/fr\\\/produits\\\/reparation-maintenance\\\/anti-fuites-radiateur\\\/\",\"name\":\"Anti-Fuites Radiateur | Produits | Holts FR\",\"isPartOf\":{\"@id\":\"https:\\\/\\\/www.holtsauto.com\\\/fr\\\/#website\"},\"primaryImageOfPage\":{\"@id\":\"https:\\\/\\\/www.holtsauto.com\\\/fr\\\/produits\\\/reparation-maintenance\\\/anti-fuites-radiateur\\\/#primaryimage\"},\"image\":{\"@id\":\"https:\\\/\\\/www.holtsauto.com\\\/fr\\\/produits\\\/reparation-maintenance\\\/anti-fuites-radiateur\\\/#primaryimage\"},\"thumbnailUrl\":\"https:\\\/\\\/www.holtsauto.com\\\/wp-content\\\/uploads\\\/2015\\\/10\\\/anti-fuites-holts-france.png\",\"datePublished\":\"2015-10-10T09:58:28+00:00\",\"dateModified\":\"2025-02-12T08:19:40+00:00\",\"description\":\"Gr\u00e2ce \u00e0 sa formule haute performance qui cible les fuites dans le radiateur, les fuites ne sont plus un probl\u00e8me d\u00e9sormais.\",\"breadcrumb\":{\"@id\":\"https:\\\/\\\/www.holtsauto.com\\\/fr\\\/produits\\\/reparation-maintenance\\\/anti-fuites-radiateur\\\/#breadcrumb\"},\"inLanguage\":\"fr-FR\",\"potentialAction\":[{\"@type\":\"ReadAction\",\"target\":[\"https:\\\/\\\/www.holtsauto.com\\\/fr\\\/produits\\\/reparation-maintenance\\\/anti-fuites-radiateur\\\/\"]}]},{\"@type\":\"ImageObject\",\"inLanguage\":\"fr-FR\",\"@id\":\"https:\\\/\\\/www.holtsauto.com\\\/fr\\\/produits\\\/reparation-maintenance\\\/anti-fuites-radiateur\\\/#primaryimage\",\"url\":\"https:\\\/\\\/www.holtsauto.com\\\/wp-content\\\/uploads\\\/2015\\\/10\\\/anti-fuites-holts-france.png\",\"contentUrl\":\"https:\\\/\\\/www.holtsauto.com\\\/wp-content\\\/uploads\\\/2015\\\/10\\\/anti-fuites-holts-france.png\",\"width\":2000,\"height\":2000,\"caption\":\"anti-fuites-holts-france-Radiateur\"},{\"@type\":\"BreadcrumbList\",\"@id\":\"https:\\\/\\\/www.holtsauto.com\\\/fr\\\/produits\\\/reparation-maintenance\\\/anti-fuites-radiateur\\\/#breadcrumb\",\"itemListElement\":[{\"@type\":\"ListItem\",\"position\":1,\"name\":\"Home\",\"item\":\"https:\\\/\\\/www.holtsauto.com\\\/fr\\\/\"},{\"@type\":\"ListItem\",\"position\":2,\"name\":\"Produits\",\"item\":\"https:\\\/\\\/www.holtsauto.com\\\/fr\\\/produits\\\/\"},{\"@type\":\"ListItem\",\"position\":3,\"name\":\"Anti-Fuites Radiateur\"}]},{\"@type\":\"WebSite\",\"@id\":\"https:\\\/\\\/www.holtsauto.com\\\/fr\\\/#website\",\"url\":\"https:\\\/\\\/www.holtsauto.com\\\/fr\\\/\",\"name\":\"Holts Auto\",\"description\":\"\",\"potentialAction\":[{\"@type\":\"SearchAction\",\"target\":{\"@type\":\"EntryPoint\",\"urlTemplate\":\"https:\\\/\\\/www.holtsauto.com\\\/fr\\\/?s={search_term_string}\"},\"query-input\":{\"@type\":\"PropertyValueSpecification\",\"valueRequired\":true,\"valueName\":\"search_term_string\"}}],\"inLanguage\":\"fr-FR\"}]}<\/script>\n<!-- \/ Yoast SEO plugin. -->","yoast_head_json":{"title":"Anti-Fuites Radiateur | Produits | Holts FR","description":"Gr\u00e2ce \u00e0 sa formule haute performance qui cible les fuites dans le radiateur, les fuites ne sont plus un probl\u00e8me d\u00e9sormais.","robots":{"index":"index","follow":"follow","max-snippet":"max-snippet:-1","max-image-preview":"max-image-preview:large","max-video-preview":"max-video-preview:-1"},"canonical":"https:\/\/www.holtsauto.com\/fr\/produits\/reparation-maintenance\/anti-fuites-radiateur\/","og_locale":"fr_FR","og_type":"article","og_title":"Anti-Fuites Radiateur | Produits | Holts FR","og_description":"Gr\u00e2ce \u00e0 sa formule haute performance qui cible les fuites dans le radiateur, les fuites ne sont plus un probl\u00e8me d\u00e9sormais.","og_url":"https:\/\/www.holtsauto.com\/fr\/produits\/reparation-maintenance\/anti-fuites-radiateur\/","og_site_name":"Holts Auto Site","article_modified_time":"2025-02-12T08:19:40+00:00","og_image":[{"width":2000,"height":2000,"url":"https:\/\/www.holtsauto.com\/wp-content\/uploads\/2015\/10\/anti-fuites-holts-france.png","type":"image\/png"}],"twitter_card":"summary_large_image","twitter_misc":{"Dur\u00e9e de lecture estim\u00e9e":"2 minutes"},"schema":{"@context":"https:\/\/schema.org","@graph":[{"@type":"WebPage","@id":"https:\/\/www.holtsauto.com\/fr\/produits\/reparation-maintenance\/anti-fuites-radiateur\/","url":"https:\/\/www.holtsauto.com\/fr\/produits\/reparation-maintenance\/anti-fuites-radiateur\/","name":"Anti-Fuites Radiateur | Produits | Holts FR","isPartOf":{"@id":"https:\/\/www.holtsauto.com\/fr\/#website"},"primaryImageOfPage":{"@id":"https:\/\/www.holtsauto.com\/fr\/produits\/reparation-maintenance\/anti-fuites-radiateur\/#primaryimage"},"image":{"@id":"https:\/\/www.holtsauto.com\/fr\/produits\/reparation-maintenance\/anti-fuites-radiateur\/#primaryimage"},"thumbnailUrl":"https:\/\/www.holtsauto.com\/wp-content\/uploads\/2015\/10\/anti-fuites-holts-france.png","datePublished":"2015-10-10T09:58:28+00:00","dateModified":"2025-02-12T08:19:40+00:00","description":"Gr\u00e2ce \u00e0 sa formule haute performance qui cible les fuites dans le radiateur, les fuites ne sont plus un probl\u00e8me d\u00e9sormais.","breadcrumb":{"@id":"https:\/\/www.holtsauto.com\/fr\/produits\/reparation-maintenance\/anti-fuites-radiateur\/#breadcrumb"},"inLanguage":"fr-FR","potentialAction":[{"@type":"ReadAction","target":["https:\/\/www.holtsauto.com\/fr\/produits\/reparation-maintenance\/anti-fuites-radiateur\/"]}]},{"@type":"ImageObject","inLanguage":"fr-FR","@id":"https:\/\/www.holtsauto.com\/fr\/produits\/reparation-maintenance\/anti-fuites-radiateur\/#primaryimage","url":"https:\/\/www.holtsauto.com\/wp-content\/uploads\/2015\/10\/anti-fuites-holts-france.png","contentUrl":"https:\/\/www.holtsauto.com\/wp-content\/uploads\/2015\/10\/anti-fuites-holts-france.png","width":2000,"height":2000,"caption":"anti-fuites-holts-france-Radiateur"},{"@type":"BreadcrumbList","@id":"https:\/\/www.holtsauto.com\/fr\/produits\/reparation-maintenance\/anti-fuites-radiateur\/#breadcrumb","itemListElement":[{"@type":"ListItem","position":1,"name":"Home","item":"https:\/\/www.holtsauto.com\/fr\/"},{"@type":"ListItem","position":2,"name":"Produits","item":"https:\/\/www.holtsauto.com\/fr\/produits\/"},{"@type":"ListItem","position":3,"name":"Anti-Fuites Radiateur"}]},{"@type":"WebSite","@id":"https:\/\/www.holtsauto.com\/fr\/#website","url":"https:\/\/www.holtsauto.com\/fr\/","name":"Holts Auto","description":"","potentialAction":[{"@type":"SearchAction","target":{"@type":"EntryPoint","urlTemplate":"https:\/\/www.holtsauto.com\/fr\/?s={search_term_string}"},"query-input":{"@type":"PropertyValueSpecification","valueRequired":true,"valueName":"search_term_string"}}],"inLanguage":"fr-FR"}]}},"_links":{"self":[{"href":"https:\/\/www.holtsauto.com\/fr\/wp-json\/wp\/v2\/product\/1827","targetHints":{"allow":["GET"]}}],"collection":[{"href":"https:\/\/www.holtsauto.com\/fr\/wp-json\/wp\/v2\/product"}],"about":[{"href":"https:\/\/www.holtsauto.com\/fr\/wp-json\/wp\/v2\/types\/product"}],"replies":[{"embeddable":true,"href":"https:\/\/www.holtsauto.com\/fr\/wp-json\/wp\/v2\/comments?post=1827"}],"wp:featuredmedia":[{"embeddable":true,"href":"https:\/\/www.holtsauto.com\/fr\/wp-json\/wp\/v2\/media\/11072"}],"wp:attachment":[{"href":"https:\/\/www.holtsauto.com\/fr\/wp-json\/wp\/v2\/media?parent=1827"}],"wp:term":[{"taxonomy":"product_brand","embeddable":true,"href":"https:\/\/www.holtsauto.com\/fr\/wp-json\/wp\/v2\/product_brand?post=1827"},{"taxonomy":"product_cat","embeddable":true,"href":"https:\/\/www.holtsauto.com\/fr\/wp-json\/wp\/v2\/product_cat?post=1827"},{"taxonomy":"product_tag","embeddable":true,"href":"https:\/\/www.holtsauto.com\/fr\/wp-json\/wp\/v2\/product_tag?post=1827"}],"curies":[{"name":"wp","href":"https:\/\/api.w.org\/{rel}","templated":true}]}}