{"id":1965,"date":"2016-03-22T12:09:51","date_gmt":"2016-03-22T13:09:51","guid":{"rendered":"https:\/\/www.holtsauto.com\/fr\/?post_type=product&#038;p=1965"},"modified":"2025-02-12T08:20:44","modified_gmt":"2025-02-12T08:20:44","slug":"bandage-echappement-special-tuyau-droit","status":"publish","type":"product","link":"https:\/\/www.holtsauto.com\/fr\/produits\/reparation-maintenance\/bandage-echappement-special-tuyau-droit\/","title":{"rendered":"Bandage Echappement Sp\u00e9cial Tuyau Droit"},"content":{"rendered":"<p>R\u00e9parez n&rsquo;importe quelle section droite d&rsquo;\u00e9chappement \u00e0 la maison avec Holts Gun Gum.<\/p>\n<p>Le bandage de r\u00e9paration m\u00e9tallique \u00e9troit peut \u00eatre ajust\u00e9 pour s&rsquo;adapter autour de la zone endommag\u00e9e. Utilisez toujours avec la p\u00e2te Holts Gun Gum pour un joint permanent et \u00e9tanche aux gaz.<\/p>\n<p>Appliquez simplement la p\u00e2te Holts Gun Gum et placez le bandage flexible sur la zone endommag\u00e9e pour un joint \u00e9tanche au gaz permanent en quelques minutes. Vous n\u2019avez pas besoin de d\u00e9monter votre \u00e9chappement ni d\u2019utiliser d\u2019outils sp\u00e9ciaux.<\/p>\n<p>La gamme Gun Gum comprend divers produits pour vous aider \u00e0 r\u00e9parer n&rsquo;importe quelle pi\u00e8ce de votre \u00e9chappement \u00e0 la maison.<\/p>\n","protected":false},"excerpt":{"rendered":"<p>Le bandage de r\u00e9paration m\u00e9tallique \u00e9troit Gun Gum peut \u00eatre ajust\u00e9 pour s&rsquo;adapter autour de la zone endommag\u00e9e dans un tuyau d&rsquo;\u00e9chappement droit.<\/p>\n<ul>\n<li>Id\u00e9al pour les tuyaux droit (trou entre 10-20mm)<\/li>\n<li>R\u00e9paration permanente garantie<\/li>\n<li>Moin cher que le replacement d\u2019un nouveau pot d\u2019\u00e9chappement<\/li>\n<\/ul>\n","protected":false},"featured_media":11373,"comment_status":"closed","ping_status":"closed","template":"","meta":{"_acf_changed":false,"inline_featured_image":false},"product_brand":[],"product_cat":[310],"product_tag":[],"class_list":{"0":"post-1965","1":"product","2":"type-product","3":"status-publish","4":"has-post-thumbnail","6":"product_cat-reparation-maintenance","8":"first","9":"instock","10":"shipping-taxable","11":"purchasable","12":"product-type-simple"},"acf":[],"yoast_head":"<!-- This site is optimized with the Yoast SEO plugin v27.3 - https:\/\/yoast.com\/product\/yoast-seo-wordpress\/ -->\n<title>Bandage Echappement Sp\u00e9cial Tuyau Droit | Produits | Holts FR<\/title>\n<meta name=\"description\" content=\"R\u00e9parez n&#039;importe quelle section droite d&#039;\u00e9chappement \u00e0 la maison avec la Bandage Echappement Sp\u00e9cial Tuyau Droit Holts France.\" \/>\n<meta name=\"robots\" content=\"index, follow, max-snippet:-1, max-image-preview:large, max-video-preview:-1\" \/>\n<link rel=\"canonical\" href=\"https:\/\/www.holtsauto.com\/fr\/produits\/reparation-maintenance\/bandage-echappement-special-tuyau-droit\/\" \/>\n<meta property=\"og:locale\" content=\"fr_FR\" \/>\n<meta property=\"og:type\" content=\"article\" \/>\n<meta property=\"og:title\" content=\"Bandage Echappement Sp\u00e9cial Tuyau Droit | Produits | Holts FR\" \/>\n<meta property=\"og:description\" content=\"R\u00e9parez n&#039;importe quelle section droite d&#039;\u00e9chappement \u00e0 la maison avec la Bandage Echappement Sp\u00e9cial Tuyau Droit Holts France.\" \/>\n<meta property=\"og:url\" content=\"https:\/\/www.holtsauto.com\/fr\/produits\/reparation-maintenance\/bandage-echappement-special-tuyau-droit\/\" \/>\n<meta property=\"og:site_name\" content=\"Holts Auto Site\" \/>\n<meta property=\"article:modified_time\" content=\"2025-02-12T08:20:44+00:00\" \/>\n<meta property=\"og:image\" content=\"https:\/\/www.holtsauto.com\/wp-content\/uploads\/2024\/06\/HL2R6_Gun-Gum-Narrow-Metal-Repair-Bandage_GBPL.png\" \/>\n\t<meta property=\"og:image:width\" content=\"2000\" \/>\n\t<meta property=\"og:image:height\" content=\"2000\" \/>\n\t<meta property=\"og:image:type\" content=\"image\/png\" \/>\n<meta name=\"twitter:card\" content=\"summary_large_image\" \/>\n<meta name=\"twitter:label1\" content=\"Dur\u00e9e de lecture estim\u00e9e\" \/>\n\t<meta name=\"twitter:data1\" content=\"1 minute\" \/>\n<script type=\"application\/ld+json\" class=\"yoast-schema-graph\">{\"@context\":\"https:\\\/\\\/schema.org\",\"@graph\":[{\"@type\":\"WebPage\",\"@id\":\"https:\\\/\\\/www.holtsauto.com\\\/fr\\\/produits\\\/reparation-maintenance\\\/bandage-echappement-special-tuyau-droit\\\/\",\"url\":\"https:\\\/\\\/www.holtsauto.com\\\/fr\\\/produits\\\/reparation-maintenance\\\/bandage-echappement-special-tuyau-droit\\\/\",\"name\":\"Bandage Echappement Sp\u00e9cial Tuyau Droit | Produits | Holts FR\",\"isPartOf\":{\"@id\":\"https:\\\/\\\/www.holtsauto.com\\\/fr\\\/#website\"},\"primaryImageOfPage\":{\"@id\":\"https:\\\/\\\/www.holtsauto.com\\\/fr\\\/produits\\\/reparation-maintenance\\\/bandage-echappement-special-tuyau-droit\\\/#primaryimage\"},\"image\":{\"@id\":\"https:\\\/\\\/www.holtsauto.com\\\/fr\\\/produits\\\/reparation-maintenance\\\/bandage-echappement-special-tuyau-droit\\\/#primaryimage\"},\"thumbnailUrl\":\"https:\\\/\\\/www.holtsauto.com\\\/wp-content\\\/uploads\\\/2024\\\/06\\\/HL2R6_Gun-Gum-Narrow-Metal-Repair-Bandage_GBPL.png\",\"datePublished\":\"2016-03-22T13:09:51+00:00\",\"dateModified\":\"2025-02-12T08:20:44+00:00\",\"description\":\"R\u00e9parez n'importe quelle section droite d'\u00e9chappement \u00e0 la maison avec la Bandage Echappement Sp\u00e9cial Tuyau Droit Holts France.\",\"breadcrumb\":{\"@id\":\"https:\\\/\\\/www.holtsauto.com\\\/fr\\\/produits\\\/reparation-maintenance\\\/bandage-echappement-special-tuyau-droit\\\/#breadcrumb\"},\"inLanguage\":\"fr-FR\",\"potentialAction\":[{\"@type\":\"ReadAction\",\"target\":[\"https:\\\/\\\/www.holtsauto.com\\\/fr\\\/produits\\\/reparation-maintenance\\\/bandage-echappement-special-tuyau-droit\\\/\"]}]},{\"@type\":\"ImageObject\",\"inLanguage\":\"fr-FR\",\"@id\":\"https:\\\/\\\/www.holtsauto.com\\\/fr\\\/produits\\\/reparation-maintenance\\\/bandage-echappement-special-tuyau-droit\\\/#primaryimage\",\"url\":\"https:\\\/\\\/www.holtsauto.com\\\/wp-content\\\/uploads\\\/2024\\\/06\\\/HL2R6_Gun-Gum-Narrow-Metal-Repair-Bandage_GBPL.png\",\"contentUrl\":\"https:\\\/\\\/www.holtsauto.com\\\/wp-content\\\/uploads\\\/2024\\\/06\\\/HL2R6_Gun-Gum-Narrow-Metal-Repair-Bandage_GBPL.png\",\"width\":2000,\"height\":2000,\"caption\":\"Gun Gum Bandage f\u00fcr Auspuffrohre DE Holts\"},{\"@type\":\"BreadcrumbList\",\"@id\":\"https:\\\/\\\/www.holtsauto.com\\\/fr\\\/produits\\\/reparation-maintenance\\\/bandage-echappement-special-tuyau-droit\\\/#breadcrumb\",\"itemListElement\":[{\"@type\":\"ListItem\",\"position\":1,\"name\":\"Home\",\"item\":\"https:\\\/\\\/www.holtsauto.com\\\/fr\\\/\"},{\"@type\":\"ListItem\",\"position\":2,\"name\":\"Produits\",\"item\":\"https:\\\/\\\/www.holtsauto.com\\\/fr\\\/produits\\\/\"},{\"@type\":\"ListItem\",\"position\":3,\"name\":\"Bandage Echappement Sp\u00e9cial Tuyau Droit\"}]},{\"@type\":\"WebSite\",\"@id\":\"https:\\\/\\\/www.holtsauto.com\\\/fr\\\/#website\",\"url\":\"https:\\\/\\\/www.holtsauto.com\\\/fr\\\/\",\"name\":\"Holts Auto\",\"description\":\"\",\"potentialAction\":[{\"@type\":\"SearchAction\",\"target\":{\"@type\":\"EntryPoint\",\"urlTemplate\":\"https:\\\/\\\/www.holtsauto.com\\\/fr\\\/?s={search_term_string}\"},\"query-input\":{\"@type\":\"PropertyValueSpecification\",\"valueRequired\":true,\"valueName\":\"search_term_string\"}}],\"inLanguage\":\"fr-FR\"}]}<\/script>\n<!-- \/ Yoast SEO plugin. -->","yoast_head_json":{"title":"Bandage Echappement Sp\u00e9cial Tuyau Droit | Produits | Holts FR","description":"R\u00e9parez n'importe quelle section droite d'\u00e9chappement \u00e0 la maison avec la Bandage Echappement Sp\u00e9cial Tuyau Droit Holts France.","robots":{"index":"index","follow":"follow","max-snippet":"max-snippet:-1","max-image-preview":"max-image-preview:large","max-video-preview":"max-video-preview:-1"},"canonical":"https:\/\/www.holtsauto.com\/fr\/produits\/reparation-maintenance\/bandage-echappement-special-tuyau-droit\/","og_locale":"fr_FR","og_type":"article","og_title":"Bandage Echappement Sp\u00e9cial Tuyau Droit | Produits | Holts FR","og_description":"R\u00e9parez n'importe quelle section droite d'\u00e9chappement \u00e0 la maison avec la Bandage Echappement Sp\u00e9cial Tuyau Droit Holts France.","og_url":"https:\/\/www.holtsauto.com\/fr\/produits\/reparation-maintenance\/bandage-echappement-special-tuyau-droit\/","og_site_name":"Holts Auto Site","article_modified_time":"2025-02-12T08:20:44+00:00","og_image":[{"width":2000,"height":2000,"url":"https:\/\/www.holtsauto.com\/wp-content\/uploads\/2024\/06\/HL2R6_Gun-Gum-Narrow-Metal-Repair-Bandage_GBPL.png","type":"image\/png"}],"twitter_card":"summary_large_image","twitter_misc":{"Dur\u00e9e de lecture estim\u00e9e":"1 minute"},"schema":{"@context":"https:\/\/schema.org","@graph":[{"@type":"WebPage","@id":"https:\/\/www.holtsauto.com\/fr\/produits\/reparation-maintenance\/bandage-echappement-special-tuyau-droit\/","url":"https:\/\/www.holtsauto.com\/fr\/produits\/reparation-maintenance\/bandage-echappement-special-tuyau-droit\/","name":"Bandage Echappement Sp\u00e9cial Tuyau Droit | Produits | Holts FR","isPartOf":{"@id":"https:\/\/www.holtsauto.com\/fr\/#website"},"primaryImageOfPage":{"@id":"https:\/\/www.holtsauto.com\/fr\/produits\/reparation-maintenance\/bandage-echappement-special-tuyau-droit\/#primaryimage"},"image":{"@id":"https:\/\/www.holtsauto.com\/fr\/produits\/reparation-maintenance\/bandage-echappement-special-tuyau-droit\/#primaryimage"},"thumbnailUrl":"https:\/\/www.holtsauto.com\/wp-content\/uploads\/2024\/06\/HL2R6_Gun-Gum-Narrow-Metal-Repair-Bandage_GBPL.png","datePublished":"2016-03-22T13:09:51+00:00","dateModified":"2025-02-12T08:20:44+00:00","description":"R\u00e9parez n'importe quelle section droite d'\u00e9chappement \u00e0 la maison avec la Bandage Echappement Sp\u00e9cial Tuyau Droit Holts France.","breadcrumb":{"@id":"https:\/\/www.holtsauto.com\/fr\/produits\/reparation-maintenance\/bandage-echappement-special-tuyau-droit\/#breadcrumb"},"inLanguage":"fr-FR","potentialAction":[{"@type":"ReadAction","target":["https:\/\/www.holtsauto.com\/fr\/produits\/reparation-maintenance\/bandage-echappement-special-tuyau-droit\/"]}]},{"@type":"ImageObject","inLanguage":"fr-FR","@id":"https:\/\/www.holtsauto.com\/fr\/produits\/reparation-maintenance\/bandage-echappement-special-tuyau-droit\/#primaryimage","url":"https:\/\/www.holtsauto.com\/wp-content\/uploads\/2024\/06\/HL2R6_Gun-Gum-Narrow-Metal-Repair-Bandage_GBPL.png","contentUrl":"https:\/\/www.holtsauto.com\/wp-content\/uploads\/2024\/06\/HL2R6_Gun-Gum-Narrow-Metal-Repair-Bandage_GBPL.png","width":2000,"height":2000,"caption":"Gun Gum Bandage f\u00fcr Auspuffrohre DE Holts"},{"@type":"BreadcrumbList","@id":"https:\/\/www.holtsauto.com\/fr\/produits\/reparation-maintenance\/bandage-echappement-special-tuyau-droit\/#breadcrumb","itemListElement":[{"@type":"ListItem","position":1,"name":"Home","item":"https:\/\/www.holtsauto.com\/fr\/"},{"@type":"ListItem","position":2,"name":"Produits","item":"https:\/\/www.holtsauto.com\/fr\/produits\/"},{"@type":"ListItem","position":3,"name":"Bandage Echappement Sp\u00e9cial Tuyau Droit"}]},{"@type":"WebSite","@id":"https:\/\/www.holtsauto.com\/fr\/#website","url":"https:\/\/www.holtsauto.com\/fr\/","name":"Holts Auto","description":"","potentialAction":[{"@type":"SearchAction","target":{"@type":"EntryPoint","urlTemplate":"https:\/\/www.holtsauto.com\/fr\/?s={search_term_string}"},"query-input":{"@type":"PropertyValueSpecification","valueRequired":true,"valueName":"search_term_string"}}],"inLanguage":"fr-FR"}]}},"_links":{"self":[{"href":"https:\/\/www.holtsauto.com\/fr\/wp-json\/wp\/v2\/product\/1965","targetHints":{"allow":["GET"]}}],"collection":[{"href":"https:\/\/www.holtsauto.com\/fr\/wp-json\/wp\/v2\/product"}],"about":[{"href":"https:\/\/www.holtsauto.com\/fr\/wp-json\/wp\/v2\/types\/product"}],"replies":[{"embeddable":true,"href":"https:\/\/www.holtsauto.com\/fr\/wp-json\/wp\/v2\/comments?post=1965"}],"wp:featuredmedia":[{"embeddable":true,"href":"https:\/\/www.holtsauto.com\/fr\/wp-json\/wp\/v2\/media\/11373"}],"wp:attachment":[{"href":"https:\/\/www.holtsauto.com\/fr\/wp-json\/wp\/v2\/media?parent=1965"}],"wp:term":[{"taxonomy":"product_brand","embeddable":true,"href":"https:\/\/www.holtsauto.com\/fr\/wp-json\/wp\/v2\/product_brand?post=1965"},{"taxonomy":"product_cat","embeddable":true,"href":"https:\/\/www.holtsauto.com\/fr\/wp-json\/wp\/v2\/product_cat?post=1965"},{"taxonomy":"product_tag","embeddable":true,"href":"https:\/\/www.holtsauto.com\/fr\/wp-json\/wp\/v2\/product_tag?post=1965"}],"curies":[{"name":"wp","href":"https:\/\/api.w.org\/{rel}","templated":true}]}}