{"id":1968,"date":"2016-03-22T12:23:49","date_gmt":"2016-03-22T13:23:49","guid":{"rendered":"https:\/\/www.holtsauto.com\/fr\/?post_type=product&#038;p=1968"},"modified":"2025-02-12T08:19:55","modified_gmt":"2025-02-12T08:19:55","slug":"bandage-echappement-acier-tuyau-coude","status":"publish","type":"product","link":"https:\/\/www.holtsauto.com\/fr\/produits\/reparation-maintenance\/bandage-echappement-acier-tuyau-coude\/","title":{"rendered":"Bandage Echappement Acier: Tuyau Coud\u00e9"},"content":{"rendered":"<p>Partout o\u00f9 se trouvent les dommages sur votre \u00e9chappement, Holts propose un produit Gun Gum qui peut le r\u00e9parer.<\/p>\n<p>Le bandage de r\u00e9paration m\u00e9tallique Easy Fit est un kit de r\u00e9paration d&rsquo;\u00e9chappement de notre gamme Gun Gum contenant une enveloppe r\u00e9glable qui peut \u00eatre install\u00e9e sur les coudes des sections d&rsquo;\u00e9chappement ou l\u00e0 o\u00f9 un bo\u00eetier de silencieux rencontre un tuyau.<\/p>\n<p>Gr\u00e2ce \u00e0 la conception flexible sp\u00e9ciale, vous pouvez facilement r\u00e9parer ces zones d\u00e9licates \u00e0 la maison. L&#8217;emballage est bien ajust\u00e9 et doit \u00eatre scell\u00e9 avec Gun Gum Paste pour former un joint \u00e9tanche aux gaz permanent, sans d\u00e9montage ni remplacement de pi\u00e8ces n\u00e9cessaires.<\/p>\n<p>Convient pour une utilisation sur les tuyaux incurv\u00e9s, les convertisseurs catalytiques, les DPF, le bo\u00eetier arri\u00e8re ou les tuyaux d&rsquo;\u00e9chappement.<\/p>\n","protected":false},"excerpt":{"rendered":"<p>Le bandage de r\u00e9paration m\u00e9tallique Easy Fit est un kit de r\u00e9paration d&rsquo;\u00e9chappement de notre gamme Gun Gum contenant une enveloppe r\u00e9glable qui peut \u00eatre install\u00e9e sur les coudes des sections d&rsquo;\u00e9chappement.<\/p>\n<ul>\n<li><span style=\"font-weight: 400;\">Use with Gun Gum exhaust paste for a permanent repair<\/span><\/li>\n<li>Quick and easy to use<\/li>\n<\/ul>\n","protected":false},"featured_media":11377,"comment_status":"closed","ping_status":"closed","template":"","meta":{"_acf_changed":false,"inline_featured_image":false},"product_brand":[],"product_cat":[310],"product_tag":[],"class_list":{"0":"post-1968","1":"product","2":"type-product","3":"status-publish","4":"has-post-thumbnail","6":"product_cat-reparation-maintenance","8":"first","9":"instock","10":"shipping-taxable","11":"purchasable","12":"product-type-simple"},"acf":[],"yoast_head":"<!-- This site is optimized with the Yoast SEO plugin v27.3 - https:\/\/yoast.com\/product\/yoast-seo-wordpress\/ -->\n<title>Bandage Echappement Acier: Tuyau Coud\u00e9 | Produits | Holts FR<\/title>\n<meta name=\"description\" content=\"R\u00e9parer un trou ou une fissure dans votre \u00e9chappement n&#039;a jamais \u00e9t\u00e9 aussi simple, consultez notre Bandage Echappement Acier dans la gamme gun gum.\" \/>\n<meta name=\"robots\" content=\"index, follow, max-snippet:-1, max-image-preview:large, max-video-preview:-1\" \/>\n<link rel=\"canonical\" href=\"https:\/\/www.holtsauto.com\/fr\/produits\/reparation-maintenance\/bandage-echappement-acier-tuyau-coude\/\" \/>\n<meta property=\"og:locale\" content=\"fr_FR\" \/>\n<meta property=\"og:type\" content=\"article\" \/>\n<meta property=\"og:title\" content=\"Bandage Echappement Acier: Tuyau Coud\u00e9 | Produits | Holts FR\" \/>\n<meta property=\"og:description\" content=\"R\u00e9parer un trou ou une fissure dans votre \u00e9chappement n&#039;a jamais \u00e9t\u00e9 aussi simple, consultez notre Bandage Echappement Acier dans la gamme gun gum.\" \/>\n<meta property=\"og:url\" content=\"https:\/\/www.holtsauto.com\/fr\/produits\/reparation-maintenance\/bandage-echappement-acier-tuyau-coude\/\" \/>\n<meta property=\"og:site_name\" content=\"Holts Auto Site\" \/>\n<meta property=\"article:modified_time\" content=\"2025-02-12T08:19:55+00:00\" \/>\n<meta property=\"og:image\" content=\"https:\/\/www.holtsauto.com\/wp-content\/uploads\/2024\/06\/easy-fit-gun-gum-de.png\" \/>\n\t<meta property=\"og:image:width\" content=\"2000\" \/>\n\t<meta property=\"og:image:height\" content=\"2000\" \/>\n\t<meta property=\"og:image:type\" content=\"image\/png\" \/>\n<meta name=\"twitter:card\" content=\"summary_large_image\" \/>\n<meta name=\"twitter:label1\" content=\"Dur\u00e9e de lecture estim\u00e9e\" \/>\n\t<meta name=\"twitter:data1\" content=\"1 minute\" \/>\n<script type=\"application\/ld+json\" class=\"yoast-schema-graph\">{\"@context\":\"https:\\\/\\\/schema.org\",\"@graph\":[{\"@type\":\"WebPage\",\"@id\":\"https:\\\/\\\/www.holtsauto.com\\\/fr\\\/produits\\\/reparation-maintenance\\\/bandage-echappement-acier-tuyau-coude\\\/\",\"url\":\"https:\\\/\\\/www.holtsauto.com\\\/fr\\\/produits\\\/reparation-maintenance\\\/bandage-echappement-acier-tuyau-coude\\\/\",\"name\":\"Bandage Echappement Acier: Tuyau Coud\u00e9 | Produits | Holts FR\",\"isPartOf\":{\"@id\":\"https:\\\/\\\/www.holtsauto.com\\\/fr\\\/#website\"},\"primaryImageOfPage\":{\"@id\":\"https:\\\/\\\/www.holtsauto.com\\\/fr\\\/produits\\\/reparation-maintenance\\\/bandage-echappement-acier-tuyau-coude\\\/#primaryimage\"},\"image\":{\"@id\":\"https:\\\/\\\/www.holtsauto.com\\\/fr\\\/produits\\\/reparation-maintenance\\\/bandage-echappement-acier-tuyau-coude\\\/#primaryimage\"},\"thumbnailUrl\":\"https:\\\/\\\/www.holtsauto.com\\\/wp-content\\\/uploads\\\/2024\\\/06\\\/easy-fit-gun-gum-de.png\",\"datePublished\":\"2016-03-22T13:23:49+00:00\",\"dateModified\":\"2025-02-12T08:19:55+00:00\",\"description\":\"R\u00e9parer un trou ou une fissure dans votre \u00e9chappement n'a jamais \u00e9t\u00e9 aussi simple, consultez notre Bandage Echappement Acier dans la gamme gun gum.\",\"breadcrumb\":{\"@id\":\"https:\\\/\\\/www.holtsauto.com\\\/fr\\\/produits\\\/reparation-maintenance\\\/bandage-echappement-acier-tuyau-coude\\\/#breadcrumb\"},\"inLanguage\":\"fr-FR\",\"potentialAction\":[{\"@type\":\"ReadAction\",\"target\":[\"https:\\\/\\\/www.holtsauto.com\\\/fr\\\/produits\\\/reparation-maintenance\\\/bandage-echappement-acier-tuyau-coude\\\/\"]}]},{\"@type\":\"ImageObject\",\"inLanguage\":\"fr-FR\",\"@id\":\"https:\\\/\\\/www.holtsauto.com\\\/fr\\\/produits\\\/reparation-maintenance\\\/bandage-echappement-acier-tuyau-coude\\\/#primaryimage\",\"url\":\"https:\\\/\\\/www.holtsauto.com\\\/wp-content\\\/uploads\\\/2024\\\/06\\\/easy-fit-gun-gum-de.png\",\"contentUrl\":\"https:\\\/\\\/www.holtsauto.com\\\/wp-content\\\/uploads\\\/2024\\\/06\\\/easy-fit-gun-gum-de.png\",\"width\":2000,\"height\":2000,\"caption\":\"Gun Gum Bandage f\u00fcr Auspuffrohre und -t\u00f6pfe\"},{\"@type\":\"BreadcrumbList\",\"@id\":\"https:\\\/\\\/www.holtsauto.com\\\/fr\\\/produits\\\/reparation-maintenance\\\/bandage-echappement-acier-tuyau-coude\\\/#breadcrumb\",\"itemListElement\":[{\"@type\":\"ListItem\",\"position\":1,\"name\":\"Home\",\"item\":\"https:\\\/\\\/www.holtsauto.com\\\/fr\\\/\"},{\"@type\":\"ListItem\",\"position\":2,\"name\":\"Produits\",\"item\":\"https:\\\/\\\/www.holtsauto.com\\\/fr\\\/produits\\\/\"},{\"@type\":\"ListItem\",\"position\":3,\"name\":\"Bandage Echappement Acier: Tuyau Coud\u00e9\"}]},{\"@type\":\"WebSite\",\"@id\":\"https:\\\/\\\/www.holtsauto.com\\\/fr\\\/#website\",\"url\":\"https:\\\/\\\/www.holtsauto.com\\\/fr\\\/\",\"name\":\"Holts Auto\",\"description\":\"\",\"potentialAction\":[{\"@type\":\"SearchAction\",\"target\":{\"@type\":\"EntryPoint\",\"urlTemplate\":\"https:\\\/\\\/www.holtsauto.com\\\/fr\\\/?s={search_term_string}\"},\"query-input\":{\"@type\":\"PropertyValueSpecification\",\"valueRequired\":true,\"valueName\":\"search_term_string\"}}],\"inLanguage\":\"fr-FR\"}]}<\/script>\n<!-- \/ Yoast SEO plugin. -->","yoast_head_json":{"title":"Bandage Echappement Acier: Tuyau Coud\u00e9 | Produits | Holts FR","description":"R\u00e9parer un trou ou une fissure dans votre \u00e9chappement n'a jamais \u00e9t\u00e9 aussi simple, consultez notre Bandage Echappement Acier dans la gamme gun gum.","robots":{"index":"index","follow":"follow","max-snippet":"max-snippet:-1","max-image-preview":"max-image-preview:large","max-video-preview":"max-video-preview:-1"},"canonical":"https:\/\/www.holtsauto.com\/fr\/produits\/reparation-maintenance\/bandage-echappement-acier-tuyau-coude\/","og_locale":"fr_FR","og_type":"article","og_title":"Bandage Echappement Acier: Tuyau Coud\u00e9 | Produits | Holts FR","og_description":"R\u00e9parer un trou ou une fissure dans votre \u00e9chappement n'a jamais \u00e9t\u00e9 aussi simple, consultez notre Bandage Echappement Acier dans la gamme gun gum.","og_url":"https:\/\/www.holtsauto.com\/fr\/produits\/reparation-maintenance\/bandage-echappement-acier-tuyau-coude\/","og_site_name":"Holts Auto Site","article_modified_time":"2025-02-12T08:19:55+00:00","og_image":[{"width":2000,"height":2000,"url":"https:\/\/www.holtsauto.com\/wp-content\/uploads\/2024\/06\/easy-fit-gun-gum-de.png","type":"image\/png"}],"twitter_card":"summary_large_image","twitter_misc":{"Dur\u00e9e de lecture estim\u00e9e":"1 minute"},"schema":{"@context":"https:\/\/schema.org","@graph":[{"@type":"WebPage","@id":"https:\/\/www.holtsauto.com\/fr\/produits\/reparation-maintenance\/bandage-echappement-acier-tuyau-coude\/","url":"https:\/\/www.holtsauto.com\/fr\/produits\/reparation-maintenance\/bandage-echappement-acier-tuyau-coude\/","name":"Bandage Echappement Acier: Tuyau Coud\u00e9 | Produits | Holts FR","isPartOf":{"@id":"https:\/\/www.holtsauto.com\/fr\/#website"},"primaryImageOfPage":{"@id":"https:\/\/www.holtsauto.com\/fr\/produits\/reparation-maintenance\/bandage-echappement-acier-tuyau-coude\/#primaryimage"},"image":{"@id":"https:\/\/www.holtsauto.com\/fr\/produits\/reparation-maintenance\/bandage-echappement-acier-tuyau-coude\/#primaryimage"},"thumbnailUrl":"https:\/\/www.holtsauto.com\/wp-content\/uploads\/2024\/06\/easy-fit-gun-gum-de.png","datePublished":"2016-03-22T13:23:49+00:00","dateModified":"2025-02-12T08:19:55+00:00","description":"R\u00e9parer un trou ou une fissure dans votre \u00e9chappement n'a jamais \u00e9t\u00e9 aussi simple, consultez notre Bandage Echappement Acier dans la gamme gun gum.","breadcrumb":{"@id":"https:\/\/www.holtsauto.com\/fr\/produits\/reparation-maintenance\/bandage-echappement-acier-tuyau-coude\/#breadcrumb"},"inLanguage":"fr-FR","potentialAction":[{"@type":"ReadAction","target":["https:\/\/www.holtsauto.com\/fr\/produits\/reparation-maintenance\/bandage-echappement-acier-tuyau-coude\/"]}]},{"@type":"ImageObject","inLanguage":"fr-FR","@id":"https:\/\/www.holtsauto.com\/fr\/produits\/reparation-maintenance\/bandage-echappement-acier-tuyau-coude\/#primaryimage","url":"https:\/\/www.holtsauto.com\/wp-content\/uploads\/2024\/06\/easy-fit-gun-gum-de.png","contentUrl":"https:\/\/www.holtsauto.com\/wp-content\/uploads\/2024\/06\/easy-fit-gun-gum-de.png","width":2000,"height":2000,"caption":"Gun Gum Bandage f\u00fcr Auspuffrohre und -t\u00f6pfe"},{"@type":"BreadcrumbList","@id":"https:\/\/www.holtsauto.com\/fr\/produits\/reparation-maintenance\/bandage-echappement-acier-tuyau-coude\/#breadcrumb","itemListElement":[{"@type":"ListItem","position":1,"name":"Home","item":"https:\/\/www.holtsauto.com\/fr\/"},{"@type":"ListItem","position":2,"name":"Produits","item":"https:\/\/www.holtsauto.com\/fr\/produits\/"},{"@type":"ListItem","position":3,"name":"Bandage Echappement Acier: Tuyau Coud\u00e9"}]},{"@type":"WebSite","@id":"https:\/\/www.holtsauto.com\/fr\/#website","url":"https:\/\/www.holtsauto.com\/fr\/","name":"Holts Auto","description":"","potentialAction":[{"@type":"SearchAction","target":{"@type":"EntryPoint","urlTemplate":"https:\/\/www.holtsauto.com\/fr\/?s={search_term_string}"},"query-input":{"@type":"PropertyValueSpecification","valueRequired":true,"valueName":"search_term_string"}}],"inLanguage":"fr-FR"}]}},"_links":{"self":[{"href":"https:\/\/www.holtsauto.com\/fr\/wp-json\/wp\/v2\/product\/1968","targetHints":{"allow":["GET"]}}],"collection":[{"href":"https:\/\/www.holtsauto.com\/fr\/wp-json\/wp\/v2\/product"}],"about":[{"href":"https:\/\/www.holtsauto.com\/fr\/wp-json\/wp\/v2\/types\/product"}],"replies":[{"embeddable":true,"href":"https:\/\/www.holtsauto.com\/fr\/wp-json\/wp\/v2\/comments?post=1968"}],"wp:featuredmedia":[{"embeddable":true,"href":"https:\/\/www.holtsauto.com\/fr\/wp-json\/wp\/v2\/media\/11377"}],"wp:attachment":[{"href":"https:\/\/www.holtsauto.com\/fr\/wp-json\/wp\/v2\/media?parent=1968"}],"wp:term":[{"taxonomy":"product_brand","embeddable":true,"href":"https:\/\/www.holtsauto.com\/fr\/wp-json\/wp\/v2\/product_brand?post=1968"},{"taxonomy":"product_cat","embeddable":true,"href":"https:\/\/www.holtsauto.com\/fr\/wp-json\/wp\/v2\/product_cat?post=1968"},{"taxonomy":"product_tag","embeddable":true,"href":"https:\/\/www.holtsauto.com\/fr\/wp-json\/wp\/v2\/product_tag?post=1968"}],"curies":[{"name":"wp","href":"https:\/\/api.w.org\/{rel}","templated":true}]}}