{"id":2318,"date":"2022-03-21T14:56:47","date_gmt":"2022-03-21T13:56:47","guid":{"rendered":"https:\/\/www.holtsauto.com\/fr\/?post_type=product&#038;p=2318"},"modified":"2025-02-10T17:27:47","modified_gmt":"2025-02-10T17:27:47","slug":"nettoyant-insectes-et-fientes","status":"publish","type":"product","link":"https:\/\/www.holtsauto.com\/fr\/produits\/nettoyage-exterieur\/nettoyant-insectes-et-fientes\/","title":{"rendered":"Nettoyant Insectes et Fientes"},"content":{"rendered":"<p><span style=\"font-weight: 400;\">Le dissolvant pour insectes et d\u00e9jections d&rsquo;oiseaux Simoniz est sp\u00e9cialement d\u00e9velopp\u00e9 pour \u00e9liminer facilement les taches et la salet\u00e9 tenaces, en particulier celles caus\u00e9es par les fientes d&rsquo;oiseaux et les insectes morts. Ces types de d\u00e9p\u00f4ts peuvent \u00eatre difficiles \u00e0 \u00e9liminer avec les shampoings et nettoyants automobiles standards, et vous risquez des dommages permanents en les laissant reposer sur la peinture pendant de longues p\u00e9riodes.<\/span><\/p>\n<p><span style=\"font-weight: 400;\">Chez Simoniz, notre mission est de rendre l&rsquo;entretien de votre voiture aussi simple que possible. C&rsquo;est pourquoi, avec notre dissolvant de d\u00e9jections d&rsquo;insectes et d&rsquo;oiseaux, vous pouvez \u00e9liminer la salet\u00e9 tenace en une seule application. Aucun frottement et aucun risque de dommage. Un nettoyage sans effort qui garantit d&rsquo;excellents r\u00e9sultats en quelques minutes.<\/span><\/p>\n<p><span style=\"font-weight: 400;\">Retirer les crottes d&rsquo;oiseaux, les insectes morts et autres d\u00e9p\u00f4ts incrust\u00e9s comme la s\u00e8ve des arbres de votre voiture peut \u00eatre d\u00e9licat. Avec Simoniz Insect &amp; Bird Dropting Remover, nous avons cr\u00e9\u00e9 un nettoyant efficace qui dissout et soul\u00e8ve la salet\u00e9 sans agresser la peinture de votre voiture.<\/span><\/p>\n","protected":false},"excerpt":{"rendered":"<p><span style=\"font-weight: 400;\">Le Nettoyant Insectes et Fientes Holts facilite l\u2019\u00e9liminiation des d\u00e9p\u00f4ts, des fientes et insectes.<\/span><\/p>\n<ul>\n<li><span style=\"font-weight: 400;\">Formule surpuissante et rapide<\/span><\/li>\n<li><span style=\"font-weight: 400;\">\u00c9liminer les d\u00e9p\u00f4ts, d\u2019insectes et fientes<\/span><\/li>\n<li><span style=\"font-weight: 400;\">Toutes surfaces ext\u00e9rieures<\/span><\/li>\n<\/ul>\n","protected":false},"featured_media":11202,"comment_status":"closed","ping_status":"closed","template":"","meta":{"_acf_changed":false,"inline_featured_image":false},"product_brand":[],"product_cat":[307],"product_tag":[],"class_list":{"0":"post-2318","1":"product","2":"type-product","3":"status-publish","4":"has-post-thumbnail","6":"product_cat-nettoyage-exterieur","8":"first","9":"instock","10":"shipping-taxable","11":"purchasable","12":"product-type-simple"},"acf":[],"yoast_head":"<!-- This site is optimized with the Yoast SEO plugin v27.3 - https:\/\/yoast.com\/product\/yoast-seo-wordpress\/ -->\n<title>Nettoyant Insectes et Fientes | Produits | Holts FR<\/title>\n<meta name=\"description\" content=\"Le Nettoyant Insectes et Fientes Holts facilite l\u2019\u00e9lminiation des d\u00e9p\u00f4ts, des fientes et insectes. Vous pouvez l&#039;utiliser entre deux lavages pour que l&#039;ext\u00e9rieur de votre automobile ne soit plus recouvert de salet\u00e9s et avaries.\" \/>\n<meta name=\"robots\" content=\"index, follow, max-snippet:-1, max-image-preview:large, max-video-preview:-1\" \/>\n<link rel=\"canonical\" href=\"https:\/\/www.holtsauto.com\/fr\/produits\/nettoyage-exterieur\/nettoyant-insectes-et-fientes\/\" \/>\n<meta property=\"og:locale\" content=\"fr_FR\" \/>\n<meta property=\"og:type\" content=\"article\" \/>\n<meta property=\"og:title\" content=\"Nettoyant Insectes et Fientes | Produits | Holts FR\" \/>\n<meta property=\"og:description\" content=\"Le Nettoyant Insectes et Fientes Holts facilite l\u2019\u00e9lminiation des d\u00e9p\u00f4ts, des fientes et insectes. Vous pouvez l&#039;utiliser entre deux lavages pour que l&#039;ext\u00e9rieur de votre automobile ne soit plus recouvert de salet\u00e9s et avaries.\" \/>\n<meta property=\"og:url\" content=\"https:\/\/www.holtsauto.com\/fr\/produits\/nettoyage-exterieur\/nettoyant-insectes-et-fientes\/\" \/>\n<meta property=\"og:site_name\" content=\"Holts Auto Site\" \/>\n<meta property=\"article:modified_time\" content=\"2025-02-10T17:27:47+00:00\" \/>\n<meta property=\"og:image\" content=\"https:\/\/www.holtsauto.com\/wp-content\/uploads\/2022\/03\/nettoyant-insectes-and-fientes.png\" \/>\n\t<meta property=\"og:image:width\" content=\"2000\" \/>\n\t<meta property=\"og:image:height\" content=\"2000\" \/>\n\t<meta property=\"og:image:type\" content=\"image\/png\" \/>\n<meta name=\"twitter:card\" content=\"summary_large_image\" \/>\n<meta name=\"twitter:label1\" content=\"Dur\u00e9e de lecture estim\u00e9e\" \/>\n\t<meta name=\"twitter:data1\" content=\"2 minutes\" \/>\n<script type=\"application\/ld+json\" class=\"yoast-schema-graph\">{\"@context\":\"https:\\\/\\\/schema.org\",\"@graph\":[{\"@type\":\"WebPage\",\"@id\":\"https:\\\/\\\/www.holtsauto.com\\\/fr\\\/produits\\\/nettoyage-exterieur\\\/nettoyant-insectes-et-fientes\\\/\",\"url\":\"https:\\\/\\\/www.holtsauto.com\\\/fr\\\/produits\\\/nettoyage-exterieur\\\/nettoyant-insectes-et-fientes\\\/\",\"name\":\"Nettoyant Insectes et Fientes | Produits | Holts FR\",\"isPartOf\":{\"@id\":\"https:\\\/\\\/www.holtsauto.com\\\/fr\\\/#website\"},\"primaryImageOfPage\":{\"@id\":\"https:\\\/\\\/www.holtsauto.com\\\/fr\\\/produits\\\/nettoyage-exterieur\\\/nettoyant-insectes-et-fientes\\\/#primaryimage\"},\"image\":{\"@id\":\"https:\\\/\\\/www.holtsauto.com\\\/fr\\\/produits\\\/nettoyage-exterieur\\\/nettoyant-insectes-et-fientes\\\/#primaryimage\"},\"thumbnailUrl\":\"https:\\\/\\\/www.holtsauto.com\\\/wp-content\\\/uploads\\\/2022\\\/03\\\/nettoyant-insectes-and-fientes.png\",\"datePublished\":\"2022-03-21T13:56:47+00:00\",\"dateModified\":\"2025-02-10T17:27:47+00:00\",\"description\":\"Le Nettoyant Insectes et Fientes Holts facilite l\u2019\u00e9lminiation des d\u00e9p\u00f4ts, des fientes et insectes. Vous pouvez l'utiliser entre deux lavages pour que l'ext\u00e9rieur de votre automobile ne soit plus recouvert de salet\u00e9s et avaries.\",\"breadcrumb\":{\"@id\":\"https:\\\/\\\/www.holtsauto.com\\\/fr\\\/produits\\\/nettoyage-exterieur\\\/nettoyant-insectes-et-fientes\\\/#breadcrumb\"},\"inLanguage\":\"fr-FR\",\"potentialAction\":[{\"@type\":\"ReadAction\",\"target\":[\"https:\\\/\\\/www.holtsauto.com\\\/fr\\\/produits\\\/nettoyage-exterieur\\\/nettoyant-insectes-et-fientes\\\/\"]}]},{\"@type\":\"ImageObject\",\"inLanguage\":\"fr-FR\",\"@id\":\"https:\\\/\\\/www.holtsauto.com\\\/fr\\\/produits\\\/nettoyage-exterieur\\\/nettoyant-insectes-et-fientes\\\/#primaryimage\",\"url\":\"https:\\\/\\\/www.holtsauto.com\\\/wp-content\\\/uploads\\\/2022\\\/03\\\/nettoyant-insectes-and-fientes.png\",\"contentUrl\":\"https:\\\/\\\/www.holtsauto.com\\\/wp-content\\\/uploads\\\/2022\\\/03\\\/nettoyant-insectes-and-fientes.png\",\"width\":2000,\"height\":2000,\"caption\":\"nettoyant insectes and fientes holts france\"},{\"@type\":\"BreadcrumbList\",\"@id\":\"https:\\\/\\\/www.holtsauto.com\\\/fr\\\/produits\\\/nettoyage-exterieur\\\/nettoyant-insectes-et-fientes\\\/#breadcrumb\",\"itemListElement\":[{\"@type\":\"ListItem\",\"position\":1,\"name\":\"Home\",\"item\":\"https:\\\/\\\/www.holtsauto.com\\\/fr\\\/\"},{\"@type\":\"ListItem\",\"position\":2,\"name\":\"Produits\",\"item\":\"https:\\\/\\\/www.holtsauto.com\\\/fr\\\/produits\\\/\"},{\"@type\":\"ListItem\",\"position\":3,\"name\":\"Nettoyant Insectes et Fientes\"}]},{\"@type\":\"WebSite\",\"@id\":\"https:\\\/\\\/www.holtsauto.com\\\/fr\\\/#website\",\"url\":\"https:\\\/\\\/www.holtsauto.com\\\/fr\\\/\",\"name\":\"Holts Auto\",\"description\":\"\",\"potentialAction\":[{\"@type\":\"SearchAction\",\"target\":{\"@type\":\"EntryPoint\",\"urlTemplate\":\"https:\\\/\\\/www.holtsauto.com\\\/fr\\\/?s={search_term_string}\"},\"query-input\":{\"@type\":\"PropertyValueSpecification\",\"valueRequired\":true,\"valueName\":\"search_term_string\"}}],\"inLanguage\":\"fr-FR\"}]}<\/script>\n<!-- \/ Yoast SEO plugin. -->","yoast_head_json":{"title":"Nettoyant Insectes et Fientes | Produits | Holts FR","description":"Le Nettoyant Insectes et Fientes Holts facilite l\u2019\u00e9lminiation des d\u00e9p\u00f4ts, des fientes et insectes. Vous pouvez l'utiliser entre deux lavages pour que l'ext\u00e9rieur de votre automobile ne soit plus recouvert de salet\u00e9s et avaries.","robots":{"index":"index","follow":"follow","max-snippet":"max-snippet:-1","max-image-preview":"max-image-preview:large","max-video-preview":"max-video-preview:-1"},"canonical":"https:\/\/www.holtsauto.com\/fr\/produits\/nettoyage-exterieur\/nettoyant-insectes-et-fientes\/","og_locale":"fr_FR","og_type":"article","og_title":"Nettoyant Insectes et Fientes | Produits | Holts FR","og_description":"Le Nettoyant Insectes et Fientes Holts facilite l\u2019\u00e9lminiation des d\u00e9p\u00f4ts, des fientes et insectes. Vous pouvez l'utiliser entre deux lavages pour que l'ext\u00e9rieur de votre automobile ne soit plus recouvert de salet\u00e9s et avaries.","og_url":"https:\/\/www.holtsauto.com\/fr\/produits\/nettoyage-exterieur\/nettoyant-insectes-et-fientes\/","og_site_name":"Holts Auto Site","article_modified_time":"2025-02-10T17:27:47+00:00","og_image":[{"width":2000,"height":2000,"url":"https:\/\/www.holtsauto.com\/wp-content\/uploads\/2022\/03\/nettoyant-insectes-and-fientes.png","type":"image\/png"}],"twitter_card":"summary_large_image","twitter_misc":{"Dur\u00e9e de lecture estim\u00e9e":"2 minutes"},"schema":{"@context":"https:\/\/schema.org","@graph":[{"@type":"WebPage","@id":"https:\/\/www.holtsauto.com\/fr\/produits\/nettoyage-exterieur\/nettoyant-insectes-et-fientes\/","url":"https:\/\/www.holtsauto.com\/fr\/produits\/nettoyage-exterieur\/nettoyant-insectes-et-fientes\/","name":"Nettoyant Insectes et Fientes | Produits | Holts FR","isPartOf":{"@id":"https:\/\/www.holtsauto.com\/fr\/#website"},"primaryImageOfPage":{"@id":"https:\/\/www.holtsauto.com\/fr\/produits\/nettoyage-exterieur\/nettoyant-insectes-et-fientes\/#primaryimage"},"image":{"@id":"https:\/\/www.holtsauto.com\/fr\/produits\/nettoyage-exterieur\/nettoyant-insectes-et-fientes\/#primaryimage"},"thumbnailUrl":"https:\/\/www.holtsauto.com\/wp-content\/uploads\/2022\/03\/nettoyant-insectes-and-fientes.png","datePublished":"2022-03-21T13:56:47+00:00","dateModified":"2025-02-10T17:27:47+00:00","description":"Le Nettoyant Insectes et Fientes Holts facilite l\u2019\u00e9lminiation des d\u00e9p\u00f4ts, des fientes et insectes. Vous pouvez l'utiliser entre deux lavages pour que l'ext\u00e9rieur de votre automobile ne soit plus recouvert de salet\u00e9s et avaries.","breadcrumb":{"@id":"https:\/\/www.holtsauto.com\/fr\/produits\/nettoyage-exterieur\/nettoyant-insectes-et-fientes\/#breadcrumb"},"inLanguage":"fr-FR","potentialAction":[{"@type":"ReadAction","target":["https:\/\/www.holtsauto.com\/fr\/produits\/nettoyage-exterieur\/nettoyant-insectes-et-fientes\/"]}]},{"@type":"ImageObject","inLanguage":"fr-FR","@id":"https:\/\/www.holtsauto.com\/fr\/produits\/nettoyage-exterieur\/nettoyant-insectes-et-fientes\/#primaryimage","url":"https:\/\/www.holtsauto.com\/wp-content\/uploads\/2022\/03\/nettoyant-insectes-and-fientes.png","contentUrl":"https:\/\/www.holtsauto.com\/wp-content\/uploads\/2022\/03\/nettoyant-insectes-and-fientes.png","width":2000,"height":2000,"caption":"nettoyant insectes and fientes holts france"},{"@type":"BreadcrumbList","@id":"https:\/\/www.holtsauto.com\/fr\/produits\/nettoyage-exterieur\/nettoyant-insectes-et-fientes\/#breadcrumb","itemListElement":[{"@type":"ListItem","position":1,"name":"Home","item":"https:\/\/www.holtsauto.com\/fr\/"},{"@type":"ListItem","position":2,"name":"Produits","item":"https:\/\/www.holtsauto.com\/fr\/produits\/"},{"@type":"ListItem","position":3,"name":"Nettoyant Insectes et Fientes"}]},{"@type":"WebSite","@id":"https:\/\/www.holtsauto.com\/fr\/#website","url":"https:\/\/www.holtsauto.com\/fr\/","name":"Holts Auto","description":"","potentialAction":[{"@type":"SearchAction","target":{"@type":"EntryPoint","urlTemplate":"https:\/\/www.holtsauto.com\/fr\/?s={search_term_string}"},"query-input":{"@type":"PropertyValueSpecification","valueRequired":true,"valueName":"search_term_string"}}],"inLanguage":"fr-FR"}]}},"_links":{"self":[{"href":"https:\/\/www.holtsauto.com\/fr\/wp-json\/wp\/v2\/product\/2318","targetHints":{"allow":["GET"]}}],"collection":[{"href":"https:\/\/www.holtsauto.com\/fr\/wp-json\/wp\/v2\/product"}],"about":[{"href":"https:\/\/www.holtsauto.com\/fr\/wp-json\/wp\/v2\/types\/product"}],"replies":[{"embeddable":true,"href":"https:\/\/www.holtsauto.com\/fr\/wp-json\/wp\/v2\/comments?post=2318"}],"wp:featuredmedia":[{"embeddable":true,"href":"https:\/\/www.holtsauto.com\/fr\/wp-json\/wp\/v2\/media\/11202"}],"wp:attachment":[{"href":"https:\/\/www.holtsauto.com\/fr\/wp-json\/wp\/v2\/media?parent=2318"}],"wp:term":[{"taxonomy":"product_brand","embeddable":true,"href":"https:\/\/www.holtsauto.com\/fr\/wp-json\/wp\/v2\/product_brand?post=2318"},{"taxonomy":"product_cat","embeddable":true,"href":"https:\/\/www.holtsauto.com\/fr\/wp-json\/wp\/v2\/product_cat?post=2318"},{"taxonomy":"product_tag","embeddable":true,"href":"https:\/\/www.holtsauto.com\/fr\/wp-json\/wp\/v2\/product_tag?post=2318"}],"curies":[{"name":"wp","href":"https:\/\/api.w.org\/{rel}","templated":true}]}}