{"id":2319,"date":"2019-03-21T14:56:02","date_gmt":"2019-03-21T15:56:02","guid":{"rendered":"https:\/\/www.holtsauto.com\/fr\/?post_type=product&#038;p=2319"},"modified":"2025-02-10T17:26:59","modified_gmt":"2025-02-10T17:26:59","slug":"lustreur-express","status":"publish","type":"product","link":"https:\/\/www.holtsauto.com\/fr\/produits\/nettoyage-exterieur\/lustreur-express\/","title":{"rendered":"Lustreur Express"},"content":{"rendered":"<p><span style=\"font-weight: 400;\">Holts Lustreur Express est une solution en spray de cire pour voiture qui offre tous les avantages de la cire pour voiture dans un spray de d\u00e9tail facile \u00e0 utiliser, afin que vous puissiez obtenir d&rsquo;excellents r\u00e9sultats sans aucun effort.<\/span><\/p>\n<p><span style=\"font-weight: 400;\">Holts Lustreur Express est une solution en spray de cire pour voiture qui offre tous les avantages de la cire pour voiture dans un spray de d\u00e9tail facile \u00e0 utiliser, afin que vous puissiez obtenir d&rsquo;excellents r\u00e9sultats sans aucun effort.<\/span><\/p>\n<p><span style=\"font-weight: 400;\">Rapide et facile \u00e0 utiliser, il est id\u00e9al pour faire le plein de brillance entre le lavage et l&rsquo;\u00e9pilation.<\/span><\/p>\n<p><span style=\"font-weight: 400;\">La formule pulv\u00e9ris\u00e9e et polissable cr\u00e9e des perles d&rsquo;eau extr\u00eames, repoussant la salet\u00e9 et la poussi\u00e8re pour une protection suppl\u00e9mentaire et maintenir la brillance.<\/span><\/p>\n<p><span style=\"font-weight: 400;\">Il est important de prot\u00e9ger la peinture de votre voiture, mais parfois vous n\u2019aurez pas le temps d\u2019appliquer une couche de cire automobile traditionnelle.<\/span><\/p>\n<p><span style=\"font-weight: 400;\">B\u00e9n\u00e9ficiant d&rsquo;un flacon pulv\u00e9risateur \u00e0 g\u00e2chette facile \u00e0 utiliser, la cire liquide pour voiture peut \u00eatre appliqu\u00e9e directement sur la peinture et travaill\u00e9e avec un chiffon pour r\u00e9v\u00e9ler un \u00e9clat brillant digne d&rsquo;une salle d&rsquo;exposition.<\/span><\/p>\n<p><span style=\"font-weight: 400;\">Nous avons travaill\u00e9 dur pour garantir que notre cire de voiture en spray offre une protection durable et une brillance brillante, avec des propri\u00e9t\u00e9s polym\u00e8res qui permettent une incroyable d\u00e9perlation de l&rsquo;eau.<\/span><\/p>\n<p><span style=\"font-weight: 400;\">Holts Lustreur Express est id\u00e9al pour une utilisation hebdomadaire ou bimensuelle r\u00e9guli\u00e8re et peut facilement \u00eatre appliqu\u00e9 apr\u00e8s le lavage et le s\u00e9chage de votre voiture.<\/span><\/p>\n","protected":false},"excerpt":{"rendered":"<p><span style=\"font-weight: 400;\">Holts Lustreur Express donne \u00e0 votre peinture un aspect juste cir\u00e9 en une fraction du temps.<\/span><\/p>\n<ul>\n<li><span style=\"font-weight: 400;\">A base de cire de Carnauba<\/span><\/li>\n<li><span style=\"font-weight: 400;\"> Rev\u00eatement polym\u00e8re longue dur\u00e9e<\/span><\/li>\n<li><span style=\"font-weight: 400;\"> Sans traces blanches<\/span><\/li>\n<li><span style=\"font-weight: 400;\"> Protection et Brillance longue dur\u00e9e<\/span><\/li>\n<\/ul>\n","protected":false},"featured_media":11216,"comment_status":"closed","ping_status":"closed","template":"","meta":{"_acf_changed":false,"inline_featured_image":false},"product_brand":[],"product_cat":[307],"product_tag":[],"class_list":{"0":"post-2319","1":"product","2":"type-product","3":"status-publish","4":"has-post-thumbnail","6":"product_cat-nettoyage-exterieur","8":"first","9":"instock","10":"shipping-taxable","11":"purchasable","12":"product-type-simple"},"acf":[],"yoast_head":"<!-- This site is optimized with the Yoast SEO plugin v27.3 - https:\/\/yoast.com\/product\/yoast-seo-wordpress\/ -->\n<title>Lustreur Express | Produits | Holts FR<\/title>\n<meta name=\"description\" content=\"Lustreur Express Holts est un spray facile \u00e0 utiliser, id\u00e9al pour faire l&#039;appoint en cire ou pour obtenir un fini brillant en d\u00e9placement.\" \/>\n<meta name=\"robots\" content=\"index, follow, max-snippet:-1, max-image-preview:large, max-video-preview:-1\" \/>\n<link rel=\"canonical\" href=\"https:\/\/www.holtsauto.com\/fr\/produits\/nettoyage-exterieur\/lustreur-express\/\" \/>\n<meta property=\"og:locale\" content=\"fr_FR\" \/>\n<meta property=\"og:type\" content=\"article\" \/>\n<meta property=\"og:title\" content=\"Lustreur Express | Produits | Holts FR\" \/>\n<meta property=\"og:description\" content=\"Lustreur Express Holts est un spray facile \u00e0 utiliser, id\u00e9al pour faire l&#039;appoint en cire ou pour obtenir un fini brillant en d\u00e9placement.\" \/>\n<meta property=\"og:url\" content=\"https:\/\/www.holtsauto.com\/fr\/produits\/nettoyage-exterieur\/lustreur-express\/\" \/>\n<meta property=\"og:site_name\" content=\"Holts Auto Site\" \/>\n<meta property=\"article:modified_time\" content=\"2025-02-10T17:26:59+00:00\" \/>\n<meta property=\"og:image\" content=\"https:\/\/www.holtsauto.com\/wp-content\/uploads\/2019\/03\/lustreur-express.png\" \/>\n\t<meta property=\"og:image:width\" content=\"2000\" \/>\n\t<meta property=\"og:image:height\" content=\"2000\" \/>\n\t<meta property=\"og:image:type\" content=\"image\/png\" \/>\n<meta name=\"twitter:card\" content=\"summary_large_image\" \/>\n<meta name=\"twitter:label1\" content=\"Dur\u00e9e de lecture estim\u00e9e\" \/>\n\t<meta name=\"twitter:data1\" content=\"2 minutes\" \/>\n<script type=\"application\/ld+json\" class=\"yoast-schema-graph\">{\"@context\":\"https:\\\/\\\/schema.org\",\"@graph\":[{\"@type\":\"WebPage\",\"@id\":\"https:\\\/\\\/www.holtsauto.com\\\/fr\\\/produits\\\/nettoyage-exterieur\\\/lustreur-express\\\/\",\"url\":\"https:\\\/\\\/www.holtsauto.com\\\/fr\\\/produits\\\/nettoyage-exterieur\\\/lustreur-express\\\/\",\"name\":\"Lustreur Express | Produits | Holts FR\",\"isPartOf\":{\"@id\":\"https:\\\/\\\/www.holtsauto.com\\\/fr\\\/#website\"},\"primaryImageOfPage\":{\"@id\":\"https:\\\/\\\/www.holtsauto.com\\\/fr\\\/produits\\\/nettoyage-exterieur\\\/lustreur-express\\\/#primaryimage\"},\"image\":{\"@id\":\"https:\\\/\\\/www.holtsauto.com\\\/fr\\\/produits\\\/nettoyage-exterieur\\\/lustreur-express\\\/#primaryimage\"},\"thumbnailUrl\":\"https:\\\/\\\/www.holtsauto.com\\\/wp-content\\\/uploads\\\/2019\\\/03\\\/lustreur-express.png\",\"datePublished\":\"2019-03-21T15:56:02+00:00\",\"dateModified\":\"2025-02-10T17:26:59+00:00\",\"description\":\"Lustreur Express Holts est un spray facile \u00e0 utiliser, id\u00e9al pour faire l'appoint en cire ou pour obtenir un fini brillant en d\u00e9placement.\",\"breadcrumb\":{\"@id\":\"https:\\\/\\\/www.holtsauto.com\\\/fr\\\/produits\\\/nettoyage-exterieur\\\/lustreur-express\\\/#breadcrumb\"},\"inLanguage\":\"fr-FR\",\"potentialAction\":[{\"@type\":\"ReadAction\",\"target\":[\"https:\\\/\\\/www.holtsauto.com\\\/fr\\\/produits\\\/nettoyage-exterieur\\\/lustreur-express\\\/\"]}]},{\"@type\":\"ImageObject\",\"inLanguage\":\"fr-FR\",\"@id\":\"https:\\\/\\\/www.holtsauto.com\\\/fr\\\/produits\\\/nettoyage-exterieur\\\/lustreur-express\\\/#primaryimage\",\"url\":\"https:\\\/\\\/www.holtsauto.com\\\/wp-content\\\/uploads\\\/2019\\\/03\\\/lustreur-express.png\",\"contentUrl\":\"https:\\\/\\\/www.holtsauto.com\\\/wp-content\\\/uploads\\\/2019\\\/03\\\/lustreur-express.png\",\"width\":2000,\"height\":2000,\"caption\":\"lustreur express holts france\"},{\"@type\":\"BreadcrumbList\",\"@id\":\"https:\\\/\\\/www.holtsauto.com\\\/fr\\\/produits\\\/nettoyage-exterieur\\\/lustreur-express\\\/#breadcrumb\",\"itemListElement\":[{\"@type\":\"ListItem\",\"position\":1,\"name\":\"Home\",\"item\":\"https:\\\/\\\/www.holtsauto.com\\\/fr\\\/\"},{\"@type\":\"ListItem\",\"position\":2,\"name\":\"Produits\",\"item\":\"https:\\\/\\\/www.holtsauto.com\\\/fr\\\/produits\\\/\"},{\"@type\":\"ListItem\",\"position\":3,\"name\":\"Lustreur Express\"}]},{\"@type\":\"WebSite\",\"@id\":\"https:\\\/\\\/www.holtsauto.com\\\/fr\\\/#website\",\"url\":\"https:\\\/\\\/www.holtsauto.com\\\/fr\\\/\",\"name\":\"Holts Auto\",\"description\":\"\",\"potentialAction\":[{\"@type\":\"SearchAction\",\"target\":{\"@type\":\"EntryPoint\",\"urlTemplate\":\"https:\\\/\\\/www.holtsauto.com\\\/fr\\\/?s={search_term_string}\"},\"query-input\":{\"@type\":\"PropertyValueSpecification\",\"valueRequired\":true,\"valueName\":\"search_term_string\"}}],\"inLanguage\":\"fr-FR\"}]}<\/script>\n<!-- \/ Yoast SEO plugin. -->","yoast_head_json":{"title":"Lustreur Express | Produits | Holts FR","description":"Lustreur Express Holts est un spray facile \u00e0 utiliser, id\u00e9al pour faire l'appoint en cire ou pour obtenir un fini brillant en d\u00e9placement.","robots":{"index":"index","follow":"follow","max-snippet":"max-snippet:-1","max-image-preview":"max-image-preview:large","max-video-preview":"max-video-preview:-1"},"canonical":"https:\/\/www.holtsauto.com\/fr\/produits\/nettoyage-exterieur\/lustreur-express\/","og_locale":"fr_FR","og_type":"article","og_title":"Lustreur Express | Produits | Holts FR","og_description":"Lustreur Express Holts est un spray facile \u00e0 utiliser, id\u00e9al pour faire l'appoint en cire ou pour obtenir un fini brillant en d\u00e9placement.","og_url":"https:\/\/www.holtsauto.com\/fr\/produits\/nettoyage-exterieur\/lustreur-express\/","og_site_name":"Holts Auto Site","article_modified_time":"2025-02-10T17:26:59+00:00","og_image":[{"width":2000,"height":2000,"url":"https:\/\/www.holtsauto.com\/wp-content\/uploads\/2019\/03\/lustreur-express.png","type":"image\/png"}],"twitter_card":"summary_large_image","twitter_misc":{"Dur\u00e9e de lecture estim\u00e9e":"2 minutes"},"schema":{"@context":"https:\/\/schema.org","@graph":[{"@type":"WebPage","@id":"https:\/\/www.holtsauto.com\/fr\/produits\/nettoyage-exterieur\/lustreur-express\/","url":"https:\/\/www.holtsauto.com\/fr\/produits\/nettoyage-exterieur\/lustreur-express\/","name":"Lustreur Express | Produits | Holts FR","isPartOf":{"@id":"https:\/\/www.holtsauto.com\/fr\/#website"},"primaryImageOfPage":{"@id":"https:\/\/www.holtsauto.com\/fr\/produits\/nettoyage-exterieur\/lustreur-express\/#primaryimage"},"image":{"@id":"https:\/\/www.holtsauto.com\/fr\/produits\/nettoyage-exterieur\/lustreur-express\/#primaryimage"},"thumbnailUrl":"https:\/\/www.holtsauto.com\/wp-content\/uploads\/2019\/03\/lustreur-express.png","datePublished":"2019-03-21T15:56:02+00:00","dateModified":"2025-02-10T17:26:59+00:00","description":"Lustreur Express Holts est un spray facile \u00e0 utiliser, id\u00e9al pour faire l'appoint en cire ou pour obtenir un fini brillant en d\u00e9placement.","breadcrumb":{"@id":"https:\/\/www.holtsauto.com\/fr\/produits\/nettoyage-exterieur\/lustreur-express\/#breadcrumb"},"inLanguage":"fr-FR","potentialAction":[{"@type":"ReadAction","target":["https:\/\/www.holtsauto.com\/fr\/produits\/nettoyage-exterieur\/lustreur-express\/"]}]},{"@type":"ImageObject","inLanguage":"fr-FR","@id":"https:\/\/www.holtsauto.com\/fr\/produits\/nettoyage-exterieur\/lustreur-express\/#primaryimage","url":"https:\/\/www.holtsauto.com\/wp-content\/uploads\/2019\/03\/lustreur-express.png","contentUrl":"https:\/\/www.holtsauto.com\/wp-content\/uploads\/2019\/03\/lustreur-express.png","width":2000,"height":2000,"caption":"lustreur express holts france"},{"@type":"BreadcrumbList","@id":"https:\/\/www.holtsauto.com\/fr\/produits\/nettoyage-exterieur\/lustreur-express\/#breadcrumb","itemListElement":[{"@type":"ListItem","position":1,"name":"Home","item":"https:\/\/www.holtsauto.com\/fr\/"},{"@type":"ListItem","position":2,"name":"Produits","item":"https:\/\/www.holtsauto.com\/fr\/produits\/"},{"@type":"ListItem","position":3,"name":"Lustreur Express"}]},{"@type":"WebSite","@id":"https:\/\/www.holtsauto.com\/fr\/#website","url":"https:\/\/www.holtsauto.com\/fr\/","name":"Holts Auto","description":"","potentialAction":[{"@type":"SearchAction","target":{"@type":"EntryPoint","urlTemplate":"https:\/\/www.holtsauto.com\/fr\/?s={search_term_string}"},"query-input":{"@type":"PropertyValueSpecification","valueRequired":true,"valueName":"search_term_string"}}],"inLanguage":"fr-FR"}]}},"_links":{"self":[{"href":"https:\/\/www.holtsauto.com\/fr\/wp-json\/wp\/v2\/product\/2319","targetHints":{"allow":["GET"]}}],"collection":[{"href":"https:\/\/www.holtsauto.com\/fr\/wp-json\/wp\/v2\/product"}],"about":[{"href":"https:\/\/www.holtsauto.com\/fr\/wp-json\/wp\/v2\/types\/product"}],"replies":[{"embeddable":true,"href":"https:\/\/www.holtsauto.com\/fr\/wp-json\/wp\/v2\/comments?post=2319"}],"wp:featuredmedia":[{"embeddable":true,"href":"https:\/\/www.holtsauto.com\/fr\/wp-json\/wp\/v2\/media\/11216"}],"wp:attachment":[{"href":"https:\/\/www.holtsauto.com\/fr\/wp-json\/wp\/v2\/media?parent=2319"}],"wp:term":[{"taxonomy":"product_brand","embeddable":true,"href":"https:\/\/www.holtsauto.com\/fr\/wp-json\/wp\/v2\/product_brand?post=2319"},{"taxonomy":"product_cat","embeddable":true,"href":"https:\/\/www.holtsauto.com\/fr\/wp-json\/wp\/v2\/product_cat?post=2319"},{"taxonomy":"product_tag","embeddable":true,"href":"https:\/\/www.holtsauto.com\/fr\/wp-json\/wp\/v2\/product_tag?post=2319"}],"curies":[{"name":"wp","href":"https:\/\/api.w.org\/{rel}","templated":true}]}}