{"id":2801,"date":"2022-07-26T08:43:27","date_gmt":"2022-07-26T06:43:27","guid":{"rendered":"https:\/\/www.holtsauto.com\/fr\/?post_type=product&#038;p=2801"},"modified":"2026-04-23T08:51:25","modified_gmt":"2026-04-23T08:51:25","slug":"nettoyant-freins","status":"publish","type":"product","link":"https:\/\/www.holtsauto.com\/fr\/produits\/gamme-professionnelle\/nettoyant-freins\/","title":{"rendered":"Nettoyant Freins"},"content":{"rendered":"<div class=\"jhH5U\">\n<div id=\"tw-ob\" class=\"tw-src-ltr\">\n<div class=\"oSioSc\">\n<div id=\"tw-target\">\n<div id=\"kAz1tf\" class=\"g9WsWb\">\n<div id=\"tw-target-text-container\" class=\"tw-ta-container hide-focus-ring tw-nfl\">\n<p><span style=\"font-weight: 400;\">En tant que l&rsquo;un de nos produits professionnels les plus populaires, Holts Nettoyant Freins est \u00e9galement l&rsquo;un de nos plus polyvalents. Il peut \u00eatre utilis\u00e9 partout dans l&rsquo;atelier, sur une multitude de pi\u00e8ces m\u00e9talliques diff\u00e9rentes.<\/span><\/p>\n<p><span style=\"font-weight: 400;\">C&rsquo;est un nettoyant et d\u00e9graissant puissant et \u00e0 action rapide, id\u00e9al pour nettoyer les pi\u00e8ces m\u00e9talliques telles que les \u00e9triers, les tambours, les ressorts, les freins et les embrayages. Nettoyant Freins Holts est mieux utilis\u00e9 pour \u00e9liminer la poussi\u00e8re de frein, les r\u00e9sidus de plaquettes de frein, la graisse, la salet\u00e9 et les d\u00e9p\u00f4ts huileux.<\/span><\/p>\n<p><span style=\"font-weight: 400;\">Il n&rsquo;est pas toujours facile d&rsquo;acc\u00e9der aux composants des v\u00e9hicules modernes, c&rsquo;est pourquoi notre produit sp\u00e9cialement con\u00e7u fonctionnera sous tous les angles. Le jet \u00e0 360\u00b0 peut \u00eatre utilis\u00e9 \u00e0 l&rsquo;envers, ce qui signifie que vous pourrez acc\u00e9der facilement \u00e0 tous ces endroits difficiles d&rsquo;acc\u00e8s.<\/span><\/p>\n<p><span style=\"font-weight: 400;\">Enfin, Nettoyant Freins Holts nettoie plus rapidement et utilise moins de produit que ses concurrents, vous offrant ainsi un excellent rapport qualit\u00e9-prix.<\/span><\/p>\n<\/div>\n<\/div>\n<\/div>\n<\/div>\n<\/div>\n<\/div>\n","protected":false},"excerpt":{"rendered":"<p><span style=\"font-weight: 400;\">Holts Nettoyant Freins est l&rsquo;un de nos produits professionnels les plus populaires qui peut \u00eatre utilis\u00e9 n&rsquo;importe o\u00f9 dans le garage ou l&rsquo;atelier.<\/span><\/p>\n<ul>\n<li><span style=\"font-weight: 400;\">Nettoyant puissant et \u00e0 action rapide<\/span><\/li>\n<li>S\u00e9chage rapide<\/li>\n<li>Nettoie et d\u00e9graisse toutes surfaces<\/li>\n<li>Sans danger pour la peinture \u2013 Sans ac\u00e9tone ni silicone<\/li>\n<li>Pulv\u00e9risation \u00e0 360\u00b0<\/li>\n<\/ul>\n","protected":false},"featured_media":13540,"comment_status":"closed","ping_status":"closed","template":"","meta":{"_acf_changed":false,"inline_featured_image":false},"product_brand":[],"product_cat":[311],"product_tag":[],"class_list":{"0":"post-2801","1":"product","2":"type-product","3":"status-publish","4":"has-post-thumbnail","6":"product_cat-gamme-professionnelle","8":"first","9":"instock","10":"shipping-taxable","11":"purchasable","12":"product-type-variable"},"acf":[],"yoast_head":"<!-- This site is optimized with the Yoast SEO plugin v27.4 - https:\/\/yoast.com\/product\/yoast-seo-wordpress\/ -->\n<title>Nettoyant Freins | Produits | Holts FR<\/title>\n<meta name=\"description\" content=\"Retrouvez ici notre Nettoyant Freins, un d\u00e9graissant pour toutes les pi\u00e8ces m\u00e9caniques. Il nettoie et d\u00e9graisse rapidement les freins, les embrayages et toutes les pi\u00e8ces et surfaces m\u00e9talliques.\" \/>\n<meta name=\"robots\" content=\"index, follow, max-snippet:-1, max-image-preview:large, max-video-preview:-1\" \/>\n<link rel=\"canonical\" href=\"https:\/\/www.holtsauto.com\/fr\/produits\/gamme-professionnelle\/nettoyant-freins\/\" \/>\n<meta property=\"og:locale\" content=\"fr_FR\" \/>\n<meta property=\"og:type\" content=\"article\" \/>\n<meta property=\"og:title\" content=\"Nettoyant Freins | Produits | Holts FR\" \/>\n<meta property=\"og:description\" content=\"Retrouvez ici notre Nettoyant Freins, un d\u00e9graissant pour toutes les pi\u00e8ces m\u00e9caniques. Il nettoie et d\u00e9graisse rapidement les freins, les embrayages et toutes les pi\u00e8ces et surfaces m\u00e9talliques.\" \/>\n<meta property=\"og:url\" content=\"https:\/\/www.holtsauto.com\/fr\/produits\/gamme-professionnelle\/nettoyant-freins\/\" \/>\n<meta property=\"og:site_name\" content=\"Holts Auto Site\" \/>\n<meta property=\"article:modified_time\" content=\"2026-04-23T08:51:25+00:00\" \/>\n<meta property=\"og:image\" content=\"https:\/\/www.holtsauto.com\/wp-content\/uploads\/2024\/08\/52460600131_Holts-Pro-Brake-Cleaner-600ml-Web.png\" \/>\n\t<meta property=\"og:image:width\" content=\"2000\" \/>\n\t<meta property=\"og:image:height\" content=\"2000\" \/>\n\t<meta property=\"og:image:type\" content=\"image\/png\" \/>\n<meta name=\"twitter:card\" content=\"summary_large_image\" \/>\n<meta name=\"twitter:label1\" content=\"Dur\u00e9e de lecture estim\u00e9e\" \/>\n\t<meta name=\"twitter:data1\" content=\"1 minute\" \/>\n<script type=\"application\/ld+json\" class=\"yoast-schema-graph\">{\"@context\":\"https:\\\/\\\/schema.org\",\"@graph\":[{\"@type\":\"WebPage\",\"@id\":\"https:\\\/\\\/www.holtsauto.com\\\/fr\\\/produits\\\/gamme-professionnelle\\\/nettoyant-freins\\\/\",\"url\":\"https:\\\/\\\/www.holtsauto.com\\\/fr\\\/produits\\\/gamme-professionnelle\\\/nettoyant-freins\\\/\",\"name\":\"Nettoyant Freins | Produits | Holts FR\",\"isPartOf\":{\"@id\":\"https:\\\/\\\/www.holtsauto.com\\\/fr\\\/#website\"},\"primaryImageOfPage\":{\"@id\":\"https:\\\/\\\/www.holtsauto.com\\\/fr\\\/produits\\\/gamme-professionnelle\\\/nettoyant-freins\\\/#primaryimage\"},\"image\":{\"@id\":\"https:\\\/\\\/www.holtsauto.com\\\/fr\\\/produits\\\/gamme-professionnelle\\\/nettoyant-freins\\\/#primaryimage\"},\"thumbnailUrl\":\"https:\\\/\\\/www.holtsauto.com\\\/wp-content\\\/uploads\\\/2024\\\/08\\\/52460600131_Holts-Pro-Brake-Cleaner-600ml-Web.png\",\"datePublished\":\"2022-07-26T06:43:27+00:00\",\"dateModified\":\"2026-04-23T08:51:25+00:00\",\"description\":\"Retrouvez ici notre Nettoyant Freins, un d\u00e9graissant pour toutes les pi\u00e8ces m\u00e9caniques. Il nettoie et d\u00e9graisse rapidement les freins, les embrayages et toutes les pi\u00e8ces et surfaces m\u00e9talliques.\",\"breadcrumb\":{\"@id\":\"https:\\\/\\\/www.holtsauto.com\\\/fr\\\/produits\\\/gamme-professionnelle\\\/nettoyant-freins\\\/#breadcrumb\"},\"inLanguage\":\"fr-FR\",\"potentialAction\":[{\"@type\":\"ReadAction\",\"target\":[\"https:\\\/\\\/www.holtsauto.com\\\/fr\\\/produits\\\/gamme-professionnelle\\\/nettoyant-freins\\\/\"]}]},{\"@type\":\"ImageObject\",\"inLanguage\":\"fr-FR\",\"@id\":\"https:\\\/\\\/www.holtsauto.com\\\/fr\\\/produits\\\/gamme-professionnelle\\\/nettoyant-freins\\\/#primaryimage\",\"url\":\"https:\\\/\\\/www.holtsauto.com\\\/wp-content\\\/uploads\\\/2024\\\/08\\\/52460600131_Holts-Pro-Brake-Cleaner-600ml-Web.png\",\"contentUrl\":\"https:\\\/\\\/www.holtsauto.com\\\/wp-content\\\/uploads\\\/2024\\\/08\\\/52460600131_Holts-Pro-Brake-Cleaner-600ml-Web.png\",\"width\":2000,\"height\":2000,\"caption\":\"holts brake cleaner 600ml\"},{\"@type\":\"BreadcrumbList\",\"@id\":\"https:\\\/\\\/www.holtsauto.com\\\/fr\\\/produits\\\/gamme-professionnelle\\\/nettoyant-freins\\\/#breadcrumb\",\"itemListElement\":[{\"@type\":\"ListItem\",\"position\":1,\"name\":\"Home\",\"item\":\"https:\\\/\\\/www.holtsauto.com\\\/fr\\\/\"},{\"@type\":\"ListItem\",\"position\":2,\"name\":\"Produits\",\"item\":\"https:\\\/\\\/www.holtsauto.com\\\/fr\\\/produits\\\/\"},{\"@type\":\"ListItem\",\"position\":3,\"name\":\"Nettoyant Freins\"}]},{\"@type\":\"WebSite\",\"@id\":\"https:\\\/\\\/www.holtsauto.com\\\/fr\\\/#website\",\"url\":\"https:\\\/\\\/www.holtsauto.com\\\/fr\\\/\",\"name\":\"Holts Auto\",\"description\":\"\",\"potentialAction\":[{\"@type\":\"SearchAction\",\"target\":{\"@type\":\"EntryPoint\",\"urlTemplate\":\"https:\\\/\\\/www.holtsauto.com\\\/fr\\\/?s={search_term_string}\"},\"query-input\":{\"@type\":\"PropertyValueSpecification\",\"valueRequired\":true,\"valueName\":\"search_term_string\"}}],\"inLanguage\":\"fr-FR\"}]}<\/script>\n<!-- \/ Yoast SEO plugin. -->","yoast_head_json":{"title":"Nettoyant Freins | Produits | Holts FR","description":"Retrouvez ici notre Nettoyant Freins, un d\u00e9graissant pour toutes les pi\u00e8ces m\u00e9caniques. Il nettoie et d\u00e9graisse rapidement les freins, les embrayages et toutes les pi\u00e8ces et surfaces m\u00e9talliques.","robots":{"index":"index","follow":"follow","max-snippet":"max-snippet:-1","max-image-preview":"max-image-preview:large","max-video-preview":"max-video-preview:-1"},"canonical":"https:\/\/www.holtsauto.com\/fr\/produits\/gamme-professionnelle\/nettoyant-freins\/","og_locale":"fr_FR","og_type":"article","og_title":"Nettoyant Freins | Produits | Holts FR","og_description":"Retrouvez ici notre Nettoyant Freins, un d\u00e9graissant pour toutes les pi\u00e8ces m\u00e9caniques. Il nettoie et d\u00e9graisse rapidement les freins, les embrayages et toutes les pi\u00e8ces et surfaces m\u00e9talliques.","og_url":"https:\/\/www.holtsauto.com\/fr\/produits\/gamme-professionnelle\/nettoyant-freins\/","og_site_name":"Holts Auto Site","article_modified_time":"2026-04-23T08:51:25+00:00","og_image":[{"width":2000,"height":2000,"url":"https:\/\/www.holtsauto.com\/wp-content\/uploads\/2024\/08\/52460600131_Holts-Pro-Brake-Cleaner-600ml-Web.png","type":"image\/png"}],"twitter_card":"summary_large_image","twitter_misc":{"Dur\u00e9e de lecture estim\u00e9e":"1 minute"},"schema":{"@context":"https:\/\/schema.org","@graph":[{"@type":"WebPage","@id":"https:\/\/www.holtsauto.com\/fr\/produits\/gamme-professionnelle\/nettoyant-freins\/","url":"https:\/\/www.holtsauto.com\/fr\/produits\/gamme-professionnelle\/nettoyant-freins\/","name":"Nettoyant Freins | Produits | Holts FR","isPartOf":{"@id":"https:\/\/www.holtsauto.com\/fr\/#website"},"primaryImageOfPage":{"@id":"https:\/\/www.holtsauto.com\/fr\/produits\/gamme-professionnelle\/nettoyant-freins\/#primaryimage"},"image":{"@id":"https:\/\/www.holtsauto.com\/fr\/produits\/gamme-professionnelle\/nettoyant-freins\/#primaryimage"},"thumbnailUrl":"https:\/\/www.holtsauto.com\/wp-content\/uploads\/2024\/08\/52460600131_Holts-Pro-Brake-Cleaner-600ml-Web.png","datePublished":"2022-07-26T06:43:27+00:00","dateModified":"2026-04-23T08:51:25+00:00","description":"Retrouvez ici notre Nettoyant Freins, un d\u00e9graissant pour toutes les pi\u00e8ces m\u00e9caniques. Il nettoie et d\u00e9graisse rapidement les freins, les embrayages et toutes les pi\u00e8ces et surfaces m\u00e9talliques.","breadcrumb":{"@id":"https:\/\/www.holtsauto.com\/fr\/produits\/gamme-professionnelle\/nettoyant-freins\/#breadcrumb"},"inLanguage":"fr-FR","potentialAction":[{"@type":"ReadAction","target":["https:\/\/www.holtsauto.com\/fr\/produits\/gamme-professionnelle\/nettoyant-freins\/"]}]},{"@type":"ImageObject","inLanguage":"fr-FR","@id":"https:\/\/www.holtsauto.com\/fr\/produits\/gamme-professionnelle\/nettoyant-freins\/#primaryimage","url":"https:\/\/www.holtsauto.com\/wp-content\/uploads\/2024\/08\/52460600131_Holts-Pro-Brake-Cleaner-600ml-Web.png","contentUrl":"https:\/\/www.holtsauto.com\/wp-content\/uploads\/2024\/08\/52460600131_Holts-Pro-Brake-Cleaner-600ml-Web.png","width":2000,"height":2000,"caption":"holts brake cleaner 600ml"},{"@type":"BreadcrumbList","@id":"https:\/\/www.holtsauto.com\/fr\/produits\/gamme-professionnelle\/nettoyant-freins\/#breadcrumb","itemListElement":[{"@type":"ListItem","position":1,"name":"Home","item":"https:\/\/www.holtsauto.com\/fr\/"},{"@type":"ListItem","position":2,"name":"Produits","item":"https:\/\/www.holtsauto.com\/fr\/produits\/"},{"@type":"ListItem","position":3,"name":"Nettoyant Freins"}]},{"@type":"WebSite","@id":"https:\/\/www.holtsauto.com\/fr\/#website","url":"https:\/\/www.holtsauto.com\/fr\/","name":"Holts Auto","description":"","potentialAction":[{"@type":"SearchAction","target":{"@type":"EntryPoint","urlTemplate":"https:\/\/www.holtsauto.com\/fr\/?s={search_term_string}"},"query-input":{"@type":"PropertyValueSpecification","valueRequired":true,"valueName":"search_term_string"}}],"inLanguage":"fr-FR"}]}},"_links":{"self":[{"href":"https:\/\/www.holtsauto.com\/fr\/wp-json\/wp\/v2\/product\/2801","targetHints":{"allow":["GET"]}}],"collection":[{"href":"https:\/\/www.holtsauto.com\/fr\/wp-json\/wp\/v2\/product"}],"about":[{"href":"https:\/\/www.holtsauto.com\/fr\/wp-json\/wp\/v2\/types\/product"}],"replies":[{"embeddable":true,"href":"https:\/\/www.holtsauto.com\/fr\/wp-json\/wp\/v2\/comments?post=2801"}],"wp:featuredmedia":[{"embeddable":true,"href":"https:\/\/www.holtsauto.com\/fr\/wp-json\/wp\/v2\/media\/13540"}],"wp:attachment":[{"href":"https:\/\/www.holtsauto.com\/fr\/wp-json\/wp\/v2\/media?parent=2801"}],"wp:term":[{"taxonomy":"product_brand","embeddable":true,"href":"https:\/\/www.holtsauto.com\/fr\/wp-json\/wp\/v2\/product_brand?post=2801"},{"taxonomy":"product_cat","embeddable":true,"href":"https:\/\/www.holtsauto.com\/fr\/wp-json\/wp\/v2\/product_cat?post=2801"},{"taxonomy":"product_tag","embeddable":true,"href":"https:\/\/www.holtsauto.com\/fr\/wp-json\/wp\/v2\/product_tag?post=2801"}],"curies":[{"name":"wp","href":"https:\/\/api.w.org\/{rel}","templated":true}]}}