{"id":3254,"date":"2022-03-29T15:04:21","date_gmt":"2022-03-29T13:04:21","guid":{"rendered":"https:\/\/www.holtsauto.com\/fr\/?post_type=product&#038;p=3254"},"modified":"2025-02-12T08:08:58","modified_gmt":"2025-02-12T08:08:58","slug":"shampooing-2-en-1-et-mousse-active","status":"publish","type":"product","link":"https:\/\/www.holtsauto.com\/fr\/produits\/nettoyage-exterieur\/shampooing-2-en-1-et-mousse-active\/","title":{"rendered":"Shampooing 2 en 1 et Mousse Active"},"content":{"rendered":"<p><span style=\"font-weight: 400;\">Utilis\u00e9 dans le cadre de votre routine de lavage habituelle, le shampooing 2 en 1 et mousse active Holts \u00e9liminera rapidement et en toute s\u00e9curit\u00e9 la salet\u00e9 et les d\u00e9p\u00f4ts tenaces, tout en aidant \u00e0 prot\u00e9ger la peinture gr\u00e2ce \u00e0 sa formule \u00e0 base de cire. Le produit est disponible en deux formats, vous permettant choisir la variante qui convient le mieux \u00e0 votre rituel de lavage.<\/span><\/p>\n<ul>\n<li><span style=\"font-weight: 400;\">\u00c9limine la salet\u00e9 et le film gras<\/span><\/li>\n<li><span style=\"font-weight: 400;\">PH neutre, pour tous les types de peintures<\/span><\/li>\n<li><span style=\"font-weight: 400;\">Cire de carnauba protective<\/span><\/li>\n<li><span style=\"font-weight: 400;\">N\u2019alt\u00e8re pas les couches de cires et produits d\u2019\u00e9tanch\u00e9it\u00e9<\/span><\/li>\n<li><span style=\"font-weight: 400;\">Obtention d\u2019une mousse dense avec un canon \u00e0 mousse, pour un pr\u00e9lavage efficace.<\/span><\/li>\n<\/ul>\n<p><strong>Caract\u00e9ristiques et avantages<\/strong><\/p>\n<p><span style=\"font-weight: 400;\">Le shampooing 2 en 1 et mousse active Holts est notre solution de lavage phare pour automobile. Des milliers d\u2019automobilistes du monde entier nous font confiance et l\u2019utilisent pour aider leur v\u00e9hicule \u00e0 conserver leur aspect optimal. Gr\u00e2ce \u00e0 une formule de nettoyage puissante \u00e0 base de cire de carnauba, le shampooing nettoie et prot\u00e8ge la peinture de votre voiture \u2013 pour des r\u00e9sultats exceptionnels lavage apr\u00e8s lavage.<\/span><\/p>\n<p><span style=\"font-weight: 400;\">D\u00e9velopp\u00e9 en laboratoire pour offrir des performances de nettoyage exceptionnelles, le shampooing 2 en 1 et mousse active Holts peut \u00eatre utilis\u00e9 soit comme un shampooing standard pour voiture, soit comme mousse pour nettoyeur haute pression. Cette polyvalence en fait le produit id\u00e9al pour toute une s\u00e9rie d\u2019applications, mais quelle que soit la fa\u00e7on dont vous choisissez de l\u2019appliquer sur votre voiture,\u00a0 vous obtiendrez des r\u00e9sultats exceptionnel.<\/span><\/p>\n<p><span style=\"font-weight: 400;\">Le shampooing 2 en 1 et mousse active contient une formule sp\u00e9cialement d\u00e9velopp\u00e9e par Holts, le sp\u00e9cialiste des soins et de l\u2019entretien des voitures. Offrant des r\u00e9sultats professionnels \u00e0 chaque lavage, le produit est assez doux pour un nettoyage hebdomadaire r\u00e9gulier, tout en \u00e9tant r\u00e9sistant aux taches, aux d\u00e9p\u00f4ts et \u00e0 la salet\u00e9.<\/span><\/p>\n","protected":false},"excerpt":{"rendered":"<p><span style=\"font-weight: 400;\">Le shampooing 2 en 1 et mousse active Holts nettoie en profondeur et \u00e9limine la salet\u00e9 et les \u00e9claboussures.<\/span><\/p>\n<ul>\n<li>\u00c9limine la salet\u00e9 et le film gras<\/li>\n<li>PH neutre, pour tous les types de peintures<\/li>\n<li>Cire de carnauba protective<\/li>\n<\/ul>\n","protected":false},"featured_media":11196,"comment_status":"closed","ping_status":"closed","template":"","meta":{"_acf_changed":false,"inline_featured_image":false},"product_brand":[],"product_cat":[307],"product_tag":[],"class_list":{"0":"post-3254","1":"product","2":"type-product","3":"status-publish","4":"has-post-thumbnail","6":"product_cat-nettoyage-exterieur","8":"first","9":"instock","10":"shipping-taxable","11":"purchasable","12":"product-type-simple"},"acf":[],"yoast_head":"<!-- This site is optimized with the Yoast SEO plugin v27.4 - https:\/\/yoast.com\/product\/yoast-seo-wordpress\/ -->\n<title>Shampooing 2 en 1 et Mousse Active | Produits | Holts FR<\/title>\n<meta name=\"description\" content=\"Holt 2-in-1 Shampoo and Active Foam nettoie en profondeur et \u00e9limine la salet\u00e9 et les \u00e9claboussures. D\u00e9couvrez ses avantages et son fonctionnement ici.\" \/>\n<meta name=\"robots\" content=\"index, follow, max-snippet:-1, max-image-preview:large, max-video-preview:-1\" \/>\n<link rel=\"canonical\" href=\"https:\/\/www.holtsauto.com\/fr\/produits\/nettoyage-exterieur\/shampooing-2-en-1-et-mousse-active\/\" \/>\n<meta property=\"og:locale\" content=\"fr_FR\" \/>\n<meta property=\"og:type\" content=\"article\" \/>\n<meta property=\"og:title\" content=\"Shampooing 2 en 1 et Mousse Active | Produits | Holts FR\" \/>\n<meta property=\"og:description\" content=\"Holt 2-in-1 Shampoo and Active Foam nettoie en profondeur et \u00e9limine la salet\u00e9 et les \u00e9claboussures. D\u00e9couvrez ses avantages et son fonctionnement ici.\" \/>\n<meta property=\"og:url\" content=\"https:\/\/www.holtsauto.com\/fr\/produits\/nettoyage-exterieur\/shampooing-2-en-1-et-mousse-active\/\" \/>\n<meta property=\"og:site_name\" content=\"Holts Auto Site\" \/>\n<meta property=\"article:modified_time\" content=\"2025-02-12T08:08:58+00:00\" \/>\n<meta property=\"og:image\" content=\"https:\/\/www.holtsauto.com\/wp-content\/uploads\/2022\/03\/2-in-1-shampooing.png\" \/>\n\t<meta property=\"og:image:width\" content=\"2000\" \/>\n\t<meta property=\"og:image:height\" content=\"2000\" \/>\n\t<meta property=\"og:image:type\" content=\"image\/png\" \/>\n<meta name=\"twitter:card\" content=\"summary_large_image\" \/>\n<meta name=\"twitter:label1\" content=\"Dur\u00e9e de lecture estim\u00e9e\" \/>\n\t<meta name=\"twitter:data1\" content=\"2 minutes\" \/>\n<script type=\"application\/ld+json\" class=\"yoast-schema-graph\">{\"@context\":\"https:\\\/\\\/schema.org\",\"@graph\":[{\"@type\":\"WebPage\",\"@id\":\"https:\\\/\\\/www.holtsauto.com\\\/fr\\\/produits\\\/nettoyage-exterieur\\\/shampooing-2-en-1-et-mousse-active\\\/\",\"url\":\"https:\\\/\\\/www.holtsauto.com\\\/fr\\\/produits\\\/nettoyage-exterieur\\\/shampooing-2-en-1-et-mousse-active\\\/\",\"name\":\"Shampooing 2 en 1 et Mousse Active | Produits | Holts FR\",\"isPartOf\":{\"@id\":\"https:\\\/\\\/www.holtsauto.com\\\/fr\\\/#website\"},\"primaryImageOfPage\":{\"@id\":\"https:\\\/\\\/www.holtsauto.com\\\/fr\\\/produits\\\/nettoyage-exterieur\\\/shampooing-2-en-1-et-mousse-active\\\/#primaryimage\"},\"image\":{\"@id\":\"https:\\\/\\\/www.holtsauto.com\\\/fr\\\/produits\\\/nettoyage-exterieur\\\/shampooing-2-en-1-et-mousse-active\\\/#primaryimage\"},\"thumbnailUrl\":\"https:\\\/\\\/www.holtsauto.com\\\/wp-content\\\/uploads\\\/2022\\\/03\\\/2-in-1-shampooing.png\",\"datePublished\":\"2022-03-29T13:04:21+00:00\",\"dateModified\":\"2025-02-12T08:08:58+00:00\",\"description\":\"Holt 2-in-1 Shampoo and Active Foam nettoie en profondeur et \u00e9limine la salet\u00e9 et les \u00e9claboussures. D\u00e9couvrez ses avantages et son fonctionnement ici.\",\"breadcrumb\":{\"@id\":\"https:\\\/\\\/www.holtsauto.com\\\/fr\\\/produits\\\/nettoyage-exterieur\\\/shampooing-2-en-1-et-mousse-active\\\/#breadcrumb\"},\"inLanguage\":\"fr-FR\",\"potentialAction\":[{\"@type\":\"ReadAction\",\"target\":[\"https:\\\/\\\/www.holtsauto.com\\\/fr\\\/produits\\\/nettoyage-exterieur\\\/shampooing-2-en-1-et-mousse-active\\\/\"]}]},{\"@type\":\"ImageObject\",\"inLanguage\":\"fr-FR\",\"@id\":\"https:\\\/\\\/www.holtsauto.com\\\/fr\\\/produits\\\/nettoyage-exterieur\\\/shampooing-2-en-1-et-mousse-active\\\/#primaryimage\",\"url\":\"https:\\\/\\\/www.holtsauto.com\\\/wp-content\\\/uploads\\\/2022\\\/03\\\/2-in-1-shampooing.png\",\"contentUrl\":\"https:\\\/\\\/www.holtsauto.com\\\/wp-content\\\/uploads\\\/2022\\\/03\\\/2-in-1-shampooing.png\",\"width\":2000,\"height\":2000,\"caption\":\"shampooing 2 en 1 et mousse active Holts\"},{\"@type\":\"BreadcrumbList\",\"@id\":\"https:\\\/\\\/www.holtsauto.com\\\/fr\\\/produits\\\/nettoyage-exterieur\\\/shampooing-2-en-1-et-mousse-active\\\/#breadcrumb\",\"itemListElement\":[{\"@type\":\"ListItem\",\"position\":1,\"name\":\"Home\",\"item\":\"https:\\\/\\\/www.holtsauto.com\\\/fr\\\/\"},{\"@type\":\"ListItem\",\"position\":2,\"name\":\"Produits\",\"item\":\"https:\\\/\\\/www.holtsauto.com\\\/fr\\\/produits\\\/\"},{\"@type\":\"ListItem\",\"position\":3,\"name\":\"Shampooing 2 en 1 et Mousse Active\"}]},{\"@type\":\"WebSite\",\"@id\":\"https:\\\/\\\/www.holtsauto.com\\\/fr\\\/#website\",\"url\":\"https:\\\/\\\/www.holtsauto.com\\\/fr\\\/\",\"name\":\"Holts Auto\",\"description\":\"\",\"potentialAction\":[{\"@type\":\"SearchAction\",\"target\":{\"@type\":\"EntryPoint\",\"urlTemplate\":\"https:\\\/\\\/www.holtsauto.com\\\/fr\\\/?s={search_term_string}\"},\"query-input\":{\"@type\":\"PropertyValueSpecification\",\"valueRequired\":true,\"valueName\":\"search_term_string\"}}],\"inLanguage\":\"fr-FR\"}]}<\/script>\n<!-- \/ Yoast SEO plugin. -->","yoast_head_json":{"title":"Shampooing 2 en 1 et Mousse Active | Produits | Holts FR","description":"Holt 2-in-1 Shampoo and Active Foam nettoie en profondeur et \u00e9limine la salet\u00e9 et les \u00e9claboussures. D\u00e9couvrez ses avantages et son fonctionnement ici.","robots":{"index":"index","follow":"follow","max-snippet":"max-snippet:-1","max-image-preview":"max-image-preview:large","max-video-preview":"max-video-preview:-1"},"canonical":"https:\/\/www.holtsauto.com\/fr\/produits\/nettoyage-exterieur\/shampooing-2-en-1-et-mousse-active\/","og_locale":"fr_FR","og_type":"article","og_title":"Shampooing 2 en 1 et Mousse Active | Produits | Holts FR","og_description":"Holt 2-in-1 Shampoo and Active Foam nettoie en profondeur et \u00e9limine la salet\u00e9 et les \u00e9claboussures. D\u00e9couvrez ses avantages et son fonctionnement ici.","og_url":"https:\/\/www.holtsauto.com\/fr\/produits\/nettoyage-exterieur\/shampooing-2-en-1-et-mousse-active\/","og_site_name":"Holts Auto Site","article_modified_time":"2025-02-12T08:08:58+00:00","og_image":[{"width":2000,"height":2000,"url":"https:\/\/www.holtsauto.com\/wp-content\/uploads\/2022\/03\/2-in-1-shampooing.png","type":"image\/png"}],"twitter_card":"summary_large_image","twitter_misc":{"Dur\u00e9e de lecture estim\u00e9e":"2 minutes"},"schema":{"@context":"https:\/\/schema.org","@graph":[{"@type":"WebPage","@id":"https:\/\/www.holtsauto.com\/fr\/produits\/nettoyage-exterieur\/shampooing-2-en-1-et-mousse-active\/","url":"https:\/\/www.holtsauto.com\/fr\/produits\/nettoyage-exterieur\/shampooing-2-en-1-et-mousse-active\/","name":"Shampooing 2 en 1 et Mousse Active | Produits | Holts FR","isPartOf":{"@id":"https:\/\/www.holtsauto.com\/fr\/#website"},"primaryImageOfPage":{"@id":"https:\/\/www.holtsauto.com\/fr\/produits\/nettoyage-exterieur\/shampooing-2-en-1-et-mousse-active\/#primaryimage"},"image":{"@id":"https:\/\/www.holtsauto.com\/fr\/produits\/nettoyage-exterieur\/shampooing-2-en-1-et-mousse-active\/#primaryimage"},"thumbnailUrl":"https:\/\/www.holtsauto.com\/wp-content\/uploads\/2022\/03\/2-in-1-shampooing.png","datePublished":"2022-03-29T13:04:21+00:00","dateModified":"2025-02-12T08:08:58+00:00","description":"Holt 2-in-1 Shampoo and Active Foam nettoie en profondeur et \u00e9limine la salet\u00e9 et les \u00e9claboussures. D\u00e9couvrez ses avantages et son fonctionnement ici.","breadcrumb":{"@id":"https:\/\/www.holtsauto.com\/fr\/produits\/nettoyage-exterieur\/shampooing-2-en-1-et-mousse-active\/#breadcrumb"},"inLanguage":"fr-FR","potentialAction":[{"@type":"ReadAction","target":["https:\/\/www.holtsauto.com\/fr\/produits\/nettoyage-exterieur\/shampooing-2-en-1-et-mousse-active\/"]}]},{"@type":"ImageObject","inLanguage":"fr-FR","@id":"https:\/\/www.holtsauto.com\/fr\/produits\/nettoyage-exterieur\/shampooing-2-en-1-et-mousse-active\/#primaryimage","url":"https:\/\/www.holtsauto.com\/wp-content\/uploads\/2022\/03\/2-in-1-shampooing.png","contentUrl":"https:\/\/www.holtsauto.com\/wp-content\/uploads\/2022\/03\/2-in-1-shampooing.png","width":2000,"height":2000,"caption":"shampooing 2 en 1 et mousse active Holts"},{"@type":"BreadcrumbList","@id":"https:\/\/www.holtsauto.com\/fr\/produits\/nettoyage-exterieur\/shampooing-2-en-1-et-mousse-active\/#breadcrumb","itemListElement":[{"@type":"ListItem","position":1,"name":"Home","item":"https:\/\/www.holtsauto.com\/fr\/"},{"@type":"ListItem","position":2,"name":"Produits","item":"https:\/\/www.holtsauto.com\/fr\/produits\/"},{"@type":"ListItem","position":3,"name":"Shampooing 2 en 1 et Mousse Active"}]},{"@type":"WebSite","@id":"https:\/\/www.holtsauto.com\/fr\/#website","url":"https:\/\/www.holtsauto.com\/fr\/","name":"Holts Auto","description":"","potentialAction":[{"@type":"SearchAction","target":{"@type":"EntryPoint","urlTemplate":"https:\/\/www.holtsauto.com\/fr\/?s={search_term_string}"},"query-input":{"@type":"PropertyValueSpecification","valueRequired":true,"valueName":"search_term_string"}}],"inLanguage":"fr-FR"}]}},"_links":{"self":[{"href":"https:\/\/www.holtsauto.com\/fr\/wp-json\/wp\/v2\/product\/3254","targetHints":{"allow":["GET"]}}],"collection":[{"href":"https:\/\/www.holtsauto.com\/fr\/wp-json\/wp\/v2\/product"}],"about":[{"href":"https:\/\/www.holtsauto.com\/fr\/wp-json\/wp\/v2\/types\/product"}],"replies":[{"embeddable":true,"href":"https:\/\/www.holtsauto.com\/fr\/wp-json\/wp\/v2\/comments?post=3254"}],"wp:featuredmedia":[{"embeddable":true,"href":"https:\/\/www.holtsauto.com\/fr\/wp-json\/wp\/v2\/media\/11196"}],"wp:attachment":[{"href":"https:\/\/www.holtsauto.com\/fr\/wp-json\/wp\/v2\/media?parent=3254"}],"wp:term":[{"taxonomy":"product_brand","embeddable":true,"href":"https:\/\/www.holtsauto.com\/fr\/wp-json\/wp\/v2\/product_brand?post=3254"},{"taxonomy":"product_cat","embeddable":true,"href":"https:\/\/www.holtsauto.com\/fr\/wp-json\/wp\/v2\/product_cat?post=3254"},{"taxonomy":"product_tag","embeddable":true,"href":"https:\/\/www.holtsauto.com\/fr\/wp-json\/wp\/v2\/product_tag?post=3254"}],"curies":[{"name":"wp","href":"https:\/\/api.w.org\/{rel}","templated":true}]}}