{"id":3698,"date":"2022-07-25T16:23:58","date_gmt":"2022-07-25T14:23:58","guid":{"rendered":"https:\/\/www.holtsauto.com\/fr\/?post_type=product&#038;p=3698"},"modified":"2025-07-30T13:00:33","modified_gmt":"2025-07-30T13:00:33","slug":"degraissant-moteur-pieces","status":"publish","type":"product","link":"https:\/\/www.holtsauto.com\/fr\/produits\/gamme-professionnelle\/degraissant-moteur-pieces\/","title":{"rendered":"D\u00e9graissant Moteur"},"content":{"rendered":"<p>Holts D\u00e9graissant Moteur peut \u00eatre utilis\u00e9 pour nettoyer et \u00e9liminer en toute s\u00e9curit\u00e9 la salet\u00e9, la graisse et l&rsquo;huile des surfaces telles que les outils, les machines, les pi\u00e8ces de v\u00e9hicules, les sols peints et les pinceaux.<\/p>\n<p>La formule puissante ne d\u00e9cape pas la peinture, n&rsquo;endommage pas les autres finitions et ne se rince pas pour une surface propre.<\/p>\n<p>Ce spray de qualit\u00e9 professionnelle est id\u00e9al pour une utilisation dans un atelier ou un commerce pour s&rsquo;assurer que la graisse et la salet\u00e9 sont rapidement \u00e9limin\u00e9es des surfaces, en toute s\u00e9curit\u00e9 et sans dommage.<\/p>\n","protected":false},"excerpt":{"rendered":"<p>Le d\u00e9graissant pour moteur Holts peut \u00eatre utilis\u00e9 pour nettoyer et \u00e9liminer en toute s\u00e9curit\u00e9 la salet\u00e9, la graisse et l&rsquo;huile d&rsquo;une large gamme de surfaces.<\/p>\n<ul>\n<li>Solvant puissant, \u00e9limine rapidement huile, graisse, goudron, cambouis<\/li>\n<li>D\u00e9graisse : m\u00e9tal, plastiques et autres surfaces dures<\/li>\n<li>S&rsquo;\u00e9limine compl\u00e9tement apr\u00e8s rin\u00e7age \u00e0 l&rsquo;eau<\/li>\n<li>Multi-usages : moteurs, machines, pinceaux<\/li>\n<\/ul>\n","protected":false},"featured_media":13567,"comment_status":"closed","ping_status":"closed","template":"","meta":{"_acf_changed":false,"inline_featured_image":false},"product_brand":[],"product_cat":[311],"product_tag":[],"class_list":{"0":"post-3698","1":"product","2":"type-product","3":"status-publish","4":"has-post-thumbnail","6":"product_cat-gamme-professionnelle","8":"first","9":"instock","10":"shipping-taxable","11":"purchasable","12":"product-type-simple"},"acf":[],"yoast_head":"<!-- This site is optimized with the Yoast SEO plugin v27.5 - https:\/\/yoast.com\/product\/yoast-seo-wordpress\/ -->\n<title>D\u00e9graissant Moteur | Produits | Holts FR<\/title>\n<meta name=\"description\" content=\"Holts D\u00e9graissant Moteur peut \u00eatre utilis\u00e9 pour nettoyer et \u00e9liminer en toute s\u00e9curit\u00e9 la salet\u00e9, la graisse et l&#039;huile des surfaces telles que les outils, les machines, les pi\u00e8ces de v\u00e9hicules, les sols peints et les pinceaux.\" \/>\n<meta name=\"robots\" content=\"index, follow, max-snippet:-1, max-image-preview:large, max-video-preview:-1\" \/>\n<link rel=\"canonical\" href=\"https:\/\/www.holtsauto.com\/fr\/produits\/gamme-professionnelle\/degraissant-moteur-pieces\/\" \/>\n<meta property=\"og:locale\" content=\"fr_FR\" \/>\n<meta property=\"og:type\" content=\"article\" \/>\n<meta property=\"og:title\" content=\"D\u00e9graissant Moteur | Produits | Holts FR\" \/>\n<meta property=\"og:description\" content=\"Holts D\u00e9graissant Moteur peut \u00eatre utilis\u00e9 pour nettoyer et \u00e9liminer en toute s\u00e9curit\u00e9 la salet\u00e9, la graisse et l&#039;huile des surfaces telles que les outils, les machines, les pi\u00e8ces de v\u00e9hicules, les sols peints et les pinceaux.\" \/>\n<meta property=\"og:url\" content=\"https:\/\/www.holtsauto.com\/fr\/produits\/gamme-professionnelle\/degraissant-moteur-pieces\/\" \/>\n<meta property=\"og:site_name\" content=\"Holts Auto Site\" \/>\n<meta property=\"article:modified_time\" content=\"2025-07-30T13:00:33+00:00\" \/>\n<meta property=\"og:image\" content=\"https:\/\/www.holtsauto.com\/wp-content\/uploads\/2024\/08\/HMTN0701A_Holts-Pro-Degreaser-500ml-Web.png\" \/>\n\t<meta property=\"og:image:width\" content=\"2000\" \/>\n\t<meta property=\"og:image:height\" content=\"2000\" \/>\n\t<meta property=\"og:image:type\" content=\"image\/png\" \/>\n<meta name=\"twitter:card\" content=\"summary_large_image\" \/>\n<meta name=\"twitter:label1\" content=\"Dur\u00e9e de lecture estim\u00e9e\" \/>\n\t<meta name=\"twitter:data1\" content=\"1 minute\" \/>\n<script type=\"application\/ld+json\" class=\"yoast-schema-graph\">{\"@context\":\"https:\\\/\\\/schema.org\",\"@graph\":[{\"@type\":\"WebPage\",\"@id\":\"https:\\\/\\\/www.holtsauto.com\\\/fr\\\/produits\\\/gamme-professionnelle\\\/degraissant-moteur-pieces\\\/\",\"url\":\"https:\\\/\\\/www.holtsauto.com\\\/fr\\\/produits\\\/gamme-professionnelle\\\/degraissant-moteur-pieces\\\/\",\"name\":\"D\u00e9graissant Moteur | Produits | Holts FR\",\"isPartOf\":{\"@id\":\"https:\\\/\\\/www.holtsauto.com\\\/fr\\\/#website\"},\"primaryImageOfPage\":{\"@id\":\"https:\\\/\\\/www.holtsauto.com\\\/fr\\\/produits\\\/gamme-professionnelle\\\/degraissant-moteur-pieces\\\/#primaryimage\"},\"image\":{\"@id\":\"https:\\\/\\\/www.holtsauto.com\\\/fr\\\/produits\\\/gamme-professionnelle\\\/degraissant-moteur-pieces\\\/#primaryimage\"},\"thumbnailUrl\":\"https:\\\/\\\/www.holtsauto.com\\\/wp-content\\\/uploads\\\/2024\\\/08\\\/HMTN0701A_Holts-Pro-Degreaser-500ml-Web.png\",\"datePublished\":\"2022-07-25T14:23:58+00:00\",\"dateModified\":\"2025-07-30T13:00:33+00:00\",\"description\":\"Holts D\u00e9graissant Moteur peut \u00eatre utilis\u00e9 pour nettoyer et \u00e9liminer en toute s\u00e9curit\u00e9 la salet\u00e9, la graisse et l'huile des surfaces telles que les outils, les machines, les pi\u00e8ces de v\u00e9hicules, les sols peints et les pinceaux.\",\"breadcrumb\":{\"@id\":\"https:\\\/\\\/www.holtsauto.com\\\/fr\\\/produits\\\/gamme-professionnelle\\\/degraissant-moteur-pieces\\\/#breadcrumb\"},\"inLanguage\":\"fr-FR\",\"potentialAction\":[{\"@type\":\"ReadAction\",\"target\":[\"https:\\\/\\\/www.holtsauto.com\\\/fr\\\/produits\\\/gamme-professionnelle\\\/degraissant-moteur-pieces\\\/\"]}]},{\"@type\":\"ImageObject\",\"inLanguage\":\"fr-FR\",\"@id\":\"https:\\\/\\\/www.holtsauto.com\\\/fr\\\/produits\\\/gamme-professionnelle\\\/degraissant-moteur-pieces\\\/#primaryimage\",\"url\":\"https:\\\/\\\/www.holtsauto.com\\\/wp-content\\\/uploads\\\/2024\\\/08\\\/HMTN0701A_Holts-Pro-Degreaser-500ml-Web.png\",\"contentUrl\":\"https:\\\/\\\/www.holtsauto.com\\\/wp-content\\\/uploads\\\/2024\\\/08\\\/HMTN0701A_Holts-Pro-Degreaser-500ml-Web.png\",\"width\":2000,\"height\":2000,\"caption\":\"Holts Degreaser 500ml\"},{\"@type\":\"BreadcrumbList\",\"@id\":\"https:\\\/\\\/www.holtsauto.com\\\/fr\\\/produits\\\/gamme-professionnelle\\\/degraissant-moteur-pieces\\\/#breadcrumb\",\"itemListElement\":[{\"@type\":\"ListItem\",\"position\":1,\"name\":\"Home\",\"item\":\"https:\\\/\\\/www.holtsauto.com\\\/fr\\\/\"},{\"@type\":\"ListItem\",\"position\":2,\"name\":\"Produits\",\"item\":\"https:\\\/\\\/www.holtsauto.com\\\/fr\\\/produits\\\/\"},{\"@type\":\"ListItem\",\"position\":3,\"name\":\"D\u00e9graissant Moteur\"}]},{\"@type\":\"WebSite\",\"@id\":\"https:\\\/\\\/www.holtsauto.com\\\/fr\\\/#website\",\"url\":\"https:\\\/\\\/www.holtsauto.com\\\/fr\\\/\",\"name\":\"Holts Auto\",\"description\":\"\",\"potentialAction\":[{\"@type\":\"SearchAction\",\"target\":{\"@type\":\"EntryPoint\",\"urlTemplate\":\"https:\\\/\\\/www.holtsauto.com\\\/fr\\\/?s={search_term_string}\"},\"query-input\":{\"@type\":\"PropertyValueSpecification\",\"valueRequired\":true,\"valueName\":\"search_term_string\"}}],\"inLanguage\":\"fr-FR\"}]}<\/script>\n<!-- \/ Yoast SEO plugin. -->","yoast_head_json":{"title":"D\u00e9graissant Moteur | Produits | Holts FR","description":"Holts D\u00e9graissant Moteur peut \u00eatre utilis\u00e9 pour nettoyer et \u00e9liminer en toute s\u00e9curit\u00e9 la salet\u00e9, la graisse et l'huile des surfaces telles que les outils, les machines, les pi\u00e8ces de v\u00e9hicules, les sols peints et les pinceaux.","robots":{"index":"index","follow":"follow","max-snippet":"max-snippet:-1","max-image-preview":"max-image-preview:large","max-video-preview":"max-video-preview:-1"},"canonical":"https:\/\/www.holtsauto.com\/fr\/produits\/gamme-professionnelle\/degraissant-moteur-pieces\/","og_locale":"fr_FR","og_type":"article","og_title":"D\u00e9graissant Moteur | Produits | Holts FR","og_description":"Holts D\u00e9graissant Moteur peut \u00eatre utilis\u00e9 pour nettoyer et \u00e9liminer en toute s\u00e9curit\u00e9 la salet\u00e9, la graisse et l'huile des surfaces telles que les outils, les machines, les pi\u00e8ces de v\u00e9hicules, les sols peints et les pinceaux.","og_url":"https:\/\/www.holtsauto.com\/fr\/produits\/gamme-professionnelle\/degraissant-moteur-pieces\/","og_site_name":"Holts Auto Site","article_modified_time":"2025-07-30T13:00:33+00:00","og_image":[{"width":2000,"height":2000,"url":"https:\/\/www.holtsauto.com\/wp-content\/uploads\/2024\/08\/HMTN0701A_Holts-Pro-Degreaser-500ml-Web.png","type":"image\/png"}],"twitter_card":"summary_large_image","twitter_misc":{"Dur\u00e9e de lecture estim\u00e9e":"1 minute"},"schema":{"@context":"https:\/\/schema.org","@graph":[{"@type":"WebPage","@id":"https:\/\/www.holtsauto.com\/fr\/produits\/gamme-professionnelle\/degraissant-moteur-pieces\/","url":"https:\/\/www.holtsauto.com\/fr\/produits\/gamme-professionnelle\/degraissant-moteur-pieces\/","name":"D\u00e9graissant Moteur | Produits | Holts FR","isPartOf":{"@id":"https:\/\/www.holtsauto.com\/fr\/#website"},"primaryImageOfPage":{"@id":"https:\/\/www.holtsauto.com\/fr\/produits\/gamme-professionnelle\/degraissant-moteur-pieces\/#primaryimage"},"image":{"@id":"https:\/\/www.holtsauto.com\/fr\/produits\/gamme-professionnelle\/degraissant-moteur-pieces\/#primaryimage"},"thumbnailUrl":"https:\/\/www.holtsauto.com\/wp-content\/uploads\/2024\/08\/HMTN0701A_Holts-Pro-Degreaser-500ml-Web.png","datePublished":"2022-07-25T14:23:58+00:00","dateModified":"2025-07-30T13:00:33+00:00","description":"Holts D\u00e9graissant Moteur peut \u00eatre utilis\u00e9 pour nettoyer et \u00e9liminer en toute s\u00e9curit\u00e9 la salet\u00e9, la graisse et l'huile des surfaces telles que les outils, les machines, les pi\u00e8ces de v\u00e9hicules, les sols peints et les pinceaux.","breadcrumb":{"@id":"https:\/\/www.holtsauto.com\/fr\/produits\/gamme-professionnelle\/degraissant-moteur-pieces\/#breadcrumb"},"inLanguage":"fr-FR","potentialAction":[{"@type":"ReadAction","target":["https:\/\/www.holtsauto.com\/fr\/produits\/gamme-professionnelle\/degraissant-moteur-pieces\/"]}]},{"@type":"ImageObject","inLanguage":"fr-FR","@id":"https:\/\/www.holtsauto.com\/fr\/produits\/gamme-professionnelle\/degraissant-moteur-pieces\/#primaryimage","url":"https:\/\/www.holtsauto.com\/wp-content\/uploads\/2024\/08\/HMTN0701A_Holts-Pro-Degreaser-500ml-Web.png","contentUrl":"https:\/\/www.holtsauto.com\/wp-content\/uploads\/2024\/08\/HMTN0701A_Holts-Pro-Degreaser-500ml-Web.png","width":2000,"height":2000,"caption":"Holts Degreaser 500ml"},{"@type":"BreadcrumbList","@id":"https:\/\/www.holtsauto.com\/fr\/produits\/gamme-professionnelle\/degraissant-moteur-pieces\/#breadcrumb","itemListElement":[{"@type":"ListItem","position":1,"name":"Home","item":"https:\/\/www.holtsauto.com\/fr\/"},{"@type":"ListItem","position":2,"name":"Produits","item":"https:\/\/www.holtsauto.com\/fr\/produits\/"},{"@type":"ListItem","position":3,"name":"D\u00e9graissant Moteur"}]},{"@type":"WebSite","@id":"https:\/\/www.holtsauto.com\/fr\/#website","url":"https:\/\/www.holtsauto.com\/fr\/","name":"Holts Auto","description":"","potentialAction":[{"@type":"SearchAction","target":{"@type":"EntryPoint","urlTemplate":"https:\/\/www.holtsauto.com\/fr\/?s={search_term_string}"},"query-input":{"@type":"PropertyValueSpecification","valueRequired":true,"valueName":"search_term_string"}}],"inLanguage":"fr-FR"}]}},"_links":{"self":[{"href":"https:\/\/www.holtsauto.com\/fr\/wp-json\/wp\/v2\/product\/3698","targetHints":{"allow":["GET"]}}],"collection":[{"href":"https:\/\/www.holtsauto.com\/fr\/wp-json\/wp\/v2\/product"}],"about":[{"href":"https:\/\/www.holtsauto.com\/fr\/wp-json\/wp\/v2\/types\/product"}],"replies":[{"embeddable":true,"href":"https:\/\/www.holtsauto.com\/fr\/wp-json\/wp\/v2\/comments?post=3698"}],"wp:featuredmedia":[{"embeddable":true,"href":"https:\/\/www.holtsauto.com\/fr\/wp-json\/wp\/v2\/media\/13567"}],"wp:attachment":[{"href":"https:\/\/www.holtsauto.com\/fr\/wp-json\/wp\/v2\/media?parent=3698"}],"wp:term":[{"taxonomy":"product_brand","embeddable":true,"href":"https:\/\/www.holtsauto.com\/fr\/wp-json\/wp\/v2\/product_brand?post=3698"},{"taxonomy":"product_cat","embeddable":true,"href":"https:\/\/www.holtsauto.com\/fr\/wp-json\/wp\/v2\/product_cat?post=3698"},{"taxonomy":"product_tag","embeddable":true,"href":"https:\/\/www.holtsauto.com\/fr\/wp-json\/wp\/v2\/product_tag?post=3698"}],"curies":[{"name":"wp","href":"https:\/\/api.w.org\/{rel}","templated":true}]}}