{"id":3703,"date":"2022-07-25T16:39:25","date_gmt":"2022-07-25T14:39:25","guid":{"rendered":"https:\/\/www.holtsauto.com\/fr\/?post_type=product&#038;p=3703"},"modified":"2025-07-30T12:58:15","modified_gmt":"2025-07-30T12:58:15","slug":"graisse-au-lithium-multi-usages","status":"publish","type":"product","link":"https:\/\/www.holtsauto.com\/fr\/produits\/gamme-professionnelle\/graisse-au-lithium-multi-usages\/","title":{"rendered":"Graisse au Lithium Multi-Usages"},"content":{"rendered":"<p><span style=\"font-weight: 400;\">La graisse au lithium multi-usages Holts est une graisse en spray de qualit\u00e9 professionnelle pour toutes les pi\u00e8ces mobiles, m\u00eame celles qui fonctionnent sous une pression extr\u00eame.<\/span><\/p>\n<p><span style=\"font-weight: 400;\">Partout o\u00f9 il y a des pi\u00e8ces mobiles sur un v\u00e9hicule, il y aura toujours un risque d&rsquo;usure si elles ne sont pas suffisamment lubrifi\u00e9es.<\/span><\/p>\n<p><span style=\"font-weight: 400;\">Les composants m\u00e9tal sur m\u00e9tal expos\u00e9s aux \u00e9l\u00e9ments peuvent facilement se corroder, g\u00e9n\u00e9rant davantage de friction et conduisant \u00e0 une d\u00e9faillance pr\u00e9matur\u00e9e.<\/span><\/p>\n<p><span style=\"font-weight: 400;\">La graisse au lithium polyvalente Holts r\u00e9siste au lavage et pr\u00e9vient la corrosion dans les conditions les plus extr\u00eames.<\/span><\/p>\n<p><span style=\"font-weight: 400;\">Dot\u00e9e d&rsquo;une buse directionnelle pour une application pr\u00e9cise dans les endroits difficiles d&rsquo;acc\u00e8s, la graisse au lithium polyvalente Holts est id\u00e9ale pour une utilisation sur les charni\u00e8res, les tringleries, les serrures et toute autre pi\u00e8ce mobile.<\/span><\/p>\n<p><span style=\"font-weight: 400;\">Holts utilise de la graisse au lithium haute performance avec des propri\u00e9t\u00e9s d&rsquo;adh\u00e9rence ultra \u00e9lev\u00e9es pour lubrifier instantan\u00e9ment toutes les pi\u00e8ces mobiles, offrant une protection durable contre l&rsquo;usure et emp\u00eachant l&rsquo;entr\u00e9e d&rsquo;eau, pour prot\u00e9ger contre la corrosion.<\/span><\/p>\n","protected":false},"excerpt":{"rendered":"<p>La graisse au lithium multi-usage Holt est id\u00e9ale pour une utilisation sur les charni\u00e8res, les tringleries, les serrures et toute autre pi\u00e8ce mobile.<\/p>\n<p>\u2022 Graisse multi-fonctions anti-frottement \u00e0 base de lithium<br \/>\n\u2022 Lubrifie et prot\u00e8ge toutes les pi\u00e8ces m\u00e9talliques charni\u00e8res, cha\u00eenes et roulements<br \/>\n\u2022 Ne coule pas, ne goutte pas<br \/>\n\u2022 Blanche lors de l&rsquo;application, transparente une fois s\u00e8che<\/p>\n","protected":false},"featured_media":13546,"comment_status":"closed","ping_status":"closed","template":"","meta":{"_acf_changed":false,"inline_featured_image":false},"product_brand":[],"product_cat":[311],"product_tag":[],"class_list":{"0":"post-3703","1":"product","2":"type-product","3":"status-publish","4":"has-post-thumbnail","6":"product_cat-gamme-professionnelle","8":"first","9":"instock","10":"shipping-taxable","11":"purchasable","12":"product-type-simple"},"acf":[],"yoast_head":"<!-- This site is optimized with the Yoast SEO plugin v27.3 - https:\/\/yoast.com\/product\/yoast-seo-wordpress\/ -->\n<title>Graisse au Lithium Multi-Usages | Produits | Holts FR<\/title>\n<meta name=\"description\" content=\"La graisse au lithium multi-usages Holts est une graisse en spray de qualit\u00e9 professionnelle pour toutes les pi\u00e8ces mobiles, m\u00eame celles qui fonctionnent sous une pression extr\u00eame.\" \/>\n<meta name=\"robots\" content=\"index, follow, max-snippet:-1, max-image-preview:large, max-video-preview:-1\" \/>\n<link rel=\"canonical\" href=\"https:\/\/www.holtsauto.com\/fr\/produits\/gamme-professionnelle\/graisse-au-lithium-multi-usages\/\" \/>\n<meta property=\"og:locale\" content=\"fr_FR\" \/>\n<meta property=\"og:type\" content=\"article\" \/>\n<meta property=\"og:title\" content=\"Graisse au Lithium Multi-Usages | Produits | Holts FR\" \/>\n<meta property=\"og:description\" content=\"La graisse au lithium multi-usages Holts est une graisse en spray de qualit\u00e9 professionnelle pour toutes les pi\u00e8ces mobiles, m\u00eame celles qui fonctionnent sous une pression extr\u00eame.\" \/>\n<meta property=\"og:url\" content=\"https:\/\/www.holtsauto.com\/fr\/produits\/gamme-professionnelle\/graisse-au-lithium-multi-usages\/\" \/>\n<meta property=\"og:site_name\" content=\"Holts Auto Site\" \/>\n<meta property=\"article:modified_time\" content=\"2025-07-30T12:58:15+00:00\" \/>\n<meta property=\"og:image\" content=\"https:\/\/www.holtsauto.com\/wp-content\/uploads\/2024\/08\/HMAI0101A_Holts-Pro-Spray-Grease-500ml-Web.png\" \/>\n\t<meta property=\"og:image:width\" content=\"2000\" \/>\n\t<meta property=\"og:image:height\" content=\"2000\" \/>\n\t<meta property=\"og:image:type\" content=\"image\/png\" \/>\n<meta name=\"twitter:card\" content=\"summary_large_image\" \/>\n<meta name=\"twitter:label1\" content=\"Dur\u00e9e de lecture estim\u00e9e\" \/>\n\t<meta name=\"twitter:data1\" content=\"1 minute\" \/>\n<script type=\"application\/ld+json\" class=\"yoast-schema-graph\">{\"@context\":\"https:\\\/\\\/schema.org\",\"@graph\":[{\"@type\":\"WebPage\",\"@id\":\"https:\\\/\\\/www.holtsauto.com\\\/fr\\\/produits\\\/gamme-professionnelle\\\/graisse-au-lithium-multi-usages\\\/\",\"url\":\"https:\\\/\\\/www.holtsauto.com\\\/fr\\\/produits\\\/gamme-professionnelle\\\/graisse-au-lithium-multi-usages\\\/\",\"name\":\"Graisse au Lithium Multi-Usages | Produits | Holts FR\",\"isPartOf\":{\"@id\":\"https:\\\/\\\/www.holtsauto.com\\\/fr\\\/#website\"},\"primaryImageOfPage\":{\"@id\":\"https:\\\/\\\/www.holtsauto.com\\\/fr\\\/produits\\\/gamme-professionnelle\\\/graisse-au-lithium-multi-usages\\\/#primaryimage\"},\"image\":{\"@id\":\"https:\\\/\\\/www.holtsauto.com\\\/fr\\\/produits\\\/gamme-professionnelle\\\/graisse-au-lithium-multi-usages\\\/#primaryimage\"},\"thumbnailUrl\":\"https:\\\/\\\/www.holtsauto.com\\\/wp-content\\\/uploads\\\/2024\\\/08\\\/HMAI0101A_Holts-Pro-Spray-Grease-500ml-Web.png\",\"datePublished\":\"2022-07-25T14:39:25+00:00\",\"dateModified\":\"2025-07-30T12:58:15+00:00\",\"description\":\"La graisse au lithium multi-usages Holts est une graisse en spray de qualit\u00e9 professionnelle pour toutes les pi\u00e8ces mobiles, m\u00eame celles qui fonctionnent sous une pression extr\u00eame.\",\"breadcrumb\":{\"@id\":\"https:\\\/\\\/www.holtsauto.com\\\/fr\\\/produits\\\/gamme-professionnelle\\\/graisse-au-lithium-multi-usages\\\/#breadcrumb\"},\"inLanguage\":\"fr-FR\",\"potentialAction\":[{\"@type\":\"ReadAction\",\"target\":[\"https:\\\/\\\/www.holtsauto.com\\\/fr\\\/produits\\\/gamme-professionnelle\\\/graisse-au-lithium-multi-usages\\\/\"]}]},{\"@type\":\"ImageObject\",\"inLanguage\":\"fr-FR\",\"@id\":\"https:\\\/\\\/www.holtsauto.com\\\/fr\\\/produits\\\/gamme-professionnelle\\\/graisse-au-lithium-multi-usages\\\/#primaryimage\",\"url\":\"https:\\\/\\\/www.holtsauto.com\\\/wp-content\\\/uploads\\\/2024\\\/08\\\/HMAI0101A_Holts-Pro-Spray-Grease-500ml-Web.png\",\"contentUrl\":\"https:\\\/\\\/www.holtsauto.com\\\/wp-content\\\/uploads\\\/2024\\\/08\\\/HMAI0101A_Holts-Pro-Spray-Grease-500ml-Web.png\",\"width\":2000,\"height\":2000,\"caption\":\"Holts professional spray grease 500ml\"},{\"@type\":\"BreadcrumbList\",\"@id\":\"https:\\\/\\\/www.holtsauto.com\\\/fr\\\/produits\\\/gamme-professionnelle\\\/graisse-au-lithium-multi-usages\\\/#breadcrumb\",\"itemListElement\":[{\"@type\":\"ListItem\",\"position\":1,\"name\":\"Home\",\"item\":\"https:\\\/\\\/www.holtsauto.com\\\/fr\\\/\"},{\"@type\":\"ListItem\",\"position\":2,\"name\":\"Produits\",\"item\":\"https:\\\/\\\/www.holtsauto.com\\\/fr\\\/produits\\\/\"},{\"@type\":\"ListItem\",\"position\":3,\"name\":\"Graisse au Lithium Multi-Usages\"}]},{\"@type\":\"WebSite\",\"@id\":\"https:\\\/\\\/www.holtsauto.com\\\/fr\\\/#website\",\"url\":\"https:\\\/\\\/www.holtsauto.com\\\/fr\\\/\",\"name\":\"Holts Auto\",\"description\":\"\",\"potentialAction\":[{\"@type\":\"SearchAction\",\"target\":{\"@type\":\"EntryPoint\",\"urlTemplate\":\"https:\\\/\\\/www.holtsauto.com\\\/fr\\\/?s={search_term_string}\"},\"query-input\":{\"@type\":\"PropertyValueSpecification\",\"valueRequired\":true,\"valueName\":\"search_term_string\"}}],\"inLanguage\":\"fr-FR\"}]}<\/script>\n<!-- \/ Yoast SEO plugin. -->","yoast_head_json":{"title":"Graisse au Lithium Multi-Usages | Produits | Holts FR","description":"La graisse au lithium multi-usages Holts est une graisse en spray de qualit\u00e9 professionnelle pour toutes les pi\u00e8ces mobiles, m\u00eame celles qui fonctionnent sous une pression extr\u00eame.","robots":{"index":"index","follow":"follow","max-snippet":"max-snippet:-1","max-image-preview":"max-image-preview:large","max-video-preview":"max-video-preview:-1"},"canonical":"https:\/\/www.holtsauto.com\/fr\/produits\/gamme-professionnelle\/graisse-au-lithium-multi-usages\/","og_locale":"fr_FR","og_type":"article","og_title":"Graisse au Lithium Multi-Usages | Produits | Holts FR","og_description":"La graisse au lithium multi-usages Holts est une graisse en spray de qualit\u00e9 professionnelle pour toutes les pi\u00e8ces mobiles, m\u00eame celles qui fonctionnent sous une pression extr\u00eame.","og_url":"https:\/\/www.holtsauto.com\/fr\/produits\/gamme-professionnelle\/graisse-au-lithium-multi-usages\/","og_site_name":"Holts Auto Site","article_modified_time":"2025-07-30T12:58:15+00:00","og_image":[{"width":2000,"height":2000,"url":"https:\/\/www.holtsauto.com\/wp-content\/uploads\/2024\/08\/HMAI0101A_Holts-Pro-Spray-Grease-500ml-Web.png","type":"image\/png"}],"twitter_card":"summary_large_image","twitter_misc":{"Dur\u00e9e de lecture estim\u00e9e":"1 minute"},"schema":{"@context":"https:\/\/schema.org","@graph":[{"@type":"WebPage","@id":"https:\/\/www.holtsauto.com\/fr\/produits\/gamme-professionnelle\/graisse-au-lithium-multi-usages\/","url":"https:\/\/www.holtsauto.com\/fr\/produits\/gamme-professionnelle\/graisse-au-lithium-multi-usages\/","name":"Graisse au Lithium Multi-Usages | Produits | Holts FR","isPartOf":{"@id":"https:\/\/www.holtsauto.com\/fr\/#website"},"primaryImageOfPage":{"@id":"https:\/\/www.holtsauto.com\/fr\/produits\/gamme-professionnelle\/graisse-au-lithium-multi-usages\/#primaryimage"},"image":{"@id":"https:\/\/www.holtsauto.com\/fr\/produits\/gamme-professionnelle\/graisse-au-lithium-multi-usages\/#primaryimage"},"thumbnailUrl":"https:\/\/www.holtsauto.com\/wp-content\/uploads\/2024\/08\/HMAI0101A_Holts-Pro-Spray-Grease-500ml-Web.png","datePublished":"2022-07-25T14:39:25+00:00","dateModified":"2025-07-30T12:58:15+00:00","description":"La graisse au lithium multi-usages Holts est une graisse en spray de qualit\u00e9 professionnelle pour toutes les pi\u00e8ces mobiles, m\u00eame celles qui fonctionnent sous une pression extr\u00eame.","breadcrumb":{"@id":"https:\/\/www.holtsauto.com\/fr\/produits\/gamme-professionnelle\/graisse-au-lithium-multi-usages\/#breadcrumb"},"inLanguage":"fr-FR","potentialAction":[{"@type":"ReadAction","target":["https:\/\/www.holtsauto.com\/fr\/produits\/gamme-professionnelle\/graisse-au-lithium-multi-usages\/"]}]},{"@type":"ImageObject","inLanguage":"fr-FR","@id":"https:\/\/www.holtsauto.com\/fr\/produits\/gamme-professionnelle\/graisse-au-lithium-multi-usages\/#primaryimage","url":"https:\/\/www.holtsauto.com\/wp-content\/uploads\/2024\/08\/HMAI0101A_Holts-Pro-Spray-Grease-500ml-Web.png","contentUrl":"https:\/\/www.holtsauto.com\/wp-content\/uploads\/2024\/08\/HMAI0101A_Holts-Pro-Spray-Grease-500ml-Web.png","width":2000,"height":2000,"caption":"Holts professional spray grease 500ml"},{"@type":"BreadcrumbList","@id":"https:\/\/www.holtsauto.com\/fr\/produits\/gamme-professionnelle\/graisse-au-lithium-multi-usages\/#breadcrumb","itemListElement":[{"@type":"ListItem","position":1,"name":"Home","item":"https:\/\/www.holtsauto.com\/fr\/"},{"@type":"ListItem","position":2,"name":"Produits","item":"https:\/\/www.holtsauto.com\/fr\/produits\/"},{"@type":"ListItem","position":3,"name":"Graisse au Lithium Multi-Usages"}]},{"@type":"WebSite","@id":"https:\/\/www.holtsauto.com\/fr\/#website","url":"https:\/\/www.holtsauto.com\/fr\/","name":"Holts Auto","description":"","potentialAction":[{"@type":"SearchAction","target":{"@type":"EntryPoint","urlTemplate":"https:\/\/www.holtsauto.com\/fr\/?s={search_term_string}"},"query-input":{"@type":"PropertyValueSpecification","valueRequired":true,"valueName":"search_term_string"}}],"inLanguage":"fr-FR"}]}},"_links":{"self":[{"href":"https:\/\/www.holtsauto.com\/fr\/wp-json\/wp\/v2\/product\/3703","targetHints":{"allow":["GET"]}}],"collection":[{"href":"https:\/\/www.holtsauto.com\/fr\/wp-json\/wp\/v2\/product"}],"about":[{"href":"https:\/\/www.holtsauto.com\/fr\/wp-json\/wp\/v2\/types\/product"}],"replies":[{"embeddable":true,"href":"https:\/\/www.holtsauto.com\/fr\/wp-json\/wp\/v2\/comments?post=3703"}],"wp:featuredmedia":[{"embeddable":true,"href":"https:\/\/www.holtsauto.com\/fr\/wp-json\/wp\/v2\/media\/13546"}],"wp:attachment":[{"href":"https:\/\/www.holtsauto.com\/fr\/wp-json\/wp\/v2\/media?parent=3703"}],"wp:term":[{"taxonomy":"product_brand","embeddable":true,"href":"https:\/\/www.holtsauto.com\/fr\/wp-json\/wp\/v2\/product_brand?post=3703"},{"taxonomy":"product_cat","embeddable":true,"href":"https:\/\/www.holtsauto.com\/fr\/wp-json\/wp\/v2\/product_cat?post=3703"},{"taxonomy":"product_tag","embeddable":true,"href":"https:\/\/www.holtsauto.com\/fr\/wp-json\/wp\/v2\/product_tag?post=3703"}],"curies":[{"name":"wp","href":"https:\/\/api.w.org\/{rel}","templated":true}]}}