{"id":3705,"date":"2022-07-25T16:45:33","date_gmt":"2022-07-25T14:45:33","guid":{"rendered":"https:\/\/www.holtsauto.com\/fr\/?post_type=product&#038;p=3705"},"modified":"2025-07-30T12:57:34","modified_gmt":"2025-07-30T12:57:34","slug":"lubrifiant-silicone","status":"publish","type":"product","link":"https:\/\/www.holtsauto.com\/fr\/produits\/gamme-professionnelle\/lubrifiant-silicone\/","title":{"rendered":"Lubrifiant Silicone"},"content":{"rendered":"<p><span style=\"font-weight: 400;\">Lubrifie et prot\u00e8ge contre les intemp\u00e9ries n&rsquo;importe quelle surface, ce qui le rend adapt\u00e9 \u00e0 une gamme d&rsquo;applications autour de la voiture, de la maison et de l&rsquo;atelier \u2013 de la lubrification des m\u00e9canismes de fen\u00eatre et des rails de si\u00e8ge \u00e0 la pr\u00e9vention de l&rsquo;infiltration d&rsquo;eau \u00e0 travers le caoutchouc p\u00e9riss\u00e9.<\/span><\/p>\n<p><span style=\"font-weight: 400;\">Dot\u00e9 d&rsquo;un spray multidirectionnel facile \u00e0 utiliser, notre spray silicone laisse un film protecteur transparent pour \u00e9viter les d\u00e9g\u00e2ts, les taches et les marques disgracieuses sur les tapis et les tissus d&rsquo;ameublement. Vaporisez simplement pour garantir que les surfaces en plastique et en caoutchouc restent prot\u00e9g\u00e9es.<\/span><\/p>\n<p><span style=\"font-weight: 400;\">Faisant partie de la gamme Holts Professional, notre spray silicone est un spray d&rsquo;entretien \u00e0 base de silicone sp\u00e9cialement con\u00e7u pour lubrifier et prot\u00e9ger les surfaces d&rsquo;une gamme de surfaces, y compris le caoutchouc et le plastique.<\/span><\/p>\n<p><span style=\"font-weight: 400;\">Une alternative s\u00fbre et efficace aux lubrifiants \u00e0 base d\u2019huile ; Holts Lubrifiant Silicone Protecteur Caoutchoucs lubrifie et prot\u00e8ge les surfaces qui peuvent \u00eatre endommag\u00e9es par les produits lubrifiants conventionnels. Cela inclut les joints en caoutchouc p\u00e9rim\u00e9s, que notre lubrifiant \u00e0 base de silicone peut aider \u00e0 nourrir et \u00e0 prot\u00e9ger tout en r\u00e9duisant le risque de p\u00e9n\u00e9tration d&rsquo;eau et d&rsquo;humidit\u00e9.<\/span><\/p>\n<p><span style=\"font-weight: 400;\">En plus de fournir un joint \u00e9tanche pour le caoutchouc et les surfaces comparables, le silicone est \u00e9galement un lubrifiant efficace pour les m\u00e9canismes, \u00e9liminant les grincements et \u00e9vitant les probl\u00e8mes. Cela le rend parfait pour lubrifier les vitres de voiture, les charni\u00e8res de porte et les toits ouvrants, ainsi que les portes et fen\u00eatres coulissantes de la maison.<\/span><\/p>\n<p><span style=\"font-weight: 400;\">Dot\u00e9e d&rsquo;un spray \u00e0 360\u00b0, notre solution d&rsquo;entretien silicone est facile \u00e0 appliquer en une seule application. Le produit s\u00e8che clairement, sans r\u00e9sidu visible.<\/span><\/p>\n","protected":false},"excerpt":{"rendered":"<p>Lubrifiant Silicone Protecteur Caoutchoucs lubrifie et prot\u00e8ge contre les intemp\u00e9ries n&rsquo;importe quelle surface, ce qui le rend adapt\u00e9 \u00e0 une gamme d&rsquo;applications autour de la voiture, de la maison et de l&rsquo;atelier.<\/p>\n<p>&nbsp;<\/p>\n<ul>\n<li>Lubrifie, prot\u00e8ge et imperm\u00e9abilise le caoutchouc, le nylon, le plastique, le m\u00e9tal et le bois<\/li>\n<li>\u00c9vite le grippage et le dess\u00e8chement des parties trait\u00e9es<\/li>\n<li>Elimine les grincements et r\u00e9duit l&rsquo;usure<\/li>\n<li>Utilisations : Joints en caoutchouc, vitres, toits<\/li>\n<\/ul>\n","protected":false},"featured_media":13558,"comment_status":"closed","ping_status":"closed","template":"","meta":{"_acf_changed":false,"inline_featured_image":false},"product_brand":[],"product_cat":[311],"product_tag":[],"class_list":{"0":"post-3705","1":"product","2":"type-product","3":"status-publish","4":"has-post-thumbnail","6":"product_cat-gamme-professionnelle","8":"first","9":"instock","10":"shipping-taxable","11":"purchasable","12":"product-type-simple"},"acf":[],"yoast_head":"<!-- This site is optimized with the Yoast SEO plugin v27.3 - https:\/\/yoast.com\/product\/yoast-seo-wordpress\/ -->\n<title>Lubrifiant Silicone | Produits | Holts FR<\/title>\n<meta name=\"description\" content=\"Lubrifiant Silicone lubrifie et prot\u00e8ge contre les intemp\u00e9ries n&#039;importe quelle surface, ce qui le rend adapt\u00e9 \u00e0 une gamme d&#039;applications autour de la voiture.\" \/>\n<meta name=\"robots\" content=\"index, follow, max-snippet:-1, max-image-preview:large, max-video-preview:-1\" \/>\n<link rel=\"canonical\" href=\"https:\/\/www.holtsauto.com\/fr\/produits\/gamme-professionnelle\/lubrifiant-silicone\/\" \/>\n<meta property=\"og:locale\" content=\"fr_FR\" \/>\n<meta property=\"og:type\" content=\"article\" \/>\n<meta property=\"og:title\" content=\"Lubrifiant Silicone | Produits | Holts FR\" \/>\n<meta property=\"og:description\" content=\"Lubrifiant Silicone lubrifie et prot\u00e8ge contre les intemp\u00e9ries n&#039;importe quelle surface, ce qui le rend adapt\u00e9 \u00e0 une gamme d&#039;applications autour de la voiture.\" \/>\n<meta property=\"og:url\" content=\"https:\/\/www.holtsauto.com\/fr\/produits\/gamme-professionnelle\/lubrifiant-silicone\/\" \/>\n<meta property=\"og:site_name\" content=\"Holts Auto Site\" \/>\n<meta property=\"article:modified_time\" content=\"2025-07-30T12:57:34+00:00\" \/>\n<meta property=\"og:image\" content=\"https:\/\/www.holtsauto.com\/wp-content\/uploads\/2024\/08\/HMTN0301A_Holts-Pro-Silicone-Spray-500ml-Web.png\" \/>\n\t<meta property=\"og:image:width\" content=\"2000\" \/>\n\t<meta property=\"og:image:height\" content=\"2000\" \/>\n\t<meta property=\"og:image:type\" content=\"image\/png\" \/>\n<meta name=\"twitter:card\" content=\"summary_large_image\" \/>\n<meta name=\"twitter:label1\" content=\"Dur\u00e9e de lecture estim\u00e9e\" \/>\n\t<meta name=\"twitter:data1\" content=\"2 minutes\" \/>\n<script type=\"application\/ld+json\" class=\"yoast-schema-graph\">{\"@context\":\"https:\\\/\\\/schema.org\",\"@graph\":[{\"@type\":\"WebPage\",\"@id\":\"https:\\\/\\\/www.holtsauto.com\\\/fr\\\/produits\\\/gamme-professionnelle\\\/lubrifiant-silicone\\\/\",\"url\":\"https:\\\/\\\/www.holtsauto.com\\\/fr\\\/produits\\\/gamme-professionnelle\\\/lubrifiant-silicone\\\/\",\"name\":\"Lubrifiant Silicone | Produits | Holts FR\",\"isPartOf\":{\"@id\":\"https:\\\/\\\/www.holtsauto.com\\\/fr\\\/#website\"},\"primaryImageOfPage\":{\"@id\":\"https:\\\/\\\/www.holtsauto.com\\\/fr\\\/produits\\\/gamme-professionnelle\\\/lubrifiant-silicone\\\/#primaryimage\"},\"image\":{\"@id\":\"https:\\\/\\\/www.holtsauto.com\\\/fr\\\/produits\\\/gamme-professionnelle\\\/lubrifiant-silicone\\\/#primaryimage\"},\"thumbnailUrl\":\"https:\\\/\\\/www.holtsauto.com\\\/wp-content\\\/uploads\\\/2024\\\/08\\\/HMTN0301A_Holts-Pro-Silicone-Spray-500ml-Web.png\",\"datePublished\":\"2022-07-25T14:45:33+00:00\",\"dateModified\":\"2025-07-30T12:57:34+00:00\",\"description\":\"Lubrifiant Silicone lubrifie et prot\u00e8ge contre les intemp\u00e9ries n'importe quelle surface, ce qui le rend adapt\u00e9 \u00e0 une gamme d'applications autour de la voiture.\",\"breadcrumb\":{\"@id\":\"https:\\\/\\\/www.holtsauto.com\\\/fr\\\/produits\\\/gamme-professionnelle\\\/lubrifiant-silicone\\\/#breadcrumb\"},\"inLanguage\":\"fr-FR\",\"potentialAction\":[{\"@type\":\"ReadAction\",\"target\":[\"https:\\\/\\\/www.holtsauto.com\\\/fr\\\/produits\\\/gamme-professionnelle\\\/lubrifiant-silicone\\\/\"]}]},{\"@type\":\"ImageObject\",\"inLanguage\":\"fr-FR\",\"@id\":\"https:\\\/\\\/www.holtsauto.com\\\/fr\\\/produits\\\/gamme-professionnelle\\\/lubrifiant-silicone\\\/#primaryimage\",\"url\":\"https:\\\/\\\/www.holtsauto.com\\\/wp-content\\\/uploads\\\/2024\\\/08\\\/HMTN0301A_Holts-Pro-Silicone-Spray-500ml-Web.png\",\"contentUrl\":\"https:\\\/\\\/www.holtsauto.com\\\/wp-content\\\/uploads\\\/2024\\\/08\\\/HMTN0301A_Holts-Pro-Silicone-Spray-500ml-Web.png\",\"width\":2000,\"height\":2000,\"caption\":\"Holts professional silicone spray 500ml\"},{\"@type\":\"BreadcrumbList\",\"@id\":\"https:\\\/\\\/www.holtsauto.com\\\/fr\\\/produits\\\/gamme-professionnelle\\\/lubrifiant-silicone\\\/#breadcrumb\",\"itemListElement\":[{\"@type\":\"ListItem\",\"position\":1,\"name\":\"Home\",\"item\":\"https:\\\/\\\/www.holtsauto.com\\\/fr\\\/\"},{\"@type\":\"ListItem\",\"position\":2,\"name\":\"Produits\",\"item\":\"https:\\\/\\\/www.holtsauto.com\\\/fr\\\/produits\\\/\"},{\"@type\":\"ListItem\",\"position\":3,\"name\":\"Lubrifiant Silicone\"}]},{\"@type\":\"WebSite\",\"@id\":\"https:\\\/\\\/www.holtsauto.com\\\/fr\\\/#website\",\"url\":\"https:\\\/\\\/www.holtsauto.com\\\/fr\\\/\",\"name\":\"Holts Auto\",\"description\":\"\",\"potentialAction\":[{\"@type\":\"SearchAction\",\"target\":{\"@type\":\"EntryPoint\",\"urlTemplate\":\"https:\\\/\\\/www.holtsauto.com\\\/fr\\\/?s={search_term_string}\"},\"query-input\":{\"@type\":\"PropertyValueSpecification\",\"valueRequired\":true,\"valueName\":\"search_term_string\"}}],\"inLanguage\":\"fr-FR\"}]}<\/script>\n<!-- \/ Yoast SEO plugin. -->","yoast_head_json":{"title":"Lubrifiant Silicone | Produits | Holts FR","description":"Lubrifiant Silicone lubrifie et prot\u00e8ge contre les intemp\u00e9ries n'importe quelle surface, ce qui le rend adapt\u00e9 \u00e0 une gamme d'applications autour de la voiture.","robots":{"index":"index","follow":"follow","max-snippet":"max-snippet:-1","max-image-preview":"max-image-preview:large","max-video-preview":"max-video-preview:-1"},"canonical":"https:\/\/www.holtsauto.com\/fr\/produits\/gamme-professionnelle\/lubrifiant-silicone\/","og_locale":"fr_FR","og_type":"article","og_title":"Lubrifiant Silicone | Produits | Holts FR","og_description":"Lubrifiant Silicone lubrifie et prot\u00e8ge contre les intemp\u00e9ries n'importe quelle surface, ce qui le rend adapt\u00e9 \u00e0 une gamme d'applications autour de la voiture.","og_url":"https:\/\/www.holtsauto.com\/fr\/produits\/gamme-professionnelle\/lubrifiant-silicone\/","og_site_name":"Holts Auto Site","article_modified_time":"2025-07-30T12:57:34+00:00","og_image":[{"width":2000,"height":2000,"url":"https:\/\/www.holtsauto.com\/wp-content\/uploads\/2024\/08\/HMTN0301A_Holts-Pro-Silicone-Spray-500ml-Web.png","type":"image\/png"}],"twitter_card":"summary_large_image","twitter_misc":{"Dur\u00e9e de lecture estim\u00e9e":"2 minutes"},"schema":{"@context":"https:\/\/schema.org","@graph":[{"@type":"WebPage","@id":"https:\/\/www.holtsauto.com\/fr\/produits\/gamme-professionnelle\/lubrifiant-silicone\/","url":"https:\/\/www.holtsauto.com\/fr\/produits\/gamme-professionnelle\/lubrifiant-silicone\/","name":"Lubrifiant Silicone | Produits | Holts FR","isPartOf":{"@id":"https:\/\/www.holtsauto.com\/fr\/#website"},"primaryImageOfPage":{"@id":"https:\/\/www.holtsauto.com\/fr\/produits\/gamme-professionnelle\/lubrifiant-silicone\/#primaryimage"},"image":{"@id":"https:\/\/www.holtsauto.com\/fr\/produits\/gamme-professionnelle\/lubrifiant-silicone\/#primaryimage"},"thumbnailUrl":"https:\/\/www.holtsauto.com\/wp-content\/uploads\/2024\/08\/HMTN0301A_Holts-Pro-Silicone-Spray-500ml-Web.png","datePublished":"2022-07-25T14:45:33+00:00","dateModified":"2025-07-30T12:57:34+00:00","description":"Lubrifiant Silicone lubrifie et prot\u00e8ge contre les intemp\u00e9ries n'importe quelle surface, ce qui le rend adapt\u00e9 \u00e0 une gamme d'applications autour de la voiture.","breadcrumb":{"@id":"https:\/\/www.holtsauto.com\/fr\/produits\/gamme-professionnelle\/lubrifiant-silicone\/#breadcrumb"},"inLanguage":"fr-FR","potentialAction":[{"@type":"ReadAction","target":["https:\/\/www.holtsauto.com\/fr\/produits\/gamme-professionnelle\/lubrifiant-silicone\/"]}]},{"@type":"ImageObject","inLanguage":"fr-FR","@id":"https:\/\/www.holtsauto.com\/fr\/produits\/gamme-professionnelle\/lubrifiant-silicone\/#primaryimage","url":"https:\/\/www.holtsauto.com\/wp-content\/uploads\/2024\/08\/HMTN0301A_Holts-Pro-Silicone-Spray-500ml-Web.png","contentUrl":"https:\/\/www.holtsauto.com\/wp-content\/uploads\/2024\/08\/HMTN0301A_Holts-Pro-Silicone-Spray-500ml-Web.png","width":2000,"height":2000,"caption":"Holts professional silicone spray 500ml"},{"@type":"BreadcrumbList","@id":"https:\/\/www.holtsauto.com\/fr\/produits\/gamme-professionnelle\/lubrifiant-silicone\/#breadcrumb","itemListElement":[{"@type":"ListItem","position":1,"name":"Home","item":"https:\/\/www.holtsauto.com\/fr\/"},{"@type":"ListItem","position":2,"name":"Produits","item":"https:\/\/www.holtsauto.com\/fr\/produits\/"},{"@type":"ListItem","position":3,"name":"Lubrifiant Silicone"}]},{"@type":"WebSite","@id":"https:\/\/www.holtsauto.com\/fr\/#website","url":"https:\/\/www.holtsauto.com\/fr\/","name":"Holts Auto","description":"","potentialAction":[{"@type":"SearchAction","target":{"@type":"EntryPoint","urlTemplate":"https:\/\/www.holtsauto.com\/fr\/?s={search_term_string}"},"query-input":{"@type":"PropertyValueSpecification","valueRequired":true,"valueName":"search_term_string"}}],"inLanguage":"fr-FR"}]}},"_links":{"self":[{"href":"https:\/\/www.holtsauto.com\/fr\/wp-json\/wp\/v2\/product\/3705","targetHints":{"allow":["GET"]}}],"collection":[{"href":"https:\/\/www.holtsauto.com\/fr\/wp-json\/wp\/v2\/product"}],"about":[{"href":"https:\/\/www.holtsauto.com\/fr\/wp-json\/wp\/v2\/types\/product"}],"replies":[{"embeddable":true,"href":"https:\/\/www.holtsauto.com\/fr\/wp-json\/wp\/v2\/comments?post=3705"}],"wp:featuredmedia":[{"embeddable":true,"href":"https:\/\/www.holtsauto.com\/fr\/wp-json\/wp\/v2\/media\/13558"}],"wp:attachment":[{"href":"https:\/\/www.holtsauto.com\/fr\/wp-json\/wp\/v2\/media?parent=3705"}],"wp:term":[{"taxonomy":"product_brand","embeddable":true,"href":"https:\/\/www.holtsauto.com\/fr\/wp-json\/wp\/v2\/product_brand?post=3705"},{"taxonomy":"product_cat","embeddable":true,"href":"https:\/\/www.holtsauto.com\/fr\/wp-json\/wp\/v2\/product_cat?post=3705"},{"taxonomy":"product_tag","embeddable":true,"href":"https:\/\/www.holtsauto.com\/fr\/wp-json\/wp\/v2\/product_tag?post=3705"}],"curies":[{"name":"wp","href":"https:\/\/api.w.org\/{rel}","templated":true}]}}