{"id":3711,"date":"2022-07-25T17:08:17","date_gmt":"2022-07-25T15:08:17","guid":{"rendered":"https:\/\/www.holtsauto.com\/fr\/?post_type=product&#038;p=3711"},"modified":"2025-07-30T12:54:52","modified_gmt":"2025-07-30T12:54:52","slug":"graisse-au-cuivre","status":"publish","type":"product","link":"https:\/\/www.holtsauto.com\/fr\/produits\/gamme-professionnelle\/graisse-au-cuivre\/","title":{"rendered":"Graisse au Cuivre"},"content":{"rendered":"<p><span style=\"font-weight: 400;\">Graisse au Cuivre est sp\u00e9cialement formul\u00e9 pour emp\u00eacher les pi\u00e8ces de se gripper, m\u00eame celles qui fonctionnent sous une pression extr\u00eame. Assurez-vous que les pi\u00e8ces mobiles de votre v\u00e9hicule sont suffisamment lubrifi\u00e9es.<\/span><\/p>\n<p><span style=\"font-weight: 400;\">Le spray de graisse au cuivre professionnel Holts prot\u00e8ge non seulement contre la corrosion, emp\u00eachant les pi\u00e8ces gripp\u00e9es, mais il peut \u00e9galement \u00eatre utilis\u00e9 entre les \u00e9triers et les plaquettes de frein pour \u00e9viter le grincement des disques.<\/span><\/p>\n<p><span style=\"font-weight: 400;\">Cette graisse au cuivre polyvalente est le compl\u00e9ment parfait \u00e0 votre kit de r\u00e9paration d\u2019outils. Il facilite le d\u00e9montage des fixations filet\u00e9es ainsi que la protection des composants m\u00e9tal sur m\u00e9tal et caoutchouc\/m\u00e9tal. \u00c0 utiliser sur les v\u00e9los, voitures et motos.<\/span><\/p>\n<p><span style=\"font-weight: 400;\">La graisse au cuivre polyvalente Holts est livr\u00e9e avec une buse directionnelle pour une application pr\u00e9cise dans les endroits difficiles d&rsquo;acc\u00e8s. Il fonctionne m\u00eame \u00e0 des temp\u00e9ratures extr\u00eames, allant de -100\u00b0C \u00e0 +1 100\u00b0C. Une protection sur laquelle vous pouvez compter.<\/span><\/p>\n","protected":false},"excerpt":{"rendered":"<p><span style=\"font-weight: 400;\">Holts Graisse au Cuivre a \u00e9t\u00e9 d\u00e9velopp\u00e9 pour fonctionner \u00e0 des temp\u00e9ratures \u00e9lev\u00e9es, afin d&rsquo;\u00e9viter le grippage des pi\u00e8ces.<\/span><\/p>\n<p>\u2022 Graisse lubrifiante non fondante haute performance<br \/>\n\u2022 Evite le grippage des pi\u00e8ces<br \/>\n\u2022 Emp\u00eache le grincement du frein \u00e0 disque<br \/>\n\u2022 Prot\u00e8ge contre la corrosion<br \/>\n\u2022 Utilisable entre -100\u00b0C et +1100\u00b0C<\/p>\n","protected":false},"featured_media":13552,"comment_status":"closed","ping_status":"closed","template":"","meta":{"_acf_changed":false,"inline_featured_image":false},"product_brand":[],"product_cat":[311],"product_tag":[],"class_list":{"0":"post-3711","1":"product","2":"type-product","3":"status-publish","4":"has-post-thumbnail","6":"product_cat-gamme-professionnelle","8":"first","9":"instock","10":"shipping-taxable","11":"purchasable","12":"product-type-simple"},"acf":[],"yoast_head":"<!-- This site is optimized with the Yoast SEO plugin v27.4 - https:\/\/yoast.com\/product\/yoast-seo-wordpress\/ -->\n<title>Graisse au Cuivre | Produits | Holts FR<\/title>\n<meta name=\"description\" content=\"Graisse au Cuivre est sp\u00e9cialement formul\u00e9 pour emp\u00eacher les pi\u00e8ces de se gripper, m\u00eame celles qui fonctionnent sous une pression extr\u00eame.\" \/>\n<meta name=\"robots\" content=\"index, follow, max-snippet:-1, max-image-preview:large, max-video-preview:-1\" \/>\n<link rel=\"canonical\" href=\"https:\/\/www.holtsauto.com\/fr\/produits\/gamme-professionnelle\/graisse-au-cuivre\/\" \/>\n<meta property=\"og:locale\" content=\"fr_FR\" \/>\n<meta property=\"og:type\" content=\"article\" \/>\n<meta property=\"og:title\" content=\"Graisse au Cuivre | Produits | Holts FR\" \/>\n<meta property=\"og:description\" content=\"Graisse au Cuivre est sp\u00e9cialement formul\u00e9 pour emp\u00eacher les pi\u00e8ces de se gripper, m\u00eame celles qui fonctionnent sous une pression extr\u00eame.\" \/>\n<meta property=\"og:url\" content=\"https:\/\/www.holtsauto.com\/fr\/produits\/gamme-professionnelle\/graisse-au-cuivre\/\" \/>\n<meta property=\"og:site_name\" content=\"Holts Auto Site\" \/>\n<meta property=\"article:modified_time\" content=\"2025-07-30T12:54:52+00:00\" \/>\n<meta property=\"og:image\" content=\"https:\/\/www.holtsauto.com\/wp-content\/uploads\/2024\/08\/HMTN0018A_Holts-Pro-Copper-Grease-500ml-Web.png\" \/>\n\t<meta property=\"og:image:width\" content=\"2000\" \/>\n\t<meta property=\"og:image:height\" content=\"2000\" \/>\n\t<meta property=\"og:image:type\" content=\"image\/png\" \/>\n<meta name=\"twitter:card\" content=\"summary_large_image\" \/>\n<meta name=\"twitter:label1\" content=\"Dur\u00e9e de lecture estim\u00e9e\" \/>\n\t<meta name=\"twitter:data1\" content=\"1 minute\" \/>\n<script type=\"application\/ld+json\" class=\"yoast-schema-graph\">{\"@context\":\"https:\\\/\\\/schema.org\",\"@graph\":[{\"@type\":\"WebPage\",\"@id\":\"https:\\\/\\\/www.holtsauto.com\\\/fr\\\/produits\\\/gamme-professionnelle\\\/graisse-au-cuivre\\\/\",\"url\":\"https:\\\/\\\/www.holtsauto.com\\\/fr\\\/produits\\\/gamme-professionnelle\\\/graisse-au-cuivre\\\/\",\"name\":\"Graisse au Cuivre | Produits | Holts FR\",\"isPartOf\":{\"@id\":\"https:\\\/\\\/www.holtsauto.com\\\/fr\\\/#website\"},\"primaryImageOfPage\":{\"@id\":\"https:\\\/\\\/www.holtsauto.com\\\/fr\\\/produits\\\/gamme-professionnelle\\\/graisse-au-cuivre\\\/#primaryimage\"},\"image\":{\"@id\":\"https:\\\/\\\/www.holtsauto.com\\\/fr\\\/produits\\\/gamme-professionnelle\\\/graisse-au-cuivre\\\/#primaryimage\"},\"thumbnailUrl\":\"https:\\\/\\\/www.holtsauto.com\\\/wp-content\\\/uploads\\\/2024\\\/08\\\/HMTN0018A_Holts-Pro-Copper-Grease-500ml-Web.png\",\"datePublished\":\"2022-07-25T15:08:17+00:00\",\"dateModified\":\"2025-07-30T12:54:52+00:00\",\"description\":\"Graisse au Cuivre est sp\u00e9cialement formul\u00e9 pour emp\u00eacher les pi\u00e8ces de se gripper, m\u00eame celles qui fonctionnent sous une pression extr\u00eame.\",\"breadcrumb\":{\"@id\":\"https:\\\/\\\/www.holtsauto.com\\\/fr\\\/produits\\\/gamme-professionnelle\\\/graisse-au-cuivre\\\/#breadcrumb\"},\"inLanguage\":\"fr-FR\",\"potentialAction\":[{\"@type\":\"ReadAction\",\"target\":[\"https:\\\/\\\/www.holtsauto.com\\\/fr\\\/produits\\\/gamme-professionnelle\\\/graisse-au-cuivre\\\/\"]}]},{\"@type\":\"ImageObject\",\"inLanguage\":\"fr-FR\",\"@id\":\"https:\\\/\\\/www.holtsauto.com\\\/fr\\\/produits\\\/gamme-professionnelle\\\/graisse-au-cuivre\\\/#primaryimage\",\"url\":\"https:\\\/\\\/www.holtsauto.com\\\/wp-content\\\/uploads\\\/2024\\\/08\\\/HMTN0018A_Holts-Pro-Copper-Grease-500ml-Web.png\",\"contentUrl\":\"https:\\\/\\\/www.holtsauto.com\\\/wp-content\\\/uploads\\\/2024\\\/08\\\/HMTN0018A_Holts-Pro-Copper-Grease-500ml-Web.png\",\"width\":2000,\"height\":2000,\"caption\":\"Holts professional copper grease 500ml\"},{\"@type\":\"BreadcrumbList\",\"@id\":\"https:\\\/\\\/www.holtsauto.com\\\/fr\\\/produits\\\/gamme-professionnelle\\\/graisse-au-cuivre\\\/#breadcrumb\",\"itemListElement\":[{\"@type\":\"ListItem\",\"position\":1,\"name\":\"Home\",\"item\":\"https:\\\/\\\/www.holtsauto.com\\\/fr\\\/\"},{\"@type\":\"ListItem\",\"position\":2,\"name\":\"Produits\",\"item\":\"https:\\\/\\\/www.holtsauto.com\\\/fr\\\/produits\\\/\"},{\"@type\":\"ListItem\",\"position\":3,\"name\":\"Graisse au Cuivre\"}]},{\"@type\":\"WebSite\",\"@id\":\"https:\\\/\\\/www.holtsauto.com\\\/fr\\\/#website\",\"url\":\"https:\\\/\\\/www.holtsauto.com\\\/fr\\\/\",\"name\":\"Holts Auto\",\"description\":\"\",\"potentialAction\":[{\"@type\":\"SearchAction\",\"target\":{\"@type\":\"EntryPoint\",\"urlTemplate\":\"https:\\\/\\\/www.holtsauto.com\\\/fr\\\/?s={search_term_string}\"},\"query-input\":{\"@type\":\"PropertyValueSpecification\",\"valueRequired\":true,\"valueName\":\"search_term_string\"}}],\"inLanguage\":\"fr-FR\"}]}<\/script>\n<!-- \/ Yoast SEO plugin. -->","yoast_head_json":{"title":"Graisse au Cuivre | Produits | Holts FR","description":"Graisse au Cuivre est sp\u00e9cialement formul\u00e9 pour emp\u00eacher les pi\u00e8ces de se gripper, m\u00eame celles qui fonctionnent sous une pression extr\u00eame.","robots":{"index":"index","follow":"follow","max-snippet":"max-snippet:-1","max-image-preview":"max-image-preview:large","max-video-preview":"max-video-preview:-1"},"canonical":"https:\/\/www.holtsauto.com\/fr\/produits\/gamme-professionnelle\/graisse-au-cuivre\/","og_locale":"fr_FR","og_type":"article","og_title":"Graisse au Cuivre | Produits | Holts FR","og_description":"Graisse au Cuivre est sp\u00e9cialement formul\u00e9 pour emp\u00eacher les pi\u00e8ces de se gripper, m\u00eame celles qui fonctionnent sous une pression extr\u00eame.","og_url":"https:\/\/www.holtsauto.com\/fr\/produits\/gamme-professionnelle\/graisse-au-cuivre\/","og_site_name":"Holts Auto Site","article_modified_time":"2025-07-30T12:54:52+00:00","og_image":[{"width":2000,"height":2000,"url":"https:\/\/www.holtsauto.com\/wp-content\/uploads\/2024\/08\/HMTN0018A_Holts-Pro-Copper-Grease-500ml-Web.png","type":"image\/png"}],"twitter_card":"summary_large_image","twitter_misc":{"Dur\u00e9e de lecture estim\u00e9e":"1 minute"},"schema":{"@context":"https:\/\/schema.org","@graph":[{"@type":"WebPage","@id":"https:\/\/www.holtsauto.com\/fr\/produits\/gamme-professionnelle\/graisse-au-cuivre\/","url":"https:\/\/www.holtsauto.com\/fr\/produits\/gamme-professionnelle\/graisse-au-cuivre\/","name":"Graisse au Cuivre | Produits | Holts FR","isPartOf":{"@id":"https:\/\/www.holtsauto.com\/fr\/#website"},"primaryImageOfPage":{"@id":"https:\/\/www.holtsauto.com\/fr\/produits\/gamme-professionnelle\/graisse-au-cuivre\/#primaryimage"},"image":{"@id":"https:\/\/www.holtsauto.com\/fr\/produits\/gamme-professionnelle\/graisse-au-cuivre\/#primaryimage"},"thumbnailUrl":"https:\/\/www.holtsauto.com\/wp-content\/uploads\/2024\/08\/HMTN0018A_Holts-Pro-Copper-Grease-500ml-Web.png","datePublished":"2022-07-25T15:08:17+00:00","dateModified":"2025-07-30T12:54:52+00:00","description":"Graisse au Cuivre est sp\u00e9cialement formul\u00e9 pour emp\u00eacher les pi\u00e8ces de se gripper, m\u00eame celles qui fonctionnent sous une pression extr\u00eame.","breadcrumb":{"@id":"https:\/\/www.holtsauto.com\/fr\/produits\/gamme-professionnelle\/graisse-au-cuivre\/#breadcrumb"},"inLanguage":"fr-FR","potentialAction":[{"@type":"ReadAction","target":["https:\/\/www.holtsauto.com\/fr\/produits\/gamme-professionnelle\/graisse-au-cuivre\/"]}]},{"@type":"ImageObject","inLanguage":"fr-FR","@id":"https:\/\/www.holtsauto.com\/fr\/produits\/gamme-professionnelle\/graisse-au-cuivre\/#primaryimage","url":"https:\/\/www.holtsauto.com\/wp-content\/uploads\/2024\/08\/HMTN0018A_Holts-Pro-Copper-Grease-500ml-Web.png","contentUrl":"https:\/\/www.holtsauto.com\/wp-content\/uploads\/2024\/08\/HMTN0018A_Holts-Pro-Copper-Grease-500ml-Web.png","width":2000,"height":2000,"caption":"Holts professional copper grease 500ml"},{"@type":"BreadcrumbList","@id":"https:\/\/www.holtsauto.com\/fr\/produits\/gamme-professionnelle\/graisse-au-cuivre\/#breadcrumb","itemListElement":[{"@type":"ListItem","position":1,"name":"Home","item":"https:\/\/www.holtsauto.com\/fr\/"},{"@type":"ListItem","position":2,"name":"Produits","item":"https:\/\/www.holtsauto.com\/fr\/produits\/"},{"@type":"ListItem","position":3,"name":"Graisse au Cuivre"}]},{"@type":"WebSite","@id":"https:\/\/www.holtsauto.com\/fr\/#website","url":"https:\/\/www.holtsauto.com\/fr\/","name":"Holts Auto","description":"","potentialAction":[{"@type":"SearchAction","target":{"@type":"EntryPoint","urlTemplate":"https:\/\/www.holtsauto.com\/fr\/?s={search_term_string}"},"query-input":{"@type":"PropertyValueSpecification","valueRequired":true,"valueName":"search_term_string"}}],"inLanguage":"fr-FR"}]}},"_links":{"self":[{"href":"https:\/\/www.holtsauto.com\/fr\/wp-json\/wp\/v2\/product\/3711","targetHints":{"allow":["GET"]}}],"collection":[{"href":"https:\/\/www.holtsauto.com\/fr\/wp-json\/wp\/v2\/product"}],"about":[{"href":"https:\/\/www.holtsauto.com\/fr\/wp-json\/wp\/v2\/types\/product"}],"replies":[{"embeddable":true,"href":"https:\/\/www.holtsauto.com\/fr\/wp-json\/wp\/v2\/comments?post=3711"}],"wp:featuredmedia":[{"embeddable":true,"href":"https:\/\/www.holtsauto.com\/fr\/wp-json\/wp\/v2\/media\/13552"}],"wp:attachment":[{"href":"https:\/\/www.holtsauto.com\/fr\/wp-json\/wp\/v2\/media?parent=3711"}],"wp:term":[{"taxonomy":"product_brand","embeddable":true,"href":"https:\/\/www.holtsauto.com\/fr\/wp-json\/wp\/v2\/product_brand?post=3711"},{"taxonomy":"product_cat","embeddable":true,"href":"https:\/\/www.holtsauto.com\/fr\/wp-json\/wp\/v2\/product_cat?post=3711"},{"taxonomy":"product_tag","embeddable":true,"href":"https:\/\/www.holtsauto.com\/fr\/wp-json\/wp\/v2\/product_tag?post=3711"}],"curies":[{"name":"wp","href":"https:\/\/api.w.org\/{rel}","templated":true}]}}