{"id":3713,"date":"2022-07-25T17:13:14","date_gmt":"2022-07-25T15:13:14","guid":{"rendered":"https:\/\/www.holtsauto.com\/fr\/?post_type=product&#038;p=3713"},"modified":"2025-07-30T12:54:06","modified_gmt":"2025-07-30T12:54:06","slug":"nettoyant-contacteurs-electroniques","status":"publish","type":"product","link":"https:\/\/www.holtsauto.com\/fr\/produits\/gamme-professionnelle\/nettoyant-contacteurs-electroniques\/","title":{"rendered":"Nettoyant Contacteurs"},"content":{"rendered":"<p><span style=\"font-weight: 400;\">Nettoyant Contacteurs Holts est sp\u00e9cialement con\u00e7u pour \u00e9liminer l&rsquo;huile, la graisse et la salet\u00e9 qui s&rsquo;accumulent dans votre voiture. Restaurez la connectivit\u00e9 \u00e9lectrique de votre voiture sans causer de dommages.<\/span><\/p>\n<p><span style=\"font-weight: 400;\">Le Nettoyant Contacteurs Holts assurera un nettoyage en profondeur des pi\u00e8ces \u00e9lectroniques et \u00e9lectriques de votre v\u00e9hicule. Ces pi\u00e8ces peuvent devenir sales ou corrod\u00e9es avec le temps &#8211; ce spray de contact garantira qu&rsquo;elles sont propres et intactes.<\/span><\/p>\n<p><span style=\"font-weight: 400;\">Ce spray nettoyant a une action nettoyante puissante, s\u00e8che rapidement et ne laisse aucun r\u00e9sidu collant ou huileux.<\/span><\/p>\n<p><span style=\"font-weight: 400;\">Nous savons qu&rsquo;il n&rsquo;est pas toujours facile d&rsquo;acc\u00e9der aux composants \u00e9lectriques dans les v\u00e9hicules modernes, c&rsquo;est pourquoi notre bo\u00eete sp\u00e9cialement con\u00e7ue fonctionnera sous tous les angles. Le spray \u00e0 360\u00b0 signifie que vous pourrez utiliser le spray \u00e9lectrique dans tous les endroits difficiles d&rsquo;acc\u00e8s du v\u00e9hicule.<\/span><\/p>\n","protected":false},"excerpt":{"rendered":"<p><span style=\"font-weight: 400;\">Le Nettoyant Contacteurs Holts est sp\u00e9cialement formul\u00e9 pour \u00e9liminer rapidement l&rsquo;huile, la graisse et la salet\u00e9 et restaurer la connectivit\u00e9 \u00e9lectrique sans causer de dommages.<\/span><\/p>\n<p>\u2022 Solvant puissant qui \u00e9limine rapidement l&rsquo;huile, la graisse et la crasse de tous les composants \u00e9lectroniques<br \/>\n\u2022 Ne laisse aucun r\u00e9sidu et r\u00e9tablit une bonne conductibilit\u00e9 \u00e9lectrique<br \/>\n\u2022 Utilisation pr\u00e9ventive \u00e0 chaque montage \/ d\u00e9montage des contacteurs<br \/>\n\u2022 Multi-usages : interrupteurs, composants, contacteurs, relais<\/p>\n","protected":false},"featured_media":13564,"comment_status":"closed","ping_status":"closed","template":"","meta":{"_acf_changed":false,"inline_featured_image":false},"product_brand":[],"product_cat":[311],"product_tag":[],"class_list":{"0":"post-3713","1":"product","2":"type-product","3":"status-publish","4":"has-post-thumbnail","6":"product_cat-gamme-professionnelle","8":"first","9":"instock","10":"shipping-taxable","11":"purchasable","12":"product-type-simple"},"acf":[],"yoast_head":"<!-- This site is optimized with the Yoast SEO plugin v27.3 - https:\/\/yoast.com\/product\/yoast-seo-wordpress\/ -->\n<title>Nettoyant Contacteurs Electroniques | Produits | Holts FR<\/title>\n<meta name=\"description\" content=\"Le nettoyant pour contacts \u00e9lectriques est sp\u00e9cialement formul\u00e9 pour \u00e9liminer rapidement l&#039;huile restaurer la connectivit\u00e9 \u00e9lectrique.\" \/>\n<meta name=\"robots\" content=\"index, follow, max-snippet:-1, max-image-preview:large, max-video-preview:-1\" \/>\n<link rel=\"canonical\" href=\"https:\/\/www.holtsauto.com\/fr\/produits\/gamme-professionnelle\/nettoyant-contacteurs-electroniques\/\" \/>\n<meta property=\"og:locale\" content=\"fr_FR\" \/>\n<meta property=\"og:type\" content=\"article\" \/>\n<meta property=\"og:title\" content=\"Nettoyant Contacteurs Electroniques | Produits | Holts FR\" \/>\n<meta property=\"og:description\" content=\"Le nettoyant pour contacts \u00e9lectriques est sp\u00e9cialement formul\u00e9 pour \u00e9liminer rapidement l&#039;huile restaurer la connectivit\u00e9 \u00e9lectrique.\" \/>\n<meta property=\"og:url\" content=\"https:\/\/www.holtsauto.com\/fr\/produits\/gamme-professionnelle\/nettoyant-contacteurs-electroniques\/\" \/>\n<meta property=\"og:site_name\" content=\"Holts Auto Site\" \/>\n<meta property=\"article:modified_time\" content=\"2025-07-30T12:54:06+00:00\" \/>\n<meta property=\"og:image\" content=\"https:\/\/www.holtsauto.com\/wp-content\/uploads\/2024\/08\/HMTN0601A_Holts-Pro-Contact-Cleaner-500ml-Web.png\" \/>\n\t<meta property=\"og:image:width\" content=\"2000\" \/>\n\t<meta property=\"og:image:height\" content=\"2000\" \/>\n\t<meta property=\"og:image:type\" content=\"image\/png\" \/>\n<meta name=\"twitter:card\" content=\"summary_large_image\" \/>\n<meta name=\"twitter:label1\" content=\"Dur\u00e9e de lecture estim\u00e9e\" \/>\n\t<meta name=\"twitter:data1\" content=\"1 minute\" \/>\n<script type=\"application\/ld+json\" class=\"yoast-schema-graph\">{\"@context\":\"https:\\\/\\\/schema.org\",\"@graph\":[{\"@type\":\"WebPage\",\"@id\":\"https:\\\/\\\/www.holtsauto.com\\\/fr\\\/produits\\\/gamme-professionnelle\\\/nettoyant-contacteurs-electroniques\\\/\",\"url\":\"https:\\\/\\\/www.holtsauto.com\\\/fr\\\/produits\\\/gamme-professionnelle\\\/nettoyant-contacteurs-electroniques\\\/\",\"name\":\"Nettoyant Contacteurs Electroniques | Produits | Holts FR\",\"isPartOf\":{\"@id\":\"https:\\\/\\\/www.holtsauto.com\\\/fr\\\/#website\"},\"primaryImageOfPage\":{\"@id\":\"https:\\\/\\\/www.holtsauto.com\\\/fr\\\/produits\\\/gamme-professionnelle\\\/nettoyant-contacteurs-electroniques\\\/#primaryimage\"},\"image\":{\"@id\":\"https:\\\/\\\/www.holtsauto.com\\\/fr\\\/produits\\\/gamme-professionnelle\\\/nettoyant-contacteurs-electroniques\\\/#primaryimage\"},\"thumbnailUrl\":\"https:\\\/\\\/www.holtsauto.com\\\/wp-content\\\/uploads\\\/2024\\\/08\\\/HMTN0601A_Holts-Pro-Contact-Cleaner-500ml-Web.png\",\"datePublished\":\"2022-07-25T15:13:14+00:00\",\"dateModified\":\"2025-07-30T12:54:06+00:00\",\"description\":\"Le nettoyant pour contacts \u00e9lectriques est sp\u00e9cialement formul\u00e9 pour \u00e9liminer rapidement l'huile restaurer la connectivit\u00e9 \u00e9lectrique.\",\"breadcrumb\":{\"@id\":\"https:\\\/\\\/www.holtsauto.com\\\/fr\\\/produits\\\/gamme-professionnelle\\\/nettoyant-contacteurs-electroniques\\\/#breadcrumb\"},\"inLanguage\":\"fr-FR\",\"potentialAction\":[{\"@type\":\"ReadAction\",\"target\":[\"https:\\\/\\\/www.holtsauto.com\\\/fr\\\/produits\\\/gamme-professionnelle\\\/nettoyant-contacteurs-electroniques\\\/\"]}]},{\"@type\":\"ImageObject\",\"inLanguage\":\"fr-FR\",\"@id\":\"https:\\\/\\\/www.holtsauto.com\\\/fr\\\/produits\\\/gamme-professionnelle\\\/nettoyant-contacteurs-electroniques\\\/#primaryimage\",\"url\":\"https:\\\/\\\/www.holtsauto.com\\\/wp-content\\\/uploads\\\/2024\\\/08\\\/HMTN0601A_Holts-Pro-Contact-Cleaner-500ml-Web.png\",\"contentUrl\":\"https:\\\/\\\/www.holtsauto.com\\\/wp-content\\\/uploads\\\/2024\\\/08\\\/HMTN0601A_Holts-Pro-Contact-Cleaner-500ml-Web.png\",\"width\":2000,\"height\":2000,\"caption\":\"Professional Contact Cleaner 500ml\"},{\"@type\":\"BreadcrumbList\",\"@id\":\"https:\\\/\\\/www.holtsauto.com\\\/fr\\\/produits\\\/gamme-professionnelle\\\/nettoyant-contacteurs-electroniques\\\/#breadcrumb\",\"itemListElement\":[{\"@type\":\"ListItem\",\"position\":1,\"name\":\"Home\",\"item\":\"https:\\\/\\\/www.holtsauto.com\\\/fr\\\/\"},{\"@type\":\"ListItem\",\"position\":2,\"name\":\"Produits\",\"item\":\"https:\\\/\\\/www.holtsauto.com\\\/fr\\\/produits\\\/\"},{\"@type\":\"ListItem\",\"position\":3,\"name\":\"Nettoyant Contacteurs\"}]},{\"@type\":\"WebSite\",\"@id\":\"https:\\\/\\\/www.holtsauto.com\\\/fr\\\/#website\",\"url\":\"https:\\\/\\\/www.holtsauto.com\\\/fr\\\/\",\"name\":\"Holts Auto\",\"description\":\"\",\"potentialAction\":[{\"@type\":\"SearchAction\",\"target\":{\"@type\":\"EntryPoint\",\"urlTemplate\":\"https:\\\/\\\/www.holtsauto.com\\\/fr\\\/?s={search_term_string}\"},\"query-input\":{\"@type\":\"PropertyValueSpecification\",\"valueRequired\":true,\"valueName\":\"search_term_string\"}}],\"inLanguage\":\"fr-FR\"}]}<\/script>\n<!-- \/ Yoast SEO plugin. -->","yoast_head_json":{"title":"Nettoyant Contacteurs Electroniques | Produits | Holts FR","description":"Le nettoyant pour contacts \u00e9lectriques est sp\u00e9cialement formul\u00e9 pour \u00e9liminer rapidement l'huile restaurer la connectivit\u00e9 \u00e9lectrique.","robots":{"index":"index","follow":"follow","max-snippet":"max-snippet:-1","max-image-preview":"max-image-preview:large","max-video-preview":"max-video-preview:-1"},"canonical":"https:\/\/www.holtsauto.com\/fr\/produits\/gamme-professionnelle\/nettoyant-contacteurs-electroniques\/","og_locale":"fr_FR","og_type":"article","og_title":"Nettoyant Contacteurs Electroniques | Produits | Holts FR","og_description":"Le nettoyant pour contacts \u00e9lectriques est sp\u00e9cialement formul\u00e9 pour \u00e9liminer rapidement l'huile restaurer la connectivit\u00e9 \u00e9lectrique.","og_url":"https:\/\/www.holtsauto.com\/fr\/produits\/gamme-professionnelle\/nettoyant-contacteurs-electroniques\/","og_site_name":"Holts Auto Site","article_modified_time":"2025-07-30T12:54:06+00:00","og_image":[{"width":2000,"height":2000,"url":"https:\/\/www.holtsauto.com\/wp-content\/uploads\/2024\/08\/HMTN0601A_Holts-Pro-Contact-Cleaner-500ml-Web.png","type":"image\/png"}],"twitter_card":"summary_large_image","twitter_misc":{"Dur\u00e9e de lecture estim\u00e9e":"1 minute"},"schema":{"@context":"https:\/\/schema.org","@graph":[{"@type":"WebPage","@id":"https:\/\/www.holtsauto.com\/fr\/produits\/gamme-professionnelle\/nettoyant-contacteurs-electroniques\/","url":"https:\/\/www.holtsauto.com\/fr\/produits\/gamme-professionnelle\/nettoyant-contacteurs-electroniques\/","name":"Nettoyant Contacteurs Electroniques | Produits | Holts FR","isPartOf":{"@id":"https:\/\/www.holtsauto.com\/fr\/#website"},"primaryImageOfPage":{"@id":"https:\/\/www.holtsauto.com\/fr\/produits\/gamme-professionnelle\/nettoyant-contacteurs-electroniques\/#primaryimage"},"image":{"@id":"https:\/\/www.holtsauto.com\/fr\/produits\/gamme-professionnelle\/nettoyant-contacteurs-electroniques\/#primaryimage"},"thumbnailUrl":"https:\/\/www.holtsauto.com\/wp-content\/uploads\/2024\/08\/HMTN0601A_Holts-Pro-Contact-Cleaner-500ml-Web.png","datePublished":"2022-07-25T15:13:14+00:00","dateModified":"2025-07-30T12:54:06+00:00","description":"Le nettoyant pour contacts \u00e9lectriques est sp\u00e9cialement formul\u00e9 pour \u00e9liminer rapidement l'huile restaurer la connectivit\u00e9 \u00e9lectrique.","breadcrumb":{"@id":"https:\/\/www.holtsauto.com\/fr\/produits\/gamme-professionnelle\/nettoyant-contacteurs-electroniques\/#breadcrumb"},"inLanguage":"fr-FR","potentialAction":[{"@type":"ReadAction","target":["https:\/\/www.holtsauto.com\/fr\/produits\/gamme-professionnelle\/nettoyant-contacteurs-electroniques\/"]}]},{"@type":"ImageObject","inLanguage":"fr-FR","@id":"https:\/\/www.holtsauto.com\/fr\/produits\/gamme-professionnelle\/nettoyant-contacteurs-electroniques\/#primaryimage","url":"https:\/\/www.holtsauto.com\/wp-content\/uploads\/2024\/08\/HMTN0601A_Holts-Pro-Contact-Cleaner-500ml-Web.png","contentUrl":"https:\/\/www.holtsauto.com\/wp-content\/uploads\/2024\/08\/HMTN0601A_Holts-Pro-Contact-Cleaner-500ml-Web.png","width":2000,"height":2000,"caption":"Professional Contact Cleaner 500ml"},{"@type":"BreadcrumbList","@id":"https:\/\/www.holtsauto.com\/fr\/produits\/gamme-professionnelle\/nettoyant-contacteurs-electroniques\/#breadcrumb","itemListElement":[{"@type":"ListItem","position":1,"name":"Home","item":"https:\/\/www.holtsauto.com\/fr\/"},{"@type":"ListItem","position":2,"name":"Produits","item":"https:\/\/www.holtsauto.com\/fr\/produits\/"},{"@type":"ListItem","position":3,"name":"Nettoyant Contacteurs"}]},{"@type":"WebSite","@id":"https:\/\/www.holtsauto.com\/fr\/#website","url":"https:\/\/www.holtsauto.com\/fr\/","name":"Holts Auto","description":"","potentialAction":[{"@type":"SearchAction","target":{"@type":"EntryPoint","urlTemplate":"https:\/\/www.holtsauto.com\/fr\/?s={search_term_string}"},"query-input":{"@type":"PropertyValueSpecification","valueRequired":true,"valueName":"search_term_string"}}],"inLanguage":"fr-FR"}]}},"_links":{"self":[{"href":"https:\/\/www.holtsauto.com\/fr\/wp-json\/wp\/v2\/product\/3713","targetHints":{"allow":["GET"]}}],"collection":[{"href":"https:\/\/www.holtsauto.com\/fr\/wp-json\/wp\/v2\/product"}],"about":[{"href":"https:\/\/www.holtsauto.com\/fr\/wp-json\/wp\/v2\/types\/product"}],"replies":[{"embeddable":true,"href":"https:\/\/www.holtsauto.com\/fr\/wp-json\/wp\/v2\/comments?post=3713"}],"wp:featuredmedia":[{"embeddable":true,"href":"https:\/\/www.holtsauto.com\/fr\/wp-json\/wp\/v2\/media\/13564"}],"wp:attachment":[{"href":"https:\/\/www.holtsauto.com\/fr\/wp-json\/wp\/v2\/media?parent=3713"}],"wp:term":[{"taxonomy":"product_brand","embeddable":true,"href":"https:\/\/www.holtsauto.com\/fr\/wp-json\/wp\/v2\/product_brand?post=3713"},{"taxonomy":"product_cat","embeddable":true,"href":"https:\/\/www.holtsauto.com\/fr\/wp-json\/wp\/v2\/product_cat?post=3713"},{"taxonomy":"product_tag","embeddable":true,"href":"https:\/\/www.holtsauto.com\/fr\/wp-json\/wp\/v2\/product_tag?post=3713"}],"curies":[{"name":"wp","href":"https:\/\/api.w.org\/{rel}","templated":true}]}}