{"id":938,"date":"2016-10-12T10:21:34","date_gmt":"2016-10-12T11:21:34","guid":{"rendered":"https:\/\/www.holtsauto.com\/fr\/?post_type=product&#038;p=938"},"modified":"2025-02-10T17:27:17","modified_gmt":"2025-02-10T17:27:17","slug":"lustreur-haute-brillance","status":"publish","type":"product","link":"https:\/\/www.holtsauto.com\/fr\/produits\/nettoyage-exterieur\/lustreur-haute-brillance\/","title":{"rendered":"Lustreur Haute Brillance"},"content":{"rendered":"<p><span style=\"font-weight: 400;\">Am\u00e9liorer l\u2019apparence de la peinture de votre voiture ne devrait pas \u00eatre difficile \u2013 chez Holts nous pensons que tout le monde devrait \u00eatre en mesure d\u2019apporter \u00e0 son v\u00e9hicule une finition lisse haute brillance chez soi.<\/span><\/p>\n<p><span style=\"font-weight: 400;\">Notre nouveau Lustreur Haute Brillance 2 en 1 peut \u00eatre utilis\u00e9 sur tous les types de peintures, il polit et fait briller \u00e0 la fois tout en supprimant les imperfections tout en\u00a0 assurant une brillance longue dur\u00e9e.<\/span><\/p>\n<p><span style=\"font-weight: 400;\">Apr\u00e8s l\u2019utilisation du Lustreur, vous remarquerez qu\u2019il n\u2019y a aucune trace blanche \u00e0 l\u2019ext\u00e9rieur de votre voiture, et qu\u2019il sera prot\u00e9g\u00e9 durablement contre toutes agressions ext\u00e9rieures et oxydation. Il est facile \u00e0 utiliser et vous assure des r\u00e9sultats de qualit\u00e9 professionnelle.<\/span><\/p>\n<p><span style=\"font-weight: 400;\">Obtenez un brillant profond et durable gr\u00e2ce au nouveau Lustreur Haute Brillance Holts<\/span><\/p>\n","protected":false},"excerpt":{"rendered":"<p><span style=\"font-weight: 400;\">Notre nouveau Lustreur Haute Brillance 2 en 1 peut \u00eatre utilis\u00e9 sur tous les types de peintures.<\/span><\/p>\n<ul>\n<li><span style=\"font-weight: 400;\">Brillance longue dur\u00e9e<\/span><\/li>\n<li><span style=\"font-weight: 400;\">Tous types de peintures<\/span><\/li>\n<li><span style=\"font-weight: 400;\">Protection Cire de Carnauba<\/span><\/li>\n<li><span style=\"font-weight: 400;\">Ne laisse pas de traces blanche<\/span><\/li>\n<\/ul>\n","protected":false},"featured_media":11212,"comment_status":"closed","ping_status":"closed","template":"","meta":{"_acf_changed":false,"inline_featured_image":false},"product_brand":[],"product_cat":[307],"product_tag":[],"class_list":{"0":"post-938","1":"product","2":"type-product","3":"status-publish","4":"has-post-thumbnail","6":"product_cat-nettoyage-exterieur","8":"first","9":"instock","10":"shipping-taxable","11":"purchasable","12":"product-type-simple"},"acf":[],"yoast_head":"<!-- This site is optimized with the Yoast SEO plugin v27.3 - https:\/\/yoast.com\/product\/yoast-seo-wordpress\/ -->\n<title>Lustreur Haute Brillance | Produits | Holts FR<\/title>\n<meta name=\"description\" content=\"Obtenez un brillant profond et durable gr\u00e2ce au nouveau Lustreur Haute Brillance Holts\" \/>\n<meta name=\"robots\" content=\"index, follow, max-snippet:-1, max-image-preview:large, max-video-preview:-1\" \/>\n<link rel=\"canonical\" href=\"https:\/\/www.holtsauto.com\/fr\/produits\/nettoyage-exterieur\/lustreur-haute-brillance\/\" \/>\n<meta property=\"og:locale\" content=\"fr_FR\" \/>\n<meta property=\"og:type\" content=\"article\" \/>\n<meta property=\"og:title\" content=\"Lustreur Haute Brillance | Produits | Holts FR\" \/>\n<meta property=\"og:description\" content=\"Obtenez un brillant profond et durable gr\u00e2ce au nouveau Lustreur Haute Brillance Holts\" \/>\n<meta property=\"og:url\" content=\"https:\/\/www.holtsauto.com\/fr\/produits\/nettoyage-exterieur\/lustreur-haute-brillance\/\" \/>\n<meta property=\"og:site_name\" content=\"Holts Auto Site\" \/>\n<meta property=\"article:modified_time\" content=\"2025-02-10T17:27:17+00:00\" \/>\n<meta property=\"og:image\" content=\"https:\/\/www.holtsauto.com\/wp-content\/uploads\/2016\/10\/lustreur-haute-brilliance.png\" \/>\n\t<meta property=\"og:image:width\" content=\"2000\" \/>\n\t<meta property=\"og:image:height\" content=\"2000\" \/>\n\t<meta property=\"og:image:type\" content=\"image\/png\" \/>\n<meta name=\"twitter:card\" content=\"summary_large_image\" \/>\n<meta name=\"twitter:label1\" content=\"Dur\u00e9e de lecture estim\u00e9e\" \/>\n\t<meta name=\"twitter:data1\" content=\"1 minute\" \/>\n<script type=\"application\/ld+json\" class=\"yoast-schema-graph\">{\"@context\":\"https:\\\/\\\/schema.org\",\"@graph\":[{\"@type\":\"WebPage\",\"@id\":\"https:\\\/\\\/www.holtsauto.com\\\/fr\\\/produits\\\/nettoyage-exterieur\\\/lustreur-haute-brillance\\\/\",\"url\":\"https:\\\/\\\/www.holtsauto.com\\\/fr\\\/produits\\\/nettoyage-exterieur\\\/lustreur-haute-brillance\\\/\",\"name\":\"Lustreur Haute Brillance | Produits | Holts FR\",\"isPartOf\":{\"@id\":\"https:\\\/\\\/www.holtsauto.com\\\/fr\\\/#website\"},\"primaryImageOfPage\":{\"@id\":\"https:\\\/\\\/www.holtsauto.com\\\/fr\\\/produits\\\/nettoyage-exterieur\\\/lustreur-haute-brillance\\\/#primaryimage\"},\"image\":{\"@id\":\"https:\\\/\\\/www.holtsauto.com\\\/fr\\\/produits\\\/nettoyage-exterieur\\\/lustreur-haute-brillance\\\/#primaryimage\"},\"thumbnailUrl\":\"https:\\\/\\\/www.holtsauto.com\\\/wp-content\\\/uploads\\\/2016\\\/10\\\/lustreur-haute-brilliance.png\",\"datePublished\":\"2016-10-12T11:21:34+00:00\",\"dateModified\":\"2025-02-10T17:27:17+00:00\",\"description\":\"Obtenez un brillant profond et durable gr\u00e2ce au nouveau Lustreur Haute Brillance Holts\",\"breadcrumb\":{\"@id\":\"https:\\\/\\\/www.holtsauto.com\\\/fr\\\/produits\\\/nettoyage-exterieur\\\/lustreur-haute-brillance\\\/#breadcrumb\"},\"inLanguage\":\"fr-FR\",\"potentialAction\":[{\"@type\":\"ReadAction\",\"target\":[\"https:\\\/\\\/www.holtsauto.com\\\/fr\\\/produits\\\/nettoyage-exterieur\\\/lustreur-haute-brillance\\\/\"]}]},{\"@type\":\"ImageObject\",\"inLanguage\":\"fr-FR\",\"@id\":\"https:\\\/\\\/www.holtsauto.com\\\/fr\\\/produits\\\/nettoyage-exterieur\\\/lustreur-haute-brillance\\\/#primaryimage\",\"url\":\"https:\\\/\\\/www.holtsauto.com\\\/wp-content\\\/uploads\\\/2016\\\/10\\\/lustreur-haute-brilliance.png\",\"contentUrl\":\"https:\\\/\\\/www.holtsauto.com\\\/wp-content\\\/uploads\\\/2016\\\/10\\\/lustreur-haute-brilliance.png\",\"width\":2000,\"height\":2000,\"caption\":\"lustreur haute brilliance holts france\"},{\"@type\":\"BreadcrumbList\",\"@id\":\"https:\\\/\\\/www.holtsauto.com\\\/fr\\\/produits\\\/nettoyage-exterieur\\\/lustreur-haute-brillance\\\/#breadcrumb\",\"itemListElement\":[{\"@type\":\"ListItem\",\"position\":1,\"name\":\"Home\",\"item\":\"https:\\\/\\\/www.holtsauto.com\\\/fr\\\/\"},{\"@type\":\"ListItem\",\"position\":2,\"name\":\"Produits\",\"item\":\"https:\\\/\\\/www.holtsauto.com\\\/fr\\\/produits\\\/\"},{\"@type\":\"ListItem\",\"position\":3,\"name\":\"Lustreur Haute Brillance\"}]},{\"@type\":\"WebSite\",\"@id\":\"https:\\\/\\\/www.holtsauto.com\\\/fr\\\/#website\",\"url\":\"https:\\\/\\\/www.holtsauto.com\\\/fr\\\/\",\"name\":\"Holts Auto\",\"description\":\"\",\"potentialAction\":[{\"@type\":\"SearchAction\",\"target\":{\"@type\":\"EntryPoint\",\"urlTemplate\":\"https:\\\/\\\/www.holtsauto.com\\\/fr\\\/?s={search_term_string}\"},\"query-input\":{\"@type\":\"PropertyValueSpecification\",\"valueRequired\":true,\"valueName\":\"search_term_string\"}}],\"inLanguage\":\"fr-FR\"}]}<\/script>\n<!-- \/ Yoast SEO plugin. -->","yoast_head_json":{"title":"Lustreur Haute Brillance | Produits | Holts FR","description":"Obtenez un brillant profond et durable gr\u00e2ce au nouveau Lustreur Haute Brillance Holts","robots":{"index":"index","follow":"follow","max-snippet":"max-snippet:-1","max-image-preview":"max-image-preview:large","max-video-preview":"max-video-preview:-1"},"canonical":"https:\/\/www.holtsauto.com\/fr\/produits\/nettoyage-exterieur\/lustreur-haute-brillance\/","og_locale":"fr_FR","og_type":"article","og_title":"Lustreur Haute Brillance | Produits | Holts FR","og_description":"Obtenez un brillant profond et durable gr\u00e2ce au nouveau Lustreur Haute Brillance Holts","og_url":"https:\/\/www.holtsauto.com\/fr\/produits\/nettoyage-exterieur\/lustreur-haute-brillance\/","og_site_name":"Holts Auto Site","article_modified_time":"2025-02-10T17:27:17+00:00","og_image":[{"width":2000,"height":2000,"url":"https:\/\/www.holtsauto.com\/wp-content\/uploads\/2016\/10\/lustreur-haute-brilliance.png","type":"image\/png"}],"twitter_card":"summary_large_image","twitter_misc":{"Dur\u00e9e de lecture estim\u00e9e":"1 minute"},"schema":{"@context":"https:\/\/schema.org","@graph":[{"@type":"WebPage","@id":"https:\/\/www.holtsauto.com\/fr\/produits\/nettoyage-exterieur\/lustreur-haute-brillance\/","url":"https:\/\/www.holtsauto.com\/fr\/produits\/nettoyage-exterieur\/lustreur-haute-brillance\/","name":"Lustreur Haute Brillance | Produits | Holts FR","isPartOf":{"@id":"https:\/\/www.holtsauto.com\/fr\/#website"},"primaryImageOfPage":{"@id":"https:\/\/www.holtsauto.com\/fr\/produits\/nettoyage-exterieur\/lustreur-haute-brillance\/#primaryimage"},"image":{"@id":"https:\/\/www.holtsauto.com\/fr\/produits\/nettoyage-exterieur\/lustreur-haute-brillance\/#primaryimage"},"thumbnailUrl":"https:\/\/www.holtsauto.com\/wp-content\/uploads\/2016\/10\/lustreur-haute-brilliance.png","datePublished":"2016-10-12T11:21:34+00:00","dateModified":"2025-02-10T17:27:17+00:00","description":"Obtenez un brillant profond et durable gr\u00e2ce au nouveau Lustreur Haute Brillance Holts","breadcrumb":{"@id":"https:\/\/www.holtsauto.com\/fr\/produits\/nettoyage-exterieur\/lustreur-haute-brillance\/#breadcrumb"},"inLanguage":"fr-FR","potentialAction":[{"@type":"ReadAction","target":["https:\/\/www.holtsauto.com\/fr\/produits\/nettoyage-exterieur\/lustreur-haute-brillance\/"]}]},{"@type":"ImageObject","inLanguage":"fr-FR","@id":"https:\/\/www.holtsauto.com\/fr\/produits\/nettoyage-exterieur\/lustreur-haute-brillance\/#primaryimage","url":"https:\/\/www.holtsauto.com\/wp-content\/uploads\/2016\/10\/lustreur-haute-brilliance.png","contentUrl":"https:\/\/www.holtsauto.com\/wp-content\/uploads\/2016\/10\/lustreur-haute-brilliance.png","width":2000,"height":2000,"caption":"lustreur haute brilliance holts france"},{"@type":"BreadcrumbList","@id":"https:\/\/www.holtsauto.com\/fr\/produits\/nettoyage-exterieur\/lustreur-haute-brillance\/#breadcrumb","itemListElement":[{"@type":"ListItem","position":1,"name":"Home","item":"https:\/\/www.holtsauto.com\/fr\/"},{"@type":"ListItem","position":2,"name":"Produits","item":"https:\/\/www.holtsauto.com\/fr\/produits\/"},{"@type":"ListItem","position":3,"name":"Lustreur Haute Brillance"}]},{"@type":"WebSite","@id":"https:\/\/www.holtsauto.com\/fr\/#website","url":"https:\/\/www.holtsauto.com\/fr\/","name":"Holts Auto","description":"","potentialAction":[{"@type":"SearchAction","target":{"@type":"EntryPoint","urlTemplate":"https:\/\/www.holtsauto.com\/fr\/?s={search_term_string}"},"query-input":{"@type":"PropertyValueSpecification","valueRequired":true,"valueName":"search_term_string"}}],"inLanguage":"fr-FR"}]}},"_links":{"self":[{"href":"https:\/\/www.holtsauto.com\/fr\/wp-json\/wp\/v2\/product\/938","targetHints":{"allow":["GET"]}}],"collection":[{"href":"https:\/\/www.holtsauto.com\/fr\/wp-json\/wp\/v2\/product"}],"about":[{"href":"https:\/\/www.holtsauto.com\/fr\/wp-json\/wp\/v2\/types\/product"}],"replies":[{"embeddable":true,"href":"https:\/\/www.holtsauto.com\/fr\/wp-json\/wp\/v2\/comments?post=938"}],"wp:featuredmedia":[{"embeddable":true,"href":"https:\/\/www.holtsauto.com\/fr\/wp-json\/wp\/v2\/media\/11212"}],"wp:attachment":[{"href":"https:\/\/www.holtsauto.com\/fr\/wp-json\/wp\/v2\/media?parent=938"}],"wp:term":[{"taxonomy":"product_brand","embeddable":true,"href":"https:\/\/www.holtsauto.com\/fr\/wp-json\/wp\/v2\/product_brand?post=938"},{"taxonomy":"product_cat","embeddable":true,"href":"https:\/\/www.holtsauto.com\/fr\/wp-json\/wp\/v2\/product_cat?post=938"},{"taxonomy":"product_tag","embeddable":true,"href":"https:\/\/www.holtsauto.com\/fr\/wp-json\/wp\/v2\/product_tag?post=938"}],"curies":[{"name":"wp","href":"https:\/\/api.w.org\/{rel}","templated":true}]}}