{"id":9473,"date":"2015-10-23T10:22:32","date_gmt":"2015-10-23T11:22:32","guid":{"rendered":"https:\/\/www.holtsauto.com\/fr\/?post_type=product&#038;p=76"},"modified":"2025-07-10T11:56:26","modified_gmt":"2025-07-10T11:56:26","slug":"lave-glace-toutes-saisons","status":"publish","type":"product","link":"https:\/\/www.holtsauto.com\/fr\/produits\/produits-de-fonctionnement\/lave-glace-toutes-saisons\/","title":{"rendered":"Lave Glace Toutes Saisons"},"content":{"rendered":"<p><span style=\"font-weight: 400;\">Que l\u2019on conduise en milieu urbain ou bien le long d\u2019une belle route dans les Pyr\u00e9n\u00e9es, il est indispensable d\u2019avoir une bonne visibilit\u00e9. Salissures, film gras et autres traces peuvent r\u00e9duire votre visibilit\u00e9 et nuire ainsi \u00e0 votre s\u00e9curit\u00e9.<\/span><\/p>\n<p><span style=\"font-weight: 400;\">Il est donc important d\u2019utiliser un lave-glace efficace, afin de pouvoir conduire en toute s\u00e9curit\u00e9.<\/span><\/p>\n<ul>\n<li><span style=\"font-weight: 400;\"> Formule d\u00e9graissante pr\u00eate \u00e0 l\u2019emploi\u00a0<\/span><\/li>\n<li><span style=\"font-weight: 400;\"> Anti-film gras et taches tenaces\u00a0<\/span><\/li>\n<li><span style=\"font-weight: 400;\"> Elimine insectes, fientes\u00a0<\/span><\/li>\n<li><span style=\"font-weight: 400;\"> Anti-givre &#8211; 18\u00b0C\u00a0<\/span><\/li>\n<li><span style=\"font-weight: 400;\"> Sans traces ni reflets<\/span><\/li>\n<\/ul>\n<p><span style=\"font-weight: 400;\">Le Lave-Glace\u00a0 Holts\u00a0 est sp\u00e9cialement formul\u00e9 pour \u00eatre efficace tout au long de l\u2019ann\u00e9e, m\u00eame dans les conditions d\u2019extr\u00eame froid\u00a0 \u2013 il est garanti sans regel jusqu\u2019\u00e0 -18\u1d52C \u2013 pour vous garantir un pare-brise propre quel que soit l\u2019environnement.<\/span><\/p>\n<p><span style=\"font-weight: 400;\">Il contient \u00e9galement un agent d\u00e9graissant haute performance pour \u00e9liminer rapidement la salet\u00e9 et la crasse : vous pouvez donc\u00a0 l\u2019utiliser en toute confiance.<\/span><\/p>\n","protected":false},"excerpt":{"rendered":"<p><span style=\"font-weight: 400;\">Le lave-glace Holts est sp\u00e9cialement formul\u00e9 pour \u00eatre efficace toute l\u2019ann\u00e9e, en particulier dans des conditions de froid extr\u00eame.<\/span><\/p>\n<ul>\n<li>Anti-film gras et taches tenaces<\/li>\n<li>Elimine insectes, fientes<\/li>\n<li>Anti-givre &#8211; 18\u00b0C<\/li>\n<\/ul>\n","protected":false},"featured_media":12111,"comment_status":"closed","ping_status":"closed","template":"","meta":{"_acf_changed":false,"inline_featured_image":false},"product_brand":[],"product_cat":[386],"product_tag":[],"class_list":{"0":"post-9473","1":"product","2":"type-product","3":"status-publish","4":"has-post-thumbnail","6":"product_cat-lave-glaces","8":"first","9":"instock","10":"shipping-taxable","11":"purchasable","12":"product-type-variable"},"acf":[],"yoast_head":"<!-- This site is optimized with the Yoast SEO plugin v27.3 - https:\/\/yoast.com\/product\/yoast-seo-wordpress\/ -->\n<title>Holts Lave-Glace Toutes Saisons | Produits | Holts FR<\/title>\n<meta name=\"description\" content=\"L\u2019importance d\u2019utiliser un liquide lave-glace efficace peut \u00eatre vitale pour la s\u00e9curit\u00e9 du conducteur, notre liquide lave-glace toutes saisons peut aider.\" \/>\n<meta name=\"robots\" content=\"index, follow, max-snippet:-1, max-image-preview:large, max-video-preview:-1\" \/>\n<link rel=\"canonical\" href=\"https:\/\/www.holtsauto.com\/fr\/produits\/produits-de-fonctionnement\/lave-glace-toutes-saisons\/\" \/>\n<meta property=\"og:locale\" content=\"fr_FR\" \/>\n<meta property=\"og:type\" content=\"article\" \/>\n<meta property=\"og:title\" content=\"Holts Lave-Glace Toutes Saisons | Produits | Holts FR\" \/>\n<meta property=\"og:description\" content=\"L\u2019importance d\u2019utiliser un liquide lave-glace efficace peut \u00eatre vitale pour la s\u00e9curit\u00e9 du conducteur, notre liquide lave-glace toutes saisons peut aider.\" \/>\n<meta property=\"og:url\" content=\"https:\/\/www.holtsauto.com\/fr\/produits\/produits-de-fonctionnement\/lave-glace-toutes-saisons\/\" \/>\n<meta property=\"og:site_name\" content=\"Holts Auto Site\" \/>\n<meta property=\"article:modified_time\" content=\"2025-07-10T11:56:26+00:00\" \/>\n<meta property=\"og:image\" content=\"https:\/\/www.holtsauto.com\/wp-content\/uploads\/2015\/10\/lave-glace-toutes-saisons-2-L.png\" \/>\n\t<meta property=\"og:image:width\" content=\"2000\" \/>\n\t<meta property=\"og:image:height\" content=\"2000\" \/>\n\t<meta property=\"og:image:type\" content=\"image\/png\" \/>\n<meta name=\"twitter:card\" content=\"summary_large_image\" \/>\n<meta name=\"twitter:label1\" content=\"Dur\u00e9e de lecture estim\u00e9e\" \/>\n\t<meta name=\"twitter:data1\" content=\"1 minute\" \/>\n<script type=\"application\/ld+json\" class=\"yoast-schema-graph\">{\"@context\":\"https:\\\/\\\/schema.org\",\"@graph\":[{\"@type\":\"WebPage\",\"@id\":\"https:\\\/\\\/www.holtsauto.com\\\/fr\\\/produits\\\/produits-de-fonctionnement\\\/lave-glace-toutes-saisons\\\/\",\"url\":\"https:\\\/\\\/www.holtsauto.com\\\/fr\\\/produits\\\/produits-de-fonctionnement\\\/lave-glace-toutes-saisons\\\/\",\"name\":\"Holts Lave-Glace Toutes Saisons | Produits | Holts FR\",\"isPartOf\":{\"@id\":\"https:\\\/\\\/www.holtsauto.com\\\/fr\\\/#website\"},\"primaryImageOfPage\":{\"@id\":\"https:\\\/\\\/www.holtsauto.com\\\/fr\\\/produits\\\/produits-de-fonctionnement\\\/lave-glace-toutes-saisons\\\/#primaryimage\"},\"image\":{\"@id\":\"https:\\\/\\\/www.holtsauto.com\\\/fr\\\/produits\\\/produits-de-fonctionnement\\\/lave-glace-toutes-saisons\\\/#primaryimage\"},\"thumbnailUrl\":\"https:\\\/\\\/www.holtsauto.com\\\/wp-content\\\/uploads\\\/2015\\\/10\\\/lave-glace-toutes-saisons-2-L.png\",\"datePublished\":\"2015-10-23T11:22:32+00:00\",\"dateModified\":\"2025-07-10T11:56:26+00:00\",\"description\":\"L\u2019importance d\u2019utiliser un liquide lave-glace efficace peut \u00eatre vitale pour la s\u00e9curit\u00e9 du conducteur, notre liquide lave-glace toutes saisons peut aider.\",\"breadcrumb\":{\"@id\":\"https:\\\/\\\/www.holtsauto.com\\\/fr\\\/produits\\\/produits-de-fonctionnement\\\/lave-glace-toutes-saisons\\\/#breadcrumb\"},\"inLanguage\":\"fr-FR\",\"potentialAction\":[{\"@type\":\"ReadAction\",\"target\":[\"https:\\\/\\\/www.holtsauto.com\\\/fr\\\/produits\\\/produits-de-fonctionnement\\\/lave-glace-toutes-saisons\\\/\"]}]},{\"@type\":\"ImageObject\",\"inLanguage\":\"fr-FR\",\"@id\":\"https:\\\/\\\/www.holtsauto.com\\\/fr\\\/produits\\\/produits-de-fonctionnement\\\/lave-glace-toutes-saisons\\\/#primaryimage\",\"url\":\"https:\\\/\\\/www.holtsauto.com\\\/wp-content\\\/uploads\\\/2015\\\/10\\\/lave-glace-toutes-saisons-2-L.png\",\"contentUrl\":\"https:\\\/\\\/www.holtsauto.com\\\/wp-content\\\/uploads\\\/2015\\\/10\\\/lave-glace-toutes-saisons-2-L.png\",\"width\":2000,\"height\":2000,\"caption\":\"lave glace toutes saisons holts main 2L\"},{\"@type\":\"BreadcrumbList\",\"@id\":\"https:\\\/\\\/www.holtsauto.com\\\/fr\\\/produits\\\/produits-de-fonctionnement\\\/lave-glace-toutes-saisons\\\/#breadcrumb\",\"itemListElement\":[{\"@type\":\"ListItem\",\"position\":1,\"name\":\"Home\",\"item\":\"https:\\\/\\\/www.holtsauto.com\\\/fr\\\/\"},{\"@type\":\"ListItem\",\"position\":2,\"name\":\"Produits\",\"item\":\"https:\\\/\\\/www.holtsauto.com\\\/fr\\\/produits\\\/\"},{\"@type\":\"ListItem\",\"position\":3,\"name\":\"Lave Glace Toutes Saisons\"}]},{\"@type\":\"WebSite\",\"@id\":\"https:\\\/\\\/www.holtsauto.com\\\/fr\\\/#website\",\"url\":\"https:\\\/\\\/www.holtsauto.com\\\/fr\\\/\",\"name\":\"Holts Auto\",\"description\":\"\",\"potentialAction\":[{\"@type\":\"SearchAction\",\"target\":{\"@type\":\"EntryPoint\",\"urlTemplate\":\"https:\\\/\\\/www.holtsauto.com\\\/fr\\\/?s={search_term_string}\"},\"query-input\":{\"@type\":\"PropertyValueSpecification\",\"valueRequired\":true,\"valueName\":\"search_term_string\"}}],\"inLanguage\":\"fr-FR\"}]}<\/script>\n<!-- \/ Yoast SEO plugin. -->","yoast_head_json":{"title":"Holts Lave-Glace Toutes Saisons | Produits | Holts FR","description":"L\u2019importance d\u2019utiliser un liquide lave-glace efficace peut \u00eatre vitale pour la s\u00e9curit\u00e9 du conducteur, notre liquide lave-glace toutes saisons peut aider.","robots":{"index":"index","follow":"follow","max-snippet":"max-snippet:-1","max-image-preview":"max-image-preview:large","max-video-preview":"max-video-preview:-1"},"canonical":"https:\/\/www.holtsauto.com\/fr\/produits\/produits-de-fonctionnement\/lave-glace-toutes-saisons\/","og_locale":"fr_FR","og_type":"article","og_title":"Holts Lave-Glace Toutes Saisons | Produits | Holts FR","og_description":"L\u2019importance d\u2019utiliser un liquide lave-glace efficace peut \u00eatre vitale pour la s\u00e9curit\u00e9 du conducteur, notre liquide lave-glace toutes saisons peut aider.","og_url":"https:\/\/www.holtsauto.com\/fr\/produits\/produits-de-fonctionnement\/lave-glace-toutes-saisons\/","og_site_name":"Holts Auto Site","article_modified_time":"2025-07-10T11:56:26+00:00","og_image":[{"width":2000,"height":2000,"url":"https:\/\/www.holtsauto.com\/wp-content\/uploads\/2015\/10\/lave-glace-toutes-saisons-2-L.png","type":"image\/png"}],"twitter_card":"summary_large_image","twitter_misc":{"Dur\u00e9e de lecture estim\u00e9e":"1 minute"},"schema":{"@context":"https:\/\/schema.org","@graph":[{"@type":"WebPage","@id":"https:\/\/www.holtsauto.com\/fr\/produits\/produits-de-fonctionnement\/lave-glace-toutes-saisons\/","url":"https:\/\/www.holtsauto.com\/fr\/produits\/produits-de-fonctionnement\/lave-glace-toutes-saisons\/","name":"Holts Lave-Glace Toutes Saisons | Produits | Holts FR","isPartOf":{"@id":"https:\/\/www.holtsauto.com\/fr\/#website"},"primaryImageOfPage":{"@id":"https:\/\/www.holtsauto.com\/fr\/produits\/produits-de-fonctionnement\/lave-glace-toutes-saisons\/#primaryimage"},"image":{"@id":"https:\/\/www.holtsauto.com\/fr\/produits\/produits-de-fonctionnement\/lave-glace-toutes-saisons\/#primaryimage"},"thumbnailUrl":"https:\/\/www.holtsauto.com\/wp-content\/uploads\/2015\/10\/lave-glace-toutes-saisons-2-L.png","datePublished":"2015-10-23T11:22:32+00:00","dateModified":"2025-07-10T11:56:26+00:00","description":"L\u2019importance d\u2019utiliser un liquide lave-glace efficace peut \u00eatre vitale pour la s\u00e9curit\u00e9 du conducteur, notre liquide lave-glace toutes saisons peut aider.","breadcrumb":{"@id":"https:\/\/www.holtsauto.com\/fr\/produits\/produits-de-fonctionnement\/lave-glace-toutes-saisons\/#breadcrumb"},"inLanguage":"fr-FR","potentialAction":[{"@type":"ReadAction","target":["https:\/\/www.holtsauto.com\/fr\/produits\/produits-de-fonctionnement\/lave-glace-toutes-saisons\/"]}]},{"@type":"ImageObject","inLanguage":"fr-FR","@id":"https:\/\/www.holtsauto.com\/fr\/produits\/produits-de-fonctionnement\/lave-glace-toutes-saisons\/#primaryimage","url":"https:\/\/www.holtsauto.com\/wp-content\/uploads\/2015\/10\/lave-glace-toutes-saisons-2-L.png","contentUrl":"https:\/\/www.holtsauto.com\/wp-content\/uploads\/2015\/10\/lave-glace-toutes-saisons-2-L.png","width":2000,"height":2000,"caption":"lave glace toutes saisons holts main 2L"},{"@type":"BreadcrumbList","@id":"https:\/\/www.holtsauto.com\/fr\/produits\/produits-de-fonctionnement\/lave-glace-toutes-saisons\/#breadcrumb","itemListElement":[{"@type":"ListItem","position":1,"name":"Home","item":"https:\/\/www.holtsauto.com\/fr\/"},{"@type":"ListItem","position":2,"name":"Produits","item":"https:\/\/www.holtsauto.com\/fr\/produits\/"},{"@type":"ListItem","position":3,"name":"Lave Glace Toutes Saisons"}]},{"@type":"WebSite","@id":"https:\/\/www.holtsauto.com\/fr\/#website","url":"https:\/\/www.holtsauto.com\/fr\/","name":"Holts Auto","description":"","potentialAction":[{"@type":"SearchAction","target":{"@type":"EntryPoint","urlTemplate":"https:\/\/www.holtsauto.com\/fr\/?s={search_term_string}"},"query-input":{"@type":"PropertyValueSpecification","valueRequired":true,"valueName":"search_term_string"}}],"inLanguage":"fr-FR"}]}},"_links":{"self":[{"href":"https:\/\/www.holtsauto.com\/fr\/wp-json\/wp\/v2\/product\/9473","targetHints":{"allow":["GET"]}}],"collection":[{"href":"https:\/\/www.holtsauto.com\/fr\/wp-json\/wp\/v2\/product"}],"about":[{"href":"https:\/\/www.holtsauto.com\/fr\/wp-json\/wp\/v2\/types\/product"}],"replies":[{"embeddable":true,"href":"https:\/\/www.holtsauto.com\/fr\/wp-json\/wp\/v2\/comments?post=9473"}],"wp:featuredmedia":[{"embeddable":true,"href":"https:\/\/www.holtsauto.com\/fr\/wp-json\/wp\/v2\/media\/12111"}],"wp:attachment":[{"href":"https:\/\/www.holtsauto.com\/fr\/wp-json\/wp\/v2\/media?parent=9473"}],"wp:term":[{"taxonomy":"product_brand","embeddable":true,"href":"https:\/\/www.holtsauto.com\/fr\/wp-json\/wp\/v2\/product_brand?post=9473"},{"taxonomy":"product_cat","embeddable":true,"href":"https:\/\/www.holtsauto.com\/fr\/wp-json\/wp\/v2\/product_cat?post=9473"},{"taxonomy":"product_tag","embeddable":true,"href":"https:\/\/www.holtsauto.com\/fr\/wp-json\/wp\/v2\/product_tag?post=9473"}],"curies":[{"name":"wp","href":"https:\/\/api.w.org\/{rel}","templated":true}]}}