{"id":9474,"date":"2016-10-27T15:50:40","date_gmt":"2016-10-27T16:50:40","guid":{"rendered":"https:\/\/www.holtsauto.com\/fr\/?post_type=product&#038;p=77"},"modified":"2026-04-23T08:58:27","modified_gmt":"2026-04-23T08:58:27","slug":"start-pilote","status":"publish","type":"product","link":"https:\/\/www.holtsauto.com\/fr\/produits\/reparation-maintenance\/start-pilote\/","title":{"rendered":"Start Pilote"},"content":{"rendered":"<p>Vous \u00eates d\u00e9j\u00e0 en retard. Vous vous retrouvez assis au volant de votre voiture, \u00e0 tourner la cl\u00e9 de contact dans l&rsquo;espoir que cette fois-ci, elle d\u00e9marrera.<\/p>\n<p>Avec Holts Start Pilote, vous pouvez reprendre la route quelles que soient les conditions m\u00e9t\u00e9orologiques.<\/p>\n<p>Il suffit d&rsquo;une pulv\u00e9risation d&rsquo;une seconde \u00e0 l&rsquo;entr\u00e9e du filtre \u00e0 air pour que Start Pilote fasse d\u00e9marrer votre moteur, m\u00eame dans des conditions difficiles.<\/p>\n<p>Le produit p\u00e9n\u00e8tre dans la chambre de combustion et rend le m\u00e9lange air\/carburant plus inflammable et ainsi permet le d\u00e9marrage. Il contient \u00e9galement un lubrifiant qui sert \u00e0 prot\u00e9ger le moteur et \u00e0 pr\u00e9venir l&rsquo;usure.<\/p>\n<p>Holts Start Pilote est un moyen simple et efficace de d\u00e9marrer votre moteur les matins froids ou lorsqu\u2019il refuse de d\u00e9marrer. Plus besoin de tourner le contact et de prier pour que le moteur se mette en marche ; avec Holts Start Pilote, vous pouvez prendre la route sans vous soucier des probl\u00e8mes d&rsquo;allumage et de d\u00e9marrage.<\/p>\n<p>Start Pilote a \u00e9t\u00e9 con\u00e7u et test\u00e9 en laboratoire pour garantir un r\u00e9sultat fiable et optimal, quelles que soient les conditions m\u00e9t\u00e9orologiques, le produit permettra \u00e0 votre voiture de d\u00e9marrer d\u00e8s le premier essai. Le syst\u00e8me de spray facilite son utilisation et vous sort de l\u2019embarra avec une facilit\u00e9 d\u00e9concertante en vous \u00e9vitant les tracas de contacter une d\u00e9panneuse.<\/p>\n<p>Un pulv\u00e9risateur de Start Pilote dans votre voiture vous garantit de pouvoir prendre la route sans soucis, rapidement et en s\u00e9curit\u00e9, tout en sachant que ce sera le cas quelles que soient les conditions climatiques.<\/p>\n<p>Holts Start Pilote est adapt\u00e9 \u00e0 tous les moteurs, y compris :<\/p>\n<ul>\n<li>Voitures<\/li>\n<li>Vans<\/li>\n<li>Motos<\/li>\n<li>Camions<\/li>\n<li>Tondeuses<\/li>\n<li>Tracteurs et machines agricoles<\/li>\n<li>G\u00e9n\u00e9rateurs et machines industrielles<\/li>\n<\/ul>\n","protected":false},"excerpt":{"rendered":"<p><span style=\"font-weight: 400;\">Avec Holts Start Pilote, vous pouvez d\u00e9marrer votre moteur et reprendre la route en quelques minutes.<\/span><\/p>\n<ul>\n<li><span style=\"font-weight: 400;\">D\u00e9marre votre voiture quelles que soient les conditions m\u00e9t\u00e9orologiques<\/span><\/li>\n<li>Rapide et facile \u00e0 utiliser<\/li>\n<li>Sans danger pour votre moteur<\/li>\n<\/ul>\n","protected":false},"featured_media":13587,"comment_status":"closed","ping_status":"closed","template":"","meta":{"_acf_changed":false,"inline_featured_image":false},"product_brand":[],"product_cat":[398],"product_tag":[],"class_list":{"0":"post-9474","1":"product","2":"type-product","3":"status-publish","4":"has-post-thumbnail","6":"product_cat-aide-au-demarrage-start-pilote","8":"first","9":"instock","10":"shipping-taxable","11":"purchasable","12":"product-type-simple"},"acf":[],"yoast_head":"<!-- This site is optimized with the Yoast SEO plugin v27.4 - https:\/\/yoast.com\/product\/yoast-seo-wordpress\/ -->\n<title>Start Pilote | Aide \u00e0 D\u00e9marrer Votre Voiture | Produits | Holts FR<\/title>\n<meta name=\"description\" content=\"Start Pilote aide \u00e0 d\u00e9marrer votre moteur par tous les temps, il vous suffit de vaporiser Bradex dans votre conduit d&#039;entr\u00e9e d&#039;air pour optimiser la combustibilit\u00e9 du m\u00e9lange carburant-air.\" \/>\n<meta name=\"robots\" content=\"index, follow, max-snippet:-1, max-image-preview:large, max-video-preview:-1\" \/>\n<link rel=\"canonical\" href=\"https:\/\/www.holtsauto.com\/fr\/produits\/reparation-maintenance\/start-pilote\/\" \/>\n<meta property=\"og:locale\" content=\"fr_FR\" \/>\n<meta property=\"og:type\" content=\"article\" \/>\n<meta property=\"og:title\" content=\"Start Pilote | Aide \u00e0 D\u00e9marrer Votre Voiture | Produits | Holts FR\" \/>\n<meta property=\"og:description\" content=\"Start Pilote aide \u00e0 d\u00e9marrer votre moteur par tous les temps, il vous suffit de vaporiser Bradex dans votre conduit d&#039;entr\u00e9e d&#039;air pour optimiser la combustibilit\u00e9 du m\u00e9lange carburant-air.\" \/>\n<meta property=\"og:url\" content=\"https:\/\/www.holtsauto.com\/fr\/produits\/reparation-maintenance\/start-pilote\/\" \/>\n<meta property=\"og:site_name\" content=\"Holts Auto Site\" \/>\n<meta property=\"article:modified_time\" content=\"2026-04-23T08:58:27+00:00\" \/>\n<meta property=\"og:image\" content=\"https:\/\/www.holtsauto.com\/wp-content\/uploads\/2016\/10\/start-pilote-holts-FR.png\" \/>\n\t<meta property=\"og:image:width\" content=\"2000\" \/>\n\t<meta property=\"og:image:height\" content=\"2000\" \/>\n\t<meta property=\"og:image:type\" content=\"image\/png\" \/>\n<meta name=\"twitter:card\" content=\"summary_large_image\" \/>\n<meta name=\"twitter:label1\" content=\"Dur\u00e9e de lecture estim\u00e9e\" \/>\n\t<meta name=\"twitter:data1\" content=\"2 minutes\" \/>\n<script type=\"application\/ld+json\" class=\"yoast-schema-graph\">{\"@context\":\"https:\\\/\\\/schema.org\",\"@graph\":[{\"@type\":\"WebPage\",\"@id\":\"https:\\\/\\\/www.holtsauto.com\\\/fr\\\/produits\\\/reparation-maintenance\\\/start-pilote\\\/\",\"url\":\"https:\\\/\\\/www.holtsauto.com\\\/fr\\\/produits\\\/reparation-maintenance\\\/start-pilote\\\/\",\"name\":\"Start Pilote | Aide \u00e0 D\u00e9marrer Votre Voiture | Produits | Holts FR\",\"isPartOf\":{\"@id\":\"https:\\\/\\\/www.holtsauto.com\\\/fr\\\/#website\"},\"primaryImageOfPage\":{\"@id\":\"https:\\\/\\\/www.holtsauto.com\\\/fr\\\/produits\\\/reparation-maintenance\\\/start-pilote\\\/#primaryimage\"},\"image\":{\"@id\":\"https:\\\/\\\/www.holtsauto.com\\\/fr\\\/produits\\\/reparation-maintenance\\\/start-pilote\\\/#primaryimage\"},\"thumbnailUrl\":\"https:\\\/\\\/www.holtsauto.com\\\/wp-content\\\/uploads\\\/2016\\\/10\\\/start-pilote-holts-FR.png\",\"datePublished\":\"2016-10-27T16:50:40+00:00\",\"dateModified\":\"2026-04-23T08:58:27+00:00\",\"description\":\"Start Pilote aide \u00e0 d\u00e9marrer votre moteur par tous les temps, il vous suffit de vaporiser Bradex dans votre conduit d'entr\u00e9e d'air pour optimiser la combustibilit\u00e9 du m\u00e9lange carburant-air.\",\"breadcrumb\":{\"@id\":\"https:\\\/\\\/www.holtsauto.com\\\/fr\\\/produits\\\/reparation-maintenance\\\/start-pilote\\\/#breadcrumb\"},\"inLanguage\":\"fr-FR\",\"potentialAction\":[{\"@type\":\"ReadAction\",\"target\":[\"https:\\\/\\\/www.holtsauto.com\\\/fr\\\/produits\\\/reparation-maintenance\\\/start-pilote\\\/\"]}]},{\"@type\":\"ImageObject\",\"inLanguage\":\"fr-FR\",\"@id\":\"https:\\\/\\\/www.holtsauto.com\\\/fr\\\/produits\\\/reparation-maintenance\\\/start-pilote\\\/#primaryimage\",\"url\":\"https:\\\/\\\/www.holtsauto.com\\\/wp-content\\\/uploads\\\/2016\\\/10\\\/start-pilote-holts-FR.png\",\"contentUrl\":\"https:\\\/\\\/www.holtsauto.com\\\/wp-content\\\/uploads\\\/2016\\\/10\\\/start-pilote-holts-FR.png\",\"width\":2000,\"height\":2000},{\"@type\":\"BreadcrumbList\",\"@id\":\"https:\\\/\\\/www.holtsauto.com\\\/fr\\\/produits\\\/reparation-maintenance\\\/start-pilote\\\/#breadcrumb\",\"itemListElement\":[{\"@type\":\"ListItem\",\"position\":1,\"name\":\"Home\",\"item\":\"https:\\\/\\\/www.holtsauto.com\\\/fr\\\/\"},{\"@type\":\"ListItem\",\"position\":2,\"name\":\"Produits\",\"item\":\"https:\\\/\\\/www.holtsauto.com\\\/fr\\\/produits\\\/\"},{\"@type\":\"ListItem\",\"position\":3,\"name\":\"Start Pilote\"}]},{\"@type\":\"WebSite\",\"@id\":\"https:\\\/\\\/www.holtsauto.com\\\/fr\\\/#website\",\"url\":\"https:\\\/\\\/www.holtsauto.com\\\/fr\\\/\",\"name\":\"Holts Auto\",\"description\":\"\",\"potentialAction\":[{\"@type\":\"SearchAction\",\"target\":{\"@type\":\"EntryPoint\",\"urlTemplate\":\"https:\\\/\\\/www.holtsauto.com\\\/fr\\\/?s={search_term_string}\"},\"query-input\":{\"@type\":\"PropertyValueSpecification\",\"valueRequired\":true,\"valueName\":\"search_term_string\"}}],\"inLanguage\":\"fr-FR\"}]}<\/script>\n<!-- \/ Yoast SEO plugin. -->","yoast_head_json":{"title":"Start Pilote | Aide \u00e0 D\u00e9marrer Votre Voiture | Produits | Holts FR","description":"Start Pilote aide \u00e0 d\u00e9marrer votre moteur par tous les temps, il vous suffit de vaporiser Bradex dans votre conduit d'entr\u00e9e d'air pour optimiser la combustibilit\u00e9 du m\u00e9lange carburant-air.","robots":{"index":"index","follow":"follow","max-snippet":"max-snippet:-1","max-image-preview":"max-image-preview:large","max-video-preview":"max-video-preview:-1"},"canonical":"https:\/\/www.holtsauto.com\/fr\/produits\/reparation-maintenance\/start-pilote\/","og_locale":"fr_FR","og_type":"article","og_title":"Start Pilote | Aide \u00e0 D\u00e9marrer Votre Voiture | Produits | Holts FR","og_description":"Start Pilote aide \u00e0 d\u00e9marrer votre moteur par tous les temps, il vous suffit de vaporiser Bradex dans votre conduit d'entr\u00e9e d'air pour optimiser la combustibilit\u00e9 du m\u00e9lange carburant-air.","og_url":"https:\/\/www.holtsauto.com\/fr\/produits\/reparation-maintenance\/start-pilote\/","og_site_name":"Holts Auto Site","article_modified_time":"2026-04-23T08:58:27+00:00","og_image":[{"width":2000,"height":2000,"url":"https:\/\/www.holtsauto.com\/wp-content\/uploads\/2016\/10\/start-pilote-holts-FR.png","type":"image\/png"}],"twitter_card":"summary_large_image","twitter_misc":{"Dur\u00e9e de lecture estim\u00e9e":"2 minutes"},"schema":{"@context":"https:\/\/schema.org","@graph":[{"@type":"WebPage","@id":"https:\/\/www.holtsauto.com\/fr\/produits\/reparation-maintenance\/start-pilote\/","url":"https:\/\/www.holtsauto.com\/fr\/produits\/reparation-maintenance\/start-pilote\/","name":"Start Pilote | Aide \u00e0 D\u00e9marrer Votre Voiture | Produits | Holts FR","isPartOf":{"@id":"https:\/\/www.holtsauto.com\/fr\/#website"},"primaryImageOfPage":{"@id":"https:\/\/www.holtsauto.com\/fr\/produits\/reparation-maintenance\/start-pilote\/#primaryimage"},"image":{"@id":"https:\/\/www.holtsauto.com\/fr\/produits\/reparation-maintenance\/start-pilote\/#primaryimage"},"thumbnailUrl":"https:\/\/www.holtsauto.com\/wp-content\/uploads\/2016\/10\/start-pilote-holts-FR.png","datePublished":"2016-10-27T16:50:40+00:00","dateModified":"2026-04-23T08:58:27+00:00","description":"Start Pilote aide \u00e0 d\u00e9marrer votre moteur par tous les temps, il vous suffit de vaporiser Bradex dans votre conduit d'entr\u00e9e d'air pour optimiser la combustibilit\u00e9 du m\u00e9lange carburant-air.","breadcrumb":{"@id":"https:\/\/www.holtsauto.com\/fr\/produits\/reparation-maintenance\/start-pilote\/#breadcrumb"},"inLanguage":"fr-FR","potentialAction":[{"@type":"ReadAction","target":["https:\/\/www.holtsauto.com\/fr\/produits\/reparation-maintenance\/start-pilote\/"]}]},{"@type":"ImageObject","inLanguage":"fr-FR","@id":"https:\/\/www.holtsauto.com\/fr\/produits\/reparation-maintenance\/start-pilote\/#primaryimage","url":"https:\/\/www.holtsauto.com\/wp-content\/uploads\/2016\/10\/start-pilote-holts-FR.png","contentUrl":"https:\/\/www.holtsauto.com\/wp-content\/uploads\/2016\/10\/start-pilote-holts-FR.png","width":2000,"height":2000},{"@type":"BreadcrumbList","@id":"https:\/\/www.holtsauto.com\/fr\/produits\/reparation-maintenance\/start-pilote\/#breadcrumb","itemListElement":[{"@type":"ListItem","position":1,"name":"Home","item":"https:\/\/www.holtsauto.com\/fr\/"},{"@type":"ListItem","position":2,"name":"Produits","item":"https:\/\/www.holtsauto.com\/fr\/produits\/"},{"@type":"ListItem","position":3,"name":"Start Pilote"}]},{"@type":"WebSite","@id":"https:\/\/www.holtsauto.com\/fr\/#website","url":"https:\/\/www.holtsauto.com\/fr\/","name":"Holts Auto","description":"","potentialAction":[{"@type":"SearchAction","target":{"@type":"EntryPoint","urlTemplate":"https:\/\/www.holtsauto.com\/fr\/?s={search_term_string}"},"query-input":{"@type":"PropertyValueSpecification","valueRequired":true,"valueName":"search_term_string"}}],"inLanguage":"fr-FR"}]}},"_links":{"self":[{"href":"https:\/\/www.holtsauto.com\/fr\/wp-json\/wp\/v2\/product\/9474","targetHints":{"allow":["GET"]}}],"collection":[{"href":"https:\/\/www.holtsauto.com\/fr\/wp-json\/wp\/v2\/product"}],"about":[{"href":"https:\/\/www.holtsauto.com\/fr\/wp-json\/wp\/v2\/types\/product"}],"replies":[{"embeddable":true,"href":"https:\/\/www.holtsauto.com\/fr\/wp-json\/wp\/v2\/comments?post=9474"}],"wp:featuredmedia":[{"embeddable":true,"href":"https:\/\/www.holtsauto.com\/fr\/wp-json\/wp\/v2\/media\/13587"}],"wp:attachment":[{"href":"https:\/\/www.holtsauto.com\/fr\/wp-json\/wp\/v2\/media?parent=9474"}],"wp:term":[{"taxonomy":"product_brand","embeddable":true,"href":"https:\/\/www.holtsauto.com\/fr\/wp-json\/wp\/v2\/product_brand?post=9474"},{"taxonomy":"product_cat","embeddable":true,"href":"https:\/\/www.holtsauto.com\/fr\/wp-json\/wp\/v2\/product_cat?post=9474"},{"taxonomy":"product_tag","embeddable":true,"href":"https:\/\/www.holtsauto.com\/fr\/wp-json\/wp\/v2\/product_tag?post=9474"}],"curies":[{"name":"wp","href":"https:\/\/api.w.org\/{rel}","templated":true}]}}