{"id":9475,"date":"2016-10-27T14:50:52","date_gmt":"2016-10-27T15:50:52","guid":{"rendered":"https:\/\/www.holtsauto.com\/fr\/?post_type=product&#038;p=78"},"modified":"2026-03-24T12:06:03","modified_gmt":"2026-03-24T12:06:03","slug":"repare-crevaison","status":"publish","type":"product","link":"https:\/\/www.holtsauto.com\/fr\/produits\/reparation-maintenance\/repare-crevaison\/","title":{"rendered":"R\u00e9pare Crevaison"},"content":{"rendered":"<p><span style=\"font-weight: 400;\">Le R\u00e9pare Crevaison Holts est un syst\u00e8me de r\u00e9paration provisoire d\u2019urgence rapide s\u00fbr et sans effort. En quelques secondes son m\u00e9lange de gaz et de latex recouvre l\u2019int\u00e9rieur du pneu crev\u00e9, le r\u00e9pare et le regonfle, le tout sans l&rsquo;endommager afin de le faire r\u00e9parer ensuite par un sp\u00e9cialiste.<\/span><\/p>\n<p><span style=\"font-weight: 400;\">Le R\u00e9pare Crevaison HOLTS est le seul produit \u00e9quip\u00e9 d&rsquo;un bouton permettant le transfert automatique du contenu de l\u2019a\u00e9rosol, pendant que vous et votre famille restez en s\u00e9curit\u00e9, \u00e0 l\u2019\u00e9cart de la route.<\/span><\/p>\n<p><span style=\"font-weight: 400;\">Il s\u2019agit d\u2019un a\u00e9rosol tr\u00e8s pratique qui remplace la roue de secours ou le kit de r\u00e9paration dans le coffre de votre voiture. Vous pouvez prendre la route en toute confiance sachant qu\u2019en cas de crevaison vous n\u2019aurez aucun souci \u00e0 vous faire. L\u2019a\u00e9rosol contient une mousse \u00e0 base d\u2019eau qui agit comme une anti-crevaison. D\u2019abord il regonfle le pneu\u00a0 puis lorsque vous reprenez la route, la mousse se r\u00e9partit pour combler le trou. Vous pouvez rejoindre ensuite le garage le plus proche pour effectuer la r\u00e9paration. Plus petit et plus l\u00e9ger qu\u2019une roue de secours, il vous permet d\u2019\u00e9conomiser de la place dans le coffre ainsi que du carburant.<\/span><\/p>\n<p><span style=\"font-weight: 400;\">Le R\u00e9pare Crevaison Holts est facile \u00e0 manipuler gr\u00e2ce \u00e0 notre syst\u00e8me exclusif 1\/4 de tour. Il suffit de visser l\u2019embout directement sur la valve du pneu et d\u2019attendre que ce dernier se regonfle. Le R\u00e9pare Crevaison Holts agit en quelques minutes, et vous permet de reprendre la route en toute s\u00e9curit\u00e9.<\/span><\/p>\n<p><span style=\"font-weight: 400;\">Le R\u00e9pare Crevaison Holts s\u2019adapte \u00e0 tous les v\u00e9hicules. Disponible en 5 tailles : 150ml pour les cycles et scooters \u2013 300ml, 400ml, 500ml and 600ml pour les citadines et autres v\u00e9hicules plus grands. Vous pouvez choisir la taille qui correspond \u00e0 vos pneus.<\/span><\/p>\n","protected":false},"excerpt":{"rendered":"<p><span style=\"font-weight: 400;\">Le R\u00e9pare Crevaison Holts est un syst\u00e8me de r\u00e9paration provisoire d\u2019urgence rapide s\u00fbr et sans effort.<\/span><\/p>\n<ul>\n<li><span style=\"font-weight: 400;\">R\u00e9pare et regonfle sans outil sans d\u00e9montage<\/span><\/li>\n<li><span style=\"font-weight: 400;\"> M\u00e9lange gaz\/latex r\u00e9pare et regonfle le pneu crev\u00e9 en 2 min. chrono !<\/span><\/li>\n<li><span style=\"font-weight: 400;\"> Syst\u00e8me exclusif 1\/4 de tour pour un transfert automatique du produit<\/span><\/li>\n<li><span style=\"font-weight: 400;\"> Formule non toxique, n\u2019endommage pas les pneus<\/span><\/li>\n<li><span style=\"font-weight: 400;\"> Le pneu peut \u00eatre nettoy\u00e9 facilement apr\u00e8s utilisation du produit<\/span><\/li>\n<li><span style=\"font-weight: 400;\"> Compatible avec les pneus \u00e9quip\u00e9s de capteurs de pression<\/span><\/li>\n<\/ul>\n","protected":false},"featured_media":13071,"comment_status":"closed","ping_status":"closed","template":"","meta":{"_acf_changed":false,"inline_featured_image":false},"product_brand":[],"product_cat":[397],"product_tag":[],"class_list":{"0":"post-9475","1":"product","2":"type-product","3":"status-publish","4":"has-post-thumbnail","6":"product_cat-repare-crevaison","8":"first","9":"instock","10":"shipping-taxable","11":"purchasable","12":"product-type-variable"},"acf":[],"yoast_head":"<!-- This site is optimized with the Yoast SEO plugin v27.5 - https:\/\/yoast.com\/product\/yoast-seo-wordpress\/ -->\n<title>R\u00e9pare Crevaison Holts | Kit de r\u00e9paration d&#039;urgence de pneus<\/title>\n<meta name=\"description\" content=\"Holts Repare Crevaison est l&#039;alternative facile et rapide pour remplacer vos pneus au bord de la route. Kit de r\u00e9paration d&#039;urgence de pneus.\" \/>\n<meta name=\"robots\" content=\"index, follow, max-snippet:-1, max-image-preview:large, max-video-preview:-1\" \/>\n<link rel=\"canonical\" href=\"https:\/\/www.holtsauto.com\/fr\/produits\/reparation-maintenance\/repare-crevaison\/\" \/>\n<meta property=\"og:locale\" content=\"fr_FR\" \/>\n<meta property=\"og:type\" content=\"article\" \/>\n<meta property=\"og:title\" content=\"R\u00e9pare Crevaison Holts | Kit de r\u00e9paration d&#039;urgence de pneus\" \/>\n<meta property=\"og:description\" content=\"Holts Repare Crevaison est l&#039;alternative facile et rapide pour remplacer vos pneus au bord de la route. Kit de r\u00e9paration d&#039;urgence de pneus.\" \/>\n<meta property=\"og:url\" content=\"https:\/\/www.holtsauto.com\/fr\/produits\/reparation-maintenance\/repare-crevaison\/\" \/>\n<meta property=\"og:site_name\" content=\"Holts Auto Site\" \/>\n<meta property=\"article:modified_time\" content=\"2026-03-24T12:06:03+00:00\" \/>\n<meta property=\"og:image\" content=\"https:\/\/www.holtsauto.com\/wp-content\/uploads\/2025\/01\/holts-repare-crevaison-300-FR.png\" \/>\n\t<meta property=\"og:image:width\" content=\"2000\" \/>\n\t<meta property=\"og:image:height\" content=\"2000\" \/>\n\t<meta property=\"og:image:type\" content=\"image\/png\" \/>\n<meta name=\"twitter:card\" content=\"summary_large_image\" \/>\n<meta name=\"twitter:label1\" content=\"Dur\u00e9e de lecture estim\u00e9e\" \/>\n\t<meta name=\"twitter:data1\" content=\"2 minutes\" \/>\n<script type=\"application\/ld+json\" class=\"yoast-schema-graph\">{\"@context\":\"https:\\\/\\\/schema.org\",\"@graph\":[{\"@type\":\"WebPage\",\"@id\":\"https:\\\/\\\/www.holtsauto.com\\\/fr\\\/produits\\\/reparation-maintenance\\\/repare-crevaison\\\/\",\"url\":\"https:\\\/\\\/www.holtsauto.com\\\/fr\\\/produits\\\/reparation-maintenance\\\/repare-crevaison\\\/\",\"name\":\"R\u00e9pare Crevaison Holts | Kit de r\u00e9paration d'urgence de pneus\",\"isPartOf\":{\"@id\":\"https:\\\/\\\/www.holtsauto.com\\\/fr\\\/#website\"},\"primaryImageOfPage\":{\"@id\":\"https:\\\/\\\/www.holtsauto.com\\\/fr\\\/produits\\\/reparation-maintenance\\\/repare-crevaison\\\/#primaryimage\"},\"image\":{\"@id\":\"https:\\\/\\\/www.holtsauto.com\\\/fr\\\/produits\\\/reparation-maintenance\\\/repare-crevaison\\\/#primaryimage\"},\"thumbnailUrl\":\"https:\\\/\\\/www.holtsauto.com\\\/wp-content\\\/uploads\\\/2025\\\/01\\\/holts-repare-crevaison-300-FR.png\",\"datePublished\":\"2016-10-27T15:50:52+00:00\",\"dateModified\":\"2026-03-24T12:06:03+00:00\",\"description\":\"Holts Repare Crevaison est l'alternative facile et rapide pour remplacer vos pneus au bord de la route. Kit de r\u00e9paration d'urgence de pneus.\",\"breadcrumb\":{\"@id\":\"https:\\\/\\\/www.holtsauto.com\\\/fr\\\/produits\\\/reparation-maintenance\\\/repare-crevaison\\\/#breadcrumb\"},\"inLanguage\":\"fr-FR\",\"potentialAction\":[{\"@type\":\"ReadAction\",\"target\":[\"https:\\\/\\\/www.holtsauto.com\\\/fr\\\/produits\\\/reparation-maintenance\\\/repare-crevaison\\\/\"]}]},{\"@type\":\"ImageObject\",\"inLanguage\":\"fr-FR\",\"@id\":\"https:\\\/\\\/www.holtsauto.com\\\/fr\\\/produits\\\/reparation-maintenance\\\/repare-crevaison\\\/#primaryimage\",\"url\":\"https:\\\/\\\/www.holtsauto.com\\\/wp-content\\\/uploads\\\/2025\\\/01\\\/holts-repare-crevaison-300-FR.png\",\"contentUrl\":\"https:\\\/\\\/www.holtsauto.com\\\/wp-content\\\/uploads\\\/2025\\\/01\\\/holts-repare-crevaison-300-FR.png\",\"width\":2000,\"height\":2000},{\"@type\":\"BreadcrumbList\",\"@id\":\"https:\\\/\\\/www.holtsauto.com\\\/fr\\\/produits\\\/reparation-maintenance\\\/repare-crevaison\\\/#breadcrumb\",\"itemListElement\":[{\"@type\":\"ListItem\",\"position\":1,\"name\":\"Home\",\"item\":\"https:\\\/\\\/www.holtsauto.com\\\/fr\\\/\"},{\"@type\":\"ListItem\",\"position\":2,\"name\":\"Produits\",\"item\":\"https:\\\/\\\/www.holtsauto.com\\\/fr\\\/produits\\\/\"},{\"@type\":\"ListItem\",\"position\":3,\"name\":\"R\u00e9pare Crevaison\"}]},{\"@type\":\"WebSite\",\"@id\":\"https:\\\/\\\/www.holtsauto.com\\\/fr\\\/#website\",\"url\":\"https:\\\/\\\/www.holtsauto.com\\\/fr\\\/\",\"name\":\"Holts Auto\",\"description\":\"\",\"potentialAction\":[{\"@type\":\"SearchAction\",\"target\":{\"@type\":\"EntryPoint\",\"urlTemplate\":\"https:\\\/\\\/www.holtsauto.com\\\/fr\\\/?s={search_term_string}\"},\"query-input\":{\"@type\":\"PropertyValueSpecification\",\"valueRequired\":true,\"valueName\":\"search_term_string\"}}],\"inLanguage\":\"fr-FR\"}]}<\/script>\n<!-- \/ Yoast SEO plugin. -->","yoast_head_json":{"title":"R\u00e9pare Crevaison Holts | Kit de r\u00e9paration d'urgence de pneus","description":"Holts Repare Crevaison est l'alternative facile et rapide pour remplacer vos pneus au bord de la route. Kit de r\u00e9paration d'urgence de pneus.","robots":{"index":"index","follow":"follow","max-snippet":"max-snippet:-1","max-image-preview":"max-image-preview:large","max-video-preview":"max-video-preview:-1"},"canonical":"https:\/\/www.holtsauto.com\/fr\/produits\/reparation-maintenance\/repare-crevaison\/","og_locale":"fr_FR","og_type":"article","og_title":"R\u00e9pare Crevaison Holts | Kit de r\u00e9paration d'urgence de pneus","og_description":"Holts Repare Crevaison est l'alternative facile et rapide pour remplacer vos pneus au bord de la route. Kit de r\u00e9paration d'urgence de pneus.","og_url":"https:\/\/www.holtsauto.com\/fr\/produits\/reparation-maintenance\/repare-crevaison\/","og_site_name":"Holts Auto Site","article_modified_time":"2026-03-24T12:06:03+00:00","og_image":[{"width":2000,"height":2000,"url":"https:\/\/www.holtsauto.com\/wp-content\/uploads\/2025\/01\/holts-repare-crevaison-300-FR.png","type":"image\/png"}],"twitter_card":"summary_large_image","twitter_misc":{"Dur\u00e9e de lecture estim\u00e9e":"2 minutes"},"schema":{"@context":"https:\/\/schema.org","@graph":[{"@type":"WebPage","@id":"https:\/\/www.holtsauto.com\/fr\/produits\/reparation-maintenance\/repare-crevaison\/","url":"https:\/\/www.holtsauto.com\/fr\/produits\/reparation-maintenance\/repare-crevaison\/","name":"R\u00e9pare Crevaison Holts | Kit de r\u00e9paration d'urgence de pneus","isPartOf":{"@id":"https:\/\/www.holtsauto.com\/fr\/#website"},"primaryImageOfPage":{"@id":"https:\/\/www.holtsauto.com\/fr\/produits\/reparation-maintenance\/repare-crevaison\/#primaryimage"},"image":{"@id":"https:\/\/www.holtsauto.com\/fr\/produits\/reparation-maintenance\/repare-crevaison\/#primaryimage"},"thumbnailUrl":"https:\/\/www.holtsauto.com\/wp-content\/uploads\/2025\/01\/holts-repare-crevaison-300-FR.png","datePublished":"2016-10-27T15:50:52+00:00","dateModified":"2026-03-24T12:06:03+00:00","description":"Holts Repare Crevaison est l'alternative facile et rapide pour remplacer vos pneus au bord de la route. Kit de r\u00e9paration d'urgence de pneus.","breadcrumb":{"@id":"https:\/\/www.holtsauto.com\/fr\/produits\/reparation-maintenance\/repare-crevaison\/#breadcrumb"},"inLanguage":"fr-FR","potentialAction":[{"@type":"ReadAction","target":["https:\/\/www.holtsauto.com\/fr\/produits\/reparation-maintenance\/repare-crevaison\/"]}]},{"@type":"ImageObject","inLanguage":"fr-FR","@id":"https:\/\/www.holtsauto.com\/fr\/produits\/reparation-maintenance\/repare-crevaison\/#primaryimage","url":"https:\/\/www.holtsauto.com\/wp-content\/uploads\/2025\/01\/holts-repare-crevaison-300-FR.png","contentUrl":"https:\/\/www.holtsauto.com\/wp-content\/uploads\/2025\/01\/holts-repare-crevaison-300-FR.png","width":2000,"height":2000},{"@type":"BreadcrumbList","@id":"https:\/\/www.holtsauto.com\/fr\/produits\/reparation-maintenance\/repare-crevaison\/#breadcrumb","itemListElement":[{"@type":"ListItem","position":1,"name":"Home","item":"https:\/\/www.holtsauto.com\/fr\/"},{"@type":"ListItem","position":2,"name":"Produits","item":"https:\/\/www.holtsauto.com\/fr\/produits\/"},{"@type":"ListItem","position":3,"name":"R\u00e9pare Crevaison"}]},{"@type":"WebSite","@id":"https:\/\/www.holtsauto.com\/fr\/#website","url":"https:\/\/www.holtsauto.com\/fr\/","name":"Holts Auto","description":"","potentialAction":[{"@type":"SearchAction","target":{"@type":"EntryPoint","urlTemplate":"https:\/\/www.holtsauto.com\/fr\/?s={search_term_string}"},"query-input":{"@type":"PropertyValueSpecification","valueRequired":true,"valueName":"search_term_string"}}],"inLanguage":"fr-FR"}]}},"_links":{"self":[{"href":"https:\/\/www.holtsauto.com\/fr\/wp-json\/wp\/v2\/product\/9475","targetHints":{"allow":["GET"]}}],"collection":[{"href":"https:\/\/www.holtsauto.com\/fr\/wp-json\/wp\/v2\/product"}],"about":[{"href":"https:\/\/www.holtsauto.com\/fr\/wp-json\/wp\/v2\/types\/product"}],"replies":[{"embeddable":true,"href":"https:\/\/www.holtsauto.com\/fr\/wp-json\/wp\/v2\/comments?post=9475"}],"wp:featuredmedia":[{"embeddable":true,"href":"https:\/\/www.holtsauto.com\/fr\/wp-json\/wp\/v2\/media\/13071"}],"wp:attachment":[{"href":"https:\/\/www.holtsauto.com\/fr\/wp-json\/wp\/v2\/media?parent=9475"}],"wp:term":[{"taxonomy":"product_brand","embeddable":true,"href":"https:\/\/www.holtsauto.com\/fr\/wp-json\/wp\/v2\/product_brand?post=9475"},{"taxonomy":"product_cat","embeddable":true,"href":"https:\/\/www.holtsauto.com\/fr\/wp-json\/wp\/v2\/product_cat?post=9475"},{"taxonomy":"product_tag","embeddable":true,"href":"https:\/\/www.holtsauto.com\/fr\/wp-json\/wp\/v2\/product_tag?post=9475"}],"curies":[{"name":"wp","href":"https:\/\/api.w.org\/{rel}","templated":true}]}}