{"id":9476,"date":"2015-10-26T15:17:50","date_gmt":"2015-10-26T15:17:50","guid":{"rendered":"https:\/\/www.holtsauto.com\/fr\/?post_type=product&#038;p=146"},"modified":"2026-03-20T08:40:01","modified_gmt":"2026-03-20T08:40:01","slug":"gun-gum-echappement","status":"publish","type":"product","link":"https:\/\/www.holtsauto.com\/fr\/produits\/reparation-maintenance\/gun-gum-echappement\/","title":{"rendered":"Mastic Echappement Gun Gum"},"content":{"rendered":"<p>Gun Gum cr\u00e9e un joint \u00e9tanche au gaz pour une r\u00e9paration permanente. Et vous avez la garantie que votre syst\u00e8me d\u2019\u00e9chappement fonctionne de mani\u00e8re efficace.<\/p>\n<p>Des gaz qui s\u2019\u00e9chappent au mauvais endroit dans le pot d\u2019\u00e9chappement peuvent augmenter les \u00e9missions polluantes de votre v\u00e9hicule, et peuvent \u00e9galement endommager d\u2019autres parties de votre v\u00e9hicule.<\/p>\n<p>Remplacer le syst\u00e8me d\u2019\u00e9chappement ab\u00eem\u00e9 ou les autres parties de votre voiture ainsi affect\u00e9es, peut vous co\u00fbter cher.<\/p>\n<p>Heureusement, vous pouvez r\u00e9parer facilement votre pot d\u2019\u00e9chappement vous-m\u00eame de mani\u00e8re rapide et peu co\u00fbteuse, gr\u00e2ce au Mastic Echappement Gun Gum. Le Mastic Echappement\u00a0 Gun Gum est un mastic d\u2019\u00e9chappement qui a \u00e9t\u00e9 adopt\u00e9 par des automobilistes depuis plusieurs d\u00e9cennies. Il a \u00e9t\u00e9 con\u00e7u pour faciliter la r\u00e9paration de votre pot d\u2019\u00e9chappement chez vous. Il suffit d\u2019appliquer le mastic sur la zone \u00e0 traiter et de le laisser s\u00e9cher.<\/p>\n<p>Appliquez la p\u00e2te \u00e0 l\u2019aide d\u2019une spatule ou avec le doigt (gant\u00e9), afin de traiter les zones difficiles \u00e0 atteindre. Le mastic s\u00e8che rapidement &#8211; sous 24 heures. Mais vous pouvez aussi acc\u00e9l\u00e9rer le s\u00e9chage en mettant le moteur en marche, afin de reprendre la route encore plus rapidement.<\/p>\n<p>La gamme Gun Gum comprend plusieurs sortes de bandages pour r\u00e9parer tuyaux coud\u00e9s, raccordements et autres zones qui sont difficiles \u00e0 atteindre.<\/p>\n","protected":false},"excerpt":{"rendered":"<p>Un trou dans votre syst\u00e8me d\u2019\u00e9chappement\u00a0 peut vous sembler sans importance au d\u00e9part.<\/p>\n<p>Mais sans intervention rapide, ce genre de probl\u00e8me a tendance \u00e0 s\u2019aggraver et pourrait devenir un v\u00e9ritable cauchemar.<\/p>\n<ul>\n<li>Mastic d\u2019\u00e9chappement rapide et facile \u00e0 utiliser<\/li>\n<li>Adapt\u00e9 aux zones difficiles \u00e0 atteindre<\/li>\n<li>Forme un joint \u00e9tanche au gaz<\/li>\n<li>R\u00e9paration permanente garantie<\/li>\n<li>Une large gamme de produits pour r\u00e9pondre \u00e0 tous vos besoins<\/li>\n<\/ul>\n","protected":false},"featured_media":13857,"comment_status":"closed","ping_status":"closed","template":"","meta":{"_acf_changed":false,"inline_featured_image":false},"product_brand":[],"product_cat":[310],"product_tag":[],"class_list":{"0":"post-9476","1":"product","2":"type-product","3":"status-publish","4":"has-post-thumbnail","6":"product_cat-reparation-maintenance","8":"first","9":"instock","10":"shipping-taxable","11":"purchasable","12":"product-type-simple"},"acf":[],"yoast_head":"<!-- This site is optimized with the Yoast SEO plugin v27.3 - https:\/\/yoast.com\/product\/yoast-seo-wordpress\/ -->\n<title>Mastic Echappement Gun Gum | R\u00e9paration d&#039;\u00e9chappement | Holts<\/title>\n<meta name=\"description\" content=\"Gun Gum cr\u00e9e un joint \u00e9tanche au gaz pour une r\u00e9paration permanente. Et vous avez la garantie que votre syst\u00e8me d\u2019\u00e9chappement fonctionne de mani\u00e8re efficace.\" \/>\n<meta name=\"robots\" content=\"index, follow, max-snippet:-1, max-image-preview:large, max-video-preview:-1\" \/>\n<link rel=\"canonical\" href=\"https:\/\/www.holtsauto.com\/fr\/produits\/reparation-maintenance\/gun-gum-echappement\/\" \/>\n<meta property=\"og:locale\" content=\"fr_FR\" \/>\n<meta property=\"og:type\" content=\"article\" \/>\n<meta property=\"og:title\" content=\"Mastic Echappement Gun Gum | R\u00e9paration d&#039;\u00e9chappement | Holts\" \/>\n<meta property=\"og:description\" content=\"Gun Gum cr\u00e9e un joint \u00e9tanche au gaz pour une r\u00e9paration permanente. Et vous avez la garantie que votre syst\u00e8me d\u2019\u00e9chappement fonctionne de mani\u00e8re efficace.\" \/>\n<meta property=\"og:url\" content=\"https:\/\/www.holtsauto.com\/fr\/produits\/reparation-maintenance\/gun-gum-echappement\/\" \/>\n<meta property=\"og:site_name\" content=\"Holts Auto Site\" \/>\n<meta property=\"article:modified_time\" content=\"2026-03-20T08:40:01+00:00\" \/>\n<meta property=\"og:image\" content=\"https:\/\/www.holtsauto.com\/wp-content\/uploads\/2015\/10\/HREP0034A_AX953_AX954_Gun-Gum-Paste-200g_FRDENL.jpg\" \/>\n\t<meta property=\"og:image:width\" content=\"2500\" \/>\n\t<meta property=\"og:image:height\" content=\"2500\" \/>\n\t<meta property=\"og:image:type\" content=\"image\/jpeg\" \/>\n<meta name=\"twitter:card\" content=\"summary_large_image\" \/>\n<meta name=\"twitter:label1\" content=\"Dur\u00e9e de lecture estim\u00e9e\" \/>\n\t<meta name=\"twitter:data1\" content=\"2 minutes\" \/>\n<script type=\"application\/ld+json\" class=\"yoast-schema-graph\">{\"@context\":\"https:\\\/\\\/schema.org\",\"@graph\":[{\"@type\":\"WebPage\",\"@id\":\"https:\\\/\\\/www.holtsauto.com\\\/fr\\\/produits\\\/reparation-maintenance\\\/gun-gum-echappement\\\/\",\"url\":\"https:\\\/\\\/www.holtsauto.com\\\/fr\\\/produits\\\/reparation-maintenance\\\/gun-gum-echappement\\\/\",\"name\":\"Mastic Echappement Gun Gum | R\u00e9paration d'\u00e9chappement | Holts\",\"isPartOf\":{\"@id\":\"https:\\\/\\\/www.holtsauto.com\\\/fr\\\/#website\"},\"primaryImageOfPage\":{\"@id\":\"https:\\\/\\\/www.holtsauto.com\\\/fr\\\/produits\\\/reparation-maintenance\\\/gun-gum-echappement\\\/#primaryimage\"},\"image\":{\"@id\":\"https:\\\/\\\/www.holtsauto.com\\\/fr\\\/produits\\\/reparation-maintenance\\\/gun-gum-echappement\\\/#primaryimage\"},\"thumbnailUrl\":\"https:\\\/\\\/www.holtsauto.com\\\/wp-content\\\/uploads\\\/2015\\\/10\\\/HREP0034A_AX953_AX954_Gun-Gum-Paste-200g_FRDENL.jpg\",\"datePublished\":\"2015-10-26T15:17:50+00:00\",\"dateModified\":\"2026-03-20T08:40:01+00:00\",\"description\":\"Gun Gum cr\u00e9e un joint \u00e9tanche au gaz pour une r\u00e9paration permanente. Et vous avez la garantie que votre syst\u00e8me d\u2019\u00e9chappement fonctionne de mani\u00e8re efficace.\",\"breadcrumb\":{\"@id\":\"https:\\\/\\\/www.holtsauto.com\\\/fr\\\/produits\\\/reparation-maintenance\\\/gun-gum-echappement\\\/#breadcrumb\"},\"inLanguage\":\"fr-FR\",\"potentialAction\":[{\"@type\":\"ReadAction\",\"target\":[\"https:\\\/\\\/www.holtsauto.com\\\/fr\\\/produits\\\/reparation-maintenance\\\/gun-gum-echappement\\\/\"]}]},{\"@type\":\"ImageObject\",\"inLanguage\":\"fr-FR\",\"@id\":\"https:\\\/\\\/www.holtsauto.com\\\/fr\\\/produits\\\/reparation-maintenance\\\/gun-gum-echappement\\\/#primaryimage\",\"url\":\"https:\\\/\\\/www.holtsauto.com\\\/wp-content\\\/uploads\\\/2015\\\/10\\\/HREP0034A_AX953_AX954_Gun-Gum-Paste-200g_FRDENL.jpg\",\"contentUrl\":\"https:\\\/\\\/www.holtsauto.com\\\/wp-content\\\/uploads\\\/2015\\\/10\\\/HREP0034A_AX953_AX954_Gun-Gum-Paste-200g_FRDENL.jpg\",\"width\":2500,\"height\":2500},{\"@type\":\"BreadcrumbList\",\"@id\":\"https:\\\/\\\/www.holtsauto.com\\\/fr\\\/produits\\\/reparation-maintenance\\\/gun-gum-echappement\\\/#breadcrumb\",\"itemListElement\":[{\"@type\":\"ListItem\",\"position\":1,\"name\":\"Home\",\"item\":\"https:\\\/\\\/www.holtsauto.com\\\/fr\\\/\"},{\"@type\":\"ListItem\",\"position\":2,\"name\":\"Produits\",\"item\":\"https:\\\/\\\/www.holtsauto.com\\\/fr\\\/produits\\\/\"},{\"@type\":\"ListItem\",\"position\":3,\"name\":\"Mastic Echappement Gun Gum\"}]},{\"@type\":\"WebSite\",\"@id\":\"https:\\\/\\\/www.holtsauto.com\\\/fr\\\/#website\",\"url\":\"https:\\\/\\\/www.holtsauto.com\\\/fr\\\/\",\"name\":\"Holts Auto\",\"description\":\"\",\"potentialAction\":[{\"@type\":\"SearchAction\",\"target\":{\"@type\":\"EntryPoint\",\"urlTemplate\":\"https:\\\/\\\/www.holtsauto.com\\\/fr\\\/?s={search_term_string}\"},\"query-input\":{\"@type\":\"PropertyValueSpecification\",\"valueRequired\":true,\"valueName\":\"search_term_string\"}}],\"inLanguage\":\"fr-FR\"}]}<\/script>\n<!-- \/ Yoast SEO plugin. -->","yoast_head_json":{"title":"Mastic Echappement Gun Gum | R\u00e9paration d'\u00e9chappement | Holts","description":"Gun Gum cr\u00e9e un joint \u00e9tanche au gaz pour une r\u00e9paration permanente. Et vous avez la garantie que votre syst\u00e8me d\u2019\u00e9chappement fonctionne de mani\u00e8re efficace.","robots":{"index":"index","follow":"follow","max-snippet":"max-snippet:-1","max-image-preview":"max-image-preview:large","max-video-preview":"max-video-preview:-1"},"canonical":"https:\/\/www.holtsauto.com\/fr\/produits\/reparation-maintenance\/gun-gum-echappement\/","og_locale":"fr_FR","og_type":"article","og_title":"Mastic Echappement Gun Gum | R\u00e9paration d'\u00e9chappement | Holts","og_description":"Gun Gum cr\u00e9e un joint \u00e9tanche au gaz pour une r\u00e9paration permanente. Et vous avez la garantie que votre syst\u00e8me d\u2019\u00e9chappement fonctionne de mani\u00e8re efficace.","og_url":"https:\/\/www.holtsauto.com\/fr\/produits\/reparation-maintenance\/gun-gum-echappement\/","og_site_name":"Holts Auto Site","article_modified_time":"2026-03-20T08:40:01+00:00","og_image":[{"width":2500,"height":2500,"url":"https:\/\/www.holtsauto.com\/wp-content\/uploads\/2015\/10\/HREP0034A_AX953_AX954_Gun-Gum-Paste-200g_FRDENL.jpg","type":"image\/jpeg"}],"twitter_card":"summary_large_image","twitter_misc":{"Dur\u00e9e de lecture estim\u00e9e":"2 minutes"},"schema":{"@context":"https:\/\/schema.org","@graph":[{"@type":"WebPage","@id":"https:\/\/www.holtsauto.com\/fr\/produits\/reparation-maintenance\/gun-gum-echappement\/","url":"https:\/\/www.holtsauto.com\/fr\/produits\/reparation-maintenance\/gun-gum-echappement\/","name":"Mastic Echappement Gun Gum | R\u00e9paration d'\u00e9chappement | Holts","isPartOf":{"@id":"https:\/\/www.holtsauto.com\/fr\/#website"},"primaryImageOfPage":{"@id":"https:\/\/www.holtsauto.com\/fr\/produits\/reparation-maintenance\/gun-gum-echappement\/#primaryimage"},"image":{"@id":"https:\/\/www.holtsauto.com\/fr\/produits\/reparation-maintenance\/gun-gum-echappement\/#primaryimage"},"thumbnailUrl":"https:\/\/www.holtsauto.com\/wp-content\/uploads\/2015\/10\/HREP0034A_AX953_AX954_Gun-Gum-Paste-200g_FRDENL.jpg","datePublished":"2015-10-26T15:17:50+00:00","dateModified":"2026-03-20T08:40:01+00:00","description":"Gun Gum cr\u00e9e un joint \u00e9tanche au gaz pour une r\u00e9paration permanente. Et vous avez la garantie que votre syst\u00e8me d\u2019\u00e9chappement fonctionne de mani\u00e8re efficace.","breadcrumb":{"@id":"https:\/\/www.holtsauto.com\/fr\/produits\/reparation-maintenance\/gun-gum-echappement\/#breadcrumb"},"inLanguage":"fr-FR","potentialAction":[{"@type":"ReadAction","target":["https:\/\/www.holtsauto.com\/fr\/produits\/reparation-maintenance\/gun-gum-echappement\/"]}]},{"@type":"ImageObject","inLanguage":"fr-FR","@id":"https:\/\/www.holtsauto.com\/fr\/produits\/reparation-maintenance\/gun-gum-echappement\/#primaryimage","url":"https:\/\/www.holtsauto.com\/wp-content\/uploads\/2015\/10\/HREP0034A_AX953_AX954_Gun-Gum-Paste-200g_FRDENL.jpg","contentUrl":"https:\/\/www.holtsauto.com\/wp-content\/uploads\/2015\/10\/HREP0034A_AX953_AX954_Gun-Gum-Paste-200g_FRDENL.jpg","width":2500,"height":2500},{"@type":"BreadcrumbList","@id":"https:\/\/www.holtsauto.com\/fr\/produits\/reparation-maintenance\/gun-gum-echappement\/#breadcrumb","itemListElement":[{"@type":"ListItem","position":1,"name":"Home","item":"https:\/\/www.holtsauto.com\/fr\/"},{"@type":"ListItem","position":2,"name":"Produits","item":"https:\/\/www.holtsauto.com\/fr\/produits\/"},{"@type":"ListItem","position":3,"name":"Mastic Echappement Gun Gum"}]},{"@type":"WebSite","@id":"https:\/\/www.holtsauto.com\/fr\/#website","url":"https:\/\/www.holtsauto.com\/fr\/","name":"Holts Auto","description":"","potentialAction":[{"@type":"SearchAction","target":{"@type":"EntryPoint","urlTemplate":"https:\/\/www.holtsauto.com\/fr\/?s={search_term_string}"},"query-input":{"@type":"PropertyValueSpecification","valueRequired":true,"valueName":"search_term_string"}}],"inLanguage":"fr-FR"}]}},"_links":{"self":[{"href":"https:\/\/www.holtsauto.com\/fr\/wp-json\/wp\/v2\/product\/9476","targetHints":{"allow":["GET"]}}],"collection":[{"href":"https:\/\/www.holtsauto.com\/fr\/wp-json\/wp\/v2\/product"}],"about":[{"href":"https:\/\/www.holtsauto.com\/fr\/wp-json\/wp\/v2\/types\/product"}],"replies":[{"embeddable":true,"href":"https:\/\/www.holtsauto.com\/fr\/wp-json\/wp\/v2\/comments?post=9476"}],"wp:featuredmedia":[{"embeddable":true,"href":"https:\/\/www.holtsauto.com\/fr\/wp-json\/wp\/v2\/media\/13857"}],"wp:attachment":[{"href":"https:\/\/www.holtsauto.com\/fr\/wp-json\/wp\/v2\/media?parent=9476"}],"wp:term":[{"taxonomy":"product_brand","embeddable":true,"href":"https:\/\/www.holtsauto.com\/fr\/wp-json\/wp\/v2\/product_brand?post=9476"},{"taxonomy":"product_cat","embeddable":true,"href":"https:\/\/www.holtsauto.com\/fr\/wp-json\/wp\/v2\/product_cat?post=9476"},{"taxonomy":"product_tag","embeddable":true,"href":"https:\/\/www.holtsauto.com\/fr\/wp-json\/wp\/v2\/product_tag?post=9476"}],"curies":[{"name":"wp","href":"https:\/\/api.w.org\/{rel}","templated":true}]}}